{"id":103136,"date":"2019-10-15T09:49:56","date_gmt":"2019-10-15T07:49:56","guid":{"rendered":"https:\/\/tourtravelandmore.com\/tours\/non%20class\u00e9\/transfert-prive-a-copenhague\/"},"modified":"2024-02-28T18:06:56","modified_gmt":"2024-02-28T17:06:56","slug":"transferts-prives-a-copenhague-de-a-nimporte-quel-endroit","status":"publish","type":"product","link":"https:\/\/tourtravelandmore.com\/fr\/tours\/danemark-fr\/copenhague-fr\/all-private-tours-activities-fr-9\/transferts-prives-a-copenhague-de-a-nimporte-quel-endroit\/","title":{"rendered":"Transferts priv\u00e9s \u00e0 Copenhague &#8211; de\/\u00e0 n&#8217;importe quel endroit"},"content":{"rendered":"<h2>Transferts priv\u00e9s \u00e0 Copenhague Description<\/h2>\n<p>Profitez d&#8217;une exp\u00e9rience relaxante dans l&#8217;un de nos <strong>v\u00e9hicules priv\u00e9s de luxe avec nos transferts priv\u00e9s \u00e0 Copenhague.<\/strong> Nous vous offrons le moyen le plus rapide et le plus simple d&#8217;atteindre votre destination finale.<\/p>\n<p>Nous offrons tous les <strong>types<\/strong> <strong>de transferts<\/strong> tels que les <strong>transferts d&#8217;a\u00e9roport,<\/strong> les transferts de gare ou les <strong>transferts<\/strong> <strong>vers<\/strong> tout autre endroit \u00e0 proximit\u00e9.<\/p>\n<p>Une fois arriv\u00e9 \u00e0 votre arr\u00eat, notre personnel vous attendra avec un panneau au terminal des arriv\u00e9es. Lors de votre arriv\u00e9e \u00e0 votre destination finale, vous pourrez \u00e9galement profiter d&#8217;une vue panoramique de la ville.<\/p>\n<p>Vous b\u00e9n\u00e9ficiez \u00e9galement de transferts priv\u00e9s \u00e0 <a href=\"https:\/\/es.wikipedia.org\/wiki\/Copenhague\"><strong>Copenhague<\/strong> <\/a>depuis votre h\u00f4tel ou votre appartement vers n&#8217;importe quel restaurant de <strong>Copenhague<\/strong>.<\/p>\n<p>Nous pouvons vous conduire \u00e0 votre h\u00f4tel \u00e0 <strong>Copenhague<\/strong> ou dans toute autre ville proche, comme <strong>Kastrup<\/strong> ou m\u00eame <strong>Malm\u00f6<\/strong>.<\/p>\n<p>Nous proposons \u00e9galement une grande vari\u00e9t\u00e9 de visites priv\u00e9es dans et hors de Copenhague, <strong><a href=\"https:\/\/tourtravelandmore.com\/fr\/city\/danemark-fr\/copenhague-fr\/\">consultez notre liste de visites priv\u00e9es.<\/a><\/strong><\/p>\n<h2>Sites d&#8217;int\u00e9r\u00eat et monuments<\/h2>\n<p>Au cours de ce transfert, vous passerez par des lieux tels que le<strong> palais de Christiansborg<\/strong>, un palais et un b\u00e2timent gouvernemental, l<strong>a Helligaandskirken ou l&#8217;\u00e9glise du Saint-Esprit, la biblioth\u00e8que universitaire de Copenhague,<\/strong> la plus ancienne biblioth\u00e8que de la ville, le quartier de divertissement populaire de <strong>Nyhavn<\/strong>, le palais baroque hollandais de <strong>Charlottenborg<\/strong> et bien d&#8217;autres curiosit\u00e9s au cours de cette visite priv\u00e9e.<\/p>\n<p>Nous assurons le service de transfert et offrons un service personnalis\u00e9 et priv\u00e9 pour tous les groupes. Tous nos v\u00e9hicules sont haut de gamme.<\/p>\n<p>Tout ce que vous avez \u00e0 faire est de nous contacter et nous organiserons votre transfert de la meilleure fa\u00e7on possible.<\/p>\n<p>Une fois que vous aurez effectu\u00e9 votre r\u00e9servation, vous recevrez un courriel de confirmation. Nous aurons ensuite besoin des informations sur votre vol, de votre heure d&#8217;arriv\u00e9e et des informations sur la compagnie a\u00e9rienne ou la croisi\u00e8re. Entre <strong>48 et 24 heures<\/strong> avant votre heure d&#8217;arriv\u00e9e, nous aurons besoin d&#8217;une confirmation de tous ces d\u00e9tails pour que votre service de transfert soit parfait.<\/p>\n<p>Nous ne limitons pas la quantit\u00e9 de bagages. Toutefois, nous vous prions de nous informer du nombre de bagages que vous emporterez pour des raisons logistiques uniquement. Parfois, un v\u00e9hicule plus grand peut \u00eatre n\u00e9cessaire et des frais suppl\u00e9mentaires peuvent s&#8217;appliquer.<\/p>\n<p>Si vous avez besoin d&#8217;un si\u00e8ge b\u00e9b\u00e9 ou d&#8217;un si\u00e8ge enfant, veuillez nous contacter avant votre vol ou votre transfert priv\u00e9 pour organiser cela correctement.<\/p>\n","protected":false},"excerpt":{"rendered":"<p>Profitez de cette occasion pour profiter de ce moyen confortable pour vous rendre \u00e0 votre destination finale \u00e0 <strong>Copenhague<\/strong>. Vous disposerez de votre propre <strong>v\u00e9hicule de luxe priv\u00e9 avec chauffeur<\/strong> pour vous conduire rapidement et confortablement \u00e0 l&#8217;emplacement de votre choix. La prise en charge peut se faire \u00e0 l&#8217;h\u00f4tel, \u00e0 l&#8217;a\u00e9roport, \u00e0 la gare ou au lieu de votre choix.<\/p>\n","protected":false},"featured_media":93541,"comment_status":"open","ping_status":"closed","template":"","meta":{"_acf_changed":false},"product_brand":[],"product_cat":[3748,3757,4213,4215],"product_tag":[4043,4042],"class_list":{"0":"post-103136","1":"product","2":"type-product","3":"status-publish","4":"has-post-thumbnail","6":"product_cat-danemark-fr","7":"product_cat-copenhague-fr","8":"product_cat-all-private-tours-activities-fr-9","9":"product_cat-private-transfers-fr-3","10":"product_tag-private-fr","11":"product_tag-transfer-fr","13":"first","14":"instock","15":"shipping-taxable","16":"purchasable","17":"product-type-simple"},"acf":[],"yoast_head":"<!-- This site is optimized with the Yoast SEO Premium plugin v25.3.1 (Yoast SEO v25.3.1) - https:\/\/yoast.com\/wordpress\/plugins\/seo\/ -->\n<title>Transfert priv\u00e9 a\u00e9roport \/ port de Copenhague - Transfert priv\u00e9 de Copenhague<\/title>\n<meta name=\"description\" content=\"Arrivez \u00e0 votre destination finale avec notre transfert priv\u00e9 \u00e0 Copenhague. V\u00e9hicule de luxe priv\u00e9 avec chauffeur pour vous rendre confortablement \u00e0 votre emplacement.\" \/>\n<meta name=\"robots\" content=\"index, follow, max-snippet:-1, max-image-preview:large, max-video-preview:-1\" \/>\n<link rel=\"canonical\" href=\"https:\/\/tourtravelandmore.com\/fr\/tours\/danemark-fr\/copenhague-fr\/all-private-tours-activities-fr-9\/transferts-prives-a-copenhague-de-a-nimporte-quel-endroit\/\" \/>\n<meta property=\"og:locale\" content=\"fr_FR\" \/>\n<meta property=\"og:type\" content=\"article\" \/>\n<meta property=\"og:title\" content=\"Transferts priv\u00e9s \u00e0 Copenhague - de\/\u00e0 n&#039;importe quel endroit\" \/>\n<meta property=\"og:description\" content=\"Arrivez \u00e0 votre destination finale avec notre transfert priv\u00e9 \u00e0 Copenhague. V\u00e9hicule de luxe priv\u00e9 avec chauffeur pour vous rendre confortablement \u00e0 votre emplacement.\" \/>\n<meta property=\"og:url\" content=\"https:\/\/tourtravelandmore.com\/fr\/tours\/danemark-fr\/copenhague-fr\/all-private-tours-activities-fr-9\/transferts-prives-a-copenhague-de-a-nimporte-quel-endroit\/\" \/>\n<meta property=\"og:site_name\" content=\"Tour Travel And More\" \/>\n<meta property=\"article:publisher\" content=\"https:\/\/www.facebook.com\/tourtravelandmore\/\" \/>\n<meta property=\"article:modified_time\" content=\"2024-02-28T17:06:56+00:00\" \/>\n<meta property=\"og:image\" content=\"https:\/\/tourtravelandmore.com\/wp-content\/uploads\/2016\/10\/transfer-airport-barcelona.jpg\" \/>\n\t<meta property=\"og:image:width\" content=\"955\" \/>\n\t<meta property=\"og:image:height\" content=\"636\" \/>\n\t<meta property=\"og:image:type\" content=\"image\/jpeg\" \/>\n<meta name=\"twitter:card\" content=\"summary_large_image\" \/>\n<meta name=\"twitter:site\" content=\"@TourTravel_More\" \/>\n<meta name=\"twitter:label1\" content=\"Dur\u00e9e de lecture estim\u00e9e\" \/>\n\t<meta name=\"twitter:data1\" content=\"2 minutes\" \/>\n<script type=\"application\/ld+json\" class=\"yoast-schema-graph\">{\"@context\":\"https:\/\/schema.org\",\"@graph\":[{\"@type\":\"WebPage\",\"@id\":\"https:\/\/tourtravelandmore.com\/fr\/tours\/danemark-fr\/copenhague-fr\/all-private-tours-activities-fr-9\/transferts-prives-a-copenhague-de-a-nimporte-quel-endroit\/\",\"url\":\"https:\/\/tourtravelandmore.com\/fr\/tours\/danemark-fr\/copenhague-fr\/all-private-tours-activities-fr-9\/transferts-prives-a-copenhague-de-a-nimporte-quel-endroit\/\",\"name\":\"Transfert priv\u00e9 a\u00e9roport \/ port de Copenhague - Transfert priv\u00e9 de Copenhague\",\"isPartOf\":{\"@id\":\"https:\/\/tourtravelandmore.com\/fr\/#website\"},\"primaryImageOfPage\":{\"@id\":\"https:\/\/tourtravelandmore.com\/fr\/tours\/danemark-fr\/copenhague-fr\/all-private-tours-activities-fr-9\/transferts-prives-a-copenhague-de-a-nimporte-quel-endroit\/#primaryimage\"},\"image\":{\"@id\":\"https:\/\/tourtravelandmore.com\/fr\/tours\/danemark-fr\/copenhague-fr\/all-private-tours-activities-fr-9\/transferts-prives-a-copenhague-de-a-nimporte-quel-endroit\/#primaryimage\"},\"thumbnailUrl\":\"https:\/\/tourtravelandmore.com\/wp-content\/uploads\/2016\/10\/transfer-airport-barcelona.jpg\",\"datePublished\":\"2019-10-15T07:49:56+00:00\",\"dateModified\":\"2024-02-28T17:06:56+00:00\",\"description\":\"Arrivez \u00e0 votre destination finale avec notre transfert priv\u00e9 \u00e0 Copenhague. V\u00e9hicule de luxe priv\u00e9 avec chauffeur pour vous rendre confortablement \u00e0 votre emplacement.\",\"breadcrumb\":{\"@id\":\"https:\/\/tourtravelandmore.com\/fr\/tours\/danemark-fr\/copenhague-fr\/all-private-tours-activities-fr-9\/transferts-prives-a-copenhague-de-a-nimporte-quel-endroit\/#breadcrumb\"},\"inLanguage\":\"fr-FR\",\"potentialAction\":[{\"@type\":\"ReadAction\",\"target\":[\"https:\/\/tourtravelandmore.com\/fr\/tours\/danemark-fr\/copenhague-fr\/all-private-tours-activities-fr-9\/transferts-prives-a-copenhague-de-a-nimporte-quel-endroit\/\"]}]},{\"@type\":\"ImageObject\",\"inLanguage\":\"fr-FR\",\"@id\":\"https:\/\/tourtravelandmore.com\/fr\/tours\/danemark-fr\/copenhague-fr\/all-private-tours-activities-fr-9\/transferts-prives-a-copenhague-de-a-nimporte-quel-endroit\/#primaryimage\",\"url\":\"https:\/\/tourtravelandmore.com\/wp-content\/uploads\/2016\/10\/transfer-airport-barcelona.jpg\",\"contentUrl\":\"https:\/\/tourtravelandmore.com\/wp-content\/uploads\/2016\/10\/transfer-airport-barcelona.jpg\",\"width\":955,\"height\":636},{\"@type\":\"BreadcrumbList\",\"@id\":\"https:\/\/tourtravelandmore.com\/fr\/tours\/danemark-fr\/copenhague-fr\/all-private-tours-activities-fr-9\/transferts-prives-a-copenhague-de-a-nimporte-quel-endroit\/#breadcrumb\",\"itemListElement\":[{\"@type\":\"ListItem\",\"position\":1,\"name\":\"Home\",\"item\":\"https:\/\/tourtravelandmore.com\/fr\/\"},{\"@type\":\"ListItem\",\"position\":2,\"name\":\"Tours\",\"item\":\"https:\/\/tourtravelandmore.com\/fr\/tours\/\"},{\"@type\":\"ListItem\",\"position\":3,\"name\":\"Transferts priv\u00e9s \u00e0 Copenhague &#8211; de\/\u00e0 n&#8217;importe quel endroit\"}]},{\"@type\":\"WebSite\",\"@id\":\"https:\/\/tourtravelandmore.com\/fr\/#website\",\"url\":\"https:\/\/tourtravelandmore.com\/fr\/\",\"name\":\"Tour Travel And More\",\"description\":\"Private sightseeing tours and luxury transfers in Spain\",\"publisher\":{\"@id\":\"https:\/\/tourtravelandmore.com\/fr\/#organization\"},\"potentialAction\":[{\"@type\":\"SearchAction\",\"target\":{\"@type\":\"EntryPoint\",\"urlTemplate\":\"https:\/\/tourtravelandmore.com\/fr\/?s={search_term_string}\"},\"query-input\":{\"@type\":\"PropertyValueSpecification\",\"valueRequired\":true,\"valueName\":\"search_term_string\"}}],\"inLanguage\":\"fr-FR\"},{\"@type\":\"Organization\",\"@id\":\"https:\/\/tourtravelandmore.com\/fr\/#organization\",\"name\":\"Tour Travel And More\",\"url\":\"https:\/\/tourtravelandmore.com\/fr\/\",\"logo\":{\"@type\":\"ImageObject\",\"inLanguage\":\"fr-FR\",\"@id\":\"https:\/\/tourtravelandmore.com\/fr\/#\/schema\/logo\/image\/\",\"url\":\"https:\/\/tourtravelandmore.com\/wp-content\/uploads\/2022\/12\/cropped-logo-cabecera-new.png\",\"contentUrl\":\"https:\/\/tourtravelandmore.com\/wp-content\/uploads\/2022\/12\/cropped-logo-cabecera-new.png\",\"width\":430,\"height\":61,\"caption\":\"Tour Travel And More\"},\"image\":{\"@id\":\"https:\/\/tourtravelandmore.com\/fr\/#\/schema\/logo\/image\/\"},\"sameAs\":[\"https:\/\/www.facebook.com\/tourtravelandmore\/\",\"https:\/\/x.com\/TourTravel_More\"]}]}<\/script>\n<!-- \/ Yoast SEO Premium plugin. -->","yoast_head_json":{"title":"Transfert priv\u00e9 a\u00e9roport \/ port de Copenhague - Transfert priv\u00e9 de Copenhague","description":"Arrivez \u00e0 votre destination finale avec notre transfert priv\u00e9 \u00e0 Copenhague. V\u00e9hicule de luxe priv\u00e9 avec chauffeur pour vous rendre confortablement \u00e0 votre emplacement.","robots":{"index":"index","follow":"follow","max-snippet":"max-snippet:-1","max-image-preview":"max-image-preview:large","max-video-preview":"max-video-preview:-1"},"canonical":"https:\/\/tourtravelandmore.com\/fr\/tours\/danemark-fr\/copenhague-fr\/all-private-tours-activities-fr-9\/transferts-prives-a-copenhague-de-a-nimporte-quel-endroit\/","og_locale":"fr_FR","og_type":"article","og_title":"Transferts priv\u00e9s \u00e0 Copenhague - de\/\u00e0 n'importe quel endroit","og_description":"Arrivez \u00e0 votre destination finale avec notre transfert priv\u00e9 \u00e0 Copenhague. V\u00e9hicule de luxe priv\u00e9 avec chauffeur pour vous rendre confortablement \u00e0 votre emplacement.","og_url":"https:\/\/tourtravelandmore.com\/fr\/tours\/danemark-fr\/copenhague-fr\/all-private-tours-activities-fr-9\/transferts-prives-a-copenhague-de-a-nimporte-quel-endroit\/","og_site_name":"Tour Travel And More","article_publisher":"https:\/\/www.facebook.com\/tourtravelandmore\/","article_modified_time":"2024-02-28T17:06:56+00:00","og_image":[{"width":955,"height":636,"url":"https:\/\/tourtravelandmore.com\/wp-content\/uploads\/2016\/10\/transfer-airport-barcelona.jpg","type":"image\/jpeg"}],"twitter_card":"summary_large_image","twitter_site":"@TourTravel_More","twitter_misc":{"Dur\u00e9e de lecture estim\u00e9e":"2 minutes"},"schema":{"@context":"https:\/\/schema.org","@graph":[{"@type":"WebPage","@id":"https:\/\/tourtravelandmore.com\/fr\/tours\/danemark-fr\/copenhague-fr\/all-private-tours-activities-fr-9\/transferts-prives-a-copenhague-de-a-nimporte-quel-endroit\/","url":"https:\/\/tourtravelandmore.com\/fr\/tours\/danemark-fr\/copenhague-fr\/all-private-tours-activities-fr-9\/transferts-prives-a-copenhague-de-a-nimporte-quel-endroit\/","name":"Transfert priv\u00e9 a\u00e9roport \/ port de Copenhague - Transfert priv\u00e9 de Copenhague","isPartOf":{"@id":"https:\/\/tourtravelandmore.com\/fr\/#website"},"primaryImageOfPage":{"@id":"https:\/\/tourtravelandmore.com\/fr\/tours\/danemark-fr\/copenhague-fr\/all-private-tours-activities-fr-9\/transferts-prives-a-copenhague-de-a-nimporte-quel-endroit\/#primaryimage"},"image":{"@id":"https:\/\/tourtravelandmore.com\/fr\/tours\/danemark-fr\/copenhague-fr\/all-private-tours-activities-fr-9\/transferts-prives-a-copenhague-de-a-nimporte-quel-endroit\/#primaryimage"},"thumbnailUrl":"https:\/\/tourtravelandmore.com\/wp-content\/uploads\/2016\/10\/transfer-airport-barcelona.jpg","datePublished":"2019-10-15T07:49:56+00:00","dateModified":"2024-02-28T17:06:56+00:00","description":"Arrivez \u00e0 votre destination finale avec notre transfert priv\u00e9 \u00e0 Copenhague. V\u00e9hicule de luxe priv\u00e9 avec chauffeur pour vous rendre confortablement \u00e0 votre emplacement.","breadcrumb":{"@id":"https:\/\/tourtravelandmore.com\/fr\/tours\/danemark-fr\/copenhague-fr\/all-private-tours-activities-fr-9\/transferts-prives-a-copenhague-de-a-nimporte-quel-endroit\/#breadcrumb"},"inLanguage":"fr-FR","potentialAction":[{"@type":"ReadAction","target":["https:\/\/tourtravelandmore.com\/fr\/tours\/danemark-fr\/copenhague-fr\/all-private-tours-activities-fr-9\/transferts-prives-a-copenhague-de-a-nimporte-quel-endroit\/"]}]},{"@type":"ImageObject","inLanguage":"fr-FR","@id":"https:\/\/tourtravelandmore.com\/fr\/tours\/danemark-fr\/copenhague-fr\/all-private-tours-activities-fr-9\/transferts-prives-a-copenhague-de-a-nimporte-quel-endroit\/#primaryimage","url":"https:\/\/tourtravelandmore.com\/wp-content\/uploads\/2016\/10\/transfer-airport-barcelona.jpg","contentUrl":"https:\/\/tourtravelandmore.com\/wp-content\/uploads\/2016\/10\/transfer-airport-barcelona.jpg","width":955,"height":636},{"@type":"BreadcrumbList","@id":"https:\/\/tourtravelandmore.com\/fr\/tours\/danemark-fr\/copenhague-fr\/all-private-tours-activities-fr-9\/transferts-prives-a-copenhague-de-a-nimporte-quel-endroit\/#breadcrumb","itemListElement":[{"@type":"ListItem","position":1,"name":"Home","item":"https:\/\/tourtravelandmore.com\/fr\/"},{"@type":"ListItem","position":2,"name":"Tours","item":"https:\/\/tourtravelandmore.com\/fr\/tours\/"},{"@type":"ListItem","position":3,"name":"Transferts priv\u00e9s \u00e0 Copenhague &#8211; de\/\u00e0 n&#8217;importe quel endroit"}]},{"@type":"WebSite","@id":"https:\/\/tourtravelandmore.com\/fr\/#website","url":"https:\/\/tourtravelandmore.com\/fr\/","name":"Tour Travel And More","description":"Private sightseeing tours and luxury transfers in Spain","publisher":{"@id":"https:\/\/tourtravelandmore.com\/fr\/#organization"},"potentialAction":[{"@type":"SearchAction","target":{"@type":"EntryPoint","urlTemplate":"https:\/\/tourtravelandmore.com\/fr\/?s={search_term_string}"},"query-input":{"@type":"PropertyValueSpecification","valueRequired":true,"valueName":"search_term_string"}}],"inLanguage":"fr-FR"},{"@type":"Organization","@id":"https:\/\/tourtravelandmore.com\/fr\/#organization","name":"Tour Travel And More","url":"https:\/\/tourtravelandmore.com\/fr\/","logo":{"@type":"ImageObject","inLanguage":"fr-FR","@id":"https:\/\/tourtravelandmore.com\/fr\/#\/schema\/logo\/image\/","url":"https:\/\/tourtravelandmore.com\/wp-content\/uploads\/2022\/12\/cropped-logo-cabecera-new.png","contentUrl":"https:\/\/tourtravelandmore.com\/wp-content\/uploads\/2022\/12\/cropped-logo-cabecera-new.png","width":430,"height":61,"caption":"Tour Travel And More"},"image":{"@id":"https:\/\/tourtravelandmore.com\/fr\/#\/schema\/logo\/image\/"},"sameAs":["https:\/\/www.facebook.com\/tourtravelandmore\/","https:\/\/x.com\/TourTravel_More"]}]}},"_links":{"self":[{"href":"https:\/\/tourtravelandmore.com\/fr\/wp-json\/wp\/v2\/product\/103136","targetHints":{"allow":["GET"]}}],"collection":[{"href":"https:\/\/tourtravelandmore.com\/fr\/wp-json\/wp\/v2\/product"}],"about":[{"href":"https:\/\/tourtravelandmore.com\/fr\/wp-json\/wp\/v2\/types\/product"}],"replies":[{"embeddable":true,"href":"https:\/\/tourtravelandmore.com\/fr\/wp-json\/wp\/v2\/comments?post=103136"}],"wp:featuredmedia":[{"embeddable":true,"href":"https:\/\/tourtravelandmore.com\/fr\/wp-json\/wp\/v2\/media\/93541"}],"wp:attachment":[{"href":"https:\/\/tourtravelandmore.com\/fr\/wp-json\/wp\/v2\/media?parent=103136"}],"wp:term":[{"taxonomy":"product_brand","embeddable":true,"href":"https:\/\/tourtravelandmore.com\/fr\/wp-json\/wp\/v2\/product_brand?post=103136"},{"taxonomy":"product_cat","embeddable":true,"href":"https:\/\/tourtravelandmore.com\/fr\/wp-json\/wp\/v2\/product_cat?post=103136"},{"taxonomy":"product_tag","embeddable":true,"href":"https:\/\/tourtravelandmore.com\/fr\/wp-json\/wp\/v2\/product_tag?post=103136"}],"curies":[{"name":"wp","href":"https:\/\/api.w.org\/{rel}","templated":true}]}}