{"id":103127,"date":"2019-10-15T09:49:51","date_gmt":"2019-10-15T07:49:51","guid":{"rendered":"https:\/\/tourtravelandmore.com\/tours\/non%20class\u00e9\/private-malmo-et-lund-de-copenhague\/"},"modified":"2024-02-28T17:12:46","modified_gmt":"2024-02-28T16:12:46","slug":"private-malmo-et-lund-de-copenhague","status":"publish","type":"product","link":"https:\/\/tourtravelandmore.com\/fr\/tours\/danemark-fr\/copenhague-fr\/all-private-tours-activities-fr-9\/private-malmo-et-lund-de-copenhague\/","title":{"rendered":"Private Malm\u00f6 et Lund de Copenhague"},"content":{"rendered":"<h2>Description de l&#8217;excursion priv\u00e9e \u00e0 Malm\u00f6 et Lund au d\u00e9part de Copenhague<\/h2>\n<p>Venez avec nous et profitez de cette visite priv\u00e9e avec un guide officiel et d\u00e9couvrez les points forts de Malm\u00f6 et de Lund. Profitez de cette <strong>visite priv\u00e9e \u00e0 Malm\u00f6 et Lund au d\u00e9part de Copenhague.<\/strong> Un v\u00e9hicule priv\u00e9 avec chauffeur viendra vous chercher \u00e0 votre h\u00f4tel ou au lieu de votre choix \u00e0 <a href=\"https:\/\/es.wikipedia.org\/wiki\/Copenhague\"><strong>Copenhague<\/strong><\/a>.<\/p>\n<p><strong>Malm\u00f6<\/strong> est une ville su\u00e9doise situ\u00e9e dans la r\u00e9gion de Sk\u00e5ne, dans le sud du pays. Elle est la troisi\u00e8me ville la plus peupl\u00e9e de Su\u00e8de, avec 280 415 habitants en 2010, apr\u00e8s Stockholm et G\u00f6teborg, et la sixi\u00e8me ville la plus peupl\u00e9e de Scandinavie. L&#8217;histoire de Malm\u00f6 est li\u00e9e \u00e0 sa proximit\u00e9 avec le Danemark.<\/p>\n<p><strong>Lund<\/strong> est l&#8217;une des villes les plus anciennes et les plus importantes de Su\u00e8de. Il est situ\u00e9 dans la municipalit\u00e9 du m\u00eame nom, dans la partie sud du comt\u00e9 de Sk\u00e5ne, dans la r\u00e9gion d&#8217;\u00d6resund.<\/p>\n<p>Il s&#8217;agit d&#8217;une<strong> visite priv\u00e9e enti\u00e8rement personnalis\u00e9e de Malm\u00f6 et Lund depuis Copenhague<\/strong>, juste pour votre famille ou votre groupe. Vous pouvez personnaliser chaque visite en nous contactant.<\/p>\n<h2>Sites d&#8217;int\u00e9r\u00eat et monuments<\/h2>\n<p>Tout d&#8217;abord, nous organiserons un ramassage priv\u00e9 avec votre chauffeur et un guide touristique ind\u00e9pendant, puis nous commencerons cette superbe visite priv\u00e9e d&#8217;une journ\u00e9e compl\u00e8te de Malm\u00f6 et Lund !<\/p>\n<p>Notre chauffeur priv\u00e9 et notre guide touristique seront \u00e0 votre disposition pendant toute la dur\u00e9e de la visite. Notre \u00e9quipe est locale et conna\u00eet parfaitement les villes, leur histoire et leur culture.<\/p>\n<p>Parmi les autres monuments et lieux que vous pourrez voir lors de cette visite priv\u00e9e :<\/p>\n<ul>\n<li><strong>H\u00f4tel de ville de Malm\u00f6<\/strong><\/li>\n<li><strong>Oresund Birdge<\/strong><\/li>\n<li><strong>Cath\u00e9drale de Lund<\/strong><\/li>\n<li><strong>Malmohuset<\/strong><\/li>\n<li><strong>Mus\u00e9e d&#8217;histoire naturelle de Malm\u00f6<\/strong><\/li>\n<li><strong>Mus\u00e9e d&#8217;art de Malm\u00f6<\/strong><\/li>\n<li><strong>Centre commercial Hansa<\/strong><\/li>\n<li><strong>Torse rotatif<\/strong><\/li>\n<li><strong>Universit\u00e9 de Lund<\/strong><\/li>\n<li><strong>Cha\u00eene su\u00e9doise<\/strong><\/li>\n<li><strong>et bien d&#8217;autres lieux encore lors de cette visite priv\u00e9e.<\/strong><\/li>\n<\/ul>\n<p>Si vous souhaitez visiter un endroit particulier, il suffit de nous contacter. L&#8217;\u00e9quipe de <strong>Tour Travel &amp; More<\/strong> est pr\u00eate \u00e0 vous aider \u00e0 organiser le meilleur circuit. Nous pouvons m\u00eame organiser des billets d&#8217;entr\u00e9e pour tout monument ou mus\u00e9e que vous souhaitez visiter.<\/p>\n<p>Enfin, cette visite priv\u00e9e se terminera \u00e0 votre h\u00f4tel ou au lieu de votre choix \u00e0 Copenhague.<\/p>\n<p>Les experts en voyages de Tour Travel &amp; More sont \u00e0 votre disposition pendant tout le processus de r\u00e9servation.<a href=\"https:\/\/tourtravelandmore.com\/fr\/city\/danemark-fr\/copenhague-fr\/\"><strong> Ne manquez pas toutes nos autres visites priv\u00e9es \u00e0 Copenhague.<\/strong> <\/a>Nous organisons de grandes exp\u00e9riences dans cette belle ville danoise.<\/p>\n","protected":false},"excerpt":{"rendered":"<p>Profitez de cette <strong>excursion priv\u00e9e<\/strong> enti\u00e8rement personnalis\u00e9e de 9 heures \u00e0 <strong>Malm\u00f6<\/strong> et <strong>Lund<\/strong> au d\u00e9part de <strong>Copenhague<\/strong>. Profitez de cette occasion pour conna\u00eetre la ville de <strong>Malm\u00f6<\/strong> et <strong>Lund<\/strong> lors de cette exp\u00e9rience avec votre propre guide officiel priv\u00e9 et chauffeur priv\u00e9. Personnalisez votre propre exp\u00e9rience.<\/p>\n","protected":false},"featured_media":96590,"comment_status":"open","ping_status":"closed","template":"","meta":{"_acf_changed":false},"product_brand":[],"product_cat":[3748,3757,4213,4214],"product_tag":[],"class_list":{"0":"post-103127","1":"product","2":"type-product","3":"status-publish","4":"has-post-thumbnail","6":"product_cat-danemark-fr","7":"product_cat-copenhague-fr","8":"product_cat-all-private-tours-activities-fr-9","9":"product_cat-private-shore-excursions-fr-4","11":"first","12":"instock","13":"shipping-taxable","14":"purchasable","15":"product-type-simple"},"acf":[],"yoast_head":"<!-- This site is optimized with the Yoast SEO Premium plugin v25.3.1 (Yoast SEO v25.3.1) - https:\/\/yoast.com\/wordpress\/plugins\/seo\/ -->\n<title>Private Malm\u00f6 et Lund au d\u00e9part de Copenhague - Excursion \u00e0 terre en option<\/title>\n<meta name=\"description\" content=\"Profitez de ce priv\u00e9 Malm\u00f6 et Lund de Copenhague et profitez de leurs monuments et sites les plus importants. Visite priv\u00e9e \u00e0 Copenhague.\" \/>\n<meta name=\"robots\" content=\"index, follow, max-snippet:-1, max-image-preview:large, max-video-preview:-1\" \/>\n<link rel=\"canonical\" href=\"https:\/\/tourtravelandmore.com\/fr\/tours\/danemark-fr\/copenhague-fr\/all-private-tours-activities-fr-9\/private-malmo-et-lund-de-copenhague\/\" \/>\n<meta property=\"og:locale\" content=\"fr_FR\" \/>\n<meta property=\"og:type\" content=\"article\" \/>\n<meta property=\"og:title\" content=\"Private Malm\u00f6 et Lund de Copenhague\" \/>\n<meta property=\"og:description\" content=\"Profitez de ce priv\u00e9 Malm\u00f6 et Lund de Copenhague et profitez de leurs monuments et sites les plus importants. Visite priv\u00e9e \u00e0 Copenhague.\" \/>\n<meta property=\"og:url\" content=\"https:\/\/tourtravelandmore.com\/fr\/tours\/danemark-fr\/copenhague-fr\/all-private-tours-activities-fr-9\/private-malmo-et-lund-de-copenhague\/\" \/>\n<meta property=\"og:site_name\" content=\"Tour Travel And More\" \/>\n<meta property=\"article:publisher\" content=\"https:\/\/www.facebook.com\/tourtravelandmore\/\" \/>\n<meta property=\"article:modified_time\" content=\"2024-02-28T16:12:46+00:00\" \/>\n<meta property=\"og:image\" content=\"https:\/\/tourtravelandmore.com\/wp-content\/uploads\/2019\/10\/\u00d8resund_Bridge_from_the_air_in_September_2015.jpg\" \/>\n\t<meta property=\"og:image:width\" content=\"4000\" \/>\n\t<meta property=\"og:image:height\" content=\"3000\" \/>\n\t<meta property=\"og:image:type\" content=\"image\/jpeg\" \/>\n<meta name=\"twitter:card\" content=\"summary_large_image\" \/>\n<meta name=\"twitter:site\" content=\"@TourTravel_More\" \/>\n<meta name=\"twitter:label1\" content=\"Dur\u00e9e de lecture estim\u00e9e\" \/>\n\t<meta name=\"twitter:data1\" content=\"2 minutes\" \/>\n<script type=\"application\/ld+json\" class=\"yoast-schema-graph\">{\"@context\":\"https:\/\/schema.org\",\"@graph\":[{\"@type\":\"WebPage\",\"@id\":\"https:\/\/tourtravelandmore.com\/fr\/tours\/danemark-fr\/copenhague-fr\/all-private-tours-activities-fr-9\/private-malmo-et-lund-de-copenhague\/\",\"url\":\"https:\/\/tourtravelandmore.com\/fr\/tours\/danemark-fr\/copenhague-fr\/all-private-tours-activities-fr-9\/private-malmo-et-lund-de-copenhague\/\",\"name\":\"Private Malm\u00f6 et Lund au d\u00e9part de Copenhague - Excursion \u00e0 terre en option\",\"isPartOf\":{\"@id\":\"https:\/\/tourtravelandmore.com\/fr\/#website\"},\"primaryImageOfPage\":{\"@id\":\"https:\/\/tourtravelandmore.com\/fr\/tours\/danemark-fr\/copenhague-fr\/all-private-tours-activities-fr-9\/private-malmo-et-lund-de-copenhague\/#primaryimage\"},\"image\":{\"@id\":\"https:\/\/tourtravelandmore.com\/fr\/tours\/danemark-fr\/copenhague-fr\/all-private-tours-activities-fr-9\/private-malmo-et-lund-de-copenhague\/#primaryimage\"},\"thumbnailUrl\":\"https:\/\/tourtravelandmore.com\/wp-content\/uploads\/2019\/10\/\u00d8resund_Bridge_from_the_air_in_September_2015.jpg\",\"datePublished\":\"2019-10-15T07:49:51+00:00\",\"dateModified\":\"2024-02-28T16:12:46+00:00\",\"description\":\"Profitez de ce priv\u00e9 Malm\u00f6 et Lund de Copenhague et profitez de leurs monuments et sites les plus importants. Visite priv\u00e9e \u00e0 Copenhague.\",\"breadcrumb\":{\"@id\":\"https:\/\/tourtravelandmore.com\/fr\/tours\/danemark-fr\/copenhague-fr\/all-private-tours-activities-fr-9\/private-malmo-et-lund-de-copenhague\/#breadcrumb\"},\"inLanguage\":\"fr-FR\",\"potentialAction\":[{\"@type\":\"ReadAction\",\"target\":[\"https:\/\/tourtravelandmore.com\/fr\/tours\/danemark-fr\/copenhague-fr\/all-private-tours-activities-fr-9\/private-malmo-et-lund-de-copenhague\/\"]}]},{\"@type\":\"ImageObject\",\"inLanguage\":\"fr-FR\",\"@id\":\"https:\/\/tourtravelandmore.com\/fr\/tours\/danemark-fr\/copenhague-fr\/all-private-tours-activities-fr-9\/private-malmo-et-lund-de-copenhague\/#primaryimage\",\"url\":\"https:\/\/tourtravelandmore.com\/wp-content\/uploads\/2019\/10\/\u00d8resund_Bridge_from_the_air_in_September_2015.jpg\",\"contentUrl\":\"https:\/\/tourtravelandmore.com\/wp-content\/uploads\/2019\/10\/\u00d8resund_Bridge_from_the_air_in_September_2015.jpg\",\"width\":4000,\"height\":3000},{\"@type\":\"BreadcrumbList\",\"@id\":\"https:\/\/tourtravelandmore.com\/fr\/tours\/danemark-fr\/copenhague-fr\/all-private-tours-activities-fr-9\/private-malmo-et-lund-de-copenhague\/#breadcrumb\",\"itemListElement\":[{\"@type\":\"ListItem\",\"position\":1,\"name\":\"Home\",\"item\":\"https:\/\/tourtravelandmore.com\/fr\/\"},{\"@type\":\"ListItem\",\"position\":2,\"name\":\"Tours\",\"item\":\"https:\/\/tourtravelandmore.com\/fr\/tours\/\"},{\"@type\":\"ListItem\",\"position\":3,\"name\":\"Private Malm\u00f6 et Lund de Copenhague\"}]},{\"@type\":\"WebSite\",\"@id\":\"https:\/\/tourtravelandmore.com\/fr\/#website\",\"url\":\"https:\/\/tourtravelandmore.com\/fr\/\",\"name\":\"Tour Travel And More\",\"description\":\"Private sightseeing tours and luxury transfers in Spain\",\"publisher\":{\"@id\":\"https:\/\/tourtravelandmore.com\/fr\/#organization\"},\"potentialAction\":[{\"@type\":\"SearchAction\",\"target\":{\"@type\":\"EntryPoint\",\"urlTemplate\":\"https:\/\/tourtravelandmore.com\/fr\/?s={search_term_string}\"},\"query-input\":{\"@type\":\"PropertyValueSpecification\",\"valueRequired\":true,\"valueName\":\"search_term_string\"}}],\"inLanguage\":\"fr-FR\"},{\"@type\":\"Organization\",\"@id\":\"https:\/\/tourtravelandmore.com\/fr\/#organization\",\"name\":\"Tour Travel And More\",\"url\":\"https:\/\/tourtravelandmore.com\/fr\/\",\"logo\":{\"@type\":\"ImageObject\",\"inLanguage\":\"fr-FR\",\"@id\":\"https:\/\/tourtravelandmore.com\/fr\/#\/schema\/logo\/image\/\",\"url\":\"https:\/\/tourtravelandmore.com\/wp-content\/uploads\/2022\/12\/cropped-logo-cabecera-new.png\",\"contentUrl\":\"https:\/\/tourtravelandmore.com\/wp-content\/uploads\/2022\/12\/cropped-logo-cabecera-new.png\",\"width\":430,\"height\":61,\"caption\":\"Tour Travel And More\"},\"image\":{\"@id\":\"https:\/\/tourtravelandmore.com\/fr\/#\/schema\/logo\/image\/\"},\"sameAs\":[\"https:\/\/www.facebook.com\/tourtravelandmore\/\",\"https:\/\/x.com\/TourTravel_More\"]}]}<\/script>\n<!-- \/ Yoast SEO Premium plugin. -->","yoast_head_json":{"title":"Private Malm\u00f6 et Lund au d\u00e9part de Copenhague - Excursion \u00e0 terre en option","description":"Profitez de ce priv\u00e9 Malm\u00f6 et Lund de Copenhague et profitez de leurs monuments et sites les plus importants. Visite priv\u00e9e \u00e0 Copenhague.","robots":{"index":"index","follow":"follow","max-snippet":"max-snippet:-1","max-image-preview":"max-image-preview:large","max-video-preview":"max-video-preview:-1"},"canonical":"https:\/\/tourtravelandmore.com\/fr\/tours\/danemark-fr\/copenhague-fr\/all-private-tours-activities-fr-9\/private-malmo-et-lund-de-copenhague\/","og_locale":"fr_FR","og_type":"article","og_title":"Private Malm\u00f6 et Lund de Copenhague","og_description":"Profitez de ce priv\u00e9 Malm\u00f6 et Lund de Copenhague et profitez de leurs monuments et sites les plus importants. Visite priv\u00e9e \u00e0 Copenhague.","og_url":"https:\/\/tourtravelandmore.com\/fr\/tours\/danemark-fr\/copenhague-fr\/all-private-tours-activities-fr-9\/private-malmo-et-lund-de-copenhague\/","og_site_name":"Tour Travel And More","article_publisher":"https:\/\/www.facebook.com\/tourtravelandmore\/","article_modified_time":"2024-02-28T16:12:46+00:00","og_image":[{"width":4000,"height":3000,"url":"https:\/\/tourtravelandmore.com\/wp-content\/uploads\/2019\/10\/\u00d8resund_Bridge_from_the_air_in_September_2015.jpg","type":"image\/jpeg"}],"twitter_card":"summary_large_image","twitter_site":"@TourTravel_More","twitter_misc":{"Dur\u00e9e de lecture estim\u00e9e":"2 minutes"},"schema":{"@context":"https:\/\/schema.org","@graph":[{"@type":"WebPage","@id":"https:\/\/tourtravelandmore.com\/fr\/tours\/danemark-fr\/copenhague-fr\/all-private-tours-activities-fr-9\/private-malmo-et-lund-de-copenhague\/","url":"https:\/\/tourtravelandmore.com\/fr\/tours\/danemark-fr\/copenhague-fr\/all-private-tours-activities-fr-9\/private-malmo-et-lund-de-copenhague\/","name":"Private Malm\u00f6 et Lund au d\u00e9part de Copenhague - Excursion \u00e0 terre en option","isPartOf":{"@id":"https:\/\/tourtravelandmore.com\/fr\/#website"},"primaryImageOfPage":{"@id":"https:\/\/tourtravelandmore.com\/fr\/tours\/danemark-fr\/copenhague-fr\/all-private-tours-activities-fr-9\/private-malmo-et-lund-de-copenhague\/#primaryimage"},"image":{"@id":"https:\/\/tourtravelandmore.com\/fr\/tours\/danemark-fr\/copenhague-fr\/all-private-tours-activities-fr-9\/private-malmo-et-lund-de-copenhague\/#primaryimage"},"thumbnailUrl":"https:\/\/tourtravelandmore.com\/wp-content\/uploads\/2019\/10\/\u00d8resund_Bridge_from_the_air_in_September_2015.jpg","datePublished":"2019-10-15T07:49:51+00:00","dateModified":"2024-02-28T16:12:46+00:00","description":"Profitez de ce priv\u00e9 Malm\u00f6 et Lund de Copenhague et profitez de leurs monuments et sites les plus importants. Visite priv\u00e9e \u00e0 Copenhague.","breadcrumb":{"@id":"https:\/\/tourtravelandmore.com\/fr\/tours\/danemark-fr\/copenhague-fr\/all-private-tours-activities-fr-9\/private-malmo-et-lund-de-copenhague\/#breadcrumb"},"inLanguage":"fr-FR","potentialAction":[{"@type":"ReadAction","target":["https:\/\/tourtravelandmore.com\/fr\/tours\/danemark-fr\/copenhague-fr\/all-private-tours-activities-fr-9\/private-malmo-et-lund-de-copenhague\/"]}]},{"@type":"ImageObject","inLanguage":"fr-FR","@id":"https:\/\/tourtravelandmore.com\/fr\/tours\/danemark-fr\/copenhague-fr\/all-private-tours-activities-fr-9\/private-malmo-et-lund-de-copenhague\/#primaryimage","url":"https:\/\/tourtravelandmore.com\/wp-content\/uploads\/2019\/10\/\u00d8resund_Bridge_from_the_air_in_September_2015.jpg","contentUrl":"https:\/\/tourtravelandmore.com\/wp-content\/uploads\/2019\/10\/\u00d8resund_Bridge_from_the_air_in_September_2015.jpg","width":4000,"height":3000},{"@type":"BreadcrumbList","@id":"https:\/\/tourtravelandmore.com\/fr\/tours\/danemark-fr\/copenhague-fr\/all-private-tours-activities-fr-9\/private-malmo-et-lund-de-copenhague\/#breadcrumb","itemListElement":[{"@type":"ListItem","position":1,"name":"Home","item":"https:\/\/tourtravelandmore.com\/fr\/"},{"@type":"ListItem","position":2,"name":"Tours","item":"https:\/\/tourtravelandmore.com\/fr\/tours\/"},{"@type":"ListItem","position":3,"name":"Private Malm\u00f6 et Lund de Copenhague"}]},{"@type":"WebSite","@id":"https:\/\/tourtravelandmore.com\/fr\/#website","url":"https:\/\/tourtravelandmore.com\/fr\/","name":"Tour Travel And More","description":"Private sightseeing tours and luxury transfers in Spain","publisher":{"@id":"https:\/\/tourtravelandmore.com\/fr\/#organization"},"potentialAction":[{"@type":"SearchAction","target":{"@type":"EntryPoint","urlTemplate":"https:\/\/tourtravelandmore.com\/fr\/?s={search_term_string}"},"query-input":{"@type":"PropertyValueSpecification","valueRequired":true,"valueName":"search_term_string"}}],"inLanguage":"fr-FR"},{"@type":"Organization","@id":"https:\/\/tourtravelandmore.com\/fr\/#organization","name":"Tour Travel And More","url":"https:\/\/tourtravelandmore.com\/fr\/","logo":{"@type":"ImageObject","inLanguage":"fr-FR","@id":"https:\/\/tourtravelandmore.com\/fr\/#\/schema\/logo\/image\/","url":"https:\/\/tourtravelandmore.com\/wp-content\/uploads\/2022\/12\/cropped-logo-cabecera-new.png","contentUrl":"https:\/\/tourtravelandmore.com\/wp-content\/uploads\/2022\/12\/cropped-logo-cabecera-new.png","width":430,"height":61,"caption":"Tour Travel And More"},"image":{"@id":"https:\/\/tourtravelandmore.com\/fr\/#\/schema\/logo\/image\/"},"sameAs":["https:\/\/www.facebook.com\/tourtravelandmore\/","https:\/\/x.com\/TourTravel_More"]}]}},"_links":{"self":[{"href":"https:\/\/tourtravelandmore.com\/fr\/wp-json\/wp\/v2\/product\/103127","targetHints":{"allow":["GET"]}}],"collection":[{"href":"https:\/\/tourtravelandmore.com\/fr\/wp-json\/wp\/v2\/product"}],"about":[{"href":"https:\/\/tourtravelandmore.com\/fr\/wp-json\/wp\/v2\/types\/product"}],"replies":[{"embeddable":true,"href":"https:\/\/tourtravelandmore.com\/fr\/wp-json\/wp\/v2\/comments?post=103127"}],"wp:featuredmedia":[{"embeddable":true,"href":"https:\/\/tourtravelandmore.com\/fr\/wp-json\/wp\/v2\/media\/96590"}],"wp:attachment":[{"href":"https:\/\/tourtravelandmore.com\/fr\/wp-json\/wp\/v2\/media?parent=103127"}],"wp:term":[{"taxonomy":"product_brand","embeddable":true,"href":"https:\/\/tourtravelandmore.com\/fr\/wp-json\/wp\/v2\/product_brand?post=103127"},{"taxonomy":"product_cat","embeddable":true,"href":"https:\/\/tourtravelandmore.com\/fr\/wp-json\/wp\/v2\/product_cat?post=103127"},{"taxonomy":"product_tag","embeddable":true,"href":"https:\/\/tourtravelandmore.com\/fr\/wp-json\/wp\/v2\/product_tag?post=103127"}],"curies":[{"name":"wp","href":"https:\/\/api.w.org\/{rel}","templated":true}]}}