{"id":103121,"date":"2019-10-13T17:45:20","date_gmt":"2019-10-13T15:45:20","guid":{"rendered":"https:\/\/tourtravelandmore.com\/tours\/non%20class\u00e9\/visite-privee-de-copenhague\/"},"modified":"2024-02-28T16:52:23","modified_gmt":"2024-02-28T15:52:23","slug":"visite-privee-de-copenhague","status":"publish","type":"product","link":"https:\/\/tourtravelandmore.com\/fr\/tours\/danemark-fr\/copenhague-fr\/private-sightseeing-tours-fr-10\/visite-privee-de-copenhague\/","title":{"rendered":"Visite priv\u00e9e de Copenhague"},"content":{"rendered":"<h2>Description<\/h2>\n<p>Profitez de cette <strong>visite priv\u00e9e de Copenhague dans la ville de Copenhague.<\/strong> Profitez de cette superbe visite en v\u00e9hicule de luxe priv\u00e9 avec chauffeur et guide officiel s\u00e9par\u00e9.<\/p>\n<p>Parmi les nombreux sites c\u00e9l\u00e8bres que nous visiterons, nous verrons <strong>le palais de Christiansborg,<\/strong> un palais et un b\u00e2timent gouvernemental ; <strong>Helligaandskirken<\/strong> <strong>ou<\/strong> <strong>l&#8217;\u00e9glise du Saint-Esprit ; la biblioth\u00e8que universitaire de Copenhague,<\/strong> la plus ancienne biblioth\u00e8que de la ville ; le quartier de divertissement populaire de <strong>Nyhavn<\/strong> ; le palais hollandais baroque de <strong>Charlottenborg<\/strong> et beaucoup d&#8217;autres sites lors de cette visite priv\u00e9e.<\/p>\n<p>Il s&#8217;agit d&#8217;une visite d&#8217;une demi-journ\u00e9e, votre chauffeur priv\u00e9 et votre guide officiel seront \u00e0 votre enti\u00e8re disposition pendant<strong> 3, 4 ou 6 heures.<\/strong> Si vous pr\u00e9f\u00e9rez, vous pouvez \u00e9galement consulter toutes nos <strong><a href=\"https:\/\/tourtravelandmore.com\/fr\/city\/danemark-fr\/copenhague-fr\/\">visites priv\u00e9es \u00e0 Copenhague ici !<\/a><\/strong><\/p>\n<h2>Sites d&#8217;int\u00e9r\u00eat et monuments<\/h2>\n<p>Notre chauffeur priv\u00e9 et notre guide touristique ind\u00e9pendant vous attendront \u00e0 votre h\u00f4tel ou au lieu de votre choix. Nous commencerons alors cette <strong>visite priv\u00e9e de Copenhague.<\/strong><\/p>\n<p>Tout d&#8217;abord, nous organiserons un ramassage priv\u00e9 \u00e0 votre h\u00f4tel ou au lieu de votre choix \u00e0 <a href=\"https:\/\/es.wikipedia.org\/wiki\/Copenhague\"><strong>Copenhague<\/strong><\/a>. Notre premier arr\u00eat sera l&#8217;H\u00f4tel de Ville, situ\u00e9 dans le centre de la ville. Il abrite \u00e0 la fois le <strong>maire de la ville de Copenhague et le conseil municipal.<\/strong><\/p>\n<p>Nous commencerons notre visite \u00e0 partir de l\u00e0 et continuerons vers les <strong>jardins<\/strong> <strong>de Tivoli<\/strong>, le deuxi\u00e8me plus ancien parc d&#8217;attractions en activit\u00e9 au monde, et <strong>le mus\u00e9e d&#8217;art Carlsberg Glyptotek<\/strong>.<\/p>\n<p>Parmi les sites que nous allons couvrir, vous visiterez:<\/p>\n<ul>\n<li><strong>Mairie<\/strong><\/li>\n<li><strong>H\u00f4tel de ville<\/strong><\/li>\n<li><strong>Jardins de Tivoli<\/strong><\/li>\n<li><strong>Ny Carlsberg Glyptotek<\/strong><\/li>\n<li><strong>Mus\u00e9e national du Danemark<\/strong><\/li>\n<li><strong>Palais de Christiansborg<\/strong><\/li>\n<li><strong>Fontaine de cigogne<\/strong><\/li>\n<li><strong>\u00c9glise du Saint-Esprit<\/strong><\/li>\n<li><strong>Biblioth\u00e8que de l&#8217;Universit\u00e9 de Copenhague<\/strong><\/li>\n<li><strong>Rundet\u00e5rn<\/strong><\/li>\n<li><strong>Str\u00f8get<\/strong><\/li>\n<li><strong>Place Kongens Nytorv<\/strong><\/li>\n<li><strong>Charlottenborg<\/strong><\/li>\n<li><strong>Nyhavn<\/strong><\/li>\n<li><strong>Et bien d&#8217;autres endroits dans cette visite priv\u00e9e de la ville de Copenhague.<\/strong><\/li>\n<\/ul>\n<p>Cette visite priv\u00e9e se terminera \u00e0 un point de rencontre situ\u00e9 au centre de Copenhague.<\/p>\n<p>Jetez un \u0153il \u00e0 nos autres visites priv\u00e9es que nous proposons \u00e0 Copenhague!<\/p>\n","protected":false},"excerpt":{"rendered":"<p><strong>Copenhague<\/strong> est une ville qui vaut la peine d&#8217;\u00eatre visit\u00e9e. Profitez de cette <strong>visite priv\u00e9e de 3, 4 er 6 heures de Copenhague<\/strong> avec un chauffeur officiel priv\u00e9 et un guide dans un v\u00e9hicule de luxe. Apprenez \u00e0 conna\u00eetre les monuments et les quartiers les plus embl\u00e9matiques de <strong>Copenhague<\/strong> tels que les jardins de<strong> Tivoli, Ny Carlsberg Glyptotek, le mus\u00e9e national du Danemark et bien d&#8217;autres endroits.<\/strong><\/p>\n","protected":false},"featured_media":96576,"comment_status":"open","ping_status":"closed","template":"","meta":{"_acf_changed":false},"product_brand":[],"product_cat":[3748,3757,4213,4212],"product_tag":[],"class_list":{"0":"post-103121","1":"product","2":"type-product","3":"status-publish","4":"has-post-thumbnail","6":"product_cat-danemark-fr","7":"product_cat-copenhague-fr","8":"product_cat-all-private-tours-activities-fr-9","9":"product_cat-private-sightseeing-tours-fr-10","11":"first","12":"instock","13":"shipping-taxable","14":"purchasable","15":"product-type-simple"},"acf":[],"yoast_head":"<!-- This site is optimized with the Yoast SEO Premium plugin v25.3.1 (Yoast SEO v25.3.1) - https:\/\/yoast.com\/wordpress\/plugins\/seo\/ -->\n<title>Visite priv\u00e9e de la ville de Copenhague - Visite priv\u00e9e de Copenhague<\/title>\n<meta name=\"description\" content=\"Profitez de cette visite priv\u00e9e de Copenhague enti\u00e8rement personnalis\u00e9e et profitez de leurs monuments et sites les plus importants aux c\u00f4t\u00e9s d&#039;un guide priv\u00e9.\" \/>\n<meta name=\"robots\" content=\"index, follow, max-snippet:-1, max-image-preview:large, max-video-preview:-1\" \/>\n<link rel=\"canonical\" href=\"https:\/\/tourtravelandmore.com\/fr\/tours\/danemark-fr\/copenhague-fr\/private-sightseeing-tours-fr-10\/visite-privee-de-copenhague\/\" \/>\n<meta property=\"og:locale\" content=\"fr_FR\" \/>\n<meta property=\"og:type\" content=\"article\" \/>\n<meta property=\"og:title\" content=\"Visite priv\u00e9e de Copenhague\" \/>\n<meta property=\"og:description\" content=\"Profitez de cette visite priv\u00e9e de Copenhague enti\u00e8rement personnalis\u00e9e et profitez de leurs monuments et sites les plus importants aux c\u00f4t\u00e9s d&#039;un guide priv\u00e9.\" \/>\n<meta property=\"og:url\" content=\"https:\/\/tourtravelandmore.com\/fr\/tours\/danemark-fr\/copenhague-fr\/private-sightseeing-tours-fr-10\/visite-privee-de-copenhague\/\" \/>\n<meta property=\"og:site_name\" content=\"Tour Travel And More\" \/>\n<meta property=\"article:publisher\" content=\"https:\/\/www.facebook.com\/tourtravelandmore\/\" \/>\n<meta property=\"article:modified_time\" content=\"2024-02-28T15:52:23+00:00\" \/>\n<meta property=\"og:image\" content=\"https:\/\/tourtravelandmore.com\/wp-content\/uploads\/2019\/10\/nyhavn-copenhaguen-1.jpg\" \/>\n\t<meta property=\"og:image:width\" content=\"960\" \/>\n\t<meta property=\"og:image:height\" content=\"640\" \/>\n\t<meta property=\"og:image:type\" content=\"image\/jpeg\" \/>\n<meta name=\"twitter:card\" content=\"summary_large_image\" \/>\n<meta name=\"twitter:site\" content=\"@TourTravel_More\" \/>\n<meta name=\"twitter:label1\" content=\"Dur\u00e9e de lecture estim\u00e9e\" \/>\n\t<meta name=\"twitter:data1\" content=\"2 minutes\" \/>\n<script type=\"application\/ld+json\" class=\"yoast-schema-graph\">{\"@context\":\"https:\/\/schema.org\",\"@graph\":[{\"@type\":\"WebPage\",\"@id\":\"https:\/\/tourtravelandmore.com\/fr\/tours\/danemark-fr\/copenhague-fr\/private-sightseeing-tours-fr-10\/visite-privee-de-copenhague\/\",\"url\":\"https:\/\/tourtravelandmore.com\/fr\/tours\/danemark-fr\/copenhague-fr\/private-sightseeing-tours-fr-10\/visite-privee-de-copenhague\/\",\"name\":\"Visite priv\u00e9e de la ville de Copenhague - Visite priv\u00e9e de Copenhague\",\"isPartOf\":{\"@id\":\"https:\/\/tourtravelandmore.com\/fr\/#website\"},\"primaryImageOfPage\":{\"@id\":\"https:\/\/tourtravelandmore.com\/fr\/tours\/danemark-fr\/copenhague-fr\/private-sightseeing-tours-fr-10\/visite-privee-de-copenhague\/#primaryimage\"},\"image\":{\"@id\":\"https:\/\/tourtravelandmore.com\/fr\/tours\/danemark-fr\/copenhague-fr\/private-sightseeing-tours-fr-10\/visite-privee-de-copenhague\/#primaryimage\"},\"thumbnailUrl\":\"https:\/\/tourtravelandmore.com\/wp-content\/uploads\/2019\/10\/nyhavn-copenhaguen-1.jpg\",\"datePublished\":\"2019-10-13T15:45:20+00:00\",\"dateModified\":\"2024-02-28T15:52:23+00:00\",\"description\":\"Profitez de cette visite priv\u00e9e de Copenhague enti\u00e8rement personnalis\u00e9e et profitez de leurs monuments et sites les plus importants aux c\u00f4t\u00e9s d'un guide priv\u00e9.\",\"breadcrumb\":{\"@id\":\"https:\/\/tourtravelandmore.com\/fr\/tours\/danemark-fr\/copenhague-fr\/private-sightseeing-tours-fr-10\/visite-privee-de-copenhague\/#breadcrumb\"},\"inLanguage\":\"fr-FR\",\"potentialAction\":[{\"@type\":\"ReadAction\",\"target\":[\"https:\/\/tourtravelandmore.com\/fr\/tours\/danemark-fr\/copenhague-fr\/private-sightseeing-tours-fr-10\/visite-privee-de-copenhague\/\"]}]},{\"@type\":\"ImageObject\",\"inLanguage\":\"fr-FR\",\"@id\":\"https:\/\/tourtravelandmore.com\/fr\/tours\/danemark-fr\/copenhague-fr\/private-sightseeing-tours-fr-10\/visite-privee-de-copenhague\/#primaryimage\",\"url\":\"https:\/\/tourtravelandmore.com\/wp-content\/uploads\/2019\/10\/nyhavn-copenhaguen-1.jpg\",\"contentUrl\":\"https:\/\/tourtravelandmore.com\/wp-content\/uploads\/2019\/10\/nyhavn-copenhaguen-1.jpg\",\"width\":960,\"height\":640},{\"@type\":\"BreadcrumbList\",\"@id\":\"https:\/\/tourtravelandmore.com\/fr\/tours\/danemark-fr\/copenhague-fr\/private-sightseeing-tours-fr-10\/visite-privee-de-copenhague\/#breadcrumb\",\"itemListElement\":[{\"@type\":\"ListItem\",\"position\":1,\"name\":\"Home\",\"item\":\"https:\/\/tourtravelandmore.com\/fr\/\"},{\"@type\":\"ListItem\",\"position\":2,\"name\":\"Tours\",\"item\":\"https:\/\/tourtravelandmore.com\/fr\/tours\/\"},{\"@type\":\"ListItem\",\"position\":3,\"name\":\"Visite priv\u00e9e de Copenhague\"}]},{\"@type\":\"WebSite\",\"@id\":\"https:\/\/tourtravelandmore.com\/fr\/#website\",\"url\":\"https:\/\/tourtravelandmore.com\/fr\/\",\"name\":\"Tour Travel And More\",\"description\":\"Private sightseeing tours and luxury transfers in Spain\",\"publisher\":{\"@id\":\"https:\/\/tourtravelandmore.com\/fr\/#organization\"},\"potentialAction\":[{\"@type\":\"SearchAction\",\"target\":{\"@type\":\"EntryPoint\",\"urlTemplate\":\"https:\/\/tourtravelandmore.com\/fr\/?s={search_term_string}\"},\"query-input\":{\"@type\":\"PropertyValueSpecification\",\"valueRequired\":true,\"valueName\":\"search_term_string\"}}],\"inLanguage\":\"fr-FR\"},{\"@type\":\"Organization\",\"@id\":\"https:\/\/tourtravelandmore.com\/fr\/#organization\",\"name\":\"Tour Travel And More\",\"url\":\"https:\/\/tourtravelandmore.com\/fr\/\",\"logo\":{\"@type\":\"ImageObject\",\"inLanguage\":\"fr-FR\",\"@id\":\"https:\/\/tourtravelandmore.com\/fr\/#\/schema\/logo\/image\/\",\"url\":\"https:\/\/tourtravelandmore.com\/wp-content\/uploads\/2022\/12\/cropped-logo-cabecera-new.png\",\"contentUrl\":\"https:\/\/tourtravelandmore.com\/wp-content\/uploads\/2022\/12\/cropped-logo-cabecera-new.png\",\"width\":430,\"height\":61,\"caption\":\"Tour Travel And More\"},\"image\":{\"@id\":\"https:\/\/tourtravelandmore.com\/fr\/#\/schema\/logo\/image\/\"},\"sameAs\":[\"https:\/\/www.facebook.com\/tourtravelandmore\/\",\"https:\/\/x.com\/TourTravel_More\"]}]}<\/script>\n<!-- \/ Yoast SEO Premium plugin. -->","yoast_head_json":{"title":"Visite priv\u00e9e de la ville de Copenhague - Visite priv\u00e9e de Copenhague","description":"Profitez de cette visite priv\u00e9e de Copenhague enti\u00e8rement personnalis\u00e9e et profitez de leurs monuments et sites les plus importants aux c\u00f4t\u00e9s d'un guide priv\u00e9.","robots":{"index":"index","follow":"follow","max-snippet":"max-snippet:-1","max-image-preview":"max-image-preview:large","max-video-preview":"max-video-preview:-1"},"canonical":"https:\/\/tourtravelandmore.com\/fr\/tours\/danemark-fr\/copenhague-fr\/private-sightseeing-tours-fr-10\/visite-privee-de-copenhague\/","og_locale":"fr_FR","og_type":"article","og_title":"Visite priv\u00e9e de Copenhague","og_description":"Profitez de cette visite priv\u00e9e de Copenhague enti\u00e8rement personnalis\u00e9e et profitez de leurs monuments et sites les plus importants aux c\u00f4t\u00e9s d'un guide priv\u00e9.","og_url":"https:\/\/tourtravelandmore.com\/fr\/tours\/danemark-fr\/copenhague-fr\/private-sightseeing-tours-fr-10\/visite-privee-de-copenhague\/","og_site_name":"Tour Travel And More","article_publisher":"https:\/\/www.facebook.com\/tourtravelandmore\/","article_modified_time":"2024-02-28T15:52:23+00:00","og_image":[{"width":960,"height":640,"url":"https:\/\/tourtravelandmore.com\/wp-content\/uploads\/2019\/10\/nyhavn-copenhaguen-1.jpg","type":"image\/jpeg"}],"twitter_card":"summary_large_image","twitter_site":"@TourTravel_More","twitter_misc":{"Dur\u00e9e de lecture estim\u00e9e":"2 minutes"},"schema":{"@context":"https:\/\/schema.org","@graph":[{"@type":"WebPage","@id":"https:\/\/tourtravelandmore.com\/fr\/tours\/danemark-fr\/copenhague-fr\/private-sightseeing-tours-fr-10\/visite-privee-de-copenhague\/","url":"https:\/\/tourtravelandmore.com\/fr\/tours\/danemark-fr\/copenhague-fr\/private-sightseeing-tours-fr-10\/visite-privee-de-copenhague\/","name":"Visite priv\u00e9e de la ville de Copenhague - Visite priv\u00e9e de Copenhague","isPartOf":{"@id":"https:\/\/tourtravelandmore.com\/fr\/#website"},"primaryImageOfPage":{"@id":"https:\/\/tourtravelandmore.com\/fr\/tours\/danemark-fr\/copenhague-fr\/private-sightseeing-tours-fr-10\/visite-privee-de-copenhague\/#primaryimage"},"image":{"@id":"https:\/\/tourtravelandmore.com\/fr\/tours\/danemark-fr\/copenhague-fr\/private-sightseeing-tours-fr-10\/visite-privee-de-copenhague\/#primaryimage"},"thumbnailUrl":"https:\/\/tourtravelandmore.com\/wp-content\/uploads\/2019\/10\/nyhavn-copenhaguen-1.jpg","datePublished":"2019-10-13T15:45:20+00:00","dateModified":"2024-02-28T15:52:23+00:00","description":"Profitez de cette visite priv\u00e9e de Copenhague enti\u00e8rement personnalis\u00e9e et profitez de leurs monuments et sites les plus importants aux c\u00f4t\u00e9s d'un guide priv\u00e9.","breadcrumb":{"@id":"https:\/\/tourtravelandmore.com\/fr\/tours\/danemark-fr\/copenhague-fr\/private-sightseeing-tours-fr-10\/visite-privee-de-copenhague\/#breadcrumb"},"inLanguage":"fr-FR","potentialAction":[{"@type":"ReadAction","target":["https:\/\/tourtravelandmore.com\/fr\/tours\/danemark-fr\/copenhague-fr\/private-sightseeing-tours-fr-10\/visite-privee-de-copenhague\/"]}]},{"@type":"ImageObject","inLanguage":"fr-FR","@id":"https:\/\/tourtravelandmore.com\/fr\/tours\/danemark-fr\/copenhague-fr\/private-sightseeing-tours-fr-10\/visite-privee-de-copenhague\/#primaryimage","url":"https:\/\/tourtravelandmore.com\/wp-content\/uploads\/2019\/10\/nyhavn-copenhaguen-1.jpg","contentUrl":"https:\/\/tourtravelandmore.com\/wp-content\/uploads\/2019\/10\/nyhavn-copenhaguen-1.jpg","width":960,"height":640},{"@type":"BreadcrumbList","@id":"https:\/\/tourtravelandmore.com\/fr\/tours\/danemark-fr\/copenhague-fr\/private-sightseeing-tours-fr-10\/visite-privee-de-copenhague\/#breadcrumb","itemListElement":[{"@type":"ListItem","position":1,"name":"Home","item":"https:\/\/tourtravelandmore.com\/fr\/"},{"@type":"ListItem","position":2,"name":"Tours","item":"https:\/\/tourtravelandmore.com\/fr\/tours\/"},{"@type":"ListItem","position":3,"name":"Visite priv\u00e9e de Copenhague"}]},{"@type":"WebSite","@id":"https:\/\/tourtravelandmore.com\/fr\/#website","url":"https:\/\/tourtravelandmore.com\/fr\/","name":"Tour Travel And More","description":"Private sightseeing tours and luxury transfers in Spain","publisher":{"@id":"https:\/\/tourtravelandmore.com\/fr\/#organization"},"potentialAction":[{"@type":"SearchAction","target":{"@type":"EntryPoint","urlTemplate":"https:\/\/tourtravelandmore.com\/fr\/?s={search_term_string}"},"query-input":{"@type":"PropertyValueSpecification","valueRequired":true,"valueName":"search_term_string"}}],"inLanguage":"fr-FR"},{"@type":"Organization","@id":"https:\/\/tourtravelandmore.com\/fr\/#organization","name":"Tour Travel And More","url":"https:\/\/tourtravelandmore.com\/fr\/","logo":{"@type":"ImageObject","inLanguage":"fr-FR","@id":"https:\/\/tourtravelandmore.com\/fr\/#\/schema\/logo\/image\/","url":"https:\/\/tourtravelandmore.com\/wp-content\/uploads\/2022\/12\/cropped-logo-cabecera-new.png","contentUrl":"https:\/\/tourtravelandmore.com\/wp-content\/uploads\/2022\/12\/cropped-logo-cabecera-new.png","width":430,"height":61,"caption":"Tour Travel And More"},"image":{"@id":"https:\/\/tourtravelandmore.com\/fr\/#\/schema\/logo\/image\/"},"sameAs":["https:\/\/www.facebook.com\/tourtravelandmore\/","https:\/\/x.com\/TourTravel_More"]}]}},"_links":{"self":[{"href":"https:\/\/tourtravelandmore.com\/fr\/wp-json\/wp\/v2\/product\/103121","targetHints":{"allow":["GET"]}}],"collection":[{"href":"https:\/\/tourtravelandmore.com\/fr\/wp-json\/wp\/v2\/product"}],"about":[{"href":"https:\/\/tourtravelandmore.com\/fr\/wp-json\/wp\/v2\/types\/product"}],"replies":[{"embeddable":true,"href":"https:\/\/tourtravelandmore.com\/fr\/wp-json\/wp\/v2\/comments?post=103121"}],"wp:featuredmedia":[{"embeddable":true,"href":"https:\/\/tourtravelandmore.com\/fr\/wp-json\/wp\/v2\/media\/96576"}],"wp:attachment":[{"href":"https:\/\/tourtravelandmore.com\/fr\/wp-json\/wp\/v2\/media?parent=103121"}],"wp:term":[{"taxonomy":"product_brand","embeddable":true,"href":"https:\/\/tourtravelandmore.com\/fr\/wp-json\/wp\/v2\/product_brand?post=103121"},{"taxonomy":"product_cat","embeddable":true,"href":"https:\/\/tourtravelandmore.com\/fr\/wp-json\/wp\/v2\/product_cat?post=103121"},{"taxonomy":"product_tag","embeddable":true,"href":"https:\/\/tourtravelandmore.com\/fr\/wp-json\/wp\/v2\/product_tag?post=103121"}],"curies":[{"name":"wp","href":"https:\/\/api.w.org\/{rel}","templated":true}]}}