{"id":103114,"date":"2019-11-14T10:58:06","date_gmt":"2019-11-14T09:58:06","guid":{"rendered":"https:\/\/tourtravelandmore.com\/tours\/non%20class\u00e9\/visite-privee-de-prague-du-quartier-juif\/"},"modified":"2021-11-04T22:52:31","modified_gmt":"2021-11-04T21:52:31","slug":"visite-privee-de-prague-du-quartier-juif","status":"publish","type":"product","link":"https:\/\/tourtravelandmore.com\/fr\/tours\/republique-tcheque-fr\/prague-fr\/visite-privee-de-prague-du-quartier-juif\/","title":{"rendered":"Visite priv\u00e9e de Prague du quartier juif"},"content":{"rendered":"<h2>Description<\/h2>\n<p>Venez avec nous et profitez de cette visite priv\u00e9e de Prague du quartier juif de la ville de Prague. Apprenez \u00e0 conna\u00eetre avec votre guide priv\u00e9 le meilleur de Josefov \u00e0 Prague. Pendant la visite, votre guide priv\u00e9 vous racontera les anecdotes et l&#8217;histoire du quartier juif de Josefov et de son patrimoine. Pour rendre cette exp\u00e9rience plus facile et plus confortable pour vous, nous vous rencontrerons \u00e0 votre h\u00f4tel ou lieu de votre choix \u00e0 Prague.<\/p>\n<p>Il existe de nombreux autres endroits o\u00f9 votre guide priv\u00e9 peut vous aider \u00e0 explorer, m\u00eame les endroits les plus embl\u00e9matiques et les plus impressionnants de Prague, o\u00f9 vous pouvez prendre les meilleures photos quand et o\u00f9 vous le souhaitez lors de votre visite priv\u00e9e. Les sites et le point de rencontre de cette visite sont enti\u00e8rement personnalisables. Veuillez nous contacter pour organiser la visite en fonction de vos besoins personnels.<\/p>\n<p>La dur\u00e9e exacte de la visite est totalement flexible. Le programme et la dur\u00e9e de la visite sont pr\u00e9vus pour 3 heures \u00e0 travers les monuments et sites touristiques de la vieille ville de Prague.<\/p>\n<h2>Sites d&#8217;int\u00e9r\u00eat et monuments<\/h2>\n<p>Tout d&#8217;abord, commen\u00e7ons cette visite priv\u00e9e de Prague du quartier juif qui d\u00e9butera par la prise en charge \u00e0 votre h\u00f4tel. Votre guide vous guidera \u00e0 travers les points les plus embl\u00e9matiques de Prague o\u00f9 vous pourrez profiter des emplacements de la ville juive.<\/p>\n<p>Au cours de votre visite, vous d\u00e9couvrirez certains des sites les plus embl\u00e9matiques de Prague, tels que:<\/p>\n<ul>\n<li>Horloge astronomique de Prague<\/li>\n<li>Mus\u00e9e juif de Prague<\/li>\n<li>Synagogue espagnole<\/li>\n<li>Synagogue de Klausen<\/li>\n<li>Ancienne \/ nouvelle synagogue<\/li>\n<li>Le vieux cimeti\u00e8re juif<\/li>\n<li>Synagogue Pinkas<\/li>\n<li>Pont Charles (Karl\u016fv most)<\/li>\n<li>Et bien d&#8217;autres endroits dans cette visite priv\u00e9e de Prague.<\/li>\n<\/ul>\n<p>Vous pouvez profiter de cette visite priv\u00e9e de Prague \u00e0 c\u00f4t\u00e9 de votre guide officiel. Nous pouvons ajouter votre \u00e9limination de tout monument ou site que vous ne voudriez peut-\u00eatre pas voir ou que vous avez d\u00e9j\u00e0 vu.<\/p>\n<p>Chaque guide est un guide officiel de Prague et est non seulement agr\u00e9\u00e9 mais \u00e9galement un guide professionnel avec une grande connaissance de la ville et de son histoire.<\/p>\n<p>Enfin, une fois la visite termin\u00e9e, votre guide officiel priv\u00e9 vous ram\u00e8nera \u00e0 votre h\u00f4tel dans le centre-ville ou au lieu de votre choix \u00e0 Prague.<\/p>\n<p>Jetez un \u0153il \u00e0 d&#8217;autres visites priv\u00e9es \u00e0 Prague!<\/p>\n","protected":false},"excerpt":{"rendered":"<p>Rejoignez-nous dans cette visite priv\u00e9e enti\u00e8rement personnalis\u00e9e de 3 heures dans le quartier juif de Josefov et profitez de leurs monuments et sites les plus importants. Profitez de cette occasion pour conna\u00eetre le quartier de Josefov \u00e0 Prague lors de cette exp\u00e9rience avec votre propre guide officiel priv\u00e9. Ne manquez pas les monuments et les sites tels que la synagogue espagnole, l&#8217;ancienne \/ nouvelle synagogue, le vieux cimeti\u00e8re juif et bien plus encore lors de cette visite priv\u00e9e.<\/p>\n<p>&nbsp;<\/p>\n","protected":false},"featured_media":96674,"comment_status":"open","ping_status":"closed","template":"","meta":{"_acf_changed":false},"product_brand":[],"product_cat":[4460,3749,3755],"product_tag":[4220,4043,4219,4218],"class_list":{"0":"post-103114","1":"product","2":"type-product","3":"status-publish","4":"has-post-thumbnail","6":"product_cat-all-private-tours-activities-fr-22","7":"product_cat-republique-tcheque-fr","8":"product_cat-prague-fr","9":"product_tag-city-tour-fr","10":"product_tag-private-fr","11":"product_tag-private-tour-fr","12":"product_tag-sightseeing-fr","14":"first","15":"instock","16":"shipping-taxable","17":"purchasable","18":"product-type-simple"},"acf":[],"yoast_head":"<!-- This site is optimized with the Yoast SEO Premium plugin v25.3.1 (Yoast SEO v25.3.1) - https:\/\/yoast.com\/wordpress\/plugins\/seo\/ -->\n<title>Visite priv\u00e9e de Prague du quartier juif - VISITES PRIV\u00c9ES DE PRAGUE<\/title>\n<meta name=\"description\" content=\"Explorez et profitez du quartier juif de Prague avec un guide local et d\u00e9couvrez le meilleur de Prague. Visite priv\u00e9e de Prague du quartier juif\" \/>\n<meta name=\"robots\" content=\"index, follow, max-snippet:-1, max-image-preview:large, max-video-preview:-1\" \/>\n<link rel=\"canonical\" href=\"https:\/\/tourtravelandmore.com\/fr\/tours\/republique-tcheque-fr\/prague-fr\/visite-privee-de-prague-du-quartier-juif\/\" \/>\n<meta property=\"og:locale\" content=\"fr_FR\" \/>\n<meta property=\"og:type\" content=\"article\" \/>\n<meta property=\"og:title\" content=\"Visite priv\u00e9e de Prague du quartier juif\" \/>\n<meta property=\"og:description\" content=\"Explorez et profitez du quartier juif de Prague avec un guide local et d\u00e9couvrez le meilleur de Prague. Visite priv\u00e9e de Prague du quartier juif\" \/>\n<meta property=\"og:url\" content=\"https:\/\/tourtravelandmore.com\/fr\/tours\/republique-tcheque-fr\/prague-fr\/visite-privee-de-prague-du-quartier-juif\/\" \/>\n<meta property=\"og:site_name\" content=\"Tour Travel And More\" \/>\n<meta property=\"article:publisher\" content=\"https:\/\/www.facebook.com\/tourtravelandmore\/\" \/>\n<meta property=\"article:modified_time\" content=\"2021-11-04T21:52:31+00:00\" \/>\n<meta property=\"og:image\" content=\"https:\/\/tourtravelandmore.com\/wp-content\/uploads\/2019\/11\/Spanish_Synagogue_Prague.jpg\" \/>\n\t<meta property=\"og:image:width\" content=\"800\" \/>\n\t<meta property=\"og:image:height\" content=\"588\" \/>\n\t<meta property=\"og:image:type\" content=\"image\/jpeg\" \/>\n<meta name=\"twitter:card\" content=\"summary_large_image\" \/>\n<meta name=\"twitter:site\" content=\"@TourTravel_More\" \/>\n<meta name=\"twitter:label1\" content=\"Dur\u00e9e de lecture estim\u00e9e\" \/>\n\t<meta name=\"twitter:data1\" content=\"2 minutes\" \/>\n<script type=\"application\/ld+json\" class=\"yoast-schema-graph\">{\"@context\":\"https:\/\/schema.org\",\"@graph\":[{\"@type\":\"WebPage\",\"@id\":\"https:\/\/tourtravelandmore.com\/fr\/tours\/republique-tcheque-fr\/prague-fr\/visite-privee-de-prague-du-quartier-juif\/\",\"url\":\"https:\/\/tourtravelandmore.com\/fr\/tours\/republique-tcheque-fr\/prague-fr\/visite-privee-de-prague-du-quartier-juif\/\",\"name\":\"Visite priv\u00e9e de Prague du quartier juif - VISITES PRIV\u00c9ES DE PRAGUE\",\"isPartOf\":{\"@id\":\"https:\/\/tourtravelandmore.com\/fr\/#website\"},\"primaryImageOfPage\":{\"@id\":\"https:\/\/tourtravelandmore.com\/fr\/tours\/republique-tcheque-fr\/prague-fr\/visite-privee-de-prague-du-quartier-juif\/#primaryimage\"},\"image\":{\"@id\":\"https:\/\/tourtravelandmore.com\/fr\/tours\/republique-tcheque-fr\/prague-fr\/visite-privee-de-prague-du-quartier-juif\/#primaryimage\"},\"thumbnailUrl\":\"https:\/\/tourtravelandmore.com\/wp-content\/uploads\/2019\/11\/Spanish_Synagogue_Prague.jpg\",\"datePublished\":\"2019-11-14T09:58:06+00:00\",\"dateModified\":\"2021-11-04T21:52:31+00:00\",\"description\":\"Explorez et profitez du quartier juif de Prague avec un guide local et d\u00e9couvrez le meilleur de Prague. Visite priv\u00e9e de Prague du quartier juif\",\"breadcrumb\":{\"@id\":\"https:\/\/tourtravelandmore.com\/fr\/tours\/republique-tcheque-fr\/prague-fr\/visite-privee-de-prague-du-quartier-juif\/#breadcrumb\"},\"inLanguage\":\"fr-FR\",\"potentialAction\":[{\"@type\":\"ReadAction\",\"target\":[\"https:\/\/tourtravelandmore.com\/fr\/tours\/republique-tcheque-fr\/prague-fr\/visite-privee-de-prague-du-quartier-juif\/\"]}]},{\"@type\":\"ImageObject\",\"inLanguage\":\"fr-FR\",\"@id\":\"https:\/\/tourtravelandmore.com\/fr\/tours\/republique-tcheque-fr\/prague-fr\/visite-privee-de-prague-du-quartier-juif\/#primaryimage\",\"url\":\"https:\/\/tourtravelandmore.com\/wp-content\/uploads\/2019\/11\/Spanish_Synagogue_Prague.jpg\",\"contentUrl\":\"https:\/\/tourtravelandmore.com\/wp-content\/uploads\/2019\/11\/Spanish_Synagogue_Prague.jpg\",\"width\":800,\"height\":588},{\"@type\":\"BreadcrumbList\",\"@id\":\"https:\/\/tourtravelandmore.com\/fr\/tours\/republique-tcheque-fr\/prague-fr\/visite-privee-de-prague-du-quartier-juif\/#breadcrumb\",\"itemListElement\":[{\"@type\":\"ListItem\",\"position\":1,\"name\":\"Home\",\"item\":\"https:\/\/tourtravelandmore.com\/fr\/\"},{\"@type\":\"ListItem\",\"position\":2,\"name\":\"Tours\",\"item\":\"https:\/\/tourtravelandmore.com\/fr\/tours\/\"},{\"@type\":\"ListItem\",\"position\":3,\"name\":\"Visite priv\u00e9e de Prague du quartier juif\"}]},{\"@type\":\"WebSite\",\"@id\":\"https:\/\/tourtravelandmore.com\/fr\/#website\",\"url\":\"https:\/\/tourtravelandmore.com\/fr\/\",\"name\":\"Tour Travel And More\",\"description\":\"Private sightseeing tours and luxury transfers in Spain\",\"publisher\":{\"@id\":\"https:\/\/tourtravelandmore.com\/fr\/#organization\"},\"potentialAction\":[{\"@type\":\"SearchAction\",\"target\":{\"@type\":\"EntryPoint\",\"urlTemplate\":\"https:\/\/tourtravelandmore.com\/fr\/?s={search_term_string}\"},\"query-input\":{\"@type\":\"PropertyValueSpecification\",\"valueRequired\":true,\"valueName\":\"search_term_string\"}}],\"inLanguage\":\"fr-FR\"},{\"@type\":\"Organization\",\"@id\":\"https:\/\/tourtravelandmore.com\/fr\/#organization\",\"name\":\"Tour Travel And More\",\"url\":\"https:\/\/tourtravelandmore.com\/fr\/\",\"logo\":{\"@type\":\"ImageObject\",\"inLanguage\":\"fr-FR\",\"@id\":\"https:\/\/tourtravelandmore.com\/fr\/#\/schema\/logo\/image\/\",\"url\":\"https:\/\/tourtravelandmore.com\/wp-content\/uploads\/2022\/12\/cropped-logo-cabecera-new.png\",\"contentUrl\":\"https:\/\/tourtravelandmore.com\/wp-content\/uploads\/2022\/12\/cropped-logo-cabecera-new.png\",\"width\":430,\"height\":61,\"caption\":\"Tour Travel And More\"},\"image\":{\"@id\":\"https:\/\/tourtravelandmore.com\/fr\/#\/schema\/logo\/image\/\"},\"sameAs\":[\"https:\/\/www.facebook.com\/tourtravelandmore\/\",\"https:\/\/x.com\/TourTravel_More\"]}]}<\/script>\n<!-- \/ Yoast SEO Premium plugin. -->","yoast_head_json":{"title":"Visite priv\u00e9e de Prague du quartier juif - VISITES PRIV\u00c9ES DE PRAGUE","description":"Explorez et profitez du quartier juif de Prague avec un guide local et d\u00e9couvrez le meilleur de Prague. Visite priv\u00e9e de Prague du quartier juif","robots":{"index":"index","follow":"follow","max-snippet":"max-snippet:-1","max-image-preview":"max-image-preview:large","max-video-preview":"max-video-preview:-1"},"canonical":"https:\/\/tourtravelandmore.com\/fr\/tours\/republique-tcheque-fr\/prague-fr\/visite-privee-de-prague-du-quartier-juif\/","og_locale":"fr_FR","og_type":"article","og_title":"Visite priv\u00e9e de Prague du quartier juif","og_description":"Explorez et profitez du quartier juif de Prague avec un guide local et d\u00e9couvrez le meilleur de Prague. Visite priv\u00e9e de Prague du quartier juif","og_url":"https:\/\/tourtravelandmore.com\/fr\/tours\/republique-tcheque-fr\/prague-fr\/visite-privee-de-prague-du-quartier-juif\/","og_site_name":"Tour Travel And More","article_publisher":"https:\/\/www.facebook.com\/tourtravelandmore\/","article_modified_time":"2021-11-04T21:52:31+00:00","og_image":[{"width":800,"height":588,"url":"https:\/\/tourtravelandmore.com\/wp-content\/uploads\/2019\/11\/Spanish_Synagogue_Prague.jpg","type":"image\/jpeg"}],"twitter_card":"summary_large_image","twitter_site":"@TourTravel_More","twitter_misc":{"Dur\u00e9e de lecture estim\u00e9e":"2 minutes"},"schema":{"@context":"https:\/\/schema.org","@graph":[{"@type":"WebPage","@id":"https:\/\/tourtravelandmore.com\/fr\/tours\/republique-tcheque-fr\/prague-fr\/visite-privee-de-prague-du-quartier-juif\/","url":"https:\/\/tourtravelandmore.com\/fr\/tours\/republique-tcheque-fr\/prague-fr\/visite-privee-de-prague-du-quartier-juif\/","name":"Visite priv\u00e9e de Prague du quartier juif - VISITES PRIV\u00c9ES DE PRAGUE","isPartOf":{"@id":"https:\/\/tourtravelandmore.com\/fr\/#website"},"primaryImageOfPage":{"@id":"https:\/\/tourtravelandmore.com\/fr\/tours\/republique-tcheque-fr\/prague-fr\/visite-privee-de-prague-du-quartier-juif\/#primaryimage"},"image":{"@id":"https:\/\/tourtravelandmore.com\/fr\/tours\/republique-tcheque-fr\/prague-fr\/visite-privee-de-prague-du-quartier-juif\/#primaryimage"},"thumbnailUrl":"https:\/\/tourtravelandmore.com\/wp-content\/uploads\/2019\/11\/Spanish_Synagogue_Prague.jpg","datePublished":"2019-11-14T09:58:06+00:00","dateModified":"2021-11-04T21:52:31+00:00","description":"Explorez et profitez du quartier juif de Prague avec un guide local et d\u00e9couvrez le meilleur de Prague. Visite priv\u00e9e de Prague du quartier juif","breadcrumb":{"@id":"https:\/\/tourtravelandmore.com\/fr\/tours\/republique-tcheque-fr\/prague-fr\/visite-privee-de-prague-du-quartier-juif\/#breadcrumb"},"inLanguage":"fr-FR","potentialAction":[{"@type":"ReadAction","target":["https:\/\/tourtravelandmore.com\/fr\/tours\/republique-tcheque-fr\/prague-fr\/visite-privee-de-prague-du-quartier-juif\/"]}]},{"@type":"ImageObject","inLanguage":"fr-FR","@id":"https:\/\/tourtravelandmore.com\/fr\/tours\/republique-tcheque-fr\/prague-fr\/visite-privee-de-prague-du-quartier-juif\/#primaryimage","url":"https:\/\/tourtravelandmore.com\/wp-content\/uploads\/2019\/11\/Spanish_Synagogue_Prague.jpg","contentUrl":"https:\/\/tourtravelandmore.com\/wp-content\/uploads\/2019\/11\/Spanish_Synagogue_Prague.jpg","width":800,"height":588},{"@type":"BreadcrumbList","@id":"https:\/\/tourtravelandmore.com\/fr\/tours\/republique-tcheque-fr\/prague-fr\/visite-privee-de-prague-du-quartier-juif\/#breadcrumb","itemListElement":[{"@type":"ListItem","position":1,"name":"Home","item":"https:\/\/tourtravelandmore.com\/fr\/"},{"@type":"ListItem","position":2,"name":"Tours","item":"https:\/\/tourtravelandmore.com\/fr\/tours\/"},{"@type":"ListItem","position":3,"name":"Visite priv\u00e9e de Prague du quartier juif"}]},{"@type":"WebSite","@id":"https:\/\/tourtravelandmore.com\/fr\/#website","url":"https:\/\/tourtravelandmore.com\/fr\/","name":"Tour Travel And More","description":"Private sightseeing tours and luxury transfers in Spain","publisher":{"@id":"https:\/\/tourtravelandmore.com\/fr\/#organization"},"potentialAction":[{"@type":"SearchAction","target":{"@type":"EntryPoint","urlTemplate":"https:\/\/tourtravelandmore.com\/fr\/?s={search_term_string}"},"query-input":{"@type":"PropertyValueSpecification","valueRequired":true,"valueName":"search_term_string"}}],"inLanguage":"fr-FR"},{"@type":"Organization","@id":"https:\/\/tourtravelandmore.com\/fr\/#organization","name":"Tour Travel And More","url":"https:\/\/tourtravelandmore.com\/fr\/","logo":{"@type":"ImageObject","inLanguage":"fr-FR","@id":"https:\/\/tourtravelandmore.com\/fr\/#\/schema\/logo\/image\/","url":"https:\/\/tourtravelandmore.com\/wp-content\/uploads\/2022\/12\/cropped-logo-cabecera-new.png","contentUrl":"https:\/\/tourtravelandmore.com\/wp-content\/uploads\/2022\/12\/cropped-logo-cabecera-new.png","width":430,"height":61,"caption":"Tour Travel And More"},"image":{"@id":"https:\/\/tourtravelandmore.com\/fr\/#\/schema\/logo\/image\/"},"sameAs":["https:\/\/www.facebook.com\/tourtravelandmore\/","https:\/\/x.com\/TourTravel_More"]}]}},"_links":{"self":[{"href":"https:\/\/tourtravelandmore.com\/fr\/wp-json\/wp\/v2\/product\/103114","targetHints":{"allow":["GET"]}}],"collection":[{"href":"https:\/\/tourtravelandmore.com\/fr\/wp-json\/wp\/v2\/product"}],"about":[{"href":"https:\/\/tourtravelandmore.com\/fr\/wp-json\/wp\/v2\/types\/product"}],"replies":[{"embeddable":true,"href":"https:\/\/tourtravelandmore.com\/fr\/wp-json\/wp\/v2\/comments?post=103114"}],"wp:featuredmedia":[{"embeddable":true,"href":"https:\/\/tourtravelandmore.com\/fr\/wp-json\/wp\/v2\/media\/96674"}],"wp:attachment":[{"href":"https:\/\/tourtravelandmore.com\/fr\/wp-json\/wp\/v2\/media?parent=103114"}],"wp:term":[{"taxonomy":"product_brand","embeddable":true,"href":"https:\/\/tourtravelandmore.com\/fr\/wp-json\/wp\/v2\/product_brand?post=103114"},{"taxonomy":"product_cat","embeddable":true,"href":"https:\/\/tourtravelandmore.com\/fr\/wp-json\/wp\/v2\/product_cat?post=103114"},{"taxonomy":"product_tag","embeddable":true,"href":"https:\/\/tourtravelandmore.com\/fr\/wp-json\/wp\/v2\/product_tag?post=103114"}],"curies":[{"name":"wp","href":"https:\/\/api.w.org\/{rel}","templated":true}]}}