{"id":103102,"date":"2019-11-14T10:58:02","date_gmt":"2019-11-14T09:58:02","guid":{"rendered":"https:\/\/tourtravelandmore.com\/tours\/non%20class\u00e9\/visite-privee-de-la-ville-juive-et-des-musees\/"},"modified":"2022-05-29T19:01:33","modified_gmt":"2022-05-29T17:01:33","slug":"visite-privee-a-pied-du-quartier-juif-de-prague","status":"publish","type":"product","link":"https:\/\/tourtravelandmore.com\/fr\/tours\/republique-tcheque-fr\/prague-fr\/visite-privee-a-pied-du-quartier-juif-de-prague\/","title":{"rendered":"Visite priv\u00e9e \u00e0 pied du quartier juif de Prague"},"content":{"rendered":"<h2><b>Description de la visite priv\u00e9e \u00e0 pied du quartier juif de Prague<\/b><\/h2>\n<p><span style=\"font-weight: 400;\">Faites cette visite priv\u00e9e avec votre guide, qui vous aidera \u00e0 explorer le quartier juif de Prague pour comprendre certaines des meilleures attractions.<\/span><\/p>\n<p><span style=\"font-weight: 400;\">Le quartier juif de Josefov est le t\u00e9moin d&#8217;une histoire riche et diversifi\u00e9e. Votre guide priv\u00e9 s&#8217;occupera de tous les aspects de votre visite et vous en dira plus sur le patrimoine de la r\u00e9gion pendant votre s\u00e9jour \u00e0 Prague.<\/span><\/p>\n<p><span style=\"font-weight: 400;\">Lors de votre visite priv\u00e9e \u00e0 pied du quartier juif de Prague, votre guide touristique vous montrera les sites les plus embl\u00e9matiques et les plus impressionnants, y compris les meilleurs endroits pour prendre des photos. Non seulement ils vous parleront de l&#8217;histoire et de la culture de la ville, mais ils vous aideront \u00e9galement \u00e0 organiser votre itin\u00e9raire en fonction de la taille de votre groupe et de vos besoins individuels. Cette visite est enti\u00e8rement personnalisable et peut facilement \u00eatre arrang\u00e9e pour r\u00e9pondre \u00e0 vos besoins personnels. Veuillez nous contacter si vous souhaitez organiser une autre aventure de ce type !<\/span><\/p>\n<p><span style=\"font-weight: 400;\">La visite, d&#8217;une dur\u00e9e de 3 heures, devrait vous faire d\u00e9couvrir les sites les plus connus du quartier juif de Prague. La dur\u00e9e exacte de la visite peut \u00eatre chang\u00e9e ou modifi\u00e9e, mais vous devez nous contacter avant de r\u00e9server.<\/span><\/p>\n<h2><b>Points d&#8217;int\u00e9r\u00eat de la visite priv\u00e9e \u00e0 pied du quartier juif de Prague<\/b><\/h2>\n<p><span style=\"font-weight: 400;\">Cette visite priv\u00e9e \u00e0 pied du quartier juif de Prague commence par un rendez-vous \u00e0 votre h\u00f4tel ou \u00e0 un endroit central de la ville. Votre guide vous emm\u00e8nera \u00e0 travers certains des sites les plus embl\u00e9matiques de Prague, comme le quartier juif, et vous montrera les meilleures curiosit\u00e9s.<\/span><\/p>\n<p><span style=\"font-weight: 400;\">Promenons-nous dans cette belle ville et d\u00e9couvrons quelques-uns des plus beaux endroits de Prague. Ce ne sont que quelques exemples, vous les reconna\u00eetrez quand vous les verrez !<\/span><b><\/b><\/p>\n<ul>\n<li><b>Horloge astronomique de Prague<\/b><\/li>\n<li><b>Mus\u00e9e juif de Prague<\/b><\/li>\n<li><b>Synagogue espagnole<\/b><\/li>\n<li><b>Synagogue Klausen<\/b><\/li>\n<li><b>Synagogue ancienne\/nouvelle<\/b><\/li>\n<li><b>Ancien cimeti\u00e8re juif<\/b><\/li>\n<li><b>Synagogue Pinkas<\/b><\/li>\n<li><b>Pont Charles (Karl\u016fv most)<\/b><\/li>\n<li><b>Et bien d&#8217;autres lieux encore lors de cette visite priv\u00e9e de Prague.<\/b><\/li>\n<\/ul>\n<p><span style=\"font-weight: 400;\">Vous m\u00e9ritez de profiter au maximum de votre visite de Prague et c&#8217;est pourquoi nous vous proposons une visite priv\u00e9e. Vous pouvez ajouter ou supprimer les monuments ou les sites qui vous int\u00e9ressent, de sorte que vous n&#8217;avez pas \u00e0 vous soucier de les cocher sur une liste !<\/span><\/p>\n<p><span style=\"font-weight: 400;\">Chaque expert local de Prague est non seulement titulaire d&#8217;une licence, mais aussi un guide touristique professionnel ayant une grande connaissance de la ville et de son histoire.<\/span><\/p>\n<p><span style=\"font-weight: 400;\">\u00c0 la fin de la visite, votre guide officiel priv\u00e9 vous ram\u00e8nera \u00e0 votre h\u00f4tel dans le centre-ville ou \u00e0 l&#8217;endroit de votre choix.<\/span><\/p>\n<p><span style=\"font-weight: 400;\">D\u00e9couvrez nos autres visites priv\u00e9es \u00e0 Prague !<\/span><\/p>\n","protected":false},"excerpt":{"rendered":"<p><span style=\"font-weight: 400;\">Le quartier juif de Prague est une visite priv\u00e9e \u00e0 pied. Cette visite \u00e0 pied vous fera d\u00e9couvrir l&#8217;histoire de cette belle r\u00e9gion et sa riche culture.<\/span><\/p>\n<p><span style=\"font-weight: 400;\">Le quartier juif de Prague est l&#8217;un des quartiers les plus populaires de la ville, tant pour les touristes que pour les habitants. Elle abrite certaines des plus anciennes synagogues, dont la Grande synagogue, construite en 1868.<\/span><\/p>\n<p><span style=\"font-weight: 400;\">Cette visite offre un aper\u00e7u unique de tous les aspects de la vie juive \u00e0 Prague, de son histoire \u00e0 sa culture actuelle.<\/span><\/p>\n","protected":false},"featured_media":96677,"comment_status":"open","ping_status":"closed","template":"","meta":{"_acf_changed":false},"product_brand":[],"product_cat":[4460,3749,3755],"product_tag":[],"class_list":{"0":"post-103102","1":"product","2":"type-product","3":"status-publish","4":"has-post-thumbnail","6":"product_cat-all-private-tours-activities-fr-22","7":"product_cat-republique-tcheque-fr","8":"product_cat-prague-fr","10":"first","11":"instock","12":"shipping-taxable","13":"purchasable","14":"product-type-simple"},"acf":[],"yoast_head":"<!-- This site is optimized with the Yoast SEO Premium plugin v25.3.1 (Yoast SEO v25.3.1) - https:\/\/yoast.com\/wordpress\/plugins\/seo\/ -->\n<title>Visite priv\u00e9e \u00e0 pied du quartier juif de Prague | Tour Travel &amp; More<\/title>\n<meta name=\"description\" content=\"La visite priv\u00e9e \u00e0 pied du quartier juif de Prague est une excellente occasion pour les touristes de d\u00e9couvrir le quartier juif, son histoire et sa culture \u00e0 pied \u2705\" \/>\n<meta name=\"robots\" content=\"index, follow, max-snippet:-1, max-image-preview:large, max-video-preview:-1\" \/>\n<link rel=\"canonical\" href=\"https:\/\/tourtravelandmore.com\/fr\/tours\/republique-tcheque-fr\/prague-fr\/visite-privee-a-pied-du-quartier-juif-de-prague\/\" \/>\n<meta property=\"og:locale\" content=\"fr_FR\" \/>\n<meta property=\"og:type\" content=\"article\" \/>\n<meta property=\"og:title\" content=\"Visite priv\u00e9e \u00e0 pied du quartier juif de Prague\" \/>\n<meta property=\"og:description\" content=\"La visite priv\u00e9e \u00e0 pied du quartier juif de Prague est une excellente occasion pour les touristes de d\u00e9couvrir le quartier juif, son histoire et sa culture \u00e0 pied \u2705\" \/>\n<meta property=\"og:url\" content=\"https:\/\/tourtravelandmore.com\/fr\/tours\/republique-tcheque-fr\/prague-fr\/visite-privee-a-pied-du-quartier-juif-de-prague\/\" \/>\n<meta property=\"og:site_name\" content=\"Tour Travel And More\" \/>\n<meta property=\"article:publisher\" content=\"https:\/\/www.facebook.com\/tourtravelandmore\/\" \/>\n<meta property=\"article:modified_time\" content=\"2022-05-29T17:01:33+00:00\" \/>\n<meta property=\"og:image\" content=\"https:\/\/tourtravelandmore.com\/wp-content\/uploads\/2019\/11\/jewish_quarter_prague.jpg\" \/>\n\t<meta property=\"og:image:width\" content=\"1024\" \/>\n\t<meta property=\"og:image:height\" content=\"819\" \/>\n\t<meta property=\"og:image:type\" content=\"image\/jpeg\" \/>\n<meta name=\"twitter:card\" content=\"summary_large_image\" \/>\n<meta name=\"twitter:site\" content=\"@TourTravel_More\" \/>\n<meta name=\"twitter:label1\" content=\"Dur\u00e9e de lecture estim\u00e9e\" \/>\n\t<meta name=\"twitter:data1\" content=\"2 minutes\" \/>\n<script type=\"application\/ld+json\" class=\"yoast-schema-graph\">{\"@context\":\"https:\/\/schema.org\",\"@graph\":[{\"@type\":\"WebPage\",\"@id\":\"https:\/\/tourtravelandmore.com\/fr\/tours\/republique-tcheque-fr\/prague-fr\/visite-privee-a-pied-du-quartier-juif-de-prague\/\",\"url\":\"https:\/\/tourtravelandmore.com\/fr\/tours\/republique-tcheque-fr\/prague-fr\/visite-privee-a-pied-du-quartier-juif-de-prague\/\",\"name\":\"Visite priv\u00e9e \u00e0 pied du quartier juif de Prague | Tour Travel & More\",\"isPartOf\":{\"@id\":\"https:\/\/tourtravelandmore.com\/fr\/#website\"},\"primaryImageOfPage\":{\"@id\":\"https:\/\/tourtravelandmore.com\/fr\/tours\/republique-tcheque-fr\/prague-fr\/visite-privee-a-pied-du-quartier-juif-de-prague\/#primaryimage\"},\"image\":{\"@id\":\"https:\/\/tourtravelandmore.com\/fr\/tours\/republique-tcheque-fr\/prague-fr\/visite-privee-a-pied-du-quartier-juif-de-prague\/#primaryimage\"},\"thumbnailUrl\":\"https:\/\/tourtravelandmore.com\/wp-content\/uploads\/2019\/11\/jewish_quarter_prague.jpg\",\"datePublished\":\"2019-11-14T09:58:02+00:00\",\"dateModified\":\"2022-05-29T17:01:33+00:00\",\"description\":\"La visite priv\u00e9e \u00e0 pied du quartier juif de Prague est une excellente occasion pour les touristes de d\u00e9couvrir le quartier juif, son histoire et sa culture \u00e0 pied \u2705\",\"breadcrumb\":{\"@id\":\"https:\/\/tourtravelandmore.com\/fr\/tours\/republique-tcheque-fr\/prague-fr\/visite-privee-a-pied-du-quartier-juif-de-prague\/#breadcrumb\"},\"inLanguage\":\"fr-FR\",\"potentialAction\":[{\"@type\":\"ReadAction\",\"target\":[\"https:\/\/tourtravelandmore.com\/fr\/tours\/republique-tcheque-fr\/prague-fr\/visite-privee-a-pied-du-quartier-juif-de-prague\/\"]}]},{\"@type\":\"ImageObject\",\"inLanguage\":\"fr-FR\",\"@id\":\"https:\/\/tourtravelandmore.com\/fr\/tours\/republique-tcheque-fr\/prague-fr\/visite-privee-a-pied-du-quartier-juif-de-prague\/#primaryimage\",\"url\":\"https:\/\/tourtravelandmore.com\/wp-content\/uploads\/2019\/11\/jewish_quarter_prague.jpg\",\"contentUrl\":\"https:\/\/tourtravelandmore.com\/wp-content\/uploads\/2019\/11\/jewish_quarter_prague.jpg\",\"width\":1024,\"height\":819},{\"@type\":\"BreadcrumbList\",\"@id\":\"https:\/\/tourtravelandmore.com\/fr\/tours\/republique-tcheque-fr\/prague-fr\/visite-privee-a-pied-du-quartier-juif-de-prague\/#breadcrumb\",\"itemListElement\":[{\"@type\":\"ListItem\",\"position\":1,\"name\":\"Home\",\"item\":\"https:\/\/tourtravelandmore.com\/fr\/\"},{\"@type\":\"ListItem\",\"position\":2,\"name\":\"Tours\",\"item\":\"https:\/\/tourtravelandmore.com\/fr\/tours\/\"},{\"@type\":\"ListItem\",\"position\":3,\"name\":\"Visite priv\u00e9e \u00e0 pied du quartier juif de Prague\"}]},{\"@type\":\"WebSite\",\"@id\":\"https:\/\/tourtravelandmore.com\/fr\/#website\",\"url\":\"https:\/\/tourtravelandmore.com\/fr\/\",\"name\":\"Tour Travel And More\",\"description\":\"Private sightseeing tours and luxury transfers in Spain\",\"publisher\":{\"@id\":\"https:\/\/tourtravelandmore.com\/fr\/#organization\"},\"potentialAction\":[{\"@type\":\"SearchAction\",\"target\":{\"@type\":\"EntryPoint\",\"urlTemplate\":\"https:\/\/tourtravelandmore.com\/fr\/?s={search_term_string}\"},\"query-input\":{\"@type\":\"PropertyValueSpecification\",\"valueRequired\":true,\"valueName\":\"search_term_string\"}}],\"inLanguage\":\"fr-FR\"},{\"@type\":\"Organization\",\"@id\":\"https:\/\/tourtravelandmore.com\/fr\/#organization\",\"name\":\"Tour Travel And More\",\"url\":\"https:\/\/tourtravelandmore.com\/fr\/\",\"logo\":{\"@type\":\"ImageObject\",\"inLanguage\":\"fr-FR\",\"@id\":\"https:\/\/tourtravelandmore.com\/fr\/#\/schema\/logo\/image\/\",\"url\":\"https:\/\/tourtravelandmore.com\/wp-content\/uploads\/2022\/12\/cropped-logo-cabecera-new.png\",\"contentUrl\":\"https:\/\/tourtravelandmore.com\/wp-content\/uploads\/2022\/12\/cropped-logo-cabecera-new.png\",\"width\":430,\"height\":61,\"caption\":\"Tour Travel And More\"},\"image\":{\"@id\":\"https:\/\/tourtravelandmore.com\/fr\/#\/schema\/logo\/image\/\"},\"sameAs\":[\"https:\/\/www.facebook.com\/tourtravelandmore\/\",\"https:\/\/x.com\/TourTravel_More\"]}]}<\/script>\n<!-- \/ Yoast SEO Premium plugin. -->","yoast_head_json":{"title":"Visite priv\u00e9e \u00e0 pied du quartier juif de Prague | Tour Travel & More","description":"La visite priv\u00e9e \u00e0 pied du quartier juif de Prague est une excellente occasion pour les touristes de d\u00e9couvrir le quartier juif, son histoire et sa culture \u00e0 pied \u2705","robots":{"index":"index","follow":"follow","max-snippet":"max-snippet:-1","max-image-preview":"max-image-preview:large","max-video-preview":"max-video-preview:-1"},"canonical":"https:\/\/tourtravelandmore.com\/fr\/tours\/republique-tcheque-fr\/prague-fr\/visite-privee-a-pied-du-quartier-juif-de-prague\/","og_locale":"fr_FR","og_type":"article","og_title":"Visite priv\u00e9e \u00e0 pied du quartier juif de Prague","og_description":"La visite priv\u00e9e \u00e0 pied du quartier juif de Prague est une excellente occasion pour les touristes de d\u00e9couvrir le quartier juif, son histoire et sa culture \u00e0 pied \u2705","og_url":"https:\/\/tourtravelandmore.com\/fr\/tours\/republique-tcheque-fr\/prague-fr\/visite-privee-a-pied-du-quartier-juif-de-prague\/","og_site_name":"Tour Travel And More","article_publisher":"https:\/\/www.facebook.com\/tourtravelandmore\/","article_modified_time":"2022-05-29T17:01:33+00:00","og_image":[{"width":1024,"height":819,"url":"https:\/\/tourtravelandmore.com\/wp-content\/uploads\/2019\/11\/jewish_quarter_prague.jpg","type":"image\/jpeg"}],"twitter_card":"summary_large_image","twitter_site":"@TourTravel_More","twitter_misc":{"Dur\u00e9e de lecture estim\u00e9e":"2 minutes"},"schema":{"@context":"https:\/\/schema.org","@graph":[{"@type":"WebPage","@id":"https:\/\/tourtravelandmore.com\/fr\/tours\/republique-tcheque-fr\/prague-fr\/visite-privee-a-pied-du-quartier-juif-de-prague\/","url":"https:\/\/tourtravelandmore.com\/fr\/tours\/republique-tcheque-fr\/prague-fr\/visite-privee-a-pied-du-quartier-juif-de-prague\/","name":"Visite priv\u00e9e \u00e0 pied du quartier juif de Prague | Tour Travel & More","isPartOf":{"@id":"https:\/\/tourtravelandmore.com\/fr\/#website"},"primaryImageOfPage":{"@id":"https:\/\/tourtravelandmore.com\/fr\/tours\/republique-tcheque-fr\/prague-fr\/visite-privee-a-pied-du-quartier-juif-de-prague\/#primaryimage"},"image":{"@id":"https:\/\/tourtravelandmore.com\/fr\/tours\/republique-tcheque-fr\/prague-fr\/visite-privee-a-pied-du-quartier-juif-de-prague\/#primaryimage"},"thumbnailUrl":"https:\/\/tourtravelandmore.com\/wp-content\/uploads\/2019\/11\/jewish_quarter_prague.jpg","datePublished":"2019-11-14T09:58:02+00:00","dateModified":"2022-05-29T17:01:33+00:00","description":"La visite priv\u00e9e \u00e0 pied du quartier juif de Prague est une excellente occasion pour les touristes de d\u00e9couvrir le quartier juif, son histoire et sa culture \u00e0 pied \u2705","breadcrumb":{"@id":"https:\/\/tourtravelandmore.com\/fr\/tours\/republique-tcheque-fr\/prague-fr\/visite-privee-a-pied-du-quartier-juif-de-prague\/#breadcrumb"},"inLanguage":"fr-FR","potentialAction":[{"@type":"ReadAction","target":["https:\/\/tourtravelandmore.com\/fr\/tours\/republique-tcheque-fr\/prague-fr\/visite-privee-a-pied-du-quartier-juif-de-prague\/"]}]},{"@type":"ImageObject","inLanguage":"fr-FR","@id":"https:\/\/tourtravelandmore.com\/fr\/tours\/republique-tcheque-fr\/prague-fr\/visite-privee-a-pied-du-quartier-juif-de-prague\/#primaryimage","url":"https:\/\/tourtravelandmore.com\/wp-content\/uploads\/2019\/11\/jewish_quarter_prague.jpg","contentUrl":"https:\/\/tourtravelandmore.com\/wp-content\/uploads\/2019\/11\/jewish_quarter_prague.jpg","width":1024,"height":819},{"@type":"BreadcrumbList","@id":"https:\/\/tourtravelandmore.com\/fr\/tours\/republique-tcheque-fr\/prague-fr\/visite-privee-a-pied-du-quartier-juif-de-prague\/#breadcrumb","itemListElement":[{"@type":"ListItem","position":1,"name":"Home","item":"https:\/\/tourtravelandmore.com\/fr\/"},{"@type":"ListItem","position":2,"name":"Tours","item":"https:\/\/tourtravelandmore.com\/fr\/tours\/"},{"@type":"ListItem","position":3,"name":"Visite priv\u00e9e \u00e0 pied du quartier juif de Prague"}]},{"@type":"WebSite","@id":"https:\/\/tourtravelandmore.com\/fr\/#website","url":"https:\/\/tourtravelandmore.com\/fr\/","name":"Tour Travel And More","description":"Private sightseeing tours and luxury transfers in Spain","publisher":{"@id":"https:\/\/tourtravelandmore.com\/fr\/#organization"},"potentialAction":[{"@type":"SearchAction","target":{"@type":"EntryPoint","urlTemplate":"https:\/\/tourtravelandmore.com\/fr\/?s={search_term_string}"},"query-input":{"@type":"PropertyValueSpecification","valueRequired":true,"valueName":"search_term_string"}}],"inLanguage":"fr-FR"},{"@type":"Organization","@id":"https:\/\/tourtravelandmore.com\/fr\/#organization","name":"Tour Travel And More","url":"https:\/\/tourtravelandmore.com\/fr\/","logo":{"@type":"ImageObject","inLanguage":"fr-FR","@id":"https:\/\/tourtravelandmore.com\/fr\/#\/schema\/logo\/image\/","url":"https:\/\/tourtravelandmore.com\/wp-content\/uploads\/2022\/12\/cropped-logo-cabecera-new.png","contentUrl":"https:\/\/tourtravelandmore.com\/wp-content\/uploads\/2022\/12\/cropped-logo-cabecera-new.png","width":430,"height":61,"caption":"Tour Travel And More"},"image":{"@id":"https:\/\/tourtravelandmore.com\/fr\/#\/schema\/logo\/image\/"},"sameAs":["https:\/\/www.facebook.com\/tourtravelandmore\/","https:\/\/x.com\/TourTravel_More"]}]}},"_links":{"self":[{"href":"https:\/\/tourtravelandmore.com\/fr\/wp-json\/wp\/v2\/product\/103102","targetHints":{"allow":["GET"]}}],"collection":[{"href":"https:\/\/tourtravelandmore.com\/fr\/wp-json\/wp\/v2\/product"}],"about":[{"href":"https:\/\/tourtravelandmore.com\/fr\/wp-json\/wp\/v2\/types\/product"}],"replies":[{"embeddable":true,"href":"https:\/\/tourtravelandmore.com\/fr\/wp-json\/wp\/v2\/comments?post=103102"}],"wp:featuredmedia":[{"embeddable":true,"href":"https:\/\/tourtravelandmore.com\/fr\/wp-json\/wp\/v2\/media\/96677"}],"wp:attachment":[{"href":"https:\/\/tourtravelandmore.com\/fr\/wp-json\/wp\/v2\/media?parent=103102"}],"wp:term":[{"taxonomy":"product_brand","embeddable":true,"href":"https:\/\/tourtravelandmore.com\/fr\/wp-json\/wp\/v2\/product_brand?post=103102"},{"taxonomy":"product_cat","embeddable":true,"href":"https:\/\/tourtravelandmore.com\/fr\/wp-json\/wp\/v2\/product_cat?post=103102"},{"taxonomy":"product_tag","embeddable":true,"href":"https:\/\/tourtravelandmore.com\/fr\/wp-json\/wp\/v2\/product_tag?post=103102"}],"curies":[{"name":"wp","href":"https:\/\/api.w.org\/{rel}","templated":true}]}}