{"id":103096,"date":"2019-09-19T23:14:15","date_gmt":"2019-09-19T21:14:15","guid":{"rendered":"https:\/\/tourtravelandmore.com\/tours\/non%20class\u00e9\/visite-privee-de-cesky-krumlov\/"},"modified":"2022-05-21T11:35:16","modified_gmt":"2022-05-21T09:35:16","slug":"visite-privee-de-cesky-krumlov-au-depart-de-prague","status":"publish","type":"product","link":"https:\/\/tourtravelandmore.com\/fr\/tours\/republique-tcheque-fr\/prague-fr\/visite-privee-de-cesky-krumlov-au-depart-de-prague\/","title":{"rendered":"Visite priv\u00e9e de Cesky Krumlov au d\u00e9part de Prague"},"content":{"rendered":"<h2><b>Description de la visite priv\u00e9e de Cesky Krumlov au d\u00e9part de Prague<\/b><\/h2>\n<p><span style=\"font-weight: 400;\">Profitez d&#8217;une visite priv\u00e9e de la ville de Cesky Krumlov depuis Prague avec votre guide officiel priv\u00e9. Comme pour toutes nos visites, celles-ci se d\u00e9roulent dans un v\u00e9hicule de luxe avec chauffeur.<\/span><\/p>\n<p><span style=\"font-weight: 400;\">Examinez la flexibilit\u00e9 de la visite o\u00f9 nous pouvons nous concentrer sur les lieux qui vous int\u00e9ressent le plus et voir les sites les plus embl\u00e9matiques de la ville.<\/span><\/p>\n<p><span style=\"font-weight: 400;\">Vous pouvez personnaliser votre itin\u00e9raire avec nous \u00e0 tout moment. Voici un exemple de certains des sites les plus importants, mais vous pouvez le personnaliser en fonction de vos besoins.<\/span><\/p>\n<p><span style=\"font-weight: 400;\">Vous trouverez ci-dessous un itin\u00e9raire de 9 heures pour une visite. Si vous souhaitez plus de temps, n&#8217;h\u00e9sitez pas \u00e0 ajouter des heures suppl\u00e9mentaires de votre choix. Nous sommes l\u00e0 pour faire en sorte que votre exp\u00e9rience soit sp\u00e9ciale et m\u00e9morable.<\/span><\/p>\n<h2><b>Points forts de l&#8217;excursion priv\u00e9e \u00e0 Cesky Krumlov au d\u00e9part de Prague<\/b><\/h2>\n<p><span style=\"font-weight: 400;\">Tout d&#8217;abord, votre chauffeur priv\u00e9 et votre guide officiel viendront vous chercher \u00e0 votre h\u00f4tel ou \u00e0 l&#8217;endroit de votre choix \u00e0 Prague. Au cours de la visite, vous entendrez de nombreuses histoires et anecdotes amusantes sur la ville de Cesky Krumlov.<\/span><\/p>\n<p><span style=\"font-weight: 400;\">Vous pouvez visiter un certain nombre de monuments \u00e9tonnants. Ils comprennent :<\/span><\/p>\n<ul>\n<li><b>Ch\u00e2teau de \u010cesk\u00fd Krumlov<\/b><\/li>\n<li><b>\u00c9glise St. Vitus<\/b><\/li>\n<li><b>Centre d&#8217;art Egon Schiele<\/b><\/li>\n<li><b>Mus\u00e9e r\u00e9gional<\/b><\/li>\n<li><b>Monast\u00e8re minoritaire<\/b><\/li>\n<li><b>Mus\u00e9e de la marionnette<\/b><\/li>\n<li><b>Le Mont Klet<\/b><\/li>\n<li><b>Mus\u00e9e Fotoatelier Seidel<\/b><\/li>\n<li><b>Mus\u00e9e de cire<\/b><\/li>\n<li><b>Et bien d&#8217;autres lieux d&#8217;int\u00e9r\u00eat\u00a0<\/b><\/li>\n<\/ul>\n<p><span style=\"font-weight: 400;\">Cette visite comprend un service de guide professionnel au ch\u00e2teau de Cesky Krumlov qui vous donnera un aper\u00e7u de l&#8217;histoire et de l&#8217;atmosph\u00e8re de cette ville m\u00e9di\u00e9vale. Nous pouvons ajouter ou supprimer tout monument ou site que vous ne souhaitez pas voir ou que vous avez d\u00e9j\u00e0 vu.\u00a0<\/span><\/p>\n<p><span style=\"font-weight: 400;\">Nous pouvons fixer la dur\u00e9e exacte de la visite et vous proposer des heures suppl\u00e9mentaires. Faites-nous savoir \u00e0 quelle heure vous rencontrer, vous et votre groupe, et combien d&#8217;heures vous souhaitez pour cette belle visite.<\/span><\/p>\n<p><span style=\"font-weight: 400;\">\u00c0 la fin de votre visite, le v\u00e9hicule de luxe priv\u00e9 vous raccompagnera \u00e0 votre h\u00f4tel.<\/span><\/p>\n<p><span style=\"font-weight: 400;\">Consultez les autres visites priv\u00e9es que nous proposons \u00e0 Prague.<\/span><\/p>\n","protected":false},"excerpt":{"rendered":"<p><span style=\"font-weight: 400;\">Prague est la capitale de la R\u00e9publique tch\u00e8que et la plus grande ville du pays. C&#8217;est \u00e9galement une destination touristique populaire. Mais Prague a bien plus \u00e0 offrir que ses monuments historiques. Par exemple, il existe de nombreux ch\u00e2teaux, des villages et des villes anciennes qui valent la peine d&#8217;\u00eatre visit\u00e9s pour leur beaut\u00e9 et leur charme. L&#8217;un de ces endroits est Cesky Krumlov<\/span><\/p>\n","protected":false},"featured_media":96409,"comment_status":"open","ping_status":"closed","template":"","meta":{"_acf_changed":false},"product_brand":[],"product_cat":[4460,3755],"product_tag":[],"class_list":{"0":"post-103096","1":"product","2":"type-product","3":"status-publish","4":"has-post-thumbnail","6":"product_cat-all-private-tours-activities-fr-22","7":"product_cat-prague-fr","9":"first","10":"instock","11":"shipping-taxable","12":"purchasable","13":"product-type-simple"},"acf":[],"yoast_head":"<!-- This site is optimized with the Yoast SEO Premium plugin v25.3.1 (Yoast SEO v25.3.1) - https:\/\/yoast.com\/wordpress\/plugins\/seo\/ -->\n<title>Visite priv\u00e9e de Cesky Krumlov depuis Prague | Tour Travel &amp; More<\/title>\n<meta name=\"description\" content=\"Visite priv\u00e9e de Cesky Krumlov depuis Prague - r\u00e9servez les meilleurs forfaits de vacances en R\u00e9publique tch\u00e8que ! \u2705\" \/>\n<meta name=\"robots\" content=\"index, follow, max-snippet:-1, max-image-preview:large, max-video-preview:-1\" \/>\n<link rel=\"canonical\" href=\"https:\/\/tourtravelandmore.com\/fr\/tours\/republique-tcheque-fr\/prague-fr\/visite-privee-de-cesky-krumlov-au-depart-de-prague\/\" \/>\n<meta property=\"og:locale\" content=\"fr_FR\" \/>\n<meta property=\"og:type\" content=\"article\" \/>\n<meta property=\"og:title\" content=\"Visite priv\u00e9e de Cesky Krumlov au d\u00e9part de Prague\" \/>\n<meta property=\"og:description\" content=\"Visite priv\u00e9e de Cesky Krumlov depuis Prague - r\u00e9servez les meilleurs forfaits de vacances en R\u00e9publique tch\u00e8que ! \u2705\" \/>\n<meta property=\"og:url\" content=\"https:\/\/tourtravelandmore.com\/fr\/tours\/republique-tcheque-fr\/prague-fr\/visite-privee-de-cesky-krumlov-au-depart-de-prague\/\" \/>\n<meta property=\"og:site_name\" content=\"Tour Travel And More\" \/>\n<meta property=\"article:publisher\" content=\"https:\/\/www.facebook.com\/tourtravelandmore\/\" \/>\n<meta property=\"article:modified_time\" content=\"2022-05-21T09:35:16+00:00\" \/>\n<meta property=\"og:image\" content=\"https:\/\/tourtravelandmore.com\/wp-content\/uploads\/2019\/09\/cesky-krumlov.jpg\" \/>\n\t<meta property=\"og:image:width\" content=\"960\" \/>\n\t<meta property=\"og:image:height\" content=\"640\" \/>\n\t<meta property=\"og:image:type\" content=\"image\/jpeg\" \/>\n<meta name=\"twitter:card\" content=\"summary_large_image\" \/>\n<meta name=\"twitter:site\" content=\"@TourTravel_More\" \/>\n<meta name=\"twitter:label1\" content=\"Dur\u00e9e de lecture estim\u00e9e\" \/>\n\t<meta name=\"twitter:data1\" content=\"2 minutes\" \/>\n<script type=\"application\/ld+json\" class=\"yoast-schema-graph\">{\"@context\":\"https:\/\/schema.org\",\"@graph\":[{\"@type\":\"WebPage\",\"@id\":\"https:\/\/tourtravelandmore.com\/fr\/tours\/republique-tcheque-fr\/prague-fr\/visite-privee-de-cesky-krumlov-au-depart-de-prague\/\",\"url\":\"https:\/\/tourtravelandmore.com\/fr\/tours\/republique-tcheque-fr\/prague-fr\/visite-privee-de-cesky-krumlov-au-depart-de-prague\/\",\"name\":\"Visite priv\u00e9e de Cesky Krumlov depuis Prague | Tour Travel & More\",\"isPartOf\":{\"@id\":\"https:\/\/tourtravelandmore.com\/fr\/#website\"},\"primaryImageOfPage\":{\"@id\":\"https:\/\/tourtravelandmore.com\/fr\/tours\/republique-tcheque-fr\/prague-fr\/visite-privee-de-cesky-krumlov-au-depart-de-prague\/#primaryimage\"},\"image\":{\"@id\":\"https:\/\/tourtravelandmore.com\/fr\/tours\/republique-tcheque-fr\/prague-fr\/visite-privee-de-cesky-krumlov-au-depart-de-prague\/#primaryimage\"},\"thumbnailUrl\":\"https:\/\/tourtravelandmore.com\/wp-content\/uploads\/2019\/09\/cesky-krumlov.jpg\",\"datePublished\":\"2019-09-19T21:14:15+00:00\",\"dateModified\":\"2022-05-21T09:35:16+00:00\",\"description\":\"Visite priv\u00e9e de Cesky Krumlov depuis Prague - r\u00e9servez les meilleurs forfaits de vacances en R\u00e9publique tch\u00e8que ! \u2705\",\"breadcrumb\":{\"@id\":\"https:\/\/tourtravelandmore.com\/fr\/tours\/republique-tcheque-fr\/prague-fr\/visite-privee-de-cesky-krumlov-au-depart-de-prague\/#breadcrumb\"},\"inLanguage\":\"fr-FR\",\"potentialAction\":[{\"@type\":\"ReadAction\",\"target\":[\"https:\/\/tourtravelandmore.com\/fr\/tours\/republique-tcheque-fr\/prague-fr\/visite-privee-de-cesky-krumlov-au-depart-de-prague\/\"]}]},{\"@type\":\"ImageObject\",\"inLanguage\":\"fr-FR\",\"@id\":\"https:\/\/tourtravelandmore.com\/fr\/tours\/republique-tcheque-fr\/prague-fr\/visite-privee-de-cesky-krumlov-au-depart-de-prague\/#primaryimage\",\"url\":\"https:\/\/tourtravelandmore.com\/wp-content\/uploads\/2019\/09\/cesky-krumlov.jpg\",\"contentUrl\":\"https:\/\/tourtravelandmore.com\/wp-content\/uploads\/2019\/09\/cesky-krumlov.jpg\",\"width\":960,\"height\":640},{\"@type\":\"BreadcrumbList\",\"@id\":\"https:\/\/tourtravelandmore.com\/fr\/tours\/republique-tcheque-fr\/prague-fr\/visite-privee-de-cesky-krumlov-au-depart-de-prague\/#breadcrumb\",\"itemListElement\":[{\"@type\":\"ListItem\",\"position\":1,\"name\":\"Home\",\"item\":\"https:\/\/tourtravelandmore.com\/fr\/\"},{\"@type\":\"ListItem\",\"position\":2,\"name\":\"Tours\",\"item\":\"https:\/\/tourtravelandmore.com\/fr\/tours\/\"},{\"@type\":\"ListItem\",\"position\":3,\"name\":\"Visite priv\u00e9e de Cesky Krumlov au d\u00e9part de Prague\"}]},{\"@type\":\"WebSite\",\"@id\":\"https:\/\/tourtravelandmore.com\/fr\/#website\",\"url\":\"https:\/\/tourtravelandmore.com\/fr\/\",\"name\":\"Tour Travel And More\",\"description\":\"Private sightseeing tours and luxury transfers in Spain\",\"publisher\":{\"@id\":\"https:\/\/tourtravelandmore.com\/fr\/#organization\"},\"potentialAction\":[{\"@type\":\"SearchAction\",\"target\":{\"@type\":\"EntryPoint\",\"urlTemplate\":\"https:\/\/tourtravelandmore.com\/fr\/?s={search_term_string}\"},\"query-input\":{\"@type\":\"PropertyValueSpecification\",\"valueRequired\":true,\"valueName\":\"search_term_string\"}}],\"inLanguage\":\"fr-FR\"},{\"@type\":\"Organization\",\"@id\":\"https:\/\/tourtravelandmore.com\/fr\/#organization\",\"name\":\"Tour Travel And More\",\"url\":\"https:\/\/tourtravelandmore.com\/fr\/\",\"logo\":{\"@type\":\"ImageObject\",\"inLanguage\":\"fr-FR\",\"@id\":\"https:\/\/tourtravelandmore.com\/fr\/#\/schema\/logo\/image\/\",\"url\":\"https:\/\/tourtravelandmore.com\/wp-content\/uploads\/2022\/12\/cropped-logo-cabecera-new.png\",\"contentUrl\":\"https:\/\/tourtravelandmore.com\/wp-content\/uploads\/2022\/12\/cropped-logo-cabecera-new.png\",\"width\":430,\"height\":61,\"caption\":\"Tour Travel And More\"},\"image\":{\"@id\":\"https:\/\/tourtravelandmore.com\/fr\/#\/schema\/logo\/image\/\"},\"sameAs\":[\"https:\/\/www.facebook.com\/tourtravelandmore\/\",\"https:\/\/x.com\/TourTravel_More\"]}]}<\/script>\n<!-- \/ Yoast SEO Premium plugin. -->","yoast_head_json":{"title":"Visite priv\u00e9e de Cesky Krumlov depuis Prague | Tour Travel & More","description":"Visite priv\u00e9e de Cesky Krumlov depuis Prague - r\u00e9servez les meilleurs forfaits de vacances en R\u00e9publique tch\u00e8que ! \u2705","robots":{"index":"index","follow":"follow","max-snippet":"max-snippet:-1","max-image-preview":"max-image-preview:large","max-video-preview":"max-video-preview:-1"},"canonical":"https:\/\/tourtravelandmore.com\/fr\/tours\/republique-tcheque-fr\/prague-fr\/visite-privee-de-cesky-krumlov-au-depart-de-prague\/","og_locale":"fr_FR","og_type":"article","og_title":"Visite priv\u00e9e de Cesky Krumlov au d\u00e9part de Prague","og_description":"Visite priv\u00e9e de Cesky Krumlov depuis Prague - r\u00e9servez les meilleurs forfaits de vacances en R\u00e9publique tch\u00e8que ! \u2705","og_url":"https:\/\/tourtravelandmore.com\/fr\/tours\/republique-tcheque-fr\/prague-fr\/visite-privee-de-cesky-krumlov-au-depart-de-prague\/","og_site_name":"Tour Travel And More","article_publisher":"https:\/\/www.facebook.com\/tourtravelandmore\/","article_modified_time":"2022-05-21T09:35:16+00:00","og_image":[{"width":960,"height":640,"url":"https:\/\/tourtravelandmore.com\/wp-content\/uploads\/2019\/09\/cesky-krumlov.jpg","type":"image\/jpeg"}],"twitter_card":"summary_large_image","twitter_site":"@TourTravel_More","twitter_misc":{"Dur\u00e9e de lecture estim\u00e9e":"2 minutes"},"schema":{"@context":"https:\/\/schema.org","@graph":[{"@type":"WebPage","@id":"https:\/\/tourtravelandmore.com\/fr\/tours\/republique-tcheque-fr\/prague-fr\/visite-privee-de-cesky-krumlov-au-depart-de-prague\/","url":"https:\/\/tourtravelandmore.com\/fr\/tours\/republique-tcheque-fr\/prague-fr\/visite-privee-de-cesky-krumlov-au-depart-de-prague\/","name":"Visite priv\u00e9e de Cesky Krumlov depuis Prague | Tour Travel & More","isPartOf":{"@id":"https:\/\/tourtravelandmore.com\/fr\/#website"},"primaryImageOfPage":{"@id":"https:\/\/tourtravelandmore.com\/fr\/tours\/republique-tcheque-fr\/prague-fr\/visite-privee-de-cesky-krumlov-au-depart-de-prague\/#primaryimage"},"image":{"@id":"https:\/\/tourtravelandmore.com\/fr\/tours\/republique-tcheque-fr\/prague-fr\/visite-privee-de-cesky-krumlov-au-depart-de-prague\/#primaryimage"},"thumbnailUrl":"https:\/\/tourtravelandmore.com\/wp-content\/uploads\/2019\/09\/cesky-krumlov.jpg","datePublished":"2019-09-19T21:14:15+00:00","dateModified":"2022-05-21T09:35:16+00:00","description":"Visite priv\u00e9e de Cesky Krumlov depuis Prague - r\u00e9servez les meilleurs forfaits de vacances en R\u00e9publique tch\u00e8que ! \u2705","breadcrumb":{"@id":"https:\/\/tourtravelandmore.com\/fr\/tours\/republique-tcheque-fr\/prague-fr\/visite-privee-de-cesky-krumlov-au-depart-de-prague\/#breadcrumb"},"inLanguage":"fr-FR","potentialAction":[{"@type":"ReadAction","target":["https:\/\/tourtravelandmore.com\/fr\/tours\/republique-tcheque-fr\/prague-fr\/visite-privee-de-cesky-krumlov-au-depart-de-prague\/"]}]},{"@type":"ImageObject","inLanguage":"fr-FR","@id":"https:\/\/tourtravelandmore.com\/fr\/tours\/republique-tcheque-fr\/prague-fr\/visite-privee-de-cesky-krumlov-au-depart-de-prague\/#primaryimage","url":"https:\/\/tourtravelandmore.com\/wp-content\/uploads\/2019\/09\/cesky-krumlov.jpg","contentUrl":"https:\/\/tourtravelandmore.com\/wp-content\/uploads\/2019\/09\/cesky-krumlov.jpg","width":960,"height":640},{"@type":"BreadcrumbList","@id":"https:\/\/tourtravelandmore.com\/fr\/tours\/republique-tcheque-fr\/prague-fr\/visite-privee-de-cesky-krumlov-au-depart-de-prague\/#breadcrumb","itemListElement":[{"@type":"ListItem","position":1,"name":"Home","item":"https:\/\/tourtravelandmore.com\/fr\/"},{"@type":"ListItem","position":2,"name":"Tours","item":"https:\/\/tourtravelandmore.com\/fr\/tours\/"},{"@type":"ListItem","position":3,"name":"Visite priv\u00e9e de Cesky Krumlov au d\u00e9part de Prague"}]},{"@type":"WebSite","@id":"https:\/\/tourtravelandmore.com\/fr\/#website","url":"https:\/\/tourtravelandmore.com\/fr\/","name":"Tour Travel And More","description":"Private sightseeing tours and luxury transfers in Spain","publisher":{"@id":"https:\/\/tourtravelandmore.com\/fr\/#organization"},"potentialAction":[{"@type":"SearchAction","target":{"@type":"EntryPoint","urlTemplate":"https:\/\/tourtravelandmore.com\/fr\/?s={search_term_string}"},"query-input":{"@type":"PropertyValueSpecification","valueRequired":true,"valueName":"search_term_string"}}],"inLanguage":"fr-FR"},{"@type":"Organization","@id":"https:\/\/tourtravelandmore.com\/fr\/#organization","name":"Tour Travel And More","url":"https:\/\/tourtravelandmore.com\/fr\/","logo":{"@type":"ImageObject","inLanguage":"fr-FR","@id":"https:\/\/tourtravelandmore.com\/fr\/#\/schema\/logo\/image\/","url":"https:\/\/tourtravelandmore.com\/wp-content\/uploads\/2022\/12\/cropped-logo-cabecera-new.png","contentUrl":"https:\/\/tourtravelandmore.com\/wp-content\/uploads\/2022\/12\/cropped-logo-cabecera-new.png","width":430,"height":61,"caption":"Tour Travel And More"},"image":{"@id":"https:\/\/tourtravelandmore.com\/fr\/#\/schema\/logo\/image\/"},"sameAs":["https:\/\/www.facebook.com\/tourtravelandmore\/","https:\/\/x.com\/TourTravel_More"]}]}},"_links":{"self":[{"href":"https:\/\/tourtravelandmore.com\/fr\/wp-json\/wp\/v2\/product\/103096","targetHints":{"allow":["GET"]}}],"collection":[{"href":"https:\/\/tourtravelandmore.com\/fr\/wp-json\/wp\/v2\/product"}],"about":[{"href":"https:\/\/tourtravelandmore.com\/fr\/wp-json\/wp\/v2\/types\/product"}],"replies":[{"embeddable":true,"href":"https:\/\/tourtravelandmore.com\/fr\/wp-json\/wp\/v2\/comments?post=103096"}],"wp:featuredmedia":[{"embeddable":true,"href":"https:\/\/tourtravelandmore.com\/fr\/wp-json\/wp\/v2\/media\/96409"}],"wp:attachment":[{"href":"https:\/\/tourtravelandmore.com\/fr\/wp-json\/wp\/v2\/media?parent=103096"}],"wp:term":[{"taxonomy":"product_brand","embeddable":true,"href":"https:\/\/tourtravelandmore.com\/fr\/wp-json\/wp\/v2\/product_brand?post=103096"},{"taxonomy":"product_cat","embeddable":true,"href":"https:\/\/tourtravelandmore.com\/fr\/wp-json\/wp\/v2\/product_cat?post=103096"},{"taxonomy":"product_tag","embeddable":true,"href":"https:\/\/tourtravelandmore.com\/fr\/wp-json\/wp\/v2\/product_tag?post=103096"}],"curies":[{"name":"wp","href":"https:\/\/api.w.org\/{rel}","templated":true}]}}