{"id":103087,"date":"2019-09-19T23:14:04","date_gmt":"2019-09-19T21:14:04","guid":{"rendered":"https:\/\/tourtravelandmore.com\/tours\/non%20class\u00e9\/visite-privee-de-prague\/"},"modified":"2022-05-28T19:16:38","modified_gmt":"2022-05-28T17:16:38","slug":"visite-privee-de-la-ville-de-prague","status":"publish","type":"product","link":"https:\/\/tourtravelandmore.com\/fr\/tours\/republique-tcheque-fr\/prague-fr\/visite-privee-de-la-ville-de-prague\/","title":{"rendered":"Visite priv\u00e9e de la ville de Prague"},"content":{"rendered":"<h2><b>Description de la visite priv\u00e9e de la ville de Prague<\/b><\/h2>\n<p><span style=\"font-weight: 400;\">D\u00e9couvrez la vieille ville de Prague, ses nombreuses \u00e9glises et ses merveilleux sites historiques. Profitez de notre visite priv\u00e9e de Prague avec votre propre guide officiel. Pour votre confort, nous vous emmenons toujours dans un v\u00e9hicule de luxe. Prague, la capitale de la R\u00e9publique tch\u00e8que, est une ville passionnante \u00e0 visiter. Ses b\u00e2timents historiques sont c\u00e9l\u00e8bres dans toute l&#8217;Europe et sa vie nocturne est anim\u00e9e toute la journ\u00e9e.<\/span><\/p>\n<p><span style=\"font-weight: 400;\">Vous vivrez l&#8217;exp\u00e9rience parfaite de Prague lorsque nous vous emm\u00e8nerons voir cette belle ville. Vous n&#8217;aurez \u00e0 vous soucier de rien d&#8217;autre que de vous d\u00e9tendre et de profiter de cette aventure.<\/span><\/p>\n<p><span style=\"font-weight: 400;\">Nous d\u00e9couvrirons l&#8217;\u00e9tonnante architecture de style m\u00e9di\u00e9val de notre ville. Tout d&#8217;abord, nous visiterons la galerie d&#8217;art de l&#8217;h\u00f4tel de ville, qui sert d&#8217;espace culturel et repr\u00e9sentatif de la ville.<\/span><\/p>\n<p><span style=\"font-weight: 400;\">Rejoignez-nous pour cette visite priv\u00e9e de Prague et d\u00e9couvrez une ville magnifique \u00e0 l&#8217;architecture unique. Notre \u00e9quipe de professionnels sera \u00e0 votre disposition, et nous pouvons \u00e9galement organiser des billets de queue si vous le souhaitez.<\/span><\/p>\n<h2><b>Points d&#8217;int\u00e9r\u00eat du tour de ville priv\u00e9 de Prague<\/b><\/h2>\n<p><span style=\"font-weight: 400;\">Nous organiserons pour vous une visite priv\u00e9e et confortable. Vous apprendrez \u00e0 conna\u00eetre les lieux les plus importants de l&#8217;histoire de Prague. Nous viendrons vous chercher \u00e0 l&#8217;endroit de votre choix ou \u00e0 votre h\u00e9bergement \u00e0 Prague.<\/span><\/p>\n<p><span style=\"font-weight: 400;\">Une fois que nous aurons commenc\u00e9 le tour de 4 heures avec v\u00e9hicule de luxe, chauffeur et guide priv\u00e9 \u00e0 Prague, nous vous proposons de visiter ces endroits :<\/span><\/p>\n<ul>\n<li><b>Place de la vieille ville et galerie d&#8217;art<\/b><\/li>\n<li><b>Horloge astronomique de Prague<\/b><\/li>\n<li><b>Palais Kinsky<\/b><\/li>\n<li><b>Place de la R\u00e9publique<\/b><\/li>\n<li><b>Maison municipale<\/b><\/li>\n<li><b>Porte Poudre \u00e0 canon<\/b><\/li>\n<li><b>P\u0159\u00edkopy<\/b><\/li>\n<li><b>Rue Celetna<\/b><\/li>\n<li><b>Th\u00e9\u00e2tre des Estates<\/b><\/li>\n<li><b>\u00c9glise St. Jilji<\/b><\/li>\n<li><b>Palourdes Gallas Palace<\/b><\/li>\n<li><b>Rue Karlova<\/b><\/li>\n<li><b>Clementinum<\/b><\/li>\n<li><b>Pont Charles<\/b><\/li>\n<li><b>Tour du pont de la vieille ville<\/b><\/li>\n<li><b>Chapelle de Bethl\u00e9em<\/b><\/li>\n<li><b>Place Wenceslas<\/b><\/li>\n<li><b>et plus<\/b><\/li>\n<\/ul>\n<p><span style=\"font-weight: 400;\">Nous proposons une excursion priv\u00e9e d&#8217;une journ\u00e9e o\u00f9 vous pouvez avoir tout le temps du monde pour personnaliser votre service et votre exp\u00e9rience en fonction de ce qui convient le mieux \u00e0 vous ou \u00e0 votre groupe.<\/span><\/p>\n<p><span style=\"font-weight: 400;\">\u00c0 votre retour \u00e0 Prague, votre chauffeur et votre guide touristique vous ram\u00e8neront \u00e0 votre h\u00f4tel ou \u00e0 votre point de d\u00e9part.<\/span><\/p>\n<p><span style=\"font-weight: 400;\">D\u00e9couvrez toutes les autres <\/span><span style=\"font-weight: 400;\">visites priv\u00e9es que nous proposons pour explorer Prague.<\/span><\/p>\n<p><b>Nous ne proposons que des visites priv\u00e9es pour vous offrir la meilleure exp\u00e9rience possible !<\/b><\/p>\n","protected":false},"excerpt":{"rendered":"<p><span style=\"font-weight: 400;\">Prague est une ville riche en culture et en histoire. C&#8217;est un lieu o\u00f9 vous pouvez d\u00e9couvrir la beaut\u00e9 de son architecture, le charme de ses habitants et l&#8217;effervescence de sa vie nocturne.<\/span><\/p>\n<p><span style=\"font-weight: 400;\">Avec notre tour de ville priv\u00e9 de Prague, vous pouvez explorer cette magnifique ville sans avoir \u00e0 vous soucier de la foule ou des files d&#8217;attente. Vous pouvez profiter de votre visite avec nos guides experts qui vous feront d\u00e9couvrir les attractions les plus populaires de Prague.<\/span><\/p>\n","protected":false},"featured_media":96383,"comment_status":"open","ping_status":"closed","template":"","meta":{"_acf_changed":false},"product_brand":[],"product_cat":[4460,3755],"product_tag":[4220,4219],"class_list":{"0":"post-103087","1":"product","2":"type-product","3":"status-publish","4":"has-post-thumbnail","6":"product_cat-all-private-tours-activities-fr-22","7":"product_cat-prague-fr","8":"product_tag-city-tour-fr","9":"product_tag-private-tour-fr","11":"first","12":"instock","13":"shipping-taxable","14":"purchasable","15":"product-type-simple"},"acf":[],"yoast_head":"<!-- This site is optimized with the Yoast SEO Premium plugin v25.3.1 (Yoast SEO v25.3.1) - https:\/\/yoast.com\/wordpress\/plugins\/seo\/ -->\n<title>Visite priv\u00e9e de la ville de Prague | Tour Travel &amp; More<\/title>\n<meta name=\"description\" content=\"Profitez d&#039;une visite priv\u00e9e de Prague avec Tour Travel &amp; More et d\u00e9couvrez les meilleurs sites de la ville.\" \/>\n<meta name=\"robots\" content=\"index, follow, max-snippet:-1, max-image-preview:large, max-video-preview:-1\" \/>\n<link rel=\"canonical\" href=\"https:\/\/tourtravelandmore.com\/fr\/tours\/republique-tcheque-fr\/prague-fr\/visite-privee-de-la-ville-de-prague\/\" \/>\n<meta property=\"og:locale\" content=\"fr_FR\" \/>\n<meta property=\"og:type\" content=\"article\" \/>\n<meta property=\"og:title\" content=\"Visite priv\u00e9e de la ville de Prague\" \/>\n<meta property=\"og:description\" content=\"Profitez d&#039;une visite priv\u00e9e de Prague avec Tour Travel &amp; More et d\u00e9couvrez les meilleurs sites de la ville.\" \/>\n<meta property=\"og:url\" content=\"https:\/\/tourtravelandmore.com\/fr\/tours\/republique-tcheque-fr\/prague-fr\/visite-privee-de-la-ville-de-prague\/\" \/>\n<meta property=\"og:site_name\" content=\"Tour Travel And More\" \/>\n<meta property=\"article:publisher\" content=\"https:\/\/www.facebook.com\/tourtravelandmore\/\" \/>\n<meta property=\"article:modified_time\" content=\"2022-05-28T17:16:38+00:00\" \/>\n<meta property=\"og:image\" content=\"https:\/\/tourtravelandmore.com\/wp-content\/uploads\/2019\/09\/prague.3.jpg\" \/>\n\t<meta property=\"og:image:width\" content=\"1765\" \/>\n\t<meta property=\"og:image:height\" content=\"1176\" \/>\n\t<meta property=\"og:image:type\" content=\"image\/jpeg\" \/>\n<meta name=\"twitter:card\" content=\"summary_large_image\" \/>\n<meta name=\"twitter:site\" content=\"@TourTravel_More\" \/>\n<meta name=\"twitter:label1\" content=\"Dur\u00e9e de lecture estim\u00e9e\" \/>\n\t<meta name=\"twitter:data1\" content=\"2 minutes\" \/>\n<script type=\"application\/ld+json\" class=\"yoast-schema-graph\">{\"@context\":\"https:\/\/schema.org\",\"@graph\":[{\"@type\":\"WebPage\",\"@id\":\"https:\/\/tourtravelandmore.com\/fr\/tours\/republique-tcheque-fr\/prague-fr\/visite-privee-de-la-ville-de-prague\/\",\"url\":\"https:\/\/tourtravelandmore.com\/fr\/tours\/republique-tcheque-fr\/prague-fr\/visite-privee-de-la-ville-de-prague\/\",\"name\":\"Visite priv\u00e9e de la ville de Prague | Tour Travel & More\",\"isPartOf\":{\"@id\":\"https:\/\/tourtravelandmore.com\/fr\/#website\"},\"primaryImageOfPage\":{\"@id\":\"https:\/\/tourtravelandmore.com\/fr\/tours\/republique-tcheque-fr\/prague-fr\/visite-privee-de-la-ville-de-prague\/#primaryimage\"},\"image\":{\"@id\":\"https:\/\/tourtravelandmore.com\/fr\/tours\/republique-tcheque-fr\/prague-fr\/visite-privee-de-la-ville-de-prague\/#primaryimage\"},\"thumbnailUrl\":\"https:\/\/tourtravelandmore.com\/wp-content\/uploads\/2019\/09\/prague.3.jpg\",\"datePublished\":\"2019-09-19T21:14:04+00:00\",\"dateModified\":\"2022-05-28T17:16:38+00:00\",\"description\":\"Profitez d'une visite priv\u00e9e de Prague avec Tour Travel & More et d\u00e9couvrez les meilleurs sites de la ville.\",\"breadcrumb\":{\"@id\":\"https:\/\/tourtravelandmore.com\/fr\/tours\/republique-tcheque-fr\/prague-fr\/visite-privee-de-la-ville-de-prague\/#breadcrumb\"},\"inLanguage\":\"fr-FR\",\"potentialAction\":[{\"@type\":\"ReadAction\",\"target\":[\"https:\/\/tourtravelandmore.com\/fr\/tours\/republique-tcheque-fr\/prague-fr\/visite-privee-de-la-ville-de-prague\/\"]}]},{\"@type\":\"ImageObject\",\"inLanguage\":\"fr-FR\",\"@id\":\"https:\/\/tourtravelandmore.com\/fr\/tours\/republique-tcheque-fr\/prague-fr\/visite-privee-de-la-ville-de-prague\/#primaryimage\",\"url\":\"https:\/\/tourtravelandmore.com\/wp-content\/uploads\/2019\/09\/prague.3.jpg\",\"contentUrl\":\"https:\/\/tourtravelandmore.com\/wp-content\/uploads\/2019\/09\/prague.3.jpg\",\"width\":1765,\"height\":1176,\"caption\":\"Prague dancing house\"},{\"@type\":\"BreadcrumbList\",\"@id\":\"https:\/\/tourtravelandmore.com\/fr\/tours\/republique-tcheque-fr\/prague-fr\/visite-privee-de-la-ville-de-prague\/#breadcrumb\",\"itemListElement\":[{\"@type\":\"ListItem\",\"position\":1,\"name\":\"Home\",\"item\":\"https:\/\/tourtravelandmore.com\/fr\/\"},{\"@type\":\"ListItem\",\"position\":2,\"name\":\"Tours\",\"item\":\"https:\/\/tourtravelandmore.com\/fr\/tours\/\"},{\"@type\":\"ListItem\",\"position\":3,\"name\":\"Visite priv\u00e9e de la ville de Prague\"}]},{\"@type\":\"WebSite\",\"@id\":\"https:\/\/tourtravelandmore.com\/fr\/#website\",\"url\":\"https:\/\/tourtravelandmore.com\/fr\/\",\"name\":\"Tour Travel And More\",\"description\":\"Private sightseeing tours and luxury transfers in Spain\",\"publisher\":{\"@id\":\"https:\/\/tourtravelandmore.com\/fr\/#organization\"},\"potentialAction\":[{\"@type\":\"SearchAction\",\"target\":{\"@type\":\"EntryPoint\",\"urlTemplate\":\"https:\/\/tourtravelandmore.com\/fr\/?s={search_term_string}\"},\"query-input\":{\"@type\":\"PropertyValueSpecification\",\"valueRequired\":true,\"valueName\":\"search_term_string\"}}],\"inLanguage\":\"fr-FR\"},{\"@type\":\"Organization\",\"@id\":\"https:\/\/tourtravelandmore.com\/fr\/#organization\",\"name\":\"Tour Travel And More\",\"url\":\"https:\/\/tourtravelandmore.com\/fr\/\",\"logo\":{\"@type\":\"ImageObject\",\"inLanguage\":\"fr-FR\",\"@id\":\"https:\/\/tourtravelandmore.com\/fr\/#\/schema\/logo\/image\/\",\"url\":\"https:\/\/tourtravelandmore.com\/wp-content\/uploads\/2022\/12\/cropped-logo-cabecera-new.png\",\"contentUrl\":\"https:\/\/tourtravelandmore.com\/wp-content\/uploads\/2022\/12\/cropped-logo-cabecera-new.png\",\"width\":430,\"height\":61,\"caption\":\"Tour Travel And More\"},\"image\":{\"@id\":\"https:\/\/tourtravelandmore.com\/fr\/#\/schema\/logo\/image\/\"},\"sameAs\":[\"https:\/\/www.facebook.com\/tourtravelandmore\/\",\"https:\/\/x.com\/TourTravel_More\"]}]}<\/script>\n<!-- \/ Yoast SEO Premium plugin. -->","yoast_head_json":{"title":"Visite priv\u00e9e de la ville de Prague | Tour Travel & More","description":"Profitez d'une visite priv\u00e9e de Prague avec Tour Travel & More et d\u00e9couvrez les meilleurs sites de la ville.","robots":{"index":"index","follow":"follow","max-snippet":"max-snippet:-1","max-image-preview":"max-image-preview:large","max-video-preview":"max-video-preview:-1"},"canonical":"https:\/\/tourtravelandmore.com\/fr\/tours\/republique-tcheque-fr\/prague-fr\/visite-privee-de-la-ville-de-prague\/","og_locale":"fr_FR","og_type":"article","og_title":"Visite priv\u00e9e de la ville de Prague","og_description":"Profitez d'une visite priv\u00e9e de Prague avec Tour Travel & More et d\u00e9couvrez les meilleurs sites de la ville.","og_url":"https:\/\/tourtravelandmore.com\/fr\/tours\/republique-tcheque-fr\/prague-fr\/visite-privee-de-la-ville-de-prague\/","og_site_name":"Tour Travel And More","article_publisher":"https:\/\/www.facebook.com\/tourtravelandmore\/","article_modified_time":"2022-05-28T17:16:38+00:00","og_image":[{"width":1765,"height":1176,"url":"https:\/\/tourtravelandmore.com\/wp-content\/uploads\/2019\/09\/prague.3.jpg","type":"image\/jpeg"}],"twitter_card":"summary_large_image","twitter_site":"@TourTravel_More","twitter_misc":{"Dur\u00e9e de lecture estim\u00e9e":"2 minutes"},"schema":{"@context":"https:\/\/schema.org","@graph":[{"@type":"WebPage","@id":"https:\/\/tourtravelandmore.com\/fr\/tours\/republique-tcheque-fr\/prague-fr\/visite-privee-de-la-ville-de-prague\/","url":"https:\/\/tourtravelandmore.com\/fr\/tours\/republique-tcheque-fr\/prague-fr\/visite-privee-de-la-ville-de-prague\/","name":"Visite priv\u00e9e de la ville de Prague | Tour Travel & More","isPartOf":{"@id":"https:\/\/tourtravelandmore.com\/fr\/#website"},"primaryImageOfPage":{"@id":"https:\/\/tourtravelandmore.com\/fr\/tours\/republique-tcheque-fr\/prague-fr\/visite-privee-de-la-ville-de-prague\/#primaryimage"},"image":{"@id":"https:\/\/tourtravelandmore.com\/fr\/tours\/republique-tcheque-fr\/prague-fr\/visite-privee-de-la-ville-de-prague\/#primaryimage"},"thumbnailUrl":"https:\/\/tourtravelandmore.com\/wp-content\/uploads\/2019\/09\/prague.3.jpg","datePublished":"2019-09-19T21:14:04+00:00","dateModified":"2022-05-28T17:16:38+00:00","description":"Profitez d'une visite priv\u00e9e de Prague avec Tour Travel & More et d\u00e9couvrez les meilleurs sites de la ville.","breadcrumb":{"@id":"https:\/\/tourtravelandmore.com\/fr\/tours\/republique-tcheque-fr\/prague-fr\/visite-privee-de-la-ville-de-prague\/#breadcrumb"},"inLanguage":"fr-FR","potentialAction":[{"@type":"ReadAction","target":["https:\/\/tourtravelandmore.com\/fr\/tours\/republique-tcheque-fr\/prague-fr\/visite-privee-de-la-ville-de-prague\/"]}]},{"@type":"ImageObject","inLanguage":"fr-FR","@id":"https:\/\/tourtravelandmore.com\/fr\/tours\/republique-tcheque-fr\/prague-fr\/visite-privee-de-la-ville-de-prague\/#primaryimage","url":"https:\/\/tourtravelandmore.com\/wp-content\/uploads\/2019\/09\/prague.3.jpg","contentUrl":"https:\/\/tourtravelandmore.com\/wp-content\/uploads\/2019\/09\/prague.3.jpg","width":1765,"height":1176,"caption":"Prague dancing house"},{"@type":"BreadcrumbList","@id":"https:\/\/tourtravelandmore.com\/fr\/tours\/republique-tcheque-fr\/prague-fr\/visite-privee-de-la-ville-de-prague\/#breadcrumb","itemListElement":[{"@type":"ListItem","position":1,"name":"Home","item":"https:\/\/tourtravelandmore.com\/fr\/"},{"@type":"ListItem","position":2,"name":"Tours","item":"https:\/\/tourtravelandmore.com\/fr\/tours\/"},{"@type":"ListItem","position":3,"name":"Visite priv\u00e9e de la ville de Prague"}]},{"@type":"WebSite","@id":"https:\/\/tourtravelandmore.com\/fr\/#website","url":"https:\/\/tourtravelandmore.com\/fr\/","name":"Tour Travel And More","description":"Private sightseeing tours and luxury transfers in Spain","publisher":{"@id":"https:\/\/tourtravelandmore.com\/fr\/#organization"},"potentialAction":[{"@type":"SearchAction","target":{"@type":"EntryPoint","urlTemplate":"https:\/\/tourtravelandmore.com\/fr\/?s={search_term_string}"},"query-input":{"@type":"PropertyValueSpecification","valueRequired":true,"valueName":"search_term_string"}}],"inLanguage":"fr-FR"},{"@type":"Organization","@id":"https:\/\/tourtravelandmore.com\/fr\/#organization","name":"Tour Travel And More","url":"https:\/\/tourtravelandmore.com\/fr\/","logo":{"@type":"ImageObject","inLanguage":"fr-FR","@id":"https:\/\/tourtravelandmore.com\/fr\/#\/schema\/logo\/image\/","url":"https:\/\/tourtravelandmore.com\/wp-content\/uploads\/2022\/12\/cropped-logo-cabecera-new.png","contentUrl":"https:\/\/tourtravelandmore.com\/wp-content\/uploads\/2022\/12\/cropped-logo-cabecera-new.png","width":430,"height":61,"caption":"Tour Travel And More"},"image":{"@id":"https:\/\/tourtravelandmore.com\/fr\/#\/schema\/logo\/image\/"},"sameAs":["https:\/\/www.facebook.com\/tourtravelandmore\/","https:\/\/x.com\/TourTravel_More"]}]}},"_links":{"self":[{"href":"https:\/\/tourtravelandmore.com\/fr\/wp-json\/wp\/v2\/product\/103087","targetHints":{"allow":["GET"]}}],"collection":[{"href":"https:\/\/tourtravelandmore.com\/fr\/wp-json\/wp\/v2\/product"}],"about":[{"href":"https:\/\/tourtravelandmore.com\/fr\/wp-json\/wp\/v2\/types\/product"}],"replies":[{"embeddable":true,"href":"https:\/\/tourtravelandmore.com\/fr\/wp-json\/wp\/v2\/comments?post=103087"}],"wp:featuredmedia":[{"embeddable":true,"href":"https:\/\/tourtravelandmore.com\/fr\/wp-json\/wp\/v2\/media\/96383"}],"wp:attachment":[{"href":"https:\/\/tourtravelandmore.com\/fr\/wp-json\/wp\/v2\/media?parent=103087"}],"wp:term":[{"taxonomy":"product_brand","embeddable":true,"href":"https:\/\/tourtravelandmore.com\/fr\/wp-json\/wp\/v2\/product_brand?post=103087"},{"taxonomy":"product_cat","embeddable":true,"href":"https:\/\/tourtravelandmore.com\/fr\/wp-json\/wp\/v2\/product_cat?post=103087"},{"taxonomy":"product_tag","embeddable":true,"href":"https:\/\/tourtravelandmore.com\/fr\/wp-json\/wp\/v2\/product_tag?post=103087"}],"curies":[{"name":"wp","href":"https:\/\/api.w.org\/{rel}","templated":true}]}}