{"id":103080,"date":"2019-09-19T23:12:39","date_gmt":"2019-09-19T21:12:39","guid":{"rendered":"https:\/\/tourtravelandmore.com\/tours\/non%20class\u00e9\/transfert-prive-a-prague\/"},"modified":"2021-11-05T09:05:20","modified_gmt":"2021-11-05T08:05:20","slug":"transfert-prive-a-prague","status":"publish","type":"product","link":"https:\/\/tourtravelandmore.com\/fr\/tours\/republique-tcheque-fr\/prague-fr\/transfert-prive-a-prague\/","title":{"rendered":"Transfert priv\u00e9 \u00e0 Prague"},"content":{"rendered":"<h2>Description<\/h2>\n<p>Avec notre transfert priv\u00e9 \u00e0 Prague. Nous vous proposons le moyen le plus rapide et le plus simple d&#8217;atteindre votre destination finale \u00e0 Prague dans le confort d&#8217;un v\u00e9hicule de luxe priv\u00e9 avec un chauffeur personnel.<\/p>\n<p>Profitez d&#8217;une exp\u00e9rience relaxante dans l&#8217;un de nos v\u00e9hicules priv\u00e9s de luxe. Nous proposons tous les types de transferts comme par exemple le transfert a\u00e9roport, le transfert au restaurant ou les transferts vers n&#8217;importe quel endroit.<\/p>\n<p>Une fois arriv\u00e9 \u00e0 destination, notre personnel vous attendra avec une pancarte au terminal d&#8217;arriv\u00e9e. Vous pourrez \u00e9galement profiter du paysage panoramique de la ville dans votre v\u00e9hicule priv\u00e9 de luxe.<\/p>\n<p>Profitez \u00e9galement des transferts priv\u00e9s de votre h\u00f4tel ou appartement jusqu&#8217;\u00e0 l&#8217;a\u00e9roport ou la gare. Nous proposons \u00e9galement des transferts vers d&#8217;autres villes proches de Prague.<\/p>\n<p>Nous proposons des transferts \u00e0 Prague pour les groupes priv\u00e9s et m\u00eame des incentives et grands groupes et nous offrons un service personnalis\u00e9. Il vous suffit de nous contacter et nous organiserons votre transfert de la meilleure fa\u00e7on possible.<\/p>\n<p>Nous avons \u00e9galement des si\u00e8ges enfants \u00e0 votre disposition pour ce transfert priv\u00e9 \u00e0 Prague. Veuillez noter que nous ne limitons pas le nombre de bagages. Nous aurions besoin de savoir combien de bagages car nous organisons g\u00e9n\u00e9ralement 1 bagage par personne.<\/p>\n<h2>Sites d&#8217;int\u00e9r\u00eat et monuments<\/h2>\n<p>Prague est la capitale et la plus grande ville de la R\u00e9publique tch\u00e8que et la capitale historique de la Boh\u00eame. La ville compte plus de dix grands mus\u00e9es, ainsi que de nombreux th\u00e9\u00e2tres, galeries, cin\u00e9mas et autres expositions historiques. Situ\u00e9e sur la rivi\u00e8re Vltava, Prague compte environ 1,3 million d&#8217;habitants. On estime que sa r\u00e9gion m\u00e9tropolitaine a une population de 2,6 millions d&#8217;habitants. En 2019, la ville \u00e9tait class\u00e9e 69e ville la plus habitable au monde. Prague est la quatri\u00e8me ville europ\u00e9enne la plus visit\u00e9e apr\u00e8s Londres, Paris et Rome. Sa riche histoire en fait une destination touristique populaire et \u00e0 partir de 2017, la ville re\u00e7oit plus de 8,5 millions de visiteurs internationaux par an.<\/p>\n<p>D\u00e9couvrez les autres visites priv\u00e9es \u00e0 Prague que nous proposons!<\/p>\n","protected":false},"excerpt":{"rendered":"<p>Profitez de cette occasion pour profiter de ce moyen confortable pour vous rendre \u00e0 votre destination finale \u00e0 Prague. Vous disposerez de votre propre v\u00e9hicule de luxe priv\u00e9 avec chauffeur pour vous conduire rapidement et confortablement \u00e0 l&#8217;emplacement de votre choix. La prise en charge peut se faire \u00e0 l&#8217;h\u00f4tel, \u00e0 l&#8217;a\u00e9roport, \u00e0 la gare ou au lieu de votre choix.<\/p>\n","protected":false},"featured_media":93967,"comment_status":"open","ping_status":"closed","template":"","meta":{"_acf_changed":false},"product_brand":[],"product_cat":[4460,3755],"product_tag":[],"class_list":{"0":"post-103080","1":"product","2":"type-product","3":"status-publish","4":"has-post-thumbnail","6":"product_cat-all-private-tours-activities-fr-22","7":"product_cat-prague-fr","9":"first","10":"instock","11":"shipping-taxable","12":"purchasable","13":"product-type-simple"},"acf":[],"yoast_head":"<!-- This site is optimized with the Yoast SEO Premium plugin v25.3.1 (Yoast SEO v25.3.1) - https:\/\/yoast.com\/wordpress\/plugins\/seo\/ -->\n<title>Transfert priv\u00e9 \u00e0 Prague - Transfert priv\u00e9 \u00e0 Prague<\/title>\n<meta name=\"description\" content=\"Un moyen confortable d&#039;arriver \u00e0 votre destination finale avec notre transfert priv\u00e9 \u00e0 Prague. Chauffeur priv\u00e9 pour vous amener rapidement et confortablement \u00e0 votre emplacement.\" \/>\n<meta name=\"robots\" content=\"index, follow, max-snippet:-1, max-image-preview:large, max-video-preview:-1\" \/>\n<link rel=\"canonical\" href=\"https:\/\/tourtravelandmore.com\/fr\/tours\/republique-tcheque-fr\/prague-fr\/transfert-prive-a-prague\/\" \/>\n<meta property=\"og:locale\" content=\"fr_FR\" \/>\n<meta property=\"og:type\" content=\"article\" \/>\n<meta property=\"og:title\" content=\"Transfert priv\u00e9 \u00e0 Prague\" \/>\n<meta property=\"og:description\" content=\"Un moyen confortable d&#039;arriver \u00e0 votre destination finale avec notre transfert priv\u00e9 \u00e0 Prague. Chauffeur priv\u00e9 pour vous amener rapidement et confortablement \u00e0 votre emplacement.\" \/>\n<meta property=\"og:url\" content=\"https:\/\/tourtravelandmore.com\/fr\/tours\/republique-tcheque-fr\/prague-fr\/transfert-prive-a-prague\/\" \/>\n<meta property=\"og:site_name\" content=\"Tour Travel And More\" \/>\n<meta property=\"article:publisher\" content=\"https:\/\/www.facebook.com\/tourtravelandmore\/\" \/>\n<meta property=\"article:modified_time\" content=\"2021-11-05T08:05:20+00:00\" \/>\n<meta property=\"og:image\" content=\"https:\/\/tourtravelandmore.com\/wp-content\/uploads\/2016\/10\/madrid-private-transfer.png\" \/>\n\t<meta property=\"og:image:width\" content=\"640\" \/>\n\t<meta property=\"og:image:height\" content=\"425\" \/>\n\t<meta property=\"og:image:type\" content=\"image\/png\" \/>\n<meta name=\"twitter:card\" content=\"summary_large_image\" \/>\n<meta name=\"twitter:site\" content=\"@TourTravel_More\" \/>\n<meta name=\"twitter:label1\" content=\"Dur\u00e9e de lecture estim\u00e9e\" \/>\n\t<meta name=\"twitter:data1\" content=\"2 minutes\" \/>\n<script type=\"application\/ld+json\" class=\"yoast-schema-graph\">{\"@context\":\"https:\/\/schema.org\",\"@graph\":[{\"@type\":\"WebPage\",\"@id\":\"https:\/\/tourtravelandmore.com\/fr\/tours\/republique-tcheque-fr\/prague-fr\/transfert-prive-a-prague\/\",\"url\":\"https:\/\/tourtravelandmore.com\/fr\/tours\/republique-tcheque-fr\/prague-fr\/transfert-prive-a-prague\/\",\"name\":\"Transfert priv\u00e9 \u00e0 Prague - Transfert priv\u00e9 \u00e0 Prague\",\"isPartOf\":{\"@id\":\"https:\/\/tourtravelandmore.com\/fr\/#website\"},\"primaryImageOfPage\":{\"@id\":\"https:\/\/tourtravelandmore.com\/fr\/tours\/republique-tcheque-fr\/prague-fr\/transfert-prive-a-prague\/#primaryimage\"},\"image\":{\"@id\":\"https:\/\/tourtravelandmore.com\/fr\/tours\/republique-tcheque-fr\/prague-fr\/transfert-prive-a-prague\/#primaryimage\"},\"thumbnailUrl\":\"https:\/\/tourtravelandmore.com\/wp-content\/uploads\/2016\/10\/madrid-private-transfer.png\",\"datePublished\":\"2019-09-19T21:12:39+00:00\",\"dateModified\":\"2021-11-05T08:05:20+00:00\",\"description\":\"Un moyen confortable d'arriver \u00e0 votre destination finale avec notre transfert priv\u00e9 \u00e0 Prague. Chauffeur priv\u00e9 pour vous amener rapidement et confortablement \u00e0 votre emplacement.\",\"breadcrumb\":{\"@id\":\"https:\/\/tourtravelandmore.com\/fr\/tours\/republique-tcheque-fr\/prague-fr\/transfert-prive-a-prague\/#breadcrumb\"},\"inLanguage\":\"fr-FR\",\"potentialAction\":[{\"@type\":\"ReadAction\",\"target\":[\"https:\/\/tourtravelandmore.com\/fr\/tours\/republique-tcheque-fr\/prague-fr\/transfert-prive-a-prague\/\"]}]},{\"@type\":\"ImageObject\",\"inLanguage\":\"fr-FR\",\"@id\":\"https:\/\/tourtravelandmore.com\/fr\/tours\/republique-tcheque-fr\/prague-fr\/transfert-prive-a-prague\/#primaryimage\",\"url\":\"https:\/\/tourtravelandmore.com\/wp-content\/uploads\/2016\/10\/madrid-private-transfer.png\",\"contentUrl\":\"https:\/\/tourtravelandmore.com\/wp-content\/uploads\/2016\/10\/madrid-private-transfer.png\",\"width\":640,\"height\":425,\"caption\":\"Private Transfer\"},{\"@type\":\"BreadcrumbList\",\"@id\":\"https:\/\/tourtravelandmore.com\/fr\/tours\/republique-tcheque-fr\/prague-fr\/transfert-prive-a-prague\/#breadcrumb\",\"itemListElement\":[{\"@type\":\"ListItem\",\"position\":1,\"name\":\"Home\",\"item\":\"https:\/\/tourtravelandmore.com\/fr\/\"},{\"@type\":\"ListItem\",\"position\":2,\"name\":\"Tours\",\"item\":\"https:\/\/tourtravelandmore.com\/fr\/tours\/\"},{\"@type\":\"ListItem\",\"position\":3,\"name\":\"Transfert priv\u00e9 \u00e0 Prague\"}]},{\"@type\":\"WebSite\",\"@id\":\"https:\/\/tourtravelandmore.com\/fr\/#website\",\"url\":\"https:\/\/tourtravelandmore.com\/fr\/\",\"name\":\"Tour Travel And More\",\"description\":\"Private sightseeing tours and luxury transfers in Spain\",\"publisher\":{\"@id\":\"https:\/\/tourtravelandmore.com\/fr\/#organization\"},\"potentialAction\":[{\"@type\":\"SearchAction\",\"target\":{\"@type\":\"EntryPoint\",\"urlTemplate\":\"https:\/\/tourtravelandmore.com\/fr\/?s={search_term_string}\"},\"query-input\":{\"@type\":\"PropertyValueSpecification\",\"valueRequired\":true,\"valueName\":\"search_term_string\"}}],\"inLanguage\":\"fr-FR\"},{\"@type\":\"Organization\",\"@id\":\"https:\/\/tourtravelandmore.com\/fr\/#organization\",\"name\":\"Tour Travel And More\",\"url\":\"https:\/\/tourtravelandmore.com\/fr\/\",\"logo\":{\"@type\":\"ImageObject\",\"inLanguage\":\"fr-FR\",\"@id\":\"https:\/\/tourtravelandmore.com\/fr\/#\/schema\/logo\/image\/\",\"url\":\"https:\/\/tourtravelandmore.com\/wp-content\/uploads\/2022\/12\/cropped-logo-cabecera-new.png\",\"contentUrl\":\"https:\/\/tourtravelandmore.com\/wp-content\/uploads\/2022\/12\/cropped-logo-cabecera-new.png\",\"width\":430,\"height\":61,\"caption\":\"Tour Travel And More\"},\"image\":{\"@id\":\"https:\/\/tourtravelandmore.com\/fr\/#\/schema\/logo\/image\/\"},\"sameAs\":[\"https:\/\/www.facebook.com\/tourtravelandmore\/\",\"https:\/\/x.com\/TourTravel_More\"]}]}<\/script>\n<!-- \/ Yoast SEO Premium plugin. -->","yoast_head_json":{"title":"Transfert priv\u00e9 \u00e0 Prague - Transfert priv\u00e9 \u00e0 Prague","description":"Un moyen confortable d'arriver \u00e0 votre destination finale avec notre transfert priv\u00e9 \u00e0 Prague. Chauffeur priv\u00e9 pour vous amener rapidement et confortablement \u00e0 votre emplacement.","robots":{"index":"index","follow":"follow","max-snippet":"max-snippet:-1","max-image-preview":"max-image-preview:large","max-video-preview":"max-video-preview:-1"},"canonical":"https:\/\/tourtravelandmore.com\/fr\/tours\/republique-tcheque-fr\/prague-fr\/transfert-prive-a-prague\/","og_locale":"fr_FR","og_type":"article","og_title":"Transfert priv\u00e9 \u00e0 Prague","og_description":"Un moyen confortable d'arriver \u00e0 votre destination finale avec notre transfert priv\u00e9 \u00e0 Prague. Chauffeur priv\u00e9 pour vous amener rapidement et confortablement \u00e0 votre emplacement.","og_url":"https:\/\/tourtravelandmore.com\/fr\/tours\/republique-tcheque-fr\/prague-fr\/transfert-prive-a-prague\/","og_site_name":"Tour Travel And More","article_publisher":"https:\/\/www.facebook.com\/tourtravelandmore\/","article_modified_time":"2021-11-05T08:05:20+00:00","og_image":[{"width":640,"height":425,"url":"https:\/\/tourtravelandmore.com\/wp-content\/uploads\/2016\/10\/madrid-private-transfer.png","type":"image\/png"}],"twitter_card":"summary_large_image","twitter_site":"@TourTravel_More","twitter_misc":{"Dur\u00e9e de lecture estim\u00e9e":"2 minutes"},"schema":{"@context":"https:\/\/schema.org","@graph":[{"@type":"WebPage","@id":"https:\/\/tourtravelandmore.com\/fr\/tours\/republique-tcheque-fr\/prague-fr\/transfert-prive-a-prague\/","url":"https:\/\/tourtravelandmore.com\/fr\/tours\/republique-tcheque-fr\/prague-fr\/transfert-prive-a-prague\/","name":"Transfert priv\u00e9 \u00e0 Prague - Transfert priv\u00e9 \u00e0 Prague","isPartOf":{"@id":"https:\/\/tourtravelandmore.com\/fr\/#website"},"primaryImageOfPage":{"@id":"https:\/\/tourtravelandmore.com\/fr\/tours\/republique-tcheque-fr\/prague-fr\/transfert-prive-a-prague\/#primaryimage"},"image":{"@id":"https:\/\/tourtravelandmore.com\/fr\/tours\/republique-tcheque-fr\/prague-fr\/transfert-prive-a-prague\/#primaryimage"},"thumbnailUrl":"https:\/\/tourtravelandmore.com\/wp-content\/uploads\/2016\/10\/madrid-private-transfer.png","datePublished":"2019-09-19T21:12:39+00:00","dateModified":"2021-11-05T08:05:20+00:00","description":"Un moyen confortable d'arriver \u00e0 votre destination finale avec notre transfert priv\u00e9 \u00e0 Prague. Chauffeur priv\u00e9 pour vous amener rapidement et confortablement \u00e0 votre emplacement.","breadcrumb":{"@id":"https:\/\/tourtravelandmore.com\/fr\/tours\/republique-tcheque-fr\/prague-fr\/transfert-prive-a-prague\/#breadcrumb"},"inLanguage":"fr-FR","potentialAction":[{"@type":"ReadAction","target":["https:\/\/tourtravelandmore.com\/fr\/tours\/republique-tcheque-fr\/prague-fr\/transfert-prive-a-prague\/"]}]},{"@type":"ImageObject","inLanguage":"fr-FR","@id":"https:\/\/tourtravelandmore.com\/fr\/tours\/republique-tcheque-fr\/prague-fr\/transfert-prive-a-prague\/#primaryimage","url":"https:\/\/tourtravelandmore.com\/wp-content\/uploads\/2016\/10\/madrid-private-transfer.png","contentUrl":"https:\/\/tourtravelandmore.com\/wp-content\/uploads\/2016\/10\/madrid-private-transfer.png","width":640,"height":425,"caption":"Private Transfer"},{"@type":"BreadcrumbList","@id":"https:\/\/tourtravelandmore.com\/fr\/tours\/republique-tcheque-fr\/prague-fr\/transfert-prive-a-prague\/#breadcrumb","itemListElement":[{"@type":"ListItem","position":1,"name":"Home","item":"https:\/\/tourtravelandmore.com\/fr\/"},{"@type":"ListItem","position":2,"name":"Tours","item":"https:\/\/tourtravelandmore.com\/fr\/tours\/"},{"@type":"ListItem","position":3,"name":"Transfert priv\u00e9 \u00e0 Prague"}]},{"@type":"WebSite","@id":"https:\/\/tourtravelandmore.com\/fr\/#website","url":"https:\/\/tourtravelandmore.com\/fr\/","name":"Tour Travel And More","description":"Private sightseeing tours and luxury transfers in Spain","publisher":{"@id":"https:\/\/tourtravelandmore.com\/fr\/#organization"},"potentialAction":[{"@type":"SearchAction","target":{"@type":"EntryPoint","urlTemplate":"https:\/\/tourtravelandmore.com\/fr\/?s={search_term_string}"},"query-input":{"@type":"PropertyValueSpecification","valueRequired":true,"valueName":"search_term_string"}}],"inLanguage":"fr-FR"},{"@type":"Organization","@id":"https:\/\/tourtravelandmore.com\/fr\/#organization","name":"Tour Travel And More","url":"https:\/\/tourtravelandmore.com\/fr\/","logo":{"@type":"ImageObject","inLanguage":"fr-FR","@id":"https:\/\/tourtravelandmore.com\/fr\/#\/schema\/logo\/image\/","url":"https:\/\/tourtravelandmore.com\/wp-content\/uploads\/2022\/12\/cropped-logo-cabecera-new.png","contentUrl":"https:\/\/tourtravelandmore.com\/wp-content\/uploads\/2022\/12\/cropped-logo-cabecera-new.png","width":430,"height":61,"caption":"Tour Travel And More"},"image":{"@id":"https:\/\/tourtravelandmore.com\/fr\/#\/schema\/logo\/image\/"},"sameAs":["https:\/\/www.facebook.com\/tourtravelandmore\/","https:\/\/x.com\/TourTravel_More"]}]}},"_links":{"self":[{"href":"https:\/\/tourtravelandmore.com\/fr\/wp-json\/wp\/v2\/product\/103080","targetHints":{"allow":["GET"]}}],"collection":[{"href":"https:\/\/tourtravelandmore.com\/fr\/wp-json\/wp\/v2\/product"}],"about":[{"href":"https:\/\/tourtravelandmore.com\/fr\/wp-json\/wp\/v2\/types\/product"}],"replies":[{"embeddable":true,"href":"https:\/\/tourtravelandmore.com\/fr\/wp-json\/wp\/v2\/comments?post=103080"}],"wp:featuredmedia":[{"embeddable":true,"href":"https:\/\/tourtravelandmore.com\/fr\/wp-json\/wp\/v2\/media\/93967"}],"wp:attachment":[{"href":"https:\/\/tourtravelandmore.com\/fr\/wp-json\/wp\/v2\/media?parent=103080"}],"wp:term":[{"taxonomy":"product_brand","embeddable":true,"href":"https:\/\/tourtravelandmore.com\/fr\/wp-json\/wp\/v2\/product_brand?post=103080"},{"taxonomy":"product_cat","embeddable":true,"href":"https:\/\/tourtravelandmore.com\/fr\/wp-json\/wp\/v2\/product_cat?post=103080"},{"taxonomy":"product_tag","embeddable":true,"href":"https:\/\/tourtravelandmore.com\/fr\/wp-json\/wp\/v2\/product_tag?post=103080"}],"curies":[{"name":"wp","href":"https:\/\/api.w.org\/{rel}","templated":true}]}}