{"id":103074,"date":"2019-09-19T20:34:21","date_gmt":"2019-09-19T18:34:21","guid":{"rendered":"https:\/\/tourtravelandmore.com\/tours\/non%20class\u00e9\/visite-privee-a-pied-de-prague\/"},"modified":"2022-05-29T18:52:41","modified_gmt":"2022-05-29T16:52:41","slug":"visite-privee-a-pied-de-prague","status":"publish","type":"product","link":"https:\/\/tourtravelandmore.com\/fr\/tours\/republique-tcheque-fr\/prague-fr\/visite-privee-a-pied-de-prague\/","title":{"rendered":"Visite priv\u00e9e \u00e0 pied de Prague"},"content":{"rendered":"<h2><b>Description de la visite priv\u00e9e \u00e0 pied de Prague<\/b><\/h2>\n<p><span style=\"font-weight: 400;\">Profitez d&#8217;une visite priv\u00e9e \u00e0 pied de Prague avec nous. Vous commencerez dans la banlieue de Stare Mest, dans la vieille ville de Prague, et un guide local vous expliquera tout sur la r\u00e9gion.<\/span><\/p>\n<p><span style=\"font-weight: 400;\">Notre visite commence dans les rues de la vieille ville de Prague, de Klementium au nouvel h\u00f4tel de ville qui a \u00e9t\u00e9 construit entre 1908 et 1911, dans un style Art nouveau classique. Le quartier le plus ancien de Prague est une partie tr\u00e8s anim\u00e9e de la ville, qui remonte aux environs de l&#8217;an 700. Il y a beaucoup \u00e0 voir et \u00e0 faire ici, ainsi que de nombreux endroits \u00e0 explorer.<\/span><\/p>\n<h2><b>Points d&#8217;int\u00e9r\u00eat de la visite priv\u00e9e \u00e0 pied de Prague<\/b><\/h2>\n<p><span style=\"font-weight: 400;\">Apr\u00e8s le d\u00e9jeuner, nous nous rendrons \u00e0 la Maison Minute pour apprendre un peu d&#8217;histoire sur les plus anciens b\u00e2timents du quartier. Nous continuerons jusqu&#8217;\u00e0 l&#8217;ancien h\u00f4tel de ville, et en dehors des heures d&#8217;ouverture, nous pourrons voir l&#8217;\u00e9glise gothique de Notre-Dame et la maison de la cloche en pierre.<\/span><b><\/b><\/p>\n<ul>\n<li><b>Parc comm\u00e9moratif de la Croix<\/b><\/li>\n<li><b>\u00c9glise de Saint-Nicolas<\/b><\/li>\n<li><b>Monument \u00e0 Jan Hus<\/b><\/li>\n<li><b>Palais Goltz-Kinsky<\/b><\/li>\n<li><b>M\u00e9ridien de Prague\u00a0<\/b><\/li>\n<li><b>Eglise de Notre Dame<\/b><\/li>\n<li><b>Maison sur la cloche de pierre<\/b><\/li>\n<li><b>Et bien d&#8217;autres endroits encore lors de cette visite priv\u00e9e \u00e0 pied de Prague.<\/b><\/li>\n<\/ul>\n<p><span style=\"font-weight: 400;\">Notre guide professionnel a une grande connaissance de la ville et peut vous aider \u00e0 profiter de vos vacances. Son contenu enrichit la culture d&#8217;un lieu et vous pourrez mieux comprendre l&#8217;architecture de cette belle ville.<\/span><\/p>\n<p><span style=\"font-weight: 400;\">Commencez par l&#8217;une des meilleures <\/span><span style=\"font-weight: 400;\">visites priv\u00e9es que nous proposons \u00e0 Prague.<\/span><span style=\"font-weight: 400;\"> Nous pouvons organiser une exp\u00e9rience adapt\u00e9e \u00e0 vos besoins.<\/span><\/p>\n","protected":false},"excerpt":{"rendered":"<p><span style=\"font-weight: 400;\">En vous promenant dans Prague, vous verrez de nombreux points de rep\u00e8re qui m\u00e9ritent d&#8217;\u00eatre visit\u00e9s. La ville compte \u00e9galement de nombreux mus\u00e9es et galeries que vous pouvez visiter.<\/span><\/p>\n<p><span style=\"font-weight: 400;\">Prague est connue pour sa belle architecture et ses b\u00e2timents historiques tels que la cath\u00e9drale Saint-Guy, la place de la vieille ville, le pont Charles, etc.<\/span><\/p>\n<p><span style=\"font-weight: 400;\">Prague est \u00e9galement la patrie de nombreux artistes c\u00e9l\u00e8bres tels que Franz Kafka, qui a \u00e9crit &#8220;La m\u00e9tamorphose&#8221; alors qu&#8217;il vivait ici \u00e0 Prague pendant ses ann\u00e9es d&#8217;universit\u00e9.<\/span><\/p>\n","protected":false},"featured_media":96395,"comment_status":"open","ping_status":"closed","template":"","meta":{"_acf_changed":false},"product_brand":[],"product_cat":[4460,4461,3755],"product_tag":[4219],"class_list":{"0":"post-103074","1":"product","2":"type-product","3":"status-publish","4":"has-post-thumbnail","6":"product_cat-all-private-tours-activities-fr-22","7":"product_cat-private-walking-tours-fr-9","8":"product_cat-prague-fr","9":"product_tag-private-tour-fr","11":"first","12":"instock","13":"shipping-taxable","14":"purchasable","15":"product-type-simple"},"acf":[],"yoast_head":"<!-- This site is optimized with the Yoast SEO Premium plugin v25.3.1 (Yoast SEO v25.3.1) - https:\/\/yoast.com\/wordpress\/plugins\/seo\/ -->\n<title>Visite priv\u00e9e \u00e0 pied de Prague | Tour Travel and More<\/title>\n<meta name=\"description\" content=\"Profitez de cette occasion unique pour conna\u00eetre l&#039;histoire de Prague \u00e0 pied et exp\u00e9rimentez notre visite priv\u00e9e \u00e0 pied de Prague ! \u2705\" \/>\n<meta name=\"robots\" content=\"index, follow, max-snippet:-1, max-image-preview:large, max-video-preview:-1\" \/>\n<link rel=\"canonical\" href=\"https:\/\/tourtravelandmore.com\/fr\/tours\/republique-tcheque-fr\/prague-fr\/visite-privee-a-pied-de-prague\/\" \/>\n<meta property=\"og:locale\" content=\"fr_FR\" \/>\n<meta property=\"og:type\" content=\"article\" \/>\n<meta property=\"og:title\" content=\"Visite priv\u00e9e \u00e0 pied de Prague\" \/>\n<meta property=\"og:description\" content=\"Profitez de cette occasion unique pour conna\u00eetre l&#039;histoire de Prague \u00e0 pied et exp\u00e9rimentez notre visite priv\u00e9e \u00e0 pied de Prague ! \u2705\" \/>\n<meta property=\"og:url\" content=\"https:\/\/tourtravelandmore.com\/fr\/tours\/republique-tcheque-fr\/prague-fr\/visite-privee-a-pied-de-prague\/\" \/>\n<meta property=\"og:site_name\" content=\"Tour Travel And More\" \/>\n<meta property=\"article:publisher\" content=\"https:\/\/www.facebook.com\/tourtravelandmore\/\" \/>\n<meta property=\"article:modified_time\" content=\"2022-05-29T16:52:41+00:00\" \/>\n<meta property=\"og:image\" content=\"https:\/\/tourtravelandmore.com\/wp-content\/uploads\/2019\/09\/prague.walking.jpg\" \/>\n\t<meta property=\"og:image:width\" content=\"615\" \/>\n\t<meta property=\"og:image:height\" content=\"423\" \/>\n\t<meta property=\"og:image:type\" content=\"image\/jpeg\" \/>\n<meta name=\"twitter:card\" content=\"summary_large_image\" \/>\n<meta name=\"twitter:site\" content=\"@TourTravel_More\" \/>\n<meta name=\"twitter:label1\" content=\"Dur\u00e9e de lecture estim\u00e9e\" \/>\n\t<meta name=\"twitter:data1\" content=\"1 minute\" \/>\n<script type=\"application\/ld+json\" class=\"yoast-schema-graph\">{\"@context\":\"https:\/\/schema.org\",\"@graph\":[{\"@type\":\"WebPage\",\"@id\":\"https:\/\/tourtravelandmore.com\/fr\/tours\/republique-tcheque-fr\/prague-fr\/visite-privee-a-pied-de-prague\/\",\"url\":\"https:\/\/tourtravelandmore.com\/fr\/tours\/republique-tcheque-fr\/prague-fr\/visite-privee-a-pied-de-prague\/\",\"name\":\"Visite priv\u00e9e \u00e0 pied de Prague | Tour Travel and More\",\"isPartOf\":{\"@id\":\"https:\/\/tourtravelandmore.com\/fr\/#website\"},\"primaryImageOfPage\":{\"@id\":\"https:\/\/tourtravelandmore.com\/fr\/tours\/republique-tcheque-fr\/prague-fr\/visite-privee-a-pied-de-prague\/#primaryimage\"},\"image\":{\"@id\":\"https:\/\/tourtravelandmore.com\/fr\/tours\/republique-tcheque-fr\/prague-fr\/visite-privee-a-pied-de-prague\/#primaryimage\"},\"thumbnailUrl\":\"https:\/\/tourtravelandmore.com\/wp-content\/uploads\/2019\/09\/prague.walking.jpg\",\"datePublished\":\"2019-09-19T18:34:21+00:00\",\"dateModified\":\"2022-05-29T16:52:41+00:00\",\"description\":\"Profitez de cette occasion unique pour conna\u00eetre l'histoire de Prague \u00e0 pied et exp\u00e9rimentez notre visite priv\u00e9e \u00e0 pied de Prague ! \u2705\",\"breadcrumb\":{\"@id\":\"https:\/\/tourtravelandmore.com\/fr\/tours\/republique-tcheque-fr\/prague-fr\/visite-privee-a-pied-de-prague\/#breadcrumb\"},\"inLanguage\":\"fr-FR\",\"potentialAction\":[{\"@type\":\"ReadAction\",\"target\":[\"https:\/\/tourtravelandmore.com\/fr\/tours\/republique-tcheque-fr\/prague-fr\/visite-privee-a-pied-de-prague\/\"]}]},{\"@type\":\"ImageObject\",\"inLanguage\":\"fr-FR\",\"@id\":\"https:\/\/tourtravelandmore.com\/fr\/tours\/republique-tcheque-fr\/prague-fr\/visite-privee-a-pied-de-prague\/#primaryimage\",\"url\":\"https:\/\/tourtravelandmore.com\/wp-content\/uploads\/2019\/09\/prague.walking.jpg\",\"contentUrl\":\"https:\/\/tourtravelandmore.com\/wp-content\/uploads\/2019\/09\/prague.walking.jpg\",\"width\":615,\"height\":423},{\"@type\":\"BreadcrumbList\",\"@id\":\"https:\/\/tourtravelandmore.com\/fr\/tours\/republique-tcheque-fr\/prague-fr\/visite-privee-a-pied-de-prague\/#breadcrumb\",\"itemListElement\":[{\"@type\":\"ListItem\",\"position\":1,\"name\":\"Home\",\"item\":\"https:\/\/tourtravelandmore.com\/fr\/\"},{\"@type\":\"ListItem\",\"position\":2,\"name\":\"Tours\",\"item\":\"https:\/\/tourtravelandmore.com\/fr\/tours\/\"},{\"@type\":\"ListItem\",\"position\":3,\"name\":\"Visite priv\u00e9e \u00e0 pied de Prague\"}]},{\"@type\":\"WebSite\",\"@id\":\"https:\/\/tourtravelandmore.com\/fr\/#website\",\"url\":\"https:\/\/tourtravelandmore.com\/fr\/\",\"name\":\"Tour Travel And More\",\"description\":\"Private sightseeing tours and luxury transfers in Spain\",\"publisher\":{\"@id\":\"https:\/\/tourtravelandmore.com\/fr\/#organization\"},\"potentialAction\":[{\"@type\":\"SearchAction\",\"target\":{\"@type\":\"EntryPoint\",\"urlTemplate\":\"https:\/\/tourtravelandmore.com\/fr\/?s={search_term_string}\"},\"query-input\":{\"@type\":\"PropertyValueSpecification\",\"valueRequired\":true,\"valueName\":\"search_term_string\"}}],\"inLanguage\":\"fr-FR\"},{\"@type\":\"Organization\",\"@id\":\"https:\/\/tourtravelandmore.com\/fr\/#organization\",\"name\":\"Tour Travel And More\",\"url\":\"https:\/\/tourtravelandmore.com\/fr\/\",\"logo\":{\"@type\":\"ImageObject\",\"inLanguage\":\"fr-FR\",\"@id\":\"https:\/\/tourtravelandmore.com\/fr\/#\/schema\/logo\/image\/\",\"url\":\"https:\/\/tourtravelandmore.com\/wp-content\/uploads\/2022\/12\/cropped-logo-cabecera-new.png\",\"contentUrl\":\"https:\/\/tourtravelandmore.com\/wp-content\/uploads\/2022\/12\/cropped-logo-cabecera-new.png\",\"width\":430,\"height\":61,\"caption\":\"Tour Travel And More\"},\"image\":{\"@id\":\"https:\/\/tourtravelandmore.com\/fr\/#\/schema\/logo\/image\/\"},\"sameAs\":[\"https:\/\/www.facebook.com\/tourtravelandmore\/\",\"https:\/\/x.com\/TourTravel_More\"]}]}<\/script>\n<!-- \/ Yoast SEO Premium plugin. -->","yoast_head_json":{"title":"Visite priv\u00e9e \u00e0 pied de Prague | Tour Travel and More","description":"Profitez de cette occasion unique pour conna\u00eetre l'histoire de Prague \u00e0 pied et exp\u00e9rimentez notre visite priv\u00e9e \u00e0 pied de Prague ! \u2705","robots":{"index":"index","follow":"follow","max-snippet":"max-snippet:-1","max-image-preview":"max-image-preview:large","max-video-preview":"max-video-preview:-1"},"canonical":"https:\/\/tourtravelandmore.com\/fr\/tours\/republique-tcheque-fr\/prague-fr\/visite-privee-a-pied-de-prague\/","og_locale":"fr_FR","og_type":"article","og_title":"Visite priv\u00e9e \u00e0 pied de Prague","og_description":"Profitez de cette occasion unique pour conna\u00eetre l'histoire de Prague \u00e0 pied et exp\u00e9rimentez notre visite priv\u00e9e \u00e0 pied de Prague ! \u2705","og_url":"https:\/\/tourtravelandmore.com\/fr\/tours\/republique-tcheque-fr\/prague-fr\/visite-privee-a-pied-de-prague\/","og_site_name":"Tour Travel And More","article_publisher":"https:\/\/www.facebook.com\/tourtravelandmore\/","article_modified_time":"2022-05-29T16:52:41+00:00","og_image":[{"width":615,"height":423,"url":"https:\/\/tourtravelandmore.com\/wp-content\/uploads\/2019\/09\/prague.walking.jpg","type":"image\/jpeg"}],"twitter_card":"summary_large_image","twitter_site":"@TourTravel_More","twitter_misc":{"Dur\u00e9e de lecture estim\u00e9e":"1 minute"},"schema":{"@context":"https:\/\/schema.org","@graph":[{"@type":"WebPage","@id":"https:\/\/tourtravelandmore.com\/fr\/tours\/republique-tcheque-fr\/prague-fr\/visite-privee-a-pied-de-prague\/","url":"https:\/\/tourtravelandmore.com\/fr\/tours\/republique-tcheque-fr\/prague-fr\/visite-privee-a-pied-de-prague\/","name":"Visite priv\u00e9e \u00e0 pied de Prague | Tour Travel and More","isPartOf":{"@id":"https:\/\/tourtravelandmore.com\/fr\/#website"},"primaryImageOfPage":{"@id":"https:\/\/tourtravelandmore.com\/fr\/tours\/republique-tcheque-fr\/prague-fr\/visite-privee-a-pied-de-prague\/#primaryimage"},"image":{"@id":"https:\/\/tourtravelandmore.com\/fr\/tours\/republique-tcheque-fr\/prague-fr\/visite-privee-a-pied-de-prague\/#primaryimage"},"thumbnailUrl":"https:\/\/tourtravelandmore.com\/wp-content\/uploads\/2019\/09\/prague.walking.jpg","datePublished":"2019-09-19T18:34:21+00:00","dateModified":"2022-05-29T16:52:41+00:00","description":"Profitez de cette occasion unique pour conna\u00eetre l'histoire de Prague \u00e0 pied et exp\u00e9rimentez notre visite priv\u00e9e \u00e0 pied de Prague ! \u2705","breadcrumb":{"@id":"https:\/\/tourtravelandmore.com\/fr\/tours\/republique-tcheque-fr\/prague-fr\/visite-privee-a-pied-de-prague\/#breadcrumb"},"inLanguage":"fr-FR","potentialAction":[{"@type":"ReadAction","target":["https:\/\/tourtravelandmore.com\/fr\/tours\/republique-tcheque-fr\/prague-fr\/visite-privee-a-pied-de-prague\/"]}]},{"@type":"ImageObject","inLanguage":"fr-FR","@id":"https:\/\/tourtravelandmore.com\/fr\/tours\/republique-tcheque-fr\/prague-fr\/visite-privee-a-pied-de-prague\/#primaryimage","url":"https:\/\/tourtravelandmore.com\/wp-content\/uploads\/2019\/09\/prague.walking.jpg","contentUrl":"https:\/\/tourtravelandmore.com\/wp-content\/uploads\/2019\/09\/prague.walking.jpg","width":615,"height":423},{"@type":"BreadcrumbList","@id":"https:\/\/tourtravelandmore.com\/fr\/tours\/republique-tcheque-fr\/prague-fr\/visite-privee-a-pied-de-prague\/#breadcrumb","itemListElement":[{"@type":"ListItem","position":1,"name":"Home","item":"https:\/\/tourtravelandmore.com\/fr\/"},{"@type":"ListItem","position":2,"name":"Tours","item":"https:\/\/tourtravelandmore.com\/fr\/tours\/"},{"@type":"ListItem","position":3,"name":"Visite priv\u00e9e \u00e0 pied de Prague"}]},{"@type":"WebSite","@id":"https:\/\/tourtravelandmore.com\/fr\/#website","url":"https:\/\/tourtravelandmore.com\/fr\/","name":"Tour Travel And More","description":"Private sightseeing tours and luxury transfers in Spain","publisher":{"@id":"https:\/\/tourtravelandmore.com\/fr\/#organization"},"potentialAction":[{"@type":"SearchAction","target":{"@type":"EntryPoint","urlTemplate":"https:\/\/tourtravelandmore.com\/fr\/?s={search_term_string}"},"query-input":{"@type":"PropertyValueSpecification","valueRequired":true,"valueName":"search_term_string"}}],"inLanguage":"fr-FR"},{"@type":"Organization","@id":"https:\/\/tourtravelandmore.com\/fr\/#organization","name":"Tour Travel And More","url":"https:\/\/tourtravelandmore.com\/fr\/","logo":{"@type":"ImageObject","inLanguage":"fr-FR","@id":"https:\/\/tourtravelandmore.com\/fr\/#\/schema\/logo\/image\/","url":"https:\/\/tourtravelandmore.com\/wp-content\/uploads\/2022\/12\/cropped-logo-cabecera-new.png","contentUrl":"https:\/\/tourtravelandmore.com\/wp-content\/uploads\/2022\/12\/cropped-logo-cabecera-new.png","width":430,"height":61,"caption":"Tour Travel And More"},"image":{"@id":"https:\/\/tourtravelandmore.com\/fr\/#\/schema\/logo\/image\/"},"sameAs":["https:\/\/www.facebook.com\/tourtravelandmore\/","https:\/\/x.com\/TourTravel_More"]}]}},"_links":{"self":[{"href":"https:\/\/tourtravelandmore.com\/fr\/wp-json\/wp\/v2\/product\/103074","targetHints":{"allow":["GET"]}}],"collection":[{"href":"https:\/\/tourtravelandmore.com\/fr\/wp-json\/wp\/v2\/product"}],"about":[{"href":"https:\/\/tourtravelandmore.com\/fr\/wp-json\/wp\/v2\/types\/product"}],"replies":[{"embeddable":true,"href":"https:\/\/tourtravelandmore.com\/fr\/wp-json\/wp\/v2\/comments?post=103074"}],"wp:featuredmedia":[{"embeddable":true,"href":"https:\/\/tourtravelandmore.com\/fr\/wp-json\/wp\/v2\/media\/96395"}],"wp:attachment":[{"href":"https:\/\/tourtravelandmore.com\/fr\/wp-json\/wp\/v2\/media?parent=103074"}],"wp:term":[{"taxonomy":"product_brand","embeddable":true,"href":"https:\/\/tourtravelandmore.com\/fr\/wp-json\/wp\/v2\/product_brand?post=103074"},{"taxonomy":"product_cat","embeddable":true,"href":"https:\/\/tourtravelandmore.com\/fr\/wp-json\/wp\/v2\/product_cat?post=103074"},{"taxonomy":"product_tag","embeddable":true,"href":"https:\/\/tourtravelandmore.com\/fr\/wp-json\/wp\/v2\/product_tag?post=103074"}],"curies":[{"name":"wp","href":"https:\/\/api.w.org\/{rel}","templated":true}]}}