{"id":103067,"date":"2019-11-14T23:34:08","date_gmt":"2019-11-14T22:34:08","guid":{"rendered":"https:\/\/tourtravelandmore.com\/tours\/non%20class\u00e9\/excursion-privee-dune-journee-a-bamberg\/"},"modified":"2021-03-14T20:18:26","modified_gmt":"2021-03-14T19:18:26","slug":"excursion-privee-dune-journee-a-bamberg","status":"publish","type":"product","link":"https:\/\/tourtravelandmore.com\/fr\/tours\/allemagne-fr\/nuremberg-fr\/excursion-privee-dune-journee-a-bamberg\/","title":{"rendered":"Excursion priv\u00e9e d&#8217;une journ\u00e9e \u00e0 Bamberg"},"content":{"rendered":"<h2>Description<\/h2>\n<p>Visitez la charmante ville historique de Bamberg au d\u00e9part de Nuremberg aux c\u00f4t\u00e9s de votre chauffeur \/ guide priv\u00e9. Explorez ce magnifique site class\u00e9 au patrimoine mondial de l&#8217;UNESCO avec notre visite priv\u00e9e de Bamberg au d\u00e9part de Nuremberg.<\/p>\n<p>Tout d&#8217;abord, votre chauffeur \/ guide priv\u00e9 viendra vous chercher \u00e0 l&#8217;endroit souhait\u00e9 \u00e0 Nuremberg. Apr\u00e8s cela, vous vous rendrez \u00e0 Bamberg, situ\u00e9 \u00e0 1 heure de Nuremberg.<\/p>\n<p>Cette visite priv\u00e9e est totalement adaptable \u00e0 vos int\u00e9r\u00eats et d\u00e9sirs personnels. Si vous souhaitez qu&#8217;un membre de notre \u00e9quipe vous aide \u00e0 organiser une excursion sur mesure, contactez-nous!<\/p>\n<h2>Sites d&#8217;int\u00e9r\u00eat et points de rep\u00e8re<\/h2>\n<p>La vieille ville de Bamberg a \u00e9t\u00e9 d\u00e9clar\u00e9e en 1993 site du patrimoine mondial de l&#8217;UNESCO. Plus de 2400 b\u00e2timents class\u00e9s, des ruelles sinueuses et une abondance d&#8217;\u00e9glises m\u00e9di\u00e9vales font de Bamberg une \u0153uvre d&#8217;art d&#8217;une immense valeur historique. \u00c0 la fin du XVIIIe si\u00e8cle, la ville \u00e9tait le centre des Lumi\u00e8res dans le sud de l&#8217;Allemagne, avec d&#8217;\u00e9minents philosophes et \u00e9crivains tels que Hegel et Hoffmann qui y vivaient.<\/p>\n<p>Vous visiterez les sites les plus embl\u00e9matiques de la ville historique lors de votre visite priv\u00e9e de Bamberg au d\u00e9part de Nuremberg. Par exemple:<\/p>\n<ul>\n<li>R\u00e9sidence Geyersw\u00f6rth<\/li>\n<li>Ancien h\u00f4tel de ville: d\u00e9couvrez les fresques qui ornent les fa\u00e7ades, qui sont aussi \u00e9tonnantes que l&#8217;histoire derri\u00e8re la construction du b\u00e2timent.<\/li>\n<li>Cath\u00e9drale de Bamberg: Depuis 1993, la cath\u00e9drale fait partie du site du patrimoine mondial de l&#8217;UNESCO &#8220;Ville de Bamberg&#8221;. Il a \u00e9t\u00e9 construit au 13\u00e8me si\u00e8cle.<\/li>\n<li>l&#8217;ancienne r\u00e9sidence royale<\/li>\n<li>Nouvelle r\u00e9sidence<\/li>\n<li>Abbaye de Michaelsberg<\/li>\n<li>Ch\u00e2teau d&#8217;Altenburg: Le ch\u00e2teau d&#8217;Altenburg est perch\u00e9 au sommet de la plus haute colline de Bamberg et est l&#8217;un des<\/li>\n<li>principaux monuments de Bamberg.<\/li>\n<li>Beaucoup plus!<\/li>\n<\/ul>\n<p>Votre chauffeur \/ guide priv\u00e9 sera \u00e0 votre enti\u00e8re disposition pendant toute la dur\u00e9e de la visite. Nos guides sont agr\u00e9\u00e9s et exp\u00e9riment\u00e9s dans l&#8217;art, l&#8217;histoire et la culture de l&#8217;Allemagne. Notre proposition a une dur\u00e9e de 8 heures. Cependant, si vous pr\u00e9f\u00e9rez une visite plus longue, nous pouvons \u00e9galement l&#8217;organiser.<\/p>\n","protected":false},"excerpt":{"rendered":"<p>Profitez au maximum de votre visite \u00e0 Nuremberg et visitez l&#8217;une des plus belles villes bavaroises; Bamberg. Apprenez \u00e0 conna\u00eetre cette merveilleuse vieille ville, d\u00e9clar\u00e9e par l&#8217;UNESCO comme site du patrimoine mondial en 1993. Exp\u00e9rience sur mesure avec un chauffeur \/ guide local et agr\u00e9\u00e9.<\/p>\n","protected":false},"featured_media":96714,"comment_status":"open","ping_status":"closed","template":"","meta":{"_acf_changed":false},"product_brand":[],"product_cat":[3753],"product_tag":[4043],"class_list":{"0":"post-103067","1":"product","2":"type-product","3":"status-publish","4":"has-post-thumbnail","6":"product_cat-nuremberg-fr","7":"product_tag-private-fr","9":"first","10":"instock","11":"shipping-taxable","12":"purchasable","13":"product-type-simple"},"acf":[],"yoast_head":"<!-- This site is optimized with the Yoast SEO Premium plugin v25.3.1 (Yoast SEO v25.3.1) - https:\/\/yoast.com\/wordpress\/plugins\/seo\/ -->\n<title>Visite priv\u00e9e de Bamberg au d\u00e9part de Nuremberg avec chauffeur \/ guide agr\u00e9\u00e9<\/title>\n<meta name=\"description\" content=\"Profitez de notre visite priv\u00e9e de Bamberg au d\u00e9part de Nuremberg et d\u00e9couvrez ce magnifique site du patrimoine mondial de l&#039;UNESCO \u00e0 c\u00f4t\u00e9 d&#039;un expert local\" \/>\n<meta name=\"robots\" content=\"index, follow, max-snippet:-1, max-image-preview:large, max-video-preview:-1\" \/>\n<link rel=\"canonical\" href=\"https:\/\/tourtravelandmore.com\/fr\/tours\/allemagne-fr\/nuremberg-fr\/excursion-privee-dune-journee-a-bamberg\/\" \/>\n<meta property=\"og:locale\" content=\"fr_FR\" \/>\n<meta property=\"og:type\" content=\"article\" \/>\n<meta property=\"og:title\" content=\"Excursion priv\u00e9e d&#039;une journ\u00e9e \u00e0 Bamberg\" \/>\n<meta property=\"og:description\" content=\"Profitez de notre visite priv\u00e9e de Bamberg au d\u00e9part de Nuremberg et d\u00e9couvrez ce magnifique site du patrimoine mondial de l&#039;UNESCO \u00e0 c\u00f4t\u00e9 d&#039;un expert local\" \/>\n<meta property=\"og:url\" content=\"https:\/\/tourtravelandmore.com\/fr\/tours\/allemagne-fr\/nuremberg-fr\/excursion-privee-dune-journee-a-bamberg\/\" \/>\n<meta property=\"og:site_name\" content=\"Tour Travel And More\" \/>\n<meta property=\"article:publisher\" content=\"https:\/\/www.facebook.com\/tourtravelandmore\/\" \/>\n<meta property=\"article:modified_time\" content=\"2021-03-14T19:18:26+00:00\" \/>\n<meta property=\"og:image\" content=\"https:\/\/tourtravelandmore.com\/wp-content\/uploads\/2019\/11\/Germany-Bamberg-View-from-Michaelsberg-abbey-Blick-vom-K-....jpg\" \/>\n\t<meta property=\"og:image:width\" content=\"1023\" \/>\n\t<meta property=\"og:image:height\" content=\"685\" \/>\n\t<meta property=\"og:image:type\" content=\"image\/jpeg\" \/>\n<meta name=\"twitter:card\" content=\"summary_large_image\" \/>\n<meta name=\"twitter:site\" content=\"@TourTravel_More\" \/>\n<meta name=\"twitter:label1\" content=\"Dur\u00e9e de lecture estim\u00e9e\" \/>\n\t<meta name=\"twitter:data1\" content=\"2 minutes\" \/>\n<script type=\"application\/ld+json\" class=\"yoast-schema-graph\">{\"@context\":\"https:\/\/schema.org\",\"@graph\":[{\"@type\":\"WebPage\",\"@id\":\"https:\/\/tourtravelandmore.com\/fr\/tours\/allemagne-fr\/nuremberg-fr\/excursion-privee-dune-journee-a-bamberg\/\",\"url\":\"https:\/\/tourtravelandmore.com\/fr\/tours\/allemagne-fr\/nuremberg-fr\/excursion-privee-dune-journee-a-bamberg\/\",\"name\":\"Visite priv\u00e9e de Bamberg au d\u00e9part de Nuremberg avec chauffeur \/ guide agr\u00e9\u00e9\",\"isPartOf\":{\"@id\":\"https:\/\/tourtravelandmore.com\/fr\/#website\"},\"primaryImageOfPage\":{\"@id\":\"https:\/\/tourtravelandmore.com\/fr\/tours\/allemagne-fr\/nuremberg-fr\/excursion-privee-dune-journee-a-bamberg\/#primaryimage\"},\"image\":{\"@id\":\"https:\/\/tourtravelandmore.com\/fr\/tours\/allemagne-fr\/nuremberg-fr\/excursion-privee-dune-journee-a-bamberg\/#primaryimage\"},\"thumbnailUrl\":\"https:\/\/tourtravelandmore.com\/wp-content\/uploads\/2019\/11\/Germany-Bamberg-View-from-Michaelsberg-abbey-Blick-vom-K-....jpg\",\"datePublished\":\"2019-11-14T22:34:08+00:00\",\"dateModified\":\"2021-03-14T19:18:26+00:00\",\"description\":\"Profitez de notre visite priv\u00e9e de Bamberg au d\u00e9part de Nuremberg et d\u00e9couvrez ce magnifique site du patrimoine mondial de l'UNESCO \u00e0 c\u00f4t\u00e9 d'un expert local\",\"breadcrumb\":{\"@id\":\"https:\/\/tourtravelandmore.com\/fr\/tours\/allemagne-fr\/nuremberg-fr\/excursion-privee-dune-journee-a-bamberg\/#breadcrumb\"},\"inLanguage\":\"fr-FR\",\"potentialAction\":[{\"@type\":\"ReadAction\",\"target\":[\"https:\/\/tourtravelandmore.com\/fr\/tours\/allemagne-fr\/nuremberg-fr\/excursion-privee-dune-journee-a-bamberg\/\"]}]},{\"@type\":\"ImageObject\",\"inLanguage\":\"fr-FR\",\"@id\":\"https:\/\/tourtravelandmore.com\/fr\/tours\/allemagne-fr\/nuremberg-fr\/excursion-privee-dune-journee-a-bamberg\/#primaryimage\",\"url\":\"https:\/\/tourtravelandmore.com\/wp-content\/uploads\/2019\/11\/Germany-Bamberg-View-from-Michaelsberg-abbey-Blick-vom-K-....jpg\",\"contentUrl\":\"https:\/\/tourtravelandmore.com\/wp-content\/uploads\/2019\/11\/Germany-Bamberg-View-from-Michaelsberg-abbey-Blick-vom-K-....jpg\",\"width\":1023,\"height\":685},{\"@type\":\"BreadcrumbList\",\"@id\":\"https:\/\/tourtravelandmore.com\/fr\/tours\/allemagne-fr\/nuremberg-fr\/excursion-privee-dune-journee-a-bamberg\/#breadcrumb\",\"itemListElement\":[{\"@type\":\"ListItem\",\"position\":1,\"name\":\"Home\",\"item\":\"https:\/\/tourtravelandmore.com\/fr\/\"},{\"@type\":\"ListItem\",\"position\":2,\"name\":\"Tours\",\"item\":\"https:\/\/tourtravelandmore.com\/fr\/tours\/\"},{\"@type\":\"ListItem\",\"position\":3,\"name\":\"Excursion priv\u00e9e d&rsquo;une journ\u00e9e \u00e0 Bamberg\"}]},{\"@type\":\"WebSite\",\"@id\":\"https:\/\/tourtravelandmore.com\/fr\/#website\",\"url\":\"https:\/\/tourtravelandmore.com\/fr\/\",\"name\":\"Tour Travel And More\",\"description\":\"Private sightseeing tours and luxury transfers in Spain\",\"publisher\":{\"@id\":\"https:\/\/tourtravelandmore.com\/fr\/#organization\"},\"potentialAction\":[{\"@type\":\"SearchAction\",\"target\":{\"@type\":\"EntryPoint\",\"urlTemplate\":\"https:\/\/tourtravelandmore.com\/fr\/?s={search_term_string}\"},\"query-input\":{\"@type\":\"PropertyValueSpecification\",\"valueRequired\":true,\"valueName\":\"search_term_string\"}}],\"inLanguage\":\"fr-FR\"},{\"@type\":\"Organization\",\"@id\":\"https:\/\/tourtravelandmore.com\/fr\/#organization\",\"name\":\"Tour Travel And More\",\"url\":\"https:\/\/tourtravelandmore.com\/fr\/\",\"logo\":{\"@type\":\"ImageObject\",\"inLanguage\":\"fr-FR\",\"@id\":\"https:\/\/tourtravelandmore.com\/fr\/#\/schema\/logo\/image\/\",\"url\":\"https:\/\/tourtravelandmore.com\/wp-content\/uploads\/2022\/12\/cropped-logo-cabecera-new.png\",\"contentUrl\":\"https:\/\/tourtravelandmore.com\/wp-content\/uploads\/2022\/12\/cropped-logo-cabecera-new.png\",\"width\":430,\"height\":61,\"caption\":\"Tour Travel And More\"},\"image\":{\"@id\":\"https:\/\/tourtravelandmore.com\/fr\/#\/schema\/logo\/image\/\"},\"sameAs\":[\"https:\/\/www.facebook.com\/tourtravelandmore\/\",\"https:\/\/x.com\/TourTravel_More\"]}]}<\/script>\n<!-- \/ Yoast SEO Premium plugin. -->","yoast_head_json":{"title":"Visite priv\u00e9e de Bamberg au d\u00e9part de Nuremberg avec chauffeur \/ guide agr\u00e9\u00e9","description":"Profitez de notre visite priv\u00e9e de Bamberg au d\u00e9part de Nuremberg et d\u00e9couvrez ce magnifique site du patrimoine mondial de l'UNESCO \u00e0 c\u00f4t\u00e9 d'un expert local","robots":{"index":"index","follow":"follow","max-snippet":"max-snippet:-1","max-image-preview":"max-image-preview:large","max-video-preview":"max-video-preview:-1"},"canonical":"https:\/\/tourtravelandmore.com\/fr\/tours\/allemagne-fr\/nuremberg-fr\/excursion-privee-dune-journee-a-bamberg\/","og_locale":"fr_FR","og_type":"article","og_title":"Excursion priv\u00e9e d'une journ\u00e9e \u00e0 Bamberg","og_description":"Profitez de notre visite priv\u00e9e de Bamberg au d\u00e9part de Nuremberg et d\u00e9couvrez ce magnifique site du patrimoine mondial de l'UNESCO \u00e0 c\u00f4t\u00e9 d'un expert local","og_url":"https:\/\/tourtravelandmore.com\/fr\/tours\/allemagne-fr\/nuremberg-fr\/excursion-privee-dune-journee-a-bamberg\/","og_site_name":"Tour Travel And More","article_publisher":"https:\/\/www.facebook.com\/tourtravelandmore\/","article_modified_time":"2021-03-14T19:18:26+00:00","og_image":[{"width":1023,"height":685,"url":"https:\/\/tourtravelandmore.com\/wp-content\/uploads\/2019\/11\/Germany-Bamberg-View-from-Michaelsberg-abbey-Blick-vom-K-....jpg","type":"image\/jpeg"}],"twitter_card":"summary_large_image","twitter_site":"@TourTravel_More","twitter_misc":{"Dur\u00e9e de lecture estim\u00e9e":"2 minutes"},"schema":{"@context":"https:\/\/schema.org","@graph":[{"@type":"WebPage","@id":"https:\/\/tourtravelandmore.com\/fr\/tours\/allemagne-fr\/nuremberg-fr\/excursion-privee-dune-journee-a-bamberg\/","url":"https:\/\/tourtravelandmore.com\/fr\/tours\/allemagne-fr\/nuremberg-fr\/excursion-privee-dune-journee-a-bamberg\/","name":"Visite priv\u00e9e de Bamberg au d\u00e9part de Nuremberg avec chauffeur \/ guide agr\u00e9\u00e9","isPartOf":{"@id":"https:\/\/tourtravelandmore.com\/fr\/#website"},"primaryImageOfPage":{"@id":"https:\/\/tourtravelandmore.com\/fr\/tours\/allemagne-fr\/nuremberg-fr\/excursion-privee-dune-journee-a-bamberg\/#primaryimage"},"image":{"@id":"https:\/\/tourtravelandmore.com\/fr\/tours\/allemagne-fr\/nuremberg-fr\/excursion-privee-dune-journee-a-bamberg\/#primaryimage"},"thumbnailUrl":"https:\/\/tourtravelandmore.com\/wp-content\/uploads\/2019\/11\/Germany-Bamberg-View-from-Michaelsberg-abbey-Blick-vom-K-....jpg","datePublished":"2019-11-14T22:34:08+00:00","dateModified":"2021-03-14T19:18:26+00:00","description":"Profitez de notre visite priv\u00e9e de Bamberg au d\u00e9part de Nuremberg et d\u00e9couvrez ce magnifique site du patrimoine mondial de l'UNESCO \u00e0 c\u00f4t\u00e9 d'un expert local","breadcrumb":{"@id":"https:\/\/tourtravelandmore.com\/fr\/tours\/allemagne-fr\/nuremberg-fr\/excursion-privee-dune-journee-a-bamberg\/#breadcrumb"},"inLanguage":"fr-FR","potentialAction":[{"@type":"ReadAction","target":["https:\/\/tourtravelandmore.com\/fr\/tours\/allemagne-fr\/nuremberg-fr\/excursion-privee-dune-journee-a-bamberg\/"]}]},{"@type":"ImageObject","inLanguage":"fr-FR","@id":"https:\/\/tourtravelandmore.com\/fr\/tours\/allemagne-fr\/nuremberg-fr\/excursion-privee-dune-journee-a-bamberg\/#primaryimage","url":"https:\/\/tourtravelandmore.com\/wp-content\/uploads\/2019\/11\/Germany-Bamberg-View-from-Michaelsberg-abbey-Blick-vom-K-....jpg","contentUrl":"https:\/\/tourtravelandmore.com\/wp-content\/uploads\/2019\/11\/Germany-Bamberg-View-from-Michaelsberg-abbey-Blick-vom-K-....jpg","width":1023,"height":685},{"@type":"BreadcrumbList","@id":"https:\/\/tourtravelandmore.com\/fr\/tours\/allemagne-fr\/nuremberg-fr\/excursion-privee-dune-journee-a-bamberg\/#breadcrumb","itemListElement":[{"@type":"ListItem","position":1,"name":"Home","item":"https:\/\/tourtravelandmore.com\/fr\/"},{"@type":"ListItem","position":2,"name":"Tours","item":"https:\/\/tourtravelandmore.com\/fr\/tours\/"},{"@type":"ListItem","position":3,"name":"Excursion priv\u00e9e d&rsquo;une journ\u00e9e \u00e0 Bamberg"}]},{"@type":"WebSite","@id":"https:\/\/tourtravelandmore.com\/fr\/#website","url":"https:\/\/tourtravelandmore.com\/fr\/","name":"Tour Travel And More","description":"Private sightseeing tours and luxury transfers in Spain","publisher":{"@id":"https:\/\/tourtravelandmore.com\/fr\/#organization"},"potentialAction":[{"@type":"SearchAction","target":{"@type":"EntryPoint","urlTemplate":"https:\/\/tourtravelandmore.com\/fr\/?s={search_term_string}"},"query-input":{"@type":"PropertyValueSpecification","valueRequired":true,"valueName":"search_term_string"}}],"inLanguage":"fr-FR"},{"@type":"Organization","@id":"https:\/\/tourtravelandmore.com\/fr\/#organization","name":"Tour Travel And More","url":"https:\/\/tourtravelandmore.com\/fr\/","logo":{"@type":"ImageObject","inLanguage":"fr-FR","@id":"https:\/\/tourtravelandmore.com\/fr\/#\/schema\/logo\/image\/","url":"https:\/\/tourtravelandmore.com\/wp-content\/uploads\/2022\/12\/cropped-logo-cabecera-new.png","contentUrl":"https:\/\/tourtravelandmore.com\/wp-content\/uploads\/2022\/12\/cropped-logo-cabecera-new.png","width":430,"height":61,"caption":"Tour Travel And More"},"image":{"@id":"https:\/\/tourtravelandmore.com\/fr\/#\/schema\/logo\/image\/"},"sameAs":["https:\/\/www.facebook.com\/tourtravelandmore\/","https:\/\/x.com\/TourTravel_More"]}]}},"_links":{"self":[{"href":"https:\/\/tourtravelandmore.com\/fr\/wp-json\/wp\/v2\/product\/103067","targetHints":{"allow":["GET"]}}],"collection":[{"href":"https:\/\/tourtravelandmore.com\/fr\/wp-json\/wp\/v2\/product"}],"about":[{"href":"https:\/\/tourtravelandmore.com\/fr\/wp-json\/wp\/v2\/types\/product"}],"replies":[{"embeddable":true,"href":"https:\/\/tourtravelandmore.com\/fr\/wp-json\/wp\/v2\/comments?post=103067"}],"wp:featuredmedia":[{"embeddable":true,"href":"https:\/\/tourtravelandmore.com\/fr\/wp-json\/wp\/v2\/media\/96714"}],"wp:attachment":[{"href":"https:\/\/tourtravelandmore.com\/fr\/wp-json\/wp\/v2\/media?parent=103067"}],"wp:term":[{"taxonomy":"product_brand","embeddable":true,"href":"https:\/\/tourtravelandmore.com\/fr\/wp-json\/wp\/v2\/product_brand?post=103067"},{"taxonomy":"product_cat","embeddable":true,"href":"https:\/\/tourtravelandmore.com\/fr\/wp-json\/wp\/v2\/product_cat?post=103067"},{"taxonomy":"product_tag","embeddable":true,"href":"https:\/\/tourtravelandmore.com\/fr\/wp-json\/wp\/v2\/product_tag?post=103067"}],"curies":[{"name":"wp","href":"https:\/\/api.w.org\/{rel}","templated":true}]}}