{"id":103062,"date":"2019-09-20T14:55:04","date_gmt":"2019-09-20T12:55:04","guid":{"rendered":"https:\/\/tourtravelandmore.com\/tours\/non%20class\u00e9\/visite-privee-a-pied-de-nuremberg\/"},"modified":"2021-03-14T20:17:20","modified_gmt":"2021-03-14T19:17:20","slug":"visite-privee-a-pied-de-nuremberg","status":"publish","type":"product","link":"https:\/\/tourtravelandmore.com\/fr\/tours\/allemagne-fr\/nuremberg-fr\/visite-privee-a-pied-de-nuremberg\/","title":{"rendered":"Visite priv\u00e9e \u00e0 pied de Nuremberg"},"content":{"rendered":"<h2>Description<\/h2>\n<p>D\u00e9couvrez la magnifique vieille ville de Nuremberg aux c\u00f4t\u00e9s de l&#8217;un de nos guides touristiques officiels priv\u00e9s experts. Avec notre visite priv\u00e9e \u00e0 pied de Nuremberg, vous apprendrez l&#8217;histoire de la ville tout en visitant ses sites et monuments les plus embl\u00e9matiques.<\/p>\n<p>Tout d&#8217;abord, vous rencontrerez votre guide priv\u00e9 dans un point central. Apr\u00e8s cela, vous commencerez votre visite. Si votre h\u00f4tel est situ\u00e9 dans le centre de la ville, votre guide peut \u00e9galement venir vous y chercher. Sinon, si vous avez besoin d&#8217;un v\u00e9hicule pour vous conduire de l&#8217;h\u00f4tel au centre, nous pouvons \u00e9galement l&#8217;organiser.<\/p>\n<p>Il existe de nombreux endroits que vous pourriez visiter \u00e0 Nuremberg. L&#8217;itin\u00e9raire sera adapt\u00e9 \u00e0 vos int\u00e9r\u00eats et d\u00e9sirs personnels. Votre guide sera \u00e0 votre enti\u00e8re disposition pendant toute la dur\u00e9e de la visite.<\/p>\n<h2>Sites d&#8217;int\u00e9r\u00eat et points de rep\u00e8re<\/h2>\n<p>Situ\u00e9e sur la rivi\u00e8re Pegnitz, l\u00e0 o\u00f9 elle \u00e9merge des hautes terres de Franconie, Nuremberg est la deuxi\u00e8me plus grande ville de l&#8217;\u00c9tat f\u00e9d\u00e9ral allemand de Bavi\u00e8re apr\u00e8s Munich. Cette ville historique, fond\u00e9e au XIe si\u00e8cle m\u00e9di\u00e9val, a \u00e9galement jou\u00e9 un r\u00f4le important dans l&#8217;histoire moderne du pays. Voici les rassemblements du premier parti nazi dans les ann\u00e9es 1930, les bombardements alli\u00e9s pendant la guerre et les proc\u00e8s bien connus de Nuremberg en 1945.<\/p>\n<p>Lors de votre visite priv\u00e9e \u00e0 pied de Nuremberg, vous visiterez les sites les plus embl\u00e9matiques de la vieille ville. Par exemple:<\/p>\n<ul>\n<li>Hauptmarkt: le c\u0153ur de la vieille ville de Nuremberg<\/li>\n<li>H\u00f4tel de ville: Il a \u00e9t\u00e9 construit aux XIVe et XVIIe si\u00e8cles. Les personnages d\u00e9corant le b\u00e2timent symbolisent Babylone, la<\/li>\n<li>Perse, la Gr\u00e8ce, Rome et l&#8217;\u00c9glise catholique romaine.<\/li>\n<li>Frauenkirche: L&#8217;une des plus belles \u00e9glises gothiques d&#8217;Allemagne. Il a \u00e9t\u00e9 construit \u00e0 l&#8217;initiative de Charles IV, empereur romain germanique entre 1352 et 1362<\/li>\n<li>\u00c9glise Saint-Sebaldus<\/li>\n<li>Ch\u00e2teau de Nuremberg: Ce ch\u00e2teau m\u00e9di\u00e9val du XIIe si\u00e8cle est le site le plus embl\u00e9matique de Nuremberg<\/li>\n<li>Tour Tierg\u00e4rtner et mur de la vieille ville<\/li>\n<li>Albrecht-D\u00fcrer-Haus<\/li>\n<li>Mus\u00e9e du jouet de Nuremberg<\/li>\n<li>Pont du pendu<\/li>\n<li>Ludwigsplatz<\/li>\n<li>Breitengasse<\/li>\n<li>Cath\u00e9drale Sainte-\u00c9lisabeth<\/li>\n<li>\u00c9glise Saint-Jacob<\/li>\n<li>Mus\u00e9e national allemand<\/li>\n<li>Heilig-Geist-Spital<\/li>\n<li>Beaucoup plus!<\/li>\n<\/ul>\n<p>Vous profiterez d&#8217;une visite priv\u00e9e sur mesure aux c\u00f4t\u00e9s d&#8217;un expert local. Tous nos guides sont agr\u00e9\u00e9s par la ville de Nuremberg.<\/p>\n","protected":false},"excerpt":{"rendered":"<p>Explorez la magnifique vieille ville de Nuremberg avec l&#8217;un de nos guides touristiques agr\u00e9\u00e9s experts. Profitez d&#8217;une visite priv\u00e9e et sur mesure et d\u00e9couvrez la ville et ses lieux les plus embl\u00e9matiques aux c\u00f4t\u00e9s d&#8217;un expert local. Contactez-nous pour une proposition personnalis\u00e9e.<\/p>\n","protected":false},"featured_media":96378,"comment_status":"open","ping_status":"closed","template":"","meta":{"_acf_changed":false},"product_brand":[],"product_cat":[3753],"product_tag":[],"class_list":{"0":"post-103062","1":"product","2":"type-product","3":"status-publish","4":"has-post-thumbnail","6":"product_cat-nuremberg-fr","8":"first","9":"instock","10":"shipping-taxable","11":"purchasable","12":"product-type-simple"},"acf":[],"yoast_head":"<!-- This site is optimized with the Yoast SEO Premium plugin v25.3.1 (Yoast SEO v25.3.1) - https:\/\/yoast.com\/wordpress\/plugins\/seo\/ -->\n<title>Visite priv\u00e9e \u00e0 pied de Nuremberg avec un guide agr\u00e9\u00e9<\/title>\n<meta name=\"description\" content=\"Profitez de notre visite priv\u00e9e \u00e0 pied de Nuremberg avec un guide local exp\u00e9riment\u00e9 et d\u00e9couvrez sa vieille ville historique et ses lieux les plus repr\u00e9sentatifs\" \/>\n<meta name=\"robots\" content=\"index, follow, max-snippet:-1, max-image-preview:large, max-video-preview:-1\" \/>\n<link rel=\"canonical\" href=\"https:\/\/tourtravelandmore.com\/fr\/tours\/allemagne-fr\/nuremberg-fr\/visite-privee-a-pied-de-nuremberg\/\" \/>\n<meta property=\"og:locale\" content=\"fr_FR\" \/>\n<meta property=\"og:type\" content=\"article\" \/>\n<meta property=\"og:title\" content=\"Visite priv\u00e9e \u00e0 pied de Nuremberg\" \/>\n<meta property=\"og:description\" content=\"Profitez de notre visite priv\u00e9e \u00e0 pied de Nuremberg avec un guide local exp\u00e9riment\u00e9 et d\u00e9couvrez sa vieille ville historique et ses lieux les plus repr\u00e9sentatifs\" \/>\n<meta property=\"og:url\" content=\"https:\/\/tourtravelandmore.com\/fr\/tours\/allemagne-fr\/nuremberg-fr\/visite-privee-a-pied-de-nuremberg\/\" \/>\n<meta property=\"og:site_name\" content=\"Tour Travel And More\" \/>\n<meta property=\"article:publisher\" content=\"https:\/\/www.facebook.com\/tourtravelandmore\/\" \/>\n<meta property=\"article:modified_time\" content=\"2021-03-14T19:17:20+00:00\" \/>\n<meta property=\"og:image\" content=\"https:\/\/tourtravelandmore.com\/wp-content\/uploads\/2019\/09\/nuremberg.12.jpg\" \/>\n\t<meta property=\"og:image:width\" content=\"960\" \/>\n\t<meta property=\"og:image:height\" content=\"640\" \/>\n\t<meta property=\"og:image:type\" content=\"image\/jpeg\" \/>\n<meta name=\"twitter:card\" content=\"summary_large_image\" \/>\n<meta name=\"twitter:site\" content=\"@TourTravel_More\" \/>\n<meta name=\"twitter:label1\" content=\"Dur\u00e9e de lecture estim\u00e9e\" \/>\n\t<meta name=\"twitter:data1\" content=\"2 minutes\" \/>\n<script type=\"application\/ld+json\" class=\"yoast-schema-graph\">{\"@context\":\"https:\/\/schema.org\",\"@graph\":[{\"@type\":\"WebPage\",\"@id\":\"https:\/\/tourtravelandmore.com\/fr\/tours\/allemagne-fr\/nuremberg-fr\/visite-privee-a-pied-de-nuremberg\/\",\"url\":\"https:\/\/tourtravelandmore.com\/fr\/tours\/allemagne-fr\/nuremberg-fr\/visite-privee-a-pied-de-nuremberg\/\",\"name\":\"Visite priv\u00e9e \u00e0 pied de Nuremberg avec un guide agr\u00e9\u00e9\",\"isPartOf\":{\"@id\":\"https:\/\/tourtravelandmore.com\/fr\/#website\"},\"primaryImageOfPage\":{\"@id\":\"https:\/\/tourtravelandmore.com\/fr\/tours\/allemagne-fr\/nuremberg-fr\/visite-privee-a-pied-de-nuremberg\/#primaryimage\"},\"image\":{\"@id\":\"https:\/\/tourtravelandmore.com\/fr\/tours\/allemagne-fr\/nuremberg-fr\/visite-privee-a-pied-de-nuremberg\/#primaryimage\"},\"thumbnailUrl\":\"https:\/\/tourtravelandmore.com\/wp-content\/uploads\/2019\/09\/nuremberg.12.jpg\",\"datePublished\":\"2019-09-20T12:55:04+00:00\",\"dateModified\":\"2021-03-14T19:17:20+00:00\",\"description\":\"Profitez de notre visite priv\u00e9e \u00e0 pied de Nuremberg avec un guide local exp\u00e9riment\u00e9 et d\u00e9couvrez sa vieille ville historique et ses lieux les plus repr\u00e9sentatifs\",\"breadcrumb\":{\"@id\":\"https:\/\/tourtravelandmore.com\/fr\/tours\/allemagne-fr\/nuremberg-fr\/visite-privee-a-pied-de-nuremberg\/#breadcrumb\"},\"inLanguage\":\"fr-FR\",\"potentialAction\":[{\"@type\":\"ReadAction\",\"target\":[\"https:\/\/tourtravelandmore.com\/fr\/tours\/allemagne-fr\/nuremberg-fr\/visite-privee-a-pied-de-nuremberg\/\"]}]},{\"@type\":\"ImageObject\",\"inLanguage\":\"fr-FR\",\"@id\":\"https:\/\/tourtravelandmore.com\/fr\/tours\/allemagne-fr\/nuremberg-fr\/visite-privee-a-pied-de-nuremberg\/#primaryimage\",\"url\":\"https:\/\/tourtravelandmore.com\/wp-content\/uploads\/2019\/09\/nuremberg.12.jpg\",\"contentUrl\":\"https:\/\/tourtravelandmore.com\/wp-content\/uploads\/2019\/09\/nuremberg.12.jpg\",\"width\":960,\"height\":640},{\"@type\":\"BreadcrumbList\",\"@id\":\"https:\/\/tourtravelandmore.com\/fr\/tours\/allemagne-fr\/nuremberg-fr\/visite-privee-a-pied-de-nuremberg\/#breadcrumb\",\"itemListElement\":[{\"@type\":\"ListItem\",\"position\":1,\"name\":\"Home\",\"item\":\"https:\/\/tourtravelandmore.com\/fr\/\"},{\"@type\":\"ListItem\",\"position\":2,\"name\":\"Tours\",\"item\":\"https:\/\/tourtravelandmore.com\/fr\/tours\/\"},{\"@type\":\"ListItem\",\"position\":3,\"name\":\"Visite priv\u00e9e \u00e0 pied de Nuremberg\"}]},{\"@type\":\"WebSite\",\"@id\":\"https:\/\/tourtravelandmore.com\/fr\/#website\",\"url\":\"https:\/\/tourtravelandmore.com\/fr\/\",\"name\":\"Tour Travel And More\",\"description\":\"Private sightseeing tours and luxury transfers in Spain\",\"publisher\":{\"@id\":\"https:\/\/tourtravelandmore.com\/fr\/#organization\"},\"potentialAction\":[{\"@type\":\"SearchAction\",\"target\":{\"@type\":\"EntryPoint\",\"urlTemplate\":\"https:\/\/tourtravelandmore.com\/fr\/?s={search_term_string}\"},\"query-input\":{\"@type\":\"PropertyValueSpecification\",\"valueRequired\":true,\"valueName\":\"search_term_string\"}}],\"inLanguage\":\"fr-FR\"},{\"@type\":\"Organization\",\"@id\":\"https:\/\/tourtravelandmore.com\/fr\/#organization\",\"name\":\"Tour Travel And More\",\"url\":\"https:\/\/tourtravelandmore.com\/fr\/\",\"logo\":{\"@type\":\"ImageObject\",\"inLanguage\":\"fr-FR\",\"@id\":\"https:\/\/tourtravelandmore.com\/fr\/#\/schema\/logo\/image\/\",\"url\":\"https:\/\/tourtravelandmore.com\/wp-content\/uploads\/2022\/12\/cropped-logo-cabecera-new.png\",\"contentUrl\":\"https:\/\/tourtravelandmore.com\/wp-content\/uploads\/2022\/12\/cropped-logo-cabecera-new.png\",\"width\":430,\"height\":61,\"caption\":\"Tour Travel And More\"},\"image\":{\"@id\":\"https:\/\/tourtravelandmore.com\/fr\/#\/schema\/logo\/image\/\"},\"sameAs\":[\"https:\/\/www.facebook.com\/tourtravelandmore\/\",\"https:\/\/x.com\/TourTravel_More\"]}]}<\/script>\n<!-- \/ Yoast SEO Premium plugin. -->","yoast_head_json":{"title":"Visite priv\u00e9e \u00e0 pied de Nuremberg avec un guide agr\u00e9\u00e9","description":"Profitez de notre visite priv\u00e9e \u00e0 pied de Nuremberg avec un guide local exp\u00e9riment\u00e9 et d\u00e9couvrez sa vieille ville historique et ses lieux les plus repr\u00e9sentatifs","robots":{"index":"index","follow":"follow","max-snippet":"max-snippet:-1","max-image-preview":"max-image-preview:large","max-video-preview":"max-video-preview:-1"},"canonical":"https:\/\/tourtravelandmore.com\/fr\/tours\/allemagne-fr\/nuremberg-fr\/visite-privee-a-pied-de-nuremberg\/","og_locale":"fr_FR","og_type":"article","og_title":"Visite priv\u00e9e \u00e0 pied de Nuremberg","og_description":"Profitez de notre visite priv\u00e9e \u00e0 pied de Nuremberg avec un guide local exp\u00e9riment\u00e9 et d\u00e9couvrez sa vieille ville historique et ses lieux les plus repr\u00e9sentatifs","og_url":"https:\/\/tourtravelandmore.com\/fr\/tours\/allemagne-fr\/nuremberg-fr\/visite-privee-a-pied-de-nuremberg\/","og_site_name":"Tour Travel And More","article_publisher":"https:\/\/www.facebook.com\/tourtravelandmore\/","article_modified_time":"2021-03-14T19:17:20+00:00","og_image":[{"width":960,"height":640,"url":"https:\/\/tourtravelandmore.com\/wp-content\/uploads\/2019\/09\/nuremberg.12.jpg","type":"image\/jpeg"}],"twitter_card":"summary_large_image","twitter_site":"@TourTravel_More","twitter_misc":{"Dur\u00e9e de lecture estim\u00e9e":"2 minutes"},"schema":{"@context":"https:\/\/schema.org","@graph":[{"@type":"WebPage","@id":"https:\/\/tourtravelandmore.com\/fr\/tours\/allemagne-fr\/nuremberg-fr\/visite-privee-a-pied-de-nuremberg\/","url":"https:\/\/tourtravelandmore.com\/fr\/tours\/allemagne-fr\/nuremberg-fr\/visite-privee-a-pied-de-nuremberg\/","name":"Visite priv\u00e9e \u00e0 pied de Nuremberg avec un guide agr\u00e9\u00e9","isPartOf":{"@id":"https:\/\/tourtravelandmore.com\/fr\/#website"},"primaryImageOfPage":{"@id":"https:\/\/tourtravelandmore.com\/fr\/tours\/allemagne-fr\/nuremberg-fr\/visite-privee-a-pied-de-nuremberg\/#primaryimage"},"image":{"@id":"https:\/\/tourtravelandmore.com\/fr\/tours\/allemagne-fr\/nuremberg-fr\/visite-privee-a-pied-de-nuremberg\/#primaryimage"},"thumbnailUrl":"https:\/\/tourtravelandmore.com\/wp-content\/uploads\/2019\/09\/nuremberg.12.jpg","datePublished":"2019-09-20T12:55:04+00:00","dateModified":"2021-03-14T19:17:20+00:00","description":"Profitez de notre visite priv\u00e9e \u00e0 pied de Nuremberg avec un guide local exp\u00e9riment\u00e9 et d\u00e9couvrez sa vieille ville historique et ses lieux les plus repr\u00e9sentatifs","breadcrumb":{"@id":"https:\/\/tourtravelandmore.com\/fr\/tours\/allemagne-fr\/nuremberg-fr\/visite-privee-a-pied-de-nuremberg\/#breadcrumb"},"inLanguage":"fr-FR","potentialAction":[{"@type":"ReadAction","target":["https:\/\/tourtravelandmore.com\/fr\/tours\/allemagne-fr\/nuremberg-fr\/visite-privee-a-pied-de-nuremberg\/"]}]},{"@type":"ImageObject","inLanguage":"fr-FR","@id":"https:\/\/tourtravelandmore.com\/fr\/tours\/allemagne-fr\/nuremberg-fr\/visite-privee-a-pied-de-nuremberg\/#primaryimage","url":"https:\/\/tourtravelandmore.com\/wp-content\/uploads\/2019\/09\/nuremberg.12.jpg","contentUrl":"https:\/\/tourtravelandmore.com\/wp-content\/uploads\/2019\/09\/nuremberg.12.jpg","width":960,"height":640},{"@type":"BreadcrumbList","@id":"https:\/\/tourtravelandmore.com\/fr\/tours\/allemagne-fr\/nuremberg-fr\/visite-privee-a-pied-de-nuremberg\/#breadcrumb","itemListElement":[{"@type":"ListItem","position":1,"name":"Home","item":"https:\/\/tourtravelandmore.com\/fr\/"},{"@type":"ListItem","position":2,"name":"Tours","item":"https:\/\/tourtravelandmore.com\/fr\/tours\/"},{"@type":"ListItem","position":3,"name":"Visite priv\u00e9e \u00e0 pied de Nuremberg"}]},{"@type":"WebSite","@id":"https:\/\/tourtravelandmore.com\/fr\/#website","url":"https:\/\/tourtravelandmore.com\/fr\/","name":"Tour Travel And More","description":"Private sightseeing tours and luxury transfers in Spain","publisher":{"@id":"https:\/\/tourtravelandmore.com\/fr\/#organization"},"potentialAction":[{"@type":"SearchAction","target":{"@type":"EntryPoint","urlTemplate":"https:\/\/tourtravelandmore.com\/fr\/?s={search_term_string}"},"query-input":{"@type":"PropertyValueSpecification","valueRequired":true,"valueName":"search_term_string"}}],"inLanguage":"fr-FR"},{"@type":"Organization","@id":"https:\/\/tourtravelandmore.com\/fr\/#organization","name":"Tour Travel And More","url":"https:\/\/tourtravelandmore.com\/fr\/","logo":{"@type":"ImageObject","inLanguage":"fr-FR","@id":"https:\/\/tourtravelandmore.com\/fr\/#\/schema\/logo\/image\/","url":"https:\/\/tourtravelandmore.com\/wp-content\/uploads\/2022\/12\/cropped-logo-cabecera-new.png","contentUrl":"https:\/\/tourtravelandmore.com\/wp-content\/uploads\/2022\/12\/cropped-logo-cabecera-new.png","width":430,"height":61,"caption":"Tour Travel And More"},"image":{"@id":"https:\/\/tourtravelandmore.com\/fr\/#\/schema\/logo\/image\/"},"sameAs":["https:\/\/www.facebook.com\/tourtravelandmore\/","https:\/\/x.com\/TourTravel_More"]}]}},"_links":{"self":[{"href":"https:\/\/tourtravelandmore.com\/fr\/wp-json\/wp\/v2\/product\/103062","targetHints":{"allow":["GET"]}}],"collection":[{"href":"https:\/\/tourtravelandmore.com\/fr\/wp-json\/wp\/v2\/product"}],"about":[{"href":"https:\/\/tourtravelandmore.com\/fr\/wp-json\/wp\/v2\/types\/product"}],"replies":[{"embeddable":true,"href":"https:\/\/tourtravelandmore.com\/fr\/wp-json\/wp\/v2\/comments?post=103062"}],"wp:featuredmedia":[{"embeddable":true,"href":"https:\/\/tourtravelandmore.com\/fr\/wp-json\/wp\/v2\/media\/96378"}],"wp:attachment":[{"href":"https:\/\/tourtravelandmore.com\/fr\/wp-json\/wp\/v2\/media?parent=103062"}],"wp:term":[{"taxonomy":"product_brand","embeddable":true,"href":"https:\/\/tourtravelandmore.com\/fr\/wp-json\/wp\/v2\/product_brand?post=103062"},{"taxonomy":"product_cat","embeddable":true,"href":"https:\/\/tourtravelandmore.com\/fr\/wp-json\/wp\/v2\/product_cat?post=103062"},{"taxonomy":"product_tag","embeddable":true,"href":"https:\/\/tourtravelandmore.com\/fr\/wp-json\/wp\/v2\/product_tag?post=103062"}],"curies":[{"name":"wp","href":"https:\/\/api.w.org\/{rel}","templated":true}]}}