{"id":103055,"date":"2019-09-19T23:13:23","date_gmt":"2019-09-19T21:13:23","guid":{"rendered":"https:\/\/tourtravelandmore.com\/tours\/non%20class\u00e9\/visite-privee-au-memorial-du-camp-de-concentration-de-dachau\/"},"modified":"2021-03-14T20:15:08","modified_gmt":"2021-03-14T19:15:08","slug":"visite-privee-au-memorial-du-camp-de-concentration-de-dachau","status":"publish","type":"product","link":"https:\/\/tourtravelandmore.com\/fr\/tours\/allemagne-fr\/nuremberg-fr\/visite-privee-au-memorial-du-camp-de-concentration-de-dachau\/","title":{"rendered":"Visite priv\u00e9e au m\u00e9morial du camp de concentration de Dachau"},"content":{"rendered":"<h2>Description<\/h2>\n<p>Si vous visitez Nuremberg pendant quelques jours, nous vous recommandons fortement une excursion d&#8217;une journ\u00e9e \u00e0 Dachau. Laissez-nous organiser votre visite priv\u00e9e \u00e0 Dachau au d\u00e9part de Nuremberg et visitez ce site historique avec un expert local. Tous les guides ne peuvent pas entrer avec vous au camp de concentration pour des explications en direct, mais nos guides oui!<\/p>\n<p>Tout d&#8217;abord, votre chauffeur \/ guide priv\u00e9 viendra vous chercher \u00e0 l&#8217;endroit souhait\u00e9 \u00e0 Nuremberg. Apr\u00e8s cela, vous commencerez votre route vers Dachau, qui est situ\u00e9e \u00e0 environ 2 heures de route de la ville de Nuremberg. Une fois sur place, vous visiterez l&#8217;ancien camp de concentration avec votre guide agr\u00e9\u00e9. Vous apprendrez l&#8217;histoire triste mais importante de ce qui s&#8217;est pass\u00e9 sur le site.<\/p>\n<p>Nuremberg est la deuxi\u00e8me plus grande ville de l&#8217;\u00e9tat bavarois d&#8217;Allemagne. C&#8217;est, apr\u00e8s Munich, la deuxi\u00e8me ville la plus habit\u00e9e de la r\u00e9gion.<\/p>\n<p>Cette visite priv\u00e9e est absolument adaptable \u00e0 vos int\u00e9r\u00eats et d\u00e9sirs personnels. Il est \u00e9galement possible de combiner ce circuit avec une visite d&#8217;un autre site de la r\u00e9gion, comme par exemple la ville romaine d&#8217;Augsbourg. Contactez-nous pour une proposition personnalis\u00e9e.<\/p>\n<h2>Sites d&#8217;int\u00e9r\u00eat et points de rep\u00e8re<\/h2>\n<p>Dachau a \u00e9t\u00e9 le premier camp de concentration nazi en Allemagne pendant la Seconde Guerre mondiale et l&#8217;Holocauste. Le site \u00e9tait ouvert de 1933 \u00e0 1945 et comptait plus de 188 000 d\u00e9tenus. C&#8217;\u00e9tait un mod\u00e8le pour tous les autres camps. C&#8217;est pourquoi c&#8217;est une excellente visite pour d\u00e9couvrir ce site historique. Vous pourrez voir diff\u00e9rentes parties de l&#8217;installation et m\u00eame explorer son mus\u00e9e. Votre guide officiel priv\u00e9 vous expliquera l&#8217;histoire de ce lieu, qui est aujourd&#8217;hui un monument comm\u00e9moratif. Un fait int\u00e9ressant du camp de concentration de Dachau est qu&#8217;il a \u00e9t\u00e9 construit sur une usine de poudre \u00e0 canon d\u00e9saffect\u00e9e<\/p>\n<p>Au cours de cette visite priv\u00e9e \u00e0 Dachau au d\u00e9part de Nuremberg, vous apprendrez l&#8217;histoire du site avec votre guide priv\u00e9 agr\u00e9\u00e9.<\/p>\n","protected":false},"excerpt":{"rendered":"<p>Profitez au maximum de votre s\u00e9jour \u00e0 Nuremberg et visitez l&#8217;un des sites les plus historiques de l&#8217;histoire moderne d&#8217;Allemagne avec un expert local. Bien que ce soit une triste histoire, le lieu a \u00e9t\u00e9 conserv\u00e9 pour nous souvenir de ce qui ne devrait pas se reproduire. Laissez-nous organiser votre exp\u00e9rience priv\u00e9e sur mesure.<\/p>\n","protected":false},"featured_media":94297,"comment_status":"open","ping_status":"closed","template":"","meta":{"_acf_changed":false},"product_brand":[],"product_cat":[3753],"product_tag":[],"class_list":{"0":"post-103055","1":"product","2":"type-product","3":"status-publish","4":"has-post-thumbnail","6":"product_cat-nuremberg-fr","8":"first","9":"instock","10":"shipping-taxable","11":"purchasable","12":"product-type-simple"},"acf":[],"yoast_head":"<!-- This site is optimized with the Yoast SEO Premium plugin v25.3.1 (Yoast SEO v25.3.1) - https:\/\/yoast.com\/wordpress\/plugins\/seo\/ -->\n<title>Visite priv\u00e9e \u00e0 Dachau de Nuremberg avec chauffeur \/ guide agr\u00e9\u00e9<\/title>\n<meta name=\"description\" content=\"Profitez au mieux de votre visite et profitez de notre visite priv\u00e9e \u00e0 Dachau au d\u00e9part de Nuremberg. Apprenez l&#039;histoire de ce site triste mais historique \u00e0 c\u00f4t\u00e9 d&#039;un expert du lcoal\" \/>\n<meta name=\"robots\" content=\"index, follow, max-snippet:-1, max-image-preview:large, max-video-preview:-1\" \/>\n<link rel=\"canonical\" href=\"https:\/\/tourtravelandmore.com\/fr\/tours\/allemagne-fr\/nuremberg-fr\/visite-privee-au-memorial-du-camp-de-concentration-de-dachau\/\" \/>\n<meta property=\"og:locale\" content=\"fr_FR\" \/>\n<meta property=\"og:type\" content=\"article\" \/>\n<meta property=\"og:title\" content=\"Visite priv\u00e9e au m\u00e9morial du camp de concentration de Dachau\" \/>\n<meta property=\"og:description\" content=\"Profitez au mieux de votre visite et profitez de notre visite priv\u00e9e \u00e0 Dachau au d\u00e9part de Nuremberg. Apprenez l&#039;histoire de ce site triste mais historique \u00e0 c\u00f4t\u00e9 d&#039;un expert du lcoal\" \/>\n<meta property=\"og:url\" content=\"https:\/\/tourtravelandmore.com\/fr\/tours\/allemagne-fr\/nuremberg-fr\/visite-privee-au-memorial-du-camp-de-concentration-de-dachau\/\" \/>\n<meta property=\"og:site_name\" content=\"Tour Travel And More\" \/>\n<meta property=\"article:publisher\" content=\"https:\/\/www.facebook.com\/tourtravelandmore\/\" \/>\n<meta property=\"article:modified_time\" content=\"2021-03-14T19:15:08+00:00\" \/>\n<meta property=\"og:image\" content=\"https:\/\/tourtravelandmore.com\/wp-content\/uploads\/2017\/04\/private-day-tour-from-prague-to-dachau-concentration-camp-memorial-in-prague-391242.jpg\" \/>\n\t<meta property=\"og:image:width\" content=\"674\" \/>\n\t<meta property=\"og:image:height\" content=\"446\" \/>\n\t<meta property=\"og:image:type\" content=\"image\/jpeg\" \/>\n<meta name=\"twitter:card\" content=\"summary_large_image\" \/>\n<meta name=\"twitter:site\" content=\"@TourTravel_More\" \/>\n<meta name=\"twitter:label1\" content=\"Dur\u00e9e de lecture estim\u00e9e\" \/>\n\t<meta name=\"twitter:data1\" content=\"2 minutes\" \/>\n<script type=\"application\/ld+json\" class=\"yoast-schema-graph\">{\"@context\":\"https:\/\/schema.org\",\"@graph\":[{\"@type\":\"WebPage\",\"@id\":\"https:\/\/tourtravelandmore.com\/fr\/tours\/allemagne-fr\/nuremberg-fr\/visite-privee-au-memorial-du-camp-de-concentration-de-dachau\/\",\"url\":\"https:\/\/tourtravelandmore.com\/fr\/tours\/allemagne-fr\/nuremberg-fr\/visite-privee-au-memorial-du-camp-de-concentration-de-dachau\/\",\"name\":\"Visite priv\u00e9e \u00e0 Dachau de Nuremberg avec chauffeur \/ guide agr\u00e9\u00e9\",\"isPartOf\":{\"@id\":\"https:\/\/tourtravelandmore.com\/fr\/#website\"},\"primaryImageOfPage\":{\"@id\":\"https:\/\/tourtravelandmore.com\/fr\/tours\/allemagne-fr\/nuremberg-fr\/visite-privee-au-memorial-du-camp-de-concentration-de-dachau\/#primaryimage\"},\"image\":{\"@id\":\"https:\/\/tourtravelandmore.com\/fr\/tours\/allemagne-fr\/nuremberg-fr\/visite-privee-au-memorial-du-camp-de-concentration-de-dachau\/#primaryimage\"},\"thumbnailUrl\":\"https:\/\/tourtravelandmore.com\/wp-content\/uploads\/2017\/04\/private-day-tour-from-prague-to-dachau-concentration-camp-memorial-in-prague-391242.jpg\",\"datePublished\":\"2019-09-19T21:13:23+00:00\",\"dateModified\":\"2021-03-14T19:15:08+00:00\",\"description\":\"Profitez au mieux de votre visite et profitez de notre visite priv\u00e9e \u00e0 Dachau au d\u00e9part de Nuremberg. Apprenez l'histoire de ce site triste mais historique \u00e0 c\u00f4t\u00e9 d'un expert du lcoal\",\"breadcrumb\":{\"@id\":\"https:\/\/tourtravelandmore.com\/fr\/tours\/allemagne-fr\/nuremberg-fr\/visite-privee-au-memorial-du-camp-de-concentration-de-dachau\/#breadcrumb\"},\"inLanguage\":\"fr-FR\",\"potentialAction\":[{\"@type\":\"ReadAction\",\"target\":[\"https:\/\/tourtravelandmore.com\/fr\/tours\/allemagne-fr\/nuremberg-fr\/visite-privee-au-memorial-du-camp-de-concentration-de-dachau\/\"]}]},{\"@type\":\"ImageObject\",\"inLanguage\":\"fr-FR\",\"@id\":\"https:\/\/tourtravelandmore.com\/fr\/tours\/allemagne-fr\/nuremberg-fr\/visite-privee-au-memorial-du-camp-de-concentration-de-dachau\/#primaryimage\",\"url\":\"https:\/\/tourtravelandmore.com\/wp-content\/uploads\/2017\/04\/private-day-tour-from-prague-to-dachau-concentration-camp-memorial-in-prague-391242.jpg\",\"contentUrl\":\"https:\/\/tourtravelandmore.com\/wp-content\/uploads\/2017\/04\/private-day-tour-from-prague-to-dachau-concentration-camp-memorial-in-prague-391242.jpg\",\"width\":674,\"height\":446},{\"@type\":\"BreadcrumbList\",\"@id\":\"https:\/\/tourtravelandmore.com\/fr\/tours\/allemagne-fr\/nuremberg-fr\/visite-privee-au-memorial-du-camp-de-concentration-de-dachau\/#breadcrumb\",\"itemListElement\":[{\"@type\":\"ListItem\",\"position\":1,\"name\":\"Home\",\"item\":\"https:\/\/tourtravelandmore.com\/fr\/\"},{\"@type\":\"ListItem\",\"position\":2,\"name\":\"Tours\",\"item\":\"https:\/\/tourtravelandmore.com\/fr\/tours\/\"},{\"@type\":\"ListItem\",\"position\":3,\"name\":\"Visite priv\u00e9e au m\u00e9morial du camp de concentration de Dachau\"}]},{\"@type\":\"WebSite\",\"@id\":\"https:\/\/tourtravelandmore.com\/fr\/#website\",\"url\":\"https:\/\/tourtravelandmore.com\/fr\/\",\"name\":\"Tour Travel And More\",\"description\":\"Private sightseeing tours and luxury transfers in Spain\",\"publisher\":{\"@id\":\"https:\/\/tourtravelandmore.com\/fr\/#organization\"},\"potentialAction\":[{\"@type\":\"SearchAction\",\"target\":{\"@type\":\"EntryPoint\",\"urlTemplate\":\"https:\/\/tourtravelandmore.com\/fr\/?s={search_term_string}\"},\"query-input\":{\"@type\":\"PropertyValueSpecification\",\"valueRequired\":true,\"valueName\":\"search_term_string\"}}],\"inLanguage\":\"fr-FR\"},{\"@type\":\"Organization\",\"@id\":\"https:\/\/tourtravelandmore.com\/fr\/#organization\",\"name\":\"Tour Travel And More\",\"url\":\"https:\/\/tourtravelandmore.com\/fr\/\",\"logo\":{\"@type\":\"ImageObject\",\"inLanguage\":\"fr-FR\",\"@id\":\"https:\/\/tourtravelandmore.com\/fr\/#\/schema\/logo\/image\/\",\"url\":\"https:\/\/tourtravelandmore.com\/wp-content\/uploads\/2022\/12\/cropped-logo-cabecera-new.png\",\"contentUrl\":\"https:\/\/tourtravelandmore.com\/wp-content\/uploads\/2022\/12\/cropped-logo-cabecera-new.png\",\"width\":430,\"height\":61,\"caption\":\"Tour Travel And More\"},\"image\":{\"@id\":\"https:\/\/tourtravelandmore.com\/fr\/#\/schema\/logo\/image\/\"},\"sameAs\":[\"https:\/\/www.facebook.com\/tourtravelandmore\/\",\"https:\/\/x.com\/TourTravel_More\"]}]}<\/script>\n<!-- \/ Yoast SEO Premium plugin. -->","yoast_head_json":{"title":"Visite priv\u00e9e \u00e0 Dachau de Nuremberg avec chauffeur \/ guide agr\u00e9\u00e9","description":"Profitez au mieux de votre visite et profitez de notre visite priv\u00e9e \u00e0 Dachau au d\u00e9part de Nuremberg. Apprenez l'histoire de ce site triste mais historique \u00e0 c\u00f4t\u00e9 d'un expert du lcoal","robots":{"index":"index","follow":"follow","max-snippet":"max-snippet:-1","max-image-preview":"max-image-preview:large","max-video-preview":"max-video-preview:-1"},"canonical":"https:\/\/tourtravelandmore.com\/fr\/tours\/allemagne-fr\/nuremberg-fr\/visite-privee-au-memorial-du-camp-de-concentration-de-dachau\/","og_locale":"fr_FR","og_type":"article","og_title":"Visite priv\u00e9e au m\u00e9morial du camp de concentration de Dachau","og_description":"Profitez au mieux de votre visite et profitez de notre visite priv\u00e9e \u00e0 Dachau au d\u00e9part de Nuremberg. Apprenez l'histoire de ce site triste mais historique \u00e0 c\u00f4t\u00e9 d'un expert du lcoal","og_url":"https:\/\/tourtravelandmore.com\/fr\/tours\/allemagne-fr\/nuremberg-fr\/visite-privee-au-memorial-du-camp-de-concentration-de-dachau\/","og_site_name":"Tour Travel And More","article_publisher":"https:\/\/www.facebook.com\/tourtravelandmore\/","article_modified_time":"2021-03-14T19:15:08+00:00","og_image":[{"width":674,"height":446,"url":"https:\/\/tourtravelandmore.com\/wp-content\/uploads\/2017\/04\/private-day-tour-from-prague-to-dachau-concentration-camp-memorial-in-prague-391242.jpg","type":"image\/jpeg"}],"twitter_card":"summary_large_image","twitter_site":"@TourTravel_More","twitter_misc":{"Dur\u00e9e de lecture estim\u00e9e":"2 minutes"},"schema":{"@context":"https:\/\/schema.org","@graph":[{"@type":"WebPage","@id":"https:\/\/tourtravelandmore.com\/fr\/tours\/allemagne-fr\/nuremberg-fr\/visite-privee-au-memorial-du-camp-de-concentration-de-dachau\/","url":"https:\/\/tourtravelandmore.com\/fr\/tours\/allemagne-fr\/nuremberg-fr\/visite-privee-au-memorial-du-camp-de-concentration-de-dachau\/","name":"Visite priv\u00e9e \u00e0 Dachau de Nuremberg avec chauffeur \/ guide agr\u00e9\u00e9","isPartOf":{"@id":"https:\/\/tourtravelandmore.com\/fr\/#website"},"primaryImageOfPage":{"@id":"https:\/\/tourtravelandmore.com\/fr\/tours\/allemagne-fr\/nuremberg-fr\/visite-privee-au-memorial-du-camp-de-concentration-de-dachau\/#primaryimage"},"image":{"@id":"https:\/\/tourtravelandmore.com\/fr\/tours\/allemagne-fr\/nuremberg-fr\/visite-privee-au-memorial-du-camp-de-concentration-de-dachau\/#primaryimage"},"thumbnailUrl":"https:\/\/tourtravelandmore.com\/wp-content\/uploads\/2017\/04\/private-day-tour-from-prague-to-dachau-concentration-camp-memorial-in-prague-391242.jpg","datePublished":"2019-09-19T21:13:23+00:00","dateModified":"2021-03-14T19:15:08+00:00","description":"Profitez au mieux de votre visite et profitez de notre visite priv\u00e9e \u00e0 Dachau au d\u00e9part de Nuremberg. Apprenez l'histoire de ce site triste mais historique \u00e0 c\u00f4t\u00e9 d'un expert du lcoal","breadcrumb":{"@id":"https:\/\/tourtravelandmore.com\/fr\/tours\/allemagne-fr\/nuremberg-fr\/visite-privee-au-memorial-du-camp-de-concentration-de-dachau\/#breadcrumb"},"inLanguage":"fr-FR","potentialAction":[{"@type":"ReadAction","target":["https:\/\/tourtravelandmore.com\/fr\/tours\/allemagne-fr\/nuremberg-fr\/visite-privee-au-memorial-du-camp-de-concentration-de-dachau\/"]}]},{"@type":"ImageObject","inLanguage":"fr-FR","@id":"https:\/\/tourtravelandmore.com\/fr\/tours\/allemagne-fr\/nuremberg-fr\/visite-privee-au-memorial-du-camp-de-concentration-de-dachau\/#primaryimage","url":"https:\/\/tourtravelandmore.com\/wp-content\/uploads\/2017\/04\/private-day-tour-from-prague-to-dachau-concentration-camp-memorial-in-prague-391242.jpg","contentUrl":"https:\/\/tourtravelandmore.com\/wp-content\/uploads\/2017\/04\/private-day-tour-from-prague-to-dachau-concentration-camp-memorial-in-prague-391242.jpg","width":674,"height":446},{"@type":"BreadcrumbList","@id":"https:\/\/tourtravelandmore.com\/fr\/tours\/allemagne-fr\/nuremberg-fr\/visite-privee-au-memorial-du-camp-de-concentration-de-dachau\/#breadcrumb","itemListElement":[{"@type":"ListItem","position":1,"name":"Home","item":"https:\/\/tourtravelandmore.com\/fr\/"},{"@type":"ListItem","position":2,"name":"Tours","item":"https:\/\/tourtravelandmore.com\/fr\/tours\/"},{"@type":"ListItem","position":3,"name":"Visite priv\u00e9e au m\u00e9morial du camp de concentration de Dachau"}]},{"@type":"WebSite","@id":"https:\/\/tourtravelandmore.com\/fr\/#website","url":"https:\/\/tourtravelandmore.com\/fr\/","name":"Tour Travel And More","description":"Private sightseeing tours and luxury transfers in Spain","publisher":{"@id":"https:\/\/tourtravelandmore.com\/fr\/#organization"},"potentialAction":[{"@type":"SearchAction","target":{"@type":"EntryPoint","urlTemplate":"https:\/\/tourtravelandmore.com\/fr\/?s={search_term_string}"},"query-input":{"@type":"PropertyValueSpecification","valueRequired":true,"valueName":"search_term_string"}}],"inLanguage":"fr-FR"},{"@type":"Organization","@id":"https:\/\/tourtravelandmore.com\/fr\/#organization","name":"Tour Travel And More","url":"https:\/\/tourtravelandmore.com\/fr\/","logo":{"@type":"ImageObject","inLanguage":"fr-FR","@id":"https:\/\/tourtravelandmore.com\/fr\/#\/schema\/logo\/image\/","url":"https:\/\/tourtravelandmore.com\/wp-content\/uploads\/2022\/12\/cropped-logo-cabecera-new.png","contentUrl":"https:\/\/tourtravelandmore.com\/wp-content\/uploads\/2022\/12\/cropped-logo-cabecera-new.png","width":430,"height":61,"caption":"Tour Travel And More"},"image":{"@id":"https:\/\/tourtravelandmore.com\/fr\/#\/schema\/logo\/image\/"},"sameAs":["https:\/\/www.facebook.com\/tourtravelandmore\/","https:\/\/x.com\/TourTravel_More"]}]}},"_links":{"self":[{"href":"https:\/\/tourtravelandmore.com\/fr\/wp-json\/wp\/v2\/product\/103055","targetHints":{"allow":["GET"]}}],"collection":[{"href":"https:\/\/tourtravelandmore.com\/fr\/wp-json\/wp\/v2\/product"}],"about":[{"href":"https:\/\/tourtravelandmore.com\/fr\/wp-json\/wp\/v2\/types\/product"}],"replies":[{"embeddable":true,"href":"https:\/\/tourtravelandmore.com\/fr\/wp-json\/wp\/v2\/comments?post=103055"}],"wp:featuredmedia":[{"embeddable":true,"href":"https:\/\/tourtravelandmore.com\/fr\/wp-json\/wp\/v2\/media\/94297"}],"wp:attachment":[{"href":"https:\/\/tourtravelandmore.com\/fr\/wp-json\/wp\/v2\/media?parent=103055"}],"wp:term":[{"taxonomy":"product_brand","embeddable":true,"href":"https:\/\/tourtravelandmore.com\/fr\/wp-json\/wp\/v2\/product_brand?post=103055"},{"taxonomy":"product_cat","embeddable":true,"href":"https:\/\/tourtravelandmore.com\/fr\/wp-json\/wp\/v2\/product_cat?post=103055"},{"taxonomy":"product_tag","embeddable":true,"href":"https:\/\/tourtravelandmore.com\/fr\/wp-json\/wp\/v2\/product_tag?post=103055"}],"curies":[{"name":"wp","href":"https:\/\/api.w.org\/{rel}","templated":true}]}}