{"id":103049,"date":"2019-09-16T06:53:07","date_gmt":"2019-09-16T04:53:07","guid":{"rendered":"https:\/\/tourtravelandmore.com\/tours\/non%20class\u00e9\/visite-privee-de-la-ville-de-nuremberg\/"},"modified":"2021-03-14T20:13:18","modified_gmt":"2021-03-14T19:13:18","slug":"visite-privee-de-la-ville-de-nuremberg","status":"publish","type":"product","link":"https:\/\/tourtravelandmore.com\/fr\/tours\/allemagne-fr\/nuremberg-fr\/visite-privee-de-la-ville-de-nuremberg\/","title":{"rendered":"Visite priv\u00e9e de la ville de Nuremberg"},"content":{"rendered":"<h2>Description<\/h2>\n<p>D\u00e9couvrez la merveilleuse ville bavaroise de Nuremberg, la r\u00e9sidence choisie pour de nombreux types allemands, avec nos guides touristiques agr\u00e9\u00e9s experts. Explorez la vieille ville de Nuremberg, ses nombreuses \u00e9glises et ses merveilleux sites historiques lors de cette visite priv\u00e9e de Nuremberg. Vous apprendrez \u00e0 conna\u00eetre l&#8217;histoire et les lieux magiques de la ville \u00e0 l&#8217;aise dans votre v\u00e9hicule priv\u00e9.<\/p>\n<p>Tout d&#8217;abord, votre chauffeur \/ guide priv\u00e9 viendra vous chercher \u00e0 l&#8217;endroit souhait\u00e9 dans la ville. Apr\u00e8s cela, votre visite priv\u00e9e de Nuremberg d\u00e9butera. Nous pouvons organiser la prise en charge depuis n&#8217;importe quel endroit de la ville.<\/p>\n<p>Comme toutes les visites que nous proposons, cette visite priv\u00e9e est faite sur mesure et adaptable \u00e0 vos envies personnelles. En d&#8217;autres termes, si vous souhaitez qu&#8217;une \u00e9quipe d&#8217;experts vous aide \u00e0 trouver le moyen id\u00e9al pour d\u00e9couvrir Nuremberg, contactez-nous.<\/p>\n<h2>Sites d&#8217;int\u00e9r\u00eat et points de rep\u00e8re<\/h2>\n<p>La ville de Nuremberg est, apr\u00e8s Munich, la deuxi\u00e8me plus grande ville du domaine de Bavi\u00e8re. Il a une population d&#8217;un peu plus d&#8217;un demi-million de personnes. La ville abrite une merveilleuse vieille ville au charme m\u00e9di\u00e9val. C&#8217;est pourquoi il abrite des b\u00e2timents historiques, des \u00e9glises spectaculaires, l&#8217;une des plus grandes zones pi\u00e9tonnes d&#8217;Allemagne et le c\u00e9l\u00e8bre Hauptmarkt. De plus, Nuremberg \u00e9tait l&#8217;endroit o\u00f9 se tenaient les rassemblements fanatiques du parti nazi, le boycott des entreprises juives a commenc\u00e9 et le tristement c\u00e9l\u00e8bre refus de la citoyennet\u00e9 allemande a commenc\u00e9. C&#8217;\u00e9tait aussi le lieu o\u00f9 se tenait le tribunal des crimes de guerre, connu sous le nom de proc\u00e8s de Nuremberg.<\/p>\n<p>Il y a de nombreux endroits que vous pouvez visiter lors de votre visite priv\u00e9e de Nuremberg. Par exemple:<\/p>\n<ul>\n<li>Ch\u00e2teau de Nuremberg, Kaiserburg: Ce ch\u00e2teau m\u00e9di\u00e9val est le principal symbole de la ville.<\/li>\n<li>Frauenkirche: L&#8217;une des plus belles \u00e9glises gothiques d&#8217;Allemagne. Il a \u00e9t\u00e9 construit \u00e0 l&#8217;initiative de Charles IV, empereur romain germanique entre 1352 et 1362<\/li>\n<li>Mus\u00e9e national du Germanisches<\/li>\n<li>Palais de Justice: Il a \u00e9t\u00e9 construit entre 1909 et 1916. C&#8217;est le lieu qui accueille le monument aux proc\u00e8s de Nuremberg.<\/li>\n<li>Zum Gulden Stern: Essayez les sp\u00e9cialit\u00e9s locales dans ce restaurant historique de bratwurst!<\/li>\n<li>Mus\u00e9e Deutsche Bahn<\/li>\n<li>\u00c9glise Saint-Laurent: Cette \u00e9glise m\u00e9di\u00e9vale a \u00e9t\u00e9 construite en 1250. Elle est situ\u00e9e dans la zone pi\u00e9tonne de la vieille ville.<\/li>\n<li>Mus\u00e9e du jouet: Nuremberg est connue pour ses jouets depuis plus de 600 ans. Ce merveilleux mus\u00e9e a \u00e9t\u00e9 construit en 1971.<\/li>\n<li>Mus\u00e9e Neues<\/li>\n<li>Sch\u00f6ner Brunnen<\/li>\n<li>Maison Albrecht D\u00fcrer<\/li>\n<li>Beaucoup plus!<\/li>\n<\/ul>\n<p>Lors de ce tour de ville vous d\u00e9couvrirez la ville et visiterez ses sites les plus embl\u00e9matiques aux c\u00f4t\u00e9s d&#8217;un expert local. Tous nos chauffeurs \/ guides sont agr\u00e9\u00e9s et exp\u00e9riment\u00e9s dans l&#8217;histoire, l&#8217;art et la culture de l&#8217;Allemagne. Notre proposition a une dur\u00e9e de 3 heures. Cependant, si vous souhaitez une visite plus longue, nous pouvons \u00e9galement l&#8217;organiser.<\/p>\n","protected":false},"excerpt":{"rendered":"<p>Aventurez-vous dans cette visite priv\u00e9e sur mesure de Nuremberg et profitez de la ville et de sa vieille ville \u00e0 c\u00f4t\u00e9 d&#8217;un expert local. Vous explorerez et conna\u00eetrez les principaux sites de Nuremberg \u00e0 l&#8217;aise dans votre v\u00e9hicule priv\u00e9 tout en apprenant l&#8217;histoire de la ville avec un guide agr\u00e9\u00e9.<\/p>\n","protected":false},"featured_media":96309,"comment_status":"open","ping_status":"closed","template":"","meta":{"_acf_changed":false},"product_brand":[],"product_cat":[3753],"product_tag":[],"class_list":{"0":"post-103049","1":"product","2":"type-product","3":"status-publish","4":"has-post-thumbnail","6":"product_cat-nuremberg-fr","8":"first","9":"instock","10":"shipping-taxable","11":"purchasable","12":"product-type-simple"},"acf":[],"yoast_head":"<!-- This site is optimized with the Yoast SEO Premium plugin v25.3.1 (Yoast SEO v25.3.1) - https:\/\/yoast.com\/wordpress\/plugins\/seo\/ -->\n<title>Visite priv\u00e9e de Nuremberg avec chauffeur \/ guide agr\u00e9\u00e9<\/title>\n<meta name=\"description\" content=\"Profitez des principaux monuments et sites touristiques de Nuremberg et admirez sa beaut\u00e9 architecturale impressionnante \u00e0 c\u00f4t\u00e9 d&#039;un expert local avec notre visite priv\u00e9e de Nuremberg\" \/>\n<meta name=\"robots\" content=\"index, follow, max-snippet:-1, max-image-preview:large, max-video-preview:-1\" \/>\n<link rel=\"canonical\" href=\"https:\/\/tourtravelandmore.com\/fr\/tours\/allemagne-fr\/nuremberg-fr\/visite-privee-de-la-ville-de-nuremberg\/\" \/>\n<meta property=\"og:locale\" content=\"fr_FR\" \/>\n<meta property=\"og:type\" content=\"article\" \/>\n<meta property=\"og:title\" content=\"Visite priv\u00e9e de la ville de Nuremberg\" \/>\n<meta property=\"og:description\" content=\"Profitez des principaux monuments et sites touristiques de Nuremberg et admirez sa beaut\u00e9 architecturale impressionnante \u00e0 c\u00f4t\u00e9 d&#039;un expert local avec notre visite priv\u00e9e de Nuremberg\" \/>\n<meta property=\"og:url\" content=\"https:\/\/tourtravelandmore.com\/fr\/tours\/allemagne-fr\/nuremberg-fr\/visite-privee-de-la-ville-de-nuremberg\/\" \/>\n<meta property=\"og:site_name\" content=\"Tour Travel And More\" \/>\n<meta property=\"article:publisher\" content=\"https:\/\/www.facebook.com\/tourtravelandmore\/\" \/>\n<meta property=\"article:modified_time\" content=\"2021-03-14T19:13:18+00:00\" \/>\n<meta property=\"og:image\" content=\"https:\/\/tourtravelandmore.com\/wp-content\/uploads\/2019\/09\/nuremberg.4.jpg\" \/>\n\t<meta property=\"og:image:width\" content=\"960\" \/>\n\t<meta property=\"og:image:height\" content=\"628\" \/>\n\t<meta property=\"og:image:type\" content=\"image\/jpeg\" \/>\n<meta name=\"twitter:card\" content=\"summary_large_image\" \/>\n<meta name=\"twitter:site\" content=\"@TourTravel_More\" \/>\n<meta name=\"twitter:label1\" content=\"Dur\u00e9e de lecture estim\u00e9e\" \/>\n\t<meta name=\"twitter:data1\" content=\"3 minutes\" \/>\n<script type=\"application\/ld+json\" class=\"yoast-schema-graph\">{\"@context\":\"https:\/\/schema.org\",\"@graph\":[{\"@type\":\"WebPage\",\"@id\":\"https:\/\/tourtravelandmore.com\/fr\/tours\/allemagne-fr\/nuremberg-fr\/visite-privee-de-la-ville-de-nuremberg\/\",\"url\":\"https:\/\/tourtravelandmore.com\/fr\/tours\/allemagne-fr\/nuremberg-fr\/visite-privee-de-la-ville-de-nuremberg\/\",\"name\":\"Visite priv\u00e9e de Nuremberg avec chauffeur \/ guide agr\u00e9\u00e9\",\"isPartOf\":{\"@id\":\"https:\/\/tourtravelandmore.com\/fr\/#website\"},\"primaryImageOfPage\":{\"@id\":\"https:\/\/tourtravelandmore.com\/fr\/tours\/allemagne-fr\/nuremberg-fr\/visite-privee-de-la-ville-de-nuremberg\/#primaryimage\"},\"image\":{\"@id\":\"https:\/\/tourtravelandmore.com\/fr\/tours\/allemagne-fr\/nuremberg-fr\/visite-privee-de-la-ville-de-nuremberg\/#primaryimage\"},\"thumbnailUrl\":\"https:\/\/tourtravelandmore.com\/wp-content\/uploads\/2019\/09\/nuremberg.4.jpg\",\"datePublished\":\"2019-09-16T04:53:07+00:00\",\"dateModified\":\"2021-03-14T19:13:18+00:00\",\"description\":\"Profitez des principaux monuments et sites touristiques de Nuremberg et admirez sa beaut\u00e9 architecturale impressionnante \u00e0 c\u00f4t\u00e9 d'un expert local avec notre visite priv\u00e9e de Nuremberg\",\"breadcrumb\":{\"@id\":\"https:\/\/tourtravelandmore.com\/fr\/tours\/allemagne-fr\/nuremberg-fr\/visite-privee-de-la-ville-de-nuremberg\/#breadcrumb\"},\"inLanguage\":\"fr-FR\",\"potentialAction\":[{\"@type\":\"ReadAction\",\"target\":[\"https:\/\/tourtravelandmore.com\/fr\/tours\/allemagne-fr\/nuremberg-fr\/visite-privee-de-la-ville-de-nuremberg\/\"]}]},{\"@type\":\"ImageObject\",\"inLanguage\":\"fr-FR\",\"@id\":\"https:\/\/tourtravelandmore.com\/fr\/tours\/allemagne-fr\/nuremberg-fr\/visite-privee-de-la-ville-de-nuremberg\/#primaryimage\",\"url\":\"https:\/\/tourtravelandmore.com\/wp-content\/uploads\/2019\/09\/nuremberg.4.jpg\",\"contentUrl\":\"https:\/\/tourtravelandmore.com\/wp-content\/uploads\/2019\/09\/nuremberg.4.jpg\",\"width\":960,\"height\":628},{\"@type\":\"BreadcrumbList\",\"@id\":\"https:\/\/tourtravelandmore.com\/fr\/tours\/allemagne-fr\/nuremberg-fr\/visite-privee-de-la-ville-de-nuremberg\/#breadcrumb\",\"itemListElement\":[{\"@type\":\"ListItem\",\"position\":1,\"name\":\"Home\",\"item\":\"https:\/\/tourtravelandmore.com\/fr\/\"},{\"@type\":\"ListItem\",\"position\":2,\"name\":\"Tours\",\"item\":\"https:\/\/tourtravelandmore.com\/fr\/tours\/\"},{\"@type\":\"ListItem\",\"position\":3,\"name\":\"Visite priv\u00e9e de la ville de Nuremberg\"}]},{\"@type\":\"WebSite\",\"@id\":\"https:\/\/tourtravelandmore.com\/fr\/#website\",\"url\":\"https:\/\/tourtravelandmore.com\/fr\/\",\"name\":\"Tour Travel And More\",\"description\":\"Private sightseeing tours and luxury transfers in Spain\",\"publisher\":{\"@id\":\"https:\/\/tourtravelandmore.com\/fr\/#organization\"},\"potentialAction\":[{\"@type\":\"SearchAction\",\"target\":{\"@type\":\"EntryPoint\",\"urlTemplate\":\"https:\/\/tourtravelandmore.com\/fr\/?s={search_term_string}\"},\"query-input\":{\"@type\":\"PropertyValueSpecification\",\"valueRequired\":true,\"valueName\":\"search_term_string\"}}],\"inLanguage\":\"fr-FR\"},{\"@type\":\"Organization\",\"@id\":\"https:\/\/tourtravelandmore.com\/fr\/#organization\",\"name\":\"Tour Travel And More\",\"url\":\"https:\/\/tourtravelandmore.com\/fr\/\",\"logo\":{\"@type\":\"ImageObject\",\"inLanguage\":\"fr-FR\",\"@id\":\"https:\/\/tourtravelandmore.com\/fr\/#\/schema\/logo\/image\/\",\"url\":\"https:\/\/tourtravelandmore.com\/wp-content\/uploads\/2022\/12\/cropped-logo-cabecera-new.png\",\"contentUrl\":\"https:\/\/tourtravelandmore.com\/wp-content\/uploads\/2022\/12\/cropped-logo-cabecera-new.png\",\"width\":430,\"height\":61,\"caption\":\"Tour Travel And More\"},\"image\":{\"@id\":\"https:\/\/tourtravelandmore.com\/fr\/#\/schema\/logo\/image\/\"},\"sameAs\":[\"https:\/\/www.facebook.com\/tourtravelandmore\/\",\"https:\/\/x.com\/TourTravel_More\"]}]}<\/script>\n<!-- \/ Yoast SEO Premium plugin. -->","yoast_head_json":{"title":"Visite priv\u00e9e de Nuremberg avec chauffeur \/ guide agr\u00e9\u00e9","description":"Profitez des principaux monuments et sites touristiques de Nuremberg et admirez sa beaut\u00e9 architecturale impressionnante \u00e0 c\u00f4t\u00e9 d'un expert local avec notre visite priv\u00e9e de Nuremberg","robots":{"index":"index","follow":"follow","max-snippet":"max-snippet:-1","max-image-preview":"max-image-preview:large","max-video-preview":"max-video-preview:-1"},"canonical":"https:\/\/tourtravelandmore.com\/fr\/tours\/allemagne-fr\/nuremberg-fr\/visite-privee-de-la-ville-de-nuremberg\/","og_locale":"fr_FR","og_type":"article","og_title":"Visite priv\u00e9e de la ville de Nuremberg","og_description":"Profitez des principaux monuments et sites touristiques de Nuremberg et admirez sa beaut\u00e9 architecturale impressionnante \u00e0 c\u00f4t\u00e9 d'un expert local avec notre visite priv\u00e9e de Nuremberg","og_url":"https:\/\/tourtravelandmore.com\/fr\/tours\/allemagne-fr\/nuremberg-fr\/visite-privee-de-la-ville-de-nuremberg\/","og_site_name":"Tour Travel And More","article_publisher":"https:\/\/www.facebook.com\/tourtravelandmore\/","article_modified_time":"2021-03-14T19:13:18+00:00","og_image":[{"width":960,"height":628,"url":"https:\/\/tourtravelandmore.com\/wp-content\/uploads\/2019\/09\/nuremberg.4.jpg","type":"image\/jpeg"}],"twitter_card":"summary_large_image","twitter_site":"@TourTravel_More","twitter_misc":{"Dur\u00e9e de lecture estim\u00e9e":"3 minutes"},"schema":{"@context":"https:\/\/schema.org","@graph":[{"@type":"WebPage","@id":"https:\/\/tourtravelandmore.com\/fr\/tours\/allemagne-fr\/nuremberg-fr\/visite-privee-de-la-ville-de-nuremberg\/","url":"https:\/\/tourtravelandmore.com\/fr\/tours\/allemagne-fr\/nuremberg-fr\/visite-privee-de-la-ville-de-nuremberg\/","name":"Visite priv\u00e9e de Nuremberg avec chauffeur \/ guide agr\u00e9\u00e9","isPartOf":{"@id":"https:\/\/tourtravelandmore.com\/fr\/#website"},"primaryImageOfPage":{"@id":"https:\/\/tourtravelandmore.com\/fr\/tours\/allemagne-fr\/nuremberg-fr\/visite-privee-de-la-ville-de-nuremberg\/#primaryimage"},"image":{"@id":"https:\/\/tourtravelandmore.com\/fr\/tours\/allemagne-fr\/nuremberg-fr\/visite-privee-de-la-ville-de-nuremberg\/#primaryimage"},"thumbnailUrl":"https:\/\/tourtravelandmore.com\/wp-content\/uploads\/2019\/09\/nuremberg.4.jpg","datePublished":"2019-09-16T04:53:07+00:00","dateModified":"2021-03-14T19:13:18+00:00","description":"Profitez des principaux monuments et sites touristiques de Nuremberg et admirez sa beaut\u00e9 architecturale impressionnante \u00e0 c\u00f4t\u00e9 d'un expert local avec notre visite priv\u00e9e de Nuremberg","breadcrumb":{"@id":"https:\/\/tourtravelandmore.com\/fr\/tours\/allemagne-fr\/nuremberg-fr\/visite-privee-de-la-ville-de-nuremberg\/#breadcrumb"},"inLanguage":"fr-FR","potentialAction":[{"@type":"ReadAction","target":["https:\/\/tourtravelandmore.com\/fr\/tours\/allemagne-fr\/nuremberg-fr\/visite-privee-de-la-ville-de-nuremberg\/"]}]},{"@type":"ImageObject","inLanguage":"fr-FR","@id":"https:\/\/tourtravelandmore.com\/fr\/tours\/allemagne-fr\/nuremberg-fr\/visite-privee-de-la-ville-de-nuremberg\/#primaryimage","url":"https:\/\/tourtravelandmore.com\/wp-content\/uploads\/2019\/09\/nuremberg.4.jpg","contentUrl":"https:\/\/tourtravelandmore.com\/wp-content\/uploads\/2019\/09\/nuremberg.4.jpg","width":960,"height":628},{"@type":"BreadcrumbList","@id":"https:\/\/tourtravelandmore.com\/fr\/tours\/allemagne-fr\/nuremberg-fr\/visite-privee-de-la-ville-de-nuremberg\/#breadcrumb","itemListElement":[{"@type":"ListItem","position":1,"name":"Home","item":"https:\/\/tourtravelandmore.com\/fr\/"},{"@type":"ListItem","position":2,"name":"Tours","item":"https:\/\/tourtravelandmore.com\/fr\/tours\/"},{"@type":"ListItem","position":3,"name":"Visite priv\u00e9e de la ville de Nuremberg"}]},{"@type":"WebSite","@id":"https:\/\/tourtravelandmore.com\/fr\/#website","url":"https:\/\/tourtravelandmore.com\/fr\/","name":"Tour Travel And More","description":"Private sightseeing tours and luxury transfers in Spain","publisher":{"@id":"https:\/\/tourtravelandmore.com\/fr\/#organization"},"potentialAction":[{"@type":"SearchAction","target":{"@type":"EntryPoint","urlTemplate":"https:\/\/tourtravelandmore.com\/fr\/?s={search_term_string}"},"query-input":{"@type":"PropertyValueSpecification","valueRequired":true,"valueName":"search_term_string"}}],"inLanguage":"fr-FR"},{"@type":"Organization","@id":"https:\/\/tourtravelandmore.com\/fr\/#organization","name":"Tour Travel And More","url":"https:\/\/tourtravelandmore.com\/fr\/","logo":{"@type":"ImageObject","inLanguage":"fr-FR","@id":"https:\/\/tourtravelandmore.com\/fr\/#\/schema\/logo\/image\/","url":"https:\/\/tourtravelandmore.com\/wp-content\/uploads\/2022\/12\/cropped-logo-cabecera-new.png","contentUrl":"https:\/\/tourtravelandmore.com\/wp-content\/uploads\/2022\/12\/cropped-logo-cabecera-new.png","width":430,"height":61,"caption":"Tour Travel And More"},"image":{"@id":"https:\/\/tourtravelandmore.com\/fr\/#\/schema\/logo\/image\/"},"sameAs":["https:\/\/www.facebook.com\/tourtravelandmore\/","https:\/\/x.com\/TourTravel_More"]}]}},"_links":{"self":[{"href":"https:\/\/tourtravelandmore.com\/fr\/wp-json\/wp\/v2\/product\/103049","targetHints":{"allow":["GET"]}}],"collection":[{"href":"https:\/\/tourtravelandmore.com\/fr\/wp-json\/wp\/v2\/product"}],"about":[{"href":"https:\/\/tourtravelandmore.com\/fr\/wp-json\/wp\/v2\/types\/product"}],"replies":[{"embeddable":true,"href":"https:\/\/tourtravelandmore.com\/fr\/wp-json\/wp\/v2\/comments?post=103049"}],"wp:featuredmedia":[{"embeddable":true,"href":"https:\/\/tourtravelandmore.com\/fr\/wp-json\/wp\/v2\/media\/96309"}],"wp:attachment":[{"href":"https:\/\/tourtravelandmore.com\/fr\/wp-json\/wp\/v2\/media?parent=103049"}],"wp:term":[{"taxonomy":"product_brand","embeddable":true,"href":"https:\/\/tourtravelandmore.com\/fr\/wp-json\/wp\/v2\/product_brand?post=103049"},{"taxonomy":"product_cat","embeddable":true,"href":"https:\/\/tourtravelandmore.com\/fr\/wp-json\/wp\/v2\/product_cat?post=103049"},{"taxonomy":"product_tag","embeddable":true,"href":"https:\/\/tourtravelandmore.com\/fr\/wp-json\/wp\/v2\/product_tag?post=103049"}],"curies":[{"name":"wp","href":"https:\/\/api.w.org\/{rel}","templated":true}]}}