{"id":103047,"date":"2018-10-15T12:27:37","date_gmt":"2018-10-15T10:27:37","guid":{"rendered":"https:\/\/tourtravelandmore.com\/tours\/non%20class\u00e9\/transfert-prive-depuis-vers-laeroport-la-gare\/"},"modified":"2021-03-14T20:11:13","modified_gmt":"2021-03-14T19:11:13","slug":"transfert-prive-depuis-vers-laeroport-la-gare","status":"publish","type":"product","link":"https:\/\/tourtravelandmore.com\/fr\/tours\/allemagne-fr\/nuremberg-fr\/transfert-prive-depuis-vers-laeroport-la-gare\/","title":{"rendered":"Transfert priv\u00e9 depuis \/ vers l&#8217;a\u00e9roport \/ la gare"},"content":{"rendered":"<h2>Description<\/h2>\n<p>Profitez d&#8217;une exp\u00e9rience confortable dans l&#8217;un de nos v\u00e9hicules de luxe priv\u00e9s lors de nos transferts priv\u00e9s \u00e0 Nuremberg. Laissez-nous organiser votre transport \u00e0 Nuremberg. Nous vous proposons le moyen le plus rapide et le plus simple d&#8217;atteindre votre destination finale.<\/p>\n<p>Nous organisons tous types de transferts tels que les transferts d&#8217;arriv\u00e9e et de d\u00e9part vers l&#8217;a\u00e9roport ou la gare de Nuremberg. De plus, nous proposons des transferts interurbains depuis et vers Nuremberg.<\/p>\n<p>Pour les transferts \u00e0 l&#8217;arriv\u00e9e, notre personnel vous attendra avec une pancarte. Lors de votre arriv\u00e9e \u00e0 votre destination finale, vous pourrez \u00e9galement profiter d&#8217;une visite panoramique de la ville. Tous nos v\u00e9hicules et chauffeurs sont autoris\u00e9s \u00e0 op\u00e9rer dans toute l&#8217;Europe.<\/p>\n<p>Nous avons plusieurs options de visites priv\u00e9es dans et depuis Nuremberg, consultez notre liste de visites priv\u00e9es.<\/p>\n<h2>Sites d&#8217;int\u00e9r\u00eat et points de rep\u00e8re<\/h2>\n<p>La ville de Nuremberg est situ\u00e9e sur la rivi\u00e8re Pegnitz, o\u00f9 elle \u00e9merge des hautes terres de Franconie. Est, apr\u00e8s Munich, la deuxi\u00e8me plus grande ville de l&#8217;\u00e9tat f\u00e9d\u00e9ral allemand de Bavi\u00e8re apr\u00e8s Munich. Le centre-ville, divis\u00e9 en deux parties par le Pegnitz, est encercl\u00e9 par un mur achev\u00e9 en 1452, et l&#8217;ancienne ligne int\u00e9rieure de fortifications, datant de 1140 et 1320. La ville compte de nombreux monuments et attractions.<\/p>\n<p>Nous proposons des transferts pour les groupes priv\u00e9s et m\u00eame des incentives et grands groupes. Tous les services de transport que nous proposons sont priv\u00e9s et sur mesure.<\/p>\n<p>Nous ne limitons pas le nombre de bagages. Mais nous vous demandons d\u2019indiquer le nombre de bagages avec lesquels vous voyagerez uniquement pour des raisons logistiques. Parfois, un v\u00e9hicule plus gros peut \u00eatre n\u00e9cessaire et des frais suppl\u00e9mentaires peuvent s&#8217;appliquer.<\/p>\n<p>Si vous avez besoin d&#8217;un si\u00e8ge b\u00e9b\u00e9 ou d&#8217;un si\u00e8ge enfant, veuillez nous contacter avant votre vol ou votre transfert priv\u00e9 afin de l&#8217;organiser correctement. Laissez-nous organiser vos transferts priv\u00e9s \u00e0 Nuremberg et profitez de l&#8217;exp\u00e9rience la plus confortable dans nos v\u00e9hicules de luxe priv\u00e9s.<\/p>\n","protected":false},"excerpt":{"rendered":"<p>Laissez-nous organiser votre transport priv\u00e9 \u00e0 Nuremberg. Nous proposons des transferts priv\u00e9s et la disposition des v\u00e9hicules depuis et vers Nuremberg dans des v\u00e9hicules de luxe. Contactez-nous pour une proposition personnalis\u00e9e.<\/p>\n","protected":false},"featured_media":93543,"comment_status":"open","ping_status":"closed","template":"","meta":{"_acf_changed":false},"product_brand":[],"product_cat":[3753],"product_tag":[],"class_list":{"0":"post-103047","1":"product","2":"type-product","3":"status-publish","4":"has-post-thumbnail","6":"product_cat-nuremberg-fr","8":"first","9":"instock","10":"shipping-taxable","11":"purchasable","12":"product-type-simple"},"acf":[],"yoast_head":"<!-- This site is optimized with the Yoast SEO Premium plugin v25.3.1 (Yoast SEO v25.3.1) - https:\/\/yoast.com\/wordpress\/plugins\/seo\/ -->\n<title>Transferts priv\u00e9s \u00e0 Nuremberg avec v\u00e9hicules de luxe et chauffeur professionnel<\/title>\n<meta name=\"description\" content=\"Laissez-nous organiser vos transferts priv\u00e9s \u00e0 Nuremberg. V\u00e9hicules de luxe priv\u00e9s et chauffeurs professionnels \u00e0 votre disposition. Exp\u00e9rience sur mesure.\" \/>\n<meta name=\"robots\" content=\"index, follow, max-snippet:-1, max-image-preview:large, max-video-preview:-1\" \/>\n<link rel=\"canonical\" href=\"https:\/\/tourtravelandmore.com\/fr\/tours\/allemagne-fr\/nuremberg-fr\/transfert-prive-depuis-vers-laeroport-la-gare\/\" \/>\n<meta property=\"og:locale\" content=\"fr_FR\" \/>\n<meta property=\"og:type\" content=\"article\" \/>\n<meta property=\"og:title\" content=\"Transfert priv\u00e9 depuis \/ vers l&#039;a\u00e9roport \/ la gare\" \/>\n<meta property=\"og:description\" content=\"Laissez-nous organiser vos transferts priv\u00e9s \u00e0 Nuremberg. V\u00e9hicules de luxe priv\u00e9s et chauffeurs professionnels \u00e0 votre disposition. Exp\u00e9rience sur mesure.\" \/>\n<meta property=\"og:url\" content=\"https:\/\/tourtravelandmore.com\/fr\/tours\/allemagne-fr\/nuremberg-fr\/transfert-prive-depuis-vers-laeroport-la-gare\/\" \/>\n<meta property=\"og:site_name\" content=\"Tour Travel And More\" \/>\n<meta property=\"article:publisher\" content=\"https:\/\/www.facebook.com\/tourtravelandmore\/\" \/>\n<meta property=\"article:modified_time\" content=\"2021-03-14T19:11:13+00:00\" \/>\n<meta property=\"og:image\" content=\"https:\/\/tourtravelandmore.com\/wp-content\/uploads\/2016\/10\/transfer-port-barcelonajpg.jpg\" \/>\n\t<meta property=\"og:image:width\" content=\"955\" \/>\n\t<meta property=\"og:image:height\" content=\"523\" \/>\n\t<meta property=\"og:image:type\" content=\"image\/jpeg\" \/>\n<meta name=\"twitter:card\" content=\"summary_large_image\" \/>\n<meta name=\"twitter:site\" content=\"@TourTravel_More\" \/>\n<meta name=\"twitter:label1\" content=\"Dur\u00e9e de lecture estim\u00e9e\" \/>\n\t<meta name=\"twitter:data1\" content=\"2 minutes\" \/>\n<script type=\"application\/ld+json\" class=\"yoast-schema-graph\">{\"@context\":\"https:\/\/schema.org\",\"@graph\":[{\"@type\":\"WebPage\",\"@id\":\"https:\/\/tourtravelandmore.com\/fr\/tours\/allemagne-fr\/nuremberg-fr\/transfert-prive-depuis-vers-laeroport-la-gare\/\",\"url\":\"https:\/\/tourtravelandmore.com\/fr\/tours\/allemagne-fr\/nuremberg-fr\/transfert-prive-depuis-vers-laeroport-la-gare\/\",\"name\":\"Transferts priv\u00e9s \u00e0 Nuremberg avec v\u00e9hicules de luxe et chauffeur professionnel\",\"isPartOf\":{\"@id\":\"https:\/\/tourtravelandmore.com\/fr\/#website\"},\"primaryImageOfPage\":{\"@id\":\"https:\/\/tourtravelandmore.com\/fr\/tours\/allemagne-fr\/nuremberg-fr\/transfert-prive-depuis-vers-laeroport-la-gare\/#primaryimage\"},\"image\":{\"@id\":\"https:\/\/tourtravelandmore.com\/fr\/tours\/allemagne-fr\/nuremberg-fr\/transfert-prive-depuis-vers-laeroport-la-gare\/#primaryimage\"},\"thumbnailUrl\":\"https:\/\/tourtravelandmore.com\/wp-content\/uploads\/2016\/10\/transfer-port-barcelonajpg.jpg\",\"datePublished\":\"2018-10-15T10:27:37+00:00\",\"dateModified\":\"2021-03-14T19:11:13+00:00\",\"description\":\"Laissez-nous organiser vos transferts priv\u00e9s \u00e0 Nuremberg. V\u00e9hicules de luxe priv\u00e9s et chauffeurs professionnels \u00e0 votre disposition. Exp\u00e9rience sur mesure.\",\"breadcrumb\":{\"@id\":\"https:\/\/tourtravelandmore.com\/fr\/tours\/allemagne-fr\/nuremberg-fr\/transfert-prive-depuis-vers-laeroport-la-gare\/#breadcrumb\"},\"inLanguage\":\"fr-FR\",\"potentialAction\":[{\"@type\":\"ReadAction\",\"target\":[\"https:\/\/tourtravelandmore.com\/fr\/tours\/allemagne-fr\/nuremberg-fr\/transfert-prive-depuis-vers-laeroport-la-gare\/\"]}]},{\"@type\":\"ImageObject\",\"inLanguage\":\"fr-FR\",\"@id\":\"https:\/\/tourtravelandmore.com\/fr\/tours\/allemagne-fr\/nuremberg-fr\/transfert-prive-depuis-vers-laeroport-la-gare\/#primaryimage\",\"url\":\"https:\/\/tourtravelandmore.com\/wp-content\/uploads\/2016\/10\/transfer-port-barcelonajpg.jpg\",\"contentUrl\":\"https:\/\/tourtravelandmore.com\/wp-content\/uploads\/2016\/10\/transfer-port-barcelonajpg.jpg\",\"width\":955,\"height\":523,\"caption\":\"Private Transfer\"},{\"@type\":\"BreadcrumbList\",\"@id\":\"https:\/\/tourtravelandmore.com\/fr\/tours\/allemagne-fr\/nuremberg-fr\/transfert-prive-depuis-vers-laeroport-la-gare\/#breadcrumb\",\"itemListElement\":[{\"@type\":\"ListItem\",\"position\":1,\"name\":\"Home\",\"item\":\"https:\/\/tourtravelandmore.com\/fr\/\"},{\"@type\":\"ListItem\",\"position\":2,\"name\":\"Tours\",\"item\":\"https:\/\/tourtravelandmore.com\/fr\/tours\/\"},{\"@type\":\"ListItem\",\"position\":3,\"name\":\"Transfert priv\u00e9 depuis \/ vers l&rsquo;a\u00e9roport \/ la gare\"}]},{\"@type\":\"WebSite\",\"@id\":\"https:\/\/tourtravelandmore.com\/fr\/#website\",\"url\":\"https:\/\/tourtravelandmore.com\/fr\/\",\"name\":\"Tour Travel And More\",\"description\":\"Private sightseeing tours and luxury transfers in Spain\",\"publisher\":{\"@id\":\"https:\/\/tourtravelandmore.com\/fr\/#organization\"},\"potentialAction\":[{\"@type\":\"SearchAction\",\"target\":{\"@type\":\"EntryPoint\",\"urlTemplate\":\"https:\/\/tourtravelandmore.com\/fr\/?s={search_term_string}\"},\"query-input\":{\"@type\":\"PropertyValueSpecification\",\"valueRequired\":true,\"valueName\":\"search_term_string\"}}],\"inLanguage\":\"fr-FR\"},{\"@type\":\"Organization\",\"@id\":\"https:\/\/tourtravelandmore.com\/fr\/#organization\",\"name\":\"Tour Travel And More\",\"url\":\"https:\/\/tourtravelandmore.com\/fr\/\",\"logo\":{\"@type\":\"ImageObject\",\"inLanguage\":\"fr-FR\",\"@id\":\"https:\/\/tourtravelandmore.com\/fr\/#\/schema\/logo\/image\/\",\"url\":\"https:\/\/tourtravelandmore.com\/wp-content\/uploads\/2022\/12\/cropped-logo-cabecera-new.png\",\"contentUrl\":\"https:\/\/tourtravelandmore.com\/wp-content\/uploads\/2022\/12\/cropped-logo-cabecera-new.png\",\"width\":430,\"height\":61,\"caption\":\"Tour Travel And More\"},\"image\":{\"@id\":\"https:\/\/tourtravelandmore.com\/fr\/#\/schema\/logo\/image\/\"},\"sameAs\":[\"https:\/\/www.facebook.com\/tourtravelandmore\/\",\"https:\/\/x.com\/TourTravel_More\"]}]}<\/script>\n<!-- \/ Yoast SEO Premium plugin. -->","yoast_head_json":{"title":"Transferts priv\u00e9s \u00e0 Nuremberg avec v\u00e9hicules de luxe et chauffeur professionnel","description":"Laissez-nous organiser vos transferts priv\u00e9s \u00e0 Nuremberg. V\u00e9hicules de luxe priv\u00e9s et chauffeurs professionnels \u00e0 votre disposition. Exp\u00e9rience sur mesure.","robots":{"index":"index","follow":"follow","max-snippet":"max-snippet:-1","max-image-preview":"max-image-preview:large","max-video-preview":"max-video-preview:-1"},"canonical":"https:\/\/tourtravelandmore.com\/fr\/tours\/allemagne-fr\/nuremberg-fr\/transfert-prive-depuis-vers-laeroport-la-gare\/","og_locale":"fr_FR","og_type":"article","og_title":"Transfert priv\u00e9 depuis \/ vers l'a\u00e9roport \/ la gare","og_description":"Laissez-nous organiser vos transferts priv\u00e9s \u00e0 Nuremberg. V\u00e9hicules de luxe priv\u00e9s et chauffeurs professionnels \u00e0 votre disposition. Exp\u00e9rience sur mesure.","og_url":"https:\/\/tourtravelandmore.com\/fr\/tours\/allemagne-fr\/nuremberg-fr\/transfert-prive-depuis-vers-laeroport-la-gare\/","og_site_name":"Tour Travel And More","article_publisher":"https:\/\/www.facebook.com\/tourtravelandmore\/","article_modified_time":"2021-03-14T19:11:13+00:00","og_image":[{"width":955,"height":523,"url":"https:\/\/tourtravelandmore.com\/wp-content\/uploads\/2016\/10\/transfer-port-barcelonajpg.jpg","type":"image\/jpeg"}],"twitter_card":"summary_large_image","twitter_site":"@TourTravel_More","twitter_misc":{"Dur\u00e9e de lecture estim\u00e9e":"2 minutes"},"schema":{"@context":"https:\/\/schema.org","@graph":[{"@type":"WebPage","@id":"https:\/\/tourtravelandmore.com\/fr\/tours\/allemagne-fr\/nuremberg-fr\/transfert-prive-depuis-vers-laeroport-la-gare\/","url":"https:\/\/tourtravelandmore.com\/fr\/tours\/allemagne-fr\/nuremberg-fr\/transfert-prive-depuis-vers-laeroport-la-gare\/","name":"Transferts priv\u00e9s \u00e0 Nuremberg avec v\u00e9hicules de luxe et chauffeur professionnel","isPartOf":{"@id":"https:\/\/tourtravelandmore.com\/fr\/#website"},"primaryImageOfPage":{"@id":"https:\/\/tourtravelandmore.com\/fr\/tours\/allemagne-fr\/nuremberg-fr\/transfert-prive-depuis-vers-laeroport-la-gare\/#primaryimage"},"image":{"@id":"https:\/\/tourtravelandmore.com\/fr\/tours\/allemagne-fr\/nuremberg-fr\/transfert-prive-depuis-vers-laeroport-la-gare\/#primaryimage"},"thumbnailUrl":"https:\/\/tourtravelandmore.com\/wp-content\/uploads\/2016\/10\/transfer-port-barcelonajpg.jpg","datePublished":"2018-10-15T10:27:37+00:00","dateModified":"2021-03-14T19:11:13+00:00","description":"Laissez-nous organiser vos transferts priv\u00e9s \u00e0 Nuremberg. V\u00e9hicules de luxe priv\u00e9s et chauffeurs professionnels \u00e0 votre disposition. Exp\u00e9rience sur mesure.","breadcrumb":{"@id":"https:\/\/tourtravelandmore.com\/fr\/tours\/allemagne-fr\/nuremberg-fr\/transfert-prive-depuis-vers-laeroport-la-gare\/#breadcrumb"},"inLanguage":"fr-FR","potentialAction":[{"@type":"ReadAction","target":["https:\/\/tourtravelandmore.com\/fr\/tours\/allemagne-fr\/nuremberg-fr\/transfert-prive-depuis-vers-laeroport-la-gare\/"]}]},{"@type":"ImageObject","inLanguage":"fr-FR","@id":"https:\/\/tourtravelandmore.com\/fr\/tours\/allemagne-fr\/nuremberg-fr\/transfert-prive-depuis-vers-laeroport-la-gare\/#primaryimage","url":"https:\/\/tourtravelandmore.com\/wp-content\/uploads\/2016\/10\/transfer-port-barcelonajpg.jpg","contentUrl":"https:\/\/tourtravelandmore.com\/wp-content\/uploads\/2016\/10\/transfer-port-barcelonajpg.jpg","width":955,"height":523,"caption":"Private Transfer"},{"@type":"BreadcrumbList","@id":"https:\/\/tourtravelandmore.com\/fr\/tours\/allemagne-fr\/nuremberg-fr\/transfert-prive-depuis-vers-laeroport-la-gare\/#breadcrumb","itemListElement":[{"@type":"ListItem","position":1,"name":"Home","item":"https:\/\/tourtravelandmore.com\/fr\/"},{"@type":"ListItem","position":2,"name":"Tours","item":"https:\/\/tourtravelandmore.com\/fr\/tours\/"},{"@type":"ListItem","position":3,"name":"Transfert priv\u00e9 depuis \/ vers l&rsquo;a\u00e9roport \/ la gare"}]},{"@type":"WebSite","@id":"https:\/\/tourtravelandmore.com\/fr\/#website","url":"https:\/\/tourtravelandmore.com\/fr\/","name":"Tour Travel And More","description":"Private sightseeing tours and luxury transfers in Spain","publisher":{"@id":"https:\/\/tourtravelandmore.com\/fr\/#organization"},"potentialAction":[{"@type":"SearchAction","target":{"@type":"EntryPoint","urlTemplate":"https:\/\/tourtravelandmore.com\/fr\/?s={search_term_string}"},"query-input":{"@type":"PropertyValueSpecification","valueRequired":true,"valueName":"search_term_string"}}],"inLanguage":"fr-FR"},{"@type":"Organization","@id":"https:\/\/tourtravelandmore.com\/fr\/#organization","name":"Tour Travel And More","url":"https:\/\/tourtravelandmore.com\/fr\/","logo":{"@type":"ImageObject","inLanguage":"fr-FR","@id":"https:\/\/tourtravelandmore.com\/fr\/#\/schema\/logo\/image\/","url":"https:\/\/tourtravelandmore.com\/wp-content\/uploads\/2022\/12\/cropped-logo-cabecera-new.png","contentUrl":"https:\/\/tourtravelandmore.com\/wp-content\/uploads\/2022\/12\/cropped-logo-cabecera-new.png","width":430,"height":61,"caption":"Tour Travel And More"},"image":{"@id":"https:\/\/tourtravelandmore.com\/fr\/#\/schema\/logo\/image\/"},"sameAs":["https:\/\/www.facebook.com\/tourtravelandmore\/","https:\/\/x.com\/TourTravel_More"]}]}},"_links":{"self":[{"href":"https:\/\/tourtravelandmore.com\/fr\/wp-json\/wp\/v2\/product\/103047","targetHints":{"allow":["GET"]}}],"collection":[{"href":"https:\/\/tourtravelandmore.com\/fr\/wp-json\/wp\/v2\/product"}],"about":[{"href":"https:\/\/tourtravelandmore.com\/fr\/wp-json\/wp\/v2\/types\/product"}],"replies":[{"embeddable":true,"href":"https:\/\/tourtravelandmore.com\/fr\/wp-json\/wp\/v2\/comments?post=103047"}],"wp:featuredmedia":[{"embeddable":true,"href":"https:\/\/tourtravelandmore.com\/fr\/wp-json\/wp\/v2\/media\/93543"}],"wp:attachment":[{"href":"https:\/\/tourtravelandmore.com\/fr\/wp-json\/wp\/v2\/media?parent=103047"}],"wp:term":[{"taxonomy":"product_brand","embeddable":true,"href":"https:\/\/tourtravelandmore.com\/fr\/wp-json\/wp\/v2\/product_brand?post=103047"},{"taxonomy":"product_cat","embeddable":true,"href":"https:\/\/tourtravelandmore.com\/fr\/wp-json\/wp\/v2\/product_cat?post=103047"},{"taxonomy":"product_tag","embeddable":true,"href":"https:\/\/tourtravelandmore.com\/fr\/wp-json\/wp\/v2\/product_tag?post=103047"}],"curies":[{"name":"wp","href":"https:\/\/api.w.org\/{rel}","templated":true}]}}