{"id":103026,"date":"2020-12-18T10:05:38","date_gmt":"2020-12-18T09:05:38","guid":{"rendered":"https:\/\/tourtravelandmore.com\/tours\/non%20class\u00e9\/visite-privee-de-la-lagune-de-coyuca\/"},"modified":"2021-03-14T20:04:46","modified_gmt":"2021-03-14T19:04:46","slug":"visite-privee-de-la-lagune-de-coyuca","status":"publish","type":"product","link":"https:\/\/tourtravelandmore.com\/fr\/tours\/mexique-fr\/acapulco-fr\/visite-privee-de-la-lagune-de-coyuca\/","title":{"rendered":"Visite priv\u00e9e de la lagune de Coyuca"},"content":{"rendered":"<h2>Description<\/h2>\n<p>Laissez-vous admirer par l&#8217;un des plus beaux lagons du Mexique. Venez avec nous lors de cette visite priv\u00e9e de la lagune de Coyuca au d\u00e9part d&#8217;Acapulco avec une \u00e9quipe locale professionnelle. Vivez une exp\u00e9rience pas comme les autres, plongez dans un lieu naturel entour\u00e9 d&#8217;une grande vari\u00e9t\u00e9 de flore et de faune tropicales.<\/p>\n<p>Votre chauffeur priv\u00e9 et votre guide officiel viendront vous chercher \u00e0 votre h\u00f4tel ou lieu de votre choix \u00e0 Acapulco. Ce service se d\u00e9roulera dans un v\u00e9hicule de luxe priv\u00e9 pour une exp\u00e9rience plus confortable.<\/p>\n<p>La lagune de Coyuca est une magnifique lagune d&#8217;eau douce situ\u00e9e \u00e0 10 kilom\u00e8tres au nord d&#8217;Acapulco. Dans ce lagon, vous trouverez deux \u00eeles diff\u00e9rentes: l&#8217;\u00eele aux oiseaux et l&#8217;\u00eele de Montoya. Dans les deux \u00eeles, vous trouverez diff\u00e9rents types d&#8217;oiseaux venant du Canada. Un fait tr\u00e8s int\u00e9ressant est qu&#8217;ici, les films Rambo II et Tarzan ont \u00e9t\u00e9 tourn\u00e9s.<\/p>\n<p>Cette visite priv\u00e9e de la lagune de Coyuca est parfaite pour ceux qui aiment la nature et la faune. R\u00e9alisez votre r\u00eave avec Tour Travel &amp; More.<\/p>\n<h2>Sites d&#8217;int\u00e9r\u00eat et monuments<\/h2>\n<p>Tout d&#8217;abord, votre chauffeur priv\u00e9 et votre guide officiel viendront vous chercher \u00e0 votre h\u00f4tel t\u00f4t le matin. Vous profiterez d&#8217;une excursion d&#8217;une journ\u00e9e en plein air entour\u00e9 de nature sauvage, une exp\u00e9rience vraiment unique!.<\/p>\n<p>Au cours de cette visite priv\u00e9e, vous pourrez visiter l&#8217;un des endroits les plus pittoresques d&#8217;Acapulco. Vous profiterez d&#8217;une vue imprenable sur l&#8217;eau et la nature incroyable qui caract\u00e9rise cet endroit.<\/p>\n<p>Cette lagune d&#8217;eau douce abrite diff\u00e9rentes esp\u00e8ces d&#8217;oiseaux comme les h\u00e9rons, les cigognes et les p\u00e9licans. C&#8217;est aussi le lieu naturel o\u00f9 se fait la lib\u00e9ration des b\u00e9b\u00e9s tortues, si vous avez de la chance, vous aurez peut-\u00eatre la possibilit\u00e9 de voir ce merveilleux spectacle.<\/p>\n<p>Vous ferez \u00e9galement l&#8217;exp\u00e9rience d&#8217;une promenade en bateau pour naviguer le long des falaises. Vous admirerez l&#8217;incroyable lagon sous un autre angle avec une \u00e9quipe de professionnels tr\u00e8s bien \u00e9quip\u00e9e.<\/p>\n<p>Avant de retourner \u00e0 Acapulco, vous profiterez d&#8217;un d\u00e9jeuner unique sur la plage. Vous pouvez \u00e9galement d\u00e9guster des boissons locales tout en admirant la mer.<\/p>\n<p>Enfin, \u00e0 la fin de la visite, votre \u00e9quipe priv\u00e9e vous ram\u00e8nera \u00e0 votre h\u00f4tel \u00e0 Acapulco.<\/p>\n<p>Nous proposons \u00e9galement des visites priv\u00e9es et des exp\u00e9riences dans n&#8217;importe quelle ville du Mexique, jetez un coup d&#8217;\u0153il !.<\/p>\n<p><button style=\"width: auto; height: auto; background-image: url('data:image\/png;base64,iVBORw0KGgoAAAANSUhEUgAAADAAAAAwCAYAAABXAvmHAAABS2lUWHRYTUw6Y29tLmFkb2JlLnhtcAAAAAAAPD94cGFja2V0IGJlZ2luPSLvu78iIGlkPSJXNU0wTXBDZWhpSHpyZVN6TlRjemtjOWQiPz4KPHg6eG1wbWV0YSB4bWxuczp4PSJhZG9iZTpuczptZXRhLyIgeDp4bXB0az0iQWRvYmUgWE1QIENvcmUgNS42LWMxMzggNzkuMTU5ODI0LCAyMDE2LzA5LzE0LTAxOjA5OjAxICAgICAgICAiPgogPHJkZjpSREYgeG1sbnM6cmRmPSJodHRwOi8vd3d3LnczLm9yZy8xOTk5LzAyLzIyLXJkZi1zeW50YXgtbnMjIj4KICA8cmRmOkRlc2NyaXB0aW9uIHJkZjphYm91dD0iIi8+CiA8L3JkZjpSREY+CjwveDp4bXBtZXRhPgo8P3hwYWNrZXQgZW5kPSJyIj8+IEmuOgAAAx5JREFUaIHtmj1L81wYx39JI75AbYtgBTFTRdQGXV2cxMlPICjiakHE0cVJB5FO4uLgN1AnZ\/0EgoLQtd6tL6hJIwia9DzDg6Wxpcb7hMTe+INCz+t1\/TnJuU7OOYoQ4g8Qpz2xFSGEiNoLGVTAjtoJCWw1ag9k0eoTQgg2NzcplUp0dHRE5VNTHMdB0zTy+TydnZ21fI8Ay7K4vr4ml8uRSqVCd7IVQgjW19cpFAoYhlHLbxiBTCbD9PR06A76YXx8HNd1PXmed0BRFBzHwTTNUB3zy\/v7O7FYzJPX9i\/xr4Co0b6u0prj42Pu7u5a1unp6UHXdSYmJkgmk7ImPUgLWFlZoVQq+aqbSCSYn59ne3ubRCIhaxoI4BHSdd13Xcuy2N\/fxzCML0fNL9IjoChK7f\/p6Smjo6MNdWzb5vz8nI2NDUzTpFgsMjMzw+Xlpax5eQH1TE5OMjAw0LQsm80yNzdHNpvFtm2urq44PDxkaWlJymags9D9\/X3Lcl3X2dnZqaX39vakbYY+jS4uLtLV1QXAxcUFlUpFqr\/QBXR3d9Pf3w\/8v8J8fn6W6i90Aa7r8vT0BEAsFpOeTkMXcHJywsvLCwAjIyPSgS1QAb29vS3LHx4eyOVytfTy8rK0zUAFPD4+8vb25vm9vr5SLBY5ODjAMAzK5TIAQ0NDrK6uStsMNA7Mzs42rNfrn\/kP0uk0Z2dnaJq8+UAFfHb0M6qqsrCwwO7uLn19fYHYDFTA2tpa00isaRqDg4NMTU19a+3kh0AFbG1t1YJUWAT6EhcKhSC780Xbf5H9CoiaXwFRIy2gPng5jiPb3beRjgPDw8NYlgUQegyAAAQcHR3xccgTxNrmu0hbjMJpj32ZxkIITNOkWq16tlf8tlVVlWQy+e229UgLKJfLuK77VwI+PikjE6CqKmNjYzJdSPPvxQFVVT2HaD8JVVX5fKzdcEZWLpe5vb39cYd8ADc3Nw1nZB4B8XicdDpNPp+PJCi1wnEcUqkUmUzGk68IISp8uitRqVSoVqth+ueLJntIdtNZ6Kv9nZ9E21\/20IASbXzd5j\/MIQu2KoJrJwAAAABJRU5ErkJggg=='); background-size: 14px 14px; background-color: #000000; position: absolute; opacity: 1; z-index: 86753099; display: none; cursor: pointer; border: none; border-top-left-radius: 3px; border-top-right-radius: 3px; border-bottom-right-radius: 3px; border-bottom-left-radius: 3px; text-indent: 20px; padding: 0px 4px 0px 0px; text-align: center; font-style: normal; font-variant-caps: normal; font-weight: bold; font-stretch: normal; font-size: 11px; line-height: 20px; font-family: 'Helvetica Neue', Helvetica, sans-serif; color: #ffffff; text-transform: capitalize; -webkit-font-smoothing: antialiased; top: 1397px; left: 563px; background-position: 3px 50%; background-repeat: no-repeat no-repeat;\">plan it<\/button><\/p>\n","protected":false},"excerpt":{"rendered":"<p>Vivez une exp\u00e9rience unique avec Tour Travel &amp; More et rejoignez-nous pour cette visite priv\u00e9e de la lagune de Coyuca. Sachez l&#8217;endroit o\u00f9 les films de Rambo II et Tarzan ont \u00e9t\u00e9 tourn\u00e9s avec une \u00e9quipe professionnelle locale.<\/p>\n","protected":false},"featured_media":90084,"comment_status":"open","ping_status":"closed","template":"","meta":{"_acf_changed":false},"product_brand":[],"product_cat":[3727,3816],"product_tag":[],"class_list":{"0":"post-103026","1":"product","2":"type-product","3":"status-publish","4":"has-post-thumbnail","6":"product_cat-mexique-fr","7":"product_cat-acapulco-fr","9":"first","10":"instock","11":"shipping-taxable","12":"purchasable","13":"product-type-simple"},"acf":[],"yoast_head":"<!-- This site is optimized with the Yoast SEO Premium plugin v25.3.1 (Yoast SEO v25.3.1) - https:\/\/yoast.com\/wordpress\/plugins\/seo\/ -->\n<title>Visite priv\u00e9e de la lagune de Coyuca au d\u00e9part d&#039;Acapulco avec une \u00e9quipe locale<\/title>\n<meta name=\"description\" content=\"Nous vous invitons \u00e0 participer \u00e0 cette visite priv\u00e9e de la lagune de Coyuca au d\u00e9part d&#039;Acapulco afin que vous puissiez vivre une v\u00e9ritable aventure dans la faune.\" \/>\n<meta name=\"robots\" content=\"index, follow, max-snippet:-1, max-image-preview:large, max-video-preview:-1\" \/>\n<link rel=\"canonical\" href=\"https:\/\/tourtravelandmore.com\/fr\/tours\/mexique-fr\/acapulco-fr\/visite-privee-de-la-lagune-de-coyuca\/\" \/>\n<meta property=\"og:locale\" content=\"fr_FR\" \/>\n<meta property=\"og:type\" content=\"article\" \/>\n<meta property=\"og:title\" content=\"Visite priv\u00e9e de la lagune de Coyuca\" \/>\n<meta property=\"og:description\" content=\"Nous vous invitons \u00e0 participer \u00e0 cette visite priv\u00e9e de la lagune de Coyuca au d\u00e9part d&#039;Acapulco afin que vous puissiez vivre une v\u00e9ritable aventure dans la faune.\" \/>\n<meta property=\"og:url\" content=\"https:\/\/tourtravelandmore.com\/fr\/tours\/mexique-fr\/acapulco-fr\/visite-privee-de-la-lagune-de-coyuca\/\" \/>\n<meta property=\"og:site_name\" content=\"Tour Travel And More\" \/>\n<meta property=\"article:publisher\" content=\"https:\/\/www.facebook.com\/tourtravelandmore\/\" \/>\n<meta property=\"article:modified_time\" content=\"2021-03-14T19:04:46+00:00\" \/>\n<meta property=\"og:image\" content=\"https:\/\/tourtravelandmore.com\/wp-content\/uploads\/2020\/12\/coyuca-2.jpg\" \/>\n\t<meta property=\"og:image:width\" content=\"780\" \/>\n\t<meta property=\"og:image:height\" content=\"521\" \/>\n\t<meta property=\"og:image:type\" content=\"image\/jpeg\" \/>\n<meta name=\"twitter:card\" content=\"summary_large_image\" \/>\n<meta name=\"twitter:site\" content=\"@TourTravel_More\" \/>\n<meta name=\"twitter:label1\" content=\"Dur\u00e9e de lecture estim\u00e9e\" \/>\n\t<meta name=\"twitter:data1\" content=\"2 minutes\" \/>\n<script type=\"application\/ld+json\" class=\"yoast-schema-graph\">{\"@context\":\"https:\/\/schema.org\",\"@graph\":[{\"@type\":\"WebPage\",\"@id\":\"https:\/\/tourtravelandmore.com\/fr\/tours\/mexique-fr\/acapulco-fr\/visite-privee-de-la-lagune-de-coyuca\/\",\"url\":\"https:\/\/tourtravelandmore.com\/fr\/tours\/mexique-fr\/acapulco-fr\/visite-privee-de-la-lagune-de-coyuca\/\",\"name\":\"Visite priv\u00e9e de la lagune de Coyuca au d\u00e9part d'Acapulco avec une \u00e9quipe locale\",\"isPartOf\":{\"@id\":\"https:\/\/tourtravelandmore.com\/fr\/#website\"},\"primaryImageOfPage\":{\"@id\":\"https:\/\/tourtravelandmore.com\/fr\/tours\/mexique-fr\/acapulco-fr\/visite-privee-de-la-lagune-de-coyuca\/#primaryimage\"},\"image\":{\"@id\":\"https:\/\/tourtravelandmore.com\/fr\/tours\/mexique-fr\/acapulco-fr\/visite-privee-de-la-lagune-de-coyuca\/#primaryimage\"},\"thumbnailUrl\":\"https:\/\/tourtravelandmore.com\/wp-content\/uploads\/2020\/12\/coyuca-2.jpg\",\"datePublished\":\"2020-12-18T09:05:38+00:00\",\"dateModified\":\"2021-03-14T19:04:46+00:00\",\"description\":\"Nous vous invitons \u00e0 participer \u00e0 cette visite priv\u00e9e de la lagune de Coyuca au d\u00e9part d'Acapulco afin que vous puissiez vivre une v\u00e9ritable aventure dans la faune.\",\"breadcrumb\":{\"@id\":\"https:\/\/tourtravelandmore.com\/fr\/tours\/mexique-fr\/acapulco-fr\/visite-privee-de-la-lagune-de-coyuca\/#breadcrumb\"},\"inLanguage\":\"fr-FR\",\"potentialAction\":[{\"@type\":\"ReadAction\",\"target\":[\"https:\/\/tourtravelandmore.com\/fr\/tours\/mexique-fr\/acapulco-fr\/visite-privee-de-la-lagune-de-coyuca\/\"]}]},{\"@type\":\"ImageObject\",\"inLanguage\":\"fr-FR\",\"@id\":\"https:\/\/tourtravelandmore.com\/fr\/tours\/mexique-fr\/acapulco-fr\/visite-privee-de-la-lagune-de-coyuca\/#primaryimage\",\"url\":\"https:\/\/tourtravelandmore.com\/wp-content\/uploads\/2020\/12\/coyuca-2.jpg\",\"contentUrl\":\"https:\/\/tourtravelandmore.com\/wp-content\/uploads\/2020\/12\/coyuca-2.jpg\",\"width\":780,\"height\":521},{\"@type\":\"BreadcrumbList\",\"@id\":\"https:\/\/tourtravelandmore.com\/fr\/tours\/mexique-fr\/acapulco-fr\/visite-privee-de-la-lagune-de-coyuca\/#breadcrumb\",\"itemListElement\":[{\"@type\":\"ListItem\",\"position\":1,\"name\":\"Home\",\"item\":\"https:\/\/tourtravelandmore.com\/fr\/\"},{\"@type\":\"ListItem\",\"position\":2,\"name\":\"Tours\",\"item\":\"https:\/\/tourtravelandmore.com\/fr\/tours\/\"},{\"@type\":\"ListItem\",\"position\":3,\"name\":\"Visite priv\u00e9e de la lagune de Coyuca\"}]},{\"@type\":\"WebSite\",\"@id\":\"https:\/\/tourtravelandmore.com\/fr\/#website\",\"url\":\"https:\/\/tourtravelandmore.com\/fr\/\",\"name\":\"Tour Travel And More\",\"description\":\"Private sightseeing tours and luxury transfers in Spain\",\"publisher\":{\"@id\":\"https:\/\/tourtravelandmore.com\/fr\/#organization\"},\"potentialAction\":[{\"@type\":\"SearchAction\",\"target\":{\"@type\":\"EntryPoint\",\"urlTemplate\":\"https:\/\/tourtravelandmore.com\/fr\/?s={search_term_string}\"},\"query-input\":{\"@type\":\"PropertyValueSpecification\",\"valueRequired\":true,\"valueName\":\"search_term_string\"}}],\"inLanguage\":\"fr-FR\"},{\"@type\":\"Organization\",\"@id\":\"https:\/\/tourtravelandmore.com\/fr\/#organization\",\"name\":\"Tour Travel And More\",\"url\":\"https:\/\/tourtravelandmore.com\/fr\/\",\"logo\":{\"@type\":\"ImageObject\",\"inLanguage\":\"fr-FR\",\"@id\":\"https:\/\/tourtravelandmore.com\/fr\/#\/schema\/logo\/image\/\",\"url\":\"https:\/\/tourtravelandmore.com\/wp-content\/uploads\/2022\/12\/cropped-logo-cabecera-new.png\",\"contentUrl\":\"https:\/\/tourtravelandmore.com\/wp-content\/uploads\/2022\/12\/cropped-logo-cabecera-new.png\",\"width\":430,\"height\":61,\"caption\":\"Tour Travel And More\"},\"image\":{\"@id\":\"https:\/\/tourtravelandmore.com\/fr\/#\/schema\/logo\/image\/\"},\"sameAs\":[\"https:\/\/www.facebook.com\/tourtravelandmore\/\",\"https:\/\/x.com\/TourTravel_More\"]}]}<\/script>\n<!-- \/ Yoast SEO Premium plugin. -->","yoast_head_json":{"title":"Visite priv\u00e9e de la lagune de Coyuca au d\u00e9part d'Acapulco avec une \u00e9quipe locale","description":"Nous vous invitons \u00e0 participer \u00e0 cette visite priv\u00e9e de la lagune de Coyuca au d\u00e9part d'Acapulco afin que vous puissiez vivre une v\u00e9ritable aventure dans la faune.","robots":{"index":"index","follow":"follow","max-snippet":"max-snippet:-1","max-image-preview":"max-image-preview:large","max-video-preview":"max-video-preview:-1"},"canonical":"https:\/\/tourtravelandmore.com\/fr\/tours\/mexique-fr\/acapulco-fr\/visite-privee-de-la-lagune-de-coyuca\/","og_locale":"fr_FR","og_type":"article","og_title":"Visite priv\u00e9e de la lagune de Coyuca","og_description":"Nous vous invitons \u00e0 participer \u00e0 cette visite priv\u00e9e de la lagune de Coyuca au d\u00e9part d'Acapulco afin que vous puissiez vivre une v\u00e9ritable aventure dans la faune.","og_url":"https:\/\/tourtravelandmore.com\/fr\/tours\/mexique-fr\/acapulco-fr\/visite-privee-de-la-lagune-de-coyuca\/","og_site_name":"Tour Travel And More","article_publisher":"https:\/\/www.facebook.com\/tourtravelandmore\/","article_modified_time":"2021-03-14T19:04:46+00:00","og_image":[{"width":780,"height":521,"url":"https:\/\/tourtravelandmore.com\/wp-content\/uploads\/2020\/12\/coyuca-2.jpg","type":"image\/jpeg"}],"twitter_card":"summary_large_image","twitter_site":"@TourTravel_More","twitter_misc":{"Dur\u00e9e de lecture estim\u00e9e":"2 minutes"},"schema":{"@context":"https:\/\/schema.org","@graph":[{"@type":"WebPage","@id":"https:\/\/tourtravelandmore.com\/fr\/tours\/mexique-fr\/acapulco-fr\/visite-privee-de-la-lagune-de-coyuca\/","url":"https:\/\/tourtravelandmore.com\/fr\/tours\/mexique-fr\/acapulco-fr\/visite-privee-de-la-lagune-de-coyuca\/","name":"Visite priv\u00e9e de la lagune de Coyuca au d\u00e9part d'Acapulco avec une \u00e9quipe locale","isPartOf":{"@id":"https:\/\/tourtravelandmore.com\/fr\/#website"},"primaryImageOfPage":{"@id":"https:\/\/tourtravelandmore.com\/fr\/tours\/mexique-fr\/acapulco-fr\/visite-privee-de-la-lagune-de-coyuca\/#primaryimage"},"image":{"@id":"https:\/\/tourtravelandmore.com\/fr\/tours\/mexique-fr\/acapulco-fr\/visite-privee-de-la-lagune-de-coyuca\/#primaryimage"},"thumbnailUrl":"https:\/\/tourtravelandmore.com\/wp-content\/uploads\/2020\/12\/coyuca-2.jpg","datePublished":"2020-12-18T09:05:38+00:00","dateModified":"2021-03-14T19:04:46+00:00","description":"Nous vous invitons \u00e0 participer \u00e0 cette visite priv\u00e9e de la lagune de Coyuca au d\u00e9part d'Acapulco afin que vous puissiez vivre une v\u00e9ritable aventure dans la faune.","breadcrumb":{"@id":"https:\/\/tourtravelandmore.com\/fr\/tours\/mexique-fr\/acapulco-fr\/visite-privee-de-la-lagune-de-coyuca\/#breadcrumb"},"inLanguage":"fr-FR","potentialAction":[{"@type":"ReadAction","target":["https:\/\/tourtravelandmore.com\/fr\/tours\/mexique-fr\/acapulco-fr\/visite-privee-de-la-lagune-de-coyuca\/"]}]},{"@type":"ImageObject","inLanguage":"fr-FR","@id":"https:\/\/tourtravelandmore.com\/fr\/tours\/mexique-fr\/acapulco-fr\/visite-privee-de-la-lagune-de-coyuca\/#primaryimage","url":"https:\/\/tourtravelandmore.com\/wp-content\/uploads\/2020\/12\/coyuca-2.jpg","contentUrl":"https:\/\/tourtravelandmore.com\/wp-content\/uploads\/2020\/12\/coyuca-2.jpg","width":780,"height":521},{"@type":"BreadcrumbList","@id":"https:\/\/tourtravelandmore.com\/fr\/tours\/mexique-fr\/acapulco-fr\/visite-privee-de-la-lagune-de-coyuca\/#breadcrumb","itemListElement":[{"@type":"ListItem","position":1,"name":"Home","item":"https:\/\/tourtravelandmore.com\/fr\/"},{"@type":"ListItem","position":2,"name":"Tours","item":"https:\/\/tourtravelandmore.com\/fr\/tours\/"},{"@type":"ListItem","position":3,"name":"Visite priv\u00e9e de la lagune de Coyuca"}]},{"@type":"WebSite","@id":"https:\/\/tourtravelandmore.com\/fr\/#website","url":"https:\/\/tourtravelandmore.com\/fr\/","name":"Tour Travel And More","description":"Private sightseeing tours and luxury transfers in Spain","publisher":{"@id":"https:\/\/tourtravelandmore.com\/fr\/#organization"},"potentialAction":[{"@type":"SearchAction","target":{"@type":"EntryPoint","urlTemplate":"https:\/\/tourtravelandmore.com\/fr\/?s={search_term_string}"},"query-input":{"@type":"PropertyValueSpecification","valueRequired":true,"valueName":"search_term_string"}}],"inLanguage":"fr-FR"},{"@type":"Organization","@id":"https:\/\/tourtravelandmore.com\/fr\/#organization","name":"Tour Travel And More","url":"https:\/\/tourtravelandmore.com\/fr\/","logo":{"@type":"ImageObject","inLanguage":"fr-FR","@id":"https:\/\/tourtravelandmore.com\/fr\/#\/schema\/logo\/image\/","url":"https:\/\/tourtravelandmore.com\/wp-content\/uploads\/2022\/12\/cropped-logo-cabecera-new.png","contentUrl":"https:\/\/tourtravelandmore.com\/wp-content\/uploads\/2022\/12\/cropped-logo-cabecera-new.png","width":430,"height":61,"caption":"Tour Travel And More"},"image":{"@id":"https:\/\/tourtravelandmore.com\/fr\/#\/schema\/logo\/image\/"},"sameAs":["https:\/\/www.facebook.com\/tourtravelandmore\/","https:\/\/x.com\/TourTravel_More"]}]}},"_links":{"self":[{"href":"https:\/\/tourtravelandmore.com\/fr\/wp-json\/wp\/v2\/product\/103026","targetHints":{"allow":["GET"]}}],"collection":[{"href":"https:\/\/tourtravelandmore.com\/fr\/wp-json\/wp\/v2\/product"}],"about":[{"href":"https:\/\/tourtravelandmore.com\/fr\/wp-json\/wp\/v2\/types\/product"}],"replies":[{"embeddable":true,"href":"https:\/\/tourtravelandmore.com\/fr\/wp-json\/wp\/v2\/comments?post=103026"}],"wp:featuredmedia":[{"embeddable":true,"href":"https:\/\/tourtravelandmore.com\/fr\/wp-json\/wp\/v2\/media\/90084"}],"wp:attachment":[{"href":"https:\/\/tourtravelandmore.com\/fr\/wp-json\/wp\/v2\/media?parent=103026"}],"wp:term":[{"taxonomy":"product_brand","embeddable":true,"href":"https:\/\/tourtravelandmore.com\/fr\/wp-json\/wp\/v2\/product_brand?post=103026"},{"taxonomy":"product_cat","embeddable":true,"href":"https:\/\/tourtravelandmore.com\/fr\/wp-json\/wp\/v2\/product_cat?post=103026"},{"taxonomy":"product_tag","embeddable":true,"href":"https:\/\/tourtravelandmore.com\/fr\/wp-json\/wp\/v2\/product_tag?post=103026"}],"curies":[{"name":"wp","href":"https:\/\/api.w.org\/{rel}","templated":true}]}}