{"id":103018,"date":"2020-12-17T11:04:02","date_gmt":"2020-12-17T10:04:02","guid":{"rendered":"https:\/\/tourtravelandmore.com\/tours\/non%20class\u00e9\/visite-privee-de-taxco-au-depart-dacapulco\/"},"modified":"2021-03-14T20:01:35","modified_gmt":"2021-03-14T19:01:35","slug":"visite-privee-de-taxco-au-depart-dacapulco","status":"publish","type":"product","link":"https:\/\/tourtravelandmore.com\/fr\/tours\/mexique-fr\/acapulco-fr\/visite-privee-de-taxco-au-depart-dacapulco\/","title":{"rendered":"Visite priv\u00e9e de Taxco au d\u00e9part d&#8217;Acapulco"},"content":{"rendered":"<h2>Description<\/h2>\n<p>Si vous avez d\u00e9j\u00e0 tout vu \u00e0 Acapulco et que vous en voulez toujours plus, nous vous invitons \u00e0 participer \u00e0 cette visite priv\u00e9e de Taxco au d\u00e9part d&#8217;Acapulco. Soyez pr\u00eat pour une excursion d&#8217;une journ\u00e9e compl\u00e8te dans une ville mexicaine c\u00e9l\u00e8bre pour son architecture coloniale espagnole. Vous serez accompagn\u00e9 d&#8217;un guide officiel et d&#8217;un chauffeur priv\u00e9.<\/p>\n<p>Cette visite priv\u00e9e a une dur\u00e9e totale de 12 heures entre le moment de la prise en charge et le moment du d\u00e9p\u00f4t. Comme vous le savez peut-\u00eatre, comme il s&#8217;agit d&#8217;une visite personnalis\u00e9e, nous pouvons organiser une prise en charge \u00e0 un lieu de votre choix \u00e0 Acapulco.<\/p>\n<p>Taxco de Alarc\u00f3n est une municipalit\u00e9 de l&#8217;\u00c9tat de Guerrero, au sud-ouest de Mexico. Cette ville pittoresque est tr\u00e8s connue en raison de son architecture coloniale espagnole unique et de ses bijouteries en argent. Ici, le patrimoine azt\u00e8que et espagnol converge, faisant de cette belle ville une destination unique.<\/p>\n<p>Nous vous invitons \u00e0 cette visite priv\u00e9e de Taxco au d\u00e9part d&#8217;Acapulco afin de conna\u00eetre l&#8217;autre c\u00f4t\u00e9 de l&#8217;histoire mexicaine. \u00c9loignez-vous de l&#8217;oc\u00e9an et des plages le temps d&#8217;une journ\u00e9e et admirez une ville pas comme les autres.<\/p>\n<h2>Sites d&#8217;int\u00e9r\u00eat et monuments<\/h2>\n<p>Votre premier contact avec Tour Travel &amp; More, se fera dans le hall de votre h\u00f4tel ou lieu de votre choix. Le trajet d&#8217;Acapulco \u00e0 Taxco dure environ 3 heures et 30 minutes et le m\u00eame retour.<\/p>\n<p>Cette visite priv\u00e9e vous permettra de vous promener dans ses rues entour\u00e9es de b\u00e2timents et monuments historiques, c&#8217;est un voyage dans le temps r\u00e9el!.<\/p>\n<p>Au cours de cette excursion d&#8217;une journ\u00e9e, vous pourrez visiter:<\/p>\n<ul>\n<li>\u00c9glise Santa Prisca: tr\u00e8s connue pour son style baroque.<\/li>\n<li>Bijouteries<\/li>\n<li>Mus\u00e9e d&#8217;anthropologie<\/li>\n<li>Le Christ au sommet: \u00e0 partir d&#8217;ici, vous pourrez admirer une belle vue panoramique sur Taxco<\/li>\n<li>Mus\u00e9e &#8220;Casa Humboldt&#8221;<\/li>\n<li>L&#8217;ex hacienda de San Juan Bautista: l&#8217;une des rares constructions qui ont le style m\u00e9di\u00e9val.<\/li>\n<li>et beaucoup plus!<\/li>\n<\/ul>\n<p>Le long de la journ\u00e9e, vous ferez une halte pour d\u00e9jeuner dans un restaurant typique de la ville. Si vous pr\u00e9f\u00e9rez, nous pouvons faire une r\u00e9servation juste pour vous et votre groupe.<\/p>\n<p>\u00c0 la fin de la visite, votre chauffeur priv\u00e9 et votre guide officiel vous ram\u00e8neront \u00e0 votre h\u00f4tel \u00e0 Acapulco.<\/p>\n<p>Ici vous pouvez trouver toutes nos visites priv\u00e9es et exp\u00e9riences dans et depuis Acapulco, jetez un \u0153il !.<\/p>\n<p><button style=\"width: auto; height: auto; background-image: url('data:image\/png;base64,iVBORw0KGgoAAAANSUhEUgAAADAAAAAwCAYAAABXAvmHAAABS2lUWHRYTUw6Y29tLmFkb2JlLnhtcAAAAAAAPD94cGFja2V0IGJlZ2luPSLvu78iIGlkPSJXNU0wTXBDZWhpSHpyZVN6TlRjemtjOWQiPz4KPHg6eG1wbWV0YSB4bWxuczp4PSJhZG9iZTpuczptZXRhLyIgeDp4bXB0az0iQWRvYmUgWE1QIENvcmUgNS42LWMxMzggNzkuMTU5ODI0LCAyMDE2LzA5LzE0LTAxOjA5OjAxICAgICAgICAiPgogPHJkZjpSREYgeG1sbnM6cmRmPSJodHRwOi8vd3d3LnczLm9yZy8xOTk5LzAyLzIyLXJkZi1zeW50YXgtbnMjIj4KICA8cmRmOkRlc2NyaXB0aW9uIHJkZjphYm91dD0iIi8+CiA8L3JkZjpSREY+CjwveDp4bXBtZXRhPgo8P3hwYWNrZXQgZW5kPSJyIj8+IEmuOgAAAx5JREFUaIHtmj1L81wYx39JI75AbYtgBTFTRdQGXV2cxMlPICjiakHE0cVJB5FO4uLgN1AnZ\/0EgoLQtd6tL6hJIwia9DzDg6Wxpcb7hMTe+INCz+t1\/TnJuU7OOYoQ4g8Qpz2xFSGEiNoLGVTAjtoJCWw1ag9k0eoTQgg2NzcplUp0dHRE5VNTHMdB0zTy+TydnZ21fI8Ay7K4vr4ml8uRSqVCd7IVQgjW19cpFAoYhlHLbxiBTCbD9PR06A76YXx8HNd1PXmed0BRFBzHwTTNUB3zy\/v7O7FYzJPX9i\/xr4Co0b6u0prj42Pu7u5a1unp6UHXdSYmJkgmk7ImPUgLWFlZoVQq+aqbSCSYn59ne3ubRCIhaxoI4BHSdd13Xcuy2N\/fxzCML0fNL9IjoChK7f\/p6Smjo6MNdWzb5vz8nI2NDUzTpFgsMjMzw+Xlpax5eQH1TE5OMjAw0LQsm80yNzdHNpvFtm2urq44PDxkaWlJymags9D9\/X3Lcl3X2dnZqaX39vakbYY+jS4uLtLV1QXAxcUFlUpFqr\/QBXR3d9Pf3w\/8v8J8fn6W6i90Aa7r8vT0BEAsFpOeTkMXcHJywsvLCwAjIyPSgS1QAb29vS3LHx4eyOVytfTy8rK0zUAFPD4+8vb25vm9vr5SLBY5ODjAMAzK5TIAQ0NDrK6uStsMNA7Mzs42rNfrn\/kP0uk0Z2dnaJq8+UAFfHb0M6qqsrCwwO7uLn19fYHYDFTA2tpa00isaRqDg4NMTU19a+3kh0AFbG1t1YJUWAT6EhcKhSC780Xbf5H9CoiaXwFRIy2gPng5jiPb3beRjgPDw8NYlgUQegyAAAQcHR3xccgTxNrmu0hbjMJpj32ZxkIITNOkWq16tlf8tlVVlWQy+e229UgLKJfLuK77VwI+PikjE6CqKmNjYzJdSPPvxQFVVT2HaD8JVVX5fKzdcEZWLpe5vb39cYd8ADc3Nw1nZB4B8XicdDpNPp+PJCi1wnEcUqkUmUzGk68IISp8uitRqVSoVqth+ueLJntIdtNZ6Kv9nZ9E21\/20IASbXzd5j\/MIQu2KoJrJwAAAABJRU5ErkJggg=='); background-size: 14px 14px; background-color: #000000; position: absolute; opacity: 1; z-index: 86753099; display: none; cursor: pointer; border: none; border-top-left-radius: 3px; border-top-right-radius: 3px; border-bottom-right-radius: 3px; border-bottom-left-radius: 3px; text-indent: 20px; padding: 0px 4px 0px 0px; text-align: center; font-style: normal; font-variant-caps: normal; font-weight: bold; font-stretch: normal; font-size: 11px; line-height: 20px; font-family: 'Helvetica Neue', Helvetica, sans-serif; color: #ffffff; text-transform: capitalize; -webkit-font-smoothing: antialiased; top: 1397px; left: 563px; background-position: 3px 50%; background-repeat: no-repeat no-repeat;\">plan it<\/button><\/p>\n","protected":false},"excerpt":{"rendered":"<p>Profitez au maximum de votre s\u00e9jour au Mexique et venez avec nous lors de cette visite priv\u00e9e de Taxco au d\u00e9part d&#8217;Acapulco. Vous voyagerez confortablement dans un v\u00e9hicule de luxe priv\u00e9 avec chauffeur et guide professionnel.<\/p>\n","protected":false},"featured_media":90010,"comment_status":"open","ping_status":"closed","template":"","meta":{"_acf_changed":false},"product_brand":[],"product_cat":[3727,3816],"product_tag":[],"class_list":{"0":"post-103018","1":"product","2":"type-product","3":"status-publish","4":"has-post-thumbnail","6":"product_cat-mexique-fr","7":"product_cat-acapulco-fr","9":"first","10":"instock","11":"shipping-taxable","12":"purchasable","13":"product-type-simple"},"acf":[],"yoast_head":"<!-- This site is optimized with the Yoast SEO Premium plugin v25.3.1 (Yoast SEO v25.3.1) - https:\/\/yoast.com\/wordpress\/plugins\/seo\/ -->\n<title>Visite priv\u00e9e de Taxco au d\u00e9part d&#039;Acapulco avec un guide local et un chauffeur priv\u00e9<\/title>\n<meta name=\"description\" content=\"Voyagez dans le temps avec notre visite priv\u00e9e de Taxco au d\u00e9part d&#039;Acapulco et obtenez la chance de visiter une ville incroyable avec une histoire incroyable.\" \/>\n<meta name=\"robots\" content=\"index, follow, max-snippet:-1, max-image-preview:large, max-video-preview:-1\" \/>\n<link rel=\"canonical\" href=\"https:\/\/tourtravelandmore.com\/fr\/tours\/mexique-fr\/acapulco-fr\/visite-privee-de-taxco-au-depart-dacapulco\/\" \/>\n<meta property=\"og:locale\" content=\"fr_FR\" \/>\n<meta property=\"og:type\" content=\"article\" \/>\n<meta property=\"og:title\" content=\"Visite priv\u00e9e de Taxco au d\u00e9part d&#039;Acapulco\" \/>\n<meta property=\"og:description\" content=\"Voyagez dans le temps avec notre visite priv\u00e9e de Taxco au d\u00e9part d&#039;Acapulco et obtenez la chance de visiter une ville incroyable avec une histoire incroyable.\" \/>\n<meta property=\"og:url\" content=\"https:\/\/tourtravelandmore.com\/fr\/tours\/mexique-fr\/acapulco-fr\/visite-privee-de-taxco-au-depart-dacapulco\/\" \/>\n<meta property=\"og:site_name\" content=\"Tour Travel And More\" \/>\n<meta property=\"article:publisher\" content=\"https:\/\/www.facebook.com\/tourtravelandmore\/\" \/>\n<meta property=\"article:modified_time\" content=\"2021-03-14T19:01:35+00:00\" \/>\n<meta property=\"og:image\" content=\"https:\/\/tourtravelandmore.com\/wp-content\/uploads\/2020\/12\/taxco-1.jpg\" \/>\n\t<meta property=\"og:image:width\" content=\"940\" \/>\n\t<meta property=\"og:image:height\" content=\"628\" \/>\n\t<meta property=\"og:image:type\" content=\"image\/jpeg\" \/>\n<meta name=\"twitter:card\" content=\"summary_large_image\" \/>\n<meta name=\"twitter:site\" content=\"@TourTravel_More\" \/>\n<meta name=\"twitter:label1\" content=\"Dur\u00e9e de lecture estim\u00e9e\" \/>\n\t<meta name=\"twitter:data1\" content=\"2 minutes\" \/>\n<script type=\"application\/ld+json\" class=\"yoast-schema-graph\">{\"@context\":\"https:\/\/schema.org\",\"@graph\":[{\"@type\":\"WebPage\",\"@id\":\"https:\/\/tourtravelandmore.com\/fr\/tours\/mexique-fr\/acapulco-fr\/visite-privee-de-taxco-au-depart-dacapulco\/\",\"url\":\"https:\/\/tourtravelandmore.com\/fr\/tours\/mexique-fr\/acapulco-fr\/visite-privee-de-taxco-au-depart-dacapulco\/\",\"name\":\"Visite priv\u00e9e de Taxco au d\u00e9part d'Acapulco avec un guide local et un chauffeur priv\u00e9\",\"isPartOf\":{\"@id\":\"https:\/\/tourtravelandmore.com\/fr\/#website\"},\"primaryImageOfPage\":{\"@id\":\"https:\/\/tourtravelandmore.com\/fr\/tours\/mexique-fr\/acapulco-fr\/visite-privee-de-taxco-au-depart-dacapulco\/#primaryimage\"},\"image\":{\"@id\":\"https:\/\/tourtravelandmore.com\/fr\/tours\/mexique-fr\/acapulco-fr\/visite-privee-de-taxco-au-depart-dacapulco\/#primaryimage\"},\"thumbnailUrl\":\"https:\/\/tourtravelandmore.com\/wp-content\/uploads\/2020\/12\/taxco-1.jpg\",\"datePublished\":\"2020-12-17T10:04:02+00:00\",\"dateModified\":\"2021-03-14T19:01:35+00:00\",\"description\":\"Voyagez dans le temps avec notre visite priv\u00e9e de Taxco au d\u00e9part d'Acapulco et obtenez la chance de visiter une ville incroyable avec une histoire incroyable.\",\"breadcrumb\":{\"@id\":\"https:\/\/tourtravelandmore.com\/fr\/tours\/mexique-fr\/acapulco-fr\/visite-privee-de-taxco-au-depart-dacapulco\/#breadcrumb\"},\"inLanguage\":\"fr-FR\",\"potentialAction\":[{\"@type\":\"ReadAction\",\"target\":[\"https:\/\/tourtravelandmore.com\/fr\/tours\/mexique-fr\/acapulco-fr\/visite-privee-de-taxco-au-depart-dacapulco\/\"]}]},{\"@type\":\"ImageObject\",\"inLanguage\":\"fr-FR\",\"@id\":\"https:\/\/tourtravelandmore.com\/fr\/tours\/mexique-fr\/acapulco-fr\/visite-privee-de-taxco-au-depart-dacapulco\/#primaryimage\",\"url\":\"https:\/\/tourtravelandmore.com\/wp-content\/uploads\/2020\/12\/taxco-1.jpg\",\"contentUrl\":\"https:\/\/tourtravelandmore.com\/wp-content\/uploads\/2020\/12\/taxco-1.jpg\",\"width\":940,\"height\":628},{\"@type\":\"BreadcrumbList\",\"@id\":\"https:\/\/tourtravelandmore.com\/fr\/tours\/mexique-fr\/acapulco-fr\/visite-privee-de-taxco-au-depart-dacapulco\/#breadcrumb\",\"itemListElement\":[{\"@type\":\"ListItem\",\"position\":1,\"name\":\"Home\",\"item\":\"https:\/\/tourtravelandmore.com\/fr\/\"},{\"@type\":\"ListItem\",\"position\":2,\"name\":\"Tours\",\"item\":\"https:\/\/tourtravelandmore.com\/fr\/tours\/\"},{\"@type\":\"ListItem\",\"position\":3,\"name\":\"Visite priv\u00e9e de Taxco au d\u00e9part d&rsquo;Acapulco\"}]},{\"@type\":\"WebSite\",\"@id\":\"https:\/\/tourtravelandmore.com\/fr\/#website\",\"url\":\"https:\/\/tourtravelandmore.com\/fr\/\",\"name\":\"Tour Travel And More\",\"description\":\"Private sightseeing tours and luxury transfers in Spain\",\"publisher\":{\"@id\":\"https:\/\/tourtravelandmore.com\/fr\/#organization\"},\"potentialAction\":[{\"@type\":\"SearchAction\",\"target\":{\"@type\":\"EntryPoint\",\"urlTemplate\":\"https:\/\/tourtravelandmore.com\/fr\/?s={search_term_string}\"},\"query-input\":{\"@type\":\"PropertyValueSpecification\",\"valueRequired\":true,\"valueName\":\"search_term_string\"}}],\"inLanguage\":\"fr-FR\"},{\"@type\":\"Organization\",\"@id\":\"https:\/\/tourtravelandmore.com\/fr\/#organization\",\"name\":\"Tour Travel And More\",\"url\":\"https:\/\/tourtravelandmore.com\/fr\/\",\"logo\":{\"@type\":\"ImageObject\",\"inLanguage\":\"fr-FR\",\"@id\":\"https:\/\/tourtravelandmore.com\/fr\/#\/schema\/logo\/image\/\",\"url\":\"https:\/\/tourtravelandmore.com\/wp-content\/uploads\/2022\/12\/cropped-logo-cabecera-new.png\",\"contentUrl\":\"https:\/\/tourtravelandmore.com\/wp-content\/uploads\/2022\/12\/cropped-logo-cabecera-new.png\",\"width\":430,\"height\":61,\"caption\":\"Tour Travel And More\"},\"image\":{\"@id\":\"https:\/\/tourtravelandmore.com\/fr\/#\/schema\/logo\/image\/\"},\"sameAs\":[\"https:\/\/www.facebook.com\/tourtravelandmore\/\",\"https:\/\/x.com\/TourTravel_More\"]}]}<\/script>\n<!-- \/ Yoast SEO Premium plugin. -->","yoast_head_json":{"title":"Visite priv\u00e9e de Taxco au d\u00e9part d'Acapulco avec un guide local et un chauffeur priv\u00e9","description":"Voyagez dans le temps avec notre visite priv\u00e9e de Taxco au d\u00e9part d'Acapulco et obtenez la chance de visiter une ville incroyable avec une histoire incroyable.","robots":{"index":"index","follow":"follow","max-snippet":"max-snippet:-1","max-image-preview":"max-image-preview:large","max-video-preview":"max-video-preview:-1"},"canonical":"https:\/\/tourtravelandmore.com\/fr\/tours\/mexique-fr\/acapulco-fr\/visite-privee-de-taxco-au-depart-dacapulco\/","og_locale":"fr_FR","og_type":"article","og_title":"Visite priv\u00e9e de Taxco au d\u00e9part d'Acapulco","og_description":"Voyagez dans le temps avec notre visite priv\u00e9e de Taxco au d\u00e9part d'Acapulco et obtenez la chance de visiter une ville incroyable avec une histoire incroyable.","og_url":"https:\/\/tourtravelandmore.com\/fr\/tours\/mexique-fr\/acapulco-fr\/visite-privee-de-taxco-au-depart-dacapulco\/","og_site_name":"Tour Travel And More","article_publisher":"https:\/\/www.facebook.com\/tourtravelandmore\/","article_modified_time":"2021-03-14T19:01:35+00:00","og_image":[{"width":940,"height":628,"url":"https:\/\/tourtravelandmore.com\/wp-content\/uploads\/2020\/12\/taxco-1.jpg","type":"image\/jpeg"}],"twitter_card":"summary_large_image","twitter_site":"@TourTravel_More","twitter_misc":{"Dur\u00e9e de lecture estim\u00e9e":"2 minutes"},"schema":{"@context":"https:\/\/schema.org","@graph":[{"@type":"WebPage","@id":"https:\/\/tourtravelandmore.com\/fr\/tours\/mexique-fr\/acapulco-fr\/visite-privee-de-taxco-au-depart-dacapulco\/","url":"https:\/\/tourtravelandmore.com\/fr\/tours\/mexique-fr\/acapulco-fr\/visite-privee-de-taxco-au-depart-dacapulco\/","name":"Visite priv\u00e9e de Taxco au d\u00e9part d'Acapulco avec un guide local et un chauffeur priv\u00e9","isPartOf":{"@id":"https:\/\/tourtravelandmore.com\/fr\/#website"},"primaryImageOfPage":{"@id":"https:\/\/tourtravelandmore.com\/fr\/tours\/mexique-fr\/acapulco-fr\/visite-privee-de-taxco-au-depart-dacapulco\/#primaryimage"},"image":{"@id":"https:\/\/tourtravelandmore.com\/fr\/tours\/mexique-fr\/acapulco-fr\/visite-privee-de-taxco-au-depart-dacapulco\/#primaryimage"},"thumbnailUrl":"https:\/\/tourtravelandmore.com\/wp-content\/uploads\/2020\/12\/taxco-1.jpg","datePublished":"2020-12-17T10:04:02+00:00","dateModified":"2021-03-14T19:01:35+00:00","description":"Voyagez dans le temps avec notre visite priv\u00e9e de Taxco au d\u00e9part d'Acapulco et obtenez la chance de visiter une ville incroyable avec une histoire incroyable.","breadcrumb":{"@id":"https:\/\/tourtravelandmore.com\/fr\/tours\/mexique-fr\/acapulco-fr\/visite-privee-de-taxco-au-depart-dacapulco\/#breadcrumb"},"inLanguage":"fr-FR","potentialAction":[{"@type":"ReadAction","target":["https:\/\/tourtravelandmore.com\/fr\/tours\/mexique-fr\/acapulco-fr\/visite-privee-de-taxco-au-depart-dacapulco\/"]}]},{"@type":"ImageObject","inLanguage":"fr-FR","@id":"https:\/\/tourtravelandmore.com\/fr\/tours\/mexique-fr\/acapulco-fr\/visite-privee-de-taxco-au-depart-dacapulco\/#primaryimage","url":"https:\/\/tourtravelandmore.com\/wp-content\/uploads\/2020\/12\/taxco-1.jpg","contentUrl":"https:\/\/tourtravelandmore.com\/wp-content\/uploads\/2020\/12\/taxco-1.jpg","width":940,"height":628},{"@type":"BreadcrumbList","@id":"https:\/\/tourtravelandmore.com\/fr\/tours\/mexique-fr\/acapulco-fr\/visite-privee-de-taxco-au-depart-dacapulco\/#breadcrumb","itemListElement":[{"@type":"ListItem","position":1,"name":"Home","item":"https:\/\/tourtravelandmore.com\/fr\/"},{"@type":"ListItem","position":2,"name":"Tours","item":"https:\/\/tourtravelandmore.com\/fr\/tours\/"},{"@type":"ListItem","position":3,"name":"Visite priv\u00e9e de Taxco au d\u00e9part d&rsquo;Acapulco"}]},{"@type":"WebSite","@id":"https:\/\/tourtravelandmore.com\/fr\/#website","url":"https:\/\/tourtravelandmore.com\/fr\/","name":"Tour Travel And More","description":"Private sightseeing tours and luxury transfers in Spain","publisher":{"@id":"https:\/\/tourtravelandmore.com\/fr\/#organization"},"potentialAction":[{"@type":"SearchAction","target":{"@type":"EntryPoint","urlTemplate":"https:\/\/tourtravelandmore.com\/fr\/?s={search_term_string}"},"query-input":{"@type":"PropertyValueSpecification","valueRequired":true,"valueName":"search_term_string"}}],"inLanguage":"fr-FR"},{"@type":"Organization","@id":"https:\/\/tourtravelandmore.com\/fr\/#organization","name":"Tour Travel And More","url":"https:\/\/tourtravelandmore.com\/fr\/","logo":{"@type":"ImageObject","inLanguage":"fr-FR","@id":"https:\/\/tourtravelandmore.com\/fr\/#\/schema\/logo\/image\/","url":"https:\/\/tourtravelandmore.com\/wp-content\/uploads\/2022\/12\/cropped-logo-cabecera-new.png","contentUrl":"https:\/\/tourtravelandmore.com\/wp-content\/uploads\/2022\/12\/cropped-logo-cabecera-new.png","width":430,"height":61,"caption":"Tour Travel And More"},"image":{"@id":"https:\/\/tourtravelandmore.com\/fr\/#\/schema\/logo\/image\/"},"sameAs":["https:\/\/www.facebook.com\/tourtravelandmore\/","https:\/\/x.com\/TourTravel_More"]}]}},"_links":{"self":[{"href":"https:\/\/tourtravelandmore.com\/fr\/wp-json\/wp\/v2\/product\/103018","targetHints":{"allow":["GET"]}}],"collection":[{"href":"https:\/\/tourtravelandmore.com\/fr\/wp-json\/wp\/v2\/product"}],"about":[{"href":"https:\/\/tourtravelandmore.com\/fr\/wp-json\/wp\/v2\/types\/product"}],"replies":[{"embeddable":true,"href":"https:\/\/tourtravelandmore.com\/fr\/wp-json\/wp\/v2\/comments?post=103018"}],"wp:featuredmedia":[{"embeddable":true,"href":"https:\/\/tourtravelandmore.com\/fr\/wp-json\/wp\/v2\/media\/90010"}],"wp:attachment":[{"href":"https:\/\/tourtravelandmore.com\/fr\/wp-json\/wp\/v2\/media?parent=103018"}],"wp:term":[{"taxonomy":"product_brand","embeddable":true,"href":"https:\/\/tourtravelandmore.com\/fr\/wp-json\/wp\/v2\/product_brand?post=103018"},{"taxonomy":"product_cat","embeddable":true,"href":"https:\/\/tourtravelandmore.com\/fr\/wp-json\/wp\/v2\/product_cat?post=103018"},{"taxonomy":"product_tag","embeddable":true,"href":"https:\/\/tourtravelandmore.com\/fr\/wp-json\/wp\/v2\/product_tag?post=103018"}],"curies":[{"name":"wp","href":"https:\/\/api.w.org\/{rel}","templated":true}]}}