{"id":102992,"date":"2021-01-05T09:25:12","date_gmt":"2021-01-05T08:25:12","guid":{"rendered":"https:\/\/tourtravelandmore.com\/tours\/non%20class\u00e9\/visite-privee-de-cozumel-au-depart-de-la-riviera-maya\/"},"modified":"2021-03-12T12:23:22","modified_gmt":"2021-03-12T11:23:22","slug":"visite-privee-de-cozumel-au-depart-de-la-riviera-maya","status":"publish","type":"product","link":"https:\/\/tourtravelandmore.com\/fr\/tours\/mexique-fr\/cancun-fr\/visite-privee-de-cozumel-au-depart-de-la-riviera-maya\/","title":{"rendered":"Visite priv\u00e9e de Cozumel au d\u00e9part de la Riviera Maya"},"content":{"rendered":"<h2>Description<\/h2>\n<p>Profitez d&#8217;une excursion d&#8217;une journ\u00e9e sur l&#8217;une des \u00eeles les plus \u00e9tonnantes du Mexique. Tour Travel &amp; More vous invite \u00e0 cette visite priv\u00e9e de Cozumel au d\u00e9part de la Riviera Maya. Vous aurez \u00e0 votre enti\u00e8re disposition un chauffeur priv\u00e9 et un guide officiel sur l&#8217;\u00eele de Cozumel.<\/p>\n<p>Dans cette exp\u00e9rience priv\u00e9e, vous prendrez un ferry depuis le port de Playa del Carmen et vous rencontrerez votre \u00e9quipe professionnelle \u00e0 Cozumel. Dans le cas o\u00f9 vous pr\u00e9f\u00e9rez, nous pouvons \u00e9galement fournir un transfert priv\u00e9 de votre h\u00f4tel ou lieu de votre choix en P.C vers le port ou m\u00eame depuis Cancun ou Tulum. Il vous suffit de nous contacter et de mentionner tous les d\u00e9tails.<\/p>\n<p>Cozumel est une \u00eele mexicaine des Cara\u00efbes. Il poss\u00e8de un port tr\u00e8s important car c&#8217;est l\u00e0 que d\u00e9barquent de nombreux navires de croisi\u00e8re. Cette \u00eele est tr\u00e8s r\u00e9put\u00e9e pour ses sites de plong\u00e9e. Il re\u00e7oit des millions de touristes du monde entier au cours de l&#8217;ann\u00e9e car c&#8217;est un endroit id\u00e9al pour se d\u00e9tendre et passer vos vacances.<\/p>\n<p>Profitez d&#8217;une journ\u00e9e incroyable avec notre visite priv\u00e9e de Cozumel au d\u00e9part de la Riviera maya. Notre \u00e9quipe se fera un plaisir de vous aider.<\/p>\n<h2>Sites d&#8217;int\u00e9r\u00eat et monuments<\/h2>\n<p>Une fois que vous avez pris le ferry depuis Playa del Carmen, vous rencontrerez votre \u00e9quipe locale dans le port de Cozumel. Ils vous attendront avec une pancarte avec votre nom afin que vous puissiez les reconna\u00eetre facilement.<\/p>\n<p>Vous trouverez ci-dessous les lieux et sites que vous pourriez visiter lors de cette visite priv\u00e9e \u00e0 travers Cozumel:<\/p>\n<ul>\n<li>San Miguel de Cozumel: est la plus grande et principale ville de l&#8217;\u00eele<\/li>\n<li>South Point Eco Beach Park: c&#8217;est l&#8217;un des grands parcs \u00e9cologiques de l&#8217;\u00eele.<\/li>\n<li>Phare de Celarain: il a \u00e9t\u00e9 construit en 1901, puis il est devenu un mus\u00e9e.<\/li>\n<li>Plage paradisiaque<\/li>\n<li>Effet de levier<\/li>\n<li>Plage de San Francisco<\/li>\n<li>Money Beach: la plage pr\u00e9f\u00e9r\u00e9e pour la plong\u00e9e en apn\u00e9e<\/li>\n<li>March\u00e9 de Cozumel<\/li>\n<li>Cedral: c&#8217;est l&#8217;une des ruines mayas les plus embl\u00e9matiques et pleine de traditions<\/li>\n<li>et bien plus!<\/li>\n<\/ul>\n<p>L&#8217;itin\u00e9raire peut \u00eatre adapt\u00e9 \u00e0 ce que vous souhaitez visiter. Si vous avez quelque chose en t\u00eate, faites-le nous savoir et nous organiserons tout pour vous.<\/p>\n<p>Pendant la visite, vous ferez \u00e9galement une halte pour le d\u00e9jeuner et d\u00e9gusterez le plat typique de l&#8217;\u00eele.<\/p>\n<p>Enfin, \u00e0 la fin de la visite, votre chauffeur et guide priv\u00e9 vous ram\u00e8nera au port afin de prendre le ferry pour Playa del Carmen.<\/p>\n<p><button style=\"width: auto; height: auto; background-image: url('data:image\/png;base64,iVBORw0KGgoAAAANSUhEUgAAADAAAAAwCAYAAABXAvmHAAABS2lUWHRYTUw6Y29tLmFkb2JlLnhtcAAAAAAAPD94cGFja2V0IGJlZ2luPSLvu78iIGlkPSJXNU0wTXBDZWhpSHpyZVN6TlRjemtjOWQiPz4KPHg6eG1wbWV0YSB4bWxuczp4PSJhZG9iZTpuczptZXRhLyIgeDp4bXB0az0iQWRvYmUgWE1QIENvcmUgNS42LWMxMzggNzkuMTU5ODI0LCAyMDE2LzA5LzE0LTAxOjA5OjAxICAgICAgICAiPgogPHJkZjpSREYgeG1sbnM6cmRmPSJodHRwOi8vd3d3LnczLm9yZy8xOTk5LzAyLzIyLXJkZi1zeW50YXgtbnMjIj4KICA8cmRmOkRlc2NyaXB0aW9uIHJkZjphYm91dD0iIi8+CiA8L3JkZjpSREY+CjwveDp4bXBtZXRhPgo8P3hwYWNrZXQgZW5kPSJyIj8+IEmuOgAAAx5JREFUaIHtmj1L81wYx39JI75AbYtgBTFTRdQGXV2cxMlPICjiakHE0cVJB5FO4uLgN1AnZ\/0EgoLQtd6tL6hJIwia9DzDg6Wxpcb7hMTe+INCz+t1\/TnJuU7OOYoQ4g8Qpz2xFSGEiNoLGVTAjtoJCWw1ag9k0eoTQgg2NzcplUp0dHRE5VNTHMdB0zTy+TydnZ21fI8Ay7K4vr4ml8uRSqVCd7IVQgjW19cpFAoYhlHLbxiBTCbD9PR06A76YXx8HNd1PXmed0BRFBzHwTTNUB3zy\/v7O7FYzJPX9i\/xr4Co0b6u0prj42Pu7u5a1unp6UHXdSYmJkgmk7ImPUgLWFlZoVQq+aqbSCSYn59ne3ubRCIhaxoI4BHSdd13Xcuy2N\/fxzCML0fNL9IjoChK7f\/p6Smjo6MNdWzb5vz8nI2NDUzTpFgsMjMzw+Xlpax5eQH1TE5OMjAw0LQsm80yNzdHNpvFtm2urq44PDxkaWlJymags9D9\/X3Lcl3X2dnZqaX39vakbYY+jS4uLtLV1QXAxcUFlUpFqr\/QBXR3d9Pf3w\/8v8J8fn6W6i90Aa7r8vT0BEAsFpOeTkMXcHJywsvLCwAjIyPSgS1QAb29vS3LHx4eyOVytfTy8rK0zUAFPD4+8vb25vm9vr5SLBY5ODjAMAzK5TIAQ0NDrK6uStsMNA7Mzs42rNfrn\/kP0uk0Z2dnaJq8+UAFfHb0M6qqsrCwwO7uLn19fYHYDFTA2tpa00isaRqDg4NMTU19a+3kh0AFbG1t1YJUWAT6EhcKhSC780Xbf5H9CoiaXwFRIy2gPng5jiPb3beRjgPDw8NYlgUQegyAAAQcHR3xccgTxNrmu0hbjMJpj32ZxkIITNOkWq16tlf8tlVVlWQy+e229UgLKJfLuK77VwI+PikjE6CqKmNjYzJdSPPvxQFVVT2HaD8JVVX5fKzdcEZWLpe5vb39cYd8ADc3Nw1nZB4B8XicdDpNPp+PJCi1wnEcUqkUmUzGk68IISp8uitRqVSoVqth+ueLJntIdtNZ6Kv9nZ9E21\/20IASbXzd5j\/MIQu2KoJrJwAAAABJRU5ErkJggg=='); background-size: 14px 14px; background-color: #000000; position: absolute; opacity: 1; z-index: 86753099; display: none; cursor: pointer; border: none; border-top-left-radius: 3px; border-top-right-radius: 3px; border-bottom-right-radius: 3px; border-bottom-left-radius: 3px; text-indent: 20px; padding: 0px 4px 0px 0px; text-align: center; font-style: normal; font-variant-caps: normal; font-weight: bold; font-stretch: normal; font-size: 11px; line-height: 20px; font-family: 'Helvetica Neue', Helvetica, sans-serif; color: #ffffff; text-transform: capitalize; -webkit-font-smoothing: antialiased; top: 1397px; left: 563px; background-position: 3px 50%; background-repeat: no-repeat no-repeat;\">plan it<\/button><\/p>\n","protected":false},"excerpt":{"rendered":"<p>Profitez d&#8217;une journ\u00e9e incroyable sur une \u00eele paradisiaque avec notre visite priv\u00e9e de Cozumel au d\u00e9part de la Riviera maya avec un guide professionnel local.<\/p>\n","protected":false},"featured_media":89245,"comment_status":"open","ping_status":"closed","template":"","meta":{"_acf_changed":false},"product_brand":[],"product_cat":[3727,3811,3812,3813],"product_tag":[],"class_list":{"0":"post-102992","1":"product","2":"type-product","3":"status-publish","4":"has-post-thumbnail","6":"product_cat-mexique-fr","7":"product_cat-cancun-fr","8":"product_cat-playa-del-carmen-fr","9":"product_cat-tulum-fr","11":"first","12":"instock","13":"shipping-taxable","14":"purchasable","15":"product-type-simple"},"acf":[],"yoast_head":"<!-- This site is optimized with the Yoast SEO Premium plugin v25.3.1 (Yoast SEO v25.3.1) - https:\/\/yoast.com\/wordpress\/plugins\/seo\/ -->\n<title>Visite priv\u00e9e de Cozumel au d\u00e9part de la Riviera Maya avec une \u00e9quipe locale<\/title>\n<meta name=\"description\" content=\"Profitez d&#039;une journ\u00e9e incroyable sur une \u00eele paradisiaque avec notre visite priv\u00e9e de Cozumel au d\u00e9part de la Riviera maya avec un guide professionnel local.\" \/>\n<meta name=\"robots\" content=\"index, follow, max-snippet:-1, max-image-preview:large, max-video-preview:-1\" \/>\n<link rel=\"canonical\" href=\"https:\/\/tourtravelandmore.com\/fr\/tours\/mexique-fr\/cancun-fr\/visite-privee-de-cozumel-au-depart-de-la-riviera-maya\/\" \/>\n<meta property=\"og:locale\" content=\"fr_FR\" \/>\n<meta property=\"og:type\" content=\"article\" \/>\n<meta property=\"og:title\" content=\"Visite priv\u00e9e de Cozumel au d\u00e9part de la Riviera Maya\" \/>\n<meta property=\"og:description\" content=\"Profitez d&#039;une journ\u00e9e incroyable sur une \u00eele paradisiaque avec notre visite priv\u00e9e de Cozumel au d\u00e9part de la Riviera maya avec un guide professionnel local.\" \/>\n<meta property=\"og:url\" content=\"https:\/\/tourtravelandmore.com\/fr\/tours\/mexique-fr\/cancun-fr\/visite-privee-de-cozumel-au-depart-de-la-riviera-maya\/\" \/>\n<meta property=\"og:site_name\" content=\"Tour Travel And More\" \/>\n<meta property=\"article:publisher\" content=\"https:\/\/www.facebook.com\/tourtravelandmore\/\" \/>\n<meta property=\"article:modified_time\" content=\"2021-03-12T11:23:22+00:00\" \/>\n<meta property=\"og:image\" content=\"https:\/\/tourtravelandmore.com\/wp-content\/uploads\/2020\/12\/cozumel-4.jpg\" \/>\n\t<meta property=\"og:image:width\" content=\"1024\" \/>\n\t<meta property=\"og:image:height\" content=\"625\" \/>\n\t<meta property=\"og:image:type\" content=\"image\/jpeg\" \/>\n<meta name=\"twitter:card\" content=\"summary_large_image\" \/>\n<meta name=\"twitter:site\" content=\"@TourTravel_More\" \/>\n<meta name=\"twitter:label1\" content=\"Dur\u00e9e de lecture estim\u00e9e\" \/>\n\t<meta name=\"twitter:data1\" content=\"2 minutes\" \/>\n<script type=\"application\/ld+json\" class=\"yoast-schema-graph\">{\"@context\":\"https:\/\/schema.org\",\"@graph\":[{\"@type\":\"WebPage\",\"@id\":\"https:\/\/tourtravelandmore.com\/fr\/tours\/mexique-fr\/cancun-fr\/visite-privee-de-cozumel-au-depart-de-la-riviera-maya\/\",\"url\":\"https:\/\/tourtravelandmore.com\/fr\/tours\/mexique-fr\/cancun-fr\/visite-privee-de-cozumel-au-depart-de-la-riviera-maya\/\",\"name\":\"Visite priv\u00e9e de Cozumel au d\u00e9part de la Riviera Maya avec une \u00e9quipe locale\",\"isPartOf\":{\"@id\":\"https:\/\/tourtravelandmore.com\/fr\/#website\"},\"primaryImageOfPage\":{\"@id\":\"https:\/\/tourtravelandmore.com\/fr\/tours\/mexique-fr\/cancun-fr\/visite-privee-de-cozumel-au-depart-de-la-riviera-maya\/#primaryimage\"},\"image\":{\"@id\":\"https:\/\/tourtravelandmore.com\/fr\/tours\/mexique-fr\/cancun-fr\/visite-privee-de-cozumel-au-depart-de-la-riviera-maya\/#primaryimage\"},\"thumbnailUrl\":\"https:\/\/tourtravelandmore.com\/wp-content\/uploads\/2020\/12\/cozumel-4.jpg\",\"datePublished\":\"2021-01-05T08:25:12+00:00\",\"dateModified\":\"2021-03-12T11:23:22+00:00\",\"description\":\"Profitez d'une journ\u00e9e incroyable sur une \u00eele paradisiaque avec notre visite priv\u00e9e de Cozumel au d\u00e9part de la Riviera maya avec un guide professionnel local.\",\"breadcrumb\":{\"@id\":\"https:\/\/tourtravelandmore.com\/fr\/tours\/mexique-fr\/cancun-fr\/visite-privee-de-cozumel-au-depart-de-la-riviera-maya\/#breadcrumb\"},\"inLanguage\":\"fr-FR\",\"potentialAction\":[{\"@type\":\"ReadAction\",\"target\":[\"https:\/\/tourtravelandmore.com\/fr\/tours\/mexique-fr\/cancun-fr\/visite-privee-de-cozumel-au-depart-de-la-riviera-maya\/\"]}]},{\"@type\":\"ImageObject\",\"inLanguage\":\"fr-FR\",\"@id\":\"https:\/\/tourtravelandmore.com\/fr\/tours\/mexique-fr\/cancun-fr\/visite-privee-de-cozumel-au-depart-de-la-riviera-maya\/#primaryimage\",\"url\":\"https:\/\/tourtravelandmore.com\/wp-content\/uploads\/2020\/12\/cozumel-4.jpg\",\"contentUrl\":\"https:\/\/tourtravelandmore.com\/wp-content\/uploads\/2020\/12\/cozumel-4.jpg\",\"width\":1024,\"height\":625},{\"@type\":\"BreadcrumbList\",\"@id\":\"https:\/\/tourtravelandmore.com\/fr\/tours\/mexique-fr\/cancun-fr\/visite-privee-de-cozumel-au-depart-de-la-riviera-maya\/#breadcrumb\",\"itemListElement\":[{\"@type\":\"ListItem\",\"position\":1,\"name\":\"Home\",\"item\":\"https:\/\/tourtravelandmore.com\/fr\/\"},{\"@type\":\"ListItem\",\"position\":2,\"name\":\"Tours\",\"item\":\"https:\/\/tourtravelandmore.com\/fr\/tours\/\"},{\"@type\":\"ListItem\",\"position\":3,\"name\":\"Visite priv\u00e9e de Cozumel au d\u00e9part de la Riviera Maya\"}]},{\"@type\":\"WebSite\",\"@id\":\"https:\/\/tourtravelandmore.com\/fr\/#website\",\"url\":\"https:\/\/tourtravelandmore.com\/fr\/\",\"name\":\"Tour Travel And More\",\"description\":\"Private sightseeing tours and luxury transfers in Spain\",\"publisher\":{\"@id\":\"https:\/\/tourtravelandmore.com\/fr\/#organization\"},\"potentialAction\":[{\"@type\":\"SearchAction\",\"target\":{\"@type\":\"EntryPoint\",\"urlTemplate\":\"https:\/\/tourtravelandmore.com\/fr\/?s={search_term_string}\"},\"query-input\":{\"@type\":\"PropertyValueSpecification\",\"valueRequired\":true,\"valueName\":\"search_term_string\"}}],\"inLanguage\":\"fr-FR\"},{\"@type\":\"Organization\",\"@id\":\"https:\/\/tourtravelandmore.com\/fr\/#organization\",\"name\":\"Tour Travel And More\",\"url\":\"https:\/\/tourtravelandmore.com\/fr\/\",\"logo\":{\"@type\":\"ImageObject\",\"inLanguage\":\"fr-FR\",\"@id\":\"https:\/\/tourtravelandmore.com\/fr\/#\/schema\/logo\/image\/\",\"url\":\"https:\/\/tourtravelandmore.com\/wp-content\/uploads\/2022\/12\/cropped-logo-cabecera-new.png\",\"contentUrl\":\"https:\/\/tourtravelandmore.com\/wp-content\/uploads\/2022\/12\/cropped-logo-cabecera-new.png\",\"width\":430,\"height\":61,\"caption\":\"Tour Travel And More\"},\"image\":{\"@id\":\"https:\/\/tourtravelandmore.com\/fr\/#\/schema\/logo\/image\/\"},\"sameAs\":[\"https:\/\/www.facebook.com\/tourtravelandmore\/\",\"https:\/\/x.com\/TourTravel_More\"]}]}<\/script>\n<!-- \/ Yoast SEO Premium plugin. -->","yoast_head_json":{"title":"Visite priv\u00e9e de Cozumel au d\u00e9part de la Riviera Maya avec une \u00e9quipe locale","description":"Profitez d'une journ\u00e9e incroyable sur une \u00eele paradisiaque avec notre visite priv\u00e9e de Cozumel au d\u00e9part de la Riviera maya avec un guide professionnel local.","robots":{"index":"index","follow":"follow","max-snippet":"max-snippet:-1","max-image-preview":"max-image-preview:large","max-video-preview":"max-video-preview:-1"},"canonical":"https:\/\/tourtravelandmore.com\/fr\/tours\/mexique-fr\/cancun-fr\/visite-privee-de-cozumel-au-depart-de-la-riviera-maya\/","og_locale":"fr_FR","og_type":"article","og_title":"Visite priv\u00e9e de Cozumel au d\u00e9part de la Riviera Maya","og_description":"Profitez d'une journ\u00e9e incroyable sur une \u00eele paradisiaque avec notre visite priv\u00e9e de Cozumel au d\u00e9part de la Riviera maya avec un guide professionnel local.","og_url":"https:\/\/tourtravelandmore.com\/fr\/tours\/mexique-fr\/cancun-fr\/visite-privee-de-cozumel-au-depart-de-la-riviera-maya\/","og_site_name":"Tour Travel And More","article_publisher":"https:\/\/www.facebook.com\/tourtravelandmore\/","article_modified_time":"2021-03-12T11:23:22+00:00","og_image":[{"width":1024,"height":625,"url":"https:\/\/tourtravelandmore.com\/wp-content\/uploads\/2020\/12\/cozumel-4.jpg","type":"image\/jpeg"}],"twitter_card":"summary_large_image","twitter_site":"@TourTravel_More","twitter_misc":{"Dur\u00e9e de lecture estim\u00e9e":"2 minutes"},"schema":{"@context":"https:\/\/schema.org","@graph":[{"@type":"WebPage","@id":"https:\/\/tourtravelandmore.com\/fr\/tours\/mexique-fr\/cancun-fr\/visite-privee-de-cozumel-au-depart-de-la-riviera-maya\/","url":"https:\/\/tourtravelandmore.com\/fr\/tours\/mexique-fr\/cancun-fr\/visite-privee-de-cozumel-au-depart-de-la-riviera-maya\/","name":"Visite priv\u00e9e de Cozumel au d\u00e9part de la Riviera Maya avec une \u00e9quipe locale","isPartOf":{"@id":"https:\/\/tourtravelandmore.com\/fr\/#website"},"primaryImageOfPage":{"@id":"https:\/\/tourtravelandmore.com\/fr\/tours\/mexique-fr\/cancun-fr\/visite-privee-de-cozumel-au-depart-de-la-riviera-maya\/#primaryimage"},"image":{"@id":"https:\/\/tourtravelandmore.com\/fr\/tours\/mexique-fr\/cancun-fr\/visite-privee-de-cozumel-au-depart-de-la-riviera-maya\/#primaryimage"},"thumbnailUrl":"https:\/\/tourtravelandmore.com\/wp-content\/uploads\/2020\/12\/cozumel-4.jpg","datePublished":"2021-01-05T08:25:12+00:00","dateModified":"2021-03-12T11:23:22+00:00","description":"Profitez d'une journ\u00e9e incroyable sur une \u00eele paradisiaque avec notre visite priv\u00e9e de Cozumel au d\u00e9part de la Riviera maya avec un guide professionnel local.","breadcrumb":{"@id":"https:\/\/tourtravelandmore.com\/fr\/tours\/mexique-fr\/cancun-fr\/visite-privee-de-cozumel-au-depart-de-la-riviera-maya\/#breadcrumb"},"inLanguage":"fr-FR","potentialAction":[{"@type":"ReadAction","target":["https:\/\/tourtravelandmore.com\/fr\/tours\/mexique-fr\/cancun-fr\/visite-privee-de-cozumel-au-depart-de-la-riviera-maya\/"]}]},{"@type":"ImageObject","inLanguage":"fr-FR","@id":"https:\/\/tourtravelandmore.com\/fr\/tours\/mexique-fr\/cancun-fr\/visite-privee-de-cozumel-au-depart-de-la-riviera-maya\/#primaryimage","url":"https:\/\/tourtravelandmore.com\/wp-content\/uploads\/2020\/12\/cozumel-4.jpg","contentUrl":"https:\/\/tourtravelandmore.com\/wp-content\/uploads\/2020\/12\/cozumel-4.jpg","width":1024,"height":625},{"@type":"BreadcrumbList","@id":"https:\/\/tourtravelandmore.com\/fr\/tours\/mexique-fr\/cancun-fr\/visite-privee-de-cozumel-au-depart-de-la-riviera-maya\/#breadcrumb","itemListElement":[{"@type":"ListItem","position":1,"name":"Home","item":"https:\/\/tourtravelandmore.com\/fr\/"},{"@type":"ListItem","position":2,"name":"Tours","item":"https:\/\/tourtravelandmore.com\/fr\/tours\/"},{"@type":"ListItem","position":3,"name":"Visite priv\u00e9e de Cozumel au d\u00e9part de la Riviera Maya"}]},{"@type":"WebSite","@id":"https:\/\/tourtravelandmore.com\/fr\/#website","url":"https:\/\/tourtravelandmore.com\/fr\/","name":"Tour Travel And More","description":"Private sightseeing tours and luxury transfers in Spain","publisher":{"@id":"https:\/\/tourtravelandmore.com\/fr\/#organization"},"potentialAction":[{"@type":"SearchAction","target":{"@type":"EntryPoint","urlTemplate":"https:\/\/tourtravelandmore.com\/fr\/?s={search_term_string}"},"query-input":{"@type":"PropertyValueSpecification","valueRequired":true,"valueName":"search_term_string"}}],"inLanguage":"fr-FR"},{"@type":"Organization","@id":"https:\/\/tourtravelandmore.com\/fr\/#organization","name":"Tour Travel And More","url":"https:\/\/tourtravelandmore.com\/fr\/","logo":{"@type":"ImageObject","inLanguage":"fr-FR","@id":"https:\/\/tourtravelandmore.com\/fr\/#\/schema\/logo\/image\/","url":"https:\/\/tourtravelandmore.com\/wp-content\/uploads\/2022\/12\/cropped-logo-cabecera-new.png","contentUrl":"https:\/\/tourtravelandmore.com\/wp-content\/uploads\/2022\/12\/cropped-logo-cabecera-new.png","width":430,"height":61,"caption":"Tour Travel And More"},"image":{"@id":"https:\/\/tourtravelandmore.com\/fr\/#\/schema\/logo\/image\/"},"sameAs":["https:\/\/www.facebook.com\/tourtravelandmore\/","https:\/\/x.com\/TourTravel_More"]}]}},"_links":{"self":[{"href":"https:\/\/tourtravelandmore.com\/fr\/wp-json\/wp\/v2\/product\/102992","targetHints":{"allow":["GET"]}}],"collection":[{"href":"https:\/\/tourtravelandmore.com\/fr\/wp-json\/wp\/v2\/product"}],"about":[{"href":"https:\/\/tourtravelandmore.com\/fr\/wp-json\/wp\/v2\/types\/product"}],"replies":[{"embeddable":true,"href":"https:\/\/tourtravelandmore.com\/fr\/wp-json\/wp\/v2\/comments?post=102992"}],"wp:featuredmedia":[{"embeddable":true,"href":"https:\/\/tourtravelandmore.com\/fr\/wp-json\/wp\/v2\/media\/89245"}],"wp:attachment":[{"href":"https:\/\/tourtravelandmore.com\/fr\/wp-json\/wp\/v2\/media?parent=102992"}],"wp:term":[{"taxonomy":"product_brand","embeddable":true,"href":"https:\/\/tourtravelandmore.com\/fr\/wp-json\/wp\/v2\/product_brand?post=102992"},{"taxonomy":"product_cat","embeddable":true,"href":"https:\/\/tourtravelandmore.com\/fr\/wp-json\/wp\/v2\/product_cat?post=102992"},{"taxonomy":"product_tag","embeddable":true,"href":"https:\/\/tourtravelandmore.com\/fr\/wp-json\/wp\/v2\/product_tag?post=102992"}],"curies":[{"name":"wp","href":"https:\/\/api.w.org\/{rel}","templated":true}]}}