{"id":102984,"date":"2021-01-04T10:33:29","date_gmt":"2021-01-04T09:33:29","guid":{"rendered":"https:\/\/tourtravelandmore.com\/tours\/non%20class\u00e9\/visite-privee-dek-balam\/"},"modified":"2021-03-12T12:21:46","modified_gmt":"2021-03-12T11:21:46","slug":"visite-privee-dek-balam","status":"publish","type":"product","link":"https:\/\/tourtravelandmore.com\/fr\/tours\/mexique-fr\/cancun-fr\/visite-privee-dek-balam\/","title":{"rendered":"Visite priv\u00e9e d&#8217;Ek Balam"},"content":{"rendered":"<h2>Description<\/h2>\n<p>Chez Tour Travel &amp; More, nous avons un groupe de professionnels incroyables qui vous attendent!. \u00c0 cette occasion, nous vous invitons \u00e0 cette visite priv\u00e9e d&#8217;Ek Balam dans le confort de votre h\u00f4tel. Nous sommes l\u00e0 pour r\u00e9aliser vos r\u00eaves pendant vos vacances \u00e0 travers le Mexique.<\/p>\n<p>Cette visite priv\u00e9e peut commencer \u00e0 partir de votre h\u00f4tel ou du lieu de votre choix \u00e0 Tulum, Playa del Carmen ou Cancun. Nous pouvons \u00e9galement organiser une prise en charge depuis le port de croisi\u00e8re ou m\u00eame l&#8217;a\u00e9roport. Il vous suffit de nous contacter et de nous donner tous les d\u00e9tails.<\/p>\n<p>Ek Balam est un site arch\u00e9ologique maya du Yucatan, au Mexique. Il est situ\u00e9 \u00e0 30 km au nord de la ville de Valladolid. Le nom Ek Balam a de nombreuses significations, mais il est commun\u00e9ment consid\u00e9r\u00e9 comme \u00abjaguar noir ou noir\u00bb ou \u00abjaguar de d\u00e9part lumineux\u00bb.<\/p>\n<p>Votre chauffeur priv\u00e9 et votre guide officiel vous accompagneront pendant toute la visite priv\u00e9e d&#8217;Ek Balam. Vous aurez une \u00e9quipe locale professionnelle \u00e0 votre enti\u00e8re disposition avec une grande connaissance de l&#8217;histoire et de la culture d&#8217;Ek Balam.<\/p>\n<h2>Sites d&#8217;int\u00e9r\u00eat et monuments<\/h2>\n<p>Tout d&#8217;abord, votre chauffeur priv\u00e9 et votre guide officiel viendront vous chercher \u00e0 l&#8217;heure souhait\u00e9e dans votre h\u00f4tel. Cette visite priv\u00e9e a une dur\u00e9e totale d&#8217;environ 6 heures, mais cela d\u00e9pendra exactement du lieu de prise en charge.<\/p>\n<p>Lors de cette visite priv\u00e9e, vous pourrez visiter le site arch\u00e9ologique d&#8217;Ek Balam. Ce site arch\u00e9ologique est compos\u00e9 de plusieurs temples, de deux grands palais et d&#8217;une pyramide au centre de la ville.<\/p>\n<p>Votre guide officiel priv\u00e9 vous guidera \u00e0 travers l&#8217;enceinte tout en vous expliquant l&#8217;histoire de ce lieu. Vous pouvez grimper au sommet de la pyramide et parcourir les diff\u00e9rents chemins de ce site fortifi\u00e9.<\/p>\n<p>Si vous pr\u00e9f\u00e9rez, nous pouvons inclure plus d&#8217;heures \u00e0 votre exp\u00e9rience afin que vous puissiez \u00e9galement visiter Valladolid et \/ ou le c\u00e9note maya. N&#8217;oubliez pas qu&#8217;il s&#8217;agit d&#8217;une exp\u00e9rience priv\u00e9e et personnalis\u00e9e rien que pour vous et votre groupe.<\/p>\n<p>Enfin, votre chauffeur et guide priv\u00e9 vous ram\u00e8nera \u00e0 votre h\u00f4tel ou \u00e0 votre point de d\u00e9part.<\/p>\n<p>Nous offrons une grande vari\u00e9t\u00e9 de circuits au Mexique ou dans n&#8217;importe quelle ville du monde, jetez un \u0153il ici!<\/p>\n<p><button style=\"width: auto; height: auto; background-image: url('data:image\/png;base64,iVBORw0KGgoAAAANSUhEUgAAADAAAAAwCAYAAABXAvmHAAABS2lUWHRYTUw6Y29tLmFkb2JlLnhtcAAAAAAAPD94cGFja2V0IGJlZ2luPSLvu78iIGlkPSJXNU0wTXBDZWhpSHpyZVN6TlRjemtjOWQiPz4KPHg6eG1wbWV0YSB4bWxuczp4PSJhZG9iZTpuczptZXRhLyIgeDp4bXB0az0iQWRvYmUgWE1QIENvcmUgNS42LWMxMzggNzkuMTU5ODI0LCAyMDE2LzA5LzE0LTAxOjA5OjAxICAgICAgICAiPgogPHJkZjpSREYgeG1sbnM6cmRmPSJodHRwOi8vd3d3LnczLm9yZy8xOTk5LzAyLzIyLXJkZi1zeW50YXgtbnMjIj4KICA8cmRmOkRlc2NyaXB0aW9uIHJkZjphYm91dD0iIi8+CiA8L3JkZjpSREY+CjwveDp4bXBtZXRhPgo8P3hwYWNrZXQgZW5kPSJyIj8+IEmuOgAAAx5JREFUaIHtmj1L81wYx39JI75AbYtgBTFTRdQGXV2cxMlPICjiakHE0cVJB5FO4uLgN1AnZ\/0EgoLQtd6tL6hJIwia9DzDg6Wxpcb7hMTe+INCz+t1\/TnJuU7OOYoQ4g8Qpz2xFSGEiNoLGVTAjtoJCWw1ag9k0eoTQgg2NzcplUp0dHRE5VNTHMdB0zTy+TydnZ21fI8Ay7K4vr4ml8uRSqVCd7IVQgjW19cpFAoYhlHLbxiBTCbD9PR06A76YXx8HNd1PXmed0BRFBzHwTTNUB3zy\/v7O7FYzJPX9i\/xr4Co0b6u0prj42Pu7u5a1unp6UHXdSYmJkgmk7ImPUgLWFlZoVQq+aqbSCSYn59ne3ubRCIhaxoI4BHSdd13Xcuy2N\/fxzCML0fNL9IjoChK7f\/p6Smjo6MNdWzb5vz8nI2NDUzTpFgsMjMzw+Xlpax5eQH1TE5OMjAw0LQsm80yNzdHNpvFtm2urq44PDxkaWlJymags9D9\/X3Lcl3X2dnZqaX39vakbYY+jS4uLtLV1QXAxcUFlUpFqr\/QBXR3d9Pf3w\/8v8J8fn6W6i90Aa7r8vT0BEAsFpOeTkMXcHJywsvLCwAjIyPSgS1QAb29vS3LHx4eyOVytfTy8rK0zUAFPD4+8vb25vm9vr5SLBY5ODjAMAzK5TIAQ0NDrK6uStsMNA7Mzs42rNfrn\/kP0uk0Z2dnaJq8+UAFfHb0M6qqsrCwwO7uLn19fYHYDFTA2tpa00isaRqDg4NMTU19a+3kh0AFbG1t1YJUWAT6EhcKhSC780Xbf5H9CoiaXwFRIy2gPng5jiPb3beRjgPDw8NYlgUQegyAAAQcHR3xccgTxNrmu0hbjMJpj32ZxkIITNOkWq16tlf8tlVVlWQy+e229UgLKJfLuK77VwI+PikjE6CqKmNjYzJdSPPvxQFVVT2HaD8JVVX5fKzdcEZWLpe5vb39cYd8ADc3Nw1nZB4B8XicdDpNPp+PJCi1wnEcUqkUmUzGk68IISp8uitRqVSoVqth+ueLJntIdtNZ6Kv9nZ9E21\/20IASbXzd5j\/MIQu2KoJrJwAAAABJRU5ErkJggg=='); background-size: 14px 14px; background-color: #000000; position: absolute; opacity: 1; z-index: 86753099; display: none; cursor: pointer; border: none; border-top-left-radius: 3px; border-top-right-radius: 3px; border-bottom-right-radius: 3px; border-bottom-left-radius: 3px; text-indent: 20px; padding: 0px 4px 0px 0px; text-align: center; font-style: normal; font-variant-caps: normal; font-weight: bold; font-stretch: normal; font-size: 11px; line-height: 20px; font-family: 'Helvetica Neue', Helvetica, sans-serif; color: #ffffff; text-transform: capitalize; -webkit-font-smoothing: antialiased; top: 1397px; left: 563px; background-position: 3px 50%; background-repeat: no-repeat no-repeat;\">plan it<\/button><\/p>\n","protected":false},"excerpt":{"rendered":"<p>Aventurez-vous lors de cette visite priv\u00e9e d&#8217;Ek Balam et visitez le site arch\u00e9ologique plus ancien que le Chich\u00e9n Itz\u00e1, avec une \u00e9quipe locale.<\/p>\n","protected":false},"featured_media":90918,"comment_status":"open","ping_status":"closed","template":"","meta":{"_acf_changed":false},"product_brand":[],"product_cat":[3727,3811,3812,3813],"product_tag":[],"class_list":{"0":"post-102984","1":"product","2":"type-product","3":"status-publish","4":"has-post-thumbnail","6":"product_cat-mexique-fr","7":"product_cat-cancun-fr","8":"product_cat-playa-del-carmen-fr","9":"product_cat-tulum-fr","11":"first","12":"instock","13":"shipping-taxable","14":"purchasable","15":"product-type-simple"},"acf":[],"yoast_head":"<!-- This site is optimized with the Yoast SEO Premium plugin v25.3.1 (Yoast SEO v25.3.1) - https:\/\/yoast.com\/wordpress\/plugins\/seo\/ -->\n<title>Visite priv\u00e9e d&#039;Ek Balam - Visitez cet incroyable site arch\u00e9ologique!<\/title>\n<meta name=\"description\" content=\"Aventurez-vous lors de cette visite priv\u00e9e d&#039;Ek Balam et visitez le site arch\u00e9ologique plus ancien que le Chich\u00e9n Itz\u00e1, avec une \u00e9quipe locale.\" \/>\n<meta name=\"robots\" content=\"index, follow, max-snippet:-1, max-image-preview:large, max-video-preview:-1\" \/>\n<link rel=\"canonical\" href=\"https:\/\/tourtravelandmore.com\/fr\/tours\/mexique-fr\/cancun-fr\/visite-privee-dek-balam\/\" \/>\n<meta property=\"og:locale\" content=\"fr_FR\" \/>\n<meta property=\"og:type\" content=\"article\" \/>\n<meta property=\"og:title\" content=\"Visite priv\u00e9e d&#039;Ek Balam\" \/>\n<meta property=\"og:description\" content=\"Aventurez-vous lors de cette visite priv\u00e9e d&#039;Ek Balam et visitez le site arch\u00e9ologique plus ancien que le Chich\u00e9n Itz\u00e1, avec une \u00e9quipe locale.\" \/>\n<meta property=\"og:url\" content=\"https:\/\/tourtravelandmore.com\/fr\/tours\/mexique-fr\/cancun-fr\/visite-privee-dek-balam\/\" \/>\n<meta property=\"og:site_name\" content=\"Tour Travel And More\" \/>\n<meta property=\"article:publisher\" content=\"https:\/\/www.facebook.com\/tourtravelandmore\/\" \/>\n<meta property=\"article:modified_time\" content=\"2021-03-12T11:21:46+00:00\" \/>\n<meta property=\"og:image\" content=\"https:\/\/tourtravelandmore.com\/wp-content\/uploads\/2021\/01\/ek-balam-4-scaled.jpg\" \/>\n\t<meta property=\"og:image:width\" content=\"2560\" \/>\n\t<meta property=\"og:image:height\" content=\"1920\" \/>\n\t<meta property=\"og:image:type\" content=\"image\/jpeg\" \/>\n<meta name=\"twitter:card\" content=\"summary_large_image\" \/>\n<meta name=\"twitter:site\" content=\"@TourTravel_More\" \/>\n<meta name=\"twitter:label1\" content=\"Dur\u00e9e de lecture estim\u00e9e\" \/>\n\t<meta name=\"twitter:data1\" content=\"2 minutes\" \/>\n<script type=\"application\/ld+json\" class=\"yoast-schema-graph\">{\"@context\":\"https:\/\/schema.org\",\"@graph\":[{\"@type\":\"WebPage\",\"@id\":\"https:\/\/tourtravelandmore.com\/fr\/tours\/mexique-fr\/cancun-fr\/visite-privee-dek-balam\/\",\"url\":\"https:\/\/tourtravelandmore.com\/fr\/tours\/mexique-fr\/cancun-fr\/visite-privee-dek-balam\/\",\"name\":\"Visite priv\u00e9e d'Ek Balam - Visitez cet incroyable site arch\u00e9ologique!\",\"isPartOf\":{\"@id\":\"https:\/\/tourtravelandmore.com\/fr\/#website\"},\"primaryImageOfPage\":{\"@id\":\"https:\/\/tourtravelandmore.com\/fr\/tours\/mexique-fr\/cancun-fr\/visite-privee-dek-balam\/#primaryimage\"},\"image\":{\"@id\":\"https:\/\/tourtravelandmore.com\/fr\/tours\/mexique-fr\/cancun-fr\/visite-privee-dek-balam\/#primaryimage\"},\"thumbnailUrl\":\"https:\/\/tourtravelandmore.com\/wp-content\/uploads\/2021\/01\/ek-balam-4-scaled.jpg\",\"datePublished\":\"2021-01-04T09:33:29+00:00\",\"dateModified\":\"2021-03-12T11:21:46+00:00\",\"description\":\"Aventurez-vous lors de cette visite priv\u00e9e d'Ek Balam et visitez le site arch\u00e9ologique plus ancien que le Chich\u00e9n Itz\u00e1, avec une \u00e9quipe locale.\",\"breadcrumb\":{\"@id\":\"https:\/\/tourtravelandmore.com\/fr\/tours\/mexique-fr\/cancun-fr\/visite-privee-dek-balam\/#breadcrumb\"},\"inLanguage\":\"fr-FR\",\"potentialAction\":[{\"@type\":\"ReadAction\",\"target\":[\"https:\/\/tourtravelandmore.com\/fr\/tours\/mexique-fr\/cancun-fr\/visite-privee-dek-balam\/\"]}]},{\"@type\":\"ImageObject\",\"inLanguage\":\"fr-FR\",\"@id\":\"https:\/\/tourtravelandmore.com\/fr\/tours\/mexique-fr\/cancun-fr\/visite-privee-dek-balam\/#primaryimage\",\"url\":\"https:\/\/tourtravelandmore.com\/wp-content\/uploads\/2021\/01\/ek-balam-4-scaled.jpg\",\"contentUrl\":\"https:\/\/tourtravelandmore.com\/wp-content\/uploads\/2021\/01\/ek-balam-4-scaled.jpg\",\"width\":2560,\"height\":1920,\"caption\":\"Ek Balam\"},{\"@type\":\"BreadcrumbList\",\"@id\":\"https:\/\/tourtravelandmore.com\/fr\/tours\/mexique-fr\/cancun-fr\/visite-privee-dek-balam\/#breadcrumb\",\"itemListElement\":[{\"@type\":\"ListItem\",\"position\":1,\"name\":\"Home\",\"item\":\"https:\/\/tourtravelandmore.com\/fr\/\"},{\"@type\":\"ListItem\",\"position\":2,\"name\":\"Tours\",\"item\":\"https:\/\/tourtravelandmore.com\/fr\/tours\/\"},{\"@type\":\"ListItem\",\"position\":3,\"name\":\"Visite priv\u00e9e d&#8217;Ek Balam\"}]},{\"@type\":\"WebSite\",\"@id\":\"https:\/\/tourtravelandmore.com\/fr\/#website\",\"url\":\"https:\/\/tourtravelandmore.com\/fr\/\",\"name\":\"Tour Travel And More\",\"description\":\"Private sightseeing tours and luxury transfers in Spain\",\"publisher\":{\"@id\":\"https:\/\/tourtravelandmore.com\/fr\/#organization\"},\"potentialAction\":[{\"@type\":\"SearchAction\",\"target\":{\"@type\":\"EntryPoint\",\"urlTemplate\":\"https:\/\/tourtravelandmore.com\/fr\/?s={search_term_string}\"},\"query-input\":{\"@type\":\"PropertyValueSpecification\",\"valueRequired\":true,\"valueName\":\"search_term_string\"}}],\"inLanguage\":\"fr-FR\"},{\"@type\":\"Organization\",\"@id\":\"https:\/\/tourtravelandmore.com\/fr\/#organization\",\"name\":\"Tour Travel And More\",\"url\":\"https:\/\/tourtravelandmore.com\/fr\/\",\"logo\":{\"@type\":\"ImageObject\",\"inLanguage\":\"fr-FR\",\"@id\":\"https:\/\/tourtravelandmore.com\/fr\/#\/schema\/logo\/image\/\",\"url\":\"https:\/\/tourtravelandmore.com\/wp-content\/uploads\/2022\/12\/cropped-logo-cabecera-new.png\",\"contentUrl\":\"https:\/\/tourtravelandmore.com\/wp-content\/uploads\/2022\/12\/cropped-logo-cabecera-new.png\",\"width\":430,\"height\":61,\"caption\":\"Tour Travel And More\"},\"image\":{\"@id\":\"https:\/\/tourtravelandmore.com\/fr\/#\/schema\/logo\/image\/\"},\"sameAs\":[\"https:\/\/www.facebook.com\/tourtravelandmore\/\",\"https:\/\/x.com\/TourTravel_More\"]}]}<\/script>\n<!-- \/ Yoast SEO Premium plugin. -->","yoast_head_json":{"title":"Visite priv\u00e9e d'Ek Balam - Visitez cet incroyable site arch\u00e9ologique!","description":"Aventurez-vous lors de cette visite priv\u00e9e d'Ek Balam et visitez le site arch\u00e9ologique plus ancien que le Chich\u00e9n Itz\u00e1, avec une \u00e9quipe locale.","robots":{"index":"index","follow":"follow","max-snippet":"max-snippet:-1","max-image-preview":"max-image-preview:large","max-video-preview":"max-video-preview:-1"},"canonical":"https:\/\/tourtravelandmore.com\/fr\/tours\/mexique-fr\/cancun-fr\/visite-privee-dek-balam\/","og_locale":"fr_FR","og_type":"article","og_title":"Visite priv\u00e9e d'Ek Balam","og_description":"Aventurez-vous lors de cette visite priv\u00e9e d'Ek Balam et visitez le site arch\u00e9ologique plus ancien que le Chich\u00e9n Itz\u00e1, avec une \u00e9quipe locale.","og_url":"https:\/\/tourtravelandmore.com\/fr\/tours\/mexique-fr\/cancun-fr\/visite-privee-dek-balam\/","og_site_name":"Tour Travel And More","article_publisher":"https:\/\/www.facebook.com\/tourtravelandmore\/","article_modified_time":"2021-03-12T11:21:46+00:00","og_image":[{"width":2560,"height":1920,"url":"https:\/\/tourtravelandmore.com\/wp-content\/uploads\/2021\/01\/ek-balam-4-scaled.jpg","type":"image\/jpeg"}],"twitter_card":"summary_large_image","twitter_site":"@TourTravel_More","twitter_misc":{"Dur\u00e9e de lecture estim\u00e9e":"2 minutes"},"schema":{"@context":"https:\/\/schema.org","@graph":[{"@type":"WebPage","@id":"https:\/\/tourtravelandmore.com\/fr\/tours\/mexique-fr\/cancun-fr\/visite-privee-dek-balam\/","url":"https:\/\/tourtravelandmore.com\/fr\/tours\/mexique-fr\/cancun-fr\/visite-privee-dek-balam\/","name":"Visite priv\u00e9e d'Ek Balam - Visitez cet incroyable site arch\u00e9ologique!","isPartOf":{"@id":"https:\/\/tourtravelandmore.com\/fr\/#website"},"primaryImageOfPage":{"@id":"https:\/\/tourtravelandmore.com\/fr\/tours\/mexique-fr\/cancun-fr\/visite-privee-dek-balam\/#primaryimage"},"image":{"@id":"https:\/\/tourtravelandmore.com\/fr\/tours\/mexique-fr\/cancun-fr\/visite-privee-dek-balam\/#primaryimage"},"thumbnailUrl":"https:\/\/tourtravelandmore.com\/wp-content\/uploads\/2021\/01\/ek-balam-4-scaled.jpg","datePublished":"2021-01-04T09:33:29+00:00","dateModified":"2021-03-12T11:21:46+00:00","description":"Aventurez-vous lors de cette visite priv\u00e9e d'Ek Balam et visitez le site arch\u00e9ologique plus ancien que le Chich\u00e9n Itz\u00e1, avec une \u00e9quipe locale.","breadcrumb":{"@id":"https:\/\/tourtravelandmore.com\/fr\/tours\/mexique-fr\/cancun-fr\/visite-privee-dek-balam\/#breadcrumb"},"inLanguage":"fr-FR","potentialAction":[{"@type":"ReadAction","target":["https:\/\/tourtravelandmore.com\/fr\/tours\/mexique-fr\/cancun-fr\/visite-privee-dek-balam\/"]}]},{"@type":"ImageObject","inLanguage":"fr-FR","@id":"https:\/\/tourtravelandmore.com\/fr\/tours\/mexique-fr\/cancun-fr\/visite-privee-dek-balam\/#primaryimage","url":"https:\/\/tourtravelandmore.com\/wp-content\/uploads\/2021\/01\/ek-balam-4-scaled.jpg","contentUrl":"https:\/\/tourtravelandmore.com\/wp-content\/uploads\/2021\/01\/ek-balam-4-scaled.jpg","width":2560,"height":1920,"caption":"Ek Balam"},{"@type":"BreadcrumbList","@id":"https:\/\/tourtravelandmore.com\/fr\/tours\/mexique-fr\/cancun-fr\/visite-privee-dek-balam\/#breadcrumb","itemListElement":[{"@type":"ListItem","position":1,"name":"Home","item":"https:\/\/tourtravelandmore.com\/fr\/"},{"@type":"ListItem","position":2,"name":"Tours","item":"https:\/\/tourtravelandmore.com\/fr\/tours\/"},{"@type":"ListItem","position":3,"name":"Visite priv\u00e9e d&#8217;Ek Balam"}]},{"@type":"WebSite","@id":"https:\/\/tourtravelandmore.com\/fr\/#website","url":"https:\/\/tourtravelandmore.com\/fr\/","name":"Tour Travel And More","description":"Private sightseeing tours and luxury transfers in Spain","publisher":{"@id":"https:\/\/tourtravelandmore.com\/fr\/#organization"},"potentialAction":[{"@type":"SearchAction","target":{"@type":"EntryPoint","urlTemplate":"https:\/\/tourtravelandmore.com\/fr\/?s={search_term_string}"},"query-input":{"@type":"PropertyValueSpecification","valueRequired":true,"valueName":"search_term_string"}}],"inLanguage":"fr-FR"},{"@type":"Organization","@id":"https:\/\/tourtravelandmore.com\/fr\/#organization","name":"Tour Travel And More","url":"https:\/\/tourtravelandmore.com\/fr\/","logo":{"@type":"ImageObject","inLanguage":"fr-FR","@id":"https:\/\/tourtravelandmore.com\/fr\/#\/schema\/logo\/image\/","url":"https:\/\/tourtravelandmore.com\/wp-content\/uploads\/2022\/12\/cropped-logo-cabecera-new.png","contentUrl":"https:\/\/tourtravelandmore.com\/wp-content\/uploads\/2022\/12\/cropped-logo-cabecera-new.png","width":430,"height":61,"caption":"Tour Travel And More"},"image":{"@id":"https:\/\/tourtravelandmore.com\/fr\/#\/schema\/logo\/image\/"},"sameAs":["https:\/\/www.facebook.com\/tourtravelandmore\/","https:\/\/x.com\/TourTravel_More"]}]}},"_links":{"self":[{"href":"https:\/\/tourtravelandmore.com\/fr\/wp-json\/wp\/v2\/product\/102984","targetHints":{"allow":["GET"]}}],"collection":[{"href":"https:\/\/tourtravelandmore.com\/fr\/wp-json\/wp\/v2\/product"}],"about":[{"href":"https:\/\/tourtravelandmore.com\/fr\/wp-json\/wp\/v2\/types\/product"}],"replies":[{"embeddable":true,"href":"https:\/\/tourtravelandmore.com\/fr\/wp-json\/wp\/v2\/comments?post=102984"}],"wp:featuredmedia":[{"embeddable":true,"href":"https:\/\/tourtravelandmore.com\/fr\/wp-json\/wp\/v2\/media\/90918"}],"wp:attachment":[{"href":"https:\/\/tourtravelandmore.com\/fr\/wp-json\/wp\/v2\/media?parent=102984"}],"wp:term":[{"taxonomy":"product_brand","embeddable":true,"href":"https:\/\/tourtravelandmore.com\/fr\/wp-json\/wp\/v2\/product_brand?post=102984"},{"taxonomy":"product_cat","embeddable":true,"href":"https:\/\/tourtravelandmore.com\/fr\/wp-json\/wp\/v2\/product_cat?post=102984"},{"taxonomy":"product_tag","embeddable":true,"href":"https:\/\/tourtravelandmore.com\/fr\/wp-json\/wp\/v2\/product_tag?post=102984"}],"curies":[{"name":"wp","href":"https:\/\/api.w.org\/{rel}","templated":true}]}}