{"id":102971,"date":"2020-12-31T10:38:23","date_gmt":"2020-12-31T09:38:23","guid":{"rendered":"https:\/\/tourtravelandmore.com\/tours\/non%20class\u00e9\/promenade-en-bateau-prive-sur-la-riviera-maya\/"},"modified":"2021-03-12T12:17:18","modified_gmt":"2021-03-12T11:17:18","slug":"promenade-en-bateau-prive-sur-la-riviera-maya","status":"publish","type":"product","link":"https:\/\/tourtravelandmore.com\/fr\/tours\/mexique-fr\/cancun-fr\/promenade-en-bateau-prive-sur-la-riviera-maya\/","title":{"rendered":"Promenade en bateau priv\u00e9 sur la Riviera Maya"},"content":{"rendered":"<h2>Description<\/h2>\n<p>Profitez d&#8217;une journ\u00e9e de d\u00e9tente dans l&#8217;oc\u00e9an avec notre promenade en bateau priv\u00e9 sur la Riviera Maya. Il n&#8217;y a pas de meilleure fa\u00e7on de d\u00e9couvrir la c\u00f4te cara\u00efbe qu&#8217;avec un bateau priv\u00e9 avec un \u00e9quipage professionnel.<\/p>\n<p>Nous pouvons organiser des dispositions pour une demi-journ\u00e9e ou une journ\u00e9e compl\u00e8te depuis Canc\u00fan, Playa del Carmen ou le port de Tulum. L&#8217;itin\u00e9raire final est totalement adaptable \u00e0 votre int\u00e9r\u00eat personnel. Il vous suffit de confirmer un lieu de prise en charge et nous vous aiderons \u00e0 organiser un itin\u00e9raire personnalis\u00e9. Nous vous offrons \u00e9galement la possibilit\u00e9 d&#8217;inclure un guide officiel priv\u00e9 pour votre exp\u00e9rience au cas o\u00f9 vous voudriez conna\u00eetre des faits int\u00e9ressants sur la Riviera Maya.<\/p>\n<p>Contactez-nous et laissez-nous vous aider \u00e0 organiser votre promenade en bateau priv\u00e9 sur la Riviera Maya. Admirez les vues incroyables de la c\u00f4te sous un autre angle.<\/p>\n<p>Si vous souhaitez un autre type d&#8217;excursion priv\u00e9e sur la Riviera Maya ou au Mexique, veuillez consulter notre liste de visites priv\u00e9es.<\/p>\n<h2>Sites d&#8217;int\u00e9r\u00eat et points de rep\u00e8re<\/h2>\n<p>La Riviera Maya est une extension de la c\u00f4te cara\u00efbe dans la p\u00e9ninsule du Yucatan au nord-est du Mexique. La Riviera Maya s&#8217;\u00e9tend du sud de Canc\u00fan \u00e0 la ville de Tulum. Les villes les plus reconnues sont Playa del Carmen et Tulum, puis viennent Puerto Morelos, Puerto Aventura, Akumal et Cob\u00e1. La ville de Canc\u00fan n&#8217;est pas officiellement consid\u00e9r\u00e9e comme faisant partie de la Riviera Maya.<\/p>\n<p>Lors de cette excursion en bateau priv\u00e9, vous n&#8217;admirerez pas seulement la Riviera Maya sous un autre angle, vous profiterez \u00e9galement d&#8217;une journ\u00e9e pleine d&#8217;aventures dans l&#8217;oc\u00e9an. Ici, l&#8217;eau se caract\u00e9rise par une couleur turquoise qui, au loin, se confond avec le ciel. Le sable est doux et blanc. C&#8217;est le vrai paradis mexicain!<\/p>\n<p>Lors de notre promenade en bateau priv\u00e9 sur la Riviera Maya, vous pourrez admirer la c\u00f4te des villes les plus importantes. Aussi, vous pouvez traverser pour conna\u00eetre la c\u00f4te de l&#8217;\u00eele de Cozumel. Vous aurez un skipper professionnel et un bateau priv\u00e9 \u00e0 votre enti\u00e8re disposition. La dur\u00e9e de la disposition est \u00e9galement modulable en fonction de votre int\u00e9r\u00eat personnel.<\/p>\n<p>Avec Tour Travel &amp; More, vous aurez l&#8217;opportunit\u00e9 de profiter d&#8217;une journ\u00e9e compl\u00e8te d&#8217;aventure. Vous explorerez la magnifique c\u00f4te des Cara\u00efbes, o\u00f9 vous pourrez nager, faire de la plong\u00e9e avec tuba ou m\u00eame plonger. Au cas o\u00f9 vous auriez besoin, nous pouvons \u00e9galement organiser un pique-nique ou un d\u00e9jeuner complet dans votre bateau, afin que vous n&#8217;ayez \u00e0 vous soucier de rien.<\/p>\n<p>Nous pouvons organiser des bateaux rapides, des yachts ou le type de bateau que vous pr\u00e9f\u00e9rez. Contactez-nous pour une exp\u00e9rience personnalis\u00e9e!<\/p>\n","protected":false},"excerpt":{"rendered":"<p>Profitez d&#8217;une exp\u00e9rience de luxe priv\u00e9e lors de votre visite sur la Riviera Maya. Contactez-nous et laissez-nous vous aider \u00e0 organiser une disposition de bateau priv\u00e9 de Tulum, Playa del Carmen ou m\u00eame Cancun \u00e0 n&#8217;importe quelle plage autour. L&#8217;itin\u00e9raire est adaptable \u00e0 vos int\u00e9r\u00eats personnels.<\/p>\n","protected":false},"featured_media":90849,"comment_status":"open","ping_status":"closed","template":"","meta":{"_acf_changed":false},"product_brand":[],"product_cat":[3727,3811,3812,3813],"product_tag":[],"class_list":{"0":"post-102971","1":"product","2":"type-product","3":"status-publish","4":"has-post-thumbnail","6":"product_cat-mexique-fr","7":"product_cat-cancun-fr","8":"product_cat-playa-del-carmen-fr","9":"product_cat-tulum-fr","11":"first","12":"instock","13":"shipping-taxable","14":"purchasable","15":"product-type-simple"},"acf":[],"yoast_head":"<!-- This site is optimized with the Yoast SEO Premium plugin v25.3.1 (Yoast SEO v25.3.1) - https:\/\/yoast.com\/wordpress\/plugins\/seo\/ -->\n<title>Promenade en bateau priv\u00e9 sur la Riviera Maya - une v\u00e9ritable aventure dans l&#039;oc\u00e9an!<\/title>\n<meta name=\"description\" content=\"Profitez d&#039;une exp\u00e9rience de luxe lors de votre visite au Mexique. Admirez l&#039;incroyable c\u00f4te des Cara\u00efbes avec notre promenade en bateau priv\u00e9 sur la Riviera Maya.\" \/>\n<meta name=\"robots\" content=\"index, follow, max-snippet:-1, max-image-preview:large, max-video-preview:-1\" \/>\n<link rel=\"canonical\" href=\"https:\/\/tourtravelandmore.com\/fr\/tours\/mexique-fr\/cancun-fr\/promenade-en-bateau-prive-sur-la-riviera-maya\/\" \/>\n<meta property=\"og:locale\" content=\"fr_FR\" \/>\n<meta property=\"og:type\" content=\"article\" \/>\n<meta property=\"og:title\" content=\"Promenade en bateau priv\u00e9 sur la Riviera Maya\" \/>\n<meta property=\"og:description\" content=\"Profitez d&#039;une exp\u00e9rience de luxe lors de votre visite au Mexique. Admirez l&#039;incroyable c\u00f4te des Cara\u00efbes avec notre promenade en bateau priv\u00e9 sur la Riviera Maya.\" \/>\n<meta property=\"og:url\" content=\"https:\/\/tourtravelandmore.com\/fr\/tours\/mexique-fr\/cancun-fr\/promenade-en-bateau-prive-sur-la-riviera-maya\/\" \/>\n<meta property=\"og:site_name\" content=\"Tour Travel And More\" \/>\n<meta property=\"article:publisher\" content=\"https:\/\/www.facebook.com\/tourtravelandmore\/\" \/>\n<meta property=\"article:modified_time\" content=\"2021-03-12T11:17:18+00:00\" \/>\n<meta property=\"og:image\" content=\"https:\/\/tourtravelandmore.com\/wp-content\/uploads\/2020\/12\/riviera-5.jpg\" \/>\n\t<meta property=\"og:image:width\" content=\"1024\" \/>\n\t<meta property=\"og:image:height\" content=\"768\" \/>\n\t<meta property=\"og:image:type\" content=\"image\/jpeg\" \/>\n<meta name=\"twitter:card\" content=\"summary_large_image\" \/>\n<meta name=\"twitter:site\" content=\"@TourTravel_More\" \/>\n<meta name=\"twitter:label1\" content=\"Dur\u00e9e de lecture estim\u00e9e\" \/>\n\t<meta name=\"twitter:data1\" content=\"2 minutes\" \/>\n<script type=\"application\/ld+json\" class=\"yoast-schema-graph\">{\"@context\":\"https:\/\/schema.org\",\"@graph\":[{\"@type\":\"WebPage\",\"@id\":\"https:\/\/tourtravelandmore.com\/fr\/tours\/mexique-fr\/cancun-fr\/promenade-en-bateau-prive-sur-la-riviera-maya\/\",\"url\":\"https:\/\/tourtravelandmore.com\/fr\/tours\/mexique-fr\/cancun-fr\/promenade-en-bateau-prive-sur-la-riviera-maya\/\",\"name\":\"Promenade en bateau priv\u00e9 sur la Riviera Maya - une v\u00e9ritable aventure dans l'oc\u00e9an!\",\"isPartOf\":{\"@id\":\"https:\/\/tourtravelandmore.com\/fr\/#website\"},\"primaryImageOfPage\":{\"@id\":\"https:\/\/tourtravelandmore.com\/fr\/tours\/mexique-fr\/cancun-fr\/promenade-en-bateau-prive-sur-la-riviera-maya\/#primaryimage\"},\"image\":{\"@id\":\"https:\/\/tourtravelandmore.com\/fr\/tours\/mexique-fr\/cancun-fr\/promenade-en-bateau-prive-sur-la-riviera-maya\/#primaryimage\"},\"thumbnailUrl\":\"https:\/\/tourtravelandmore.com\/wp-content\/uploads\/2020\/12\/riviera-5.jpg\",\"datePublished\":\"2020-12-31T09:38:23+00:00\",\"dateModified\":\"2021-03-12T11:17:18+00:00\",\"description\":\"Profitez d'une exp\u00e9rience de luxe lors de votre visite au Mexique. Admirez l'incroyable c\u00f4te des Cara\u00efbes avec notre promenade en bateau priv\u00e9 sur la Riviera Maya.\",\"breadcrumb\":{\"@id\":\"https:\/\/tourtravelandmore.com\/fr\/tours\/mexique-fr\/cancun-fr\/promenade-en-bateau-prive-sur-la-riviera-maya\/#breadcrumb\"},\"inLanguage\":\"fr-FR\",\"potentialAction\":[{\"@type\":\"ReadAction\",\"target\":[\"https:\/\/tourtravelandmore.com\/fr\/tours\/mexique-fr\/cancun-fr\/promenade-en-bateau-prive-sur-la-riviera-maya\/\"]}]},{\"@type\":\"ImageObject\",\"inLanguage\":\"fr-FR\",\"@id\":\"https:\/\/tourtravelandmore.com\/fr\/tours\/mexique-fr\/cancun-fr\/promenade-en-bateau-prive-sur-la-riviera-maya\/#primaryimage\",\"url\":\"https:\/\/tourtravelandmore.com\/wp-content\/uploads\/2020\/12\/riviera-5.jpg\",\"contentUrl\":\"https:\/\/tourtravelandmore.com\/wp-content\/uploads\/2020\/12\/riviera-5.jpg\",\"width\":1024,\"height\":768},{\"@type\":\"BreadcrumbList\",\"@id\":\"https:\/\/tourtravelandmore.com\/fr\/tours\/mexique-fr\/cancun-fr\/promenade-en-bateau-prive-sur-la-riviera-maya\/#breadcrumb\",\"itemListElement\":[{\"@type\":\"ListItem\",\"position\":1,\"name\":\"Home\",\"item\":\"https:\/\/tourtravelandmore.com\/fr\/\"},{\"@type\":\"ListItem\",\"position\":2,\"name\":\"Tours\",\"item\":\"https:\/\/tourtravelandmore.com\/fr\/tours\/\"},{\"@type\":\"ListItem\",\"position\":3,\"name\":\"Promenade en bateau priv\u00e9 sur la Riviera Maya\"}]},{\"@type\":\"WebSite\",\"@id\":\"https:\/\/tourtravelandmore.com\/fr\/#website\",\"url\":\"https:\/\/tourtravelandmore.com\/fr\/\",\"name\":\"Tour Travel And More\",\"description\":\"Private sightseeing tours and luxury transfers in Spain\",\"publisher\":{\"@id\":\"https:\/\/tourtravelandmore.com\/fr\/#organization\"},\"potentialAction\":[{\"@type\":\"SearchAction\",\"target\":{\"@type\":\"EntryPoint\",\"urlTemplate\":\"https:\/\/tourtravelandmore.com\/fr\/?s={search_term_string}\"},\"query-input\":{\"@type\":\"PropertyValueSpecification\",\"valueRequired\":true,\"valueName\":\"search_term_string\"}}],\"inLanguage\":\"fr-FR\"},{\"@type\":\"Organization\",\"@id\":\"https:\/\/tourtravelandmore.com\/fr\/#organization\",\"name\":\"Tour Travel And More\",\"url\":\"https:\/\/tourtravelandmore.com\/fr\/\",\"logo\":{\"@type\":\"ImageObject\",\"inLanguage\":\"fr-FR\",\"@id\":\"https:\/\/tourtravelandmore.com\/fr\/#\/schema\/logo\/image\/\",\"url\":\"https:\/\/tourtravelandmore.com\/wp-content\/uploads\/2022\/12\/cropped-logo-cabecera-new.png\",\"contentUrl\":\"https:\/\/tourtravelandmore.com\/wp-content\/uploads\/2022\/12\/cropped-logo-cabecera-new.png\",\"width\":430,\"height\":61,\"caption\":\"Tour Travel And More\"},\"image\":{\"@id\":\"https:\/\/tourtravelandmore.com\/fr\/#\/schema\/logo\/image\/\"},\"sameAs\":[\"https:\/\/www.facebook.com\/tourtravelandmore\/\",\"https:\/\/x.com\/TourTravel_More\"]}]}<\/script>\n<!-- \/ Yoast SEO Premium plugin. -->","yoast_head_json":{"title":"Promenade en bateau priv\u00e9 sur la Riviera Maya - une v\u00e9ritable aventure dans l'oc\u00e9an!","description":"Profitez d'une exp\u00e9rience de luxe lors de votre visite au Mexique. Admirez l'incroyable c\u00f4te des Cara\u00efbes avec notre promenade en bateau priv\u00e9 sur la Riviera Maya.","robots":{"index":"index","follow":"follow","max-snippet":"max-snippet:-1","max-image-preview":"max-image-preview:large","max-video-preview":"max-video-preview:-1"},"canonical":"https:\/\/tourtravelandmore.com\/fr\/tours\/mexique-fr\/cancun-fr\/promenade-en-bateau-prive-sur-la-riviera-maya\/","og_locale":"fr_FR","og_type":"article","og_title":"Promenade en bateau priv\u00e9 sur la Riviera Maya","og_description":"Profitez d'une exp\u00e9rience de luxe lors de votre visite au Mexique. Admirez l'incroyable c\u00f4te des Cara\u00efbes avec notre promenade en bateau priv\u00e9 sur la Riviera Maya.","og_url":"https:\/\/tourtravelandmore.com\/fr\/tours\/mexique-fr\/cancun-fr\/promenade-en-bateau-prive-sur-la-riviera-maya\/","og_site_name":"Tour Travel And More","article_publisher":"https:\/\/www.facebook.com\/tourtravelandmore\/","article_modified_time":"2021-03-12T11:17:18+00:00","og_image":[{"width":1024,"height":768,"url":"https:\/\/tourtravelandmore.com\/wp-content\/uploads\/2020\/12\/riviera-5.jpg","type":"image\/jpeg"}],"twitter_card":"summary_large_image","twitter_site":"@TourTravel_More","twitter_misc":{"Dur\u00e9e de lecture estim\u00e9e":"2 minutes"},"schema":{"@context":"https:\/\/schema.org","@graph":[{"@type":"WebPage","@id":"https:\/\/tourtravelandmore.com\/fr\/tours\/mexique-fr\/cancun-fr\/promenade-en-bateau-prive-sur-la-riviera-maya\/","url":"https:\/\/tourtravelandmore.com\/fr\/tours\/mexique-fr\/cancun-fr\/promenade-en-bateau-prive-sur-la-riviera-maya\/","name":"Promenade en bateau priv\u00e9 sur la Riviera Maya - une v\u00e9ritable aventure dans l'oc\u00e9an!","isPartOf":{"@id":"https:\/\/tourtravelandmore.com\/fr\/#website"},"primaryImageOfPage":{"@id":"https:\/\/tourtravelandmore.com\/fr\/tours\/mexique-fr\/cancun-fr\/promenade-en-bateau-prive-sur-la-riviera-maya\/#primaryimage"},"image":{"@id":"https:\/\/tourtravelandmore.com\/fr\/tours\/mexique-fr\/cancun-fr\/promenade-en-bateau-prive-sur-la-riviera-maya\/#primaryimage"},"thumbnailUrl":"https:\/\/tourtravelandmore.com\/wp-content\/uploads\/2020\/12\/riviera-5.jpg","datePublished":"2020-12-31T09:38:23+00:00","dateModified":"2021-03-12T11:17:18+00:00","description":"Profitez d'une exp\u00e9rience de luxe lors de votre visite au Mexique. Admirez l'incroyable c\u00f4te des Cara\u00efbes avec notre promenade en bateau priv\u00e9 sur la Riviera Maya.","breadcrumb":{"@id":"https:\/\/tourtravelandmore.com\/fr\/tours\/mexique-fr\/cancun-fr\/promenade-en-bateau-prive-sur-la-riviera-maya\/#breadcrumb"},"inLanguage":"fr-FR","potentialAction":[{"@type":"ReadAction","target":["https:\/\/tourtravelandmore.com\/fr\/tours\/mexique-fr\/cancun-fr\/promenade-en-bateau-prive-sur-la-riviera-maya\/"]}]},{"@type":"ImageObject","inLanguage":"fr-FR","@id":"https:\/\/tourtravelandmore.com\/fr\/tours\/mexique-fr\/cancun-fr\/promenade-en-bateau-prive-sur-la-riviera-maya\/#primaryimage","url":"https:\/\/tourtravelandmore.com\/wp-content\/uploads\/2020\/12\/riviera-5.jpg","contentUrl":"https:\/\/tourtravelandmore.com\/wp-content\/uploads\/2020\/12\/riviera-5.jpg","width":1024,"height":768},{"@type":"BreadcrumbList","@id":"https:\/\/tourtravelandmore.com\/fr\/tours\/mexique-fr\/cancun-fr\/promenade-en-bateau-prive-sur-la-riviera-maya\/#breadcrumb","itemListElement":[{"@type":"ListItem","position":1,"name":"Home","item":"https:\/\/tourtravelandmore.com\/fr\/"},{"@type":"ListItem","position":2,"name":"Tours","item":"https:\/\/tourtravelandmore.com\/fr\/tours\/"},{"@type":"ListItem","position":3,"name":"Promenade en bateau priv\u00e9 sur la Riviera Maya"}]},{"@type":"WebSite","@id":"https:\/\/tourtravelandmore.com\/fr\/#website","url":"https:\/\/tourtravelandmore.com\/fr\/","name":"Tour Travel And More","description":"Private sightseeing tours and luxury transfers in Spain","publisher":{"@id":"https:\/\/tourtravelandmore.com\/fr\/#organization"},"potentialAction":[{"@type":"SearchAction","target":{"@type":"EntryPoint","urlTemplate":"https:\/\/tourtravelandmore.com\/fr\/?s={search_term_string}"},"query-input":{"@type":"PropertyValueSpecification","valueRequired":true,"valueName":"search_term_string"}}],"inLanguage":"fr-FR"},{"@type":"Organization","@id":"https:\/\/tourtravelandmore.com\/fr\/#organization","name":"Tour Travel And More","url":"https:\/\/tourtravelandmore.com\/fr\/","logo":{"@type":"ImageObject","inLanguage":"fr-FR","@id":"https:\/\/tourtravelandmore.com\/fr\/#\/schema\/logo\/image\/","url":"https:\/\/tourtravelandmore.com\/wp-content\/uploads\/2022\/12\/cropped-logo-cabecera-new.png","contentUrl":"https:\/\/tourtravelandmore.com\/wp-content\/uploads\/2022\/12\/cropped-logo-cabecera-new.png","width":430,"height":61,"caption":"Tour Travel And More"},"image":{"@id":"https:\/\/tourtravelandmore.com\/fr\/#\/schema\/logo\/image\/"},"sameAs":["https:\/\/www.facebook.com\/tourtravelandmore\/","https:\/\/x.com\/TourTravel_More"]}]}},"_links":{"self":[{"href":"https:\/\/tourtravelandmore.com\/fr\/wp-json\/wp\/v2\/product\/102971","targetHints":{"allow":["GET"]}}],"collection":[{"href":"https:\/\/tourtravelandmore.com\/fr\/wp-json\/wp\/v2\/product"}],"about":[{"href":"https:\/\/tourtravelandmore.com\/fr\/wp-json\/wp\/v2\/types\/product"}],"replies":[{"embeddable":true,"href":"https:\/\/tourtravelandmore.com\/fr\/wp-json\/wp\/v2\/comments?post=102971"}],"wp:featuredmedia":[{"embeddable":true,"href":"https:\/\/tourtravelandmore.com\/fr\/wp-json\/wp\/v2\/media\/90849"}],"wp:attachment":[{"href":"https:\/\/tourtravelandmore.com\/fr\/wp-json\/wp\/v2\/media?parent=102971"}],"wp:term":[{"taxonomy":"product_brand","embeddable":true,"href":"https:\/\/tourtravelandmore.com\/fr\/wp-json\/wp\/v2\/product_brand?post=102971"},{"taxonomy":"product_cat","embeddable":true,"href":"https:\/\/tourtravelandmore.com\/fr\/wp-json\/wp\/v2\/product_cat?post=102971"},{"taxonomy":"product_tag","embeddable":true,"href":"https:\/\/tourtravelandmore.com\/fr\/wp-json\/wp\/v2\/product_tag?post=102971"}],"curies":[{"name":"wp","href":"https:\/\/api.w.org\/{rel}","templated":true}]}}