{"id":102958,"date":"2020-12-30T11:26:48","date_gmt":"2020-12-30T10:26:48","guid":{"rendered":"https:\/\/tourtravelandmore.com\/tours\/non%20class\u00e9\/route-privee-des-cenotes\/"},"modified":"2021-03-12T11:55:14","modified_gmt":"2021-03-12T10:55:14","slug":"route-privee-des-cenotes","status":"publish","type":"product","link":"https:\/\/tourtravelandmore.com\/fr\/tours\/mexique-fr\/cancun-fr\/route-privee-des-cenotes\/","title":{"rendered":"Route priv\u00e9e des c\u00e9notes"},"content":{"rendered":"<h2>Description<\/h2>\n<p>Visiter le Mexique implique de conna\u00eetre ses incroyables cenotes, c&#8217;est pourquoi nous avons l&#8217;excursion parfaite pour vous!. Venez avec nous sur cette route priv\u00e9e des c\u00e9notes et courez la chance d&#8217;explorer les plus beaux c\u00e9notes de la Riviera Maya. Le service aura lieu dans un v\u00e9hicule de luxe priv\u00e9 avec chauffeur \/ guide.<\/p>\n<p>La prise en charge peut se faire \u00e0 l&#8217;endroit de votre choix \u00e0 Cancun, Playa del Carmen ou m\u00eame Tulum. La dur\u00e9e exacte de la visite d\u00e9pendra du lieu de prise en charge, mais il s&#8217;agit d&#8217;une exp\u00e9rience d&#8217;une journ\u00e9e compl\u00e8te.<\/p>\n<p>Le Mexique est tr\u00e8s c\u00e9l\u00e8bre en raison de ses incroyables plages, de ses stations baln\u00e9aires, de sa vie nocturne et de ses incroyables cenotes. Cenote est un gouffre inond\u00e9 d&#8217;origine karstique. Il existe plusieurs types de cenotes: ouverts, semi-ouverts et souterrains ou dans une grotte.<\/p>\n<p>Au cours de cette route priv\u00e9e des Cenotes, vous visiterez les cenotes les plus beaux et les plus incroyables de la Riviera Maya. Votre chauffeur \/ guide priv\u00e9 vous expliquera l&#8217;histoire et la nature de ces lieux naturels incroyables.<\/p>\n<p>Soyez pr\u00eat pour une journ\u00e9e pleine d&#8217;adr\u00e9naline, de nature et d&#8217;aventure et, bien s\u00fbr, ayez votre appareil photo pr\u00eat!.<\/p>\n<h2>Sites d&#8217;int\u00e9r\u00eat et monuments<\/h2>\n<p>Tout d&#8217;abord, votre chauffeur \/ guide priv\u00e9 viendra vous chercher \u00e0 votre h\u00f4tel ou lieu de votre choix dans les villes mentionn\u00e9es. Pour cette visite priv\u00e9e, n&#8217;oubliez pas d&#8217;emporter des v\u00eatements confortables et des maillots de bain.<\/p>\n<p>Au cours de cette exp\u00e9rience, vous pourrez visiter les trois types de cenotes. L&#8217;itin\u00e9raire de la visite peut \u00eatre ajust\u00e9 en fonction de votre lieu de prise en charge et de vos int\u00e9r\u00eats.<\/p>\n<p>Quelque chose de tr\u00e8s important, c&#8217;est que les cenotes sont consid\u00e9r\u00e9s comme des lieux sacr\u00e9s pour les Mayas. Pour cette raison, il est tr\u00e8s important que nous adoptions une position similaire et que nous respections l&#8217;environnement dans son ensemble.<\/p>\n<p>Au cours de cet itin\u00e9raire priv\u00e9 des cenotes, vous pourrez admirer:<\/p>\n<ul>\n<li>Las Mojarras<\/li>\n<li>Bouche du puma<\/li>\n<li>Sept bouches<\/li>\n<li>Lucero Vert<\/li>\n<li>La grande roue<\/li>\n<li>Kin Ha<\/li>\n<li>R\u00e9server Toh<\/li>\n<\/ul>\n<p>Si vous souhaitez visiter un c\u00e9note sp\u00e9cifique, il vous suffit de nous contacter et nous ajusterons l&#8217;itin\u00e9raire pour vous. L&#8217;\u00e9quipe de Tour Travel &amp; More sera pr\u00eate \u00e0 vous aider.<\/p>\n<p>Enfin, \u00e0 la fin de la visite, votre chauffeur \/ guide priv\u00e9 vous ram\u00e8nera \u00e0 votre h\u00f4tel ou \u00e0 votre point de d\u00e9part.<\/p>\n<p>Nous proposons \u00e9galement une excursion priv\u00e9e d&#8217;une journ\u00e9e aux ruines de Cob\u00e1 au d\u00e9part de Tulum, Playa del Carmen ou Cancun, jetez un coup d&#8217;\u0153il!<\/p>\n<p><button style=\"width: auto; height: auto; background-image: url('data:image\/png;base64,iVBORw0KGgoAAAANSUhEUgAAADAAAAAwCAYAAABXAvmHAAABS2lUWHRYTUw6Y29tLmFkb2JlLnhtcAAAAAAAPD94cGFja2V0IGJlZ2luPSLvu78iIGlkPSJXNU0wTXBDZWhpSHpyZVN6TlRjemtjOWQiPz4KPHg6eG1wbWV0YSB4bWxuczp4PSJhZG9iZTpuczptZXRhLyIgeDp4bXB0az0iQWRvYmUgWE1QIENvcmUgNS42LWMxMzggNzkuMTU5ODI0LCAyMDE2LzA5LzE0LTAxOjA5OjAxICAgICAgICAiPgogPHJkZjpSREYgeG1sbnM6cmRmPSJodHRwOi8vd3d3LnczLm9yZy8xOTk5LzAyLzIyLXJkZi1zeW50YXgtbnMjIj4KICA8cmRmOkRlc2NyaXB0aW9uIHJkZjphYm91dD0iIi8+CiA8L3JkZjpSREY+CjwveDp4bXBtZXRhPgo8P3hwYWNrZXQgZW5kPSJyIj8+IEmuOgAAAx5JREFUaIHtmj1L81wYx39JI75AbYtgBTFTRdQGXV2cxMlPICjiakHE0cVJB5FO4uLgN1AnZ\/0EgoLQtd6tL6hJIwia9DzDg6Wxpcb7hMTe+INCz+t1\/TnJuU7OOYoQ4g8Qpz2xFSGEiNoLGVTAjtoJCWw1ag9k0eoTQgg2NzcplUp0dHRE5VNTHMdB0zTy+TydnZ21fI8Ay7K4vr4ml8uRSqVCd7IVQgjW19cpFAoYhlHLbxiBTCbD9PR06A76YXx8HNd1PXmed0BRFBzHwTTNUB3zy\/v7O7FYzJPX9i\/xr4Co0b6u0prj42Pu7u5a1unp6UHXdSYmJkgmk7ImPUgLWFlZoVQq+aqbSCSYn59ne3ubRCIhaxoI4BHSdd13Xcuy2N\/fxzCML0fNL9IjoChK7f\/p6Smjo6MNdWzb5vz8nI2NDUzTpFgsMjMzw+Xlpax5eQH1TE5OMjAw0LQsm80yNzdHNpvFtm2urq44PDxkaWlJymags9D9\/X3Lcl3X2dnZqaX39vakbYY+jS4uLtLV1QXAxcUFlUpFqr\/QBXR3d9Pf3w\/8v8J8fn6W6i90Aa7r8vT0BEAsFpOeTkMXcHJywsvLCwAjIyPSgS1QAb29vS3LHx4eyOVytfTy8rK0zUAFPD4+8vb25vm9vr5SLBY5ODjAMAzK5TIAQ0NDrK6uStsMNA7Mzs42rNfrn\/kP0uk0Z2dnaJq8+UAFfHb0M6qqsrCwwO7uLn19fYHYDFTA2tpa00isaRqDg4NMTU19a+3kh0AFbG1t1YJUWAT6EhcKhSC780Xbf5H9CoiaXwFRIy2gPng5jiPb3beRjgPDw8NYlgUQegyAAAQcHR3xccgTxNrmu0hbjMJpj32ZxkIITNOkWq16tlf8tlVVlWQy+e229UgLKJfLuK77VwI+PikjE6CqKmNjYzJdSPPvxQFVVT2HaD8JVVX5fKzdcEZWLpe5vb39cYd8ADc3Nw1nZB4B8XicdDpNPp+PJCi1wnEcUqkUmUzGk68IISp8uitRqVSoVqth+ueLJntIdtNZ6Kv9nZ9E21\/20IASbXzd5j\/MIQu2KoJrJwAAAABJRU5ErkJggg=='); background-size: 14px 14px; background-color: #000000; position: absolute; opacity: 1; z-index: 86753099; display: none; cursor: pointer; border: none; border-top-left-radius: 3px; border-top-right-radius: 3px; border-bottom-right-radius: 3px; border-bottom-left-radius: 3px; text-indent: 20px; padding: 0px 4px 0px 0px; text-align: center; font-style: normal; font-variant-caps: normal; font-weight: bold; font-stretch: normal; font-size: 11px; line-height: 20px; font-family: 'Helvetica Neue', Helvetica, sans-serif; color: #ffffff; text-transform: capitalize; -webkit-font-smoothing: antialiased; top: 1397px; left: 563px; background-position: 3px 50%; background-repeat: no-repeat no-repeat;\">plan it<\/button><\/p>\n","protected":false},"excerpt":{"rendered":"<p>Rejoignez-nous sur cette route priv\u00e9e des c\u00e9notes et courez la chance de visiter ces lieux naturels incroyables de la Riviera Maya avec un professionnel.<\/p>\n","protected":false},"featured_media":90718,"comment_status":"open","ping_status":"closed","template":"","meta":{"_acf_changed":false},"product_brand":[],"product_cat":[3727,3811,3812,3813],"product_tag":[],"class_list":{"0":"post-102958","1":"product","2":"type-product","3":"status-publish","4":"has-post-thumbnail","6":"product_cat-mexique-fr","7":"product_cat-cancun-fr","8":"product_cat-playa-del-carmen-fr","9":"product_cat-tulum-fr","11":"first","12":"instock","13":"shipping-taxable","14":"purchasable","15":"product-type-simple"},"acf":[],"yoast_head":"<!-- This site is optimized with the Yoast SEO Premium plugin v25.3.1 (Yoast SEO v25.3.1) - https:\/\/yoast.com\/wordpress\/plugins\/seo\/ -->\n<title>Route priv\u00e9e des c\u00e9notes - Une v\u00e9ritable exp\u00e9rience sur la Riviera Maya!<\/title>\n<meta name=\"description\" content=\"Rejoignez-nous sur cette route priv\u00e9e des c\u00e9notes et courez la chance de visiter ces lieux naturels incroyables de la Riviera Maya avec un professionnel.\" \/>\n<meta name=\"robots\" content=\"index, follow, max-snippet:-1, max-image-preview:large, max-video-preview:-1\" \/>\n<link rel=\"canonical\" href=\"https:\/\/tourtravelandmore.com\/fr\/tours\/mexique-fr\/cancun-fr\/route-privee-des-cenotes\/\" \/>\n<meta property=\"og:locale\" content=\"fr_FR\" \/>\n<meta property=\"og:type\" content=\"article\" \/>\n<meta property=\"og:title\" content=\"Route priv\u00e9e des c\u00e9notes\" \/>\n<meta property=\"og:description\" content=\"Rejoignez-nous sur cette route priv\u00e9e des c\u00e9notes et courez la chance de visiter ces lieux naturels incroyables de la Riviera Maya avec un professionnel.\" \/>\n<meta property=\"og:url\" content=\"https:\/\/tourtravelandmore.com\/fr\/tours\/mexique-fr\/cancun-fr\/route-privee-des-cenotes\/\" \/>\n<meta property=\"og:site_name\" content=\"Tour Travel And More\" \/>\n<meta property=\"article:publisher\" content=\"https:\/\/www.facebook.com\/tourtravelandmore\/\" \/>\n<meta property=\"article:modified_time\" content=\"2021-03-12T10:55:14+00:00\" \/>\n<meta property=\"og:image\" content=\"https:\/\/tourtravelandmore.com\/wp-content\/uploads\/2020\/12\/cenote-1024x768.jpg\" \/>\n\t<meta property=\"og:image:width\" content=\"1024\" \/>\n\t<meta property=\"og:image:height\" content=\"768\" \/>\n\t<meta property=\"og:image:type\" content=\"image\/jpeg\" \/>\n<meta name=\"twitter:card\" content=\"summary_large_image\" \/>\n<meta name=\"twitter:site\" content=\"@TourTravel_More\" \/>\n<meta name=\"twitter:label1\" content=\"Dur\u00e9e de lecture estim\u00e9e\" \/>\n\t<meta name=\"twitter:data1\" content=\"2 minutes\" \/>\n<script type=\"application\/ld+json\" class=\"yoast-schema-graph\">{\"@context\":\"https:\/\/schema.org\",\"@graph\":[{\"@type\":\"WebPage\",\"@id\":\"https:\/\/tourtravelandmore.com\/fr\/tours\/mexique-fr\/cancun-fr\/route-privee-des-cenotes\/\",\"url\":\"https:\/\/tourtravelandmore.com\/fr\/tours\/mexique-fr\/cancun-fr\/route-privee-des-cenotes\/\",\"name\":\"Route priv\u00e9e des c\u00e9notes - Une v\u00e9ritable exp\u00e9rience sur la Riviera Maya!\",\"isPartOf\":{\"@id\":\"https:\/\/tourtravelandmore.com\/fr\/#website\"},\"primaryImageOfPage\":{\"@id\":\"https:\/\/tourtravelandmore.com\/fr\/tours\/mexique-fr\/cancun-fr\/route-privee-des-cenotes\/#primaryimage\"},\"image\":{\"@id\":\"https:\/\/tourtravelandmore.com\/fr\/tours\/mexique-fr\/cancun-fr\/route-privee-des-cenotes\/#primaryimage\"},\"thumbnailUrl\":\"https:\/\/tourtravelandmore.com\/wp-content\/uploads\/2020\/12\/cenote.jpg\",\"datePublished\":\"2020-12-30T10:26:48+00:00\",\"dateModified\":\"2021-03-12T10:55:14+00:00\",\"description\":\"Rejoignez-nous sur cette route priv\u00e9e des c\u00e9notes et courez la chance de visiter ces lieux naturels incroyables de la Riviera Maya avec un professionnel.\",\"breadcrumb\":{\"@id\":\"https:\/\/tourtravelandmore.com\/fr\/tours\/mexique-fr\/cancun-fr\/route-privee-des-cenotes\/#breadcrumb\"},\"inLanguage\":\"fr-FR\",\"potentialAction\":[{\"@type\":\"ReadAction\",\"target\":[\"https:\/\/tourtravelandmore.com\/fr\/tours\/mexique-fr\/cancun-fr\/route-privee-des-cenotes\/\"]}]},{\"@type\":\"ImageObject\",\"inLanguage\":\"fr-FR\",\"@id\":\"https:\/\/tourtravelandmore.com\/fr\/tours\/mexique-fr\/cancun-fr\/route-privee-des-cenotes\/#primaryimage\",\"url\":\"https:\/\/tourtravelandmore.com\/wp-content\/uploads\/2020\/12\/cenote.jpg\",\"contentUrl\":\"https:\/\/tourtravelandmore.com\/wp-content\/uploads\/2020\/12\/cenote.jpg\",\"width\":1666,\"height\":1250},{\"@type\":\"BreadcrumbList\",\"@id\":\"https:\/\/tourtravelandmore.com\/fr\/tours\/mexique-fr\/cancun-fr\/route-privee-des-cenotes\/#breadcrumb\",\"itemListElement\":[{\"@type\":\"ListItem\",\"position\":1,\"name\":\"Home\",\"item\":\"https:\/\/tourtravelandmore.com\/fr\/\"},{\"@type\":\"ListItem\",\"position\":2,\"name\":\"Tours\",\"item\":\"https:\/\/tourtravelandmore.com\/fr\/tours\/\"},{\"@type\":\"ListItem\",\"position\":3,\"name\":\"Route priv\u00e9e des c\u00e9notes\"}]},{\"@type\":\"WebSite\",\"@id\":\"https:\/\/tourtravelandmore.com\/fr\/#website\",\"url\":\"https:\/\/tourtravelandmore.com\/fr\/\",\"name\":\"Tour Travel And More\",\"description\":\"Private sightseeing tours and luxury transfers in Spain\",\"publisher\":{\"@id\":\"https:\/\/tourtravelandmore.com\/fr\/#organization\"},\"potentialAction\":[{\"@type\":\"SearchAction\",\"target\":{\"@type\":\"EntryPoint\",\"urlTemplate\":\"https:\/\/tourtravelandmore.com\/fr\/?s={search_term_string}\"},\"query-input\":{\"@type\":\"PropertyValueSpecification\",\"valueRequired\":true,\"valueName\":\"search_term_string\"}}],\"inLanguage\":\"fr-FR\"},{\"@type\":\"Organization\",\"@id\":\"https:\/\/tourtravelandmore.com\/fr\/#organization\",\"name\":\"Tour Travel And More\",\"url\":\"https:\/\/tourtravelandmore.com\/fr\/\",\"logo\":{\"@type\":\"ImageObject\",\"inLanguage\":\"fr-FR\",\"@id\":\"https:\/\/tourtravelandmore.com\/fr\/#\/schema\/logo\/image\/\",\"url\":\"https:\/\/tourtravelandmore.com\/wp-content\/uploads\/2022\/12\/cropped-logo-cabecera-new.png\",\"contentUrl\":\"https:\/\/tourtravelandmore.com\/wp-content\/uploads\/2022\/12\/cropped-logo-cabecera-new.png\",\"width\":430,\"height\":61,\"caption\":\"Tour Travel And More\"},\"image\":{\"@id\":\"https:\/\/tourtravelandmore.com\/fr\/#\/schema\/logo\/image\/\"},\"sameAs\":[\"https:\/\/www.facebook.com\/tourtravelandmore\/\",\"https:\/\/x.com\/TourTravel_More\"]}]}<\/script>\n<!-- \/ Yoast SEO Premium plugin. -->","yoast_head_json":{"title":"Route priv\u00e9e des c\u00e9notes - Une v\u00e9ritable exp\u00e9rience sur la Riviera Maya!","description":"Rejoignez-nous sur cette route priv\u00e9e des c\u00e9notes et courez la chance de visiter ces lieux naturels incroyables de la Riviera Maya avec un professionnel.","robots":{"index":"index","follow":"follow","max-snippet":"max-snippet:-1","max-image-preview":"max-image-preview:large","max-video-preview":"max-video-preview:-1"},"canonical":"https:\/\/tourtravelandmore.com\/fr\/tours\/mexique-fr\/cancun-fr\/route-privee-des-cenotes\/","og_locale":"fr_FR","og_type":"article","og_title":"Route priv\u00e9e des c\u00e9notes","og_description":"Rejoignez-nous sur cette route priv\u00e9e des c\u00e9notes et courez la chance de visiter ces lieux naturels incroyables de la Riviera Maya avec un professionnel.","og_url":"https:\/\/tourtravelandmore.com\/fr\/tours\/mexique-fr\/cancun-fr\/route-privee-des-cenotes\/","og_site_name":"Tour Travel And More","article_publisher":"https:\/\/www.facebook.com\/tourtravelandmore\/","article_modified_time":"2021-03-12T10:55:14+00:00","og_image":[{"width":1024,"height":768,"url":"https:\/\/tourtravelandmore.com\/wp-content\/uploads\/2020\/12\/cenote-1024x768.jpg","type":"image\/jpeg"}],"twitter_card":"summary_large_image","twitter_site":"@TourTravel_More","twitter_misc":{"Dur\u00e9e de lecture estim\u00e9e":"2 minutes"},"schema":{"@context":"https:\/\/schema.org","@graph":[{"@type":"WebPage","@id":"https:\/\/tourtravelandmore.com\/fr\/tours\/mexique-fr\/cancun-fr\/route-privee-des-cenotes\/","url":"https:\/\/tourtravelandmore.com\/fr\/tours\/mexique-fr\/cancun-fr\/route-privee-des-cenotes\/","name":"Route priv\u00e9e des c\u00e9notes - Une v\u00e9ritable exp\u00e9rience sur la Riviera Maya!","isPartOf":{"@id":"https:\/\/tourtravelandmore.com\/fr\/#website"},"primaryImageOfPage":{"@id":"https:\/\/tourtravelandmore.com\/fr\/tours\/mexique-fr\/cancun-fr\/route-privee-des-cenotes\/#primaryimage"},"image":{"@id":"https:\/\/tourtravelandmore.com\/fr\/tours\/mexique-fr\/cancun-fr\/route-privee-des-cenotes\/#primaryimage"},"thumbnailUrl":"https:\/\/tourtravelandmore.com\/wp-content\/uploads\/2020\/12\/cenote.jpg","datePublished":"2020-12-30T10:26:48+00:00","dateModified":"2021-03-12T10:55:14+00:00","description":"Rejoignez-nous sur cette route priv\u00e9e des c\u00e9notes et courez la chance de visiter ces lieux naturels incroyables de la Riviera Maya avec un professionnel.","breadcrumb":{"@id":"https:\/\/tourtravelandmore.com\/fr\/tours\/mexique-fr\/cancun-fr\/route-privee-des-cenotes\/#breadcrumb"},"inLanguage":"fr-FR","potentialAction":[{"@type":"ReadAction","target":["https:\/\/tourtravelandmore.com\/fr\/tours\/mexique-fr\/cancun-fr\/route-privee-des-cenotes\/"]}]},{"@type":"ImageObject","inLanguage":"fr-FR","@id":"https:\/\/tourtravelandmore.com\/fr\/tours\/mexique-fr\/cancun-fr\/route-privee-des-cenotes\/#primaryimage","url":"https:\/\/tourtravelandmore.com\/wp-content\/uploads\/2020\/12\/cenote.jpg","contentUrl":"https:\/\/tourtravelandmore.com\/wp-content\/uploads\/2020\/12\/cenote.jpg","width":1666,"height":1250},{"@type":"BreadcrumbList","@id":"https:\/\/tourtravelandmore.com\/fr\/tours\/mexique-fr\/cancun-fr\/route-privee-des-cenotes\/#breadcrumb","itemListElement":[{"@type":"ListItem","position":1,"name":"Home","item":"https:\/\/tourtravelandmore.com\/fr\/"},{"@type":"ListItem","position":2,"name":"Tours","item":"https:\/\/tourtravelandmore.com\/fr\/tours\/"},{"@type":"ListItem","position":3,"name":"Route priv\u00e9e des c\u00e9notes"}]},{"@type":"WebSite","@id":"https:\/\/tourtravelandmore.com\/fr\/#website","url":"https:\/\/tourtravelandmore.com\/fr\/","name":"Tour Travel And More","description":"Private sightseeing tours and luxury transfers in Spain","publisher":{"@id":"https:\/\/tourtravelandmore.com\/fr\/#organization"},"potentialAction":[{"@type":"SearchAction","target":{"@type":"EntryPoint","urlTemplate":"https:\/\/tourtravelandmore.com\/fr\/?s={search_term_string}"},"query-input":{"@type":"PropertyValueSpecification","valueRequired":true,"valueName":"search_term_string"}}],"inLanguage":"fr-FR"},{"@type":"Organization","@id":"https:\/\/tourtravelandmore.com\/fr\/#organization","name":"Tour Travel And More","url":"https:\/\/tourtravelandmore.com\/fr\/","logo":{"@type":"ImageObject","inLanguage":"fr-FR","@id":"https:\/\/tourtravelandmore.com\/fr\/#\/schema\/logo\/image\/","url":"https:\/\/tourtravelandmore.com\/wp-content\/uploads\/2022\/12\/cropped-logo-cabecera-new.png","contentUrl":"https:\/\/tourtravelandmore.com\/wp-content\/uploads\/2022\/12\/cropped-logo-cabecera-new.png","width":430,"height":61,"caption":"Tour Travel And More"},"image":{"@id":"https:\/\/tourtravelandmore.com\/fr\/#\/schema\/logo\/image\/"},"sameAs":["https:\/\/www.facebook.com\/tourtravelandmore\/","https:\/\/x.com\/TourTravel_More"]}]}},"_links":{"self":[{"href":"https:\/\/tourtravelandmore.com\/fr\/wp-json\/wp\/v2\/product\/102958","targetHints":{"allow":["GET"]}}],"collection":[{"href":"https:\/\/tourtravelandmore.com\/fr\/wp-json\/wp\/v2\/product"}],"about":[{"href":"https:\/\/tourtravelandmore.com\/fr\/wp-json\/wp\/v2\/types\/product"}],"replies":[{"embeddable":true,"href":"https:\/\/tourtravelandmore.com\/fr\/wp-json\/wp\/v2\/comments?post=102958"}],"wp:featuredmedia":[{"embeddable":true,"href":"https:\/\/tourtravelandmore.com\/fr\/wp-json\/wp\/v2\/media\/90718"}],"wp:attachment":[{"href":"https:\/\/tourtravelandmore.com\/fr\/wp-json\/wp\/v2\/media?parent=102958"}],"wp:term":[{"taxonomy":"product_brand","embeddable":true,"href":"https:\/\/tourtravelandmore.com\/fr\/wp-json\/wp\/v2\/product_brand?post=102958"},{"taxonomy":"product_cat","embeddable":true,"href":"https:\/\/tourtravelandmore.com\/fr\/wp-json\/wp\/v2\/product_cat?post=102958"},{"taxonomy":"product_tag","embeddable":true,"href":"https:\/\/tourtravelandmore.com\/fr\/wp-json\/wp\/v2\/product_tag?post=102958"}],"curies":[{"name":"wp","href":"https:\/\/api.w.org\/{rel}","templated":true}]}}