{"id":102945,"date":"2020-12-16T11:27:48","date_gmt":"2020-12-16T10:27:48","guid":{"rendered":"https:\/\/tourtravelandmore.com\/tours\/non%20class\u00e9\/experience-de-plongee-en-apnee-privee\/"},"modified":"2021-03-12T11:48:33","modified_gmt":"2021-03-12T10:48:33","slug":"experience-de-plongee-en-apnee-privee","status":"publish","type":"product","link":"https:\/\/tourtravelandmore.com\/fr\/tours\/mexique-fr\/cancun-fr\/experience-de-plongee-en-apnee-privee\/","title":{"rendered":"Exp\u00e9rience de plong\u00e9e en apn\u00e9e priv\u00e9e"},"content":{"rendered":"<h2>Description:<\/h2>\n<p>Lorsque vous visitez la Riviera Maya, vous ne pouvez pas manquer une journ\u00e9e pour faire de la plong\u00e9e avec tuba. C&#8217;est pourquoi notre exp\u00e9rience de plong\u00e9e en apn\u00e9e priv\u00e9e est parfaite pour vous.<\/p>\n<p>Pour cette visite et pour la rendre plus confortable, nous organiserons la prise en charge \u00e0 votre h\u00f4tel sur la Riviera Maya. Cette prise en charge peut \u00eatre depuis Cancun, Playa del Carmen ou m\u00eame Tulum. Une fois que nous venons vous chercher, nous vous emm\u00e8nerons dans cette exp\u00e9rience de plong\u00e9e avec tuba.<\/p>\n<p>Il y a des endroits incroyables pour faire de la plong\u00e9e avec tuba comme Cozumel, Playa del Carmen ou m\u00eame Tulum. Ce sont quelques-uns des endroits les plus \u00e9tonnants pour faire de la plong\u00e9e avec tuba. Voici un exemple de ce que vous pouvez appr\u00e9cier pendant l&#8217;exp\u00e9rience. Comme toutes nos visites, il s&#8217;agit d&#8217;une visite priv\u00e9e qui peut \u00eatre personnalis\u00e9e. Faites-nous savoir ce que vous souhaitez et nous organiserons ensuite l&#8217;exp\u00e9rience priv\u00e9e en fonction de vos propres besoins.<\/p>\n<p>Les possibilit\u00e9s sont tr\u00e8s diff\u00e9rentes et nous pouvons organiser tout type d&#8217;exp\u00e9rience de plong\u00e9e en apn\u00e9e priv\u00e9e pour vous sur la Riviera Maya.<\/p>\n<p>Nos activit\u00e9s de plong\u00e9e en apn\u00e9e sont disponibles pour les familles et les personnes de tous niveaux. Si vous souhaitez plus d&#8217;informations, contactez nos experts en voyages!<\/p>\n<h2>Sites d&#8217;int\u00e9r\u00eat et monuments<\/h2>\n<p>Tout d&#8217;abord, apr\u00e8s avoir organis\u00e9 la prise en charge \u00e0 l&#8217;endroit de votre choix, nous nous dirigerons vers la zone o\u00f9 nous ferons de la plong\u00e9e avec tuba. Nous pouvons organiser le mat\u00e9riel de plong\u00e9e avec tuba (verre, tube et masque) ou vous pouvez apporter le v\u00f4tre.<\/p>\n<p>Le r\u00e9cif corral est l&#8217;un des endroits les plus int\u00e9ressants o\u00f9 l&#8217;on peut vous emmener faire de la plong\u00e9e avec tuba. Nous sommes des experts dans l&#8217;organisation de services personnalis\u00e9s priv\u00e9s, et celui-ci n&#8217;est pas diff\u00e9rent.<\/p>\n<p>Il est \u00e9galement tr\u00e8s populaire sur la Riviera Maya de faire l&#8217;activit\u00e9 de nager avec les tortues. Faites-nous savoir si vous \u00eates int\u00e9ress\u00e9 et nous pouvons \u00e9galement l&#8217;inclure dans la proposition. Ces activit\u00e9s peuvent \u00eatre r\u00e9alis\u00e9es \u00e0 Tulum &#8211; Cob\u00e1 et Akumal. Cela peut \u00e9galement \u00eatre fait dans Nager avec des tortues et 2 cenotes.<\/p>\n<p>Nous sommes \u00e0 votre enti\u00e8re disposition pour organiser une exp\u00e9rience personnalis\u00e9e pour vous. Ne manquez pas nos exp\u00e9riences priv\u00e9es au Mexique et dans le monde.<\/p>\n<p><button style=\"width: auto; height: auto; background-image: url('data:image\/png;base64,iVBORw0KGgoAAAANSUhEUgAAADAAAAAwCAYAAABXAvmHAAABS2lUWHRYTUw6Y29tLmFkb2JlLnhtcAAAAAAAPD94cGFja2V0IGJlZ2luPSLvu78iIGlkPSJXNU0wTXBDZWhpSHpyZVN6TlRjemtjOWQiPz4KPHg6eG1wbWV0YSB4bWxuczp4PSJhZG9iZTpuczptZXRhLyIgeDp4bXB0az0iQWRvYmUgWE1QIENvcmUgNS42LWMxMzggNzkuMTU5ODI0LCAyMDE2LzA5LzE0LTAxOjA5OjAxICAgICAgICAiPgogPHJkZjpSREYgeG1sbnM6cmRmPSJodHRwOi8vd3d3LnczLm9yZy8xOTk5LzAyLzIyLXJkZi1zeW50YXgtbnMjIj4KICA8cmRmOkRlc2NyaXB0aW9uIHJkZjphYm91dD0iIi8+CiA8L3JkZjpSREY+CjwveDp4bXBtZXRhPgo8P3hwYWNrZXQgZW5kPSJyIj8+IEmuOgAAAx5JREFUaIHtmj1L81wYx39JI75AbYtgBTFTRdQGXV2cxMlPICjiakHE0cVJB5FO4uLgN1AnZ\/0EgoLQtd6tL6hJIwia9DzDg6Wxpcb7hMTe+INCz+t1\/TnJuU7OOYoQ4g8Qpz2xFSGEiNoLGVTAjtoJCWw1ag9k0eoTQgg2NzcplUp0dHRE5VNTHMdB0zTy+TydnZ21fI8Ay7K4vr4ml8uRSqVCd7IVQgjW19cpFAoYhlHLbxiBTCbD9PR06A76YXx8HNd1PXmed0BRFBzHwTTNUB3zy\/v7O7FYzJPX9i\/xr4Co0b6u0prj42Pu7u5a1unp6UHXdSYmJkgmk7ImPUgLWFlZoVQq+aqbSCSYn59ne3ubRCIhaxoI4BHSdd13Xcuy2N\/fxzCML0fNL9IjoChK7f\/p6Smjo6MNdWzb5vz8nI2NDUzTpFgsMjMzw+Xlpax5eQH1TE5OMjAw0LQsm80yNzdHNpvFtm2urq44PDxkaWlJymags9D9\/X3Lcl3X2dnZqaX39vakbYY+jS4uLtLV1QXAxcUFlUpFqr\/QBXR3d9Pf3w\/8v8J8fn6W6i90Aa7r8vT0BEAsFpOeTkMXcHJywsvLCwAjIyPSgS1QAb29vS3LHx4eyOVytfTy8rK0zUAFPD4+8vb25vm9vr5SLBY5ODjAMAzK5TIAQ0NDrK6uStsMNA7Mzs42rNfrn\/kP0uk0Z2dnaJq8+UAFfHb0M6qqsrCwwO7uLn19fYHYDFTA2tpa00isaRqDg4NMTU19a+3kh0AFbG1t1YJUWAT6EhcKhSC780Xbf5H9CoiaXwFRIy2gPng5jiPb3beRjgPDw8NYlgUQegyAAAQcHR3xccgTxNrmu0hbjMJpj32ZxkIITNOkWq16tlf8tlVVlWQy+e229UgLKJfLuK77VwI+PikjE6CqKmNjYzJdSPPvxQFVVT2HaD8JVVX5fKzdcEZWLpe5vb39cYd8ADc3Nw1nZB4B8XicdDpNPp+PJCi1wnEcUqkUmUzGk68IISp8uitRqVSoVqth+ueLJntIdtNZ6Kv9nZ9E21\/20IASbXzd5j\/MIQu2KoJrJwAAAABJRU5ErkJggg=='); background-size: 14px 14px; background-color: #000000; position: absolute; opacity: 1; z-index: 86753099; display: none; cursor: pointer; border: none; border-top-left-radius: 3px; border-top-right-radius: 3px; border-bottom-right-radius: 3px; border-bottom-left-radius: 3px; text-indent: 20px; padding: 0px 4px 0px 0px; text-align: center; font-style: normal; font-variant-caps: normal; font-weight: bold; font-stretch: normal; font-size: 11px; line-height: 20px; font-family: 'Helvetica Neue', Helvetica, sans-serif; color: #ffffff; text-transform: capitalize; -webkit-font-smoothing: antialiased; top: 1397px; left: 563px; background-position: 3px 50%; background-repeat: no-repeat no-repeat;\">plan it<\/button><\/p>\n","protected":false},"excerpt":{"rendered":"<p>Profitez au maximum de votre s\u00e9jour \u00e0 Tulum et sur la Riviera Maya et venez avec nous pour cette exp\u00e9rience de plong\u00e9e en apn\u00e9e priv\u00e9e.<\/p>\n","protected":false},"featured_media":89910,"comment_status":"open","ping_status":"closed","template":"","meta":{"_acf_changed":false},"product_brand":[],"product_cat":[3727,3811,3812,3813,3547],"product_tag":[],"class_list":{"0":"post-102945","1":"product","2":"type-product","3":"status-publish","4":"has-post-thumbnail","6":"product_cat-mexique-fr","7":"product_cat-cancun-fr","8":"product_cat-playa-del-carmen-fr","9":"product_cat-tulum-fr","10":"product_cat-etats-unis-fr","12":"first","13":"instock","14":"shipping-taxable","15":"purchasable","16":"product-type-simple"},"acf":[],"yoast_head":"<!-- This site is optimized with the Yoast SEO Premium plugin v25.3.1 (Yoast SEO v25.3.1) - https:\/\/yoast.com\/wordpress\/plugins\/seo\/ -->\n<title>Exp\u00e9rience de plong\u00e9e avec tuba priv\u00e9e avec un guide et un v\u00e9hicule<\/title>\n<meta name=\"description\" content=\"Profitez au maximum de votre s\u00e9jour \u00e0 Tulum et sur la Riviera Maya et venez avec nous pour cette exp\u00e9rience de plong\u00e9e en apn\u00e9e priv\u00e9e. Activit\u00e9 amusante!\" \/>\n<meta name=\"robots\" content=\"index, follow, max-snippet:-1, max-image-preview:large, max-video-preview:-1\" \/>\n<link rel=\"canonical\" href=\"https:\/\/tourtravelandmore.com\/fr\/tours\/mexique-fr\/cancun-fr\/experience-de-plongee-en-apnee-privee\/\" \/>\n<meta property=\"og:locale\" content=\"fr_FR\" \/>\n<meta property=\"og:type\" content=\"article\" \/>\n<meta property=\"og:title\" content=\"Exp\u00e9rience de plong\u00e9e en apn\u00e9e priv\u00e9e\" \/>\n<meta property=\"og:description\" content=\"Profitez au maximum de votre s\u00e9jour \u00e0 Tulum et sur la Riviera Maya et venez avec nous pour cette exp\u00e9rience de plong\u00e9e en apn\u00e9e priv\u00e9e. Activit\u00e9 amusante!\" \/>\n<meta property=\"og:url\" content=\"https:\/\/tourtravelandmore.com\/fr\/tours\/mexique-fr\/cancun-fr\/experience-de-plongee-en-apnee-privee\/\" \/>\n<meta property=\"og:site_name\" content=\"Tour Travel And More\" \/>\n<meta property=\"article:publisher\" content=\"https:\/\/www.facebook.com\/tourtravelandmore\/\" \/>\n<meta property=\"article:modified_time\" content=\"2021-03-12T10:48:33+00:00\" \/>\n<meta property=\"og:image\" content=\"https:\/\/tourtravelandmore.com\/wp-content\/uploads\/2020\/12\/Snorkel-2-scaled.jpg\" \/>\n\t<meta property=\"og:image:width\" content=\"2560\" \/>\n\t<meta property=\"og:image:height\" content=\"1920\" \/>\n\t<meta property=\"og:image:type\" content=\"image\/jpeg\" \/>\n<meta name=\"twitter:card\" content=\"summary_large_image\" \/>\n<meta name=\"twitter:site\" content=\"@TourTravel_More\" \/>\n<meta name=\"twitter:label1\" content=\"Dur\u00e9e de lecture estim\u00e9e\" \/>\n\t<meta name=\"twitter:data1\" content=\"2 minutes\" \/>\n<script type=\"application\/ld+json\" class=\"yoast-schema-graph\">{\"@context\":\"https:\/\/schema.org\",\"@graph\":[{\"@type\":\"WebPage\",\"@id\":\"https:\/\/tourtravelandmore.com\/fr\/tours\/mexique-fr\/cancun-fr\/experience-de-plongee-en-apnee-privee\/\",\"url\":\"https:\/\/tourtravelandmore.com\/fr\/tours\/mexique-fr\/cancun-fr\/experience-de-plongee-en-apnee-privee\/\",\"name\":\"Exp\u00e9rience de plong\u00e9e avec tuba priv\u00e9e avec un guide et un v\u00e9hicule\",\"isPartOf\":{\"@id\":\"https:\/\/tourtravelandmore.com\/fr\/#website\"},\"primaryImageOfPage\":{\"@id\":\"https:\/\/tourtravelandmore.com\/fr\/tours\/mexique-fr\/cancun-fr\/experience-de-plongee-en-apnee-privee\/#primaryimage\"},\"image\":{\"@id\":\"https:\/\/tourtravelandmore.com\/fr\/tours\/mexique-fr\/cancun-fr\/experience-de-plongee-en-apnee-privee\/#primaryimage\"},\"thumbnailUrl\":\"https:\/\/tourtravelandmore.com\/wp-content\/uploads\/2020\/12\/Snorkel-2-scaled.jpg\",\"datePublished\":\"2020-12-16T10:27:48+00:00\",\"dateModified\":\"2021-03-12T10:48:33+00:00\",\"description\":\"Profitez au maximum de votre s\u00e9jour \u00e0 Tulum et sur la Riviera Maya et venez avec nous pour cette exp\u00e9rience de plong\u00e9e en apn\u00e9e priv\u00e9e. Activit\u00e9 amusante!\",\"breadcrumb\":{\"@id\":\"https:\/\/tourtravelandmore.com\/fr\/tours\/mexique-fr\/cancun-fr\/experience-de-plongee-en-apnee-privee\/#breadcrumb\"},\"inLanguage\":\"fr-FR\",\"potentialAction\":[{\"@type\":\"ReadAction\",\"target\":[\"https:\/\/tourtravelandmore.com\/fr\/tours\/mexique-fr\/cancun-fr\/experience-de-plongee-en-apnee-privee\/\"]}]},{\"@type\":\"ImageObject\",\"inLanguage\":\"fr-FR\",\"@id\":\"https:\/\/tourtravelandmore.com\/fr\/tours\/mexique-fr\/cancun-fr\/experience-de-plongee-en-apnee-privee\/#primaryimage\",\"url\":\"https:\/\/tourtravelandmore.com\/wp-content\/uploads\/2020\/12\/Snorkel-2-scaled.jpg\",\"contentUrl\":\"https:\/\/tourtravelandmore.com\/wp-content\/uploads\/2020\/12\/Snorkel-2-scaled.jpg\",\"width\":2560,\"height\":1920},{\"@type\":\"BreadcrumbList\",\"@id\":\"https:\/\/tourtravelandmore.com\/fr\/tours\/mexique-fr\/cancun-fr\/experience-de-plongee-en-apnee-privee\/#breadcrumb\",\"itemListElement\":[{\"@type\":\"ListItem\",\"position\":1,\"name\":\"Home\",\"item\":\"https:\/\/tourtravelandmore.com\/fr\/\"},{\"@type\":\"ListItem\",\"position\":2,\"name\":\"Tours\",\"item\":\"https:\/\/tourtravelandmore.com\/fr\/tours\/\"},{\"@type\":\"ListItem\",\"position\":3,\"name\":\"Exp\u00e9rience de plong\u00e9e en apn\u00e9e priv\u00e9e\"}]},{\"@type\":\"WebSite\",\"@id\":\"https:\/\/tourtravelandmore.com\/fr\/#website\",\"url\":\"https:\/\/tourtravelandmore.com\/fr\/\",\"name\":\"Tour Travel And More\",\"description\":\"Private sightseeing tours and luxury transfers in Spain\",\"publisher\":{\"@id\":\"https:\/\/tourtravelandmore.com\/fr\/#organization\"},\"potentialAction\":[{\"@type\":\"SearchAction\",\"target\":{\"@type\":\"EntryPoint\",\"urlTemplate\":\"https:\/\/tourtravelandmore.com\/fr\/?s={search_term_string}\"},\"query-input\":{\"@type\":\"PropertyValueSpecification\",\"valueRequired\":true,\"valueName\":\"search_term_string\"}}],\"inLanguage\":\"fr-FR\"},{\"@type\":\"Organization\",\"@id\":\"https:\/\/tourtravelandmore.com\/fr\/#organization\",\"name\":\"Tour Travel And More\",\"url\":\"https:\/\/tourtravelandmore.com\/fr\/\",\"logo\":{\"@type\":\"ImageObject\",\"inLanguage\":\"fr-FR\",\"@id\":\"https:\/\/tourtravelandmore.com\/fr\/#\/schema\/logo\/image\/\",\"url\":\"https:\/\/tourtravelandmore.com\/wp-content\/uploads\/2022\/12\/cropped-logo-cabecera-new.png\",\"contentUrl\":\"https:\/\/tourtravelandmore.com\/wp-content\/uploads\/2022\/12\/cropped-logo-cabecera-new.png\",\"width\":430,\"height\":61,\"caption\":\"Tour Travel And More\"},\"image\":{\"@id\":\"https:\/\/tourtravelandmore.com\/fr\/#\/schema\/logo\/image\/\"},\"sameAs\":[\"https:\/\/www.facebook.com\/tourtravelandmore\/\",\"https:\/\/x.com\/TourTravel_More\"]}]}<\/script>\n<!-- \/ Yoast SEO Premium plugin. -->","yoast_head_json":{"title":"Exp\u00e9rience de plong\u00e9e avec tuba priv\u00e9e avec un guide et un v\u00e9hicule","description":"Profitez au maximum de votre s\u00e9jour \u00e0 Tulum et sur la Riviera Maya et venez avec nous pour cette exp\u00e9rience de plong\u00e9e en apn\u00e9e priv\u00e9e. Activit\u00e9 amusante!","robots":{"index":"index","follow":"follow","max-snippet":"max-snippet:-1","max-image-preview":"max-image-preview:large","max-video-preview":"max-video-preview:-1"},"canonical":"https:\/\/tourtravelandmore.com\/fr\/tours\/mexique-fr\/cancun-fr\/experience-de-plongee-en-apnee-privee\/","og_locale":"fr_FR","og_type":"article","og_title":"Exp\u00e9rience de plong\u00e9e en apn\u00e9e priv\u00e9e","og_description":"Profitez au maximum de votre s\u00e9jour \u00e0 Tulum et sur la Riviera Maya et venez avec nous pour cette exp\u00e9rience de plong\u00e9e en apn\u00e9e priv\u00e9e. Activit\u00e9 amusante!","og_url":"https:\/\/tourtravelandmore.com\/fr\/tours\/mexique-fr\/cancun-fr\/experience-de-plongee-en-apnee-privee\/","og_site_name":"Tour Travel And More","article_publisher":"https:\/\/www.facebook.com\/tourtravelandmore\/","article_modified_time":"2021-03-12T10:48:33+00:00","og_image":[{"width":2560,"height":1920,"url":"https:\/\/tourtravelandmore.com\/wp-content\/uploads\/2020\/12\/Snorkel-2-scaled.jpg","type":"image\/jpeg"}],"twitter_card":"summary_large_image","twitter_site":"@TourTravel_More","twitter_misc":{"Dur\u00e9e de lecture estim\u00e9e":"2 minutes"},"schema":{"@context":"https:\/\/schema.org","@graph":[{"@type":"WebPage","@id":"https:\/\/tourtravelandmore.com\/fr\/tours\/mexique-fr\/cancun-fr\/experience-de-plongee-en-apnee-privee\/","url":"https:\/\/tourtravelandmore.com\/fr\/tours\/mexique-fr\/cancun-fr\/experience-de-plongee-en-apnee-privee\/","name":"Exp\u00e9rience de plong\u00e9e avec tuba priv\u00e9e avec un guide et un v\u00e9hicule","isPartOf":{"@id":"https:\/\/tourtravelandmore.com\/fr\/#website"},"primaryImageOfPage":{"@id":"https:\/\/tourtravelandmore.com\/fr\/tours\/mexique-fr\/cancun-fr\/experience-de-plongee-en-apnee-privee\/#primaryimage"},"image":{"@id":"https:\/\/tourtravelandmore.com\/fr\/tours\/mexique-fr\/cancun-fr\/experience-de-plongee-en-apnee-privee\/#primaryimage"},"thumbnailUrl":"https:\/\/tourtravelandmore.com\/wp-content\/uploads\/2020\/12\/Snorkel-2-scaled.jpg","datePublished":"2020-12-16T10:27:48+00:00","dateModified":"2021-03-12T10:48:33+00:00","description":"Profitez au maximum de votre s\u00e9jour \u00e0 Tulum et sur la Riviera Maya et venez avec nous pour cette exp\u00e9rience de plong\u00e9e en apn\u00e9e priv\u00e9e. Activit\u00e9 amusante!","breadcrumb":{"@id":"https:\/\/tourtravelandmore.com\/fr\/tours\/mexique-fr\/cancun-fr\/experience-de-plongee-en-apnee-privee\/#breadcrumb"},"inLanguage":"fr-FR","potentialAction":[{"@type":"ReadAction","target":["https:\/\/tourtravelandmore.com\/fr\/tours\/mexique-fr\/cancun-fr\/experience-de-plongee-en-apnee-privee\/"]}]},{"@type":"ImageObject","inLanguage":"fr-FR","@id":"https:\/\/tourtravelandmore.com\/fr\/tours\/mexique-fr\/cancun-fr\/experience-de-plongee-en-apnee-privee\/#primaryimage","url":"https:\/\/tourtravelandmore.com\/wp-content\/uploads\/2020\/12\/Snorkel-2-scaled.jpg","contentUrl":"https:\/\/tourtravelandmore.com\/wp-content\/uploads\/2020\/12\/Snorkel-2-scaled.jpg","width":2560,"height":1920},{"@type":"BreadcrumbList","@id":"https:\/\/tourtravelandmore.com\/fr\/tours\/mexique-fr\/cancun-fr\/experience-de-plongee-en-apnee-privee\/#breadcrumb","itemListElement":[{"@type":"ListItem","position":1,"name":"Home","item":"https:\/\/tourtravelandmore.com\/fr\/"},{"@type":"ListItem","position":2,"name":"Tours","item":"https:\/\/tourtravelandmore.com\/fr\/tours\/"},{"@type":"ListItem","position":3,"name":"Exp\u00e9rience de plong\u00e9e en apn\u00e9e priv\u00e9e"}]},{"@type":"WebSite","@id":"https:\/\/tourtravelandmore.com\/fr\/#website","url":"https:\/\/tourtravelandmore.com\/fr\/","name":"Tour Travel And More","description":"Private sightseeing tours and luxury transfers in Spain","publisher":{"@id":"https:\/\/tourtravelandmore.com\/fr\/#organization"},"potentialAction":[{"@type":"SearchAction","target":{"@type":"EntryPoint","urlTemplate":"https:\/\/tourtravelandmore.com\/fr\/?s={search_term_string}"},"query-input":{"@type":"PropertyValueSpecification","valueRequired":true,"valueName":"search_term_string"}}],"inLanguage":"fr-FR"},{"@type":"Organization","@id":"https:\/\/tourtravelandmore.com\/fr\/#organization","name":"Tour Travel And More","url":"https:\/\/tourtravelandmore.com\/fr\/","logo":{"@type":"ImageObject","inLanguage":"fr-FR","@id":"https:\/\/tourtravelandmore.com\/fr\/#\/schema\/logo\/image\/","url":"https:\/\/tourtravelandmore.com\/wp-content\/uploads\/2022\/12\/cropped-logo-cabecera-new.png","contentUrl":"https:\/\/tourtravelandmore.com\/wp-content\/uploads\/2022\/12\/cropped-logo-cabecera-new.png","width":430,"height":61,"caption":"Tour Travel And More"},"image":{"@id":"https:\/\/tourtravelandmore.com\/fr\/#\/schema\/logo\/image\/"},"sameAs":["https:\/\/www.facebook.com\/tourtravelandmore\/","https:\/\/x.com\/TourTravel_More"]}]}},"_links":{"self":[{"href":"https:\/\/tourtravelandmore.com\/fr\/wp-json\/wp\/v2\/product\/102945","targetHints":{"allow":["GET"]}}],"collection":[{"href":"https:\/\/tourtravelandmore.com\/fr\/wp-json\/wp\/v2\/product"}],"about":[{"href":"https:\/\/tourtravelandmore.com\/fr\/wp-json\/wp\/v2\/types\/product"}],"replies":[{"embeddable":true,"href":"https:\/\/tourtravelandmore.com\/fr\/wp-json\/wp\/v2\/comments?post=102945"}],"wp:featuredmedia":[{"embeddable":true,"href":"https:\/\/tourtravelandmore.com\/fr\/wp-json\/wp\/v2\/media\/89910"}],"wp:attachment":[{"href":"https:\/\/tourtravelandmore.com\/fr\/wp-json\/wp\/v2\/media?parent=102945"}],"wp:term":[{"taxonomy":"product_brand","embeddable":true,"href":"https:\/\/tourtravelandmore.com\/fr\/wp-json\/wp\/v2\/product_brand?post=102945"},{"taxonomy":"product_cat","embeddable":true,"href":"https:\/\/tourtravelandmore.com\/fr\/wp-json\/wp\/v2\/product_cat?post=102945"},{"taxonomy":"product_tag","embeddable":true,"href":"https:\/\/tourtravelandmore.com\/fr\/wp-json\/wp\/v2\/product_tag?post=102945"}],"curies":[{"name":"wp","href":"https:\/\/api.w.org\/{rel}","templated":true}]}}