{"id":102904,"date":"2020-12-16T10:47:29","date_gmt":"2020-12-16T09:47:29","guid":{"rendered":"https:\/\/tourtravelandmore.com\/tours\/non%20class\u00e9\/visite-privee-de-tulum-et-xel-ha\/"},"modified":"2021-03-12T11:34:51","modified_gmt":"2021-03-12T10:34:51","slug":"visite-privee-de-tulum-et-xel-ha","status":"publish","type":"product","link":"https:\/\/tourtravelandmore.com\/fr\/tours\/mexique-fr\/cancun-fr\/visite-privee-de-tulum-et-xel-ha\/","title":{"rendered":"Visite priv\u00e9e de Tulum et Xel-Ha"},"content":{"rendered":"<h2>Description<\/h2>\n<p>Lors de votre visite sur la Riviera Maya, faites notre excursion d&#8217;une journ\u00e9e pour visiter Tulum et Xel-Ha. Xel-Ha est un grand parc. Tulum est une ville fortifi\u00e9e incroyable des Mayas. Notre visite priv\u00e9e de Tulum et Xel-Ha est parfaite pour vous.<\/p>\n<p>Ils ne sont m\u00eame pas \u00e0 13 kilom\u00e8tres l&#8217;un de l&#8217;autre. C&#8217;est une belle journ\u00e9e pour toute la famille! Profitez d&#8217;une journ\u00e9e d&#8217;exploration de sites historiques et d&#8217;une journ\u00e9e amusante au parc Xel Ha.<\/p>\n<p>Nous savons que la plupart des gens vont aux Cara\u00efbes et \u00e0 la Riviera Maya pour se d\u00e9tendre et profiter des belles plages, mais nous vous recommandons de prendre une journ\u00e9e de d\u00e9tente pour profiter du meilleur de l&#8217;architecture de Tulum et vous amuser \u00e0 Xel-Ha.<\/p>\n<p>Veuillez informer nos experts en voyages o\u00f9 vous vous trouvez et nous organiserons une prise en charge \u00e0 votre h\u00f4tel ou lieu de votre choix \u00e0 Riviera Maya. Cela peut bien s\u00fbr \u00eatre Cancun, Tulum ou Playa del Carmen.<\/p>\n<p>Jetez un \u0153il \u00e0 notre proposition d&#8217;une journ\u00e9e compl\u00e8te ici ci-dessous.<\/p>\n<h2>Sites d&#8217;int\u00e9r\u00eat et monuments<\/h2>\n<p>Pour cette visite priv\u00e9e, nous organiserons une prise en charge \u00e0 votre h\u00f4tel ou lieu de votre choix. D\u00e8s que nous aurons cela arrang\u00e9, nous modifierons l&#8217;itin\u00e9raire et l&#8217;horaire pour r\u00e9pondre \u00e0 vos propres besoins.<\/p>\n<p>Notez que Tulum n&#8217;est pas aussi grande que Chichen Itz\u00e1, Tulum est vraiment une merveille \u00e0 visiter et \u00e0 appr\u00e9cier. C&#8217;est une ville situ\u00e9e pr\u00e8s de la mer et une ville de d\u00e9fense au sommet d&#8217;une colline.<\/p>\n<p>Nous organiserons cette visite priv\u00e9e pour profiter des meilleures parties de Tulum et bien s\u00fbr de la p\u00e9ninsule du Yucut\u00e1n.<\/p>\n<p>Voici quelques exemples de ce que vous pouvez appr\u00e9cier.<\/p>\n<ul>\n<li>Ch\u00e2teau de Tulum<\/li>\n<li>Temple du Dieu descendant<\/li>\n<li>Temple des fresques<\/li>\n<li>Mur de Tulum<\/li>\n<\/ul>\n<p>Nous organiserons du temps libre pour que vous puissiez \u00e9galement vous promener et explorer cette merveille arch\u00e9ologique!<\/p>\n<p>Apr\u00e8s avoir visit\u00e9 Tulum, nous nous dirigerons vers Xel Ha. C&#8217;est l&#8217;union qui signifie l&#8217;entr\u00e9e de l&#8217;eau ou le lieu o\u00f9 l&#8217;eau est n\u00e9e. Profitez d&#8217;une belle visite de Xel-Ha, un endroit vraiment unique \u00e0 visiter.<\/p>\n<p>Cette visite priv\u00e9e de Tulum et Xel-Ha se terminera \u00e0 votre h\u00f4tel ou au lieu de votre choix.<\/p>\n<p>Nous offrons de nombreux types de services priv\u00e9s au Mexique et bien s\u00fbr dans le monde. Ne manquez pas une occasion de contacter nos experts en voyages.<\/p>\n<p><button style=\"width: auto; height: auto; background-image: url('data:image\/png;base64,iVBORw0KGgoAAAANSUhEUgAAADAAAAAwCAYAAABXAvmHAAABS2lUWHRYTUw6Y29tLmFkb2JlLnhtcAAAAAAAPD94cGFja2V0IGJlZ2luPSLvu78iIGlkPSJXNU0wTXBDZWhpSHpyZVN6TlRjemtjOWQiPz4KPHg6eG1wbWV0YSB4bWxuczp4PSJhZG9iZTpuczptZXRhLyIgeDp4bXB0az0iQWRvYmUgWE1QIENvcmUgNS42LWMxMzggNzkuMTU5ODI0LCAyMDE2LzA5LzE0LTAxOjA5OjAxICAgICAgICAiPgogPHJkZjpSREYgeG1sbnM6cmRmPSJodHRwOi8vd3d3LnczLm9yZy8xOTk5LzAyLzIyLXJkZi1zeW50YXgtbnMjIj4KICA8cmRmOkRlc2NyaXB0aW9uIHJkZjphYm91dD0iIi8+CiA8L3JkZjpSREY+CjwveDp4bXBtZXRhPgo8P3hwYWNrZXQgZW5kPSJyIj8+IEmuOgAAAx5JREFUaIHtmj1L81wYx39JI75AbYtgBTFTRdQGXV2cxMlPICjiakHE0cVJB5FO4uLgN1AnZ\/0EgoLQtd6tL6hJIwia9DzDg6Wxpcb7hMTe+INCz+t1\/TnJuU7OOYoQ4g8Qpz2xFSGEiNoLGVTAjtoJCWw1ag9k0eoTQgg2NzcplUp0dHRE5VNTHMdB0zTy+TydnZ21fI8Ay7K4vr4ml8uRSqVCd7IVQgjW19cpFAoYhlHLbxiBTCbD9PR06A76YXx8HNd1PXmed0BRFBzHwTTNUB3zy\/v7O7FYzJPX9i\/xr4Co0b6u0prj42Pu7u5a1unp6UHXdSYmJkgmk7ImPUgLWFlZoVQq+aqbSCSYn59ne3ubRCIhaxoI4BHSdd13Xcuy2N\/fxzCML0fNL9IjoChK7f\/p6Smjo6MNdWzb5vz8nI2NDUzTpFgsMjMzw+Xlpax5eQH1TE5OMjAw0LQsm80yNzdHNpvFtm2urq44PDxkaWlJymags9D9\/X3Lcl3X2dnZqaX39vakbYY+jS4uLtLV1QXAxcUFlUpFqr\/QBXR3d9Pf3w\/8v8J8fn6W6i90Aa7r8vT0BEAsFpOeTkMXcHJywsvLCwAjIyPSgS1QAb29vS3LHx4eyOVytfTy8rK0zUAFPD4+8vb25vm9vr5SLBY5ODjAMAzK5TIAQ0NDrK6uStsMNA7Mzs42rNfrn\/kP0uk0Z2dnaJq8+UAFfHb0M6qqsrCwwO7uLn19fYHYDFTA2tpa00isaRqDg4NMTU19a+3kh0AFbG1t1YJUWAT6EhcKhSC780Xbf5H9CoiaXwFRIy2gPng5jiPb3beRjgPDw8NYlgUQegyAAAQcHR3xccgTxNrmu0hbjMJpj32ZxkIITNOkWq16tlf8tlVVlWQy+e229UgLKJfLuK77VwI+PikjE6CqKmNjYzJdSPPvxQFVVT2HaD8JVVX5fKzdcEZWLpe5vb39cYd8ADc3Nw1nZB4B8XicdDpNPp+PJCi1wnEcUqkUmUzGk68IISp8uitRqVSoVqth+ueLJntIdtNZ6Kv9nZ9E21\/20IASbXzd5j\/MIQu2KoJrJwAAAABJRU5ErkJggg=='); background-size: 14px 14px; background-color: #000000; position: absolute; opacity: 1; z-index: 86753099; display: none; cursor: pointer; border: none; border-top-left-radius: 3px; border-top-right-radius: 3px; border-bottom-right-radius: 3px; border-bottom-left-radius: 3px; text-indent: 20px; padding: 0px 4px 0px 0px; text-align: center; font-style: normal; font-variant-caps: normal; font-weight: bold; font-stretch: normal; font-size: 11px; line-height: 20px; font-family: 'Helvetica Neue', Helvetica, sans-serif; color: #ffffff; text-transform: capitalize; -webkit-font-smoothing: antialiased; top: 1397px; left: 563px; background-position: 3px 50%; background-repeat: no-repeat no-repeat;\">plan it<\/button><\/p>\n","protected":false},"excerpt":{"rendered":"<p>Profitez au maximum de votre s\u00e9jour \u00e0 Tulum et sur la Riviera Maya et venez avec nous lors de cette visite priv\u00e9e de Tulum et Xel-Ha.<\/p>\n","protected":false},"featured_media":89794,"comment_status":"open","ping_status":"closed","template":"","meta":{"_acf_changed":false},"product_brand":[],"product_cat":[3727,3811,3812,3813,3547],"product_tag":[],"class_list":{"0":"post-102904","1":"product","2":"type-product","3":"status-publish","4":"has-post-thumbnail","6":"product_cat-mexique-fr","7":"product_cat-cancun-fr","8":"product_cat-playa-del-carmen-fr","9":"product_cat-tulum-fr","10":"product_cat-etats-unis-fr","12":"first","13":"instock","14":"shipping-taxable","15":"purchasable","16":"product-type-simple"},"acf":[],"yoast_head":"<!-- This site is optimized with the Yoast SEO Premium plugin v25.3.1 (Yoast SEO v25.3.1) - https:\/\/yoast.com\/wordpress\/plugins\/seo\/ -->\n<title>Visite priv\u00e9e de Tulum et Xel-Ha avec un guide officiel et un v\u00e9hicule priv\u00e9<\/title>\n<meta name=\"description\" content=\"Profitez au maximum de votre s\u00e9jour \u00e0 Tulum et sur la Riviera Maya et venez avec nous lors de cette visite priv\u00e9e de Tulum et Xel-Ha. Visite priv\u00e9e.\" \/>\n<meta name=\"robots\" content=\"index, follow, max-snippet:-1, max-image-preview:large, max-video-preview:-1\" \/>\n<link rel=\"canonical\" href=\"https:\/\/tourtravelandmore.com\/fr\/tours\/mexique-fr\/cancun-fr\/visite-privee-de-tulum-et-xel-ha\/\" \/>\n<meta property=\"og:locale\" content=\"fr_FR\" \/>\n<meta property=\"og:type\" content=\"article\" \/>\n<meta property=\"og:title\" content=\"Visite priv\u00e9e de Tulum et Xel-Ha\" \/>\n<meta property=\"og:description\" content=\"Profitez au maximum de votre s\u00e9jour \u00e0 Tulum et sur la Riviera Maya et venez avec nous lors de cette visite priv\u00e9e de Tulum et Xel-Ha. Visite priv\u00e9e.\" \/>\n<meta property=\"og:url\" content=\"https:\/\/tourtravelandmore.com\/fr\/tours\/mexique-fr\/cancun-fr\/visite-privee-de-tulum-et-xel-ha\/\" \/>\n<meta property=\"og:site_name\" content=\"Tour Travel And More\" \/>\n<meta property=\"article:publisher\" content=\"https:\/\/www.facebook.com\/tourtravelandmore\/\" \/>\n<meta property=\"article:modified_time\" content=\"2021-03-12T10:34:51+00:00\" \/>\n<meta property=\"og:image\" content=\"https:\/\/tourtravelandmore.com\/wp-content\/uploads\/2020\/12\/Tulum-6-scaled.jpg\" \/>\n\t<meta property=\"og:image:width\" content=\"2560\" \/>\n\t<meta property=\"og:image:height\" content=\"1710\" \/>\n\t<meta property=\"og:image:type\" content=\"image\/jpeg\" \/>\n<meta name=\"twitter:card\" content=\"summary_large_image\" \/>\n<meta name=\"twitter:site\" content=\"@TourTravel_More\" \/>\n<meta name=\"twitter:label1\" content=\"Dur\u00e9e de lecture estim\u00e9e\" \/>\n\t<meta name=\"twitter:data1\" content=\"2 minutes\" \/>\n<script type=\"application\/ld+json\" class=\"yoast-schema-graph\">{\"@context\":\"https:\/\/schema.org\",\"@graph\":[{\"@type\":\"WebPage\",\"@id\":\"https:\/\/tourtravelandmore.com\/fr\/tours\/mexique-fr\/cancun-fr\/visite-privee-de-tulum-et-xel-ha\/\",\"url\":\"https:\/\/tourtravelandmore.com\/fr\/tours\/mexique-fr\/cancun-fr\/visite-privee-de-tulum-et-xel-ha\/\",\"name\":\"Visite priv\u00e9e de Tulum et Xel-Ha avec un guide officiel et un v\u00e9hicule priv\u00e9\",\"isPartOf\":{\"@id\":\"https:\/\/tourtravelandmore.com\/fr\/#website\"},\"primaryImageOfPage\":{\"@id\":\"https:\/\/tourtravelandmore.com\/fr\/tours\/mexique-fr\/cancun-fr\/visite-privee-de-tulum-et-xel-ha\/#primaryimage\"},\"image\":{\"@id\":\"https:\/\/tourtravelandmore.com\/fr\/tours\/mexique-fr\/cancun-fr\/visite-privee-de-tulum-et-xel-ha\/#primaryimage\"},\"thumbnailUrl\":\"https:\/\/tourtravelandmore.com\/wp-content\/uploads\/2020\/12\/Tulum-6-scaled.jpg\",\"datePublished\":\"2020-12-16T09:47:29+00:00\",\"dateModified\":\"2021-03-12T10:34:51+00:00\",\"description\":\"Profitez au maximum de votre s\u00e9jour \u00e0 Tulum et sur la Riviera Maya et venez avec nous lors de cette visite priv\u00e9e de Tulum et Xel-Ha. Visite priv\u00e9e.\",\"breadcrumb\":{\"@id\":\"https:\/\/tourtravelandmore.com\/fr\/tours\/mexique-fr\/cancun-fr\/visite-privee-de-tulum-et-xel-ha\/#breadcrumb\"},\"inLanguage\":\"fr-FR\",\"potentialAction\":[{\"@type\":\"ReadAction\",\"target\":[\"https:\/\/tourtravelandmore.com\/fr\/tours\/mexique-fr\/cancun-fr\/visite-privee-de-tulum-et-xel-ha\/\"]}]},{\"@type\":\"ImageObject\",\"inLanguage\":\"fr-FR\",\"@id\":\"https:\/\/tourtravelandmore.com\/fr\/tours\/mexique-fr\/cancun-fr\/visite-privee-de-tulum-et-xel-ha\/#primaryimage\",\"url\":\"https:\/\/tourtravelandmore.com\/wp-content\/uploads\/2020\/12\/Tulum-6-scaled.jpg\",\"contentUrl\":\"https:\/\/tourtravelandmore.com\/wp-content\/uploads\/2020\/12\/Tulum-6-scaled.jpg\",\"width\":2560,\"height\":1710},{\"@type\":\"BreadcrumbList\",\"@id\":\"https:\/\/tourtravelandmore.com\/fr\/tours\/mexique-fr\/cancun-fr\/visite-privee-de-tulum-et-xel-ha\/#breadcrumb\",\"itemListElement\":[{\"@type\":\"ListItem\",\"position\":1,\"name\":\"Home\",\"item\":\"https:\/\/tourtravelandmore.com\/fr\/\"},{\"@type\":\"ListItem\",\"position\":2,\"name\":\"Tours\",\"item\":\"https:\/\/tourtravelandmore.com\/fr\/tours\/\"},{\"@type\":\"ListItem\",\"position\":3,\"name\":\"Visite priv\u00e9e de Tulum et Xel-Ha\"}]},{\"@type\":\"WebSite\",\"@id\":\"https:\/\/tourtravelandmore.com\/fr\/#website\",\"url\":\"https:\/\/tourtravelandmore.com\/fr\/\",\"name\":\"Tour Travel And More\",\"description\":\"Private sightseeing tours and luxury transfers in Spain\",\"publisher\":{\"@id\":\"https:\/\/tourtravelandmore.com\/fr\/#organization\"},\"potentialAction\":[{\"@type\":\"SearchAction\",\"target\":{\"@type\":\"EntryPoint\",\"urlTemplate\":\"https:\/\/tourtravelandmore.com\/fr\/?s={search_term_string}\"},\"query-input\":{\"@type\":\"PropertyValueSpecification\",\"valueRequired\":true,\"valueName\":\"search_term_string\"}}],\"inLanguage\":\"fr-FR\"},{\"@type\":\"Organization\",\"@id\":\"https:\/\/tourtravelandmore.com\/fr\/#organization\",\"name\":\"Tour Travel And More\",\"url\":\"https:\/\/tourtravelandmore.com\/fr\/\",\"logo\":{\"@type\":\"ImageObject\",\"inLanguage\":\"fr-FR\",\"@id\":\"https:\/\/tourtravelandmore.com\/fr\/#\/schema\/logo\/image\/\",\"url\":\"https:\/\/tourtravelandmore.com\/wp-content\/uploads\/2022\/12\/cropped-logo-cabecera-new.png\",\"contentUrl\":\"https:\/\/tourtravelandmore.com\/wp-content\/uploads\/2022\/12\/cropped-logo-cabecera-new.png\",\"width\":430,\"height\":61,\"caption\":\"Tour Travel And More\"},\"image\":{\"@id\":\"https:\/\/tourtravelandmore.com\/fr\/#\/schema\/logo\/image\/\"},\"sameAs\":[\"https:\/\/www.facebook.com\/tourtravelandmore\/\",\"https:\/\/x.com\/TourTravel_More\"]}]}<\/script>\n<!-- \/ Yoast SEO Premium plugin. -->","yoast_head_json":{"title":"Visite priv\u00e9e de Tulum et Xel-Ha avec un guide officiel et un v\u00e9hicule priv\u00e9","description":"Profitez au maximum de votre s\u00e9jour \u00e0 Tulum et sur la Riviera Maya et venez avec nous lors de cette visite priv\u00e9e de Tulum et Xel-Ha. Visite priv\u00e9e.","robots":{"index":"index","follow":"follow","max-snippet":"max-snippet:-1","max-image-preview":"max-image-preview:large","max-video-preview":"max-video-preview:-1"},"canonical":"https:\/\/tourtravelandmore.com\/fr\/tours\/mexique-fr\/cancun-fr\/visite-privee-de-tulum-et-xel-ha\/","og_locale":"fr_FR","og_type":"article","og_title":"Visite priv\u00e9e de Tulum et Xel-Ha","og_description":"Profitez au maximum de votre s\u00e9jour \u00e0 Tulum et sur la Riviera Maya et venez avec nous lors de cette visite priv\u00e9e de Tulum et Xel-Ha. Visite priv\u00e9e.","og_url":"https:\/\/tourtravelandmore.com\/fr\/tours\/mexique-fr\/cancun-fr\/visite-privee-de-tulum-et-xel-ha\/","og_site_name":"Tour Travel And More","article_publisher":"https:\/\/www.facebook.com\/tourtravelandmore\/","article_modified_time":"2021-03-12T10:34:51+00:00","og_image":[{"width":2560,"height":1710,"url":"https:\/\/tourtravelandmore.com\/wp-content\/uploads\/2020\/12\/Tulum-6-scaled.jpg","type":"image\/jpeg"}],"twitter_card":"summary_large_image","twitter_site":"@TourTravel_More","twitter_misc":{"Dur\u00e9e de lecture estim\u00e9e":"2 minutes"},"schema":{"@context":"https:\/\/schema.org","@graph":[{"@type":"WebPage","@id":"https:\/\/tourtravelandmore.com\/fr\/tours\/mexique-fr\/cancun-fr\/visite-privee-de-tulum-et-xel-ha\/","url":"https:\/\/tourtravelandmore.com\/fr\/tours\/mexique-fr\/cancun-fr\/visite-privee-de-tulum-et-xel-ha\/","name":"Visite priv\u00e9e de Tulum et Xel-Ha avec un guide officiel et un v\u00e9hicule priv\u00e9","isPartOf":{"@id":"https:\/\/tourtravelandmore.com\/fr\/#website"},"primaryImageOfPage":{"@id":"https:\/\/tourtravelandmore.com\/fr\/tours\/mexique-fr\/cancun-fr\/visite-privee-de-tulum-et-xel-ha\/#primaryimage"},"image":{"@id":"https:\/\/tourtravelandmore.com\/fr\/tours\/mexique-fr\/cancun-fr\/visite-privee-de-tulum-et-xel-ha\/#primaryimage"},"thumbnailUrl":"https:\/\/tourtravelandmore.com\/wp-content\/uploads\/2020\/12\/Tulum-6-scaled.jpg","datePublished":"2020-12-16T09:47:29+00:00","dateModified":"2021-03-12T10:34:51+00:00","description":"Profitez au maximum de votre s\u00e9jour \u00e0 Tulum et sur la Riviera Maya et venez avec nous lors de cette visite priv\u00e9e de Tulum et Xel-Ha. Visite priv\u00e9e.","breadcrumb":{"@id":"https:\/\/tourtravelandmore.com\/fr\/tours\/mexique-fr\/cancun-fr\/visite-privee-de-tulum-et-xel-ha\/#breadcrumb"},"inLanguage":"fr-FR","potentialAction":[{"@type":"ReadAction","target":["https:\/\/tourtravelandmore.com\/fr\/tours\/mexique-fr\/cancun-fr\/visite-privee-de-tulum-et-xel-ha\/"]}]},{"@type":"ImageObject","inLanguage":"fr-FR","@id":"https:\/\/tourtravelandmore.com\/fr\/tours\/mexique-fr\/cancun-fr\/visite-privee-de-tulum-et-xel-ha\/#primaryimage","url":"https:\/\/tourtravelandmore.com\/wp-content\/uploads\/2020\/12\/Tulum-6-scaled.jpg","contentUrl":"https:\/\/tourtravelandmore.com\/wp-content\/uploads\/2020\/12\/Tulum-6-scaled.jpg","width":2560,"height":1710},{"@type":"BreadcrumbList","@id":"https:\/\/tourtravelandmore.com\/fr\/tours\/mexique-fr\/cancun-fr\/visite-privee-de-tulum-et-xel-ha\/#breadcrumb","itemListElement":[{"@type":"ListItem","position":1,"name":"Home","item":"https:\/\/tourtravelandmore.com\/fr\/"},{"@type":"ListItem","position":2,"name":"Tours","item":"https:\/\/tourtravelandmore.com\/fr\/tours\/"},{"@type":"ListItem","position":3,"name":"Visite priv\u00e9e de Tulum et Xel-Ha"}]},{"@type":"WebSite","@id":"https:\/\/tourtravelandmore.com\/fr\/#website","url":"https:\/\/tourtravelandmore.com\/fr\/","name":"Tour Travel And More","description":"Private sightseeing tours and luxury transfers in Spain","publisher":{"@id":"https:\/\/tourtravelandmore.com\/fr\/#organization"},"potentialAction":[{"@type":"SearchAction","target":{"@type":"EntryPoint","urlTemplate":"https:\/\/tourtravelandmore.com\/fr\/?s={search_term_string}"},"query-input":{"@type":"PropertyValueSpecification","valueRequired":true,"valueName":"search_term_string"}}],"inLanguage":"fr-FR"},{"@type":"Organization","@id":"https:\/\/tourtravelandmore.com\/fr\/#organization","name":"Tour Travel And More","url":"https:\/\/tourtravelandmore.com\/fr\/","logo":{"@type":"ImageObject","inLanguage":"fr-FR","@id":"https:\/\/tourtravelandmore.com\/fr\/#\/schema\/logo\/image\/","url":"https:\/\/tourtravelandmore.com\/wp-content\/uploads\/2022\/12\/cropped-logo-cabecera-new.png","contentUrl":"https:\/\/tourtravelandmore.com\/wp-content\/uploads\/2022\/12\/cropped-logo-cabecera-new.png","width":430,"height":61,"caption":"Tour Travel And More"},"image":{"@id":"https:\/\/tourtravelandmore.com\/fr\/#\/schema\/logo\/image\/"},"sameAs":["https:\/\/www.facebook.com\/tourtravelandmore\/","https:\/\/x.com\/TourTravel_More"]}]}},"_links":{"self":[{"href":"https:\/\/tourtravelandmore.com\/fr\/wp-json\/wp\/v2\/product\/102904","targetHints":{"allow":["GET"]}}],"collection":[{"href":"https:\/\/tourtravelandmore.com\/fr\/wp-json\/wp\/v2\/product"}],"about":[{"href":"https:\/\/tourtravelandmore.com\/fr\/wp-json\/wp\/v2\/types\/product"}],"replies":[{"embeddable":true,"href":"https:\/\/tourtravelandmore.com\/fr\/wp-json\/wp\/v2\/comments?post=102904"}],"wp:featuredmedia":[{"embeddable":true,"href":"https:\/\/tourtravelandmore.com\/fr\/wp-json\/wp\/v2\/media\/89794"}],"wp:attachment":[{"href":"https:\/\/tourtravelandmore.com\/fr\/wp-json\/wp\/v2\/media?parent=102904"}],"wp:term":[{"taxonomy":"product_brand","embeddable":true,"href":"https:\/\/tourtravelandmore.com\/fr\/wp-json\/wp\/v2\/product_brand?post=102904"},{"taxonomy":"product_cat","embeddable":true,"href":"https:\/\/tourtravelandmore.com\/fr\/wp-json\/wp\/v2\/product_cat?post=102904"},{"taxonomy":"product_tag","embeddable":true,"href":"https:\/\/tourtravelandmore.com\/fr\/wp-json\/wp\/v2\/product_tag?post=102904"}],"curies":[{"name":"wp","href":"https:\/\/api.w.org\/{rel}","templated":true}]}}