{"id":102891,"date":"2021-03-12T11:25:26","date_gmt":"2021-03-12T10:25:36","guid":{"rendered":"https:\/\/tourtravelandmore.com\/?post_type=product&#038;p=102891"},"modified":"2022-10-11T17:56:50","modified_gmt":"2022-10-11T15:56:50","slug":"visite-privee-dajaccio-en-corse-copy-copy-copy-copy-copy-copy-copy-copy-copy-copy","status":"publish","type":"product","link":"https:\/\/tourtravelandmore.com\/fr\/tours\/france-fr\/sttropez-fr\/visite-privee-dajaccio-en-corse-copy-copy-copy-copy-copy-copy-copy-copy-copy-copy\/","title":{"rendered":"Visite priv\u00e9e d&#8217;Ajaccio en Corse (Copy) (Copy) (Copy) (Copy) (Copy) (Copy) (Copy) (Copy) (Copy) (Copy)"},"content":{"rendered":"<h2>Description<\/h2>\n<p>Que ce soit en croisi\u00e8re \u00e0 terre ou en passant de belles vacances sur notre \u00eele. Profitez de notre visite priv\u00e9e d&#8217;Ajaccio. Profitez de ses belles falaises, montagnes et gorges. C&#8217;est un endroit unique.<\/p>\n<p>Nous viendrons vous chercher \u00e0 votre h\u00f4tel ou port de croisi\u00e8re et nous commencerons la visite priv\u00e9e!<\/p>\n<p>Tous nos v\u00e9hicules sont des v\u00e9hicules de luxe et tous nos chauffeurs sont licenci\u00e9s. Il en va de m\u00eame pour les guides touristiques officiels priv\u00e9s.<\/p>\n<p>L\u2019\u00eele de Corse regorge d\u2019anciennes colonies avec une vue imprenable et m\u00eame des forteresses.<\/p>\n<p>Nous pouvons modifier et organiser cette visite priv\u00e9e selon vos propres besoins!<\/p>\n<h2>Sites d&#8217;int\u00e9r\u00eat et monuments<\/h2>\n<p>La visite d\u00e9butera \u00e0 votre h\u00f4tel ou lieu de votre choix. Nous pouvons \u00e9galement organiser une prise en charge au port priv\u00e9 pour une exp\u00e9rience plus confortable.<\/p>\n<p>Nous viendrons vous chercher en priv\u00e9 et commencerons votre visite priv\u00e9e d&#8217;Ajaccio. Il y a tellement de traditions et de villes historiques pour savoir que la Corse est une \u00eele unique! La Corse est situ\u00e9e \u00e0 12km de la Sardaigne et c&#8217;est en fait plus proche de l&#8217;Italie que de la France! L&#8217;histoire de la Corse est \u00e9norme. L&#8217;histoire va des Romains, Grecs, Byzantins, Francs\u2026 et tant d&#8217;autres jusqu&#8217;\u00e0 ce qu&#8217;elle soit finalement conquise par la France!<\/p>\n<p>Profitez de cette visite priv\u00e9e avec un guide officiel ainsi qu&#8217;avec un v\u00e9hicule de luxe priv\u00e9 et un chauffeur s\u00e9par\u00e9.<\/p>\n<p>Voici quelques endroits dont vous pourrez profiter lors de votre visite priv\u00e9e:<\/p>\n<ul>\n<li>Calanques de Piana<\/li>\n<li>Citadelle de Calvi<\/li>\n<li>Plage de Palombaggia, Porto &#8211; Vecchio<\/li>\n<li>Maison Bonaparte, Ajaccio<\/li>\n<li>Citadelle de Bonifacio<\/li>\n<li>Aiguilles de Bavella, Zonza<\/li>\n<li>Vue de la plage de Saleccia, Santo Pietro di Tenda<\/li>\n<li>Chapelle de Notre Dame de la Serra<\/li>\n<\/ul>\n<p>Nous vous ferons d\u00e9couvrir les joyaux secrets d&#8217;Ajaccio et de la Corse. Nous vous d\u00e9poserons \u00e0 votre h\u00f4tel, croisi\u00e8re ou lieu de votre choix.<\/p>\n<p>Nous pouvons modifier la visite pour r\u00e9pondre \u00e0 vos besoins exacts.<\/p>\n","protected":false},"excerpt":{"rendered":"<p>D\u00e9couvrez le lieu de naissance de Napol\u00e9on Bonaparte lors d&#8217;une visite priv\u00e9e sur mesure depuis la Corse<\/p>\n","protected":false},"featured_media":102906,"comment_status":"open","ping_status":"closed","template":"","meta":{"_acf_changed":false},"product_brand":[],"product_cat":[3540,3626],"product_tag":[],"class_list":{"0":"post-102891","1":"product","2":"type-product","3":"status-publish","4":"has-post-thumbnail","6":"product_cat-france-fr","7":"product_cat-sttropez-fr","9":"first","10":"instock","11":"shipping-taxable","12":"purchasable","13":"product-type-simple"},"acf":[],"yoast_head":"<!-- This site is optimized with the Yoast SEO Premium plugin v25.3.1 (Yoast SEO v25.3.1) - https:\/\/yoast.com\/wordpress\/plugins\/seo\/ -->\n<title>Visite priv\u00e9e d&#039;Ajaccio avec chauffeur \/ guide local - Exp\u00e9rience personnalis\u00e9e<\/title>\n<meta name=\"description\" content=\"Profitez au mieux de votre s\u00e9jour sur l&#039;\u00eele o\u00f9 Napol\u00e9on Bonaparte est n\u00e9 et profitez de notre visite priv\u00e9e d&#039;Ajaccio\" \/>\n<meta name=\"robots\" content=\"index, follow, max-snippet:-1, max-image-preview:large, max-video-preview:-1\" \/>\n<link rel=\"canonical\" href=\"https:\/\/tourtravelandmore.com\/fr\/tours\/france-fr\/sttropez-fr\/visite-privee-dajaccio-en-corse-copy-copy-copy-copy-copy-copy-copy-copy-copy-copy\/\" \/>\n<meta property=\"og:locale\" content=\"fr_FR\" \/>\n<meta property=\"og:type\" content=\"article\" \/>\n<meta property=\"og:title\" content=\"Visite priv\u00e9e d&#039;Ajaccio en Corse (Copy) (Copy) (Copy) (Copy) (Copy) (Copy) (Copy) (Copy) (Copy) (Copy)\" \/>\n<meta property=\"og:description\" content=\"Profitez au mieux de votre s\u00e9jour sur l&#039;\u00eele o\u00f9 Napol\u00e9on Bonaparte est n\u00e9 et profitez de notre visite priv\u00e9e d&#039;Ajaccio\" \/>\n<meta property=\"og:url\" content=\"https:\/\/tourtravelandmore.com\/fr\/tours\/france-fr\/sttropez-fr\/visite-privee-dajaccio-en-corse-copy-copy-copy-copy-copy-copy-copy-copy-copy-copy\/\" \/>\n<meta property=\"og:site_name\" content=\"Tour Travel And More\" \/>\n<meta property=\"article:publisher\" content=\"https:\/\/www.facebook.com\/tourtravelandmore\/\" \/>\n<meta property=\"article:modified_time\" content=\"2022-10-11T15:56:50+00:00\" \/>\n<meta property=\"og:image\" content=\"https:\/\/tourtravelandmore.com\/wp-content\/uploads\/2021\/03\/winery-fr.jpg\" \/>\n\t<meta property=\"og:image:width\" content=\"720\" \/>\n\t<meta property=\"og:image:height\" content=\"480\" \/>\n\t<meta property=\"og:image:type\" content=\"image\/jpeg\" \/>\n<meta name=\"twitter:card\" content=\"summary_large_image\" \/>\n<meta name=\"twitter:site\" content=\"@TourTravel_More\" \/>\n<meta name=\"twitter:label1\" content=\"Dur\u00e9e de lecture estim\u00e9e\" \/>\n\t<meta name=\"twitter:data1\" content=\"2 minutes\" \/>\n<script type=\"application\/ld+json\" class=\"yoast-schema-graph\">{\"@context\":\"https:\/\/schema.org\",\"@graph\":[{\"@type\":\"WebPage\",\"@id\":\"https:\/\/tourtravelandmore.com\/fr\/tours\/france-fr\/sttropez-fr\/visite-privee-dajaccio-en-corse-copy-copy-copy-copy-copy-copy-copy-copy-copy-copy\/\",\"url\":\"https:\/\/tourtravelandmore.com\/fr\/tours\/france-fr\/sttropez-fr\/visite-privee-dajaccio-en-corse-copy-copy-copy-copy-copy-copy-copy-copy-copy-copy\/\",\"name\":\"Visite priv\u00e9e d'Ajaccio avec chauffeur \/ guide local - Exp\u00e9rience personnalis\u00e9e\",\"isPartOf\":{\"@id\":\"https:\/\/tourtravelandmore.com\/fr\/#website\"},\"primaryImageOfPage\":{\"@id\":\"https:\/\/tourtravelandmore.com\/fr\/tours\/france-fr\/sttropez-fr\/visite-privee-dajaccio-en-corse-copy-copy-copy-copy-copy-copy-copy-copy-copy-copy\/#primaryimage\"},\"image\":{\"@id\":\"https:\/\/tourtravelandmore.com\/fr\/tours\/france-fr\/sttropez-fr\/visite-privee-dajaccio-en-corse-copy-copy-copy-copy-copy-copy-copy-copy-copy-copy\/#primaryimage\"},\"thumbnailUrl\":\"https:\/\/tourtravelandmore.com\/wp-content\/uploads\/2021\/03\/winery-fr.jpg\",\"datePublished\":\"2021-03-12T10:25:36+00:00\",\"dateModified\":\"2022-10-11T15:56:50+00:00\",\"description\":\"Profitez au mieux de votre s\u00e9jour sur l'\u00eele o\u00f9 Napol\u00e9on Bonaparte est n\u00e9 et profitez de notre visite priv\u00e9e d'Ajaccio\",\"breadcrumb\":{\"@id\":\"https:\/\/tourtravelandmore.com\/fr\/tours\/france-fr\/sttropez-fr\/visite-privee-dajaccio-en-corse-copy-copy-copy-copy-copy-copy-copy-copy-copy-copy\/#breadcrumb\"},\"inLanguage\":\"fr-FR\",\"potentialAction\":[{\"@type\":\"ReadAction\",\"target\":[\"https:\/\/tourtravelandmore.com\/fr\/tours\/france-fr\/sttropez-fr\/visite-privee-dajaccio-en-corse-copy-copy-copy-copy-copy-copy-copy-copy-copy-copy\/\"]}]},{\"@type\":\"ImageObject\",\"inLanguage\":\"fr-FR\",\"@id\":\"https:\/\/tourtravelandmore.com\/fr\/tours\/france-fr\/sttropez-fr\/visite-privee-dajaccio-en-corse-copy-copy-copy-copy-copy-copy-copy-copy-copy-copy\/#primaryimage\",\"url\":\"https:\/\/tourtravelandmore.com\/wp-content\/uploads\/2021\/03\/winery-fr.jpg\",\"contentUrl\":\"https:\/\/tourtravelandmore.com\/wp-content\/uploads\/2021\/03\/winery-fr.jpg\",\"width\":720,\"height\":480},{\"@type\":\"BreadcrumbList\",\"@id\":\"https:\/\/tourtravelandmore.com\/fr\/tours\/france-fr\/sttropez-fr\/visite-privee-dajaccio-en-corse-copy-copy-copy-copy-copy-copy-copy-copy-copy-copy\/#breadcrumb\",\"itemListElement\":[{\"@type\":\"ListItem\",\"position\":1,\"name\":\"Home\",\"item\":\"https:\/\/tourtravelandmore.com\/fr\/\"},{\"@type\":\"ListItem\",\"position\":2,\"name\":\"Tours\",\"item\":\"https:\/\/tourtravelandmore.com\/fr\/tours\/\"},{\"@type\":\"ListItem\",\"position\":3,\"name\":\"Visite priv\u00e9e d&rsquo;Ajaccio en Corse (Copy) (Copy) (Copy) (Copy) (Copy) (Copy) (Copy) (Copy) (Copy) (Copy)\"}]},{\"@type\":\"WebSite\",\"@id\":\"https:\/\/tourtravelandmore.com\/fr\/#website\",\"url\":\"https:\/\/tourtravelandmore.com\/fr\/\",\"name\":\"Tour Travel And More\",\"description\":\"Private sightseeing tours and luxury transfers in Spain\",\"publisher\":{\"@id\":\"https:\/\/tourtravelandmore.com\/fr\/#organization\"},\"potentialAction\":[{\"@type\":\"SearchAction\",\"target\":{\"@type\":\"EntryPoint\",\"urlTemplate\":\"https:\/\/tourtravelandmore.com\/fr\/?s={search_term_string}\"},\"query-input\":{\"@type\":\"PropertyValueSpecification\",\"valueRequired\":true,\"valueName\":\"search_term_string\"}}],\"inLanguage\":\"fr-FR\"},{\"@type\":\"Organization\",\"@id\":\"https:\/\/tourtravelandmore.com\/fr\/#organization\",\"name\":\"Tour Travel And More\",\"url\":\"https:\/\/tourtravelandmore.com\/fr\/\",\"logo\":{\"@type\":\"ImageObject\",\"inLanguage\":\"fr-FR\",\"@id\":\"https:\/\/tourtravelandmore.com\/fr\/#\/schema\/logo\/image\/\",\"url\":\"https:\/\/tourtravelandmore.com\/wp-content\/uploads\/2022\/12\/cropped-logo-cabecera-new.png\",\"contentUrl\":\"https:\/\/tourtravelandmore.com\/wp-content\/uploads\/2022\/12\/cropped-logo-cabecera-new.png\",\"width\":430,\"height\":61,\"caption\":\"Tour Travel And More\"},\"image\":{\"@id\":\"https:\/\/tourtravelandmore.com\/fr\/#\/schema\/logo\/image\/\"},\"sameAs\":[\"https:\/\/www.facebook.com\/tourtravelandmore\/\",\"https:\/\/x.com\/TourTravel_More\"]}]}<\/script>\n<!-- \/ Yoast SEO Premium plugin. -->","yoast_head_json":{"title":"Visite priv\u00e9e d'Ajaccio avec chauffeur \/ guide local - Exp\u00e9rience personnalis\u00e9e","description":"Profitez au mieux de votre s\u00e9jour sur l'\u00eele o\u00f9 Napol\u00e9on Bonaparte est n\u00e9 et profitez de notre visite priv\u00e9e d'Ajaccio","robots":{"index":"index","follow":"follow","max-snippet":"max-snippet:-1","max-image-preview":"max-image-preview:large","max-video-preview":"max-video-preview:-1"},"canonical":"https:\/\/tourtravelandmore.com\/fr\/tours\/france-fr\/sttropez-fr\/visite-privee-dajaccio-en-corse-copy-copy-copy-copy-copy-copy-copy-copy-copy-copy\/","og_locale":"fr_FR","og_type":"article","og_title":"Visite priv\u00e9e d'Ajaccio en Corse (Copy) (Copy) (Copy) (Copy) (Copy) (Copy) (Copy) (Copy) (Copy) (Copy)","og_description":"Profitez au mieux de votre s\u00e9jour sur l'\u00eele o\u00f9 Napol\u00e9on Bonaparte est n\u00e9 et profitez de notre visite priv\u00e9e d'Ajaccio","og_url":"https:\/\/tourtravelandmore.com\/fr\/tours\/france-fr\/sttropez-fr\/visite-privee-dajaccio-en-corse-copy-copy-copy-copy-copy-copy-copy-copy-copy-copy\/","og_site_name":"Tour Travel And More","article_publisher":"https:\/\/www.facebook.com\/tourtravelandmore\/","article_modified_time":"2022-10-11T15:56:50+00:00","og_image":[{"width":720,"height":480,"url":"https:\/\/tourtravelandmore.com\/wp-content\/uploads\/2021\/03\/winery-fr.jpg","type":"image\/jpeg"}],"twitter_card":"summary_large_image","twitter_site":"@TourTravel_More","twitter_misc":{"Dur\u00e9e de lecture estim\u00e9e":"2 minutes"},"schema":{"@context":"https:\/\/schema.org","@graph":[{"@type":"WebPage","@id":"https:\/\/tourtravelandmore.com\/fr\/tours\/france-fr\/sttropez-fr\/visite-privee-dajaccio-en-corse-copy-copy-copy-copy-copy-copy-copy-copy-copy-copy\/","url":"https:\/\/tourtravelandmore.com\/fr\/tours\/france-fr\/sttropez-fr\/visite-privee-dajaccio-en-corse-copy-copy-copy-copy-copy-copy-copy-copy-copy-copy\/","name":"Visite priv\u00e9e d'Ajaccio avec chauffeur \/ guide local - Exp\u00e9rience personnalis\u00e9e","isPartOf":{"@id":"https:\/\/tourtravelandmore.com\/fr\/#website"},"primaryImageOfPage":{"@id":"https:\/\/tourtravelandmore.com\/fr\/tours\/france-fr\/sttropez-fr\/visite-privee-dajaccio-en-corse-copy-copy-copy-copy-copy-copy-copy-copy-copy-copy\/#primaryimage"},"image":{"@id":"https:\/\/tourtravelandmore.com\/fr\/tours\/france-fr\/sttropez-fr\/visite-privee-dajaccio-en-corse-copy-copy-copy-copy-copy-copy-copy-copy-copy-copy\/#primaryimage"},"thumbnailUrl":"https:\/\/tourtravelandmore.com\/wp-content\/uploads\/2021\/03\/winery-fr.jpg","datePublished":"2021-03-12T10:25:36+00:00","dateModified":"2022-10-11T15:56:50+00:00","description":"Profitez au mieux de votre s\u00e9jour sur l'\u00eele o\u00f9 Napol\u00e9on Bonaparte est n\u00e9 et profitez de notre visite priv\u00e9e d'Ajaccio","breadcrumb":{"@id":"https:\/\/tourtravelandmore.com\/fr\/tours\/france-fr\/sttropez-fr\/visite-privee-dajaccio-en-corse-copy-copy-copy-copy-copy-copy-copy-copy-copy-copy\/#breadcrumb"},"inLanguage":"fr-FR","potentialAction":[{"@type":"ReadAction","target":["https:\/\/tourtravelandmore.com\/fr\/tours\/france-fr\/sttropez-fr\/visite-privee-dajaccio-en-corse-copy-copy-copy-copy-copy-copy-copy-copy-copy-copy\/"]}]},{"@type":"ImageObject","inLanguage":"fr-FR","@id":"https:\/\/tourtravelandmore.com\/fr\/tours\/france-fr\/sttropez-fr\/visite-privee-dajaccio-en-corse-copy-copy-copy-copy-copy-copy-copy-copy-copy-copy\/#primaryimage","url":"https:\/\/tourtravelandmore.com\/wp-content\/uploads\/2021\/03\/winery-fr.jpg","contentUrl":"https:\/\/tourtravelandmore.com\/wp-content\/uploads\/2021\/03\/winery-fr.jpg","width":720,"height":480},{"@type":"BreadcrumbList","@id":"https:\/\/tourtravelandmore.com\/fr\/tours\/france-fr\/sttropez-fr\/visite-privee-dajaccio-en-corse-copy-copy-copy-copy-copy-copy-copy-copy-copy-copy\/#breadcrumb","itemListElement":[{"@type":"ListItem","position":1,"name":"Home","item":"https:\/\/tourtravelandmore.com\/fr\/"},{"@type":"ListItem","position":2,"name":"Tours","item":"https:\/\/tourtravelandmore.com\/fr\/tours\/"},{"@type":"ListItem","position":3,"name":"Visite priv\u00e9e d&rsquo;Ajaccio en Corse (Copy) (Copy) (Copy) (Copy) (Copy) (Copy) (Copy) (Copy) (Copy) (Copy)"}]},{"@type":"WebSite","@id":"https:\/\/tourtravelandmore.com\/fr\/#website","url":"https:\/\/tourtravelandmore.com\/fr\/","name":"Tour Travel And More","description":"Private sightseeing tours and luxury transfers in Spain","publisher":{"@id":"https:\/\/tourtravelandmore.com\/fr\/#organization"},"potentialAction":[{"@type":"SearchAction","target":{"@type":"EntryPoint","urlTemplate":"https:\/\/tourtravelandmore.com\/fr\/?s={search_term_string}"},"query-input":{"@type":"PropertyValueSpecification","valueRequired":true,"valueName":"search_term_string"}}],"inLanguage":"fr-FR"},{"@type":"Organization","@id":"https:\/\/tourtravelandmore.com\/fr\/#organization","name":"Tour Travel And More","url":"https:\/\/tourtravelandmore.com\/fr\/","logo":{"@type":"ImageObject","inLanguage":"fr-FR","@id":"https:\/\/tourtravelandmore.com\/fr\/#\/schema\/logo\/image\/","url":"https:\/\/tourtravelandmore.com\/wp-content\/uploads\/2022\/12\/cropped-logo-cabecera-new.png","contentUrl":"https:\/\/tourtravelandmore.com\/wp-content\/uploads\/2022\/12\/cropped-logo-cabecera-new.png","width":430,"height":61,"caption":"Tour Travel And More"},"image":{"@id":"https:\/\/tourtravelandmore.com\/fr\/#\/schema\/logo\/image\/"},"sameAs":["https:\/\/www.facebook.com\/tourtravelandmore\/","https:\/\/x.com\/TourTravel_More"]}]}},"_links":{"self":[{"href":"https:\/\/tourtravelandmore.com\/fr\/wp-json\/wp\/v2\/product\/102891","targetHints":{"allow":["GET"]}}],"collection":[{"href":"https:\/\/tourtravelandmore.com\/fr\/wp-json\/wp\/v2\/product"}],"about":[{"href":"https:\/\/tourtravelandmore.com\/fr\/wp-json\/wp\/v2\/types\/product"}],"replies":[{"embeddable":true,"href":"https:\/\/tourtravelandmore.com\/fr\/wp-json\/wp\/v2\/comments?post=102891"}],"wp:featuredmedia":[{"embeddable":true,"href":"https:\/\/tourtravelandmore.com\/fr\/wp-json\/wp\/v2\/media\/102906"}],"wp:attachment":[{"href":"https:\/\/tourtravelandmore.com\/fr\/wp-json\/wp\/v2\/media?parent=102891"}],"wp:term":[{"taxonomy":"product_brand","embeddable":true,"href":"https:\/\/tourtravelandmore.com\/fr\/wp-json\/wp\/v2\/product_brand?post=102891"},{"taxonomy":"product_cat","embeddable":true,"href":"https:\/\/tourtravelandmore.com\/fr\/wp-json\/wp\/v2\/product_cat?post=102891"},{"taxonomy":"product_tag","embeddable":true,"href":"https:\/\/tourtravelandmore.com\/fr\/wp-json\/wp\/v2\/product_tag?post=102891"}],"curies":[{"name":"wp","href":"https:\/\/api.w.org\/{rel}","templated":true}]}}