{"id":102877,"date":"2019-10-10T13:16:02","date_gmt":"2019-10-10T11:16:02","guid":{"rendered":"https:\/\/tourtravelandmore.com\/tours\/non%20class\u00e9\/visite-privee-de-stockholm\/"},"modified":"2021-03-12T11:25:55","modified_gmt":"2021-03-12T10:25:55","slug":"visite-privee-de-stockholm","status":"publish","type":"product","link":"https:\/\/tourtravelandmore.com\/fr\/tours\/suede-fr\/stockholm-fr\/visite-privee-de-stockholm\/","title":{"rendered":"Visite priv\u00e9e de Stockholm"},"content":{"rendered":"<h2>Description<\/h2>\n<p>Profitez de cette visite priv\u00e9e de la ville de Stockholm aux c\u00f4t\u00e9s de votre guide officiel priv\u00e9 et d\u00e9couvrez le meilleur de ce que Stockholm a \u00e0 offrir lors de cette visite priv\u00e9e. Cette visite se concentrera sur la vieille ville de Stockholm, Gamla Stan et les \u00eeles de Kungholmen et Riddarholmen.<\/p>\n<p>Nous nous rencontrerons en un point central \u00e0 Gamla Stan ou dans le lieu de votre choix. De l\u00e0, nous commencerons notre visite avec nos premi\u00e8res destinations, les palais royaux de Slottsbacken et Slottskajen. Nous continuerons vers l&#8217;\u00e9glise Saint-Nicolas, K\u00e4llargr\u00e4nd, le Stortorget et la place Branda Tomten. Nous ferons une petite promenade dans les rues \u00e9troites de M\u00e5rten Trotzigs Grand pour atteindre Kornhamnstorg, la place du port de c\u00e9r\u00e9ales.<\/p>\n<p>Plus tard, nous continuerons \u00e0 visiter les monuments et sites les plus c\u00e9l\u00e8bres des \u00eeles de Kungholmen et de Riddarholmen, comme l&#8217;\u00e9glise de Riddarholmen, les rues et les b\u00e2timents de Sankt Eriks et le palais de Hessenstein.<\/p>\n<p>Il existe de nombreux autres endroits o\u00f9 votre guide priv\u00e9 peut vous aider \u00e0 explorer, m\u00eame les endroits les plus embl\u00e9matiques et les plus impressionnants de Stockholm, o\u00f9 vous pouvez prendre les meilleures photos quand et o\u00f9 vous le souhaitez lors de votre visite priv\u00e9e. Les sites et le point de rencontre de cette visite sont enti\u00e8rement personnalisables. Veuillez nous contacter pour organiser la visite en fonction de vos besoins personnels.<\/p>\n<h2>Point sont des sites d&#8217;int\u00e9r\u00eat et des monuments<\/h2>\n<p>Lors de votre visite priv\u00e9e de la ville, vous d\u00e9couvrirez certains des endroits les plus reconnus de la ville. Vous serez t\u00e9moin de sa beaut\u00e9 architecturale unique. Parmi les sites que nous couvrirons depuis Stockholm, vous visiterez:<\/p>\n<ul>\n<li>H\u00f4tel de ville de Stockholm<\/li>\n<li>\u00c9glise Storkyrkan<\/li>\n<li>\u00c9glise de Riddarholmen<\/li>\n<li>Palais Hessenstein<\/li>\n<li>Gamla Riksarkivet<\/li>\n<li>Palais Wrangel<\/li>\n<li>Ancien b\u00e2timent du Riksdag<\/li>\n<li>Sankt Eriksgatan<\/li>\n<li>Slottskajen<\/li>\n<li>\u00c9glise de Saint-Nicolas<\/li>\n<li>Place Stortorget<\/li>\n<li>Place Branda Tomten<\/li>\n<li>\u00d6sterl\u00e5nggatan<\/li>\n<li>Riddarhuset<\/li>\n<li>Palais Bonde<\/li>\n<li>Tyska Brinken<\/li>\n<li>Kornhamnstorg, la place de Grain Harbour<\/li>\n<li>Corner Fleminggatan avec Pipersgatan<\/li>\n<li>Et bien d&#8217;autres endroits dans cette visite priv\u00e9e \u00e0 pied de Stockholm<\/li>\n<\/ul>\n<p>Cette visite est enti\u00e8rement personnalisable. Veuillez nous contacter pour rendre votre exp\u00e9rience unique et vous aider \u00e0 organiser votre visite priv\u00e9e. Nous pouvons \u00e9galement organiser des visites avec disposition de v\u00e9hicules priv\u00e9s.<\/p>\n<p>D\u00e9couvrez nos autres options de visites priv\u00e9es \u00e0 Stockholm ici!<\/p>\n","protected":false},"excerpt":{"rendered":"<p>Stockolmo est l&#8217;une des villes les plus belles et exclusives de la r\u00e9gion nordique. Venez avec nous lors de cette visite priv\u00e9e de la ville pour visiter et admirer les monuments et lieux les plus importants avec un chauffeur priv\u00e9 et un guide officiel. Ne manquez pas ses nombreux monuments tels que l\u2019\u00e9glise Riddarholmen, le palais Hessenstein, Gamla Riksarkivet et bien plus encore!<\/p>\n<h4><\/h4>\n","protected":false},"featured_media":96566,"comment_status":"open","ping_status":"closed","template":"","meta":{"_acf_changed":false},"product_brand":[],"product_cat":[3737,3815],"product_tag":[],"class_list":{"0":"post-102877","1":"product","2":"type-product","3":"status-publish","4":"has-post-thumbnail","6":"product_cat-suede-fr","7":"product_cat-stockholm-fr","9":"first","10":"instock","11":"shipping-taxable","12":"purchasable","13":"product-type-simple"},"acf":[],"yoast_head":"<!-- This site is optimized with the Yoast SEO Premium plugin v25.3.1 (Yoast SEO v25.3.1) - https:\/\/yoast.com\/wordpress\/plugins\/seo\/ -->\n<title>Visite priv\u00e9e de Stockholm avec chauffeur priv\u00e9 et guide officiel<\/title>\n<meta name=\"description\" content=\"Profitez de cette visite priv\u00e9e enti\u00e8rement personnalis\u00e9e de Stockholm et profitez de leurs monuments et sites les plus importants aux c\u00f4t\u00e9s d&#039;un guide priv\u00e9.\" \/>\n<meta name=\"robots\" content=\"index, follow, max-snippet:-1, max-image-preview:large, max-video-preview:-1\" \/>\n<link rel=\"canonical\" href=\"https:\/\/tourtravelandmore.com\/fr\/tours\/suede-fr\/stockholm-fr\/visite-privee-de-stockholm\/\" \/>\n<meta property=\"og:locale\" content=\"fr_FR\" \/>\n<meta property=\"og:type\" content=\"article\" \/>\n<meta property=\"og:title\" content=\"Visite priv\u00e9e de Stockholm\" \/>\n<meta property=\"og:description\" content=\"Profitez de cette visite priv\u00e9e enti\u00e8rement personnalis\u00e9e de Stockholm et profitez de leurs monuments et sites les plus importants aux c\u00f4t\u00e9s d&#039;un guide priv\u00e9.\" \/>\n<meta property=\"og:url\" content=\"https:\/\/tourtravelandmore.com\/fr\/tours\/suede-fr\/stockholm-fr\/visite-privee-de-stockholm\/\" \/>\n<meta property=\"og:site_name\" content=\"Tour Travel And More\" \/>\n<meta property=\"article:publisher\" content=\"https:\/\/www.facebook.com\/tourtravelandmore\/\" \/>\n<meta property=\"article:modified_time\" content=\"2021-03-12T10:25:55+00:00\" \/>\n<meta property=\"og:image\" content=\"https:\/\/tourtravelandmore.com\/wp-content\/uploads\/2019\/10\/Riddarholmen_from_Stockholm_City_Hall_tower-1024x680.jpg\" \/>\n\t<meta property=\"og:image:width\" content=\"1024\" \/>\n\t<meta property=\"og:image:height\" content=\"680\" \/>\n\t<meta property=\"og:image:type\" content=\"image\/jpeg\" \/>\n<meta name=\"twitter:card\" content=\"summary_large_image\" \/>\n<meta name=\"twitter:site\" content=\"@TourTravel_More\" \/>\n<meta name=\"twitter:label1\" content=\"Dur\u00e9e de lecture estim\u00e9e\" \/>\n\t<meta name=\"twitter:data1\" content=\"2 minutes\" \/>\n<script type=\"application\/ld+json\" class=\"yoast-schema-graph\">{\"@context\":\"https:\/\/schema.org\",\"@graph\":[{\"@type\":\"WebPage\",\"@id\":\"https:\/\/tourtravelandmore.com\/fr\/tours\/suede-fr\/stockholm-fr\/visite-privee-de-stockholm\/\",\"url\":\"https:\/\/tourtravelandmore.com\/fr\/tours\/suede-fr\/stockholm-fr\/visite-privee-de-stockholm\/\",\"name\":\"Visite priv\u00e9e de Stockholm avec chauffeur priv\u00e9 et guide officiel\",\"isPartOf\":{\"@id\":\"https:\/\/tourtravelandmore.com\/fr\/#website\"},\"primaryImageOfPage\":{\"@id\":\"https:\/\/tourtravelandmore.com\/fr\/tours\/suede-fr\/stockholm-fr\/visite-privee-de-stockholm\/#primaryimage\"},\"image\":{\"@id\":\"https:\/\/tourtravelandmore.com\/fr\/tours\/suede-fr\/stockholm-fr\/visite-privee-de-stockholm\/#primaryimage\"},\"thumbnailUrl\":\"https:\/\/tourtravelandmore.com\/wp-content\/uploads\/2019\/10\/Riddarholmen_from_Stockholm_City_Hall_tower.jpg\",\"datePublished\":\"2019-10-10T11:16:02+00:00\",\"dateModified\":\"2021-03-12T10:25:55+00:00\",\"description\":\"Profitez de cette visite priv\u00e9e enti\u00e8rement personnalis\u00e9e de Stockholm et profitez de leurs monuments et sites les plus importants aux c\u00f4t\u00e9s d'un guide priv\u00e9.\",\"breadcrumb\":{\"@id\":\"https:\/\/tourtravelandmore.com\/fr\/tours\/suede-fr\/stockholm-fr\/visite-privee-de-stockholm\/#breadcrumb\"},\"inLanguage\":\"fr-FR\",\"potentialAction\":[{\"@type\":\"ReadAction\",\"target\":[\"https:\/\/tourtravelandmore.com\/fr\/tours\/suede-fr\/stockholm-fr\/visite-privee-de-stockholm\/\"]}]},{\"@type\":\"ImageObject\",\"inLanguage\":\"fr-FR\",\"@id\":\"https:\/\/tourtravelandmore.com\/fr\/tours\/suede-fr\/stockholm-fr\/visite-privee-de-stockholm\/#primaryimage\",\"url\":\"https:\/\/tourtravelandmore.com\/wp-content\/uploads\/2019\/10\/Riddarholmen_from_Stockholm_City_Hall_tower.jpg\",\"contentUrl\":\"https:\/\/tourtravelandmore.com\/wp-content\/uploads\/2019\/10\/Riddarholmen_from_Stockholm_City_Hall_tower.jpg\",\"width\":4288,\"height\":2848},{\"@type\":\"BreadcrumbList\",\"@id\":\"https:\/\/tourtravelandmore.com\/fr\/tours\/suede-fr\/stockholm-fr\/visite-privee-de-stockholm\/#breadcrumb\",\"itemListElement\":[{\"@type\":\"ListItem\",\"position\":1,\"name\":\"Home\",\"item\":\"https:\/\/tourtravelandmore.com\/fr\/\"},{\"@type\":\"ListItem\",\"position\":2,\"name\":\"Tours\",\"item\":\"https:\/\/tourtravelandmore.com\/fr\/tours\/\"},{\"@type\":\"ListItem\",\"position\":3,\"name\":\"Visite priv\u00e9e de Stockholm\"}]},{\"@type\":\"WebSite\",\"@id\":\"https:\/\/tourtravelandmore.com\/fr\/#website\",\"url\":\"https:\/\/tourtravelandmore.com\/fr\/\",\"name\":\"Tour Travel And More\",\"description\":\"Private sightseeing tours and luxury transfers in Spain\",\"publisher\":{\"@id\":\"https:\/\/tourtravelandmore.com\/fr\/#organization\"},\"potentialAction\":[{\"@type\":\"SearchAction\",\"target\":{\"@type\":\"EntryPoint\",\"urlTemplate\":\"https:\/\/tourtravelandmore.com\/fr\/?s={search_term_string}\"},\"query-input\":{\"@type\":\"PropertyValueSpecification\",\"valueRequired\":true,\"valueName\":\"search_term_string\"}}],\"inLanguage\":\"fr-FR\"},{\"@type\":\"Organization\",\"@id\":\"https:\/\/tourtravelandmore.com\/fr\/#organization\",\"name\":\"Tour Travel And More\",\"url\":\"https:\/\/tourtravelandmore.com\/fr\/\",\"logo\":{\"@type\":\"ImageObject\",\"inLanguage\":\"fr-FR\",\"@id\":\"https:\/\/tourtravelandmore.com\/fr\/#\/schema\/logo\/image\/\",\"url\":\"https:\/\/tourtravelandmore.com\/wp-content\/uploads\/2022\/12\/cropped-logo-cabecera-new.png\",\"contentUrl\":\"https:\/\/tourtravelandmore.com\/wp-content\/uploads\/2022\/12\/cropped-logo-cabecera-new.png\",\"width\":430,\"height\":61,\"caption\":\"Tour Travel And More\"},\"image\":{\"@id\":\"https:\/\/tourtravelandmore.com\/fr\/#\/schema\/logo\/image\/\"},\"sameAs\":[\"https:\/\/www.facebook.com\/tourtravelandmore\/\",\"https:\/\/x.com\/TourTravel_More\"]}]}<\/script>\n<!-- \/ Yoast SEO Premium plugin. -->","yoast_head_json":{"title":"Visite priv\u00e9e de Stockholm avec chauffeur priv\u00e9 et guide officiel","description":"Profitez de cette visite priv\u00e9e enti\u00e8rement personnalis\u00e9e de Stockholm et profitez de leurs monuments et sites les plus importants aux c\u00f4t\u00e9s d'un guide priv\u00e9.","robots":{"index":"index","follow":"follow","max-snippet":"max-snippet:-1","max-image-preview":"max-image-preview:large","max-video-preview":"max-video-preview:-1"},"canonical":"https:\/\/tourtravelandmore.com\/fr\/tours\/suede-fr\/stockholm-fr\/visite-privee-de-stockholm\/","og_locale":"fr_FR","og_type":"article","og_title":"Visite priv\u00e9e de Stockholm","og_description":"Profitez de cette visite priv\u00e9e enti\u00e8rement personnalis\u00e9e de Stockholm et profitez de leurs monuments et sites les plus importants aux c\u00f4t\u00e9s d'un guide priv\u00e9.","og_url":"https:\/\/tourtravelandmore.com\/fr\/tours\/suede-fr\/stockholm-fr\/visite-privee-de-stockholm\/","og_site_name":"Tour Travel And More","article_publisher":"https:\/\/www.facebook.com\/tourtravelandmore\/","article_modified_time":"2021-03-12T10:25:55+00:00","og_image":[{"width":1024,"height":680,"url":"https:\/\/tourtravelandmore.com\/wp-content\/uploads\/2019\/10\/Riddarholmen_from_Stockholm_City_Hall_tower-1024x680.jpg","type":"image\/jpeg"}],"twitter_card":"summary_large_image","twitter_site":"@TourTravel_More","twitter_misc":{"Dur\u00e9e de lecture estim\u00e9e":"2 minutes"},"schema":{"@context":"https:\/\/schema.org","@graph":[{"@type":"WebPage","@id":"https:\/\/tourtravelandmore.com\/fr\/tours\/suede-fr\/stockholm-fr\/visite-privee-de-stockholm\/","url":"https:\/\/tourtravelandmore.com\/fr\/tours\/suede-fr\/stockholm-fr\/visite-privee-de-stockholm\/","name":"Visite priv\u00e9e de Stockholm avec chauffeur priv\u00e9 et guide officiel","isPartOf":{"@id":"https:\/\/tourtravelandmore.com\/fr\/#website"},"primaryImageOfPage":{"@id":"https:\/\/tourtravelandmore.com\/fr\/tours\/suede-fr\/stockholm-fr\/visite-privee-de-stockholm\/#primaryimage"},"image":{"@id":"https:\/\/tourtravelandmore.com\/fr\/tours\/suede-fr\/stockholm-fr\/visite-privee-de-stockholm\/#primaryimage"},"thumbnailUrl":"https:\/\/tourtravelandmore.com\/wp-content\/uploads\/2019\/10\/Riddarholmen_from_Stockholm_City_Hall_tower.jpg","datePublished":"2019-10-10T11:16:02+00:00","dateModified":"2021-03-12T10:25:55+00:00","description":"Profitez de cette visite priv\u00e9e enti\u00e8rement personnalis\u00e9e de Stockholm et profitez de leurs monuments et sites les plus importants aux c\u00f4t\u00e9s d'un guide priv\u00e9.","breadcrumb":{"@id":"https:\/\/tourtravelandmore.com\/fr\/tours\/suede-fr\/stockholm-fr\/visite-privee-de-stockholm\/#breadcrumb"},"inLanguage":"fr-FR","potentialAction":[{"@type":"ReadAction","target":["https:\/\/tourtravelandmore.com\/fr\/tours\/suede-fr\/stockholm-fr\/visite-privee-de-stockholm\/"]}]},{"@type":"ImageObject","inLanguage":"fr-FR","@id":"https:\/\/tourtravelandmore.com\/fr\/tours\/suede-fr\/stockholm-fr\/visite-privee-de-stockholm\/#primaryimage","url":"https:\/\/tourtravelandmore.com\/wp-content\/uploads\/2019\/10\/Riddarholmen_from_Stockholm_City_Hall_tower.jpg","contentUrl":"https:\/\/tourtravelandmore.com\/wp-content\/uploads\/2019\/10\/Riddarholmen_from_Stockholm_City_Hall_tower.jpg","width":4288,"height":2848},{"@type":"BreadcrumbList","@id":"https:\/\/tourtravelandmore.com\/fr\/tours\/suede-fr\/stockholm-fr\/visite-privee-de-stockholm\/#breadcrumb","itemListElement":[{"@type":"ListItem","position":1,"name":"Home","item":"https:\/\/tourtravelandmore.com\/fr\/"},{"@type":"ListItem","position":2,"name":"Tours","item":"https:\/\/tourtravelandmore.com\/fr\/tours\/"},{"@type":"ListItem","position":3,"name":"Visite priv\u00e9e de Stockholm"}]},{"@type":"WebSite","@id":"https:\/\/tourtravelandmore.com\/fr\/#website","url":"https:\/\/tourtravelandmore.com\/fr\/","name":"Tour Travel And More","description":"Private sightseeing tours and luxury transfers in Spain","publisher":{"@id":"https:\/\/tourtravelandmore.com\/fr\/#organization"},"potentialAction":[{"@type":"SearchAction","target":{"@type":"EntryPoint","urlTemplate":"https:\/\/tourtravelandmore.com\/fr\/?s={search_term_string}"},"query-input":{"@type":"PropertyValueSpecification","valueRequired":true,"valueName":"search_term_string"}}],"inLanguage":"fr-FR"},{"@type":"Organization","@id":"https:\/\/tourtravelandmore.com\/fr\/#organization","name":"Tour Travel And More","url":"https:\/\/tourtravelandmore.com\/fr\/","logo":{"@type":"ImageObject","inLanguage":"fr-FR","@id":"https:\/\/tourtravelandmore.com\/fr\/#\/schema\/logo\/image\/","url":"https:\/\/tourtravelandmore.com\/wp-content\/uploads\/2022\/12\/cropped-logo-cabecera-new.png","contentUrl":"https:\/\/tourtravelandmore.com\/wp-content\/uploads\/2022\/12\/cropped-logo-cabecera-new.png","width":430,"height":61,"caption":"Tour Travel And More"},"image":{"@id":"https:\/\/tourtravelandmore.com\/fr\/#\/schema\/logo\/image\/"},"sameAs":["https:\/\/www.facebook.com\/tourtravelandmore\/","https:\/\/x.com\/TourTravel_More"]}]}},"_links":{"self":[{"href":"https:\/\/tourtravelandmore.com\/fr\/wp-json\/wp\/v2\/product\/102877","targetHints":{"allow":["GET"]}}],"collection":[{"href":"https:\/\/tourtravelandmore.com\/fr\/wp-json\/wp\/v2\/product"}],"about":[{"href":"https:\/\/tourtravelandmore.com\/fr\/wp-json\/wp\/v2\/types\/product"}],"replies":[{"embeddable":true,"href":"https:\/\/tourtravelandmore.com\/fr\/wp-json\/wp\/v2\/comments?post=102877"}],"wp:featuredmedia":[{"embeddable":true,"href":"https:\/\/tourtravelandmore.com\/fr\/wp-json\/wp\/v2\/media\/96566"}],"wp:attachment":[{"href":"https:\/\/tourtravelandmore.com\/fr\/wp-json\/wp\/v2\/media?parent=102877"}],"wp:term":[{"taxonomy":"product_brand","embeddable":true,"href":"https:\/\/tourtravelandmore.com\/fr\/wp-json\/wp\/v2\/product_brand?post=102877"},{"taxonomy":"product_cat","embeddable":true,"href":"https:\/\/tourtravelandmore.com\/fr\/wp-json\/wp\/v2\/product_cat?post=102877"},{"taxonomy":"product_tag","embeddable":true,"href":"https:\/\/tourtravelandmore.com\/fr\/wp-json\/wp\/v2\/product_tag?post=102877"}],"curies":[{"name":"wp","href":"https:\/\/api.w.org\/{rel}","templated":true}]}}