{"id":102871,"date":"2019-10-10T13:16:00","date_gmt":"2019-10-10T11:16:00","guid":{"rendered":"https:\/\/tourtravelandmore.com\/tours\/non%20class\u00e9\/visite-privee-de-skansen-au-depart-de-stockholm\/"},"modified":"2021-03-12T11:24:09","modified_gmt":"2021-03-12T10:24:09","slug":"visite-privee-de-skansen-au-depart-de-stockholm","status":"publish","type":"product","link":"https:\/\/tourtravelandmore.com\/fr\/tours\/suede-fr\/stockholm-fr\/visite-privee-de-skansen-au-depart-de-stockholm\/","title":{"rendered":"Visite priv\u00e9e de Skansen au d\u00e9part de Stockholm"},"content":{"rendered":"<h2>Description<\/h2>\n<p>Venez avec nous et profitez de cette excursion priv\u00e9e \u00e0 terre avec votre guide officiel et d\u00e9couvrez les sites les plus embl\u00e9matiques de Skansen et profitez de cette excursion priv\u00e9e \u00e0 terre de 6 heures \u00e0 Skansen au d\u00e9part de Stockholm. Un v\u00e9hicule priv\u00e9 avec chauffeur viendra vous chercher \u00e0 votre h\u00f4tel ou lieu de votre choix \u00e0 Stockholm. Votre chauffeur priv\u00e9 vous emm\u00e8nera dans cette visite priv\u00e9e pour d\u00e9couvrir le meilleur de Skansen.<\/p>\n<p>A Stockholm, nous irons sur l&#8217;\u00eele de Djurg\u00e5rden, qui abrite de nombreux mus\u00e9es et o\u00f9 se trouve Skansen. Skansen est le plus ancien mus\u00e9e en plein air du monde, pr\u00e9sentant toute la Su\u00e8de avec des maisons et des fermes de toutes les r\u00e9gions du pays. C\u2019est le seul mus\u00e9e en plein air au monde avec des animaux sauvages.<\/p>\n<p>Nous avons \u00e0 votre disposition des v\u00e9hicules priv\u00e9s avec chauffeur qui peuvent venir vous chercher o\u00f9 que vous soyez. Nous vous proposons une exp\u00e9rience inoubliable et unique. Bellow est une visite de 6 heures. Le nombre exact d&#8217;heures est r\u00e9glable en fonction de vos besoins personnels. Nous sommes l\u00e0 pour rendre votre exp\u00e9rience unique et m\u00e9morable.<\/p>\n<h2>Sites d&#8217;int\u00e9r\u00eat et monuments<\/h2>\n<p>Apr\u00e8s une prise en charge confortable, nous commencerons cette superbe visite priv\u00e9e de Skansen au d\u00e9part de Stockholm.<\/p>\n<p>Parmi d&#8217;autres monuments et sites que vous pourrez d\u00e9couvrir lors de cette excursion priv\u00e9e:<\/p>\n<ul>\n<li>\u00cele de Djurg\u00e5rden<\/li>\n<li>Mus\u00e9e et parc en plein air de Skansen<\/li>\n<li>Gr\u00f6na Lund<\/li>\n<li>Junibacken<\/li>\n<li>Mus\u00e9e Vsas<\/li>\n<li>Mus\u00e9e ABBA<\/li>\n<\/ul>\n<p>Et bien d&#8217;autres endroits dans cette excursion priv\u00e9e au d\u00e9part de Stockholm.<\/p>\n<p>Profitez de ces sites incroyables \u00e0 c\u00f4t\u00e9 de votre guide priv\u00e9 et confortablement avec votre chauffeur priv\u00e9 et votre v\u00e9hicule.<\/p>\n<p>D\u00e9couvrez nos autres visites priv\u00e9es ici!<\/p>\n","protected":false},"excerpt":{"rendered":"<p>Aventurez-vous lors de cette excursion priv\u00e9e de 6 heures \u00e0 Skansen au d\u00e9part de Stockholm. Profitez de cette occasion pour d\u00e9couvrir la ville de Skansen lors de cette exp\u00e9rience avec votre propre guide officiel priv\u00e9. Personnalisez votre propre exp\u00e9rience lors de cette visite et profitez de la visite de cet incroyable mus\u00e9e en plein air.<\/p>\n","protected":false},"featured_media":96496,"comment_status":"open","ping_status":"closed","template":"","meta":{"_acf_changed":false},"product_brand":[],"product_cat":[3737,3815],"product_tag":[],"class_list":{"0":"post-102871","1":"product","2":"type-product","3":"status-publish","4":"has-post-thumbnail","6":"product_cat-suede-fr","7":"product_cat-stockholm-fr","9":"first","10":"instock","11":"shipping-taxable","12":"purchasable","13":"product-type-simple"},"acf":[],"yoast_head":"<!-- This site is optimized with the Yoast SEO Premium plugin v25.3.1 (Yoast SEO v25.3.1) - https:\/\/yoast.com\/wordpress\/plugins\/seo\/ -->\n<title>Visite priv\u00e9e de Skansen au d\u00e9part de Stockholm - STOCKHOLM TOUR<\/title>\n<meta name=\"description\" content=\"Profitez de cette visite priv\u00e9e de Skansen au d\u00e9part de Stockholm et profitez de leurs monuments et sites les plus importants avec nos circuits enti\u00e8rement personnalis\u00e9s.\" \/>\n<meta name=\"robots\" content=\"index, follow, max-snippet:-1, max-image-preview:large, max-video-preview:-1\" \/>\n<link rel=\"canonical\" href=\"https:\/\/tourtravelandmore.com\/fr\/tours\/suede-fr\/stockholm-fr\/visite-privee-de-skansen-au-depart-de-stockholm\/\" \/>\n<meta property=\"og:locale\" content=\"fr_FR\" \/>\n<meta property=\"og:type\" content=\"article\" \/>\n<meta property=\"og:title\" content=\"Visite priv\u00e9e de Skansen au d\u00e9part de Stockholm\" \/>\n<meta property=\"og:description\" content=\"Profitez de cette visite priv\u00e9e de Skansen au d\u00e9part de Stockholm et profitez de leurs monuments et sites les plus importants avec nos circuits enti\u00e8rement personnalis\u00e9s.\" \/>\n<meta property=\"og:url\" content=\"https:\/\/tourtravelandmore.com\/fr\/tours\/suede-fr\/stockholm-fr\/visite-privee-de-skansen-au-depart-de-stockholm\/\" \/>\n<meta property=\"og:site_name\" content=\"Tour Travel And More\" \/>\n<meta property=\"article:publisher\" content=\"https:\/\/www.facebook.com\/tourtravelandmore\/\" \/>\n<meta property=\"article:modified_time\" content=\"2021-03-12T10:24:09+00:00\" \/>\n<meta property=\"og:image\" content=\"https:\/\/tourtravelandmore.com\/wp-content\/uploads\/2019\/10\/skansen-museum.jpg\" \/>\n\t<meta property=\"og:image:width\" content=\"960\" \/>\n\t<meta property=\"og:image:height\" content=\"574\" \/>\n\t<meta property=\"og:image:type\" content=\"image\/jpeg\" \/>\n<meta name=\"twitter:card\" content=\"summary_large_image\" \/>\n<meta name=\"twitter:site\" content=\"@TourTravel_More\" \/>\n<meta name=\"twitter:label1\" content=\"Dur\u00e9e de lecture estim\u00e9e\" \/>\n\t<meta name=\"twitter:data1\" content=\"2 minutes\" \/>\n<script type=\"application\/ld+json\" class=\"yoast-schema-graph\">{\"@context\":\"https:\/\/schema.org\",\"@graph\":[{\"@type\":\"WebPage\",\"@id\":\"https:\/\/tourtravelandmore.com\/fr\/tours\/suede-fr\/stockholm-fr\/visite-privee-de-skansen-au-depart-de-stockholm\/\",\"url\":\"https:\/\/tourtravelandmore.com\/fr\/tours\/suede-fr\/stockholm-fr\/visite-privee-de-skansen-au-depart-de-stockholm\/\",\"name\":\"Visite priv\u00e9e de Skansen au d\u00e9part de Stockholm - STOCKHOLM TOUR\",\"isPartOf\":{\"@id\":\"https:\/\/tourtravelandmore.com\/fr\/#website\"},\"primaryImageOfPage\":{\"@id\":\"https:\/\/tourtravelandmore.com\/fr\/tours\/suede-fr\/stockholm-fr\/visite-privee-de-skansen-au-depart-de-stockholm\/#primaryimage\"},\"image\":{\"@id\":\"https:\/\/tourtravelandmore.com\/fr\/tours\/suede-fr\/stockholm-fr\/visite-privee-de-skansen-au-depart-de-stockholm\/#primaryimage\"},\"thumbnailUrl\":\"https:\/\/tourtravelandmore.com\/wp-content\/uploads\/2019\/10\/skansen-museum.jpg\",\"datePublished\":\"2019-10-10T11:16:00+00:00\",\"dateModified\":\"2021-03-12T10:24:09+00:00\",\"description\":\"Profitez de cette visite priv\u00e9e de Skansen au d\u00e9part de Stockholm et profitez de leurs monuments et sites les plus importants avec nos circuits enti\u00e8rement personnalis\u00e9s.\",\"breadcrumb\":{\"@id\":\"https:\/\/tourtravelandmore.com\/fr\/tours\/suede-fr\/stockholm-fr\/visite-privee-de-skansen-au-depart-de-stockholm\/#breadcrumb\"},\"inLanguage\":\"fr-FR\",\"potentialAction\":[{\"@type\":\"ReadAction\",\"target\":[\"https:\/\/tourtravelandmore.com\/fr\/tours\/suede-fr\/stockholm-fr\/visite-privee-de-skansen-au-depart-de-stockholm\/\"]}]},{\"@type\":\"ImageObject\",\"inLanguage\":\"fr-FR\",\"@id\":\"https:\/\/tourtravelandmore.com\/fr\/tours\/suede-fr\/stockholm-fr\/visite-privee-de-skansen-au-depart-de-stockholm\/#primaryimage\",\"url\":\"https:\/\/tourtravelandmore.com\/wp-content\/uploads\/2019\/10\/skansen-museum.jpg\",\"contentUrl\":\"https:\/\/tourtravelandmore.com\/wp-content\/uploads\/2019\/10\/skansen-museum.jpg\",\"width\":960,\"height\":574},{\"@type\":\"BreadcrumbList\",\"@id\":\"https:\/\/tourtravelandmore.com\/fr\/tours\/suede-fr\/stockholm-fr\/visite-privee-de-skansen-au-depart-de-stockholm\/#breadcrumb\",\"itemListElement\":[{\"@type\":\"ListItem\",\"position\":1,\"name\":\"Home\",\"item\":\"https:\/\/tourtravelandmore.com\/fr\/\"},{\"@type\":\"ListItem\",\"position\":2,\"name\":\"Tours\",\"item\":\"https:\/\/tourtravelandmore.com\/fr\/tours\/\"},{\"@type\":\"ListItem\",\"position\":3,\"name\":\"Visite priv\u00e9e de Skansen au d\u00e9part de Stockholm\"}]},{\"@type\":\"WebSite\",\"@id\":\"https:\/\/tourtravelandmore.com\/fr\/#website\",\"url\":\"https:\/\/tourtravelandmore.com\/fr\/\",\"name\":\"Tour Travel And More\",\"description\":\"Private sightseeing tours and luxury transfers in Spain\",\"publisher\":{\"@id\":\"https:\/\/tourtravelandmore.com\/fr\/#organization\"},\"potentialAction\":[{\"@type\":\"SearchAction\",\"target\":{\"@type\":\"EntryPoint\",\"urlTemplate\":\"https:\/\/tourtravelandmore.com\/fr\/?s={search_term_string}\"},\"query-input\":{\"@type\":\"PropertyValueSpecification\",\"valueRequired\":true,\"valueName\":\"search_term_string\"}}],\"inLanguage\":\"fr-FR\"},{\"@type\":\"Organization\",\"@id\":\"https:\/\/tourtravelandmore.com\/fr\/#organization\",\"name\":\"Tour Travel And More\",\"url\":\"https:\/\/tourtravelandmore.com\/fr\/\",\"logo\":{\"@type\":\"ImageObject\",\"inLanguage\":\"fr-FR\",\"@id\":\"https:\/\/tourtravelandmore.com\/fr\/#\/schema\/logo\/image\/\",\"url\":\"https:\/\/tourtravelandmore.com\/wp-content\/uploads\/2022\/12\/cropped-logo-cabecera-new.png\",\"contentUrl\":\"https:\/\/tourtravelandmore.com\/wp-content\/uploads\/2022\/12\/cropped-logo-cabecera-new.png\",\"width\":430,\"height\":61,\"caption\":\"Tour Travel And More\"},\"image\":{\"@id\":\"https:\/\/tourtravelandmore.com\/fr\/#\/schema\/logo\/image\/\"},\"sameAs\":[\"https:\/\/www.facebook.com\/tourtravelandmore\/\",\"https:\/\/x.com\/TourTravel_More\"]}]}<\/script>\n<!-- \/ Yoast SEO Premium plugin. -->","yoast_head_json":{"title":"Visite priv\u00e9e de Skansen au d\u00e9part de Stockholm - STOCKHOLM TOUR","description":"Profitez de cette visite priv\u00e9e de Skansen au d\u00e9part de Stockholm et profitez de leurs monuments et sites les plus importants avec nos circuits enti\u00e8rement personnalis\u00e9s.","robots":{"index":"index","follow":"follow","max-snippet":"max-snippet:-1","max-image-preview":"max-image-preview:large","max-video-preview":"max-video-preview:-1"},"canonical":"https:\/\/tourtravelandmore.com\/fr\/tours\/suede-fr\/stockholm-fr\/visite-privee-de-skansen-au-depart-de-stockholm\/","og_locale":"fr_FR","og_type":"article","og_title":"Visite priv\u00e9e de Skansen au d\u00e9part de Stockholm","og_description":"Profitez de cette visite priv\u00e9e de Skansen au d\u00e9part de Stockholm et profitez de leurs monuments et sites les plus importants avec nos circuits enti\u00e8rement personnalis\u00e9s.","og_url":"https:\/\/tourtravelandmore.com\/fr\/tours\/suede-fr\/stockholm-fr\/visite-privee-de-skansen-au-depart-de-stockholm\/","og_site_name":"Tour Travel And More","article_publisher":"https:\/\/www.facebook.com\/tourtravelandmore\/","article_modified_time":"2021-03-12T10:24:09+00:00","og_image":[{"width":960,"height":574,"url":"https:\/\/tourtravelandmore.com\/wp-content\/uploads\/2019\/10\/skansen-museum.jpg","type":"image\/jpeg"}],"twitter_card":"summary_large_image","twitter_site":"@TourTravel_More","twitter_misc":{"Dur\u00e9e de lecture estim\u00e9e":"2 minutes"},"schema":{"@context":"https:\/\/schema.org","@graph":[{"@type":"WebPage","@id":"https:\/\/tourtravelandmore.com\/fr\/tours\/suede-fr\/stockholm-fr\/visite-privee-de-skansen-au-depart-de-stockholm\/","url":"https:\/\/tourtravelandmore.com\/fr\/tours\/suede-fr\/stockholm-fr\/visite-privee-de-skansen-au-depart-de-stockholm\/","name":"Visite priv\u00e9e de Skansen au d\u00e9part de Stockholm - STOCKHOLM TOUR","isPartOf":{"@id":"https:\/\/tourtravelandmore.com\/fr\/#website"},"primaryImageOfPage":{"@id":"https:\/\/tourtravelandmore.com\/fr\/tours\/suede-fr\/stockholm-fr\/visite-privee-de-skansen-au-depart-de-stockholm\/#primaryimage"},"image":{"@id":"https:\/\/tourtravelandmore.com\/fr\/tours\/suede-fr\/stockholm-fr\/visite-privee-de-skansen-au-depart-de-stockholm\/#primaryimage"},"thumbnailUrl":"https:\/\/tourtravelandmore.com\/wp-content\/uploads\/2019\/10\/skansen-museum.jpg","datePublished":"2019-10-10T11:16:00+00:00","dateModified":"2021-03-12T10:24:09+00:00","description":"Profitez de cette visite priv\u00e9e de Skansen au d\u00e9part de Stockholm et profitez de leurs monuments et sites les plus importants avec nos circuits enti\u00e8rement personnalis\u00e9s.","breadcrumb":{"@id":"https:\/\/tourtravelandmore.com\/fr\/tours\/suede-fr\/stockholm-fr\/visite-privee-de-skansen-au-depart-de-stockholm\/#breadcrumb"},"inLanguage":"fr-FR","potentialAction":[{"@type":"ReadAction","target":["https:\/\/tourtravelandmore.com\/fr\/tours\/suede-fr\/stockholm-fr\/visite-privee-de-skansen-au-depart-de-stockholm\/"]}]},{"@type":"ImageObject","inLanguage":"fr-FR","@id":"https:\/\/tourtravelandmore.com\/fr\/tours\/suede-fr\/stockholm-fr\/visite-privee-de-skansen-au-depart-de-stockholm\/#primaryimage","url":"https:\/\/tourtravelandmore.com\/wp-content\/uploads\/2019\/10\/skansen-museum.jpg","contentUrl":"https:\/\/tourtravelandmore.com\/wp-content\/uploads\/2019\/10\/skansen-museum.jpg","width":960,"height":574},{"@type":"BreadcrumbList","@id":"https:\/\/tourtravelandmore.com\/fr\/tours\/suede-fr\/stockholm-fr\/visite-privee-de-skansen-au-depart-de-stockholm\/#breadcrumb","itemListElement":[{"@type":"ListItem","position":1,"name":"Home","item":"https:\/\/tourtravelandmore.com\/fr\/"},{"@type":"ListItem","position":2,"name":"Tours","item":"https:\/\/tourtravelandmore.com\/fr\/tours\/"},{"@type":"ListItem","position":3,"name":"Visite priv\u00e9e de Skansen au d\u00e9part de Stockholm"}]},{"@type":"WebSite","@id":"https:\/\/tourtravelandmore.com\/fr\/#website","url":"https:\/\/tourtravelandmore.com\/fr\/","name":"Tour Travel And More","description":"Private sightseeing tours and luxury transfers in Spain","publisher":{"@id":"https:\/\/tourtravelandmore.com\/fr\/#organization"},"potentialAction":[{"@type":"SearchAction","target":{"@type":"EntryPoint","urlTemplate":"https:\/\/tourtravelandmore.com\/fr\/?s={search_term_string}"},"query-input":{"@type":"PropertyValueSpecification","valueRequired":true,"valueName":"search_term_string"}}],"inLanguage":"fr-FR"},{"@type":"Organization","@id":"https:\/\/tourtravelandmore.com\/fr\/#organization","name":"Tour Travel And More","url":"https:\/\/tourtravelandmore.com\/fr\/","logo":{"@type":"ImageObject","inLanguage":"fr-FR","@id":"https:\/\/tourtravelandmore.com\/fr\/#\/schema\/logo\/image\/","url":"https:\/\/tourtravelandmore.com\/wp-content\/uploads\/2022\/12\/cropped-logo-cabecera-new.png","contentUrl":"https:\/\/tourtravelandmore.com\/wp-content\/uploads\/2022\/12\/cropped-logo-cabecera-new.png","width":430,"height":61,"caption":"Tour Travel And More"},"image":{"@id":"https:\/\/tourtravelandmore.com\/fr\/#\/schema\/logo\/image\/"},"sameAs":["https:\/\/www.facebook.com\/tourtravelandmore\/","https:\/\/x.com\/TourTravel_More"]}]}},"_links":{"self":[{"href":"https:\/\/tourtravelandmore.com\/fr\/wp-json\/wp\/v2\/product\/102871","targetHints":{"allow":["GET"]}}],"collection":[{"href":"https:\/\/tourtravelandmore.com\/fr\/wp-json\/wp\/v2\/product"}],"about":[{"href":"https:\/\/tourtravelandmore.com\/fr\/wp-json\/wp\/v2\/types\/product"}],"replies":[{"embeddable":true,"href":"https:\/\/tourtravelandmore.com\/fr\/wp-json\/wp\/v2\/comments?post=102871"}],"wp:featuredmedia":[{"embeddable":true,"href":"https:\/\/tourtravelandmore.com\/fr\/wp-json\/wp\/v2\/media\/96496"}],"wp:attachment":[{"href":"https:\/\/tourtravelandmore.com\/fr\/wp-json\/wp\/v2\/media?parent=102871"}],"wp:term":[{"taxonomy":"product_brand","embeddable":true,"href":"https:\/\/tourtravelandmore.com\/fr\/wp-json\/wp\/v2\/product_brand?post=102871"},{"taxonomy":"product_cat","embeddable":true,"href":"https:\/\/tourtravelandmore.com\/fr\/wp-json\/wp\/v2\/product_cat?post=102871"},{"taxonomy":"product_tag","embeddable":true,"href":"https:\/\/tourtravelandmore.com\/fr\/wp-json\/wp\/v2\/product_tag?post=102871"}],"curies":[{"name":"wp","href":"https:\/\/api.w.org\/{rel}","templated":true}]}}