{"id":102864,"date":"2019-10-10T13:15:57","date_gmt":"2019-10-10T11:15:57","guid":{"rendered":"https:\/\/tourtravelandmore.com\/tours\/non%20class\u00e9\/private-stockholm-transfer\/"},"modified":"2021-03-12T11:18:56","modified_gmt":"2021-03-12T10:18:56","slug":"private-stockholm-transfer","status":"publish","type":"product","link":"https:\/\/tourtravelandmore.com\/fr\/tours\/suede-fr\/stockholm-fr\/private-stockholm-transfer\/","title":{"rendered":"Transfert priv\u00e9 \u00e0 Stockholm"},"content":{"rendered":"<h2>Description<\/h2>\n<p>Avec notre transfert priv\u00e9 \u00e0 Stockholm, nous vous proposons le moyen le plus rapide et le plus simple d&#8217;atteindre votre destination finale \u00e0 Stockholm dans le confort d&#8217;un v\u00e9hicule de luxe priv\u00e9 avec votre transfert priv\u00e9.<\/p>\n<p>Profitez d&#8217;une exp\u00e9rience relaxante dans l&#8217;un de nos v\u00e9hicules priv\u00e9s de luxe. Nous proposons tous les types de transferts comme par exemple le transfert a\u00e9roport, le transfert au restaurant ou les transferts vers n&#8217;importe quel endroit.<\/p>\n<p>Une fois arriv\u00e9 \u00e0 destination, notre chauffeur priv\u00e9 vous attendra avec une pancarte au terminal d&#8217;arriv\u00e9e. Vous pourrez \u00e9galement profiter du paysage panoramique de la ville dans votre v\u00e9hicule priv\u00e9 de luxe.<\/p>\n<p>Profitez \u00e9galement des transferts priv\u00e9s de votre h\u00f4tel ou appartement jusqu&#8217;\u00e0 l&#8217;a\u00e9roport ou la gare. Nous proposons \u00e9galement des transferts vers d&#8217;autres villes proches de Stockholm.<\/p>\n<p>Nous proposons des transferts \u00e0 Stockholm pour les groupes priv\u00e9s et m\u00eame des incentives et grands groupes et nous offrons un service personnalis\u00e9. Il vous suffit de nous contacter et nous organiserons votre transfert de la meilleure fa\u00e7on possible.<\/p>\n<p>Nous ne limitons pas le nombre de bagages, mais veuillez vous demander d\u2019indiquer le nombre de bagages avec lesquels vous voyagerez. Parfois, un v\u00e9hicule plus gros peut \u00eatre n\u00e9cessaire et des frais suppl\u00e9mentaires peuvent s&#8217;appliquer. Si vous avez besoin d&#8217;un si\u00e8ge b\u00e9b\u00e9, contactez-nous!<\/p>\n<h2>Sites d&#8217;int\u00e9r\u00eat et monuments<\/h2>\n<p>Stockholm est la capitale de la Su\u00e8de et la zone urbaine la plus peupl\u00e9e des pays nordiques. 965 232 personnes vivent dans la municipalit\u00e9, environ 1,6 million dans la zone urbaine et 2,4 millions dans la zone m\u00e9tropolitaine. La ville s&#8217;\u00e9tend sur quatorze \u00eeles o\u00f9 le lac M\u00e4laren se jette dans la mer Baltique. La ville a \u00e9t\u00e9 l&#8217;h\u00f4te des Jeux olympiques d&#8217;\u00e9t\u00e9 de 1912 et a accueilli la partie \u00e9questre des Jeux olympiques d&#8217;\u00e9t\u00e9 de 1956 autrement tenus \u00e0 Melbourne, Victoria, Australie. La r\u00e9gion de Stockholm repr\u00e9sente \u00e0 elle seule plus d&#8217;un tiers du PIB du pays et fait partie des 10 premi\u00e8res r\u00e9gions d&#8217;Europe en termes de PIB par habitant. C&#8217;est une ville mondiale importante et le principal centre de si\u00e8ge social dans la r\u00e9gion nordique. En plus d&#8217;\u00eatre la capitale de la Su\u00e8de, Stockholm abrite de nombreuses institutions culturelles nationales. La r\u00e9gion de Stockholm abrite trois des sites du patrimoine mondial de la Su\u00e8de: le ch\u00e2teau de Drottningholm, Skogskyrkog\u00e5rden et Birka.<\/p>\n<p>Ne manquez pas toutes les exp\u00e9riences priv\u00e9es que nous proposons \u00e0 Stockholm. Nous pouvons personnaliser n&#8217;importe quel itin\u00e9raire pour vous!<\/p>\n","protected":false},"excerpt":{"rendered":"<p>Arrivez \u00e0 votre destination finale \u00e0 Stockholm avec notre transfert priv\u00e9 \u00e0 Stockholm. V\u00e9hicule de luxe priv\u00e9 avec chauffeur pour vous rendre confortablement \u00e0 votre emplacement.<\/p>\n","protected":false},"featured_media":95809,"comment_status":"open","ping_status":"closed","template":"","meta":{"_acf_changed":false},"product_brand":[],"product_cat":[3737,3815],"product_tag":[4043,4042],"class_list":{"0":"post-102864","1":"product","2":"type-product","3":"status-publish","4":"has-post-thumbnail","6":"product_cat-suede-fr","7":"product_cat-stockholm-fr","8":"product_tag-private-fr","9":"product_tag-transfer-fr","11":"first","12":"instock","13":"shipping-taxable","14":"purchasable","15":"product-type-simple"},"acf":[],"yoast_head":"<!-- This site is optimized with the Yoast SEO Premium plugin v25.3.1 (Yoast SEO v25.3.1) - https:\/\/yoast.com\/wordpress\/plugins\/seo\/ -->\n<title>Transfert priv\u00e9 \u00e0 Stockholm: transfert priv\u00e9 \u00e0 l&#039;a\u00e9roport, \u00e0 l&#039;h\u00f4tel ou en train<\/title>\n<meta name=\"description\" content=\"Arrivez \u00e0 votre destination finale \u00e0 Stockholm avec notre transfert priv\u00e9 \u00e0 Stockholm. V\u00e9hicule de luxe priv\u00e9 avec chauffeur pour vous rendre confortablement \u00e0 votre emplacement.\" \/>\n<meta name=\"robots\" content=\"index, follow, max-snippet:-1, max-image-preview:large, max-video-preview:-1\" \/>\n<link rel=\"canonical\" href=\"https:\/\/tourtravelandmore.com\/fr\/tours\/suede-fr\/stockholm-fr\/private-stockholm-transfer\/\" \/>\n<meta property=\"og:locale\" content=\"fr_FR\" \/>\n<meta property=\"og:type\" content=\"article\" \/>\n<meta property=\"og:title\" content=\"Transfert priv\u00e9 \u00e0 Stockholm\" \/>\n<meta property=\"og:description\" content=\"Arrivez \u00e0 votre destination finale \u00e0 Stockholm avec notre transfert priv\u00e9 \u00e0 Stockholm. V\u00e9hicule de luxe priv\u00e9 avec chauffeur pour vous rendre confortablement \u00e0 votre emplacement.\" \/>\n<meta property=\"og:url\" content=\"https:\/\/tourtravelandmore.com\/fr\/tours\/suede-fr\/stockholm-fr\/private-stockholm-transfer\/\" \/>\n<meta property=\"og:site_name\" content=\"Tour Travel And More\" \/>\n<meta property=\"article:publisher\" content=\"https:\/\/www.facebook.com\/tourtravelandmore\/\" \/>\n<meta property=\"article:modified_time\" content=\"2021-03-12T10:18:56+00:00\" \/>\n<meta property=\"og:image\" content=\"https:\/\/tourtravelandmore.com\/wp-content\/uploads\/2016\/11\/TrasladoAlicante-1.png\" \/>\n\t<meta property=\"og:image:width\" content=\"640\" \/>\n\t<meta property=\"og:image:height\" content=\"425\" \/>\n\t<meta property=\"og:image:type\" content=\"image\/png\" \/>\n<meta name=\"twitter:card\" content=\"summary_large_image\" \/>\n<meta name=\"twitter:site\" content=\"@TourTravel_More\" \/>\n<meta name=\"twitter:label1\" content=\"Dur\u00e9e de lecture estim\u00e9e\" \/>\n\t<meta name=\"twitter:data1\" content=\"2 minutes\" \/>\n<script type=\"application\/ld+json\" class=\"yoast-schema-graph\">{\"@context\":\"https:\/\/schema.org\",\"@graph\":[{\"@type\":\"WebPage\",\"@id\":\"https:\/\/tourtravelandmore.com\/fr\/tours\/suede-fr\/stockholm-fr\/private-stockholm-transfer\/\",\"url\":\"https:\/\/tourtravelandmore.com\/fr\/tours\/suede-fr\/stockholm-fr\/private-stockholm-transfer\/\",\"name\":\"Transfert priv\u00e9 \u00e0 Stockholm: transfert priv\u00e9 \u00e0 l'a\u00e9roport, \u00e0 l'h\u00f4tel ou en train\",\"isPartOf\":{\"@id\":\"https:\/\/tourtravelandmore.com\/fr\/#website\"},\"primaryImageOfPage\":{\"@id\":\"https:\/\/tourtravelandmore.com\/fr\/tours\/suede-fr\/stockholm-fr\/private-stockholm-transfer\/#primaryimage\"},\"image\":{\"@id\":\"https:\/\/tourtravelandmore.com\/fr\/tours\/suede-fr\/stockholm-fr\/private-stockholm-transfer\/#primaryimage\"},\"thumbnailUrl\":\"https:\/\/tourtravelandmore.com\/wp-content\/uploads\/2016\/11\/TrasladoAlicante-1.png\",\"datePublished\":\"2019-10-10T11:15:57+00:00\",\"dateModified\":\"2021-03-12T10:18:56+00:00\",\"description\":\"Arrivez \u00e0 votre destination finale \u00e0 Stockholm avec notre transfert priv\u00e9 \u00e0 Stockholm. V\u00e9hicule de luxe priv\u00e9 avec chauffeur pour vous rendre confortablement \u00e0 votre emplacement.\",\"breadcrumb\":{\"@id\":\"https:\/\/tourtravelandmore.com\/fr\/tours\/suede-fr\/stockholm-fr\/private-stockholm-transfer\/#breadcrumb\"},\"inLanguage\":\"fr-FR\",\"potentialAction\":[{\"@type\":\"ReadAction\",\"target\":[\"https:\/\/tourtravelandmore.com\/fr\/tours\/suede-fr\/stockholm-fr\/private-stockholm-transfer\/\"]}]},{\"@type\":\"ImageObject\",\"inLanguage\":\"fr-FR\",\"@id\":\"https:\/\/tourtravelandmore.com\/fr\/tours\/suede-fr\/stockholm-fr\/private-stockholm-transfer\/#primaryimage\",\"url\":\"https:\/\/tourtravelandmore.com\/wp-content\/uploads\/2016\/11\/TrasladoAlicante-1.png\",\"contentUrl\":\"https:\/\/tourtravelandmore.com\/wp-content\/uploads\/2016\/11\/TrasladoAlicante-1.png\",\"width\":640,\"height\":425},{\"@type\":\"BreadcrumbList\",\"@id\":\"https:\/\/tourtravelandmore.com\/fr\/tours\/suede-fr\/stockholm-fr\/private-stockholm-transfer\/#breadcrumb\",\"itemListElement\":[{\"@type\":\"ListItem\",\"position\":1,\"name\":\"Home\",\"item\":\"https:\/\/tourtravelandmore.com\/fr\/\"},{\"@type\":\"ListItem\",\"position\":2,\"name\":\"Tours\",\"item\":\"https:\/\/tourtravelandmore.com\/fr\/tours\/\"},{\"@type\":\"ListItem\",\"position\":3,\"name\":\"Transfert priv\u00e9 \u00e0 Stockholm\"}]},{\"@type\":\"WebSite\",\"@id\":\"https:\/\/tourtravelandmore.com\/fr\/#website\",\"url\":\"https:\/\/tourtravelandmore.com\/fr\/\",\"name\":\"Tour Travel And More\",\"description\":\"Private sightseeing tours and luxury transfers in Spain\",\"publisher\":{\"@id\":\"https:\/\/tourtravelandmore.com\/fr\/#organization\"},\"potentialAction\":[{\"@type\":\"SearchAction\",\"target\":{\"@type\":\"EntryPoint\",\"urlTemplate\":\"https:\/\/tourtravelandmore.com\/fr\/?s={search_term_string}\"},\"query-input\":{\"@type\":\"PropertyValueSpecification\",\"valueRequired\":true,\"valueName\":\"search_term_string\"}}],\"inLanguage\":\"fr-FR\"},{\"@type\":\"Organization\",\"@id\":\"https:\/\/tourtravelandmore.com\/fr\/#organization\",\"name\":\"Tour Travel And More\",\"url\":\"https:\/\/tourtravelandmore.com\/fr\/\",\"logo\":{\"@type\":\"ImageObject\",\"inLanguage\":\"fr-FR\",\"@id\":\"https:\/\/tourtravelandmore.com\/fr\/#\/schema\/logo\/image\/\",\"url\":\"https:\/\/tourtravelandmore.com\/wp-content\/uploads\/2022\/12\/cropped-logo-cabecera-new.png\",\"contentUrl\":\"https:\/\/tourtravelandmore.com\/wp-content\/uploads\/2022\/12\/cropped-logo-cabecera-new.png\",\"width\":430,\"height\":61,\"caption\":\"Tour Travel And More\"},\"image\":{\"@id\":\"https:\/\/tourtravelandmore.com\/fr\/#\/schema\/logo\/image\/\"},\"sameAs\":[\"https:\/\/www.facebook.com\/tourtravelandmore\/\",\"https:\/\/x.com\/TourTravel_More\"]}]}<\/script>\n<!-- \/ Yoast SEO Premium plugin. -->","yoast_head_json":{"title":"Transfert priv\u00e9 \u00e0 Stockholm: transfert priv\u00e9 \u00e0 l'a\u00e9roport, \u00e0 l'h\u00f4tel ou en train","description":"Arrivez \u00e0 votre destination finale \u00e0 Stockholm avec notre transfert priv\u00e9 \u00e0 Stockholm. V\u00e9hicule de luxe priv\u00e9 avec chauffeur pour vous rendre confortablement \u00e0 votre emplacement.","robots":{"index":"index","follow":"follow","max-snippet":"max-snippet:-1","max-image-preview":"max-image-preview:large","max-video-preview":"max-video-preview:-1"},"canonical":"https:\/\/tourtravelandmore.com\/fr\/tours\/suede-fr\/stockholm-fr\/private-stockholm-transfer\/","og_locale":"fr_FR","og_type":"article","og_title":"Transfert priv\u00e9 \u00e0 Stockholm","og_description":"Arrivez \u00e0 votre destination finale \u00e0 Stockholm avec notre transfert priv\u00e9 \u00e0 Stockholm. V\u00e9hicule de luxe priv\u00e9 avec chauffeur pour vous rendre confortablement \u00e0 votre emplacement.","og_url":"https:\/\/tourtravelandmore.com\/fr\/tours\/suede-fr\/stockholm-fr\/private-stockholm-transfer\/","og_site_name":"Tour Travel And More","article_publisher":"https:\/\/www.facebook.com\/tourtravelandmore\/","article_modified_time":"2021-03-12T10:18:56+00:00","og_image":[{"width":640,"height":425,"url":"https:\/\/tourtravelandmore.com\/wp-content\/uploads\/2016\/11\/TrasladoAlicante-1.png","type":"image\/png"}],"twitter_card":"summary_large_image","twitter_site":"@TourTravel_More","twitter_misc":{"Dur\u00e9e de lecture estim\u00e9e":"2 minutes"},"schema":{"@context":"https:\/\/schema.org","@graph":[{"@type":"WebPage","@id":"https:\/\/tourtravelandmore.com\/fr\/tours\/suede-fr\/stockholm-fr\/private-stockholm-transfer\/","url":"https:\/\/tourtravelandmore.com\/fr\/tours\/suede-fr\/stockholm-fr\/private-stockholm-transfer\/","name":"Transfert priv\u00e9 \u00e0 Stockholm: transfert priv\u00e9 \u00e0 l'a\u00e9roport, \u00e0 l'h\u00f4tel ou en train","isPartOf":{"@id":"https:\/\/tourtravelandmore.com\/fr\/#website"},"primaryImageOfPage":{"@id":"https:\/\/tourtravelandmore.com\/fr\/tours\/suede-fr\/stockholm-fr\/private-stockholm-transfer\/#primaryimage"},"image":{"@id":"https:\/\/tourtravelandmore.com\/fr\/tours\/suede-fr\/stockholm-fr\/private-stockholm-transfer\/#primaryimage"},"thumbnailUrl":"https:\/\/tourtravelandmore.com\/wp-content\/uploads\/2016\/11\/TrasladoAlicante-1.png","datePublished":"2019-10-10T11:15:57+00:00","dateModified":"2021-03-12T10:18:56+00:00","description":"Arrivez \u00e0 votre destination finale \u00e0 Stockholm avec notre transfert priv\u00e9 \u00e0 Stockholm. V\u00e9hicule de luxe priv\u00e9 avec chauffeur pour vous rendre confortablement \u00e0 votre emplacement.","breadcrumb":{"@id":"https:\/\/tourtravelandmore.com\/fr\/tours\/suede-fr\/stockholm-fr\/private-stockholm-transfer\/#breadcrumb"},"inLanguage":"fr-FR","potentialAction":[{"@type":"ReadAction","target":["https:\/\/tourtravelandmore.com\/fr\/tours\/suede-fr\/stockholm-fr\/private-stockholm-transfer\/"]}]},{"@type":"ImageObject","inLanguage":"fr-FR","@id":"https:\/\/tourtravelandmore.com\/fr\/tours\/suede-fr\/stockholm-fr\/private-stockholm-transfer\/#primaryimage","url":"https:\/\/tourtravelandmore.com\/wp-content\/uploads\/2016\/11\/TrasladoAlicante-1.png","contentUrl":"https:\/\/tourtravelandmore.com\/wp-content\/uploads\/2016\/11\/TrasladoAlicante-1.png","width":640,"height":425},{"@type":"BreadcrumbList","@id":"https:\/\/tourtravelandmore.com\/fr\/tours\/suede-fr\/stockholm-fr\/private-stockholm-transfer\/#breadcrumb","itemListElement":[{"@type":"ListItem","position":1,"name":"Home","item":"https:\/\/tourtravelandmore.com\/fr\/"},{"@type":"ListItem","position":2,"name":"Tours","item":"https:\/\/tourtravelandmore.com\/fr\/tours\/"},{"@type":"ListItem","position":3,"name":"Transfert priv\u00e9 \u00e0 Stockholm"}]},{"@type":"WebSite","@id":"https:\/\/tourtravelandmore.com\/fr\/#website","url":"https:\/\/tourtravelandmore.com\/fr\/","name":"Tour Travel And More","description":"Private sightseeing tours and luxury transfers in Spain","publisher":{"@id":"https:\/\/tourtravelandmore.com\/fr\/#organization"},"potentialAction":[{"@type":"SearchAction","target":{"@type":"EntryPoint","urlTemplate":"https:\/\/tourtravelandmore.com\/fr\/?s={search_term_string}"},"query-input":{"@type":"PropertyValueSpecification","valueRequired":true,"valueName":"search_term_string"}}],"inLanguage":"fr-FR"},{"@type":"Organization","@id":"https:\/\/tourtravelandmore.com\/fr\/#organization","name":"Tour Travel And More","url":"https:\/\/tourtravelandmore.com\/fr\/","logo":{"@type":"ImageObject","inLanguage":"fr-FR","@id":"https:\/\/tourtravelandmore.com\/fr\/#\/schema\/logo\/image\/","url":"https:\/\/tourtravelandmore.com\/wp-content\/uploads\/2022\/12\/cropped-logo-cabecera-new.png","contentUrl":"https:\/\/tourtravelandmore.com\/wp-content\/uploads\/2022\/12\/cropped-logo-cabecera-new.png","width":430,"height":61,"caption":"Tour Travel And More"},"image":{"@id":"https:\/\/tourtravelandmore.com\/fr\/#\/schema\/logo\/image\/"},"sameAs":["https:\/\/www.facebook.com\/tourtravelandmore\/","https:\/\/x.com\/TourTravel_More"]}]}},"_links":{"self":[{"href":"https:\/\/tourtravelandmore.com\/fr\/wp-json\/wp\/v2\/product\/102864","targetHints":{"allow":["GET"]}}],"collection":[{"href":"https:\/\/tourtravelandmore.com\/fr\/wp-json\/wp\/v2\/product"}],"about":[{"href":"https:\/\/tourtravelandmore.com\/fr\/wp-json\/wp\/v2\/types\/product"}],"replies":[{"embeddable":true,"href":"https:\/\/tourtravelandmore.com\/fr\/wp-json\/wp\/v2\/comments?post=102864"}],"wp:featuredmedia":[{"embeddable":true,"href":"https:\/\/tourtravelandmore.com\/fr\/wp-json\/wp\/v2\/media\/95809"}],"wp:attachment":[{"href":"https:\/\/tourtravelandmore.com\/fr\/wp-json\/wp\/v2\/media?parent=102864"}],"wp:term":[{"taxonomy":"product_brand","embeddable":true,"href":"https:\/\/tourtravelandmore.com\/fr\/wp-json\/wp\/v2\/product_brand?post=102864"},{"taxonomy":"product_cat","embeddable":true,"href":"https:\/\/tourtravelandmore.com\/fr\/wp-json\/wp\/v2\/product_cat?post=102864"},{"taxonomy":"product_tag","embeddable":true,"href":"https:\/\/tourtravelandmore.com\/fr\/wp-json\/wp\/v2\/product_tag?post=102864"}],"curies":[{"name":"wp","href":"https:\/\/api.w.org\/{rel}","templated":true}]}}