{"id":102853,"date":"2021-03-12T11:03:16","date_gmt":"2021-03-12T10:03:26","guid":{"rendered":"https:\/\/tourtravelandmore.com\/?post_type=product&#038;p=102853"},"modified":"2025-06-02T17:05:16","modified_gmt":"2025-06-02T15:05:16","slug":"visite-privee-dajaccio-en-corse-copy-copy-copy-copy-copy-copy-copy-copy-copy-3","status":"publish","type":"product","link":"https:\/\/tourtravelandmore.com\/fr\/tours\/france-fr\/sttropez-fr\/visite-privee-dajaccio-en-corse-copy-copy-copy-copy-copy-copy-copy-copy-copy-3\/","title":{"rendered":"Visite priv\u00e9e de Nice au d\u00e9part de Saint-Tropez"},"content":{"rendered":"<h2><b><strong>Visite priv\u00e9e de Nice au d\u00e9part de Saint-Tropez Description<\/strong><\/b><\/h2>\n<p>La C\u00f4te d&#8217;Azur a tant \u00e0 offrir. Profitez-en pour d\u00e9couvrir tous ses tr\u00e9sors cach\u00e9s gr\u00e2ce \u00e0 nos visites priv\u00e9es. Nous vous invitons \u00e0 participer \u00e0 cette visite priv\u00e9e de Nice au d\u00e9part de Saint-Tropez, rejoignez-nous !<\/p>\n<p>Nous viendrons vous chercher \u00e0 Saint-Tropez ou \u00e0 l&#8217;endroit de votre choix et nous nous dirigerons vers Nice. M\u00eame si vous \u00eates en vacances \u00e0 la plage, il est toujours agr\u00e9able de faire un peu de tourisme. Nice est une ville tr\u00e8s agr\u00e9able et la capitale des Alpes-Maritimes. M\u00eame si cela ne semble pas \u00eatre le cas, c&#8217;est la 5e plus grande ville de France. Le port de Nice est \u00e9galement l&#8217;un des plus importants.<\/p>\n<p>Profitez de nos visites priv\u00e9es et d\u00e9couvrez le meilleur de Nice lors de cette excursion priv\u00e9e d&#8217;une journ\u00e9e. Nous vous recommandons un chauffeur priv\u00e9 parlant anglais qui vous emm\u00e8nera sur tous les sites embl\u00e9matiques de Nice. Nous vous offrons \u00e9galement la possibilit\u00e9 d&#8217;ajouter un guide touristique officiel pour compl\u00e9ter votre exp\u00e9rience.<\/p>\n<p>Contactez-nous et nous vous enverrons la proposition correspondante pour cette visite priv\u00e9e de Nice au d\u00e9part de Saint-Tropez.<\/p>\n<h2>Visite priv\u00e9e de Nice au d\u00e9part de Saint-Tropez | Points d&#8217;int\u00e9r\u00eat et sites touristiques<\/h2>\n<p>Nous sommes sp\u00e9cialis\u00e9s dans les visites priv\u00e9es, ce n&#8217;est donc pas une surprise si cette visite priv\u00e9e de Nice est une exp\u00e9rience merveilleuse et unique. Nice est une belle ville sur la c\u00f4te fran\u00e7aise qui a beaucoup \u00e0 offrir.<\/p>\n<p>Voici un exemple d&#8217;itin\u00e9raire :<\/p>\n<ul>\n<li><a href=\"https:\/\/cathedrale-nice.fr\/\">Cath\u00e9drale de Nice<\/a><\/li>\n<li><b><strong>Cap Ferrat<\/strong><\/b><\/li>\n<li><b><strong>Promenade des Anglais<\/strong><\/b><\/li>\n<li><b><strong>Vieille Ville<\/strong><\/b><\/li>\n<li><b><strong>Parc de la Colline du Ch\u00e2teau<\/strong><\/b><\/li>\n<li><b><strong>March\u00e9 du Cours Saleya<\/strong><\/b><\/li>\n<li><b><strong>Magnifiques vues sur la plage<\/strong><\/b><\/li>\n<li><b><strong>Monast\u00e8re de Cimiez<\/strong><\/b><\/li>\n<li><b><strong>Mont Boron<\/strong><\/b><\/li>\n<\/ul>\n<p>Comme vous pouvez le constater, il y a tant \u00e0 d\u00e9couvrir \u00e0 Nice, bien plus que la plage !<\/p>\n<p>Choisissez l&#8217;option qui vous convient le mieux : avec un chauffeur anglophone ou un chauffeur et un guide touristique officiel s\u00e9par\u00e9. Donnez-nous l&#8217;occasion de vous aider \u00e0 explorer les merveilles de la C\u00f4te d&#8217;Azur avec Tour Travel &amp; More.<\/p>\n<p><a href=\"https:\/\/tourtravelandmore.com\/fr\/city\/france-fr\/sttropez-fr\/\">Cliquez ici pour d\u00e9couvrir toutes nos visites priv\u00e9es et exp\u00e9riences \u00e0 Saint-Tropez.<\/a><\/p>\n","protected":false},"excerpt":{"rendered":"<p>La C\u00f4te d&#8217;Azur a tant \u00e0 offrir. Profitez-en pour d\u00e9couvrir tous ses tr\u00e9sors cach\u00e9s gr\u00e2ce \u00e0 nos visites priv\u00e9es. Nous vous invitons \u00e0 participer \u00e0 cette visite priv\u00e9e de Nice au d\u00e9part de Saint-Tropez, rejoignez-nous !<\/p>\n","protected":false},"featured_media":98319,"comment_status":"open","ping_status":"closed","template":"","meta":{"_acf_changed":false},"product_brand":[],"product_cat":[5529,5531,5530,3540,3626],"product_tag":[],"class_list":{"0":"post-102853","1":"product","2":"type-product","3":"status-publish","4":"has-post-thumbnail","6":"product_cat-all-private-tours-and-activities-fr-14","7":"product_cat-private-shore-excursions-fr-17","8":"product_cat-private-sightseeing-tours-fr-48","9":"product_cat-france-fr","10":"product_cat-sttropez-fr","12":"first","13":"instock","14":"shipping-taxable","15":"purchasable","16":"product-type-simple"},"acf":[],"yoast_head":"<!-- This site is optimized with the Yoast SEO Premium plugin v25.3.1 (Yoast SEO v25.3.1) - https:\/\/yoast.com\/wordpress\/plugins\/seo\/ -->\n<title>Visite priv\u00e9e de Nice au d\u00e9part de Saint-Tropez<\/title>\n<meta name=\"description\" content=\"Visite priv\u00e9e de Nice au d\u00e9part de Saint-Tropez\" \/>\n<meta name=\"robots\" content=\"index, follow, max-snippet:-1, max-image-preview:large, max-video-preview:-1\" \/>\n<link rel=\"canonical\" href=\"https:\/\/tourtravelandmore.com\/fr\/tours\/france-fr\/sttropez-fr\/visite-privee-dajaccio-en-corse-copy-copy-copy-copy-copy-copy-copy-copy-copy-3\/\" \/>\n<meta property=\"og:locale\" content=\"fr_FR\" \/>\n<meta property=\"og:type\" content=\"article\" \/>\n<meta property=\"og:title\" content=\"Visite priv\u00e9e de Nice au d\u00e9part de Saint-Tropez\" \/>\n<meta property=\"og:description\" content=\"Visite priv\u00e9e de Nice au d\u00e9part de Saint-Tropez\" \/>\n<meta property=\"og:url\" content=\"https:\/\/tourtravelandmore.com\/fr\/tours\/france-fr\/sttropez-fr\/visite-privee-dajaccio-en-corse-copy-copy-copy-copy-copy-copy-copy-copy-copy-3\/\" \/>\n<meta property=\"og:site_name\" content=\"Tour Travel And More\" \/>\n<meta property=\"article:publisher\" content=\"https:\/\/www.facebook.com\/tourtravelandmore\/\" \/>\n<meta property=\"article:modified_time\" content=\"2025-06-02T15:05:16+00:00\" \/>\n<meta property=\"og:image\" content=\"https:\/\/tourtravelandmore.com\/wp-content\/uploads\/2018\/03\/Vieille_Ville_Nice_France_-_panoramio_17-min-scaled.jpg\" \/>\n\t<meta property=\"og:image:width\" content=\"2560\" \/>\n\t<meta property=\"og:image:height\" content=\"1527\" \/>\n\t<meta property=\"og:image:type\" content=\"image\/jpeg\" \/>\n<meta name=\"twitter:card\" content=\"summary_large_image\" \/>\n<meta name=\"twitter:site\" content=\"@TourTravel_More\" \/>\n<meta name=\"twitter:label1\" content=\"Dur\u00e9e de lecture estim\u00e9e\" \/>\n\t<meta name=\"twitter:data1\" content=\"2 minutes\" \/>\n<script type=\"application\/ld+json\" class=\"yoast-schema-graph\">{\"@context\":\"https:\/\/schema.org\",\"@graph\":[{\"@type\":\"WebPage\",\"@id\":\"https:\/\/tourtravelandmore.com\/fr\/tours\/france-fr\/sttropez-fr\/visite-privee-dajaccio-en-corse-copy-copy-copy-copy-copy-copy-copy-copy-copy-3\/\",\"url\":\"https:\/\/tourtravelandmore.com\/fr\/tours\/france-fr\/sttropez-fr\/visite-privee-dajaccio-en-corse-copy-copy-copy-copy-copy-copy-copy-copy-copy-3\/\",\"name\":\"Visite priv\u00e9e de Nice au d\u00e9part de Saint-Tropez\",\"isPartOf\":{\"@id\":\"https:\/\/tourtravelandmore.com\/fr\/#website\"},\"primaryImageOfPage\":{\"@id\":\"https:\/\/tourtravelandmore.com\/fr\/tours\/france-fr\/sttropez-fr\/visite-privee-dajaccio-en-corse-copy-copy-copy-copy-copy-copy-copy-copy-copy-3\/#primaryimage\"},\"image\":{\"@id\":\"https:\/\/tourtravelandmore.com\/fr\/tours\/france-fr\/sttropez-fr\/visite-privee-dajaccio-en-corse-copy-copy-copy-copy-copy-copy-copy-copy-copy-3\/#primaryimage\"},\"thumbnailUrl\":\"https:\/\/tourtravelandmore.com\/wp-content\/uploads\/2018\/03\/Vieille_Ville_Nice_France_-_panoramio_17-min-scaled.jpg\",\"datePublished\":\"2021-03-12T10:03:26+00:00\",\"dateModified\":\"2025-06-02T15:05:16+00:00\",\"description\":\"Visite priv\u00e9e de Nice au d\u00e9part de Saint-Tropez\",\"breadcrumb\":{\"@id\":\"https:\/\/tourtravelandmore.com\/fr\/tours\/france-fr\/sttropez-fr\/visite-privee-dajaccio-en-corse-copy-copy-copy-copy-copy-copy-copy-copy-copy-3\/#breadcrumb\"},\"inLanguage\":\"fr-FR\",\"potentialAction\":[{\"@type\":\"ReadAction\",\"target\":[\"https:\/\/tourtravelandmore.com\/fr\/tours\/france-fr\/sttropez-fr\/visite-privee-dajaccio-en-corse-copy-copy-copy-copy-copy-copy-copy-copy-copy-3\/\"]}]},{\"@type\":\"ImageObject\",\"inLanguage\":\"fr-FR\",\"@id\":\"https:\/\/tourtravelandmore.com\/fr\/tours\/france-fr\/sttropez-fr\/visite-privee-dajaccio-en-corse-copy-copy-copy-copy-copy-copy-copy-copy-copy-3\/#primaryimage\",\"url\":\"https:\/\/tourtravelandmore.com\/wp-content\/uploads\/2018\/03\/Vieille_Ville_Nice_France_-_panoramio_17-min-scaled.jpg\",\"contentUrl\":\"https:\/\/tourtravelandmore.com\/wp-content\/uploads\/2018\/03\/Vieille_Ville_Nice_France_-_panoramio_17-min-scaled.jpg\",\"width\":2560,\"height\":1527},{\"@type\":\"BreadcrumbList\",\"@id\":\"https:\/\/tourtravelandmore.com\/fr\/tours\/france-fr\/sttropez-fr\/visite-privee-dajaccio-en-corse-copy-copy-copy-copy-copy-copy-copy-copy-copy-3\/#breadcrumb\",\"itemListElement\":[{\"@type\":\"ListItem\",\"position\":1,\"name\":\"Home\",\"item\":\"https:\/\/tourtravelandmore.com\/fr\/\"},{\"@type\":\"ListItem\",\"position\":2,\"name\":\"Tours\",\"item\":\"https:\/\/tourtravelandmore.com\/fr\/tours\/\"},{\"@type\":\"ListItem\",\"position\":3,\"name\":\"Visite priv\u00e9e de Nice au d\u00e9part de Saint-Tropez\"}]},{\"@type\":\"WebSite\",\"@id\":\"https:\/\/tourtravelandmore.com\/fr\/#website\",\"url\":\"https:\/\/tourtravelandmore.com\/fr\/\",\"name\":\"Tour Travel And More\",\"description\":\"Private sightseeing tours and luxury transfers in Spain\",\"publisher\":{\"@id\":\"https:\/\/tourtravelandmore.com\/fr\/#organization\"},\"potentialAction\":[{\"@type\":\"SearchAction\",\"target\":{\"@type\":\"EntryPoint\",\"urlTemplate\":\"https:\/\/tourtravelandmore.com\/fr\/?s={search_term_string}\"},\"query-input\":{\"@type\":\"PropertyValueSpecification\",\"valueRequired\":true,\"valueName\":\"search_term_string\"}}],\"inLanguage\":\"fr-FR\"},{\"@type\":\"Organization\",\"@id\":\"https:\/\/tourtravelandmore.com\/fr\/#organization\",\"name\":\"Tour Travel And More\",\"url\":\"https:\/\/tourtravelandmore.com\/fr\/\",\"logo\":{\"@type\":\"ImageObject\",\"inLanguage\":\"fr-FR\",\"@id\":\"https:\/\/tourtravelandmore.com\/fr\/#\/schema\/logo\/image\/\",\"url\":\"https:\/\/tourtravelandmore.com\/wp-content\/uploads\/2022\/12\/cropped-logo-cabecera-new.png\",\"contentUrl\":\"https:\/\/tourtravelandmore.com\/wp-content\/uploads\/2022\/12\/cropped-logo-cabecera-new.png\",\"width\":430,\"height\":61,\"caption\":\"Tour Travel And More\"},\"image\":{\"@id\":\"https:\/\/tourtravelandmore.com\/fr\/#\/schema\/logo\/image\/\"},\"sameAs\":[\"https:\/\/www.facebook.com\/tourtravelandmore\/\",\"https:\/\/x.com\/TourTravel_More\"]}]}<\/script>\n<!-- \/ Yoast SEO Premium plugin. -->","yoast_head_json":{"title":"Visite priv\u00e9e de Nice au d\u00e9part de Saint-Tropez","description":"Visite priv\u00e9e de Nice au d\u00e9part de Saint-Tropez","robots":{"index":"index","follow":"follow","max-snippet":"max-snippet:-1","max-image-preview":"max-image-preview:large","max-video-preview":"max-video-preview:-1"},"canonical":"https:\/\/tourtravelandmore.com\/fr\/tours\/france-fr\/sttropez-fr\/visite-privee-dajaccio-en-corse-copy-copy-copy-copy-copy-copy-copy-copy-copy-3\/","og_locale":"fr_FR","og_type":"article","og_title":"Visite priv\u00e9e de Nice au d\u00e9part de Saint-Tropez","og_description":"Visite priv\u00e9e de Nice au d\u00e9part de Saint-Tropez","og_url":"https:\/\/tourtravelandmore.com\/fr\/tours\/france-fr\/sttropez-fr\/visite-privee-dajaccio-en-corse-copy-copy-copy-copy-copy-copy-copy-copy-copy-3\/","og_site_name":"Tour Travel And More","article_publisher":"https:\/\/www.facebook.com\/tourtravelandmore\/","article_modified_time":"2025-06-02T15:05:16+00:00","og_image":[{"width":2560,"height":1527,"url":"https:\/\/tourtravelandmore.com\/wp-content\/uploads\/2018\/03\/Vieille_Ville_Nice_France_-_panoramio_17-min-scaled.jpg","type":"image\/jpeg"}],"twitter_card":"summary_large_image","twitter_site":"@TourTravel_More","twitter_misc":{"Dur\u00e9e de lecture estim\u00e9e":"2 minutes"},"schema":{"@context":"https:\/\/schema.org","@graph":[{"@type":"WebPage","@id":"https:\/\/tourtravelandmore.com\/fr\/tours\/france-fr\/sttropez-fr\/visite-privee-dajaccio-en-corse-copy-copy-copy-copy-copy-copy-copy-copy-copy-3\/","url":"https:\/\/tourtravelandmore.com\/fr\/tours\/france-fr\/sttropez-fr\/visite-privee-dajaccio-en-corse-copy-copy-copy-copy-copy-copy-copy-copy-copy-3\/","name":"Visite priv\u00e9e de Nice au d\u00e9part de Saint-Tropez","isPartOf":{"@id":"https:\/\/tourtravelandmore.com\/fr\/#website"},"primaryImageOfPage":{"@id":"https:\/\/tourtravelandmore.com\/fr\/tours\/france-fr\/sttropez-fr\/visite-privee-dajaccio-en-corse-copy-copy-copy-copy-copy-copy-copy-copy-copy-3\/#primaryimage"},"image":{"@id":"https:\/\/tourtravelandmore.com\/fr\/tours\/france-fr\/sttropez-fr\/visite-privee-dajaccio-en-corse-copy-copy-copy-copy-copy-copy-copy-copy-copy-3\/#primaryimage"},"thumbnailUrl":"https:\/\/tourtravelandmore.com\/wp-content\/uploads\/2018\/03\/Vieille_Ville_Nice_France_-_panoramio_17-min-scaled.jpg","datePublished":"2021-03-12T10:03:26+00:00","dateModified":"2025-06-02T15:05:16+00:00","description":"Visite priv\u00e9e de Nice au d\u00e9part de Saint-Tropez","breadcrumb":{"@id":"https:\/\/tourtravelandmore.com\/fr\/tours\/france-fr\/sttropez-fr\/visite-privee-dajaccio-en-corse-copy-copy-copy-copy-copy-copy-copy-copy-copy-3\/#breadcrumb"},"inLanguage":"fr-FR","potentialAction":[{"@type":"ReadAction","target":["https:\/\/tourtravelandmore.com\/fr\/tours\/france-fr\/sttropez-fr\/visite-privee-dajaccio-en-corse-copy-copy-copy-copy-copy-copy-copy-copy-copy-3\/"]}]},{"@type":"ImageObject","inLanguage":"fr-FR","@id":"https:\/\/tourtravelandmore.com\/fr\/tours\/france-fr\/sttropez-fr\/visite-privee-dajaccio-en-corse-copy-copy-copy-copy-copy-copy-copy-copy-copy-3\/#primaryimage","url":"https:\/\/tourtravelandmore.com\/wp-content\/uploads\/2018\/03\/Vieille_Ville_Nice_France_-_panoramio_17-min-scaled.jpg","contentUrl":"https:\/\/tourtravelandmore.com\/wp-content\/uploads\/2018\/03\/Vieille_Ville_Nice_France_-_panoramio_17-min-scaled.jpg","width":2560,"height":1527},{"@type":"BreadcrumbList","@id":"https:\/\/tourtravelandmore.com\/fr\/tours\/france-fr\/sttropez-fr\/visite-privee-dajaccio-en-corse-copy-copy-copy-copy-copy-copy-copy-copy-copy-3\/#breadcrumb","itemListElement":[{"@type":"ListItem","position":1,"name":"Home","item":"https:\/\/tourtravelandmore.com\/fr\/"},{"@type":"ListItem","position":2,"name":"Tours","item":"https:\/\/tourtravelandmore.com\/fr\/tours\/"},{"@type":"ListItem","position":3,"name":"Visite priv\u00e9e de Nice au d\u00e9part de Saint-Tropez"}]},{"@type":"WebSite","@id":"https:\/\/tourtravelandmore.com\/fr\/#website","url":"https:\/\/tourtravelandmore.com\/fr\/","name":"Tour Travel And More","description":"Private sightseeing tours and luxury transfers in Spain","publisher":{"@id":"https:\/\/tourtravelandmore.com\/fr\/#organization"},"potentialAction":[{"@type":"SearchAction","target":{"@type":"EntryPoint","urlTemplate":"https:\/\/tourtravelandmore.com\/fr\/?s={search_term_string}"},"query-input":{"@type":"PropertyValueSpecification","valueRequired":true,"valueName":"search_term_string"}}],"inLanguage":"fr-FR"},{"@type":"Organization","@id":"https:\/\/tourtravelandmore.com\/fr\/#organization","name":"Tour Travel And More","url":"https:\/\/tourtravelandmore.com\/fr\/","logo":{"@type":"ImageObject","inLanguage":"fr-FR","@id":"https:\/\/tourtravelandmore.com\/fr\/#\/schema\/logo\/image\/","url":"https:\/\/tourtravelandmore.com\/wp-content\/uploads\/2022\/12\/cropped-logo-cabecera-new.png","contentUrl":"https:\/\/tourtravelandmore.com\/wp-content\/uploads\/2022\/12\/cropped-logo-cabecera-new.png","width":430,"height":61,"caption":"Tour Travel And More"},"image":{"@id":"https:\/\/tourtravelandmore.com\/fr\/#\/schema\/logo\/image\/"},"sameAs":["https:\/\/www.facebook.com\/tourtravelandmore\/","https:\/\/x.com\/TourTravel_More"]}]}},"_links":{"self":[{"href":"https:\/\/tourtravelandmore.com\/fr\/wp-json\/wp\/v2\/product\/102853","targetHints":{"allow":["GET"]}}],"collection":[{"href":"https:\/\/tourtravelandmore.com\/fr\/wp-json\/wp\/v2\/product"}],"about":[{"href":"https:\/\/tourtravelandmore.com\/fr\/wp-json\/wp\/v2\/types\/product"}],"replies":[{"embeddable":true,"href":"https:\/\/tourtravelandmore.com\/fr\/wp-json\/wp\/v2\/comments?post=102853"}],"wp:featuredmedia":[{"embeddable":true,"href":"https:\/\/tourtravelandmore.com\/fr\/wp-json\/wp\/v2\/media\/98319"}],"wp:attachment":[{"href":"https:\/\/tourtravelandmore.com\/fr\/wp-json\/wp\/v2\/media?parent=102853"}],"wp:term":[{"taxonomy":"product_brand","embeddable":true,"href":"https:\/\/tourtravelandmore.com\/fr\/wp-json\/wp\/v2\/product_brand?post=102853"},{"taxonomy":"product_cat","embeddable":true,"href":"https:\/\/tourtravelandmore.com\/fr\/wp-json\/wp\/v2\/product_cat?post=102853"},{"taxonomy":"product_tag","embeddable":true,"href":"https:\/\/tourtravelandmore.com\/fr\/wp-json\/wp\/v2\/product_tag?post=102853"}],"curies":[{"name":"wp","href":"https:\/\/api.w.org\/{rel}","templated":true}]}}