{"id":102833,"date":"2021-03-12T10:30:12","date_gmt":"2021-03-12T09:30:23","guid":{"rendered":"https:\/\/tourtravelandmore.com\/?post_type=product&#038;p=102833"},"modified":"2025-06-27T22:05:05","modified_gmt":"2025-06-27T20:05:05","slug":"visite-privee-dajaccio-en-corse-copy-copy-copy-copy-copy-copy-copy-copy-copy-4","status":"publish","type":"product","link":"https:\/\/tourtravelandmore.com\/fr\/tours\/france-fr\/sttropez-fr\/visite-privee-dajaccio-en-corse-copy-copy-copy-copy-copy-copy-copy-copy-copy-4\/","title":{"rendered":"Visite priv\u00e9e de Monaco au d\u00e9part de Saint-Tropez"},"content":{"rendered":"<h2><strong>Visite priv\u00e9e de Monaco au d\u00e9part de Saint-Tropez Description<\/strong><\/h2>\n<p>Qui a dit qu&#8217;une journ\u00e9e dans un autre pays ne pouvait \u00eatre qu&#8217;une excursion d&#8217;une journ\u00e9e ? Monaco vous offre cette possibilit\u00e9. Si vous n&#8217;avez jamais visit\u00e9 Monaco, ne manquez pas cette occasion de d\u00e9couvrir ce pays incroyable. Rejoignez-nous pour cette visite priv\u00e9e de Monaco au d\u00e9part de Saint-Tropez.<\/p>\n<p>Comme pour toutes nos visites priv\u00e9es, nous viendrons vous chercher \u00e0 votre h\u00f4tel ou \u00e0 l&#8217;endroit de votre choix \u00e0 Saint-Tropez, puis nous nous dirigerons vers Monaco.<\/p>\n<p>Nous avons pr\u00e9vu un chauffeur priv\u00e9 anglophone pour vous offrir une exp\u00e9rience unique. Nous pouvons \u00e9galement vous proposer les services d&#8217;un guide touristique officiel pour une approche plus historique.<\/p>\n<p>Monaco est un lieu unique et glamour. Il offre une vue imprenable sur la mer, des paysages incroyables et constitue une destination incontournable. Vous y trouverez des fleurs exotiques, des palmiers et une nature d&#8217;une grande beaut\u00e9. Vous pourrez \u00e9galement y d\u00e9couvrir de nombreux designers extravagants, des voitures de luxe et tout ce qui touche au luxe, y compris le c\u00e9l\u00e8bre casino.<\/p>\n<p>Laissez-nous vous faire d\u00e9couvrir Monaco lors de cette visite priv\u00e9e au d\u00e9part de Saint-Tropez et d\u00e9couvrez Monte-Carlo et tout ce qu&#8217;il a \u00e0 offrir avec Tour Travel &amp; More.<\/p>\n<h2>Visite priv\u00e9e de Monaco au d\u00e9part de Saint-Tropez | Points d&#8217;int\u00e9r\u00eat et sites touristiques<\/h2>\n<p>Laissez notre \u00e9quipe de <b>Tour Travel &amp; More<\/b> vous faire vivre cette exp\u00e9rience unique pour d\u00e9couvrir Monaco et Monte-Carlo. Nous organiserons une prise en charge priv\u00e9e confortable et sans tracas.<\/p>\n<p>Vous n&#8217;aurez \u00e0 vous soucier de rien, notre chauffeur vous attendra devant votre h\u00f4tel ou \u00e0 l&#8217;endroit de votre choix, et nous nous dirigerons vers Monaco pour cette journ\u00e9e d\u00e9couverte.<\/p>\n<p>Voici un exemple de ce que vous pourrez d\u00e9couvrir lors de cette excursion priv\u00e9e d&#8217;une journ\u00e9e :<\/p>\n<ul>\n<li><b>Monte-Carlo<\/b><\/li>\n<li><strong>Palais du Prince<\/strong><\/li>\n<li><strong>Vue sur le Mus\u00e9e oc\u00e9anographique (nous pouvons organiser la visite si vous le souhaitez)<\/strong><\/li>\n<li><strong>Jardin Exotique (quartier de Fontvieille)<\/strong><\/li>\n<li><strong>Cath\u00e9drale<\/strong><\/li>\n<li><strong>Les Jardins Saint-Martin<\/strong><\/li>\n<li><strong>Tour du circuit du Grand Prix de Formule 1<\/strong><\/li>\n<li><a href=\"https:\/\/www.opera.mc\/\">Op\u00e9ra de Monte-Carlo<\/a><\/li>\n<li><strong>Port de la Condamine<\/strong><\/li>\n<li><strong>Le Rocher ou Monaco Ville<\/strong><\/li>\n<li><strong>Jardin Japonais<\/strong><\/li>\n<li><strong>Fort Antoine<\/strong><\/li>\n<li><strong>Chapelle Sainte-D\u00e9vote<\/strong><\/li>\n<\/ul>\n<p>Vous disposerez de temps libre pour vous promener et manger un morceau avant que votre chauffeur ne vous ram\u00e8ne \u00e0 votre h\u00e9bergement \u00e0 Saint-Tropez.<\/p>\n<p>Nous pouvons \u00e9galement vous proposer les services d&#8217;un guide officiel priv\u00e9 pour vous accompagner tout au long de la visite.<\/p>\n<p><strong>N&#8217;h\u00e9sitez pas \u00e0 nous faire part de vos demandes particuli\u00e8res, nous les ajouterons \u00e0 l&#8217;itin\u00e9raire.<\/strong><\/p>\n<p><a href=\"https:\/\/www.deepl.com\/?product_cat=sttropez-en\"><strong>Cliquez ici pour d\u00e9couvrir toutes nos visites priv\u00e9es et exp\u00e9riences \u00e0 Saint-Tropez.<\/strong><\/a><\/p>\n","protected":false},"excerpt":{"rendered":"<p>Qui a dit qu&#8217;une journ\u00e9e dans un autre pays ne pouvait \u00eatre qu&#8217;une excursion d&#8217;une journ\u00e9e ? Monaco vous offre cette possibilit\u00e9. Si vous n&#8217;avez jamais visit\u00e9 Monaco, ne manquez pas cette occasion de d\u00e9couvrir ce pays incroyable. Rejoignez-nous pour cette visite priv\u00e9e de Monaco au d\u00e9part de Saint-Tropez.<\/p>\n","protected":false},"featured_media":102844,"comment_status":"open","ping_status":"closed","template":"","meta":{"_acf_changed":false},"product_brand":[],"product_cat":[5536,5529,5537,5531,5535,5530,3540,3626,3698],"product_tag":[],"class_list":{"0":"post-102833","1":"product","2":"type-product","3":"status-publish","4":"has-post-thumbnail","6":"product_cat-all-private-tours-activities-fr-41","7":"product_cat-all-private-tours-and-activities-fr-14","8":"product_cat-private-day-trips-fr-9","9":"product_cat-private-shore-excursions-fr-17","10":"product_cat-private-sightseeing-tours-fr-50","11":"product_cat-private-sightseeing-tours-fr-48","12":"product_cat-france-fr","13":"product_cat-sttropez-fr","14":"product_cat-monaco-fr","16":"first","17":"instock","18":"shipping-taxable","19":"purchasable","20":"product-type-simple"},"acf":[],"yoast_head":"<!-- This site is optimized with the Yoast SEO Premium plugin v25.3.1 (Yoast SEO v25.3.1) - https:\/\/yoast.com\/wordpress\/plugins\/seo\/ -->\n<title>Visite priv\u00e9e de Monaco au d\u00e9part de Saint-Tropez<\/title>\n<meta name=\"description\" content=\"Profitez au mieux de votre s\u00e9jour sur l&#039;\u00eele o\u00f9 Napol\u00e9on Bonaparte est n\u00e9 et profitez de notre visite priv\u00e9e d&#039;Ajaccio\" \/>\n<meta name=\"robots\" content=\"index, follow, max-snippet:-1, max-image-preview:large, max-video-preview:-1\" \/>\n<link rel=\"canonical\" href=\"https:\/\/tourtravelandmore.com\/fr\/tours\/france-fr\/sttropez-fr\/visite-privee-dajaccio-en-corse-copy-copy-copy-copy-copy-copy-copy-copy-copy-4\/\" \/>\n<meta property=\"og:locale\" content=\"fr_FR\" \/>\n<meta property=\"og:type\" content=\"article\" \/>\n<meta property=\"og:title\" content=\"Visite priv\u00e9e de Monaco au d\u00e9part de Saint-Tropez\" \/>\n<meta property=\"og:description\" content=\"Profitez au mieux de votre s\u00e9jour sur l&#039;\u00eele o\u00f9 Napol\u00e9on Bonaparte est n\u00e9 et profitez de notre visite priv\u00e9e d&#039;Ajaccio\" \/>\n<meta property=\"og:url\" content=\"https:\/\/tourtravelandmore.com\/fr\/tours\/france-fr\/sttropez-fr\/visite-privee-dajaccio-en-corse-copy-copy-copy-copy-copy-copy-copy-copy-copy-4\/\" \/>\n<meta property=\"og:site_name\" content=\"Tour Travel And More\" \/>\n<meta property=\"article:publisher\" content=\"https:\/\/www.facebook.com\/tourtravelandmore\/\" \/>\n<meta property=\"article:modified_time\" content=\"2025-06-27T20:05:05+00:00\" \/>\n<meta property=\"og:image\" content=\"https:\/\/tourtravelandmore.com\/wp-content\/uploads\/2021\/03\/monaco.jpg\" \/>\n\t<meta property=\"og:image:width\" content=\"1024\" \/>\n\t<meta property=\"og:image:height\" content=\"621\" \/>\n\t<meta property=\"og:image:type\" content=\"image\/jpeg\" \/>\n<meta name=\"twitter:card\" content=\"summary_large_image\" \/>\n<meta name=\"twitter:site\" content=\"@TourTravel_More\" \/>\n<meta name=\"twitter:label1\" content=\"Dur\u00e9e de lecture estim\u00e9e\" \/>\n\t<meta name=\"twitter:data1\" content=\"2 minutes\" \/>\n<script type=\"application\/ld+json\" class=\"yoast-schema-graph\">{\"@context\":\"https:\/\/schema.org\",\"@graph\":[{\"@type\":\"WebPage\",\"@id\":\"https:\/\/tourtravelandmore.com\/fr\/tours\/france-fr\/sttropez-fr\/visite-privee-dajaccio-en-corse-copy-copy-copy-copy-copy-copy-copy-copy-copy-4\/\",\"url\":\"https:\/\/tourtravelandmore.com\/fr\/tours\/france-fr\/sttropez-fr\/visite-privee-dajaccio-en-corse-copy-copy-copy-copy-copy-copy-copy-copy-copy-4\/\",\"name\":\"Visite priv\u00e9e de Monaco au d\u00e9part de Saint-Tropez\",\"isPartOf\":{\"@id\":\"https:\/\/tourtravelandmore.com\/fr\/#website\"},\"primaryImageOfPage\":{\"@id\":\"https:\/\/tourtravelandmore.com\/fr\/tours\/france-fr\/sttropez-fr\/visite-privee-dajaccio-en-corse-copy-copy-copy-copy-copy-copy-copy-copy-copy-4\/#primaryimage\"},\"image\":{\"@id\":\"https:\/\/tourtravelandmore.com\/fr\/tours\/france-fr\/sttropez-fr\/visite-privee-dajaccio-en-corse-copy-copy-copy-copy-copy-copy-copy-copy-copy-4\/#primaryimage\"},\"thumbnailUrl\":\"https:\/\/tourtravelandmore.com\/wp-content\/uploads\/2021\/03\/monaco.jpg\",\"datePublished\":\"2021-03-12T09:30:23+00:00\",\"dateModified\":\"2025-06-27T20:05:05+00:00\",\"description\":\"Profitez au mieux de votre s\u00e9jour sur l'\u00eele o\u00f9 Napol\u00e9on Bonaparte est n\u00e9 et profitez de notre visite priv\u00e9e d'Ajaccio\",\"breadcrumb\":{\"@id\":\"https:\/\/tourtravelandmore.com\/fr\/tours\/france-fr\/sttropez-fr\/visite-privee-dajaccio-en-corse-copy-copy-copy-copy-copy-copy-copy-copy-copy-4\/#breadcrumb\"},\"inLanguage\":\"fr-FR\",\"potentialAction\":[{\"@type\":\"ReadAction\",\"target\":[\"https:\/\/tourtravelandmore.com\/fr\/tours\/france-fr\/sttropez-fr\/visite-privee-dajaccio-en-corse-copy-copy-copy-copy-copy-copy-copy-copy-copy-4\/\"]}]},{\"@type\":\"ImageObject\",\"inLanguage\":\"fr-FR\",\"@id\":\"https:\/\/tourtravelandmore.com\/fr\/tours\/france-fr\/sttropez-fr\/visite-privee-dajaccio-en-corse-copy-copy-copy-copy-copy-copy-copy-copy-copy-4\/#primaryimage\",\"url\":\"https:\/\/tourtravelandmore.com\/wp-content\/uploads\/2021\/03\/monaco.jpg\",\"contentUrl\":\"https:\/\/tourtravelandmore.com\/wp-content\/uploads\/2021\/03\/monaco.jpg\",\"width\":1024,\"height\":621},{\"@type\":\"BreadcrumbList\",\"@id\":\"https:\/\/tourtravelandmore.com\/fr\/tours\/france-fr\/sttropez-fr\/visite-privee-dajaccio-en-corse-copy-copy-copy-copy-copy-copy-copy-copy-copy-4\/#breadcrumb\",\"itemListElement\":[{\"@type\":\"ListItem\",\"position\":1,\"name\":\"Home\",\"item\":\"https:\/\/tourtravelandmore.com\/fr\/\"},{\"@type\":\"ListItem\",\"position\":2,\"name\":\"Tours\",\"item\":\"https:\/\/tourtravelandmore.com\/fr\/tours\/\"},{\"@type\":\"ListItem\",\"position\":3,\"name\":\"Visite priv\u00e9e de Monaco au d\u00e9part de Saint-Tropez\"}]},{\"@type\":\"WebSite\",\"@id\":\"https:\/\/tourtravelandmore.com\/fr\/#website\",\"url\":\"https:\/\/tourtravelandmore.com\/fr\/\",\"name\":\"Tour Travel And More\",\"description\":\"Private sightseeing tours and luxury transfers in Spain\",\"publisher\":{\"@id\":\"https:\/\/tourtravelandmore.com\/fr\/#organization\"},\"potentialAction\":[{\"@type\":\"SearchAction\",\"target\":{\"@type\":\"EntryPoint\",\"urlTemplate\":\"https:\/\/tourtravelandmore.com\/fr\/?s={search_term_string}\"},\"query-input\":{\"@type\":\"PropertyValueSpecification\",\"valueRequired\":true,\"valueName\":\"search_term_string\"}}],\"inLanguage\":\"fr-FR\"},{\"@type\":\"Organization\",\"@id\":\"https:\/\/tourtravelandmore.com\/fr\/#organization\",\"name\":\"Tour Travel And More\",\"url\":\"https:\/\/tourtravelandmore.com\/fr\/\",\"logo\":{\"@type\":\"ImageObject\",\"inLanguage\":\"fr-FR\",\"@id\":\"https:\/\/tourtravelandmore.com\/fr\/#\/schema\/logo\/image\/\",\"url\":\"https:\/\/tourtravelandmore.com\/wp-content\/uploads\/2022\/12\/cropped-logo-cabecera-new.png\",\"contentUrl\":\"https:\/\/tourtravelandmore.com\/wp-content\/uploads\/2022\/12\/cropped-logo-cabecera-new.png\",\"width\":430,\"height\":61,\"caption\":\"Tour Travel And More\"},\"image\":{\"@id\":\"https:\/\/tourtravelandmore.com\/fr\/#\/schema\/logo\/image\/\"},\"sameAs\":[\"https:\/\/www.facebook.com\/tourtravelandmore\/\",\"https:\/\/x.com\/TourTravel_More\"]}]}<\/script>\n<!-- \/ Yoast SEO Premium plugin. -->","yoast_head_json":{"title":"Visite priv\u00e9e de Monaco au d\u00e9part de Saint-Tropez","description":"Profitez au mieux de votre s\u00e9jour sur l'\u00eele o\u00f9 Napol\u00e9on Bonaparte est n\u00e9 et profitez de notre visite priv\u00e9e d'Ajaccio","robots":{"index":"index","follow":"follow","max-snippet":"max-snippet:-1","max-image-preview":"max-image-preview:large","max-video-preview":"max-video-preview:-1"},"canonical":"https:\/\/tourtravelandmore.com\/fr\/tours\/france-fr\/sttropez-fr\/visite-privee-dajaccio-en-corse-copy-copy-copy-copy-copy-copy-copy-copy-copy-4\/","og_locale":"fr_FR","og_type":"article","og_title":"Visite priv\u00e9e de Monaco au d\u00e9part de Saint-Tropez","og_description":"Profitez au mieux de votre s\u00e9jour sur l'\u00eele o\u00f9 Napol\u00e9on Bonaparte est n\u00e9 et profitez de notre visite priv\u00e9e d'Ajaccio","og_url":"https:\/\/tourtravelandmore.com\/fr\/tours\/france-fr\/sttropez-fr\/visite-privee-dajaccio-en-corse-copy-copy-copy-copy-copy-copy-copy-copy-copy-4\/","og_site_name":"Tour Travel And More","article_publisher":"https:\/\/www.facebook.com\/tourtravelandmore\/","article_modified_time":"2025-06-27T20:05:05+00:00","og_image":[{"width":1024,"height":621,"url":"https:\/\/tourtravelandmore.com\/wp-content\/uploads\/2021\/03\/monaco.jpg","type":"image\/jpeg"}],"twitter_card":"summary_large_image","twitter_site":"@TourTravel_More","twitter_misc":{"Dur\u00e9e de lecture estim\u00e9e":"2 minutes"},"schema":{"@context":"https:\/\/schema.org","@graph":[{"@type":"WebPage","@id":"https:\/\/tourtravelandmore.com\/fr\/tours\/france-fr\/sttropez-fr\/visite-privee-dajaccio-en-corse-copy-copy-copy-copy-copy-copy-copy-copy-copy-4\/","url":"https:\/\/tourtravelandmore.com\/fr\/tours\/france-fr\/sttropez-fr\/visite-privee-dajaccio-en-corse-copy-copy-copy-copy-copy-copy-copy-copy-copy-4\/","name":"Visite priv\u00e9e de Monaco au d\u00e9part de Saint-Tropez","isPartOf":{"@id":"https:\/\/tourtravelandmore.com\/fr\/#website"},"primaryImageOfPage":{"@id":"https:\/\/tourtravelandmore.com\/fr\/tours\/france-fr\/sttropez-fr\/visite-privee-dajaccio-en-corse-copy-copy-copy-copy-copy-copy-copy-copy-copy-4\/#primaryimage"},"image":{"@id":"https:\/\/tourtravelandmore.com\/fr\/tours\/france-fr\/sttropez-fr\/visite-privee-dajaccio-en-corse-copy-copy-copy-copy-copy-copy-copy-copy-copy-4\/#primaryimage"},"thumbnailUrl":"https:\/\/tourtravelandmore.com\/wp-content\/uploads\/2021\/03\/monaco.jpg","datePublished":"2021-03-12T09:30:23+00:00","dateModified":"2025-06-27T20:05:05+00:00","description":"Profitez au mieux de votre s\u00e9jour sur l'\u00eele o\u00f9 Napol\u00e9on Bonaparte est n\u00e9 et profitez de notre visite priv\u00e9e d'Ajaccio","breadcrumb":{"@id":"https:\/\/tourtravelandmore.com\/fr\/tours\/france-fr\/sttropez-fr\/visite-privee-dajaccio-en-corse-copy-copy-copy-copy-copy-copy-copy-copy-copy-4\/#breadcrumb"},"inLanguage":"fr-FR","potentialAction":[{"@type":"ReadAction","target":["https:\/\/tourtravelandmore.com\/fr\/tours\/france-fr\/sttropez-fr\/visite-privee-dajaccio-en-corse-copy-copy-copy-copy-copy-copy-copy-copy-copy-4\/"]}]},{"@type":"ImageObject","inLanguage":"fr-FR","@id":"https:\/\/tourtravelandmore.com\/fr\/tours\/france-fr\/sttropez-fr\/visite-privee-dajaccio-en-corse-copy-copy-copy-copy-copy-copy-copy-copy-copy-4\/#primaryimage","url":"https:\/\/tourtravelandmore.com\/wp-content\/uploads\/2021\/03\/monaco.jpg","contentUrl":"https:\/\/tourtravelandmore.com\/wp-content\/uploads\/2021\/03\/monaco.jpg","width":1024,"height":621},{"@type":"BreadcrumbList","@id":"https:\/\/tourtravelandmore.com\/fr\/tours\/france-fr\/sttropez-fr\/visite-privee-dajaccio-en-corse-copy-copy-copy-copy-copy-copy-copy-copy-copy-4\/#breadcrumb","itemListElement":[{"@type":"ListItem","position":1,"name":"Home","item":"https:\/\/tourtravelandmore.com\/fr\/"},{"@type":"ListItem","position":2,"name":"Tours","item":"https:\/\/tourtravelandmore.com\/fr\/tours\/"},{"@type":"ListItem","position":3,"name":"Visite priv\u00e9e de Monaco au d\u00e9part de Saint-Tropez"}]},{"@type":"WebSite","@id":"https:\/\/tourtravelandmore.com\/fr\/#website","url":"https:\/\/tourtravelandmore.com\/fr\/","name":"Tour Travel And More","description":"Private sightseeing tours and luxury transfers in Spain","publisher":{"@id":"https:\/\/tourtravelandmore.com\/fr\/#organization"},"potentialAction":[{"@type":"SearchAction","target":{"@type":"EntryPoint","urlTemplate":"https:\/\/tourtravelandmore.com\/fr\/?s={search_term_string}"},"query-input":{"@type":"PropertyValueSpecification","valueRequired":true,"valueName":"search_term_string"}}],"inLanguage":"fr-FR"},{"@type":"Organization","@id":"https:\/\/tourtravelandmore.com\/fr\/#organization","name":"Tour Travel And More","url":"https:\/\/tourtravelandmore.com\/fr\/","logo":{"@type":"ImageObject","inLanguage":"fr-FR","@id":"https:\/\/tourtravelandmore.com\/fr\/#\/schema\/logo\/image\/","url":"https:\/\/tourtravelandmore.com\/wp-content\/uploads\/2022\/12\/cropped-logo-cabecera-new.png","contentUrl":"https:\/\/tourtravelandmore.com\/wp-content\/uploads\/2022\/12\/cropped-logo-cabecera-new.png","width":430,"height":61,"caption":"Tour Travel And More"},"image":{"@id":"https:\/\/tourtravelandmore.com\/fr\/#\/schema\/logo\/image\/"},"sameAs":["https:\/\/www.facebook.com\/tourtravelandmore\/","https:\/\/x.com\/TourTravel_More"]}]}},"_links":{"self":[{"href":"https:\/\/tourtravelandmore.com\/fr\/wp-json\/wp\/v2\/product\/102833","targetHints":{"allow":["GET"]}}],"collection":[{"href":"https:\/\/tourtravelandmore.com\/fr\/wp-json\/wp\/v2\/product"}],"about":[{"href":"https:\/\/tourtravelandmore.com\/fr\/wp-json\/wp\/v2\/types\/product"}],"replies":[{"embeddable":true,"href":"https:\/\/tourtravelandmore.com\/fr\/wp-json\/wp\/v2\/comments?post=102833"}],"wp:featuredmedia":[{"embeddable":true,"href":"https:\/\/tourtravelandmore.com\/fr\/wp-json\/wp\/v2\/media\/102844"}],"wp:attachment":[{"href":"https:\/\/tourtravelandmore.com\/fr\/wp-json\/wp\/v2\/media?parent=102833"}],"wp:term":[{"taxonomy":"product_brand","embeddable":true,"href":"https:\/\/tourtravelandmore.com\/fr\/wp-json\/wp\/v2\/product_brand?post=102833"},{"taxonomy":"product_cat","embeddable":true,"href":"https:\/\/tourtravelandmore.com\/fr\/wp-json\/wp\/v2\/product_cat?post=102833"},{"taxonomy":"product_tag","embeddable":true,"href":"https:\/\/tourtravelandmore.com\/fr\/wp-json\/wp\/v2\/product_tag?post=102833"}],"curies":[{"name":"wp","href":"https:\/\/api.w.org\/{rel}","templated":true}]}}