{"id":102749,"date":"2019-11-19T13:11:02","date_gmt":"2019-11-19T12:11:02","guid":{"rendered":"https:\/\/tourtravelandmore.com\/tours\/non%20class\u00e9\/visite-privee-du-royal-djurgarden\/"},"modified":"2021-03-12T09:33:57","modified_gmt":"2021-03-12T08:33:57","slug":"visite-privee-du-royal-djurgarden","status":"publish","type":"product","link":"https:\/\/tourtravelandmore.com\/fr\/tours\/suede-fr\/stockholm-fr\/visite-privee-du-royal-djurgarden\/","title":{"rendered":"Visite priv\u00e9e du Royal Djurg\u00e5rden"},"content":{"rendered":"<h2>Description<\/h2>\n<p>Profitez de cette visite priv\u00e9e du Royal Djurg\u00e5rden avec votre guide officiel priv\u00e9 et d\u00e9couvrez le meilleur de ce que le parc royal de Djurg\u00e5rden a \u00e0 offrir lors de cette visite priv\u00e9e.<\/p>\n<p>Votre chauffeur priv\u00e9 et votre guide officiel viendront vous chercher \u00e0 votre h\u00f4tel ou lieu de votre choix \u00e0 l&#8217;heure souhait\u00e9e. Notre premier arr\u00eat sera le Palais Rosendal, l&#8217;un des plus beaux endroits du Royal Djurg\u00e5rden. Nous pouvons ensuite faire une pause \u00e0 Blockhusudden o\u00f9 nous pouvons nous reposer et boire quelque chose. Ensuite, nous continuerons vers le mus\u00e9e Vasa, le mus\u00e9e ABBA et bien d&#8217;autres.<\/p>\n<p>Ci-dessous, une visite de 4 heures \u00e0 Stockholm. Nous pouvons toujours vous proposer des circuits plus longs si vous le souhaitez. Le nombre exact d&#8217;heures peut \u00eatre modifi\u00e9. Nous sommes l\u00e0 pour rendre votre exp\u00e9rience unique et m\u00e9morable.<\/p>\n<h2>Sites d&#8217;int\u00e9r\u00eat et monuments<\/h2>\n<p>Tout d&#8217;abord, rencontrez votre guide et votre chauffeur pour commencer cette visite priv\u00e9e royale de Djurg\u00e5rden. Le point de rendez-vous sera \u00e0 votre lieu de choix dans la ville.<\/p>\n<p>Nous commencerons ensuite cette visite priv\u00e9e. Lors de votre visite priv\u00e9e, vous d\u00e9couvrirez certains des endroits les plus reconnus de la ville. Vous serez t\u00e9moin de sa beaut\u00e9 architecturale unique. Parmi les sites que vous pouvez visiter \u00e0 travers cette visite priv\u00e9e, nous vous proposons:<\/p>\n<ul>\n<li>Palais de Rosendal<\/li>\n<li>Mus\u00e9e Vasa<\/li>\n<li>Mus\u00e9e ABBA<\/li>\n<li>Skansen<\/li>\n<li>Mus\u00e9e des biologistes<\/li>\n<li>Blockhusudden<\/li>\n<\/ul>\n<p>Et bien d&#8217;autres endroits lors de cette visite priv\u00e9e du Royal Djurg\u00e5rden<br \/>\nNous pouvons inclure des billets d&#8217;entr\u00e9e \u00e0 tout monument ou mus\u00e9e que vous souhaitez visiter lors de cette visite priv\u00e9e.<\/p>\n<p>Enfin, \u00e0 la fin de la visite, votre chauffeur priv\u00e9 et votre guide officiel vous ram\u00e8neront \u00e0 votre h\u00f4tel \u00e0 Stockholm.<\/p>\n<p>Jetez un \u0153il \u00e0 nos autres visites priv\u00e9es \u00e0 Stockholm ici. Veuillez noter que nous proposons des visites priv\u00e9es dans toutes les villes que vous souhaitez dans le monde.<\/p>\n","protected":false},"excerpt":{"rendered":"<p>Stockholm est une ville merveilleuse pleine de parcs incroyables, profitez de cette excursion priv\u00e9e d&#8217;une demi-journ\u00e9e \u00e0 travers le parc royal de Djurg\u00e5rden, o\u00f9 vous pourrez admirer les vues rurales, les monuments et les b\u00e2timents. Votre guide officiel priv\u00e9 vous conduira \u00e0 explorer la beaut\u00e9 offerte par chaque parc, comme le palais Rosendal, le mus\u00e9e Vasa, le mus\u00e9e ABBA et bien d&#8217;autres sites.<\/p>\n","protected":false},"featured_media":96790,"comment_status":"open","ping_status":"closed","template":"","meta":{"_acf_changed":false},"product_brand":[],"product_cat":[3737,3815],"product_tag":[4220,4221,4043,4219],"class_list":{"0":"post-102749","1":"product","2":"type-product","3":"status-publish","4":"has-post-thumbnail","6":"product_cat-suede-fr","7":"product_cat-stockholm-fr","8":"product_tag-city-tour-fr","9":"product_tag-excursion-fr","10":"product_tag-private-fr","11":"product_tag-private-tour-fr","13":"first","14":"instock","15":"shipping-taxable","16":"purchasable","17":"product-type-simple"},"acf":[],"yoast_head":"<!-- This site is optimized with the Yoast SEO Premium plugin v25.3.1 (Yoast SEO v25.3.1) - https:\/\/yoast.com\/wordpress\/plugins\/seo\/ -->\n<title>Visite priv\u00e9e royale de Djurg\u00e5rden - VISITES PRIV\u00c9ES DE STOCKHOLM<\/title>\n<meta name=\"description\" content=\"Explorez et profitez de cette visite priv\u00e9e royale de Djurg\u00e5rden avec le parc aux c\u00f4t\u00e9s d&#039;un guide local et apprenez \u00e0 conna\u00eetre le meilleur de votre visite.\" \/>\n<meta name=\"robots\" content=\"index, follow, max-snippet:-1, max-image-preview:large, max-video-preview:-1\" \/>\n<link rel=\"canonical\" href=\"https:\/\/tourtravelandmore.com\/fr\/tours\/suede-fr\/stockholm-fr\/visite-privee-du-royal-djurgarden\/\" \/>\n<meta property=\"og:locale\" content=\"fr_FR\" \/>\n<meta property=\"og:type\" content=\"article\" \/>\n<meta property=\"og:title\" content=\"Visite priv\u00e9e du Royal Djurg\u00e5rden\" \/>\n<meta property=\"og:description\" content=\"Explorez et profitez de cette visite priv\u00e9e royale de Djurg\u00e5rden avec le parc aux c\u00f4t\u00e9s d&#039;un guide local et apprenez \u00e0 conna\u00eetre le meilleur de votre visite.\" \/>\n<meta property=\"og:url\" content=\"https:\/\/tourtravelandmore.com\/fr\/tours\/suede-fr\/stockholm-fr\/visite-privee-du-royal-djurgarden\/\" \/>\n<meta property=\"og:site_name\" content=\"Tour Travel And More\" \/>\n<meta property=\"article:publisher\" content=\"https:\/\/www.facebook.com\/tourtravelandmore\/\" \/>\n<meta property=\"article:modified_time\" content=\"2021-03-12T08:33:57+00:00\" \/>\n<meta property=\"og:image\" content=\"https:\/\/tourtravelandmore.com\/wp-content\/uploads\/2019\/11\/Sweden_0764-Stockholm.jpg\" \/>\n\t<meta property=\"og:image:width\" content=\"1024\" \/>\n\t<meta property=\"og:image:height\" content=\"680\" \/>\n\t<meta property=\"og:image:type\" content=\"image\/jpeg\" \/>\n<meta name=\"twitter:card\" content=\"summary_large_image\" \/>\n<meta name=\"twitter:site\" content=\"@TourTravel_More\" \/>\n<meta name=\"twitter:label1\" content=\"Dur\u00e9e de lecture estim\u00e9e\" \/>\n\t<meta name=\"twitter:data1\" content=\"2 minutes\" \/>\n<script type=\"application\/ld+json\" class=\"yoast-schema-graph\">{\"@context\":\"https:\/\/schema.org\",\"@graph\":[{\"@type\":\"WebPage\",\"@id\":\"https:\/\/tourtravelandmore.com\/fr\/tours\/suede-fr\/stockholm-fr\/visite-privee-du-royal-djurgarden\/\",\"url\":\"https:\/\/tourtravelandmore.com\/fr\/tours\/suede-fr\/stockholm-fr\/visite-privee-du-royal-djurgarden\/\",\"name\":\"Visite priv\u00e9e royale de Djurg\u00e5rden - VISITES PRIV\u00c9ES DE STOCKHOLM\",\"isPartOf\":{\"@id\":\"https:\/\/tourtravelandmore.com\/fr\/#website\"},\"primaryImageOfPage\":{\"@id\":\"https:\/\/tourtravelandmore.com\/fr\/tours\/suede-fr\/stockholm-fr\/visite-privee-du-royal-djurgarden\/#primaryimage\"},\"image\":{\"@id\":\"https:\/\/tourtravelandmore.com\/fr\/tours\/suede-fr\/stockholm-fr\/visite-privee-du-royal-djurgarden\/#primaryimage\"},\"thumbnailUrl\":\"https:\/\/tourtravelandmore.com\/wp-content\/uploads\/2019\/11\/Sweden_0764-Stockholm.jpg\",\"datePublished\":\"2019-11-19T12:11:02+00:00\",\"dateModified\":\"2021-03-12T08:33:57+00:00\",\"description\":\"Explorez et profitez de cette visite priv\u00e9e royale de Djurg\u00e5rden avec le parc aux c\u00f4t\u00e9s d'un guide local et apprenez \u00e0 conna\u00eetre le meilleur de votre visite.\",\"breadcrumb\":{\"@id\":\"https:\/\/tourtravelandmore.com\/fr\/tours\/suede-fr\/stockholm-fr\/visite-privee-du-royal-djurgarden\/#breadcrumb\"},\"inLanguage\":\"fr-FR\",\"potentialAction\":[{\"@type\":\"ReadAction\",\"target\":[\"https:\/\/tourtravelandmore.com\/fr\/tours\/suede-fr\/stockholm-fr\/visite-privee-du-royal-djurgarden\/\"]}]},{\"@type\":\"ImageObject\",\"inLanguage\":\"fr-FR\",\"@id\":\"https:\/\/tourtravelandmore.com\/fr\/tours\/suede-fr\/stockholm-fr\/visite-privee-du-royal-djurgarden\/#primaryimage\",\"url\":\"https:\/\/tourtravelandmore.com\/wp-content\/uploads\/2019\/11\/Sweden_0764-Stockholm.jpg\",\"contentUrl\":\"https:\/\/tourtravelandmore.com\/wp-content\/uploads\/2019\/11\/Sweden_0764-Stockholm.jpg\",\"width\":1024,\"height\":680},{\"@type\":\"BreadcrumbList\",\"@id\":\"https:\/\/tourtravelandmore.com\/fr\/tours\/suede-fr\/stockholm-fr\/visite-privee-du-royal-djurgarden\/#breadcrumb\",\"itemListElement\":[{\"@type\":\"ListItem\",\"position\":1,\"name\":\"Home\",\"item\":\"https:\/\/tourtravelandmore.com\/fr\/\"},{\"@type\":\"ListItem\",\"position\":2,\"name\":\"Tours\",\"item\":\"https:\/\/tourtravelandmore.com\/fr\/tours\/\"},{\"@type\":\"ListItem\",\"position\":3,\"name\":\"Visite priv\u00e9e du Royal Djurg\u00e5rden\"}]},{\"@type\":\"WebSite\",\"@id\":\"https:\/\/tourtravelandmore.com\/fr\/#website\",\"url\":\"https:\/\/tourtravelandmore.com\/fr\/\",\"name\":\"Tour Travel And More\",\"description\":\"Private sightseeing tours and luxury transfers in Spain\",\"publisher\":{\"@id\":\"https:\/\/tourtravelandmore.com\/fr\/#organization\"},\"potentialAction\":[{\"@type\":\"SearchAction\",\"target\":{\"@type\":\"EntryPoint\",\"urlTemplate\":\"https:\/\/tourtravelandmore.com\/fr\/?s={search_term_string}\"},\"query-input\":{\"@type\":\"PropertyValueSpecification\",\"valueRequired\":true,\"valueName\":\"search_term_string\"}}],\"inLanguage\":\"fr-FR\"},{\"@type\":\"Organization\",\"@id\":\"https:\/\/tourtravelandmore.com\/fr\/#organization\",\"name\":\"Tour Travel And More\",\"url\":\"https:\/\/tourtravelandmore.com\/fr\/\",\"logo\":{\"@type\":\"ImageObject\",\"inLanguage\":\"fr-FR\",\"@id\":\"https:\/\/tourtravelandmore.com\/fr\/#\/schema\/logo\/image\/\",\"url\":\"https:\/\/tourtravelandmore.com\/wp-content\/uploads\/2022\/12\/cropped-logo-cabecera-new.png\",\"contentUrl\":\"https:\/\/tourtravelandmore.com\/wp-content\/uploads\/2022\/12\/cropped-logo-cabecera-new.png\",\"width\":430,\"height\":61,\"caption\":\"Tour Travel And More\"},\"image\":{\"@id\":\"https:\/\/tourtravelandmore.com\/fr\/#\/schema\/logo\/image\/\"},\"sameAs\":[\"https:\/\/www.facebook.com\/tourtravelandmore\/\",\"https:\/\/x.com\/TourTravel_More\"]}]}<\/script>\n<!-- \/ Yoast SEO Premium plugin. -->","yoast_head_json":{"title":"Visite priv\u00e9e royale de Djurg\u00e5rden - VISITES PRIV\u00c9ES DE STOCKHOLM","description":"Explorez et profitez de cette visite priv\u00e9e royale de Djurg\u00e5rden avec le parc aux c\u00f4t\u00e9s d'un guide local et apprenez \u00e0 conna\u00eetre le meilleur de votre visite.","robots":{"index":"index","follow":"follow","max-snippet":"max-snippet:-1","max-image-preview":"max-image-preview:large","max-video-preview":"max-video-preview:-1"},"canonical":"https:\/\/tourtravelandmore.com\/fr\/tours\/suede-fr\/stockholm-fr\/visite-privee-du-royal-djurgarden\/","og_locale":"fr_FR","og_type":"article","og_title":"Visite priv\u00e9e du Royal Djurg\u00e5rden","og_description":"Explorez et profitez de cette visite priv\u00e9e royale de Djurg\u00e5rden avec le parc aux c\u00f4t\u00e9s d'un guide local et apprenez \u00e0 conna\u00eetre le meilleur de votre visite.","og_url":"https:\/\/tourtravelandmore.com\/fr\/tours\/suede-fr\/stockholm-fr\/visite-privee-du-royal-djurgarden\/","og_site_name":"Tour Travel And More","article_publisher":"https:\/\/www.facebook.com\/tourtravelandmore\/","article_modified_time":"2021-03-12T08:33:57+00:00","og_image":[{"width":1024,"height":680,"url":"https:\/\/tourtravelandmore.com\/wp-content\/uploads\/2019\/11\/Sweden_0764-Stockholm.jpg","type":"image\/jpeg"}],"twitter_card":"summary_large_image","twitter_site":"@TourTravel_More","twitter_misc":{"Dur\u00e9e de lecture estim\u00e9e":"2 minutes"},"schema":{"@context":"https:\/\/schema.org","@graph":[{"@type":"WebPage","@id":"https:\/\/tourtravelandmore.com\/fr\/tours\/suede-fr\/stockholm-fr\/visite-privee-du-royal-djurgarden\/","url":"https:\/\/tourtravelandmore.com\/fr\/tours\/suede-fr\/stockholm-fr\/visite-privee-du-royal-djurgarden\/","name":"Visite priv\u00e9e royale de Djurg\u00e5rden - VISITES PRIV\u00c9ES DE STOCKHOLM","isPartOf":{"@id":"https:\/\/tourtravelandmore.com\/fr\/#website"},"primaryImageOfPage":{"@id":"https:\/\/tourtravelandmore.com\/fr\/tours\/suede-fr\/stockholm-fr\/visite-privee-du-royal-djurgarden\/#primaryimage"},"image":{"@id":"https:\/\/tourtravelandmore.com\/fr\/tours\/suede-fr\/stockholm-fr\/visite-privee-du-royal-djurgarden\/#primaryimage"},"thumbnailUrl":"https:\/\/tourtravelandmore.com\/wp-content\/uploads\/2019\/11\/Sweden_0764-Stockholm.jpg","datePublished":"2019-11-19T12:11:02+00:00","dateModified":"2021-03-12T08:33:57+00:00","description":"Explorez et profitez de cette visite priv\u00e9e royale de Djurg\u00e5rden avec le parc aux c\u00f4t\u00e9s d'un guide local et apprenez \u00e0 conna\u00eetre le meilleur de votre visite.","breadcrumb":{"@id":"https:\/\/tourtravelandmore.com\/fr\/tours\/suede-fr\/stockholm-fr\/visite-privee-du-royal-djurgarden\/#breadcrumb"},"inLanguage":"fr-FR","potentialAction":[{"@type":"ReadAction","target":["https:\/\/tourtravelandmore.com\/fr\/tours\/suede-fr\/stockholm-fr\/visite-privee-du-royal-djurgarden\/"]}]},{"@type":"ImageObject","inLanguage":"fr-FR","@id":"https:\/\/tourtravelandmore.com\/fr\/tours\/suede-fr\/stockholm-fr\/visite-privee-du-royal-djurgarden\/#primaryimage","url":"https:\/\/tourtravelandmore.com\/wp-content\/uploads\/2019\/11\/Sweden_0764-Stockholm.jpg","contentUrl":"https:\/\/tourtravelandmore.com\/wp-content\/uploads\/2019\/11\/Sweden_0764-Stockholm.jpg","width":1024,"height":680},{"@type":"BreadcrumbList","@id":"https:\/\/tourtravelandmore.com\/fr\/tours\/suede-fr\/stockholm-fr\/visite-privee-du-royal-djurgarden\/#breadcrumb","itemListElement":[{"@type":"ListItem","position":1,"name":"Home","item":"https:\/\/tourtravelandmore.com\/fr\/"},{"@type":"ListItem","position":2,"name":"Tours","item":"https:\/\/tourtravelandmore.com\/fr\/tours\/"},{"@type":"ListItem","position":3,"name":"Visite priv\u00e9e du Royal Djurg\u00e5rden"}]},{"@type":"WebSite","@id":"https:\/\/tourtravelandmore.com\/fr\/#website","url":"https:\/\/tourtravelandmore.com\/fr\/","name":"Tour Travel And More","description":"Private sightseeing tours and luxury transfers in Spain","publisher":{"@id":"https:\/\/tourtravelandmore.com\/fr\/#organization"},"potentialAction":[{"@type":"SearchAction","target":{"@type":"EntryPoint","urlTemplate":"https:\/\/tourtravelandmore.com\/fr\/?s={search_term_string}"},"query-input":{"@type":"PropertyValueSpecification","valueRequired":true,"valueName":"search_term_string"}}],"inLanguage":"fr-FR"},{"@type":"Organization","@id":"https:\/\/tourtravelandmore.com\/fr\/#organization","name":"Tour Travel And More","url":"https:\/\/tourtravelandmore.com\/fr\/","logo":{"@type":"ImageObject","inLanguage":"fr-FR","@id":"https:\/\/tourtravelandmore.com\/fr\/#\/schema\/logo\/image\/","url":"https:\/\/tourtravelandmore.com\/wp-content\/uploads\/2022\/12\/cropped-logo-cabecera-new.png","contentUrl":"https:\/\/tourtravelandmore.com\/wp-content\/uploads\/2022\/12\/cropped-logo-cabecera-new.png","width":430,"height":61,"caption":"Tour Travel And More"},"image":{"@id":"https:\/\/tourtravelandmore.com\/fr\/#\/schema\/logo\/image\/"},"sameAs":["https:\/\/www.facebook.com\/tourtravelandmore\/","https:\/\/x.com\/TourTravel_More"]}]}},"_links":{"self":[{"href":"https:\/\/tourtravelandmore.com\/fr\/wp-json\/wp\/v2\/product\/102749","targetHints":{"allow":["GET"]}}],"collection":[{"href":"https:\/\/tourtravelandmore.com\/fr\/wp-json\/wp\/v2\/product"}],"about":[{"href":"https:\/\/tourtravelandmore.com\/fr\/wp-json\/wp\/v2\/types\/product"}],"replies":[{"embeddable":true,"href":"https:\/\/tourtravelandmore.com\/fr\/wp-json\/wp\/v2\/comments?post=102749"}],"wp:featuredmedia":[{"embeddable":true,"href":"https:\/\/tourtravelandmore.com\/fr\/wp-json\/wp\/v2\/media\/96790"}],"wp:attachment":[{"href":"https:\/\/tourtravelandmore.com\/fr\/wp-json\/wp\/v2\/media?parent=102749"}],"wp:term":[{"taxonomy":"product_brand","embeddable":true,"href":"https:\/\/tourtravelandmore.com\/fr\/wp-json\/wp\/v2\/product_brand?post=102749"},{"taxonomy":"product_cat","embeddable":true,"href":"https:\/\/tourtravelandmore.com\/fr\/wp-json\/wp\/v2\/product_cat?post=102749"},{"taxonomy":"product_tag","embeddable":true,"href":"https:\/\/tourtravelandmore.com\/fr\/wp-json\/wp\/v2\/product_tag?post=102749"}],"curies":[{"name":"wp","href":"https:\/\/api.w.org\/{rel}","templated":true}]}}