{"id":102742,"date":"2019-11-20T22:40:04","date_gmt":"2019-11-20T21:40:04","guid":{"rendered":"https:\/\/tourtravelandmore.com\/tours\/non%20class\u00e9\/visite-privee-du-chateau-de-drottningholm\/"},"modified":"2021-03-12T09:14:18","modified_gmt":"2021-03-12T08:14:18","slug":"visite-privee-du-chateau-de-drottningholm","status":"publish","type":"product","link":"https:\/\/tourtravelandmore.com\/fr\/tours\/suede-fr\/stockholm-fr\/visite-privee-du-chateau-de-drottningholm\/","title":{"rendered":"Visite priv\u00e9e du ch\u00e2teau de Drottningholm"},"content":{"rendered":"<h2>Description<\/h2>\n<p>Profitez de cette visite priv\u00e9e du palais de Drottningholm et du parc du palais au d\u00e9part de Stockholm aux c\u00f4t\u00e9s de votre guide officiel priv\u00e9. D\u00e9couvrez le meilleur de ce que le ch\u00e2teau de Drottningholm a \u00e0 offrir lors de cette visite priv\u00e9e. Cette visite priv\u00e9e du ch\u00e2teau de Drottningholm est parfaite pour votre exp\u00e9rience unique.<\/p>\n<p>Nous nous rencontrerons en un point central \u00e0 Stockholm. Ce sera devant le ch\u00e2teau de Drottningholm. Ici, votre guide officiel priv\u00e9 et votre chauffeur vous emm\u00e8neront et vous conduiront \u00e0 votre destination. Notre premier arr\u00eat sera le ch\u00e2teau de Drottningholm. Votre guide vous montrera le meilleur de ce que le palais a \u00e0 offrir. Ensuite, nous continuerons \u00e0 faire une promenade sur les parcs du palais, tels que le parc baroque, anglais et naturel.<\/p>\n<p>Vous pouvez personnaliser chaque visite en nous contactant simplement. Voici un exemple de certains des sites les plus importants du ch\u00e2teau de Drottningholm. Votre visite peut \u00eatre enti\u00e8rement personnalis\u00e9e pour r\u00e9pondre exactement \u00e0 vos besoins. Nous vous aiderons \u00e0 organiser votre exp\u00e9rience totalement personnalis\u00e9e et unique.<\/p>\n<p>Bellow est une visite de 5 heures.<\/p>\n<h2>Sites d&#8217;int\u00e9r\u00eat et monuments<\/h2>\n<p>Lors de votre visite priv\u00e9e \u00e0 pied, vous d\u00e9couvrirez certains des endroits les plus reconnus de la ville. Vous serez t\u00e9moin de sa beaut\u00e9 architecturale unique. Parmi les sites que vous pouvez visiter \u00e0 travers cette visite priv\u00e9e, nous vous proposons:<\/p>\n<ul>\n<li>lac M\u00e4laren<\/li>\n<li>Les jardins du palais du baroque, le parc anglais et naturel<\/li>\n<li>Ch\u00e2teau de Drottningholm<\/li>\n<\/ul>\n<p>Et bien d&#8217;autres endroits dans cette excursion priv\u00e9e du ch\u00e2teau de Drottningholm.<br \/>\nCette visite est enti\u00e8rement personnalisable. Veuillez nous contacter pour rendre votre exp\u00e9rience unique et vous aider \u00e0 organiser votre visite priv\u00e9e.<\/p>\n<p>Jetez un \u0153il \u00e0 nos autres visites priv\u00e9es ici en Su\u00e8de!<\/p>\n","protected":false},"excerpt":{"rendered":"<p>Venez avec nous dans cette visite priv\u00e9e enti\u00e8rement personnalis\u00e9e de 5 heures du ch\u00e2teau de Drottningholm au d\u00e9part de Stockholm, o\u00f9 vous pourrez admirer la beaut\u00e9 de ses monuments, b\u00e2timents et parcs. En cours de route, votre guide officiel priv\u00e9 vous conduira \u00e0 la d\u00e9couverte de l&#8217;histoire et de l&#8217;architecture offertes par le ch\u00e2teau de Drottningholm.<\/p>\n","protected":false},"featured_media":96800,"comment_status":"open","ping_status":"closed","template":"","meta":{"_acf_changed":false},"product_brand":[],"product_cat":[3737,3815],"product_tag":[4220,4221,4043,4219],"class_list":{"0":"post-102742","1":"product","2":"type-product","3":"status-publish","4":"has-post-thumbnail","6":"product_cat-suede-fr","7":"product_cat-stockholm-fr","8":"product_tag-city-tour-fr","9":"product_tag-excursion-fr","10":"product_tag-private-fr","11":"product_tag-private-tour-fr","13":"first","14":"instock","15":"shipping-taxable","16":"purchasable","17":"product-type-simple"},"acf":[],"yoast_head":"<!-- This site is optimized with the Yoast SEO Premium plugin v25.3.1 (Yoast SEO v25.3.1) - https:\/\/yoast.com\/wordpress\/plugins\/seo\/ -->\n<title>Visite priv\u00e9e du ch\u00e2teau de Drottningholm \u00e0 Stockholm - SOCKHOLM TOURS<\/title>\n<meta name=\"description\" content=\"Profitez du ch\u00e2teau de Drottningholm au d\u00e9part de Stockholm avec cette visite priv\u00e9e avec un guide local et d\u00e9couvrez le meilleur du palais et de ses jardins.\" \/>\n<meta name=\"robots\" content=\"index, follow, max-snippet:-1, max-image-preview:large, max-video-preview:-1\" \/>\n<link rel=\"canonical\" href=\"https:\/\/tourtravelandmore.com\/fr\/tours\/suede-fr\/stockholm-fr\/visite-privee-du-chateau-de-drottningholm\/\" \/>\n<meta property=\"og:locale\" content=\"fr_FR\" \/>\n<meta property=\"og:type\" content=\"article\" \/>\n<meta property=\"og:title\" content=\"Visite priv\u00e9e du ch\u00e2teau de Drottningholm\" \/>\n<meta property=\"og:description\" content=\"Profitez du ch\u00e2teau de Drottningholm au d\u00e9part de Stockholm avec cette visite priv\u00e9e avec un guide local et d\u00e9couvrez le meilleur du palais et de ses jardins.\" \/>\n<meta property=\"og:url\" content=\"https:\/\/tourtravelandmore.com\/fr\/tours\/suede-fr\/stockholm-fr\/visite-privee-du-chateau-de-drottningholm\/\" \/>\n<meta property=\"og:site_name\" content=\"Tour Travel And More\" \/>\n<meta property=\"article:publisher\" content=\"https:\/\/www.facebook.com\/tourtravelandmore\/\" \/>\n<meta property=\"article:modified_time\" content=\"2021-03-12T08:14:18+00:00\" \/>\n<meta property=\"og:image\" content=\"https:\/\/tourtravelandmore.com\/wp-content\/uploads\/2019\/11\/drottningholm-palace-.jpg\" \/>\n\t<meta property=\"og:image:width\" content=\"1280\" \/>\n\t<meta property=\"og:image:height\" content=\"960\" \/>\n\t<meta property=\"og:image:type\" content=\"image\/jpeg\" \/>\n<meta name=\"twitter:card\" content=\"summary_large_image\" \/>\n<meta name=\"twitter:site\" content=\"@TourTravel_More\" \/>\n<meta name=\"twitter:label1\" content=\"Dur\u00e9e de lecture estim\u00e9e\" \/>\n\t<meta name=\"twitter:data1\" content=\"2 minutes\" \/>\n<script type=\"application\/ld+json\" class=\"yoast-schema-graph\">{\"@context\":\"https:\/\/schema.org\",\"@graph\":[{\"@type\":\"WebPage\",\"@id\":\"https:\/\/tourtravelandmore.com\/fr\/tours\/suede-fr\/stockholm-fr\/visite-privee-du-chateau-de-drottningholm\/\",\"url\":\"https:\/\/tourtravelandmore.com\/fr\/tours\/suede-fr\/stockholm-fr\/visite-privee-du-chateau-de-drottningholm\/\",\"name\":\"Visite priv\u00e9e du ch\u00e2teau de Drottningholm \u00e0 Stockholm - SOCKHOLM TOURS\",\"isPartOf\":{\"@id\":\"https:\/\/tourtravelandmore.com\/fr\/#website\"},\"primaryImageOfPage\":{\"@id\":\"https:\/\/tourtravelandmore.com\/fr\/tours\/suede-fr\/stockholm-fr\/visite-privee-du-chateau-de-drottningholm\/#primaryimage\"},\"image\":{\"@id\":\"https:\/\/tourtravelandmore.com\/fr\/tours\/suede-fr\/stockholm-fr\/visite-privee-du-chateau-de-drottningholm\/#primaryimage\"},\"thumbnailUrl\":\"https:\/\/tourtravelandmore.com\/wp-content\/uploads\/2019\/11\/drottningholm-palace-.jpg\",\"datePublished\":\"2019-11-20T21:40:04+00:00\",\"dateModified\":\"2021-03-12T08:14:18+00:00\",\"description\":\"Profitez du ch\u00e2teau de Drottningholm au d\u00e9part de Stockholm avec cette visite priv\u00e9e avec un guide local et d\u00e9couvrez le meilleur du palais et de ses jardins.\",\"breadcrumb\":{\"@id\":\"https:\/\/tourtravelandmore.com\/fr\/tours\/suede-fr\/stockholm-fr\/visite-privee-du-chateau-de-drottningholm\/#breadcrumb\"},\"inLanguage\":\"fr-FR\",\"potentialAction\":[{\"@type\":\"ReadAction\",\"target\":[\"https:\/\/tourtravelandmore.com\/fr\/tours\/suede-fr\/stockholm-fr\/visite-privee-du-chateau-de-drottningholm\/\"]}]},{\"@type\":\"ImageObject\",\"inLanguage\":\"fr-FR\",\"@id\":\"https:\/\/tourtravelandmore.com\/fr\/tours\/suede-fr\/stockholm-fr\/visite-privee-du-chateau-de-drottningholm\/#primaryimage\",\"url\":\"https:\/\/tourtravelandmore.com\/wp-content\/uploads\/2019\/11\/drottningholm-palace-.jpg\",\"contentUrl\":\"https:\/\/tourtravelandmore.com\/wp-content\/uploads\/2019\/11\/drottningholm-palace-.jpg\",\"width\":1280,\"height\":960},{\"@type\":\"BreadcrumbList\",\"@id\":\"https:\/\/tourtravelandmore.com\/fr\/tours\/suede-fr\/stockholm-fr\/visite-privee-du-chateau-de-drottningholm\/#breadcrumb\",\"itemListElement\":[{\"@type\":\"ListItem\",\"position\":1,\"name\":\"Home\",\"item\":\"https:\/\/tourtravelandmore.com\/fr\/\"},{\"@type\":\"ListItem\",\"position\":2,\"name\":\"Tours\",\"item\":\"https:\/\/tourtravelandmore.com\/fr\/tours\/\"},{\"@type\":\"ListItem\",\"position\":3,\"name\":\"Visite priv\u00e9e du ch\u00e2teau de Drottningholm\"}]},{\"@type\":\"WebSite\",\"@id\":\"https:\/\/tourtravelandmore.com\/fr\/#website\",\"url\":\"https:\/\/tourtravelandmore.com\/fr\/\",\"name\":\"Tour Travel And More\",\"description\":\"Private sightseeing tours and luxury transfers in Spain\",\"publisher\":{\"@id\":\"https:\/\/tourtravelandmore.com\/fr\/#organization\"},\"potentialAction\":[{\"@type\":\"SearchAction\",\"target\":{\"@type\":\"EntryPoint\",\"urlTemplate\":\"https:\/\/tourtravelandmore.com\/fr\/?s={search_term_string}\"},\"query-input\":{\"@type\":\"PropertyValueSpecification\",\"valueRequired\":true,\"valueName\":\"search_term_string\"}}],\"inLanguage\":\"fr-FR\"},{\"@type\":\"Organization\",\"@id\":\"https:\/\/tourtravelandmore.com\/fr\/#organization\",\"name\":\"Tour Travel And More\",\"url\":\"https:\/\/tourtravelandmore.com\/fr\/\",\"logo\":{\"@type\":\"ImageObject\",\"inLanguage\":\"fr-FR\",\"@id\":\"https:\/\/tourtravelandmore.com\/fr\/#\/schema\/logo\/image\/\",\"url\":\"https:\/\/tourtravelandmore.com\/wp-content\/uploads\/2022\/12\/cropped-logo-cabecera-new.png\",\"contentUrl\":\"https:\/\/tourtravelandmore.com\/wp-content\/uploads\/2022\/12\/cropped-logo-cabecera-new.png\",\"width\":430,\"height\":61,\"caption\":\"Tour Travel And More\"},\"image\":{\"@id\":\"https:\/\/tourtravelandmore.com\/fr\/#\/schema\/logo\/image\/\"},\"sameAs\":[\"https:\/\/www.facebook.com\/tourtravelandmore\/\",\"https:\/\/x.com\/TourTravel_More\"]}]}<\/script>\n<!-- \/ Yoast SEO Premium plugin. -->","yoast_head_json":{"title":"Visite priv\u00e9e du ch\u00e2teau de Drottningholm \u00e0 Stockholm - SOCKHOLM TOURS","description":"Profitez du ch\u00e2teau de Drottningholm au d\u00e9part de Stockholm avec cette visite priv\u00e9e avec un guide local et d\u00e9couvrez le meilleur du palais et de ses jardins.","robots":{"index":"index","follow":"follow","max-snippet":"max-snippet:-1","max-image-preview":"max-image-preview:large","max-video-preview":"max-video-preview:-1"},"canonical":"https:\/\/tourtravelandmore.com\/fr\/tours\/suede-fr\/stockholm-fr\/visite-privee-du-chateau-de-drottningholm\/","og_locale":"fr_FR","og_type":"article","og_title":"Visite priv\u00e9e du ch\u00e2teau de Drottningholm","og_description":"Profitez du ch\u00e2teau de Drottningholm au d\u00e9part de Stockholm avec cette visite priv\u00e9e avec un guide local et d\u00e9couvrez le meilleur du palais et de ses jardins.","og_url":"https:\/\/tourtravelandmore.com\/fr\/tours\/suede-fr\/stockholm-fr\/visite-privee-du-chateau-de-drottningholm\/","og_site_name":"Tour Travel And More","article_publisher":"https:\/\/www.facebook.com\/tourtravelandmore\/","article_modified_time":"2021-03-12T08:14:18+00:00","og_image":[{"width":1280,"height":960,"url":"https:\/\/tourtravelandmore.com\/wp-content\/uploads\/2019\/11\/drottningholm-palace-.jpg","type":"image\/jpeg"}],"twitter_card":"summary_large_image","twitter_site":"@TourTravel_More","twitter_misc":{"Dur\u00e9e de lecture estim\u00e9e":"2 minutes"},"schema":{"@context":"https:\/\/schema.org","@graph":[{"@type":"WebPage","@id":"https:\/\/tourtravelandmore.com\/fr\/tours\/suede-fr\/stockholm-fr\/visite-privee-du-chateau-de-drottningholm\/","url":"https:\/\/tourtravelandmore.com\/fr\/tours\/suede-fr\/stockholm-fr\/visite-privee-du-chateau-de-drottningholm\/","name":"Visite priv\u00e9e du ch\u00e2teau de Drottningholm \u00e0 Stockholm - SOCKHOLM TOURS","isPartOf":{"@id":"https:\/\/tourtravelandmore.com\/fr\/#website"},"primaryImageOfPage":{"@id":"https:\/\/tourtravelandmore.com\/fr\/tours\/suede-fr\/stockholm-fr\/visite-privee-du-chateau-de-drottningholm\/#primaryimage"},"image":{"@id":"https:\/\/tourtravelandmore.com\/fr\/tours\/suede-fr\/stockholm-fr\/visite-privee-du-chateau-de-drottningholm\/#primaryimage"},"thumbnailUrl":"https:\/\/tourtravelandmore.com\/wp-content\/uploads\/2019\/11\/drottningholm-palace-.jpg","datePublished":"2019-11-20T21:40:04+00:00","dateModified":"2021-03-12T08:14:18+00:00","description":"Profitez du ch\u00e2teau de Drottningholm au d\u00e9part de Stockholm avec cette visite priv\u00e9e avec un guide local et d\u00e9couvrez le meilleur du palais et de ses jardins.","breadcrumb":{"@id":"https:\/\/tourtravelandmore.com\/fr\/tours\/suede-fr\/stockholm-fr\/visite-privee-du-chateau-de-drottningholm\/#breadcrumb"},"inLanguage":"fr-FR","potentialAction":[{"@type":"ReadAction","target":["https:\/\/tourtravelandmore.com\/fr\/tours\/suede-fr\/stockholm-fr\/visite-privee-du-chateau-de-drottningholm\/"]}]},{"@type":"ImageObject","inLanguage":"fr-FR","@id":"https:\/\/tourtravelandmore.com\/fr\/tours\/suede-fr\/stockholm-fr\/visite-privee-du-chateau-de-drottningholm\/#primaryimage","url":"https:\/\/tourtravelandmore.com\/wp-content\/uploads\/2019\/11\/drottningholm-palace-.jpg","contentUrl":"https:\/\/tourtravelandmore.com\/wp-content\/uploads\/2019\/11\/drottningholm-palace-.jpg","width":1280,"height":960},{"@type":"BreadcrumbList","@id":"https:\/\/tourtravelandmore.com\/fr\/tours\/suede-fr\/stockholm-fr\/visite-privee-du-chateau-de-drottningholm\/#breadcrumb","itemListElement":[{"@type":"ListItem","position":1,"name":"Home","item":"https:\/\/tourtravelandmore.com\/fr\/"},{"@type":"ListItem","position":2,"name":"Tours","item":"https:\/\/tourtravelandmore.com\/fr\/tours\/"},{"@type":"ListItem","position":3,"name":"Visite priv\u00e9e du ch\u00e2teau de Drottningholm"}]},{"@type":"WebSite","@id":"https:\/\/tourtravelandmore.com\/fr\/#website","url":"https:\/\/tourtravelandmore.com\/fr\/","name":"Tour Travel And More","description":"Private sightseeing tours and luxury transfers in Spain","publisher":{"@id":"https:\/\/tourtravelandmore.com\/fr\/#organization"},"potentialAction":[{"@type":"SearchAction","target":{"@type":"EntryPoint","urlTemplate":"https:\/\/tourtravelandmore.com\/fr\/?s={search_term_string}"},"query-input":{"@type":"PropertyValueSpecification","valueRequired":true,"valueName":"search_term_string"}}],"inLanguage":"fr-FR"},{"@type":"Organization","@id":"https:\/\/tourtravelandmore.com\/fr\/#organization","name":"Tour Travel And More","url":"https:\/\/tourtravelandmore.com\/fr\/","logo":{"@type":"ImageObject","inLanguage":"fr-FR","@id":"https:\/\/tourtravelandmore.com\/fr\/#\/schema\/logo\/image\/","url":"https:\/\/tourtravelandmore.com\/wp-content\/uploads\/2022\/12\/cropped-logo-cabecera-new.png","contentUrl":"https:\/\/tourtravelandmore.com\/wp-content\/uploads\/2022\/12\/cropped-logo-cabecera-new.png","width":430,"height":61,"caption":"Tour Travel And More"},"image":{"@id":"https:\/\/tourtravelandmore.com\/fr\/#\/schema\/logo\/image\/"},"sameAs":["https:\/\/www.facebook.com\/tourtravelandmore\/","https:\/\/x.com\/TourTravel_More"]}]}},"_links":{"self":[{"href":"https:\/\/tourtravelandmore.com\/fr\/wp-json\/wp\/v2\/product\/102742","targetHints":{"allow":["GET"]}}],"collection":[{"href":"https:\/\/tourtravelandmore.com\/fr\/wp-json\/wp\/v2\/product"}],"about":[{"href":"https:\/\/tourtravelandmore.com\/fr\/wp-json\/wp\/v2\/types\/product"}],"replies":[{"embeddable":true,"href":"https:\/\/tourtravelandmore.com\/fr\/wp-json\/wp\/v2\/comments?post=102742"}],"wp:featuredmedia":[{"embeddable":true,"href":"https:\/\/tourtravelandmore.com\/fr\/wp-json\/wp\/v2\/media\/96800"}],"wp:attachment":[{"href":"https:\/\/tourtravelandmore.com\/fr\/wp-json\/wp\/v2\/media?parent=102742"}],"wp:term":[{"taxonomy":"product_brand","embeddable":true,"href":"https:\/\/tourtravelandmore.com\/fr\/wp-json\/wp\/v2\/product_brand?post=102742"},{"taxonomy":"product_cat","embeddable":true,"href":"https:\/\/tourtravelandmore.com\/fr\/wp-json\/wp\/v2\/product_cat?post=102742"},{"taxonomy":"product_tag","embeddable":true,"href":"https:\/\/tourtravelandmore.com\/fr\/wp-json\/wp\/v2\/product_tag?post=102742"}],"curies":[{"name":"wp","href":"https:\/\/api.w.org\/{rel}","templated":true}]}}