{"id":102714,"date":"2020-10-01T15:10:08","date_gmt":"2020-10-01T13:10:08","guid":{"rendered":"https:\/\/tourtravelandmore.com\/tours\/non%20class\u00e9\/visite-privee-de-colonia-au-depart-de-francfort\/"},"modified":"2023-11-21T19:52:51","modified_gmt":"2023-11-21T18:52:51","slug":"visite-privee-de-colonia-au-depart-de-francfort","status":"publish","type":"product","link":"https:\/\/tourtravelandmore.com\/fr\/tours\/allemagne-fr\/frankfurt-fr\/all-private-tours-and-activities-fr-4\/visite-privee-de-colonia-au-depart-de-francfort\/","title":{"rendered":"Visite priv\u00e9e de Colonia au d\u00e9part de Francfort"},"content":{"rendered":"<h2>Description<\/h2>\n<p>Faites une journ\u00e9e de cong\u00e9 \u00e0 <strong>Francfort<\/strong> et visitez la ville gothique <strong>d&#8217;Allemagne<\/strong>: <strong>Colonia<\/strong>. Cette <strong>visite priv\u00e9e de Colonia au d\u00e9part de Francfort<\/strong> n\u00e9cessitera de visiter une ville unique et merveilleuse pour une exp\u00e9rience d&#8217;une journ\u00e9e inoubliable!.<\/p>\n<p>Lors de cette <strong>visite priv\u00e9e<\/strong>, vous aurez \u00e0 votre disposition totale un v\u00e9hicule de luxe priv\u00e9 avec chauffeur \/ guide. Nous organiserons la prise en charge depuis n&#8217;importe quel endroit \u00e0 <strong>Francfort<\/strong>. Faites-nous savoir dans quel arrondissement vous vous trouvez ou o\u00f9 se trouve votre h\u00f4tel et nous organiserons une prise en charge priv\u00e9e.<\/p>\n<p><strong>Colonia<\/strong> est une ville situ\u00e9e \u00e0 l&#8217;ouest de l&#8217;Allemagne, sur la rivi\u00e8re Rin. Cette ville est tr\u00e8s c\u00e9l\u00e8bre en raison de sa cath\u00e9drale, monument gothique embl\u00e9matique situ\u00e9 dans la vieille ville de la ville.<\/p>\n<p>C&#8217;est l&#8217;occasion id\u00e9ale de visiter l&#8217;une des plus belles villes d&#8217;Allemagne. Si vous pr\u00e9f\u00e9rez, nous pouvons inclure un billet d&#8217;entr\u00e9e \u00e0 tout monument ou mus\u00e9e que vous souhaitez visiter.<\/p>\n<p>Une autre option possible de visite d&#8217;une journ\u00e9e compl\u00e8te au d\u00e9part de Francfort, pourrait \u00eatre notre <a href=\"https:\/\/tourtravelandmore.com\/tours\/germany\/frankfurt-en\/frankfurt-activities-en\/private-tour-of-rothenburg-from-frankfurt\/\">visite priv\u00e9e \u00e0 <strong>Rothenburg<\/strong><\/a>, <strong>jetez un coup d&#8217;\u0153il!<\/strong><\/p>\n<h2>Sites d&#8217;int\u00e9r\u00eat et points de rep\u00e8re<\/h2>\n<p>Apr\u00e8s une prise en charge confortable \u00e0 votre h\u00f4tel ou lieu de votre choix \u00e0 Francfort, nous commencerons notre voyage vers Colonia. Votre chauffeur \/ guide priv\u00e9 est un professionnel avec une grande connaissance de la ville et de son histoire.<\/p>\n<p><strong>Colonia<\/strong> a tellement \u00e0 offrir que nous ferons de notre mieux pour vous aider \u00e0 explorer les meilleurs sites de la ville. Si vous avez quelque chose en t\u00eate, veuillez nous contacter et nous nous en occuperons pour vous.<\/p>\n<p>Vous trouverez ci-dessous quelques exemples de ce que vous verrez lors de cette visite priv\u00e9e \u00e0 Colonia:<\/p>\n<ul>\n<li><strong>Rheinpark (parc situ\u00e9 au bord de la rivi\u00e8re Rin)<\/strong><\/li>\n<li><strong>Pont Hohenzollern<\/strong><\/li>\n<li><strong>Alter Markt<\/strong><\/li>\n<li><strong>H\u00f4tel de ville de Colonia<\/strong><\/li>\n<li><strong>Rudolfplatz (l&#8217;une des places les plus importantes de la ville)<\/strong><\/li>\n<li><strong>Grand Saint Martin<\/strong><\/li>\n<li><strong>Cath\u00e9drale de Colonia<\/strong><\/li>\n<li><strong>Mus\u00e9e du chocolat<\/strong><\/li>\n<li><strong>Mus\u00e9e du parfum<\/strong><\/li>\n<li><strong>et bien plus!<\/strong><\/li>\n<\/ul>\n<p>Lors de cette visite priv\u00e9e, vous devez absolument go\u00fbter le Rheinischer Sauerbraten, le plat typique de Colonia. Est un rago\u00fbt de viande de cheval aigre-doux, un must dans cette ville incroyable.<\/p>\n<p>Enfin, \u00e0 la fin de votre visite, votre chauffeur \/ guide priv\u00e9 vous ram\u00e8nera \u00e0 votre h\u00f4tel \u00e0 Francfort.<\/p>\n<p><strong>Si vous pr\u00e9f\u00e9rez, nous pouvons inclure un guide local \u00e0 Colonia pour une exp\u00e9rience plus compl\u00e8te.<\/strong><\/p>\n","protected":false},"excerpt":{"rendered":"<p>Profitez de cette <strong>visite priv\u00e9e enti\u00e8rement personnalis\u00e9e de Colonia au d\u00e9part de Francfort<\/strong> et profitez de leurs monuments et sites les plus importants ainsi que de ses sites historiques. Colonia est une ville allemande unique qui vaut la peine d&#8217;\u00eatre visit\u00e9e. Vous aurez \u00e0 votre enti\u00e8re disposition un chauffeur \/ guide professionnel priv\u00e9 pour tout le tour.<\/p>\n","protected":false},"featured_media":98383,"comment_status":"open","ping_status":"closed","template":"","meta":{"_acf_changed":false},"product_brand":[],"product_cat":[3760,4231,4232],"product_tag":[],"class_list":{"0":"post-102714","1":"product","2":"type-product","3":"status-publish","4":"has-post-thumbnail","6":"product_cat-frankfurt-fr","7":"product_cat-all-private-tours-and-activities-fr-4","8":"product_cat-private-sightseeing-tours-fr-14","10":"first","11":"instock","12":"shipping-taxable","13":"purchasable","14":"product-type-simple"},"acf":[],"yoast_head":"<!-- This site is optimized with the Yoast SEO Premium plugin v25.3.1 (Yoast SEO v25.3.1) - https:\/\/yoast.com\/wordpress\/plugins\/seo\/ -->\n<title>Visite priv\u00e9e de Colonia au d\u00e9part de Francfort en v\u00e9hicule priv\u00e9 | TTM<\/title>\n<meta name=\"description\" content=\"Profitez de vos journ\u00e9es \u00e0 Francfort et profitez de cette visite priv\u00e9e unique de Colonia au d\u00e9part de Francfort avec un chauffeur \/ guide professionnel.\" \/>\n<meta name=\"robots\" content=\"index, follow, max-snippet:-1, max-image-preview:large, max-video-preview:-1\" \/>\n<link rel=\"canonical\" href=\"https:\/\/tourtravelandmore.com\/fr\/tours\/allemagne-fr\/frankfurt-fr\/all-private-tours-and-activities-fr-4\/visite-privee-de-colonia-au-depart-de-francfort\/\" \/>\n<meta property=\"og:locale\" content=\"fr_FR\" \/>\n<meta property=\"og:type\" content=\"article\" \/>\n<meta property=\"og:title\" content=\"Visite priv\u00e9e de Colonia au d\u00e9part de Francfort\" \/>\n<meta property=\"og:description\" content=\"Profitez de vos journ\u00e9es \u00e0 Francfort et profitez de cette visite priv\u00e9e unique de Colonia au d\u00e9part de Francfort avec un chauffeur \/ guide professionnel.\" \/>\n<meta property=\"og:url\" content=\"https:\/\/tourtravelandmore.com\/fr\/tours\/allemagne-fr\/frankfurt-fr\/all-private-tours-and-activities-fr-4\/visite-privee-de-colonia-au-depart-de-francfort\/\" \/>\n<meta property=\"og:site_name\" content=\"Tour Travel And More\" \/>\n<meta property=\"article:publisher\" content=\"https:\/\/www.facebook.com\/tourtravelandmore\/\" \/>\n<meta property=\"article:modified_time\" content=\"2023-11-21T18:52:51+00:00\" \/>\n<meta property=\"og:image\" content=\"https:\/\/tourtravelandmore.com\/wp-content\/uploads\/2020\/10\/colonia.jpg\" \/>\n\t<meta property=\"og:image:width\" content=\"1280\" \/>\n\t<meta property=\"og:image:height\" content=\"941\" \/>\n\t<meta property=\"og:image:type\" content=\"image\/jpeg\" \/>\n<meta name=\"twitter:card\" content=\"summary_large_image\" \/>\n<meta name=\"twitter:site\" content=\"@TourTravel_More\" \/>\n<meta name=\"twitter:label1\" content=\"Dur\u00e9e de lecture estim\u00e9e\" \/>\n\t<meta name=\"twitter:data1\" content=\"2 minutes\" \/>\n<script type=\"application\/ld+json\" class=\"yoast-schema-graph\">{\"@context\":\"https:\/\/schema.org\",\"@graph\":[{\"@type\":\"WebPage\",\"@id\":\"https:\/\/tourtravelandmore.com\/fr\/tours\/allemagne-fr\/frankfurt-fr\/all-private-tours-and-activities-fr-4\/visite-privee-de-colonia-au-depart-de-francfort\/\",\"url\":\"https:\/\/tourtravelandmore.com\/fr\/tours\/allemagne-fr\/frankfurt-fr\/all-private-tours-and-activities-fr-4\/visite-privee-de-colonia-au-depart-de-francfort\/\",\"name\":\"Visite priv\u00e9e de Colonia au d\u00e9part de Francfort en v\u00e9hicule priv\u00e9 | TTM\",\"isPartOf\":{\"@id\":\"https:\/\/tourtravelandmore.com\/fr\/#website\"},\"primaryImageOfPage\":{\"@id\":\"https:\/\/tourtravelandmore.com\/fr\/tours\/allemagne-fr\/frankfurt-fr\/all-private-tours-and-activities-fr-4\/visite-privee-de-colonia-au-depart-de-francfort\/#primaryimage\"},\"image\":{\"@id\":\"https:\/\/tourtravelandmore.com\/fr\/tours\/allemagne-fr\/frankfurt-fr\/all-private-tours-and-activities-fr-4\/visite-privee-de-colonia-au-depart-de-francfort\/#primaryimage\"},\"thumbnailUrl\":\"https:\/\/tourtravelandmore.com\/wp-content\/uploads\/2020\/10\/colonia.jpg\",\"datePublished\":\"2020-10-01T13:10:08+00:00\",\"dateModified\":\"2023-11-21T18:52:51+00:00\",\"description\":\"Profitez de vos journ\u00e9es \u00e0 Francfort et profitez de cette visite priv\u00e9e unique de Colonia au d\u00e9part de Francfort avec un chauffeur \/ guide professionnel.\",\"breadcrumb\":{\"@id\":\"https:\/\/tourtravelandmore.com\/fr\/tours\/allemagne-fr\/frankfurt-fr\/all-private-tours-and-activities-fr-4\/visite-privee-de-colonia-au-depart-de-francfort\/#breadcrumb\"},\"inLanguage\":\"fr-FR\",\"potentialAction\":[{\"@type\":\"ReadAction\",\"target\":[\"https:\/\/tourtravelandmore.com\/fr\/tours\/allemagne-fr\/frankfurt-fr\/all-private-tours-and-activities-fr-4\/visite-privee-de-colonia-au-depart-de-francfort\/\"]}]},{\"@type\":\"ImageObject\",\"inLanguage\":\"fr-FR\",\"@id\":\"https:\/\/tourtravelandmore.com\/fr\/tours\/allemagne-fr\/frankfurt-fr\/all-private-tours-and-activities-fr-4\/visite-privee-de-colonia-au-depart-de-francfort\/#primaryimage\",\"url\":\"https:\/\/tourtravelandmore.com\/wp-content\/uploads\/2020\/10\/colonia.jpg\",\"contentUrl\":\"https:\/\/tourtravelandmore.com\/wp-content\/uploads\/2020\/10\/colonia.jpg\",\"width\":1280,\"height\":941,\"caption\":\"Tour Privado a Colonia desde Frankfurt\"},{\"@type\":\"BreadcrumbList\",\"@id\":\"https:\/\/tourtravelandmore.com\/fr\/tours\/allemagne-fr\/frankfurt-fr\/all-private-tours-and-activities-fr-4\/visite-privee-de-colonia-au-depart-de-francfort\/#breadcrumb\",\"itemListElement\":[{\"@type\":\"ListItem\",\"position\":1,\"name\":\"Home\",\"item\":\"https:\/\/tourtravelandmore.com\/fr\/\"},{\"@type\":\"ListItem\",\"position\":2,\"name\":\"Tours\",\"item\":\"https:\/\/tourtravelandmore.com\/fr\/tours\/\"},{\"@type\":\"ListItem\",\"position\":3,\"name\":\"Visite priv\u00e9e de Colonia au d\u00e9part de Francfort\"}]},{\"@type\":\"WebSite\",\"@id\":\"https:\/\/tourtravelandmore.com\/fr\/#website\",\"url\":\"https:\/\/tourtravelandmore.com\/fr\/\",\"name\":\"Tour Travel And More\",\"description\":\"Private sightseeing tours and luxury transfers in Spain\",\"publisher\":{\"@id\":\"https:\/\/tourtravelandmore.com\/fr\/#organization\"},\"potentialAction\":[{\"@type\":\"SearchAction\",\"target\":{\"@type\":\"EntryPoint\",\"urlTemplate\":\"https:\/\/tourtravelandmore.com\/fr\/?s={search_term_string}\"},\"query-input\":{\"@type\":\"PropertyValueSpecification\",\"valueRequired\":true,\"valueName\":\"search_term_string\"}}],\"inLanguage\":\"fr-FR\"},{\"@type\":\"Organization\",\"@id\":\"https:\/\/tourtravelandmore.com\/fr\/#organization\",\"name\":\"Tour Travel And More\",\"url\":\"https:\/\/tourtravelandmore.com\/fr\/\",\"logo\":{\"@type\":\"ImageObject\",\"inLanguage\":\"fr-FR\",\"@id\":\"https:\/\/tourtravelandmore.com\/fr\/#\/schema\/logo\/image\/\",\"url\":\"https:\/\/tourtravelandmore.com\/wp-content\/uploads\/2022\/12\/cropped-logo-cabecera-new.png\",\"contentUrl\":\"https:\/\/tourtravelandmore.com\/wp-content\/uploads\/2022\/12\/cropped-logo-cabecera-new.png\",\"width\":430,\"height\":61,\"caption\":\"Tour Travel And More\"},\"image\":{\"@id\":\"https:\/\/tourtravelandmore.com\/fr\/#\/schema\/logo\/image\/\"},\"sameAs\":[\"https:\/\/www.facebook.com\/tourtravelandmore\/\",\"https:\/\/x.com\/TourTravel_More\"]}]}<\/script>\n<!-- \/ Yoast SEO Premium plugin. -->","yoast_head_json":{"title":"Visite priv\u00e9e de Colonia au d\u00e9part de Francfort en v\u00e9hicule priv\u00e9 | TTM","description":"Profitez de vos journ\u00e9es \u00e0 Francfort et profitez de cette visite priv\u00e9e unique de Colonia au d\u00e9part de Francfort avec un chauffeur \/ guide professionnel.","robots":{"index":"index","follow":"follow","max-snippet":"max-snippet:-1","max-image-preview":"max-image-preview:large","max-video-preview":"max-video-preview:-1"},"canonical":"https:\/\/tourtravelandmore.com\/fr\/tours\/allemagne-fr\/frankfurt-fr\/all-private-tours-and-activities-fr-4\/visite-privee-de-colonia-au-depart-de-francfort\/","og_locale":"fr_FR","og_type":"article","og_title":"Visite priv\u00e9e de Colonia au d\u00e9part de Francfort","og_description":"Profitez de vos journ\u00e9es \u00e0 Francfort et profitez de cette visite priv\u00e9e unique de Colonia au d\u00e9part de Francfort avec un chauffeur \/ guide professionnel.","og_url":"https:\/\/tourtravelandmore.com\/fr\/tours\/allemagne-fr\/frankfurt-fr\/all-private-tours-and-activities-fr-4\/visite-privee-de-colonia-au-depart-de-francfort\/","og_site_name":"Tour Travel And More","article_publisher":"https:\/\/www.facebook.com\/tourtravelandmore\/","article_modified_time":"2023-11-21T18:52:51+00:00","og_image":[{"width":1280,"height":941,"url":"https:\/\/tourtravelandmore.com\/wp-content\/uploads\/2020\/10\/colonia.jpg","type":"image\/jpeg"}],"twitter_card":"summary_large_image","twitter_site":"@TourTravel_More","twitter_misc":{"Dur\u00e9e de lecture estim\u00e9e":"2 minutes"},"schema":{"@context":"https:\/\/schema.org","@graph":[{"@type":"WebPage","@id":"https:\/\/tourtravelandmore.com\/fr\/tours\/allemagne-fr\/frankfurt-fr\/all-private-tours-and-activities-fr-4\/visite-privee-de-colonia-au-depart-de-francfort\/","url":"https:\/\/tourtravelandmore.com\/fr\/tours\/allemagne-fr\/frankfurt-fr\/all-private-tours-and-activities-fr-4\/visite-privee-de-colonia-au-depart-de-francfort\/","name":"Visite priv\u00e9e de Colonia au d\u00e9part de Francfort en v\u00e9hicule priv\u00e9 | TTM","isPartOf":{"@id":"https:\/\/tourtravelandmore.com\/fr\/#website"},"primaryImageOfPage":{"@id":"https:\/\/tourtravelandmore.com\/fr\/tours\/allemagne-fr\/frankfurt-fr\/all-private-tours-and-activities-fr-4\/visite-privee-de-colonia-au-depart-de-francfort\/#primaryimage"},"image":{"@id":"https:\/\/tourtravelandmore.com\/fr\/tours\/allemagne-fr\/frankfurt-fr\/all-private-tours-and-activities-fr-4\/visite-privee-de-colonia-au-depart-de-francfort\/#primaryimage"},"thumbnailUrl":"https:\/\/tourtravelandmore.com\/wp-content\/uploads\/2020\/10\/colonia.jpg","datePublished":"2020-10-01T13:10:08+00:00","dateModified":"2023-11-21T18:52:51+00:00","description":"Profitez de vos journ\u00e9es \u00e0 Francfort et profitez de cette visite priv\u00e9e unique de Colonia au d\u00e9part de Francfort avec un chauffeur \/ guide professionnel.","breadcrumb":{"@id":"https:\/\/tourtravelandmore.com\/fr\/tours\/allemagne-fr\/frankfurt-fr\/all-private-tours-and-activities-fr-4\/visite-privee-de-colonia-au-depart-de-francfort\/#breadcrumb"},"inLanguage":"fr-FR","potentialAction":[{"@type":"ReadAction","target":["https:\/\/tourtravelandmore.com\/fr\/tours\/allemagne-fr\/frankfurt-fr\/all-private-tours-and-activities-fr-4\/visite-privee-de-colonia-au-depart-de-francfort\/"]}]},{"@type":"ImageObject","inLanguage":"fr-FR","@id":"https:\/\/tourtravelandmore.com\/fr\/tours\/allemagne-fr\/frankfurt-fr\/all-private-tours-and-activities-fr-4\/visite-privee-de-colonia-au-depart-de-francfort\/#primaryimage","url":"https:\/\/tourtravelandmore.com\/wp-content\/uploads\/2020\/10\/colonia.jpg","contentUrl":"https:\/\/tourtravelandmore.com\/wp-content\/uploads\/2020\/10\/colonia.jpg","width":1280,"height":941,"caption":"Tour Privado a Colonia desde Frankfurt"},{"@type":"BreadcrumbList","@id":"https:\/\/tourtravelandmore.com\/fr\/tours\/allemagne-fr\/frankfurt-fr\/all-private-tours-and-activities-fr-4\/visite-privee-de-colonia-au-depart-de-francfort\/#breadcrumb","itemListElement":[{"@type":"ListItem","position":1,"name":"Home","item":"https:\/\/tourtravelandmore.com\/fr\/"},{"@type":"ListItem","position":2,"name":"Tours","item":"https:\/\/tourtravelandmore.com\/fr\/tours\/"},{"@type":"ListItem","position":3,"name":"Visite priv\u00e9e de Colonia au d\u00e9part de Francfort"}]},{"@type":"WebSite","@id":"https:\/\/tourtravelandmore.com\/fr\/#website","url":"https:\/\/tourtravelandmore.com\/fr\/","name":"Tour Travel And More","description":"Private sightseeing tours and luxury transfers in Spain","publisher":{"@id":"https:\/\/tourtravelandmore.com\/fr\/#organization"},"potentialAction":[{"@type":"SearchAction","target":{"@type":"EntryPoint","urlTemplate":"https:\/\/tourtravelandmore.com\/fr\/?s={search_term_string}"},"query-input":{"@type":"PropertyValueSpecification","valueRequired":true,"valueName":"search_term_string"}}],"inLanguage":"fr-FR"},{"@type":"Organization","@id":"https:\/\/tourtravelandmore.com\/fr\/#organization","name":"Tour Travel And More","url":"https:\/\/tourtravelandmore.com\/fr\/","logo":{"@type":"ImageObject","inLanguage":"fr-FR","@id":"https:\/\/tourtravelandmore.com\/fr\/#\/schema\/logo\/image\/","url":"https:\/\/tourtravelandmore.com\/wp-content\/uploads\/2022\/12\/cropped-logo-cabecera-new.png","contentUrl":"https:\/\/tourtravelandmore.com\/wp-content\/uploads\/2022\/12\/cropped-logo-cabecera-new.png","width":430,"height":61,"caption":"Tour Travel And More"},"image":{"@id":"https:\/\/tourtravelandmore.com\/fr\/#\/schema\/logo\/image\/"},"sameAs":["https:\/\/www.facebook.com\/tourtravelandmore\/","https:\/\/x.com\/TourTravel_More"]}]}},"_links":{"self":[{"href":"https:\/\/tourtravelandmore.com\/fr\/wp-json\/wp\/v2\/product\/102714","targetHints":{"allow":["GET"]}}],"collection":[{"href":"https:\/\/tourtravelandmore.com\/fr\/wp-json\/wp\/v2\/product"}],"about":[{"href":"https:\/\/tourtravelandmore.com\/fr\/wp-json\/wp\/v2\/types\/product"}],"replies":[{"embeddable":true,"href":"https:\/\/tourtravelandmore.com\/fr\/wp-json\/wp\/v2\/comments?post=102714"}],"wp:featuredmedia":[{"embeddable":true,"href":"https:\/\/tourtravelandmore.com\/fr\/wp-json\/wp\/v2\/media\/98383"}],"wp:attachment":[{"href":"https:\/\/tourtravelandmore.com\/fr\/wp-json\/wp\/v2\/media?parent=102714"}],"wp:term":[{"taxonomy":"product_brand","embeddable":true,"href":"https:\/\/tourtravelandmore.com\/fr\/wp-json\/wp\/v2\/product_brand?post=102714"},{"taxonomy":"product_cat","embeddable":true,"href":"https:\/\/tourtravelandmore.com\/fr\/wp-json\/wp\/v2\/product_cat?post=102714"},{"taxonomy":"product_tag","embeddable":true,"href":"https:\/\/tourtravelandmore.com\/fr\/wp-json\/wp\/v2\/product_tag?post=102714"}],"curies":[{"name":"wp","href":"https:\/\/api.w.org\/{rel}","templated":true}]}}