{"id":102708,"date":"2020-10-01T11:33:16","date_gmt":"2020-10-01T09:33:16","guid":{"rendered":"https:\/\/tourtravelandmore.com\/tours\/non%20class\u00e9\/visite-privee-de-rothenburg-au-depart-de-francfort\/"},"modified":"2023-09-20T18:48:12","modified_gmt":"2023-09-20T16:48:12","slug":"visite-privee-de-rothenburg-au-depart-de-francfort","status":"publish","type":"product","link":"https:\/\/tourtravelandmore.com\/fr\/tours\/allemagne-fr\/frankfurt-fr\/all-private-tours-and-activities-fr-4\/visite-privee-de-rothenburg-au-depart-de-francfort\/","title":{"rendered":"Visite priv\u00e9e de Rothenburg au d\u00e9part de Francfort"},"content":{"rendered":"<h2>Description<\/h2>\n<p>Si vous avez d\u00e9j\u00e0 tout vu \u00e0 <strong>Francfort<\/strong>, vous ne pouvez pas manquer cette <strong>visite priv\u00e9e de Rothenburg au d\u00e9part de Francfort<\/strong>. Cette visite aura lieu dans un v\u00e9hicule de luxe priv\u00e9 avec chauffeur \/ guide pendant <strong>9 heures.<\/strong><\/p>\n<p>Pour cette visite, nous organiserons une prise en charge priv\u00e9e depuis votre h\u00f4tel ou votre appartement \u00e0 Francfort. Nous pouvons venir vous chercher \u00e0 n&#8217;importe quel endroit de la ville.<\/p>\n<p><strong>Rothenburg<\/strong> est une ville situ\u00e9e dans l&#8217;\u00e9tat de Baviera et c&#8217;est l&#8217;une des villes les plus jolies et les plus c\u00e9l\u00e8bres d&#8217;Allemagne. Elle est \u00e9galement bien connue comme une &#8220;ville romantique&#8221; en raison de ses belles fa\u00e7ades, de ses petites rues et de son architecture m\u00e9di\u00e9vale.<\/p>\n<p>Laissez-nous vous emmener dans cette excursion d&#8217;une journ\u00e9e et d\u00e9couvrez Rothenburg, un endroit qui \u00e9tait autrefois une ville imp\u00e9riale libre. De nos jours, c&#8217;est une ville ancr\u00e9e dans ses traditions et sa culture et sa langue officielle est bien s\u00fbr l&#8217;allemand.<\/p>\n<p>Nous pouvons \u00e9galement vous proposer une excursion priv\u00e9e d&#8217;une journ\u00e9e \u00e0 Colonia.Si vous avez encore des jours libres \u00e0 Francfort, ce sera \u00e9galement une exp\u00e9rience formidable pour vous.<\/p>\n<h2>Sites d&#8217;int\u00e9r\u00eat et points de rep\u00e8re<\/h2>\n<p>Tout d&#8217;abord, vous rencontrerez votre chauffeur \/ guide priv\u00e9 dans le hall de votre h\u00f4tel \u00e0 Francfort. Comme il s&#8217;agit d&#8217;une visite priv\u00e9e et personnalis\u00e9e, vous pourrez choisir l&#8217;heure de d\u00e9part.<\/p>\n<p>La ville de <strong>Rothenburg<\/strong> est connue pour son ancienne architecture allemande. Profitez de la vue sur les basses Alpes bavaroises pendant que vous vous rendez \u00e0 Rothenburg. Vous d\u00e9couvrirez ses \u00e9glises, ses places et ses maisons m\u00e9di\u00e9vales uniques.<\/p>\n<p>Vous pouvez profiter de cette visite priv\u00e9e de Rothenburg aux c\u00f4t\u00e9s d&#8217;un professionnel exp\u00e9riment\u00e9. Entre autres lieux et monuments que vous pourrez visiter:<\/p>\n<ul>\n<li><strong>N\u00f6rdlinger Ries de Souabe<\/strong><\/li>\n<li><strong>Salle Schw\u00e4bisch<\/strong><\/li>\n<li><strong>Gallow-Gate<\/strong><\/li>\n<li><a href=\"https:\/\/burg-harburg.de\/\"><strong>Ch\u00e2teau de Harburg<\/strong><\/a><\/li>\n<li><strong>Paysages de Dinkelsb\u00fchl<\/strong><\/li>\n<li><strong>Tour R\u00f6edert<\/strong><\/li>\n<li><strong>Hallertau<\/strong><\/li>\n<li><strong>et bien plus!<\/strong><\/li>\n<\/ul>\n<p>Au cours de cette visite priv\u00e9e de Rothenburg au d\u00e9part de Francfort, vous aurez \u00e9galement du temps libre pour d\u00e9jeuner dans un restaurant typique de la ville. Si vous pr\u00e9f\u00e9rez, nous pouvons faire une r\u00e9servation pour vous afin que vous n&#8217;ayez \u00e0 vous soucier de rien.<\/p>\n<p>Nous pouvons organiser la dur\u00e9e exacte de la visite en fonction de vos besoins personnels. Nous pouvons offrir des heures suppl\u00e9mentaires. Veuillez nous indiquer la dur\u00e9e de la visite priv\u00e9e.<\/p>\n<p>Enfin, votre chauffeur \/ guide priv\u00e9 vous ram\u00e8nera \u00e0 votre h\u00f4tel \u00e0 <strong>Francfort<\/strong> apr\u00e8s une journ\u00e9e compl\u00e8te d&#8217;exp\u00e9rience.<\/p>\n","protected":false},"excerpt":{"rendered":"<p>Profitez de cette<strong> visite priv\u00e9e enti\u00e8rement personnalis\u00e9e de Rothenburg au d\u00e9part de Francfort<\/strong> et profitez de leurs monuments et sites les plus importants ainsi que de ses sites historiques. Rothenburg est une jolie ville allemande qui vaut la peine d&#8217;\u00eatre visit\u00e9e. Vous aurez \u00e0 votre enti\u00e8re disposition un chauffeur \/ guide professionnel priv\u00e9 pour tout le tour.<\/p>\n","protected":false},"featured_media":98382,"comment_status":"open","ping_status":"closed","template":"","meta":{"_acf_changed":false},"product_brand":[],"product_cat":[3760,4231,4232],"product_tag":[],"class_list":{"0":"post-102708","1":"product","2":"type-product","3":"status-publish","4":"has-post-thumbnail","6":"product_cat-frankfurt-fr","7":"product_cat-all-private-tours-and-activities-fr-4","8":"product_cat-private-sightseeing-tours-fr-14","10":"first","11":"instock","12":"shipping-taxable","13":"purchasable","14":"product-type-simple"},"acf":[],"yoast_head":"<!-- This site is optimized with the Yoast SEO Premium plugin v25.3.1 (Yoast SEO v25.3.1) - https:\/\/yoast.com\/wordpress\/plugins\/seo\/ -->\n<title>Visite priv\u00e9e de Rothenburg au d\u00e9part de Francfort | TTM<\/title>\n<meta name=\"description\" content=\"Profitez de vos journ\u00e9es \u00e0 Francfort et profitez de cette visite priv\u00e9e unique de Rothenburg au d\u00e9part de Francfort confortable dans un v\u00e9hicule de luxe priv\u00e9.\" \/>\n<meta name=\"robots\" content=\"index, follow, max-snippet:-1, max-image-preview:large, max-video-preview:-1\" \/>\n<link rel=\"canonical\" href=\"https:\/\/tourtravelandmore.com\/fr\/tours\/allemagne-fr\/frankfurt-fr\/all-private-tours-and-activities-fr-4\/visite-privee-de-rothenburg-au-depart-de-francfort\/\" \/>\n<meta property=\"og:locale\" content=\"fr_FR\" \/>\n<meta property=\"og:type\" content=\"article\" \/>\n<meta property=\"og:title\" content=\"Visite priv\u00e9e de Rothenburg au d\u00e9part de Francfort\" \/>\n<meta property=\"og:description\" content=\"Profitez de vos journ\u00e9es \u00e0 Francfort et profitez de cette visite priv\u00e9e unique de Rothenburg au d\u00e9part de Francfort confortable dans un v\u00e9hicule de luxe priv\u00e9.\" \/>\n<meta property=\"og:url\" content=\"https:\/\/tourtravelandmore.com\/fr\/tours\/allemagne-fr\/frankfurt-fr\/all-private-tours-and-activities-fr-4\/visite-privee-de-rothenburg-au-depart-de-francfort\/\" \/>\n<meta property=\"og:site_name\" content=\"Tour Travel And More\" \/>\n<meta property=\"article:publisher\" content=\"https:\/\/www.facebook.com\/tourtravelandmore\/\" \/>\n<meta property=\"article:modified_time\" content=\"2023-09-20T16:48:12+00:00\" \/>\n<meta property=\"og:image\" content=\"https:\/\/tourtravelandmore.com\/wp-content\/uploads\/2020\/10\/rothenburg.jpg\" \/>\n\t<meta property=\"og:image:width\" content=\"1280\" \/>\n\t<meta property=\"og:image:height\" content=\"853\" \/>\n\t<meta property=\"og:image:type\" content=\"image\/jpeg\" \/>\n<meta name=\"twitter:card\" content=\"summary_large_image\" \/>\n<meta name=\"twitter:site\" content=\"@TourTravel_More\" \/>\n<meta name=\"twitter:label1\" content=\"Dur\u00e9e de lecture estim\u00e9e\" \/>\n\t<meta name=\"twitter:data1\" content=\"2 minutes\" \/>\n<script type=\"application\/ld+json\" class=\"yoast-schema-graph\">{\"@context\":\"https:\/\/schema.org\",\"@graph\":[{\"@type\":\"WebPage\",\"@id\":\"https:\/\/tourtravelandmore.com\/fr\/tours\/allemagne-fr\/frankfurt-fr\/all-private-tours-and-activities-fr-4\/visite-privee-de-rothenburg-au-depart-de-francfort\/\",\"url\":\"https:\/\/tourtravelandmore.com\/fr\/tours\/allemagne-fr\/frankfurt-fr\/all-private-tours-and-activities-fr-4\/visite-privee-de-rothenburg-au-depart-de-francfort\/\",\"name\":\"Visite priv\u00e9e de Rothenburg au d\u00e9part de Francfort | TTM\",\"isPartOf\":{\"@id\":\"https:\/\/tourtravelandmore.com\/fr\/#website\"},\"primaryImageOfPage\":{\"@id\":\"https:\/\/tourtravelandmore.com\/fr\/tours\/allemagne-fr\/frankfurt-fr\/all-private-tours-and-activities-fr-4\/visite-privee-de-rothenburg-au-depart-de-francfort\/#primaryimage\"},\"image\":{\"@id\":\"https:\/\/tourtravelandmore.com\/fr\/tours\/allemagne-fr\/frankfurt-fr\/all-private-tours-and-activities-fr-4\/visite-privee-de-rothenburg-au-depart-de-francfort\/#primaryimage\"},\"thumbnailUrl\":\"https:\/\/tourtravelandmore.com\/wp-content\/uploads\/2020\/10\/rothenburg.jpg\",\"datePublished\":\"2020-10-01T09:33:16+00:00\",\"dateModified\":\"2023-09-20T16:48:12+00:00\",\"description\":\"Profitez de vos journ\u00e9es \u00e0 Francfort et profitez de cette visite priv\u00e9e unique de Rothenburg au d\u00e9part de Francfort confortable dans un v\u00e9hicule de luxe priv\u00e9.\",\"breadcrumb\":{\"@id\":\"https:\/\/tourtravelandmore.com\/fr\/tours\/allemagne-fr\/frankfurt-fr\/all-private-tours-and-activities-fr-4\/visite-privee-de-rothenburg-au-depart-de-francfort\/#breadcrumb\"},\"inLanguage\":\"fr-FR\",\"potentialAction\":[{\"@type\":\"ReadAction\",\"target\":[\"https:\/\/tourtravelandmore.com\/fr\/tours\/allemagne-fr\/frankfurt-fr\/all-private-tours-and-activities-fr-4\/visite-privee-de-rothenburg-au-depart-de-francfort\/\"]}]},{\"@type\":\"ImageObject\",\"inLanguage\":\"fr-FR\",\"@id\":\"https:\/\/tourtravelandmore.com\/fr\/tours\/allemagne-fr\/frankfurt-fr\/all-private-tours-and-activities-fr-4\/visite-privee-de-rothenburg-au-depart-de-francfort\/#primaryimage\",\"url\":\"https:\/\/tourtravelandmore.com\/wp-content\/uploads\/2020\/10\/rothenburg.jpg\",\"contentUrl\":\"https:\/\/tourtravelandmore.com\/wp-content\/uploads\/2020\/10\/rothenburg.jpg\",\"width\":1280,\"height\":853,\"caption\":\"Visite priv\u00e9e de Rothenburg au d\u00e9part de Francfort\"},{\"@type\":\"BreadcrumbList\",\"@id\":\"https:\/\/tourtravelandmore.com\/fr\/tours\/allemagne-fr\/frankfurt-fr\/all-private-tours-and-activities-fr-4\/visite-privee-de-rothenburg-au-depart-de-francfort\/#breadcrumb\",\"itemListElement\":[{\"@type\":\"ListItem\",\"position\":1,\"name\":\"Home\",\"item\":\"https:\/\/tourtravelandmore.com\/fr\/\"},{\"@type\":\"ListItem\",\"position\":2,\"name\":\"Tours\",\"item\":\"https:\/\/tourtravelandmore.com\/fr\/tours\/\"},{\"@type\":\"ListItem\",\"position\":3,\"name\":\"Visite priv\u00e9e de Rothenburg au d\u00e9part de Francfort\"}]},{\"@type\":\"WebSite\",\"@id\":\"https:\/\/tourtravelandmore.com\/fr\/#website\",\"url\":\"https:\/\/tourtravelandmore.com\/fr\/\",\"name\":\"Tour Travel And More\",\"description\":\"Private sightseeing tours and luxury transfers in Spain\",\"publisher\":{\"@id\":\"https:\/\/tourtravelandmore.com\/fr\/#organization\"},\"potentialAction\":[{\"@type\":\"SearchAction\",\"target\":{\"@type\":\"EntryPoint\",\"urlTemplate\":\"https:\/\/tourtravelandmore.com\/fr\/?s={search_term_string}\"},\"query-input\":{\"@type\":\"PropertyValueSpecification\",\"valueRequired\":true,\"valueName\":\"search_term_string\"}}],\"inLanguage\":\"fr-FR\"},{\"@type\":\"Organization\",\"@id\":\"https:\/\/tourtravelandmore.com\/fr\/#organization\",\"name\":\"Tour Travel And More\",\"url\":\"https:\/\/tourtravelandmore.com\/fr\/\",\"logo\":{\"@type\":\"ImageObject\",\"inLanguage\":\"fr-FR\",\"@id\":\"https:\/\/tourtravelandmore.com\/fr\/#\/schema\/logo\/image\/\",\"url\":\"https:\/\/tourtravelandmore.com\/wp-content\/uploads\/2022\/12\/cropped-logo-cabecera-new.png\",\"contentUrl\":\"https:\/\/tourtravelandmore.com\/wp-content\/uploads\/2022\/12\/cropped-logo-cabecera-new.png\",\"width\":430,\"height\":61,\"caption\":\"Tour Travel And More\"},\"image\":{\"@id\":\"https:\/\/tourtravelandmore.com\/fr\/#\/schema\/logo\/image\/\"},\"sameAs\":[\"https:\/\/www.facebook.com\/tourtravelandmore\/\",\"https:\/\/x.com\/TourTravel_More\"]}]}<\/script>\n<!-- \/ Yoast SEO Premium plugin. -->","yoast_head_json":{"title":"Visite priv\u00e9e de Rothenburg au d\u00e9part de Francfort | TTM","description":"Profitez de vos journ\u00e9es \u00e0 Francfort et profitez de cette visite priv\u00e9e unique de Rothenburg au d\u00e9part de Francfort confortable dans un v\u00e9hicule de luxe priv\u00e9.","robots":{"index":"index","follow":"follow","max-snippet":"max-snippet:-1","max-image-preview":"max-image-preview:large","max-video-preview":"max-video-preview:-1"},"canonical":"https:\/\/tourtravelandmore.com\/fr\/tours\/allemagne-fr\/frankfurt-fr\/all-private-tours-and-activities-fr-4\/visite-privee-de-rothenburg-au-depart-de-francfort\/","og_locale":"fr_FR","og_type":"article","og_title":"Visite priv\u00e9e de Rothenburg au d\u00e9part de Francfort","og_description":"Profitez de vos journ\u00e9es \u00e0 Francfort et profitez de cette visite priv\u00e9e unique de Rothenburg au d\u00e9part de Francfort confortable dans un v\u00e9hicule de luxe priv\u00e9.","og_url":"https:\/\/tourtravelandmore.com\/fr\/tours\/allemagne-fr\/frankfurt-fr\/all-private-tours-and-activities-fr-4\/visite-privee-de-rothenburg-au-depart-de-francfort\/","og_site_name":"Tour Travel And More","article_publisher":"https:\/\/www.facebook.com\/tourtravelandmore\/","article_modified_time":"2023-09-20T16:48:12+00:00","og_image":[{"width":1280,"height":853,"url":"https:\/\/tourtravelandmore.com\/wp-content\/uploads\/2020\/10\/rothenburg.jpg","type":"image\/jpeg"}],"twitter_card":"summary_large_image","twitter_site":"@TourTravel_More","twitter_misc":{"Dur\u00e9e de lecture estim\u00e9e":"2 minutes"},"schema":{"@context":"https:\/\/schema.org","@graph":[{"@type":"WebPage","@id":"https:\/\/tourtravelandmore.com\/fr\/tours\/allemagne-fr\/frankfurt-fr\/all-private-tours-and-activities-fr-4\/visite-privee-de-rothenburg-au-depart-de-francfort\/","url":"https:\/\/tourtravelandmore.com\/fr\/tours\/allemagne-fr\/frankfurt-fr\/all-private-tours-and-activities-fr-4\/visite-privee-de-rothenburg-au-depart-de-francfort\/","name":"Visite priv\u00e9e de Rothenburg au d\u00e9part de Francfort | TTM","isPartOf":{"@id":"https:\/\/tourtravelandmore.com\/fr\/#website"},"primaryImageOfPage":{"@id":"https:\/\/tourtravelandmore.com\/fr\/tours\/allemagne-fr\/frankfurt-fr\/all-private-tours-and-activities-fr-4\/visite-privee-de-rothenburg-au-depart-de-francfort\/#primaryimage"},"image":{"@id":"https:\/\/tourtravelandmore.com\/fr\/tours\/allemagne-fr\/frankfurt-fr\/all-private-tours-and-activities-fr-4\/visite-privee-de-rothenburg-au-depart-de-francfort\/#primaryimage"},"thumbnailUrl":"https:\/\/tourtravelandmore.com\/wp-content\/uploads\/2020\/10\/rothenburg.jpg","datePublished":"2020-10-01T09:33:16+00:00","dateModified":"2023-09-20T16:48:12+00:00","description":"Profitez de vos journ\u00e9es \u00e0 Francfort et profitez de cette visite priv\u00e9e unique de Rothenburg au d\u00e9part de Francfort confortable dans un v\u00e9hicule de luxe priv\u00e9.","breadcrumb":{"@id":"https:\/\/tourtravelandmore.com\/fr\/tours\/allemagne-fr\/frankfurt-fr\/all-private-tours-and-activities-fr-4\/visite-privee-de-rothenburg-au-depart-de-francfort\/#breadcrumb"},"inLanguage":"fr-FR","potentialAction":[{"@type":"ReadAction","target":["https:\/\/tourtravelandmore.com\/fr\/tours\/allemagne-fr\/frankfurt-fr\/all-private-tours-and-activities-fr-4\/visite-privee-de-rothenburg-au-depart-de-francfort\/"]}]},{"@type":"ImageObject","inLanguage":"fr-FR","@id":"https:\/\/tourtravelandmore.com\/fr\/tours\/allemagne-fr\/frankfurt-fr\/all-private-tours-and-activities-fr-4\/visite-privee-de-rothenburg-au-depart-de-francfort\/#primaryimage","url":"https:\/\/tourtravelandmore.com\/wp-content\/uploads\/2020\/10\/rothenburg.jpg","contentUrl":"https:\/\/tourtravelandmore.com\/wp-content\/uploads\/2020\/10\/rothenburg.jpg","width":1280,"height":853,"caption":"Visite priv\u00e9e de Rothenburg au d\u00e9part de Francfort"},{"@type":"BreadcrumbList","@id":"https:\/\/tourtravelandmore.com\/fr\/tours\/allemagne-fr\/frankfurt-fr\/all-private-tours-and-activities-fr-4\/visite-privee-de-rothenburg-au-depart-de-francfort\/#breadcrumb","itemListElement":[{"@type":"ListItem","position":1,"name":"Home","item":"https:\/\/tourtravelandmore.com\/fr\/"},{"@type":"ListItem","position":2,"name":"Tours","item":"https:\/\/tourtravelandmore.com\/fr\/tours\/"},{"@type":"ListItem","position":3,"name":"Visite priv\u00e9e de Rothenburg au d\u00e9part de Francfort"}]},{"@type":"WebSite","@id":"https:\/\/tourtravelandmore.com\/fr\/#website","url":"https:\/\/tourtravelandmore.com\/fr\/","name":"Tour Travel And More","description":"Private sightseeing tours and luxury transfers in Spain","publisher":{"@id":"https:\/\/tourtravelandmore.com\/fr\/#organization"},"potentialAction":[{"@type":"SearchAction","target":{"@type":"EntryPoint","urlTemplate":"https:\/\/tourtravelandmore.com\/fr\/?s={search_term_string}"},"query-input":{"@type":"PropertyValueSpecification","valueRequired":true,"valueName":"search_term_string"}}],"inLanguage":"fr-FR"},{"@type":"Organization","@id":"https:\/\/tourtravelandmore.com\/fr\/#organization","name":"Tour Travel And More","url":"https:\/\/tourtravelandmore.com\/fr\/","logo":{"@type":"ImageObject","inLanguage":"fr-FR","@id":"https:\/\/tourtravelandmore.com\/fr\/#\/schema\/logo\/image\/","url":"https:\/\/tourtravelandmore.com\/wp-content\/uploads\/2022\/12\/cropped-logo-cabecera-new.png","contentUrl":"https:\/\/tourtravelandmore.com\/wp-content\/uploads\/2022\/12\/cropped-logo-cabecera-new.png","width":430,"height":61,"caption":"Tour Travel And More"},"image":{"@id":"https:\/\/tourtravelandmore.com\/fr\/#\/schema\/logo\/image\/"},"sameAs":["https:\/\/www.facebook.com\/tourtravelandmore\/","https:\/\/x.com\/TourTravel_More"]}]}},"_links":{"self":[{"href":"https:\/\/tourtravelandmore.com\/fr\/wp-json\/wp\/v2\/product\/102708","targetHints":{"allow":["GET"]}}],"collection":[{"href":"https:\/\/tourtravelandmore.com\/fr\/wp-json\/wp\/v2\/product"}],"about":[{"href":"https:\/\/tourtravelandmore.com\/fr\/wp-json\/wp\/v2\/types\/product"}],"replies":[{"embeddable":true,"href":"https:\/\/tourtravelandmore.com\/fr\/wp-json\/wp\/v2\/comments?post=102708"}],"wp:featuredmedia":[{"embeddable":true,"href":"https:\/\/tourtravelandmore.com\/fr\/wp-json\/wp\/v2\/media\/98382"}],"wp:attachment":[{"href":"https:\/\/tourtravelandmore.com\/fr\/wp-json\/wp\/v2\/media?parent=102708"}],"wp:term":[{"taxonomy":"product_brand","embeddable":true,"href":"https:\/\/tourtravelandmore.com\/fr\/wp-json\/wp\/v2\/product_brand?post=102708"},{"taxonomy":"product_cat","embeddable":true,"href":"https:\/\/tourtravelandmore.com\/fr\/wp-json\/wp\/v2\/product_cat?post=102708"},{"taxonomy":"product_tag","embeddable":true,"href":"https:\/\/tourtravelandmore.com\/fr\/wp-json\/wp\/v2\/product_tag?post=102708"}],"curies":[{"name":"wp","href":"https:\/\/api.w.org\/{rel}","templated":true}]}}