{"id":102692,"date":"2020-09-30T15:47:28","date_gmt":"2020-09-30T13:47:28","guid":{"rendered":"https:\/\/tourtravelandmore.com\/tours\/non%20class\u00e9\/visite-privee-a-pied-de-francfort\/"},"modified":"2022-12-15T19:25:13","modified_gmt":"2022-12-15T18:25:13","slug":"visite-privee-a-pied-de-francfort","status":"publish","type":"product","link":"https:\/\/tourtravelandmore.com\/fr\/tours\/allemagne-fr\/frankfurt-fr\/all-private-tours-and-activities-fr-4\/visite-privee-a-pied-de-francfort\/","title":{"rendered":"Visite priv\u00e9e \u00e0 pied de Francfort"},"content":{"rendered":"<h2>Description<\/h2>\n<p>Si vous voyagez en <strong>Allemagne<\/strong>, vous devez absolument passer du temps \u00e0 Francfort et la meilleure fa\u00e7on de le faire est avec notre<strong> visite priv\u00e9e \u00e0 pied de Francfort<\/strong>. Vous aurez \u00e0 votre disposition un guide priv\u00e9 officiel pour une visite guid\u00e9e de <strong>3 heures.<\/strong><\/p>\n<p><strong>Francfort<\/strong> est la cinqui\u00e8me plus grande ville d&#8217;Allemagne et est situ\u00e9e sur la rivi\u00e8re Main. Francfort est la capitale financi\u00e8re de l&#8217;Europe continentale et le centre de transport de l&#8217;Allemagne.<\/p>\n<p>Ici, banquiers riches, \u00e9tudiants et d\u00e9crocheurs de granola coexistent dans une ville qui poss\u00e8de certains des gratte-ciel les plus hauts et les plus avant-gardistes d&#8217;Europe \u00e0 c\u00f4t\u00e9 de vieux b\u00e2timents bien entretenus, en d&#8217;autres termes, Francfort est une ville de contraste.<\/p>\n<p>Avec cette visite priv\u00e9e \u00e0 pied de Francfort, vous pourrez explorer cette ville m\u00e9tropolitaine et vous perdre dans ses hauts immeubles. Comme il s&#8217;agit d&#8217;une visite personnalis\u00e9e, vous pouvez inclure plus d&#8217;heures \u00e0 votre exp\u00e9rience ou m\u00eame inclure un v\u00e9hicule de luxe priv\u00e9.<\/p>\n<p>Nous avons plusieurs options de visites priv\u00e9es dans et depuis Francfort, jetez un \u0153il \u00e0 <strong><a href=\"https:\/\/tourtravelandmore.com\/fr\/city\/allemagne-fr\/frankfurt-en#shop\/\">notre liste de visites priv\u00e9es.<\/a><\/strong><\/p>\n<h2>Sites d&#8217;int\u00e9r\u00eat et points de rep\u00e8re<\/h2>\n<p>Tout d&#8217;abord, vous rencontrerez votre guide officiel priv\u00e9 dans un lieu central de Francfort. Si votre h\u00f4tel est situ\u00e9 au centre, nous pouvons organiser la prise en charge \u00e0 partir de l\u00e0. L&#8217;heure de la visite sera d\u00e9termin\u00e9e par vous.<\/p>\n<p><strong>Francfort<\/strong> est une ville o\u00f9 vous trouverez des gratte-ciel modernes et incroyables ainsi que sa vieille ville regorgeant de restaurants et de boutiques typiquement allemandes. C&#8217;est une ville qui vaut la peine d&#8217;\u00eatre visit\u00e9e.<\/p>\n<p>Entre autres monuments et lieux que vous pourrez visiter:<\/p>\n<ul>\n<li><strong>Mainhattan<\/strong><\/li>\n<li><strong>Eurotour<\/strong><\/li>\n<li><strong>Pont d&#8217;observation de la tour principale<\/strong><\/li>\n<li><strong>Opernplatz<\/strong><\/li>\n<li><strong>Place R\u00f6merberg<\/strong><\/li>\n<li><strong>Altes Rathaus (ancien h\u00f4tel de ville)<\/strong><\/li>\n<li><strong>Cath\u00e9drale de San Bartolom\u00e9<\/strong><\/li>\n<li><strong>Museumsufer<\/strong><\/li>\n<li><strong>R\u00f6mer (ensemble de maisons des XVe et XVIe si\u00e8cles)<\/strong><\/li>\n<li><strong>et bien plus!<\/strong><\/li>\n<\/ul>\n<p>Nous pouvons inclure un billet d&#8217;entr\u00e9e \u00e0 tout monument ou mus\u00e9e que vous souhaitez visiter. Il vous suffit de nous contacter et de mentionner ce que vous attendez de voir lors de cette visite priv\u00e9e \u00e0 pied de Francfort. <strong>Tour Travel &amp; More<\/strong> dispose d&#8217;une \u00e9quipe professionnelle qui a une grande connaissance des visites priv\u00e9es et des transferts.<\/p>\n<p><strong>Enfin, \u00e0 la fin de la visite, votre guide officiel priv\u00e9 vous d\u00e9posera dans un lieu central de Francfort.<\/strong><\/p>\n","protected":false},"excerpt":{"rendered":"<p>Profitez de cette<strong> visite priv\u00e9e \u00e0 pied enti\u00e8rement personnalis\u00e9e de Francfort<\/strong> et profitez de leurs monuments et sites les plus importants ainsi que de ses sites historiques. Ne manquez pas une chance de conna\u00eetre <strong>Francfort<\/strong> et tout ce qu&#8217;elle a \u00e0 offrir \u00e0 c\u00f4t\u00e9 de votre guide officiel priv\u00e9 lors de cette visite priv\u00e9e \u00e0 pied. <strong>Visitez des endroits comme l&#8217;Opernplatz, l&#8217;Eurotower, la vieille ville et bien plus encore!<\/strong><\/p>\n","protected":false},"featured_media":98376,"comment_status":"open","ping_status":"closed","template":"","meta":{"_acf_changed":false},"product_brand":[],"product_cat":[3760,4231],"product_tag":[],"class_list":{"0":"post-102692","1":"product","2":"type-product","3":"status-publish","4":"has-post-thumbnail","6":"product_cat-frankfurt-fr","7":"product_cat-all-private-tours-and-activities-fr-4","9":"first","10":"instock","11":"shipping-taxable","12":"purchasable","13":"product-type-simple"},"acf":[],"yoast_head":"<!-- This site is optimized with the Yoast SEO Premium plugin v25.3.1 (Yoast SEO v25.3.1) - https:\/\/yoast.com\/wordpress\/plugins\/seo\/ -->\n<title>Visite priv\u00e9e \u00e0 pied de Francfort avec un guide local | TTM<\/title>\n<meta name=\"description\" content=\"Profitez de cette occasion pour visiter l&#039;une des villes allemandes les plus \u00e9tonnantes avec cette visite priv\u00e9e \u00e0 pied de Francfort avec un guide local.\" \/>\n<meta name=\"robots\" content=\"index, follow, max-snippet:-1, max-image-preview:large, max-video-preview:-1\" \/>\n<link rel=\"canonical\" href=\"https:\/\/tourtravelandmore.com\/fr\/tours\/allemagne-fr\/frankfurt-fr\/all-private-tours-and-activities-fr-4\/visite-privee-a-pied-de-francfort\/\" \/>\n<meta property=\"og:locale\" content=\"fr_FR\" \/>\n<meta property=\"og:type\" content=\"article\" \/>\n<meta property=\"og:title\" content=\"Visite priv\u00e9e \u00e0 pied de Francfort\" \/>\n<meta property=\"og:description\" content=\"Profitez de cette occasion pour visiter l&#039;une des villes allemandes les plus \u00e9tonnantes avec cette visite priv\u00e9e \u00e0 pied de Francfort avec un guide local.\" \/>\n<meta property=\"og:url\" content=\"https:\/\/tourtravelandmore.com\/fr\/tours\/allemagne-fr\/frankfurt-fr\/all-private-tours-and-activities-fr-4\/visite-privee-a-pied-de-francfort\/\" \/>\n<meta property=\"og:site_name\" content=\"Tour Travel And More\" \/>\n<meta property=\"article:publisher\" content=\"https:\/\/www.facebook.com\/tourtravelandmore\/\" \/>\n<meta property=\"article:modified_time\" content=\"2022-12-15T18:25:13+00:00\" \/>\n<meta property=\"og:image\" content=\"https:\/\/tourtravelandmore.com\/wp-content\/uploads\/2020\/09\/frankfurt-5.jpg\" \/>\n\t<meta property=\"og:image:width\" content=\"1280\" \/>\n\t<meta property=\"og:image:height\" content=\"853\" \/>\n\t<meta property=\"og:image:type\" content=\"image\/jpeg\" \/>\n<meta name=\"twitter:card\" content=\"summary_large_image\" \/>\n<meta name=\"twitter:site\" content=\"@TourTravel_More\" \/>\n<meta name=\"twitter:label1\" content=\"Dur\u00e9e de lecture estim\u00e9e\" \/>\n\t<meta name=\"twitter:data1\" content=\"2 minutes\" \/>\n<script type=\"application\/ld+json\" class=\"yoast-schema-graph\">{\"@context\":\"https:\/\/schema.org\",\"@graph\":[{\"@type\":\"WebPage\",\"@id\":\"https:\/\/tourtravelandmore.com\/fr\/tours\/allemagne-fr\/frankfurt-fr\/all-private-tours-and-activities-fr-4\/visite-privee-a-pied-de-francfort\/\",\"url\":\"https:\/\/tourtravelandmore.com\/fr\/tours\/allemagne-fr\/frankfurt-fr\/all-private-tours-and-activities-fr-4\/visite-privee-a-pied-de-francfort\/\",\"name\":\"Visite priv\u00e9e \u00e0 pied de Francfort avec un guide local | TTM\",\"isPartOf\":{\"@id\":\"https:\/\/tourtravelandmore.com\/fr\/#website\"},\"primaryImageOfPage\":{\"@id\":\"https:\/\/tourtravelandmore.com\/fr\/tours\/allemagne-fr\/frankfurt-fr\/all-private-tours-and-activities-fr-4\/visite-privee-a-pied-de-francfort\/#primaryimage\"},\"image\":{\"@id\":\"https:\/\/tourtravelandmore.com\/fr\/tours\/allemagne-fr\/frankfurt-fr\/all-private-tours-and-activities-fr-4\/visite-privee-a-pied-de-francfort\/#primaryimage\"},\"thumbnailUrl\":\"https:\/\/tourtravelandmore.com\/wp-content\/uploads\/2020\/09\/frankfurt-5.jpg\",\"datePublished\":\"2020-09-30T13:47:28+00:00\",\"dateModified\":\"2022-12-15T18:25:13+00:00\",\"description\":\"Profitez de cette occasion pour visiter l'une des villes allemandes les plus \u00e9tonnantes avec cette visite priv\u00e9e \u00e0 pied de Francfort avec un guide local.\",\"breadcrumb\":{\"@id\":\"https:\/\/tourtravelandmore.com\/fr\/tours\/allemagne-fr\/frankfurt-fr\/all-private-tours-and-activities-fr-4\/visite-privee-a-pied-de-francfort\/#breadcrumb\"},\"inLanguage\":\"fr-FR\",\"potentialAction\":[{\"@type\":\"ReadAction\",\"target\":[\"https:\/\/tourtravelandmore.com\/fr\/tours\/allemagne-fr\/frankfurt-fr\/all-private-tours-and-activities-fr-4\/visite-privee-a-pied-de-francfort\/\"]}]},{\"@type\":\"ImageObject\",\"inLanguage\":\"fr-FR\",\"@id\":\"https:\/\/tourtravelandmore.com\/fr\/tours\/allemagne-fr\/frankfurt-fr\/all-private-tours-and-activities-fr-4\/visite-privee-a-pied-de-francfort\/#primaryimage\",\"url\":\"https:\/\/tourtravelandmore.com\/wp-content\/uploads\/2020\/09\/frankfurt-5.jpg\",\"contentUrl\":\"https:\/\/tourtravelandmore.com\/wp-content\/uploads\/2020\/09\/frankfurt-5.jpg\",\"width\":1280,\"height\":853},{\"@type\":\"BreadcrumbList\",\"@id\":\"https:\/\/tourtravelandmore.com\/fr\/tours\/allemagne-fr\/frankfurt-fr\/all-private-tours-and-activities-fr-4\/visite-privee-a-pied-de-francfort\/#breadcrumb\",\"itemListElement\":[{\"@type\":\"ListItem\",\"position\":1,\"name\":\"Home\",\"item\":\"https:\/\/tourtravelandmore.com\/fr\/\"},{\"@type\":\"ListItem\",\"position\":2,\"name\":\"Tours\",\"item\":\"https:\/\/tourtravelandmore.com\/fr\/tours\/\"},{\"@type\":\"ListItem\",\"position\":3,\"name\":\"Visite priv\u00e9e \u00e0 pied de Francfort\"}]},{\"@type\":\"WebSite\",\"@id\":\"https:\/\/tourtravelandmore.com\/fr\/#website\",\"url\":\"https:\/\/tourtravelandmore.com\/fr\/\",\"name\":\"Tour Travel And More\",\"description\":\"Private sightseeing tours and luxury transfers in Spain\",\"publisher\":{\"@id\":\"https:\/\/tourtravelandmore.com\/fr\/#organization\"},\"potentialAction\":[{\"@type\":\"SearchAction\",\"target\":{\"@type\":\"EntryPoint\",\"urlTemplate\":\"https:\/\/tourtravelandmore.com\/fr\/?s={search_term_string}\"},\"query-input\":{\"@type\":\"PropertyValueSpecification\",\"valueRequired\":true,\"valueName\":\"search_term_string\"}}],\"inLanguage\":\"fr-FR\"},{\"@type\":\"Organization\",\"@id\":\"https:\/\/tourtravelandmore.com\/fr\/#organization\",\"name\":\"Tour Travel And More\",\"url\":\"https:\/\/tourtravelandmore.com\/fr\/\",\"logo\":{\"@type\":\"ImageObject\",\"inLanguage\":\"fr-FR\",\"@id\":\"https:\/\/tourtravelandmore.com\/fr\/#\/schema\/logo\/image\/\",\"url\":\"https:\/\/tourtravelandmore.com\/wp-content\/uploads\/2022\/12\/cropped-logo-cabecera-new.png\",\"contentUrl\":\"https:\/\/tourtravelandmore.com\/wp-content\/uploads\/2022\/12\/cropped-logo-cabecera-new.png\",\"width\":430,\"height\":61,\"caption\":\"Tour Travel And More\"},\"image\":{\"@id\":\"https:\/\/tourtravelandmore.com\/fr\/#\/schema\/logo\/image\/\"},\"sameAs\":[\"https:\/\/www.facebook.com\/tourtravelandmore\/\",\"https:\/\/x.com\/TourTravel_More\"]}]}<\/script>\n<!-- \/ Yoast SEO Premium plugin. -->","yoast_head_json":{"title":"Visite priv\u00e9e \u00e0 pied de Francfort avec un guide local | TTM","description":"Profitez de cette occasion pour visiter l'une des villes allemandes les plus \u00e9tonnantes avec cette visite priv\u00e9e \u00e0 pied de Francfort avec un guide local.","robots":{"index":"index","follow":"follow","max-snippet":"max-snippet:-1","max-image-preview":"max-image-preview:large","max-video-preview":"max-video-preview:-1"},"canonical":"https:\/\/tourtravelandmore.com\/fr\/tours\/allemagne-fr\/frankfurt-fr\/all-private-tours-and-activities-fr-4\/visite-privee-a-pied-de-francfort\/","og_locale":"fr_FR","og_type":"article","og_title":"Visite priv\u00e9e \u00e0 pied de Francfort","og_description":"Profitez de cette occasion pour visiter l'une des villes allemandes les plus \u00e9tonnantes avec cette visite priv\u00e9e \u00e0 pied de Francfort avec un guide local.","og_url":"https:\/\/tourtravelandmore.com\/fr\/tours\/allemagne-fr\/frankfurt-fr\/all-private-tours-and-activities-fr-4\/visite-privee-a-pied-de-francfort\/","og_site_name":"Tour Travel And More","article_publisher":"https:\/\/www.facebook.com\/tourtravelandmore\/","article_modified_time":"2022-12-15T18:25:13+00:00","og_image":[{"width":1280,"height":853,"url":"https:\/\/tourtravelandmore.com\/wp-content\/uploads\/2020\/09\/frankfurt-5.jpg","type":"image\/jpeg"}],"twitter_card":"summary_large_image","twitter_site":"@TourTravel_More","twitter_misc":{"Dur\u00e9e de lecture estim\u00e9e":"2 minutes"},"schema":{"@context":"https:\/\/schema.org","@graph":[{"@type":"WebPage","@id":"https:\/\/tourtravelandmore.com\/fr\/tours\/allemagne-fr\/frankfurt-fr\/all-private-tours-and-activities-fr-4\/visite-privee-a-pied-de-francfort\/","url":"https:\/\/tourtravelandmore.com\/fr\/tours\/allemagne-fr\/frankfurt-fr\/all-private-tours-and-activities-fr-4\/visite-privee-a-pied-de-francfort\/","name":"Visite priv\u00e9e \u00e0 pied de Francfort avec un guide local | TTM","isPartOf":{"@id":"https:\/\/tourtravelandmore.com\/fr\/#website"},"primaryImageOfPage":{"@id":"https:\/\/tourtravelandmore.com\/fr\/tours\/allemagne-fr\/frankfurt-fr\/all-private-tours-and-activities-fr-4\/visite-privee-a-pied-de-francfort\/#primaryimage"},"image":{"@id":"https:\/\/tourtravelandmore.com\/fr\/tours\/allemagne-fr\/frankfurt-fr\/all-private-tours-and-activities-fr-4\/visite-privee-a-pied-de-francfort\/#primaryimage"},"thumbnailUrl":"https:\/\/tourtravelandmore.com\/wp-content\/uploads\/2020\/09\/frankfurt-5.jpg","datePublished":"2020-09-30T13:47:28+00:00","dateModified":"2022-12-15T18:25:13+00:00","description":"Profitez de cette occasion pour visiter l'une des villes allemandes les plus \u00e9tonnantes avec cette visite priv\u00e9e \u00e0 pied de Francfort avec un guide local.","breadcrumb":{"@id":"https:\/\/tourtravelandmore.com\/fr\/tours\/allemagne-fr\/frankfurt-fr\/all-private-tours-and-activities-fr-4\/visite-privee-a-pied-de-francfort\/#breadcrumb"},"inLanguage":"fr-FR","potentialAction":[{"@type":"ReadAction","target":["https:\/\/tourtravelandmore.com\/fr\/tours\/allemagne-fr\/frankfurt-fr\/all-private-tours-and-activities-fr-4\/visite-privee-a-pied-de-francfort\/"]}]},{"@type":"ImageObject","inLanguage":"fr-FR","@id":"https:\/\/tourtravelandmore.com\/fr\/tours\/allemagne-fr\/frankfurt-fr\/all-private-tours-and-activities-fr-4\/visite-privee-a-pied-de-francfort\/#primaryimage","url":"https:\/\/tourtravelandmore.com\/wp-content\/uploads\/2020\/09\/frankfurt-5.jpg","contentUrl":"https:\/\/tourtravelandmore.com\/wp-content\/uploads\/2020\/09\/frankfurt-5.jpg","width":1280,"height":853},{"@type":"BreadcrumbList","@id":"https:\/\/tourtravelandmore.com\/fr\/tours\/allemagne-fr\/frankfurt-fr\/all-private-tours-and-activities-fr-4\/visite-privee-a-pied-de-francfort\/#breadcrumb","itemListElement":[{"@type":"ListItem","position":1,"name":"Home","item":"https:\/\/tourtravelandmore.com\/fr\/"},{"@type":"ListItem","position":2,"name":"Tours","item":"https:\/\/tourtravelandmore.com\/fr\/tours\/"},{"@type":"ListItem","position":3,"name":"Visite priv\u00e9e \u00e0 pied de Francfort"}]},{"@type":"WebSite","@id":"https:\/\/tourtravelandmore.com\/fr\/#website","url":"https:\/\/tourtravelandmore.com\/fr\/","name":"Tour Travel And More","description":"Private sightseeing tours and luxury transfers in Spain","publisher":{"@id":"https:\/\/tourtravelandmore.com\/fr\/#organization"},"potentialAction":[{"@type":"SearchAction","target":{"@type":"EntryPoint","urlTemplate":"https:\/\/tourtravelandmore.com\/fr\/?s={search_term_string}"},"query-input":{"@type":"PropertyValueSpecification","valueRequired":true,"valueName":"search_term_string"}}],"inLanguage":"fr-FR"},{"@type":"Organization","@id":"https:\/\/tourtravelandmore.com\/fr\/#organization","name":"Tour Travel And More","url":"https:\/\/tourtravelandmore.com\/fr\/","logo":{"@type":"ImageObject","inLanguage":"fr-FR","@id":"https:\/\/tourtravelandmore.com\/fr\/#\/schema\/logo\/image\/","url":"https:\/\/tourtravelandmore.com\/wp-content\/uploads\/2022\/12\/cropped-logo-cabecera-new.png","contentUrl":"https:\/\/tourtravelandmore.com\/wp-content\/uploads\/2022\/12\/cropped-logo-cabecera-new.png","width":430,"height":61,"caption":"Tour Travel And More"},"image":{"@id":"https:\/\/tourtravelandmore.com\/fr\/#\/schema\/logo\/image\/"},"sameAs":["https:\/\/www.facebook.com\/tourtravelandmore\/","https:\/\/x.com\/TourTravel_More"]}]}},"_links":{"self":[{"href":"https:\/\/tourtravelandmore.com\/fr\/wp-json\/wp\/v2\/product\/102692","targetHints":{"allow":["GET"]}}],"collection":[{"href":"https:\/\/tourtravelandmore.com\/fr\/wp-json\/wp\/v2\/product"}],"about":[{"href":"https:\/\/tourtravelandmore.com\/fr\/wp-json\/wp\/v2\/types\/product"}],"replies":[{"embeddable":true,"href":"https:\/\/tourtravelandmore.com\/fr\/wp-json\/wp\/v2\/comments?post=102692"}],"wp:featuredmedia":[{"embeddable":true,"href":"https:\/\/tourtravelandmore.com\/fr\/wp-json\/wp\/v2\/media\/98376"}],"wp:attachment":[{"href":"https:\/\/tourtravelandmore.com\/fr\/wp-json\/wp\/v2\/media?parent=102692"}],"wp:term":[{"taxonomy":"product_brand","embeddable":true,"href":"https:\/\/tourtravelandmore.com\/fr\/wp-json\/wp\/v2\/product_brand?post=102692"},{"taxonomy":"product_cat","embeddable":true,"href":"https:\/\/tourtravelandmore.com\/fr\/wp-json\/wp\/v2\/product_cat?post=102692"},{"taxonomy":"product_tag","embeddable":true,"href":"https:\/\/tourtravelandmore.com\/fr\/wp-json\/wp\/v2\/product_tag?post=102692"}],"curies":[{"name":"wp","href":"https:\/\/api.w.org\/{rel}","templated":true}]}}