{"id":102682,"date":"2019-09-01T23:37:18","date_gmt":"2019-09-01T21:37:18","guid":{"rendered":"https:\/\/tourtravelandmore.com\/tours\/non%20class\u00e9\/excursion-privee-a-terre-a-berlin-depuis-warnemnde\/"},"modified":"2021-03-11T21:26:15","modified_gmt":"2021-03-11T20:26:15","slug":"excursion-privee-a-terre-a-berlin-depuis-warnemnde","status":"publish","type":"product","link":"https:\/\/tourtravelandmore.com\/fr\/tours\/allemagne-fr\/berlin-fr\/excursion-privee-a-terre-a-berlin-depuis-warnemnde\/","title":{"rendered":"Excursion priv\u00e9e \u00e0 terre \u00e0 Berlin depuis Warnemnde"},"content":{"rendered":"<h2>Description<\/h2>\n<p>Tirez le meilleur parti de votre escale de croisi\u00e8re et profitez de nos circuits de Warnemnde \u00e0 Berlin avec un guide priv\u00e9 agr\u00e9\u00e9. De nombreuses compagnies de croisi\u00e8re qui couvrent le nord de l&#8217;Europe s&#8217;arr\u00eatent pour une journ\u00e9e dans le port de croisi\u00e8re de Warnemnde. Entre les nombreuses excursions dont vous pouvez profiter, il y a une visite \u00e0 la capitale de l&#8217;Allemagne.<\/p>\n<p>Au cours de cette excursion \u00e0 terre, vous visiterez les sites les plus historiques de Berlin \u00e0 c\u00f4t\u00e9 d&#8217;un guide officiel priv\u00e9 et confortablement dans votre v\u00e9hicule de luxe priv\u00e9. Votre chauffeur viendra vous chercher au port de croisi\u00e8re \u00e0 votre heure d&#8217;arriv\u00e9e et vous emm\u00e8nera dans cette exp\u00e9rience d&#8217;une journ\u00e9e compl\u00e8te pour vous rendre \u00e0 Berlin. Il faut environ 3 heures du port de croisi\u00e8re \u00e0 Berlin. Une fois sur place, vous rencontrerez un guide touristique agr\u00e9\u00e9, connaisseur expert de la ville.<\/p>\n<p>Profitez de la flexibilit\u00e9 de cette visite, qui sera ax\u00e9e sur la visite des lieux de Berlin qui vous int\u00e9ressent le plus. Contactez-nous pour une proposition personnalis\u00e9e.<\/p>\n<h2>Sites d&#8217;int\u00e9r\u00eat et points de rep\u00e8re<\/h2>\n<p>Berlin est la capitale et la ville la plus peupl\u00e9e d&#8217;Allemagne. Elle a \u00e9t\u00e9 fond\u00e9e au d\u00e9but des ann\u00e9es 1200 et depuis lors, la ville a travers\u00e9 une histoire forte. Il y a beaucoup \u00e0 voir \u00e0 Berlin. Soit si vous vous int\u00e9ressez \u00e0 l&#8217;histoire moderne ou \u00e0 l&#8217;histoire plus ancienne de la ville. Parmi les sites que vous pouvez visiter \u00e0 Berlin, vous trouverez:<\/p>\n<ul>\n<li>Brandenburg Tor: L&#8217;un des endroits les plus embl\u00e9matiques de la ville, l&#8217;ancienne entr\u00e9e.<\/li>\n<li>Reichstag: b\u00e2timent du Parlement<\/li>\n<li>Kurf\u00fcrstendamm et son avenue<\/li>\n<li>Potsdamer Platz<\/li>\n<li>Bebelplatz<\/li>\n<li>Schlossplatz<\/li>\n<li>Alexander Platz<\/li>\n<li>Kulturforum<\/li>\n<li>Konzerthaus Berlin<\/li>\n<li>Cath\u00e9drale de Berlin: principal \u00e9difice religieux de Berlin<\/li>\n<li>Museumsinsel: site du patrimoine mondial de l&#8217;UNESCO<\/li>\n<li>Unter den Linden<\/li>\n<li>Botschaften in der Tiergarten Stra\u00dfe<\/li>\n<li>Beaucoup plus!<\/li>\n<\/ul>\n<p>Les sites que vous pouvez visiter \u00e0 Berlin seront adapt\u00e9s \u00e0 votre int\u00e9r\u00eat personnel. Une fois arriv\u00e9 \u00e0 Berlin, vous rencontrerez votre guide agr\u00e9\u00e9. Tous nos guides sont des guides touristiques officiels, agr\u00e9\u00e9s par la ville de Berlin. Selon votre d\u00e9sir, la visite peut \u00eatre principalement ax\u00e9e sur l&#8217;histoire, l&#8217;art de n&#8217;importe quel c\u00f4t\u00e9 particulier de la ville.<\/p>\n<p>Contactez-nous pour une proposition sur mesure. Notre \u00e9quipe d&#8217;experts vous aidera \u00e0 organiser l&#8217;une de nos visites personnalis\u00e9es de Warnemnde \u00e0 Berlin.<\/p>\n","protected":false},"excerpt":{"rendered":"<p>Profitez au maximum de votre escale au port de croisi\u00e8re de Warnemnde et profitez d&#8217;une excursion sur mesure \u00e0 Berlin. Vous visiterez l&#8217;une des villes les plus int\u00e9ressantes du monde aux c\u00f4t\u00e9s d&#8217;un expert local, licenci\u00e9 en histoire et culture de Berlin. Vous aurez un chauffeur priv\u00e9 \u00e0 votre disposition pendant l&#8217;excursion d&#8217;une journ\u00e9e. Contactez-nous pour une proposition personnalis\u00e9e.<\/p>\n","protected":false},"featured_media":96233,"comment_status":"open","ping_status":"closed","template":"","meta":{"_acf_changed":false},"product_brand":[],"product_cat":[3758],"product_tag":[],"class_list":{"0":"post-102682","1":"product","2":"type-product","3":"status-publish","4":"has-post-thumbnail","6":"product_cat-berlin-fr","8":"first","9":"instock","10":"shipping-taxable","11":"purchasable","12":"product-type-simple"},"acf":[],"yoast_head":"<!-- This site is optimized with the Yoast SEO Premium plugin v25.3.1 (Yoast SEO v25.3.1) - https:\/\/yoast.com\/wordpress\/plugins\/seo\/ -->\n<title>Visites priv\u00e9es de Warnemnde \u00e0 Berlin avec chauffeur et guide agr\u00e9\u00e9<\/title>\n<meta name=\"description\" content=\"Tirez le meilleur parti de votre escale de croisi\u00e8re et profitez de nos visites priv\u00e9es de Warnemnde \u00e0 Berlin. D\u00e9couvrez Berlin \u00e0 c\u00f4t\u00e9 d&#039;un guide agr\u00e9\u00e9.\" \/>\n<meta name=\"robots\" content=\"index, follow, max-snippet:-1, max-image-preview:large, max-video-preview:-1\" \/>\n<link rel=\"canonical\" href=\"https:\/\/tourtravelandmore.com\/fr\/tours\/allemagne-fr\/berlin-fr\/excursion-privee-a-terre-a-berlin-depuis-warnemnde\/\" \/>\n<meta property=\"og:locale\" content=\"fr_FR\" \/>\n<meta property=\"og:type\" content=\"article\" \/>\n<meta property=\"og:title\" content=\"Excursion priv\u00e9e \u00e0 terre \u00e0 Berlin depuis Warnemnde\" \/>\n<meta property=\"og:description\" content=\"Tirez le meilleur parti de votre escale de croisi\u00e8re et profitez de nos visites priv\u00e9es de Warnemnde \u00e0 Berlin. D\u00e9couvrez Berlin \u00e0 c\u00f4t\u00e9 d&#039;un guide agr\u00e9\u00e9.\" \/>\n<meta property=\"og:url\" content=\"https:\/\/tourtravelandmore.com\/fr\/tours\/allemagne-fr\/berlin-fr\/excursion-privee-a-terre-a-berlin-depuis-warnemnde\/\" \/>\n<meta property=\"og:site_name\" content=\"Tour Travel And More\" \/>\n<meta property=\"article:publisher\" content=\"https:\/\/www.facebook.com\/tourtravelandmore\/\" \/>\n<meta property=\"article:modified_time\" content=\"2021-03-11T20:26:15+00:00\" \/>\n<meta property=\"og:image\" content=\"https:\/\/tourtravelandmore.com\/wp-content\/uploads\/2019\/09\/berlin-1.jpg\" \/>\n\t<meta property=\"og:image:width\" content=\"960\" \/>\n\t<meta property=\"og:image:height\" content=\"635\" \/>\n\t<meta property=\"og:image:type\" content=\"image\/jpeg\" \/>\n<meta name=\"twitter:card\" content=\"summary_large_image\" \/>\n<meta name=\"twitter:site\" content=\"@TourTravel_More\" \/>\n<meta name=\"twitter:label1\" content=\"Dur\u00e9e de lecture estim\u00e9e\" \/>\n\t<meta name=\"twitter:data1\" content=\"2 minutes\" \/>\n<script type=\"application\/ld+json\" class=\"yoast-schema-graph\">{\"@context\":\"https:\/\/schema.org\",\"@graph\":[{\"@type\":\"WebPage\",\"@id\":\"https:\/\/tourtravelandmore.com\/fr\/tours\/allemagne-fr\/berlin-fr\/excursion-privee-a-terre-a-berlin-depuis-warnemnde\/\",\"url\":\"https:\/\/tourtravelandmore.com\/fr\/tours\/allemagne-fr\/berlin-fr\/excursion-privee-a-terre-a-berlin-depuis-warnemnde\/\",\"name\":\"Visites priv\u00e9es de Warnemnde \u00e0 Berlin avec chauffeur et guide agr\u00e9\u00e9\",\"isPartOf\":{\"@id\":\"https:\/\/tourtravelandmore.com\/fr\/#website\"},\"primaryImageOfPage\":{\"@id\":\"https:\/\/tourtravelandmore.com\/fr\/tours\/allemagne-fr\/berlin-fr\/excursion-privee-a-terre-a-berlin-depuis-warnemnde\/#primaryimage\"},\"image\":{\"@id\":\"https:\/\/tourtravelandmore.com\/fr\/tours\/allemagne-fr\/berlin-fr\/excursion-privee-a-terre-a-berlin-depuis-warnemnde\/#primaryimage\"},\"thumbnailUrl\":\"https:\/\/tourtravelandmore.com\/wp-content\/uploads\/2019\/09\/berlin-1.jpg\",\"datePublished\":\"2019-09-01T21:37:18+00:00\",\"dateModified\":\"2021-03-11T20:26:15+00:00\",\"description\":\"Tirez le meilleur parti de votre escale de croisi\u00e8re et profitez de nos visites priv\u00e9es de Warnemnde \u00e0 Berlin. D\u00e9couvrez Berlin \u00e0 c\u00f4t\u00e9 d'un guide agr\u00e9\u00e9.\",\"breadcrumb\":{\"@id\":\"https:\/\/tourtravelandmore.com\/fr\/tours\/allemagne-fr\/berlin-fr\/excursion-privee-a-terre-a-berlin-depuis-warnemnde\/#breadcrumb\"},\"inLanguage\":\"fr-FR\",\"potentialAction\":[{\"@type\":\"ReadAction\",\"target\":[\"https:\/\/tourtravelandmore.com\/fr\/tours\/allemagne-fr\/berlin-fr\/excursion-privee-a-terre-a-berlin-depuis-warnemnde\/\"]}]},{\"@type\":\"ImageObject\",\"inLanguage\":\"fr-FR\",\"@id\":\"https:\/\/tourtravelandmore.com\/fr\/tours\/allemagne-fr\/berlin-fr\/excursion-privee-a-terre-a-berlin-depuis-warnemnde\/#primaryimage\",\"url\":\"https:\/\/tourtravelandmore.com\/wp-content\/uploads\/2019\/09\/berlin-1.jpg\",\"contentUrl\":\"https:\/\/tourtravelandmore.com\/wp-content\/uploads\/2019\/09\/berlin-1.jpg\",\"width\":960,\"height\":635},{\"@type\":\"BreadcrumbList\",\"@id\":\"https:\/\/tourtravelandmore.com\/fr\/tours\/allemagne-fr\/berlin-fr\/excursion-privee-a-terre-a-berlin-depuis-warnemnde\/#breadcrumb\",\"itemListElement\":[{\"@type\":\"ListItem\",\"position\":1,\"name\":\"Home\",\"item\":\"https:\/\/tourtravelandmore.com\/fr\/\"},{\"@type\":\"ListItem\",\"position\":2,\"name\":\"Tours\",\"item\":\"https:\/\/tourtravelandmore.com\/fr\/tours\/\"},{\"@type\":\"ListItem\",\"position\":3,\"name\":\"Excursion priv\u00e9e \u00e0 terre \u00e0 Berlin depuis Warnemnde\"}]},{\"@type\":\"WebSite\",\"@id\":\"https:\/\/tourtravelandmore.com\/fr\/#website\",\"url\":\"https:\/\/tourtravelandmore.com\/fr\/\",\"name\":\"Tour Travel And More\",\"description\":\"Private sightseeing tours and luxury transfers in Spain\",\"publisher\":{\"@id\":\"https:\/\/tourtravelandmore.com\/fr\/#organization\"},\"potentialAction\":[{\"@type\":\"SearchAction\",\"target\":{\"@type\":\"EntryPoint\",\"urlTemplate\":\"https:\/\/tourtravelandmore.com\/fr\/?s={search_term_string}\"},\"query-input\":{\"@type\":\"PropertyValueSpecification\",\"valueRequired\":true,\"valueName\":\"search_term_string\"}}],\"inLanguage\":\"fr-FR\"},{\"@type\":\"Organization\",\"@id\":\"https:\/\/tourtravelandmore.com\/fr\/#organization\",\"name\":\"Tour Travel And More\",\"url\":\"https:\/\/tourtravelandmore.com\/fr\/\",\"logo\":{\"@type\":\"ImageObject\",\"inLanguage\":\"fr-FR\",\"@id\":\"https:\/\/tourtravelandmore.com\/fr\/#\/schema\/logo\/image\/\",\"url\":\"https:\/\/tourtravelandmore.com\/wp-content\/uploads\/2022\/12\/cropped-logo-cabecera-new.png\",\"contentUrl\":\"https:\/\/tourtravelandmore.com\/wp-content\/uploads\/2022\/12\/cropped-logo-cabecera-new.png\",\"width\":430,\"height\":61,\"caption\":\"Tour Travel And More\"},\"image\":{\"@id\":\"https:\/\/tourtravelandmore.com\/fr\/#\/schema\/logo\/image\/\"},\"sameAs\":[\"https:\/\/www.facebook.com\/tourtravelandmore\/\",\"https:\/\/x.com\/TourTravel_More\"]}]}<\/script>\n<!-- \/ Yoast SEO Premium plugin. -->","yoast_head_json":{"title":"Visites priv\u00e9es de Warnemnde \u00e0 Berlin avec chauffeur et guide agr\u00e9\u00e9","description":"Tirez le meilleur parti de votre escale de croisi\u00e8re et profitez de nos visites priv\u00e9es de Warnemnde \u00e0 Berlin. D\u00e9couvrez Berlin \u00e0 c\u00f4t\u00e9 d'un guide agr\u00e9\u00e9.","robots":{"index":"index","follow":"follow","max-snippet":"max-snippet:-1","max-image-preview":"max-image-preview:large","max-video-preview":"max-video-preview:-1"},"canonical":"https:\/\/tourtravelandmore.com\/fr\/tours\/allemagne-fr\/berlin-fr\/excursion-privee-a-terre-a-berlin-depuis-warnemnde\/","og_locale":"fr_FR","og_type":"article","og_title":"Excursion priv\u00e9e \u00e0 terre \u00e0 Berlin depuis Warnemnde","og_description":"Tirez le meilleur parti de votre escale de croisi\u00e8re et profitez de nos visites priv\u00e9es de Warnemnde \u00e0 Berlin. D\u00e9couvrez Berlin \u00e0 c\u00f4t\u00e9 d'un guide agr\u00e9\u00e9.","og_url":"https:\/\/tourtravelandmore.com\/fr\/tours\/allemagne-fr\/berlin-fr\/excursion-privee-a-terre-a-berlin-depuis-warnemnde\/","og_site_name":"Tour Travel And More","article_publisher":"https:\/\/www.facebook.com\/tourtravelandmore\/","article_modified_time":"2021-03-11T20:26:15+00:00","og_image":[{"width":960,"height":635,"url":"https:\/\/tourtravelandmore.com\/wp-content\/uploads\/2019\/09\/berlin-1.jpg","type":"image\/jpeg"}],"twitter_card":"summary_large_image","twitter_site":"@TourTravel_More","twitter_misc":{"Dur\u00e9e de lecture estim\u00e9e":"2 minutes"},"schema":{"@context":"https:\/\/schema.org","@graph":[{"@type":"WebPage","@id":"https:\/\/tourtravelandmore.com\/fr\/tours\/allemagne-fr\/berlin-fr\/excursion-privee-a-terre-a-berlin-depuis-warnemnde\/","url":"https:\/\/tourtravelandmore.com\/fr\/tours\/allemagne-fr\/berlin-fr\/excursion-privee-a-terre-a-berlin-depuis-warnemnde\/","name":"Visites priv\u00e9es de Warnemnde \u00e0 Berlin avec chauffeur et guide agr\u00e9\u00e9","isPartOf":{"@id":"https:\/\/tourtravelandmore.com\/fr\/#website"},"primaryImageOfPage":{"@id":"https:\/\/tourtravelandmore.com\/fr\/tours\/allemagne-fr\/berlin-fr\/excursion-privee-a-terre-a-berlin-depuis-warnemnde\/#primaryimage"},"image":{"@id":"https:\/\/tourtravelandmore.com\/fr\/tours\/allemagne-fr\/berlin-fr\/excursion-privee-a-terre-a-berlin-depuis-warnemnde\/#primaryimage"},"thumbnailUrl":"https:\/\/tourtravelandmore.com\/wp-content\/uploads\/2019\/09\/berlin-1.jpg","datePublished":"2019-09-01T21:37:18+00:00","dateModified":"2021-03-11T20:26:15+00:00","description":"Tirez le meilleur parti de votre escale de croisi\u00e8re et profitez de nos visites priv\u00e9es de Warnemnde \u00e0 Berlin. D\u00e9couvrez Berlin \u00e0 c\u00f4t\u00e9 d'un guide agr\u00e9\u00e9.","breadcrumb":{"@id":"https:\/\/tourtravelandmore.com\/fr\/tours\/allemagne-fr\/berlin-fr\/excursion-privee-a-terre-a-berlin-depuis-warnemnde\/#breadcrumb"},"inLanguage":"fr-FR","potentialAction":[{"@type":"ReadAction","target":["https:\/\/tourtravelandmore.com\/fr\/tours\/allemagne-fr\/berlin-fr\/excursion-privee-a-terre-a-berlin-depuis-warnemnde\/"]}]},{"@type":"ImageObject","inLanguage":"fr-FR","@id":"https:\/\/tourtravelandmore.com\/fr\/tours\/allemagne-fr\/berlin-fr\/excursion-privee-a-terre-a-berlin-depuis-warnemnde\/#primaryimage","url":"https:\/\/tourtravelandmore.com\/wp-content\/uploads\/2019\/09\/berlin-1.jpg","contentUrl":"https:\/\/tourtravelandmore.com\/wp-content\/uploads\/2019\/09\/berlin-1.jpg","width":960,"height":635},{"@type":"BreadcrumbList","@id":"https:\/\/tourtravelandmore.com\/fr\/tours\/allemagne-fr\/berlin-fr\/excursion-privee-a-terre-a-berlin-depuis-warnemnde\/#breadcrumb","itemListElement":[{"@type":"ListItem","position":1,"name":"Home","item":"https:\/\/tourtravelandmore.com\/fr\/"},{"@type":"ListItem","position":2,"name":"Tours","item":"https:\/\/tourtravelandmore.com\/fr\/tours\/"},{"@type":"ListItem","position":3,"name":"Excursion priv\u00e9e \u00e0 terre \u00e0 Berlin depuis Warnemnde"}]},{"@type":"WebSite","@id":"https:\/\/tourtravelandmore.com\/fr\/#website","url":"https:\/\/tourtravelandmore.com\/fr\/","name":"Tour Travel And More","description":"Private sightseeing tours and luxury transfers in Spain","publisher":{"@id":"https:\/\/tourtravelandmore.com\/fr\/#organization"},"potentialAction":[{"@type":"SearchAction","target":{"@type":"EntryPoint","urlTemplate":"https:\/\/tourtravelandmore.com\/fr\/?s={search_term_string}"},"query-input":{"@type":"PropertyValueSpecification","valueRequired":true,"valueName":"search_term_string"}}],"inLanguage":"fr-FR"},{"@type":"Organization","@id":"https:\/\/tourtravelandmore.com\/fr\/#organization","name":"Tour Travel And More","url":"https:\/\/tourtravelandmore.com\/fr\/","logo":{"@type":"ImageObject","inLanguage":"fr-FR","@id":"https:\/\/tourtravelandmore.com\/fr\/#\/schema\/logo\/image\/","url":"https:\/\/tourtravelandmore.com\/wp-content\/uploads\/2022\/12\/cropped-logo-cabecera-new.png","contentUrl":"https:\/\/tourtravelandmore.com\/wp-content\/uploads\/2022\/12\/cropped-logo-cabecera-new.png","width":430,"height":61,"caption":"Tour Travel And More"},"image":{"@id":"https:\/\/tourtravelandmore.com\/fr\/#\/schema\/logo\/image\/"},"sameAs":["https:\/\/www.facebook.com\/tourtravelandmore\/","https:\/\/x.com\/TourTravel_More"]}]}},"_links":{"self":[{"href":"https:\/\/tourtravelandmore.com\/fr\/wp-json\/wp\/v2\/product\/102682","targetHints":{"allow":["GET"]}}],"collection":[{"href":"https:\/\/tourtravelandmore.com\/fr\/wp-json\/wp\/v2\/product"}],"about":[{"href":"https:\/\/tourtravelandmore.com\/fr\/wp-json\/wp\/v2\/types\/product"}],"replies":[{"embeddable":true,"href":"https:\/\/tourtravelandmore.com\/fr\/wp-json\/wp\/v2\/comments?post=102682"}],"wp:featuredmedia":[{"embeddable":true,"href":"https:\/\/tourtravelandmore.com\/fr\/wp-json\/wp\/v2\/media\/96233"}],"wp:attachment":[{"href":"https:\/\/tourtravelandmore.com\/fr\/wp-json\/wp\/v2\/media?parent=102682"}],"wp:term":[{"taxonomy":"product_brand","embeddable":true,"href":"https:\/\/tourtravelandmore.com\/fr\/wp-json\/wp\/v2\/product_brand?post=102682"},{"taxonomy":"product_cat","embeddable":true,"href":"https:\/\/tourtravelandmore.com\/fr\/wp-json\/wp\/v2\/product_cat?post=102682"},{"taxonomy":"product_tag","embeddable":true,"href":"https:\/\/tourtravelandmore.com\/fr\/wp-json\/wp\/v2\/product_tag?post=102682"}],"curies":[{"name":"wp","href":"https:\/\/api.w.org\/{rel}","templated":true}]}}