{"id":102676,"date":"2019-09-01T22:51:24","date_gmt":"2019-09-01T20:51:24","guid":{"rendered":"https:\/\/tourtravelandmore.com\/tours\/non%20class\u00e9\/visite-guidee-privee-de-lile-aux-musees\/"},"modified":"2021-03-11T21:24:02","modified_gmt":"2021-03-11T20:24:02","slug":"visite-guidee-privee-de-lile-aux-musees","status":"publish","type":"product","link":"https:\/\/tourtravelandmore.com\/fr\/tours\/allemagne-fr\/berlin-fr\/visite-guidee-privee-de-lile-aux-musees\/","title":{"rendered":"Visite guid\u00e9e priv\u00e9e de l&#8217;\u00eele aux mus\u00e9es"},"content":{"rendered":"<h2>Description<\/h2>\n<p>Le Museuminsel de Berlin est l&#8217;une des meilleures galeries d&#8217;art de toute l&#8217;Europe. Il a \u00e9t\u00e9 d\u00e9clar\u00e9 site du patrimoine mondial par l&#8217;UNESCO en 1999. Si vous \u00eates un amateur d&#8217;art et d&#8217;architecture, nous vous recommandons fortement notre visite priv\u00e9e de l&#8217;\u00eele des mus\u00e9es de Berlin. Vous visiterez, \u00e0 c\u00f4t\u00e9 d&#8217;un guide touristique agr\u00e9\u00e9, les mus\u00e9es qui pourraient vous int\u00e9resser.<\/p>\n<p>Pour lancer votre visite, nous pouvons soit organiser un chauffeur priv\u00e9 pour vous conduire de votre h\u00f4tel \u00e0 l&#8217;\u00eele du mus\u00e9e. Sinon, vous pourriez rencontrer votre guide directement \u00e0 l&#8217;entr\u00e9e du mus\u00e9e. Si votre h\u00f4tel est situ\u00e9 au centre de la ville, votre guide peut \u00e9galement venir vous y chercher.<\/p>\n<p>Comme toutes nos visites, cette visite guid\u00e9e priv\u00e9e de l&#8217;\u00eele aux mus\u00e9es est une visite sur mesure. Les mus\u00e9es que vous pouvez visiter lors de votre visite d\u00e9pendent de vous, votre guide adaptera la visite \u00e0 votre int\u00e9r\u00eat personnel. Nous pouvons \u00e9galement combiner cette visite \u00e0 pied avec une visite de la ville de Berlin. Si vous \u00eates int\u00e9ress\u00e9, nous pouvons \u00e9galement organiser une visite de la ville avec chauffeur et guide pour l&#8217;apr\u00e8s-midi du m\u00eame jour ou un autre jour. Contactez-nous pour une proposition personnalis\u00e9e.<\/p>\n<h2>Sites d&#8217;int\u00e9r\u00eat et points de rep\u00e8re<\/h2>\n<p>La museuminsel de Berlin doit ses origines au si\u00e8cle des Lumi\u00e8res au XVIIIe si\u00e8cle. L&#8217;ensemble du complexe abrite diff\u00e9rents mus\u00e9es, qui ont \u00e9t\u00e9 construits entre 1824 et 1930. Chacun des mus\u00e9es a \u00e9t\u00e9 con\u00e7u d&#8217;une mani\u00e8re particuli\u00e8re pour \u00e9tablir un lien organique avec l&#8217;art qu&#8217;il abrite. Attendez-vous \u00e0 des collections uniques d&#8217;art et d&#8217;objets culturels d&#8217;Europe et de la r\u00e9gion m\u00e9diterran\u00e9enne au sens large.<\/p>\n<p><strong>Les 5 b\u00e2timents principaux du mus\u00e9e sont:<\/strong><\/p>\n<ul>\n<li>Altes museum: Construit par Karl Friedrich Schinkel de 1823 \u00e0 1830, c&#8217;\u00e9tait le premier b\u00e2timent d&#8217;exposition sur le Museumsinsel Berlin<\/li>\n<li>Neues museum: Le deuxi\u00e8me grand b\u00e2timent de l&#8217;\u00eele. Il a \u00e9t\u00e9 construit par Friedrich August St\u00fcler (\u00e9l\u00e8ve de Schinkel) entre 1843 et 1855<\/li>\n<li>Alte Nationalgalerie: est la maison d&#8217;origine de la collection de la Nationalgalerie. Il a \u00e9t\u00e9 construit par Friedrich August St\u00fcler.<\/li>\n<li>Bode-museum: il a \u00e9t\u00e9 construit entre 1897 et 1904 et s&#8217;appelait \u00e0 l&#8217;origine le Kaiser Friedrich-Museum.<\/li>\n<li>Pergamonmuseum: Il a \u00e9t\u00e9 cr\u00e9\u00e9 comme le dernier des cinq grands b\u00e2timents d&#8217;exposition de la Museumsinsel. Sa construction dura vingt ans, de 1910 \u00e0 1930<\/li>\n<\/ul>\n<p>Au cours d&#8217;une visite de 3 heures, vous pouvez visiter 4 des 5 mus\u00e9es. Si vous souhaitez une visite plus courte ou plus longue, nous pouvons \u00e9galement l&#8217;organiser. Tous nos guides sont des guides touristiques agr\u00e9\u00e9s, experts en art, culture et histoire de Berlin et de toute l&#8217;Allemagne. Profitez d&#8217;une visite priv\u00e9e de l&#8217;\u00eele des mus\u00e9es \u00e0 Berlin avec un expert local.<\/p>\n","protected":false},"excerpt":{"rendered":"<p>D\u00e9couvrez l&#8217;un des sites architecturaux et artistiques les plus merveilleux de toute l&#8217;Allemagne aux c\u00f4t\u00e9s d&#8217;un expert local. Profitez de voir des collections uniques d&#8217;art et d&#8217;objets culturels d&#8217;Europe et de la r\u00e9gion m\u00e9diterran\u00e9enne au sens large \u00e0 travers les diff\u00e9rents mus\u00e9es situ\u00e9s sur l&#8217;\u00eele aux mus\u00e9es de Berlin. Ne manquez pas cette chance de visiter ce merveilleux mus\u00e9e \u00e0 c\u00f4t\u00e9 d&#8217;un guide priv\u00e9, sp\u00e9cialis\u00e9 en histoire de l&#8217;art.<\/p>\n","protected":false},"featured_media":98364,"comment_status":"open","ping_status":"closed","template":"","meta":{"_acf_changed":false},"product_brand":[],"product_cat":[3758],"product_tag":[],"class_list":{"0":"post-102676","1":"product","2":"type-product","3":"status-publish","4":"has-post-thumbnail","6":"product_cat-berlin-fr","8":"first","9":"instock","10":"shipping-taxable","11":"purchasable","12":"product-type-simple"},"acf":[],"yoast_head":"<!-- This site is optimized with the Yoast SEO Premium plugin v25.3.1 (Yoast SEO v25.3.1) - https:\/\/yoast.com\/wordpress\/plugins\/seo\/ -->\n<title>Visite priv\u00e9e de l&#039;\u00eele des mus\u00e9es \u00e0 Berlin avec un guide sp\u00e9cialis\u00e9 en art<\/title>\n<meta name=\"description\" content=\"Profitez d&#039;une visite priv\u00e9e de l&#039;\u00eele des mus\u00e9es \u00e0 Berlin \u00e0 c\u00f4t\u00e9 d&#039;un guide priv\u00e9 sp\u00e9cialis\u00e9 dans l&#039;art. Explorez l&#039;un des sites d&#039;art les plus merveilleux d&#039;Allemagne.\" \/>\n<meta name=\"robots\" content=\"index, follow, max-snippet:-1, max-image-preview:large, max-video-preview:-1\" \/>\n<link rel=\"canonical\" href=\"https:\/\/tourtravelandmore.com\/fr\/tours\/allemagne-fr\/berlin-fr\/visite-guidee-privee-de-lile-aux-musees\/\" \/>\n<meta property=\"og:locale\" content=\"fr_FR\" \/>\n<meta property=\"og:type\" content=\"article\" \/>\n<meta property=\"og:title\" content=\"Visite guid\u00e9e priv\u00e9e de l&#039;\u00eele aux mus\u00e9es\" \/>\n<meta property=\"og:description\" content=\"Profitez d&#039;une visite priv\u00e9e de l&#039;\u00eele des mus\u00e9es \u00e0 Berlin \u00e0 c\u00f4t\u00e9 d&#039;un guide priv\u00e9 sp\u00e9cialis\u00e9 dans l&#039;art. Explorez l&#039;un des sites d&#039;art les plus merveilleux d&#039;Allemagne.\" \/>\n<meta property=\"og:url\" content=\"https:\/\/tourtravelandmore.com\/fr\/tours\/allemagne-fr\/berlin-fr\/visite-guidee-privee-de-lile-aux-musees\/\" \/>\n<meta property=\"og:site_name\" content=\"Tour Travel And More\" \/>\n<meta property=\"article:publisher\" content=\"https:\/\/www.facebook.com\/tourtravelandmore\/\" \/>\n<meta property=\"article:modified_time\" content=\"2021-03-11T20:24:02+00:00\" \/>\n<meta property=\"og:image\" content=\"https:\/\/tourtravelandmore.com\/wp-content\/uploads\/2019\/09\/neues-museum-min.jpg\" \/>\n\t<meta property=\"og:image:width\" content=\"1024\" \/>\n\t<meta property=\"og:image:height\" content=\"1024\" \/>\n\t<meta property=\"og:image:type\" content=\"image\/jpeg\" \/>\n<meta name=\"twitter:card\" content=\"summary_large_image\" \/>\n<meta name=\"twitter:site\" content=\"@TourTravel_More\" \/>\n<meta name=\"twitter:label1\" content=\"Dur\u00e9e de lecture estim\u00e9e\" \/>\n\t<meta name=\"twitter:data1\" content=\"2 minutes\" \/>\n<script type=\"application\/ld+json\" class=\"yoast-schema-graph\">{\"@context\":\"https:\/\/schema.org\",\"@graph\":[{\"@type\":\"WebPage\",\"@id\":\"https:\/\/tourtravelandmore.com\/fr\/tours\/allemagne-fr\/berlin-fr\/visite-guidee-privee-de-lile-aux-musees\/\",\"url\":\"https:\/\/tourtravelandmore.com\/fr\/tours\/allemagne-fr\/berlin-fr\/visite-guidee-privee-de-lile-aux-musees\/\",\"name\":\"Visite priv\u00e9e de l'\u00eele des mus\u00e9es \u00e0 Berlin avec un guide sp\u00e9cialis\u00e9 en art\",\"isPartOf\":{\"@id\":\"https:\/\/tourtravelandmore.com\/fr\/#website\"},\"primaryImageOfPage\":{\"@id\":\"https:\/\/tourtravelandmore.com\/fr\/tours\/allemagne-fr\/berlin-fr\/visite-guidee-privee-de-lile-aux-musees\/#primaryimage\"},\"image\":{\"@id\":\"https:\/\/tourtravelandmore.com\/fr\/tours\/allemagne-fr\/berlin-fr\/visite-guidee-privee-de-lile-aux-musees\/#primaryimage\"},\"thumbnailUrl\":\"https:\/\/tourtravelandmore.com\/wp-content\/uploads\/2019\/09\/neues-museum-min.jpg\",\"datePublished\":\"2019-09-01T20:51:24+00:00\",\"dateModified\":\"2021-03-11T20:24:02+00:00\",\"description\":\"Profitez d'une visite priv\u00e9e de l'\u00eele des mus\u00e9es \u00e0 Berlin \u00e0 c\u00f4t\u00e9 d'un guide priv\u00e9 sp\u00e9cialis\u00e9 dans l'art. Explorez l'un des sites d'art les plus merveilleux d'Allemagne.\",\"breadcrumb\":{\"@id\":\"https:\/\/tourtravelandmore.com\/fr\/tours\/allemagne-fr\/berlin-fr\/visite-guidee-privee-de-lile-aux-musees\/#breadcrumb\"},\"inLanguage\":\"fr-FR\",\"potentialAction\":[{\"@type\":\"ReadAction\",\"target\":[\"https:\/\/tourtravelandmore.com\/fr\/tours\/allemagne-fr\/berlin-fr\/visite-guidee-privee-de-lile-aux-musees\/\"]}]},{\"@type\":\"ImageObject\",\"inLanguage\":\"fr-FR\",\"@id\":\"https:\/\/tourtravelandmore.com\/fr\/tours\/allemagne-fr\/berlin-fr\/visite-guidee-privee-de-lile-aux-musees\/#primaryimage\",\"url\":\"https:\/\/tourtravelandmore.com\/wp-content\/uploads\/2019\/09\/neues-museum-min.jpg\",\"contentUrl\":\"https:\/\/tourtravelandmore.com\/wp-content\/uploads\/2019\/09\/neues-museum-min.jpg\",\"width\":1024,\"height\":1024},{\"@type\":\"BreadcrumbList\",\"@id\":\"https:\/\/tourtravelandmore.com\/fr\/tours\/allemagne-fr\/berlin-fr\/visite-guidee-privee-de-lile-aux-musees\/#breadcrumb\",\"itemListElement\":[{\"@type\":\"ListItem\",\"position\":1,\"name\":\"Home\",\"item\":\"https:\/\/tourtravelandmore.com\/fr\/\"},{\"@type\":\"ListItem\",\"position\":2,\"name\":\"Tours\",\"item\":\"https:\/\/tourtravelandmore.com\/fr\/tours\/\"},{\"@type\":\"ListItem\",\"position\":3,\"name\":\"Visite guid\u00e9e priv\u00e9e de l&rsquo;\u00eele aux mus\u00e9es\"}]},{\"@type\":\"WebSite\",\"@id\":\"https:\/\/tourtravelandmore.com\/fr\/#website\",\"url\":\"https:\/\/tourtravelandmore.com\/fr\/\",\"name\":\"Tour Travel And More\",\"description\":\"Private sightseeing tours and luxury transfers in Spain\",\"publisher\":{\"@id\":\"https:\/\/tourtravelandmore.com\/fr\/#organization\"},\"potentialAction\":[{\"@type\":\"SearchAction\",\"target\":{\"@type\":\"EntryPoint\",\"urlTemplate\":\"https:\/\/tourtravelandmore.com\/fr\/?s={search_term_string}\"},\"query-input\":{\"@type\":\"PropertyValueSpecification\",\"valueRequired\":true,\"valueName\":\"search_term_string\"}}],\"inLanguage\":\"fr-FR\"},{\"@type\":\"Organization\",\"@id\":\"https:\/\/tourtravelandmore.com\/fr\/#organization\",\"name\":\"Tour Travel And More\",\"url\":\"https:\/\/tourtravelandmore.com\/fr\/\",\"logo\":{\"@type\":\"ImageObject\",\"inLanguage\":\"fr-FR\",\"@id\":\"https:\/\/tourtravelandmore.com\/fr\/#\/schema\/logo\/image\/\",\"url\":\"https:\/\/tourtravelandmore.com\/wp-content\/uploads\/2022\/12\/cropped-logo-cabecera-new.png\",\"contentUrl\":\"https:\/\/tourtravelandmore.com\/wp-content\/uploads\/2022\/12\/cropped-logo-cabecera-new.png\",\"width\":430,\"height\":61,\"caption\":\"Tour Travel And More\"},\"image\":{\"@id\":\"https:\/\/tourtravelandmore.com\/fr\/#\/schema\/logo\/image\/\"},\"sameAs\":[\"https:\/\/www.facebook.com\/tourtravelandmore\/\",\"https:\/\/x.com\/TourTravel_More\"]}]}<\/script>\n<!-- \/ Yoast SEO Premium plugin. -->","yoast_head_json":{"title":"Visite priv\u00e9e de l'\u00eele des mus\u00e9es \u00e0 Berlin avec un guide sp\u00e9cialis\u00e9 en art","description":"Profitez d'une visite priv\u00e9e de l'\u00eele des mus\u00e9es \u00e0 Berlin \u00e0 c\u00f4t\u00e9 d'un guide priv\u00e9 sp\u00e9cialis\u00e9 dans l'art. Explorez l'un des sites d'art les plus merveilleux d'Allemagne.","robots":{"index":"index","follow":"follow","max-snippet":"max-snippet:-1","max-image-preview":"max-image-preview:large","max-video-preview":"max-video-preview:-1"},"canonical":"https:\/\/tourtravelandmore.com\/fr\/tours\/allemagne-fr\/berlin-fr\/visite-guidee-privee-de-lile-aux-musees\/","og_locale":"fr_FR","og_type":"article","og_title":"Visite guid\u00e9e priv\u00e9e de l'\u00eele aux mus\u00e9es","og_description":"Profitez d'une visite priv\u00e9e de l'\u00eele des mus\u00e9es \u00e0 Berlin \u00e0 c\u00f4t\u00e9 d'un guide priv\u00e9 sp\u00e9cialis\u00e9 dans l'art. Explorez l'un des sites d'art les plus merveilleux d'Allemagne.","og_url":"https:\/\/tourtravelandmore.com\/fr\/tours\/allemagne-fr\/berlin-fr\/visite-guidee-privee-de-lile-aux-musees\/","og_site_name":"Tour Travel And More","article_publisher":"https:\/\/www.facebook.com\/tourtravelandmore\/","article_modified_time":"2021-03-11T20:24:02+00:00","og_image":[{"width":1024,"height":1024,"url":"https:\/\/tourtravelandmore.com\/wp-content\/uploads\/2019\/09\/neues-museum-min.jpg","type":"image\/jpeg"}],"twitter_card":"summary_large_image","twitter_site":"@TourTravel_More","twitter_misc":{"Dur\u00e9e de lecture estim\u00e9e":"2 minutes"},"schema":{"@context":"https:\/\/schema.org","@graph":[{"@type":"WebPage","@id":"https:\/\/tourtravelandmore.com\/fr\/tours\/allemagne-fr\/berlin-fr\/visite-guidee-privee-de-lile-aux-musees\/","url":"https:\/\/tourtravelandmore.com\/fr\/tours\/allemagne-fr\/berlin-fr\/visite-guidee-privee-de-lile-aux-musees\/","name":"Visite priv\u00e9e de l'\u00eele des mus\u00e9es \u00e0 Berlin avec un guide sp\u00e9cialis\u00e9 en art","isPartOf":{"@id":"https:\/\/tourtravelandmore.com\/fr\/#website"},"primaryImageOfPage":{"@id":"https:\/\/tourtravelandmore.com\/fr\/tours\/allemagne-fr\/berlin-fr\/visite-guidee-privee-de-lile-aux-musees\/#primaryimage"},"image":{"@id":"https:\/\/tourtravelandmore.com\/fr\/tours\/allemagne-fr\/berlin-fr\/visite-guidee-privee-de-lile-aux-musees\/#primaryimage"},"thumbnailUrl":"https:\/\/tourtravelandmore.com\/wp-content\/uploads\/2019\/09\/neues-museum-min.jpg","datePublished":"2019-09-01T20:51:24+00:00","dateModified":"2021-03-11T20:24:02+00:00","description":"Profitez d'une visite priv\u00e9e de l'\u00eele des mus\u00e9es \u00e0 Berlin \u00e0 c\u00f4t\u00e9 d'un guide priv\u00e9 sp\u00e9cialis\u00e9 dans l'art. Explorez l'un des sites d'art les plus merveilleux d'Allemagne.","breadcrumb":{"@id":"https:\/\/tourtravelandmore.com\/fr\/tours\/allemagne-fr\/berlin-fr\/visite-guidee-privee-de-lile-aux-musees\/#breadcrumb"},"inLanguage":"fr-FR","potentialAction":[{"@type":"ReadAction","target":["https:\/\/tourtravelandmore.com\/fr\/tours\/allemagne-fr\/berlin-fr\/visite-guidee-privee-de-lile-aux-musees\/"]}]},{"@type":"ImageObject","inLanguage":"fr-FR","@id":"https:\/\/tourtravelandmore.com\/fr\/tours\/allemagne-fr\/berlin-fr\/visite-guidee-privee-de-lile-aux-musees\/#primaryimage","url":"https:\/\/tourtravelandmore.com\/wp-content\/uploads\/2019\/09\/neues-museum-min.jpg","contentUrl":"https:\/\/tourtravelandmore.com\/wp-content\/uploads\/2019\/09\/neues-museum-min.jpg","width":1024,"height":1024},{"@type":"BreadcrumbList","@id":"https:\/\/tourtravelandmore.com\/fr\/tours\/allemagne-fr\/berlin-fr\/visite-guidee-privee-de-lile-aux-musees\/#breadcrumb","itemListElement":[{"@type":"ListItem","position":1,"name":"Home","item":"https:\/\/tourtravelandmore.com\/fr\/"},{"@type":"ListItem","position":2,"name":"Tours","item":"https:\/\/tourtravelandmore.com\/fr\/tours\/"},{"@type":"ListItem","position":3,"name":"Visite guid\u00e9e priv\u00e9e de l&rsquo;\u00eele aux mus\u00e9es"}]},{"@type":"WebSite","@id":"https:\/\/tourtravelandmore.com\/fr\/#website","url":"https:\/\/tourtravelandmore.com\/fr\/","name":"Tour Travel And More","description":"Private sightseeing tours and luxury transfers in Spain","publisher":{"@id":"https:\/\/tourtravelandmore.com\/fr\/#organization"},"potentialAction":[{"@type":"SearchAction","target":{"@type":"EntryPoint","urlTemplate":"https:\/\/tourtravelandmore.com\/fr\/?s={search_term_string}"},"query-input":{"@type":"PropertyValueSpecification","valueRequired":true,"valueName":"search_term_string"}}],"inLanguage":"fr-FR"},{"@type":"Organization","@id":"https:\/\/tourtravelandmore.com\/fr\/#organization","name":"Tour Travel And More","url":"https:\/\/tourtravelandmore.com\/fr\/","logo":{"@type":"ImageObject","inLanguage":"fr-FR","@id":"https:\/\/tourtravelandmore.com\/fr\/#\/schema\/logo\/image\/","url":"https:\/\/tourtravelandmore.com\/wp-content\/uploads\/2022\/12\/cropped-logo-cabecera-new.png","contentUrl":"https:\/\/tourtravelandmore.com\/wp-content\/uploads\/2022\/12\/cropped-logo-cabecera-new.png","width":430,"height":61,"caption":"Tour Travel And More"},"image":{"@id":"https:\/\/tourtravelandmore.com\/fr\/#\/schema\/logo\/image\/"},"sameAs":["https:\/\/www.facebook.com\/tourtravelandmore\/","https:\/\/x.com\/TourTravel_More"]}]}},"_links":{"self":[{"href":"https:\/\/tourtravelandmore.com\/fr\/wp-json\/wp\/v2\/product\/102676","targetHints":{"allow":["GET"]}}],"collection":[{"href":"https:\/\/tourtravelandmore.com\/fr\/wp-json\/wp\/v2\/product"}],"about":[{"href":"https:\/\/tourtravelandmore.com\/fr\/wp-json\/wp\/v2\/types\/product"}],"replies":[{"embeddable":true,"href":"https:\/\/tourtravelandmore.com\/fr\/wp-json\/wp\/v2\/comments?post=102676"}],"wp:featuredmedia":[{"embeddable":true,"href":"https:\/\/tourtravelandmore.com\/fr\/wp-json\/wp\/v2\/media\/98364"}],"wp:attachment":[{"href":"https:\/\/tourtravelandmore.com\/fr\/wp-json\/wp\/v2\/media?parent=102676"}],"wp:term":[{"taxonomy":"product_brand","embeddable":true,"href":"https:\/\/tourtravelandmore.com\/fr\/wp-json\/wp\/v2\/product_brand?post=102676"},{"taxonomy":"product_cat","embeddable":true,"href":"https:\/\/tourtravelandmore.com\/fr\/wp-json\/wp\/v2\/product_cat?post=102676"},{"taxonomy":"product_tag","embeddable":true,"href":"https:\/\/tourtravelandmore.com\/fr\/wp-json\/wp\/v2\/product_tag?post=102676"}],"curies":[{"name":"wp","href":"https:\/\/api.w.org\/{rel}","templated":true}]}}