{"id":102669,"date":"2017-04-04T12:25:38","date_gmt":"2017-04-04T10:25:38","guid":{"rendered":"https:\/\/tourtravelandmore.com\/tours\/non%20class\u00e9\/visite-privee-a-pied-des-points-forts-de-berlin\/"},"modified":"2021-03-11T21:18:28","modified_gmt":"2021-03-11T20:18:28","slug":"visite-privee-a-pied-des-points-forts-de-berlin","status":"publish","type":"product","link":"https:\/\/tourtravelandmore.com\/fr\/tours\/allemagne-fr\/berlin-fr\/visite-privee-a-pied-des-points-forts-de-berlin\/","title":{"rendered":"Visite priv\u00e9e \u00e0 pied des points forts de Berlin"},"content":{"rendered":"<h2>Description<\/h2>\n<p>Profitez et d\u00e9couvrez la merveilleuse architecture et les sites historiques de Berlin lors de cette visite priv\u00e9e \u00e0 pied de Berlin \u00e0 c\u00f4t\u00e9 de votre guide officiel priv\u00e9.<\/p>\n<p>Votre visite priv\u00e9e commencera \u00e0 votre h\u00f4tel ou \u00e0 un point de rendez-vous central. Il existe de nombreuses options pour une visite \u00e0 pied de Berlin. En plus d&#8217;\u00eatre une grande ville, Berlin a aussi beaucoup d&#8217;endroits \u00e0 visiter. En fonction de cela, nous pouvons lancer la tourn\u00e9e dans un endroit diff\u00e9rent.<\/p>\n<p>Comme toutes nos visites, cette visite priv\u00e9e \u00e0 pied de Berlin est une visite enti\u00e8rement personnalisable. Contactez-nous et un membre de notre \u00e9quipe pour vous aider \u00e0 organiser une exp\u00e9rience sur mesure. Dans notre \u00e9quipe de guides, nous avons des guides exp\u00e9riment\u00e9s dans chaque domaine et int\u00e9r\u00eat particulier de la ville.<\/p>\n<p>La dur\u00e9e exacte de votre visite \u00e0 pied est ajustable en fonction de vos int\u00e9r\u00eats. Notre visite priv\u00e9e \u00e0 pied de Berlin peut durer de 2 \u00e0 8 heures.<\/p>\n<h2>Sites d&#8217;int\u00e9r\u00eat et points de rep\u00e8re<\/h2>\n<p>Berlin est la plus grande ville d&#8217;Allemagne, tant en superficie qu&#8217;en population. C&#8217;est aussi la capitale du pays et l&#8217;une des villes les plus historiques de tout le continent. Comme dit, il existe diverses visites \u00e0 pied dont vous pouvez profiter \u00e0 Berlin, mais il y en a 3 principales que vous pouvez soit les faire ensemble en une journ\u00e9e compl\u00e8te, soit les s\u00e9parer en circuits plus courts.<\/p>\n<h4>Centre historique et porte de Brandebourg<\/h4>\n<p>Au cours de cette visite \u00e0 pied, vous explorerez la vieille ville de Berlin (ancienne Berlin-Est) et les environs de l&#8217;avenue Unter den Linden et de la porte de Brandebourg.<\/p>\n<ul>\n<li>B\u00e2timent du Reichstag<\/li>\n<li>Friedrichstrasse<\/li>\n<li>March\u00e9 des gendarmes<\/li>\n<li>Ancienne salle de concert<\/li>\n<li>Place du Palais<\/li>\n<li>Place Alexandre<\/li>\n<li>Cath\u00e9drale de Berlin<\/li>\n<li>\u00cele aux mus\u00e9es<\/li>\n<li>Unter den Linden<\/li>\n<li>Ancienne armurerie<\/li>\n<li>Op\u00e9ra des \u00c9tats-Unis<\/li>\n<\/ul>\n<p>Si vous souhaitez voir des sites suppl\u00e9mentaires, nous pouvons vous proposer des heures suppl\u00e9mentaires ou m\u00eame un v\u00e9hicule priv\u00e9 avec chauffeur pour rendre votre exp\u00e9rience parfaite.<\/p>\n<p><strong>Sites juifs<\/strong><br \/>\nCette visite \u00e0 pied vous m\u00e8nera \u00e0 travers deux des vieux quartiers de Berlin; le quartier des granges et la banlieue de Spandauer (Spandauer Vorstadt).<\/p>\n<ul>\n<li>M\u00e9morial \u00e0 la manifestation des femmes<\/li>\n<li>Ancien quartier juif et rues<\/li>\n<li>Hackesche H\u00f6fe &#8211; Le plus grand ensemble d&#8217;arri\u00e8re-cours d&#8217;Allemagne<\/li>\n<li>Le plus ancien cimeti\u00e8re juif avec la tombe de Mo\u00efse Mendelssohn<\/li>\n<li>Ancienne \u00e9cole de gar\u00e7ons juifs<\/li>\n<li>Usine de balais et brosses d&#8217;Otto Weidt (entr\u00e9e gratuite)<\/li>\n<li>M\u00e9morial du pogrom de novembre (la salle abandonn\u00e9e)<\/li>\n<li>Nouvelle synagogue sur la rue Oranienburger (construction de 1866)<\/li>\n<\/ul>\n<p>Si vous souhaitez voir des sites suppl\u00e9mentaires, nous pouvons vous proposer des heures suppl\u00e9mentaires ou m\u00eame un v\u00e9hicule priv\u00e9 avec chauffeur pour rendre votre exp\u00e9rience parfaite.<\/p>\n<p><strong>Le mur et les sites du III Reich et de la guerre froide<\/strong><br \/>\nPour cette visite \u00e0 pied, vous pouvez commencer par la c\u00e9l\u00e8bre porte de Brandebourg de Berlin et visiter le Reichstag (Parlement) avec son nouveau d\u00f4me merveilleux; vous ferez une promenade devant le nouveau m\u00e9morial de l&#8217;Holocauste et visiterez le site du bunker d&#8217;Hitler. \u00c9coutez et apprenez l&#8217;histoire compl\u00e8te et d\u00e9couvrez pourquoi il ne reste plus rien \u00e0 voir.<br \/>\nVous verrez ensuite comment Berlin du XXIe si\u00e8cle prend forme sur la Potsdamer Platz et d\u00e9couvrirez o\u00f9 se trouvaient les SS nazis et le QG de la Gestapo. Enfin, vous verrez le mur de Berlin et suivrez la bande de la mort jusqu&#8217;\u00e0 Checkpoint Charlie.<\/p>\n<p>Contactez-nous et notre \u00e9quipe d&#8217;experts vous aidera \u00e0 organiser une visite priv\u00e9e \u00e0 pied de Berlin sur mesure.<\/p>\n","protected":false},"excerpt":{"rendered":"<p>Profitez de cette visite priv\u00e9e \u00e0 pied de Berlin enti\u00e8rement sur mesure et d\u00e9couvrez cette ville merveilleuse aux c\u00f4t\u00e9s d&#8217;un expert local. Tirez le meilleur parti de votre visite \u00e0 Berlin et explorez la ville avec un expert local. Vous pouvez choisir parmi notre offre de visites \u00e0 pied priv\u00e9es: Centre historique et porte de Brandebourg, sites juifs ou Le mur et les sites du III Reich et de la guerre froide.<\/p>\n","protected":false},"featured_media":94261,"comment_status":"open","ping_status":"closed","template":"","meta":{"_acf_changed":false},"product_brand":[],"product_cat":[3758],"product_tag":[],"class_list":{"0":"post-102669","1":"product","2":"type-product","3":"status-publish","4":"has-post-thumbnail","6":"product_cat-berlin-fr","8":"first","9":"instock","10":"shipping-taxable","11":"purchasable","12":"product-type-simple"},"acf":[],"yoast_head":"<!-- This site is optimized with the Yoast SEO Premium plugin v25.3.1 (Yoast SEO v25.3.1) - https:\/\/yoast.com\/wordpress\/plugins\/seo\/ -->\n<title>Visite priv\u00e9e \u00e0 pied de Berlin avec un guide agr\u00e9\u00e9<\/title>\n<meta name=\"description\" content=\"D\u00e9couvrez l&#039;architecture et les sites historiques de Berlin lors de cette visite priv\u00e9e \u00e0 pied de Berlin \u00e0 c\u00f4t\u00e9 d&#039;un guide local agr\u00e9\u00e9\" \/>\n<meta name=\"robots\" content=\"index, follow, max-snippet:-1, max-image-preview:large, max-video-preview:-1\" \/>\n<link rel=\"canonical\" href=\"https:\/\/tourtravelandmore.com\/fr\/tours\/allemagne-fr\/berlin-fr\/visite-privee-a-pied-des-points-forts-de-berlin\/\" \/>\n<meta property=\"og:locale\" content=\"fr_FR\" \/>\n<meta property=\"og:type\" content=\"article\" \/>\n<meta property=\"og:title\" content=\"Visite priv\u00e9e \u00e0 pied des points forts de Berlin\" \/>\n<meta property=\"og:description\" content=\"D\u00e9couvrez l&#039;architecture et les sites historiques de Berlin lors de cette visite priv\u00e9e \u00e0 pied de Berlin \u00e0 c\u00f4t\u00e9 d&#039;un guide local agr\u00e9\u00e9\" \/>\n<meta property=\"og:url\" content=\"https:\/\/tourtravelandmore.com\/fr\/tours\/allemagne-fr\/berlin-fr\/visite-privee-a-pied-des-points-forts-de-berlin\/\" \/>\n<meta property=\"og:site_name\" content=\"Tour Travel And More\" \/>\n<meta property=\"article:publisher\" content=\"https:\/\/www.facebook.com\/tourtravelandmore\/\" \/>\n<meta property=\"article:modified_time\" content=\"2021-03-11T20:18:28+00:00\" \/>\n<meta property=\"og:image\" content=\"https:\/\/tourtravelandmore.com\/wp-content\/uploads\/2017\/04\/berlin-1800301_960_720.jpg\" \/>\n\t<meta property=\"og:image:width\" content=\"960\" \/>\n\t<meta property=\"og:image:height\" content=\"638\" \/>\n\t<meta property=\"og:image:type\" content=\"image\/jpeg\" \/>\n<meta name=\"twitter:card\" content=\"summary_large_image\" \/>\n<meta name=\"twitter:site\" content=\"@TourTravel_More\" \/>\n<meta name=\"twitter:label1\" content=\"Dur\u00e9e de lecture estim\u00e9e\" \/>\n\t<meta name=\"twitter:data1\" content=\"3 minutes\" \/>\n<script type=\"application\/ld+json\" class=\"yoast-schema-graph\">{\"@context\":\"https:\/\/schema.org\",\"@graph\":[{\"@type\":\"WebPage\",\"@id\":\"https:\/\/tourtravelandmore.com\/fr\/tours\/allemagne-fr\/berlin-fr\/visite-privee-a-pied-des-points-forts-de-berlin\/\",\"url\":\"https:\/\/tourtravelandmore.com\/fr\/tours\/allemagne-fr\/berlin-fr\/visite-privee-a-pied-des-points-forts-de-berlin\/\",\"name\":\"Visite priv\u00e9e \u00e0 pied de Berlin avec un guide agr\u00e9\u00e9\",\"isPartOf\":{\"@id\":\"https:\/\/tourtravelandmore.com\/fr\/#website\"},\"primaryImageOfPage\":{\"@id\":\"https:\/\/tourtravelandmore.com\/fr\/tours\/allemagne-fr\/berlin-fr\/visite-privee-a-pied-des-points-forts-de-berlin\/#primaryimage\"},\"image\":{\"@id\":\"https:\/\/tourtravelandmore.com\/fr\/tours\/allemagne-fr\/berlin-fr\/visite-privee-a-pied-des-points-forts-de-berlin\/#primaryimage\"},\"thumbnailUrl\":\"https:\/\/tourtravelandmore.com\/wp-content\/uploads\/2017\/04\/berlin-1800301_960_720.jpg\",\"datePublished\":\"2017-04-04T10:25:38+00:00\",\"dateModified\":\"2021-03-11T20:18:28+00:00\",\"description\":\"D\u00e9couvrez l'architecture et les sites historiques de Berlin lors de cette visite priv\u00e9e \u00e0 pied de Berlin \u00e0 c\u00f4t\u00e9 d'un guide local agr\u00e9\u00e9\",\"breadcrumb\":{\"@id\":\"https:\/\/tourtravelandmore.com\/fr\/tours\/allemagne-fr\/berlin-fr\/visite-privee-a-pied-des-points-forts-de-berlin\/#breadcrumb\"},\"inLanguage\":\"fr-FR\",\"potentialAction\":[{\"@type\":\"ReadAction\",\"target\":[\"https:\/\/tourtravelandmore.com\/fr\/tours\/allemagne-fr\/berlin-fr\/visite-privee-a-pied-des-points-forts-de-berlin\/\"]}]},{\"@type\":\"ImageObject\",\"inLanguage\":\"fr-FR\",\"@id\":\"https:\/\/tourtravelandmore.com\/fr\/tours\/allemagne-fr\/berlin-fr\/visite-privee-a-pied-des-points-forts-de-berlin\/#primaryimage\",\"url\":\"https:\/\/tourtravelandmore.com\/wp-content\/uploads\/2017\/04\/berlin-1800301_960_720.jpg\",\"contentUrl\":\"https:\/\/tourtravelandmore.com\/wp-content\/uploads\/2017\/04\/berlin-1800301_960_720.jpg\",\"width\":960,\"height\":638},{\"@type\":\"BreadcrumbList\",\"@id\":\"https:\/\/tourtravelandmore.com\/fr\/tours\/allemagne-fr\/berlin-fr\/visite-privee-a-pied-des-points-forts-de-berlin\/#breadcrumb\",\"itemListElement\":[{\"@type\":\"ListItem\",\"position\":1,\"name\":\"Home\",\"item\":\"https:\/\/tourtravelandmore.com\/fr\/\"},{\"@type\":\"ListItem\",\"position\":2,\"name\":\"Tours\",\"item\":\"https:\/\/tourtravelandmore.com\/fr\/tours\/\"},{\"@type\":\"ListItem\",\"position\":3,\"name\":\"Visite priv\u00e9e \u00e0 pied des points forts de Berlin\"}]},{\"@type\":\"WebSite\",\"@id\":\"https:\/\/tourtravelandmore.com\/fr\/#website\",\"url\":\"https:\/\/tourtravelandmore.com\/fr\/\",\"name\":\"Tour Travel And More\",\"description\":\"Private sightseeing tours and luxury transfers in Spain\",\"publisher\":{\"@id\":\"https:\/\/tourtravelandmore.com\/fr\/#organization\"},\"potentialAction\":[{\"@type\":\"SearchAction\",\"target\":{\"@type\":\"EntryPoint\",\"urlTemplate\":\"https:\/\/tourtravelandmore.com\/fr\/?s={search_term_string}\"},\"query-input\":{\"@type\":\"PropertyValueSpecification\",\"valueRequired\":true,\"valueName\":\"search_term_string\"}}],\"inLanguage\":\"fr-FR\"},{\"@type\":\"Organization\",\"@id\":\"https:\/\/tourtravelandmore.com\/fr\/#organization\",\"name\":\"Tour Travel And More\",\"url\":\"https:\/\/tourtravelandmore.com\/fr\/\",\"logo\":{\"@type\":\"ImageObject\",\"inLanguage\":\"fr-FR\",\"@id\":\"https:\/\/tourtravelandmore.com\/fr\/#\/schema\/logo\/image\/\",\"url\":\"https:\/\/tourtravelandmore.com\/wp-content\/uploads\/2022\/12\/cropped-logo-cabecera-new.png\",\"contentUrl\":\"https:\/\/tourtravelandmore.com\/wp-content\/uploads\/2022\/12\/cropped-logo-cabecera-new.png\",\"width\":430,\"height\":61,\"caption\":\"Tour Travel And More\"},\"image\":{\"@id\":\"https:\/\/tourtravelandmore.com\/fr\/#\/schema\/logo\/image\/\"},\"sameAs\":[\"https:\/\/www.facebook.com\/tourtravelandmore\/\",\"https:\/\/x.com\/TourTravel_More\"]}]}<\/script>\n<!-- \/ Yoast SEO Premium plugin. -->","yoast_head_json":{"title":"Visite priv\u00e9e \u00e0 pied de Berlin avec un guide agr\u00e9\u00e9","description":"D\u00e9couvrez l'architecture et les sites historiques de Berlin lors de cette visite priv\u00e9e \u00e0 pied de Berlin \u00e0 c\u00f4t\u00e9 d'un guide local agr\u00e9\u00e9","robots":{"index":"index","follow":"follow","max-snippet":"max-snippet:-1","max-image-preview":"max-image-preview:large","max-video-preview":"max-video-preview:-1"},"canonical":"https:\/\/tourtravelandmore.com\/fr\/tours\/allemagne-fr\/berlin-fr\/visite-privee-a-pied-des-points-forts-de-berlin\/","og_locale":"fr_FR","og_type":"article","og_title":"Visite priv\u00e9e \u00e0 pied des points forts de Berlin","og_description":"D\u00e9couvrez l'architecture et les sites historiques de Berlin lors de cette visite priv\u00e9e \u00e0 pied de Berlin \u00e0 c\u00f4t\u00e9 d'un guide local agr\u00e9\u00e9","og_url":"https:\/\/tourtravelandmore.com\/fr\/tours\/allemagne-fr\/berlin-fr\/visite-privee-a-pied-des-points-forts-de-berlin\/","og_site_name":"Tour Travel And More","article_publisher":"https:\/\/www.facebook.com\/tourtravelandmore\/","article_modified_time":"2021-03-11T20:18:28+00:00","og_image":[{"width":960,"height":638,"url":"https:\/\/tourtravelandmore.com\/wp-content\/uploads\/2017\/04\/berlin-1800301_960_720.jpg","type":"image\/jpeg"}],"twitter_card":"summary_large_image","twitter_site":"@TourTravel_More","twitter_misc":{"Dur\u00e9e de lecture estim\u00e9e":"3 minutes"},"schema":{"@context":"https:\/\/schema.org","@graph":[{"@type":"WebPage","@id":"https:\/\/tourtravelandmore.com\/fr\/tours\/allemagne-fr\/berlin-fr\/visite-privee-a-pied-des-points-forts-de-berlin\/","url":"https:\/\/tourtravelandmore.com\/fr\/tours\/allemagne-fr\/berlin-fr\/visite-privee-a-pied-des-points-forts-de-berlin\/","name":"Visite priv\u00e9e \u00e0 pied de Berlin avec un guide agr\u00e9\u00e9","isPartOf":{"@id":"https:\/\/tourtravelandmore.com\/fr\/#website"},"primaryImageOfPage":{"@id":"https:\/\/tourtravelandmore.com\/fr\/tours\/allemagne-fr\/berlin-fr\/visite-privee-a-pied-des-points-forts-de-berlin\/#primaryimage"},"image":{"@id":"https:\/\/tourtravelandmore.com\/fr\/tours\/allemagne-fr\/berlin-fr\/visite-privee-a-pied-des-points-forts-de-berlin\/#primaryimage"},"thumbnailUrl":"https:\/\/tourtravelandmore.com\/wp-content\/uploads\/2017\/04\/berlin-1800301_960_720.jpg","datePublished":"2017-04-04T10:25:38+00:00","dateModified":"2021-03-11T20:18:28+00:00","description":"D\u00e9couvrez l'architecture et les sites historiques de Berlin lors de cette visite priv\u00e9e \u00e0 pied de Berlin \u00e0 c\u00f4t\u00e9 d'un guide local agr\u00e9\u00e9","breadcrumb":{"@id":"https:\/\/tourtravelandmore.com\/fr\/tours\/allemagne-fr\/berlin-fr\/visite-privee-a-pied-des-points-forts-de-berlin\/#breadcrumb"},"inLanguage":"fr-FR","potentialAction":[{"@type":"ReadAction","target":["https:\/\/tourtravelandmore.com\/fr\/tours\/allemagne-fr\/berlin-fr\/visite-privee-a-pied-des-points-forts-de-berlin\/"]}]},{"@type":"ImageObject","inLanguage":"fr-FR","@id":"https:\/\/tourtravelandmore.com\/fr\/tours\/allemagne-fr\/berlin-fr\/visite-privee-a-pied-des-points-forts-de-berlin\/#primaryimage","url":"https:\/\/tourtravelandmore.com\/wp-content\/uploads\/2017\/04\/berlin-1800301_960_720.jpg","contentUrl":"https:\/\/tourtravelandmore.com\/wp-content\/uploads\/2017\/04\/berlin-1800301_960_720.jpg","width":960,"height":638},{"@type":"BreadcrumbList","@id":"https:\/\/tourtravelandmore.com\/fr\/tours\/allemagne-fr\/berlin-fr\/visite-privee-a-pied-des-points-forts-de-berlin\/#breadcrumb","itemListElement":[{"@type":"ListItem","position":1,"name":"Home","item":"https:\/\/tourtravelandmore.com\/fr\/"},{"@type":"ListItem","position":2,"name":"Tours","item":"https:\/\/tourtravelandmore.com\/fr\/tours\/"},{"@type":"ListItem","position":3,"name":"Visite priv\u00e9e \u00e0 pied des points forts de Berlin"}]},{"@type":"WebSite","@id":"https:\/\/tourtravelandmore.com\/fr\/#website","url":"https:\/\/tourtravelandmore.com\/fr\/","name":"Tour Travel And More","description":"Private sightseeing tours and luxury transfers in Spain","publisher":{"@id":"https:\/\/tourtravelandmore.com\/fr\/#organization"},"potentialAction":[{"@type":"SearchAction","target":{"@type":"EntryPoint","urlTemplate":"https:\/\/tourtravelandmore.com\/fr\/?s={search_term_string}"},"query-input":{"@type":"PropertyValueSpecification","valueRequired":true,"valueName":"search_term_string"}}],"inLanguage":"fr-FR"},{"@type":"Organization","@id":"https:\/\/tourtravelandmore.com\/fr\/#organization","name":"Tour Travel And More","url":"https:\/\/tourtravelandmore.com\/fr\/","logo":{"@type":"ImageObject","inLanguage":"fr-FR","@id":"https:\/\/tourtravelandmore.com\/fr\/#\/schema\/logo\/image\/","url":"https:\/\/tourtravelandmore.com\/wp-content\/uploads\/2022\/12\/cropped-logo-cabecera-new.png","contentUrl":"https:\/\/tourtravelandmore.com\/wp-content\/uploads\/2022\/12\/cropped-logo-cabecera-new.png","width":430,"height":61,"caption":"Tour Travel And More"},"image":{"@id":"https:\/\/tourtravelandmore.com\/fr\/#\/schema\/logo\/image\/"},"sameAs":["https:\/\/www.facebook.com\/tourtravelandmore\/","https:\/\/x.com\/TourTravel_More"]}]}},"_links":{"self":[{"href":"https:\/\/tourtravelandmore.com\/fr\/wp-json\/wp\/v2\/product\/102669","targetHints":{"allow":["GET"]}}],"collection":[{"href":"https:\/\/tourtravelandmore.com\/fr\/wp-json\/wp\/v2\/product"}],"about":[{"href":"https:\/\/tourtravelandmore.com\/fr\/wp-json\/wp\/v2\/types\/product"}],"replies":[{"embeddable":true,"href":"https:\/\/tourtravelandmore.com\/fr\/wp-json\/wp\/v2\/comments?post=102669"}],"wp:featuredmedia":[{"embeddable":true,"href":"https:\/\/tourtravelandmore.com\/fr\/wp-json\/wp\/v2\/media\/94261"}],"wp:attachment":[{"href":"https:\/\/tourtravelandmore.com\/fr\/wp-json\/wp\/v2\/media?parent=102669"}],"wp:term":[{"taxonomy":"product_brand","embeddable":true,"href":"https:\/\/tourtravelandmore.com\/fr\/wp-json\/wp\/v2\/product_brand?post=102669"},{"taxonomy":"product_cat","embeddable":true,"href":"https:\/\/tourtravelandmore.com\/fr\/wp-json\/wp\/v2\/product_cat?post=102669"},{"taxonomy":"product_tag","embeddable":true,"href":"https:\/\/tourtravelandmore.com\/fr\/wp-json\/wp\/v2\/product_tag?post=102669"}],"curies":[{"name":"wp","href":"https:\/\/api.w.org\/{rel}","templated":true}]}}