{"id":102664,"date":"2017-04-04T12:19:30","date_gmt":"2017-04-04T10:19:30","guid":{"rendered":"https:\/\/tourtravelandmore.com\/tours\/non%20class\u00e9\/excursion-privee-a-potsdam\/"},"modified":"2021-03-11T21:15:04","modified_gmt":"2021-03-11T20:15:04","slug":"excursion-privee-a-potsdam","status":"publish","type":"product","link":"https:\/\/tourtravelandmore.com\/fr\/tours\/allemagne-fr\/berlin-fr\/excursion-privee-a-potsdam\/","title":{"rendered":"Excursion priv\u00e9e \u00e0 Potsdam"},"content":{"rendered":"<h2>Description<\/h2>\n<p>Potsdam est l&#8217;un des plus beaux endroits que vous puissiez visiter en Allemagne. Situ\u00e9 \u00e0 seulement 45 minutes de Berlin, le merveilleux Potsdam abrite plusieurs sites class\u00e9s au patrimoine mondial de l&#8217;UNESCO. D\u00e9couvrez cet endroit magique avec notre visite priv\u00e9e de Berlin \u00e0 Potsdam aux c\u00f4t\u00e9s d&#8217;un guide touristique agr\u00e9\u00e9. Il y a de nombreuses raisons de visiter Potsdam, surtout son beau centre historique et les principaux palais et parcs de la ville: Sanssouci et Cecilienhof.<\/p>\n<p>Tout d&#8217;abord, votre chauffeur priv\u00e9 et votre guide viendront vous chercher \u00e0 votre h\u00f4tel ou lieu de votre choix \u00e0 Berlin. Apr\u00e8s cela, vous commencerez votre trajet priv\u00e9 vers Potsdam.<br \/>\nComme tous les circuits que nous proposons, il s&#8217;agit d&#8217;un circuit sur mesure. L&#8217;itin\u00e9raire et les sites \u00e0 visiter sont absolument adaptables \u00e0 vos int\u00e9r\u00eats et d\u00e9sirs personnels.<\/p>\n<p>Contactez-nous pour une proposition personnalis\u00e9e. Notre \u00e9quipe d&#8217;experts vous aidera \u00e0 organiser une exp\u00e9rience sur mesure pour vous et votre groupe.<\/p>\n<h2>Sites d&#8217;int\u00e9r\u00eat et points de rep\u00e8re<\/h2>\n<p>La ville de Potsdam est la capitale de l&#8217;\u00e9tat de Brandebourg. Cette magnifique r\u00e9gion compte le plus grand nombre de palais par habitant en Allemagne, abritant 16 palais et trois parcs historiques. Ce fait fait de Potsdam un voyage incontournable pour les amateurs de verdure et de jardin. Par cons\u00e9quent, avec 500 ha de parcs et 150 b\u00e2timents construits entre 1730 et 1916, de nombreuses parties de l&#8217;ensemble ont \u00e9t\u00e9 d\u00e9clar\u00e9es sites du patrimoine mondial de l&#8217;UNESCO en 1990. Potsdam est surtout connue pour avoir \u00e9t\u00e9 la r\u00e9sidence pr\u00e9f\u00e9r\u00e9e des rois de Prusse au 18\u00e8me et XIXe si\u00e8cles.<\/p>\n<p>Au cours de votre visite priv\u00e9e de Berlin \u00e0 Potsdam, vous visiterez les sites qui vous int\u00e9ressent le plus Potsdam. Voici quelques-uns des principaux sites:<\/p>\n<ul>\n<li>Palais et parc de Sanssouci: le plus grand site du patrimoine mondial de toute l&#8217;Allemagne<\/li>\n<li>Cecilienhof: Le lieu o\u00f9 la conf\u00e9rence de Potsdam a eu lieu en 1945<\/li>\n<li>Palais de marbre: Sa construction d\u00e9buta en 1787 pour Fr\u00e9d\u00e9ric-Guillaume II conform\u00e9ment aux plans de Carl de Gontard<\/li>\n<li>Quartier n\u00e9erlandais: \u00e9lev\u00e9 entre 1734 et 1742 par des artisans hollandais invit\u00e9s par le roi Fr\u00e9d\u00e9ric Guillaume Ier<\/li>\n<li>Centre-ville de Potsdam<\/li>\n<li>Beaucoup plus!<\/li>\n<\/ul>\n<p>Votre chauffeur priv\u00e9 et votre guide touristique agr\u00e9\u00e9 seront \u00e0 votre enti\u00e8re disposition pendant toute la dur\u00e9e de la visite. D\u00e9couvrez et explorez Potsdam avec un guide local, exp\u00e9riment\u00e9 et agr\u00e9\u00e9 en histoire, art et culture de l&#8217;Allemagne. Cependant notre proposition de visite a une dur\u00e9e de 6 heures, nous pouvons organiser une visite plus longue si vous pr\u00e9f\u00e9rez.<\/p>\n","protected":false},"excerpt":{"rendered":"<p>Si vous \u00eates un amoureux de la verdure, nous vous recommandons vivement cette visite priv\u00e9e \u00e0 Potsdam au d\u00e9part de Berlin. Cette ville merveilleuse a le plus grand nombre de palais par habitant en Allemagne, h\u00e9bergeant 16 palais et trois parcs historiques. Explorez cet endroit merveilleux avec votre guide priv\u00e9 agr\u00e9\u00e9 et \u00e0 l&#8217;aise dans votre v\u00e9hicule priv\u00e9.<\/p>\n","protected":false},"featured_media":98371,"comment_status":"open","ping_status":"closed","template":"","meta":{"_acf_changed":false},"product_brand":[],"product_cat":[3758],"product_tag":[],"class_list":{"0":"post-102664","1":"product","2":"type-product","3":"status-publish","4":"has-post-thumbnail","6":"product_cat-berlin-fr","8":"first","9":"instock","10":"shipping-taxable","11":"purchasable","12":"product-type-simple"},"acf":[],"yoast_head":"<!-- This site is optimized with the Yoast SEO Premium plugin v25.3.1 (Yoast SEO v25.3.1) - https:\/\/yoast.com\/wordpress\/plugins\/seo\/ -->\n<title>Visite priv\u00e9e de Berlin \u00e0 Potsdam avec chauffeur et guide agr\u00e9\u00e9<\/title>\n<meta name=\"description\" content=\"Si vous aimez les parcs, les jardins et les palais, nous vous recommandons vivement cette visite priv\u00e9e de Berlin \u00e0 Potsdam. Profitez d&#039;une excursion priv\u00e9e sur mesure au d\u00e9part de Berlin\" \/>\n<meta name=\"robots\" content=\"index, follow, max-snippet:-1, max-image-preview:large, max-video-preview:-1\" \/>\n<link rel=\"canonical\" href=\"https:\/\/tourtravelandmore.com\/fr\/tours\/allemagne-fr\/berlin-fr\/excursion-privee-a-potsdam\/\" \/>\n<meta property=\"og:locale\" content=\"fr_FR\" \/>\n<meta property=\"og:type\" content=\"article\" \/>\n<meta property=\"og:title\" content=\"Excursion priv\u00e9e \u00e0 Potsdam\" \/>\n<meta property=\"og:description\" content=\"Si vous aimez les parcs, les jardins et les palais, nous vous recommandons vivement cette visite priv\u00e9e de Berlin \u00e0 Potsdam. Profitez d&#039;une excursion priv\u00e9e sur mesure au d\u00e9part de Berlin\" \/>\n<meta property=\"og:url\" content=\"https:\/\/tourtravelandmore.com\/fr\/tours\/allemagne-fr\/berlin-fr\/excursion-privee-a-potsdam\/\" \/>\n<meta property=\"og:site_name\" content=\"Tour Travel And More\" \/>\n<meta property=\"article:publisher\" content=\"https:\/\/www.facebook.com\/tourtravelandmore\/\" \/>\n<meta property=\"article:modified_time\" content=\"2021-03-11T20:15:04+00:00\" \/>\n<meta property=\"og:image\" content=\"https:\/\/tourtravelandmore.com\/wp-content\/uploads\/2017\/04\/potsdam-1706496_1280-min.jpg\" \/>\n\t<meta property=\"og:image:width\" content=\"1280\" \/>\n\t<meta property=\"og:image:height\" content=\"831\" \/>\n\t<meta property=\"og:image:type\" content=\"image\/jpeg\" \/>\n<meta name=\"twitter:card\" content=\"summary_large_image\" \/>\n<meta name=\"twitter:site\" content=\"@TourTravel_More\" \/>\n<meta name=\"twitter:label1\" content=\"Dur\u00e9e de lecture estim\u00e9e\" \/>\n\t<meta name=\"twitter:data1\" content=\"2 minutes\" \/>\n<script type=\"application\/ld+json\" class=\"yoast-schema-graph\">{\"@context\":\"https:\/\/schema.org\",\"@graph\":[{\"@type\":\"WebPage\",\"@id\":\"https:\/\/tourtravelandmore.com\/fr\/tours\/allemagne-fr\/berlin-fr\/excursion-privee-a-potsdam\/\",\"url\":\"https:\/\/tourtravelandmore.com\/fr\/tours\/allemagne-fr\/berlin-fr\/excursion-privee-a-potsdam\/\",\"name\":\"Visite priv\u00e9e de Berlin \u00e0 Potsdam avec chauffeur et guide agr\u00e9\u00e9\",\"isPartOf\":{\"@id\":\"https:\/\/tourtravelandmore.com\/fr\/#website\"},\"primaryImageOfPage\":{\"@id\":\"https:\/\/tourtravelandmore.com\/fr\/tours\/allemagne-fr\/berlin-fr\/excursion-privee-a-potsdam\/#primaryimage\"},\"image\":{\"@id\":\"https:\/\/tourtravelandmore.com\/fr\/tours\/allemagne-fr\/berlin-fr\/excursion-privee-a-potsdam\/#primaryimage\"},\"thumbnailUrl\":\"https:\/\/tourtravelandmore.com\/wp-content\/uploads\/2017\/04\/potsdam-1706496_1280-min.jpg\",\"datePublished\":\"2017-04-04T10:19:30+00:00\",\"dateModified\":\"2021-03-11T20:15:04+00:00\",\"description\":\"Si vous aimez les parcs, les jardins et les palais, nous vous recommandons vivement cette visite priv\u00e9e de Berlin \u00e0 Potsdam. Profitez d'une excursion priv\u00e9e sur mesure au d\u00e9part de Berlin\",\"breadcrumb\":{\"@id\":\"https:\/\/tourtravelandmore.com\/fr\/tours\/allemagne-fr\/berlin-fr\/excursion-privee-a-potsdam\/#breadcrumb\"},\"inLanguage\":\"fr-FR\",\"potentialAction\":[{\"@type\":\"ReadAction\",\"target\":[\"https:\/\/tourtravelandmore.com\/fr\/tours\/allemagne-fr\/berlin-fr\/excursion-privee-a-potsdam\/\"]}]},{\"@type\":\"ImageObject\",\"inLanguage\":\"fr-FR\",\"@id\":\"https:\/\/tourtravelandmore.com\/fr\/tours\/allemagne-fr\/berlin-fr\/excursion-privee-a-potsdam\/#primaryimage\",\"url\":\"https:\/\/tourtravelandmore.com\/wp-content\/uploads\/2017\/04\/potsdam-1706496_1280-min.jpg\",\"contentUrl\":\"https:\/\/tourtravelandmore.com\/wp-content\/uploads\/2017\/04\/potsdam-1706496_1280-min.jpg\",\"width\":1280,\"height\":831},{\"@type\":\"BreadcrumbList\",\"@id\":\"https:\/\/tourtravelandmore.com\/fr\/tours\/allemagne-fr\/berlin-fr\/excursion-privee-a-potsdam\/#breadcrumb\",\"itemListElement\":[{\"@type\":\"ListItem\",\"position\":1,\"name\":\"Home\",\"item\":\"https:\/\/tourtravelandmore.com\/fr\/\"},{\"@type\":\"ListItem\",\"position\":2,\"name\":\"Tours\",\"item\":\"https:\/\/tourtravelandmore.com\/fr\/tours\/\"},{\"@type\":\"ListItem\",\"position\":3,\"name\":\"Excursion priv\u00e9e \u00e0 Potsdam\"}]},{\"@type\":\"WebSite\",\"@id\":\"https:\/\/tourtravelandmore.com\/fr\/#website\",\"url\":\"https:\/\/tourtravelandmore.com\/fr\/\",\"name\":\"Tour Travel And More\",\"description\":\"Private sightseeing tours and luxury transfers in Spain\",\"publisher\":{\"@id\":\"https:\/\/tourtravelandmore.com\/fr\/#organization\"},\"potentialAction\":[{\"@type\":\"SearchAction\",\"target\":{\"@type\":\"EntryPoint\",\"urlTemplate\":\"https:\/\/tourtravelandmore.com\/fr\/?s={search_term_string}\"},\"query-input\":{\"@type\":\"PropertyValueSpecification\",\"valueRequired\":true,\"valueName\":\"search_term_string\"}}],\"inLanguage\":\"fr-FR\"},{\"@type\":\"Organization\",\"@id\":\"https:\/\/tourtravelandmore.com\/fr\/#organization\",\"name\":\"Tour Travel And More\",\"url\":\"https:\/\/tourtravelandmore.com\/fr\/\",\"logo\":{\"@type\":\"ImageObject\",\"inLanguage\":\"fr-FR\",\"@id\":\"https:\/\/tourtravelandmore.com\/fr\/#\/schema\/logo\/image\/\",\"url\":\"https:\/\/tourtravelandmore.com\/wp-content\/uploads\/2022\/12\/cropped-logo-cabecera-new.png\",\"contentUrl\":\"https:\/\/tourtravelandmore.com\/wp-content\/uploads\/2022\/12\/cropped-logo-cabecera-new.png\",\"width\":430,\"height\":61,\"caption\":\"Tour Travel And More\"},\"image\":{\"@id\":\"https:\/\/tourtravelandmore.com\/fr\/#\/schema\/logo\/image\/\"},\"sameAs\":[\"https:\/\/www.facebook.com\/tourtravelandmore\/\",\"https:\/\/x.com\/TourTravel_More\"]}]}<\/script>\n<!-- \/ Yoast SEO Premium plugin. -->","yoast_head_json":{"title":"Visite priv\u00e9e de Berlin \u00e0 Potsdam avec chauffeur et guide agr\u00e9\u00e9","description":"Si vous aimez les parcs, les jardins et les palais, nous vous recommandons vivement cette visite priv\u00e9e de Berlin \u00e0 Potsdam. Profitez d'une excursion priv\u00e9e sur mesure au d\u00e9part de Berlin","robots":{"index":"index","follow":"follow","max-snippet":"max-snippet:-1","max-image-preview":"max-image-preview:large","max-video-preview":"max-video-preview:-1"},"canonical":"https:\/\/tourtravelandmore.com\/fr\/tours\/allemagne-fr\/berlin-fr\/excursion-privee-a-potsdam\/","og_locale":"fr_FR","og_type":"article","og_title":"Excursion priv\u00e9e \u00e0 Potsdam","og_description":"Si vous aimez les parcs, les jardins et les palais, nous vous recommandons vivement cette visite priv\u00e9e de Berlin \u00e0 Potsdam. Profitez d'une excursion priv\u00e9e sur mesure au d\u00e9part de Berlin","og_url":"https:\/\/tourtravelandmore.com\/fr\/tours\/allemagne-fr\/berlin-fr\/excursion-privee-a-potsdam\/","og_site_name":"Tour Travel And More","article_publisher":"https:\/\/www.facebook.com\/tourtravelandmore\/","article_modified_time":"2021-03-11T20:15:04+00:00","og_image":[{"width":1280,"height":831,"url":"https:\/\/tourtravelandmore.com\/wp-content\/uploads\/2017\/04\/potsdam-1706496_1280-min.jpg","type":"image\/jpeg"}],"twitter_card":"summary_large_image","twitter_site":"@TourTravel_More","twitter_misc":{"Dur\u00e9e de lecture estim\u00e9e":"2 minutes"},"schema":{"@context":"https:\/\/schema.org","@graph":[{"@type":"WebPage","@id":"https:\/\/tourtravelandmore.com\/fr\/tours\/allemagne-fr\/berlin-fr\/excursion-privee-a-potsdam\/","url":"https:\/\/tourtravelandmore.com\/fr\/tours\/allemagne-fr\/berlin-fr\/excursion-privee-a-potsdam\/","name":"Visite priv\u00e9e de Berlin \u00e0 Potsdam avec chauffeur et guide agr\u00e9\u00e9","isPartOf":{"@id":"https:\/\/tourtravelandmore.com\/fr\/#website"},"primaryImageOfPage":{"@id":"https:\/\/tourtravelandmore.com\/fr\/tours\/allemagne-fr\/berlin-fr\/excursion-privee-a-potsdam\/#primaryimage"},"image":{"@id":"https:\/\/tourtravelandmore.com\/fr\/tours\/allemagne-fr\/berlin-fr\/excursion-privee-a-potsdam\/#primaryimage"},"thumbnailUrl":"https:\/\/tourtravelandmore.com\/wp-content\/uploads\/2017\/04\/potsdam-1706496_1280-min.jpg","datePublished":"2017-04-04T10:19:30+00:00","dateModified":"2021-03-11T20:15:04+00:00","description":"Si vous aimez les parcs, les jardins et les palais, nous vous recommandons vivement cette visite priv\u00e9e de Berlin \u00e0 Potsdam. Profitez d'une excursion priv\u00e9e sur mesure au d\u00e9part de Berlin","breadcrumb":{"@id":"https:\/\/tourtravelandmore.com\/fr\/tours\/allemagne-fr\/berlin-fr\/excursion-privee-a-potsdam\/#breadcrumb"},"inLanguage":"fr-FR","potentialAction":[{"@type":"ReadAction","target":["https:\/\/tourtravelandmore.com\/fr\/tours\/allemagne-fr\/berlin-fr\/excursion-privee-a-potsdam\/"]}]},{"@type":"ImageObject","inLanguage":"fr-FR","@id":"https:\/\/tourtravelandmore.com\/fr\/tours\/allemagne-fr\/berlin-fr\/excursion-privee-a-potsdam\/#primaryimage","url":"https:\/\/tourtravelandmore.com\/wp-content\/uploads\/2017\/04\/potsdam-1706496_1280-min.jpg","contentUrl":"https:\/\/tourtravelandmore.com\/wp-content\/uploads\/2017\/04\/potsdam-1706496_1280-min.jpg","width":1280,"height":831},{"@type":"BreadcrumbList","@id":"https:\/\/tourtravelandmore.com\/fr\/tours\/allemagne-fr\/berlin-fr\/excursion-privee-a-potsdam\/#breadcrumb","itemListElement":[{"@type":"ListItem","position":1,"name":"Home","item":"https:\/\/tourtravelandmore.com\/fr\/"},{"@type":"ListItem","position":2,"name":"Tours","item":"https:\/\/tourtravelandmore.com\/fr\/tours\/"},{"@type":"ListItem","position":3,"name":"Excursion priv\u00e9e \u00e0 Potsdam"}]},{"@type":"WebSite","@id":"https:\/\/tourtravelandmore.com\/fr\/#website","url":"https:\/\/tourtravelandmore.com\/fr\/","name":"Tour Travel And More","description":"Private sightseeing tours and luxury transfers in Spain","publisher":{"@id":"https:\/\/tourtravelandmore.com\/fr\/#organization"},"potentialAction":[{"@type":"SearchAction","target":{"@type":"EntryPoint","urlTemplate":"https:\/\/tourtravelandmore.com\/fr\/?s={search_term_string}"},"query-input":{"@type":"PropertyValueSpecification","valueRequired":true,"valueName":"search_term_string"}}],"inLanguage":"fr-FR"},{"@type":"Organization","@id":"https:\/\/tourtravelandmore.com\/fr\/#organization","name":"Tour Travel And More","url":"https:\/\/tourtravelandmore.com\/fr\/","logo":{"@type":"ImageObject","inLanguage":"fr-FR","@id":"https:\/\/tourtravelandmore.com\/fr\/#\/schema\/logo\/image\/","url":"https:\/\/tourtravelandmore.com\/wp-content\/uploads\/2022\/12\/cropped-logo-cabecera-new.png","contentUrl":"https:\/\/tourtravelandmore.com\/wp-content\/uploads\/2022\/12\/cropped-logo-cabecera-new.png","width":430,"height":61,"caption":"Tour Travel And More"},"image":{"@id":"https:\/\/tourtravelandmore.com\/fr\/#\/schema\/logo\/image\/"},"sameAs":["https:\/\/www.facebook.com\/tourtravelandmore\/","https:\/\/x.com\/TourTravel_More"]}]}},"_links":{"self":[{"href":"https:\/\/tourtravelandmore.com\/fr\/wp-json\/wp\/v2\/product\/102664","targetHints":{"allow":["GET"]}}],"collection":[{"href":"https:\/\/tourtravelandmore.com\/fr\/wp-json\/wp\/v2\/product"}],"about":[{"href":"https:\/\/tourtravelandmore.com\/fr\/wp-json\/wp\/v2\/types\/product"}],"replies":[{"embeddable":true,"href":"https:\/\/tourtravelandmore.com\/fr\/wp-json\/wp\/v2\/comments?post=102664"}],"wp:featuredmedia":[{"embeddable":true,"href":"https:\/\/tourtravelandmore.com\/fr\/wp-json\/wp\/v2\/media\/98371"}],"wp:attachment":[{"href":"https:\/\/tourtravelandmore.com\/fr\/wp-json\/wp\/v2\/media?parent=102664"}],"wp:term":[{"taxonomy":"product_brand","embeddable":true,"href":"https:\/\/tourtravelandmore.com\/fr\/wp-json\/wp\/v2\/product_brand?post=102664"},{"taxonomy":"product_cat","embeddable":true,"href":"https:\/\/tourtravelandmore.com\/fr\/wp-json\/wp\/v2\/product_cat?post=102664"},{"taxonomy":"product_tag","embeddable":true,"href":"https:\/\/tourtravelandmore.com\/fr\/wp-json\/wp\/v2\/product_tag?post=102664"}],"curies":[{"name":"wp","href":"https:\/\/api.w.org\/{rel}","templated":true}]}}