{"id":102657,"date":"2017-04-04T12:01:19","date_gmt":"2017-04-04T10:01:19","guid":{"rendered":"https:\/\/tourtravelandmore.com\/tours\/non%20class\u00e9\/visite-privee-du-memorial-de-lancien-camp-de-concentration-de-sachsenhausen\/"},"modified":"2021-03-11T21:10:24","modified_gmt":"2021-03-11T20:10:24","slug":"visite-privee-du-memorial-de-lancien-camp-de-concentration-de-sachsenhausen","status":"publish","type":"product","link":"https:\/\/tourtravelandmore.com\/fr\/tours\/allemagne-fr\/berlin-fr\/visite-privee-du-memorial-de-lancien-camp-de-concentration-de-sachsenhausen\/","title":{"rendered":"Visite priv\u00e9e du m\u00e9morial de l&#8217;ancien camp de concentration de Sachsenhausen"},"content":{"rendered":"<h2>Description<\/h2>\n<p>Visitez le camp de concentration de Sachsenhausen lors d&#8217;une visite priv\u00e9e au d\u00e9part de Berlin. Notre guide officiel vous racontera l&#8217;histoire de ce lieu. Bien que triste histoire, une visite au camp de concentration est une mani\u00e8re tr\u00e8s int\u00e9ressante d&#8217;apprendre l&#8217;histoire moderne de l&#8217;Europe. Au cours de votre visite priv\u00e9e du camp de concentration de Sachsenhausen, vous apprendrez non seulement ce que les nazis ont fait sur place, mais aussi l&#8217;utilisation d&#8217;apr\u00e8s-guerre des soviets.<\/p>\n<p>Tout d&#8217;abord, votre chauffeur priv\u00e9 et votre guide viendront vous chercher \u00e0 votre h\u00f4tel ou \u00e0 l&#8217;endroit souhait\u00e9 \u00e0 Berlin. Apr\u00e8s cela, vous commencerez \u00e0 conduire vers Oranienburg. Votre chauffeur et votre guide officiel vous attendront dans le hall de votre h\u00f4tel ou devant votre immeuble pour rendre cette exp\u00e9rience plus facile et plus confortable. Une fois \u00e0 Sachsenhausen, vous visiterez le site avec votre guide, qui vous racontera l&#8217;histoire et les secrets de ce site historique.<\/p>\n<p>Comme tous nos circuits, cette excursion priv\u00e9e est un circuit enti\u00e8rement personnalisable. Contactez-nous et un membre de notre groupe d&#8217;experts vous aidera \u00e0 organiser une exp\u00e9rience sur mesure.<\/p>\n<h2>Sites d&#8217;int\u00e9r\u00eat et points de rep\u00e8re<\/h2>\n<p>Le camp de concentration de Sachsenhausen a \u00e9t\u00e9 construit en 1936 par les SS. Jusqu&#8217;en 1945, plus de 200 000 personnes de toute l&#8217;Europe y ont \u00e9t\u00e9 emprisonn\u00e9es. De 1945 \u00e0 1950, le camp sp\u00e9cial sovi\u00e9tique n \u00b0 7 \/ n \u00b0. 1 se trouvait sur le site. Apr\u00e8s cela, en 1961, la RDA a fond\u00e9 le M\u00e9morial national de Sachsenhausen. Le m\u00e9morial actuel et le mus\u00e9e de Sachsenhausen font partie de la Fondation des m\u00e9moriaux de Brandebourg depuis 1993. Le m\u00e9morial et mus\u00e9e de Sachsenhausen est un lieu de comm\u00e9moration et d&#8217;apprentissage ainsi qu&#8217;un mus\u00e9e d&#8217;histoire contemporaine.<\/p>\n<p>Au cours de votre visite priv\u00e9e du camp de concentration de Sachsenhausen, vous apprendrez l&#8217;histoire de ce site historique \u00e0 c\u00f4t\u00e9 de votre guide priv\u00e9. Tous nos guides sont agr\u00e9\u00e9s par le camp de concentration. Votre guide a le droit de vous emmener uniquement \u00e0 travers certaines parties du m\u00e9morial. Le reste doit \u00eatre fait avec une visite audio-guid\u00e9e en anglais.<\/p>\n<p>Votre chauffeur priv\u00e9 et votre guide seront \u00e0 votre enti\u00e8re disposition pendant toute la dur\u00e9e de la visite.<\/p>\n","protected":false},"excerpt":{"rendered":"<p>Bien que les lieux aient une histoire triste, le m\u00e9morial et mus\u00e9e de Sachsenhausen est un lieu de comm\u00e9moration et d&#8217;apprentissage ainsi qu&#8217;un mus\u00e9e d&#8217;histoire contemporaine. Laissez-nous organiser votre excursion priv\u00e9e au d\u00e9part de Berlin et visitez le site avec un guide touristique agr\u00e9\u00e9, sp\u00e9cialis\u00e9 dans l&#8217;histoire et la culture de l&#8217;Allemagne.<\/p>\n","protected":false},"featured_media":94277,"comment_status":"open","ping_status":"closed","template":"","meta":{"_acf_changed":false},"product_brand":[],"product_cat":[3758],"product_tag":[],"class_list":{"0":"post-102657","1":"product","2":"type-product","3":"status-publish","4":"has-post-thumbnail","6":"product_cat-berlin-fr","8":"first","9":"instock","10":"shipping-taxable","11":"purchasable","12":"product-type-simple"},"acf":[],"yoast_head":"<!-- This site is optimized with the Yoast SEO Premium plugin v25.3.1 (Yoast SEO v25.3.1) - https:\/\/yoast.com\/wordpress\/plugins\/seo\/ -->\n<title>Visite priv\u00e9e du camp de concentration de Sachsenhausen au d\u00e9part de Berlin avec guide<\/title>\n<meta name=\"description\" content=\"Laissez-nous organiser votre visite priv\u00e9e du camp de concentration de Sachsenhausen au d\u00e9part de Berlin et d\u00e9couvrez l&#039;histoire de ce site historique \u00e0 c\u00f4t\u00e9 d&#039;un guide agr\u00e9\u00e9\" \/>\n<meta name=\"robots\" content=\"index, follow, max-snippet:-1, max-image-preview:large, max-video-preview:-1\" \/>\n<link rel=\"canonical\" href=\"https:\/\/tourtravelandmore.com\/fr\/tours\/allemagne-fr\/berlin-fr\/visite-privee-du-memorial-de-lancien-camp-de-concentration-de-sachsenhausen\/\" \/>\n<meta property=\"og:locale\" content=\"fr_FR\" \/>\n<meta property=\"og:type\" content=\"article\" \/>\n<meta property=\"og:title\" content=\"Visite priv\u00e9e du m\u00e9morial de l&#039;ancien camp de concentration de Sachsenhausen\" \/>\n<meta property=\"og:description\" content=\"Laissez-nous organiser votre visite priv\u00e9e du camp de concentration de Sachsenhausen au d\u00e9part de Berlin et d\u00e9couvrez l&#039;histoire de ce site historique \u00e0 c\u00f4t\u00e9 d&#039;un guide agr\u00e9\u00e9\" \/>\n<meta property=\"og:url\" content=\"https:\/\/tourtravelandmore.com\/fr\/tours\/allemagne-fr\/berlin-fr\/visite-privee-du-memorial-de-lancien-camp-de-concentration-de-sachsenhausen\/\" \/>\n<meta property=\"og:site_name\" content=\"Tour Travel And More\" \/>\n<meta property=\"article:publisher\" content=\"https:\/\/www.facebook.com\/tourtravelandmore\/\" \/>\n<meta property=\"article:modified_time\" content=\"2021-03-11T20:10:24+00:00\" \/>\n<meta property=\"og:image\" content=\"https:\/\/tourtravelandmore.com\/wp-content\/uploads\/2017\/04\/Sachsenhausen.jpg\" \/>\n\t<meta property=\"og:image:width\" content=\"700\" \/>\n\t<meta property=\"og:image:height\" content=\"525\" \/>\n\t<meta property=\"og:image:type\" content=\"image\/jpeg\" \/>\n<meta name=\"twitter:card\" content=\"summary_large_image\" \/>\n<meta name=\"twitter:site\" content=\"@TourTravel_More\" \/>\n<meta name=\"twitter:label1\" content=\"Dur\u00e9e de lecture estim\u00e9e\" \/>\n\t<meta name=\"twitter:data1\" content=\"2 minutes\" \/>\n<script type=\"application\/ld+json\" class=\"yoast-schema-graph\">{\"@context\":\"https:\/\/schema.org\",\"@graph\":[{\"@type\":\"WebPage\",\"@id\":\"https:\/\/tourtravelandmore.com\/fr\/tours\/allemagne-fr\/berlin-fr\/visite-privee-du-memorial-de-lancien-camp-de-concentration-de-sachsenhausen\/\",\"url\":\"https:\/\/tourtravelandmore.com\/fr\/tours\/allemagne-fr\/berlin-fr\/visite-privee-du-memorial-de-lancien-camp-de-concentration-de-sachsenhausen\/\",\"name\":\"Visite priv\u00e9e du camp de concentration de Sachsenhausen au d\u00e9part de Berlin avec guide\",\"isPartOf\":{\"@id\":\"https:\/\/tourtravelandmore.com\/fr\/#website\"},\"primaryImageOfPage\":{\"@id\":\"https:\/\/tourtravelandmore.com\/fr\/tours\/allemagne-fr\/berlin-fr\/visite-privee-du-memorial-de-lancien-camp-de-concentration-de-sachsenhausen\/#primaryimage\"},\"image\":{\"@id\":\"https:\/\/tourtravelandmore.com\/fr\/tours\/allemagne-fr\/berlin-fr\/visite-privee-du-memorial-de-lancien-camp-de-concentration-de-sachsenhausen\/#primaryimage\"},\"thumbnailUrl\":\"https:\/\/tourtravelandmore.com\/wp-content\/uploads\/2017\/04\/Sachsenhausen.jpg\",\"datePublished\":\"2017-04-04T10:01:19+00:00\",\"dateModified\":\"2021-03-11T20:10:24+00:00\",\"description\":\"Laissez-nous organiser votre visite priv\u00e9e du camp de concentration de Sachsenhausen au d\u00e9part de Berlin et d\u00e9couvrez l'histoire de ce site historique \u00e0 c\u00f4t\u00e9 d'un guide agr\u00e9\u00e9\",\"breadcrumb\":{\"@id\":\"https:\/\/tourtravelandmore.com\/fr\/tours\/allemagne-fr\/berlin-fr\/visite-privee-du-memorial-de-lancien-camp-de-concentration-de-sachsenhausen\/#breadcrumb\"},\"inLanguage\":\"fr-FR\",\"potentialAction\":[{\"@type\":\"ReadAction\",\"target\":[\"https:\/\/tourtravelandmore.com\/fr\/tours\/allemagne-fr\/berlin-fr\/visite-privee-du-memorial-de-lancien-camp-de-concentration-de-sachsenhausen\/\"]}]},{\"@type\":\"ImageObject\",\"inLanguage\":\"fr-FR\",\"@id\":\"https:\/\/tourtravelandmore.com\/fr\/tours\/allemagne-fr\/berlin-fr\/visite-privee-du-memorial-de-lancien-camp-de-concentration-de-sachsenhausen\/#primaryimage\",\"url\":\"https:\/\/tourtravelandmore.com\/wp-content\/uploads\/2017\/04\/Sachsenhausen.jpg\",\"contentUrl\":\"https:\/\/tourtravelandmore.com\/wp-content\/uploads\/2017\/04\/Sachsenhausen.jpg\",\"width\":700,\"height\":525},{\"@type\":\"BreadcrumbList\",\"@id\":\"https:\/\/tourtravelandmore.com\/fr\/tours\/allemagne-fr\/berlin-fr\/visite-privee-du-memorial-de-lancien-camp-de-concentration-de-sachsenhausen\/#breadcrumb\",\"itemListElement\":[{\"@type\":\"ListItem\",\"position\":1,\"name\":\"Home\",\"item\":\"https:\/\/tourtravelandmore.com\/fr\/\"},{\"@type\":\"ListItem\",\"position\":2,\"name\":\"Tours\",\"item\":\"https:\/\/tourtravelandmore.com\/fr\/tours\/\"},{\"@type\":\"ListItem\",\"position\":3,\"name\":\"Visite priv\u00e9e du m\u00e9morial de l&rsquo;ancien camp de concentration de Sachsenhausen\"}]},{\"@type\":\"WebSite\",\"@id\":\"https:\/\/tourtravelandmore.com\/fr\/#website\",\"url\":\"https:\/\/tourtravelandmore.com\/fr\/\",\"name\":\"Tour Travel And More\",\"description\":\"Private sightseeing tours and luxury transfers in Spain\",\"publisher\":{\"@id\":\"https:\/\/tourtravelandmore.com\/fr\/#organization\"},\"potentialAction\":[{\"@type\":\"SearchAction\",\"target\":{\"@type\":\"EntryPoint\",\"urlTemplate\":\"https:\/\/tourtravelandmore.com\/fr\/?s={search_term_string}\"},\"query-input\":{\"@type\":\"PropertyValueSpecification\",\"valueRequired\":true,\"valueName\":\"search_term_string\"}}],\"inLanguage\":\"fr-FR\"},{\"@type\":\"Organization\",\"@id\":\"https:\/\/tourtravelandmore.com\/fr\/#organization\",\"name\":\"Tour Travel And More\",\"url\":\"https:\/\/tourtravelandmore.com\/fr\/\",\"logo\":{\"@type\":\"ImageObject\",\"inLanguage\":\"fr-FR\",\"@id\":\"https:\/\/tourtravelandmore.com\/fr\/#\/schema\/logo\/image\/\",\"url\":\"https:\/\/tourtravelandmore.com\/wp-content\/uploads\/2022\/12\/cropped-logo-cabecera-new.png\",\"contentUrl\":\"https:\/\/tourtravelandmore.com\/wp-content\/uploads\/2022\/12\/cropped-logo-cabecera-new.png\",\"width\":430,\"height\":61,\"caption\":\"Tour Travel And More\"},\"image\":{\"@id\":\"https:\/\/tourtravelandmore.com\/fr\/#\/schema\/logo\/image\/\"},\"sameAs\":[\"https:\/\/www.facebook.com\/tourtravelandmore\/\",\"https:\/\/x.com\/TourTravel_More\"]}]}<\/script>\n<!-- \/ Yoast SEO Premium plugin. -->","yoast_head_json":{"title":"Visite priv\u00e9e du camp de concentration de Sachsenhausen au d\u00e9part de Berlin avec guide","description":"Laissez-nous organiser votre visite priv\u00e9e du camp de concentration de Sachsenhausen au d\u00e9part de Berlin et d\u00e9couvrez l'histoire de ce site historique \u00e0 c\u00f4t\u00e9 d'un guide agr\u00e9\u00e9","robots":{"index":"index","follow":"follow","max-snippet":"max-snippet:-1","max-image-preview":"max-image-preview:large","max-video-preview":"max-video-preview:-1"},"canonical":"https:\/\/tourtravelandmore.com\/fr\/tours\/allemagne-fr\/berlin-fr\/visite-privee-du-memorial-de-lancien-camp-de-concentration-de-sachsenhausen\/","og_locale":"fr_FR","og_type":"article","og_title":"Visite priv\u00e9e du m\u00e9morial de l'ancien camp de concentration de Sachsenhausen","og_description":"Laissez-nous organiser votre visite priv\u00e9e du camp de concentration de Sachsenhausen au d\u00e9part de Berlin et d\u00e9couvrez l'histoire de ce site historique \u00e0 c\u00f4t\u00e9 d'un guide agr\u00e9\u00e9","og_url":"https:\/\/tourtravelandmore.com\/fr\/tours\/allemagne-fr\/berlin-fr\/visite-privee-du-memorial-de-lancien-camp-de-concentration-de-sachsenhausen\/","og_site_name":"Tour Travel And More","article_publisher":"https:\/\/www.facebook.com\/tourtravelandmore\/","article_modified_time":"2021-03-11T20:10:24+00:00","og_image":[{"width":700,"height":525,"url":"https:\/\/tourtravelandmore.com\/wp-content\/uploads\/2017\/04\/Sachsenhausen.jpg","type":"image\/jpeg"}],"twitter_card":"summary_large_image","twitter_site":"@TourTravel_More","twitter_misc":{"Dur\u00e9e de lecture estim\u00e9e":"2 minutes"},"schema":{"@context":"https:\/\/schema.org","@graph":[{"@type":"WebPage","@id":"https:\/\/tourtravelandmore.com\/fr\/tours\/allemagne-fr\/berlin-fr\/visite-privee-du-memorial-de-lancien-camp-de-concentration-de-sachsenhausen\/","url":"https:\/\/tourtravelandmore.com\/fr\/tours\/allemagne-fr\/berlin-fr\/visite-privee-du-memorial-de-lancien-camp-de-concentration-de-sachsenhausen\/","name":"Visite priv\u00e9e du camp de concentration de Sachsenhausen au d\u00e9part de Berlin avec guide","isPartOf":{"@id":"https:\/\/tourtravelandmore.com\/fr\/#website"},"primaryImageOfPage":{"@id":"https:\/\/tourtravelandmore.com\/fr\/tours\/allemagne-fr\/berlin-fr\/visite-privee-du-memorial-de-lancien-camp-de-concentration-de-sachsenhausen\/#primaryimage"},"image":{"@id":"https:\/\/tourtravelandmore.com\/fr\/tours\/allemagne-fr\/berlin-fr\/visite-privee-du-memorial-de-lancien-camp-de-concentration-de-sachsenhausen\/#primaryimage"},"thumbnailUrl":"https:\/\/tourtravelandmore.com\/wp-content\/uploads\/2017\/04\/Sachsenhausen.jpg","datePublished":"2017-04-04T10:01:19+00:00","dateModified":"2021-03-11T20:10:24+00:00","description":"Laissez-nous organiser votre visite priv\u00e9e du camp de concentration de Sachsenhausen au d\u00e9part de Berlin et d\u00e9couvrez l'histoire de ce site historique \u00e0 c\u00f4t\u00e9 d'un guide agr\u00e9\u00e9","breadcrumb":{"@id":"https:\/\/tourtravelandmore.com\/fr\/tours\/allemagne-fr\/berlin-fr\/visite-privee-du-memorial-de-lancien-camp-de-concentration-de-sachsenhausen\/#breadcrumb"},"inLanguage":"fr-FR","potentialAction":[{"@type":"ReadAction","target":["https:\/\/tourtravelandmore.com\/fr\/tours\/allemagne-fr\/berlin-fr\/visite-privee-du-memorial-de-lancien-camp-de-concentration-de-sachsenhausen\/"]}]},{"@type":"ImageObject","inLanguage":"fr-FR","@id":"https:\/\/tourtravelandmore.com\/fr\/tours\/allemagne-fr\/berlin-fr\/visite-privee-du-memorial-de-lancien-camp-de-concentration-de-sachsenhausen\/#primaryimage","url":"https:\/\/tourtravelandmore.com\/wp-content\/uploads\/2017\/04\/Sachsenhausen.jpg","contentUrl":"https:\/\/tourtravelandmore.com\/wp-content\/uploads\/2017\/04\/Sachsenhausen.jpg","width":700,"height":525},{"@type":"BreadcrumbList","@id":"https:\/\/tourtravelandmore.com\/fr\/tours\/allemagne-fr\/berlin-fr\/visite-privee-du-memorial-de-lancien-camp-de-concentration-de-sachsenhausen\/#breadcrumb","itemListElement":[{"@type":"ListItem","position":1,"name":"Home","item":"https:\/\/tourtravelandmore.com\/fr\/"},{"@type":"ListItem","position":2,"name":"Tours","item":"https:\/\/tourtravelandmore.com\/fr\/tours\/"},{"@type":"ListItem","position":3,"name":"Visite priv\u00e9e du m\u00e9morial de l&rsquo;ancien camp de concentration de Sachsenhausen"}]},{"@type":"WebSite","@id":"https:\/\/tourtravelandmore.com\/fr\/#website","url":"https:\/\/tourtravelandmore.com\/fr\/","name":"Tour Travel And More","description":"Private sightseeing tours and luxury transfers in Spain","publisher":{"@id":"https:\/\/tourtravelandmore.com\/fr\/#organization"},"potentialAction":[{"@type":"SearchAction","target":{"@type":"EntryPoint","urlTemplate":"https:\/\/tourtravelandmore.com\/fr\/?s={search_term_string}"},"query-input":{"@type":"PropertyValueSpecification","valueRequired":true,"valueName":"search_term_string"}}],"inLanguage":"fr-FR"},{"@type":"Organization","@id":"https:\/\/tourtravelandmore.com\/fr\/#organization","name":"Tour Travel And More","url":"https:\/\/tourtravelandmore.com\/fr\/","logo":{"@type":"ImageObject","inLanguage":"fr-FR","@id":"https:\/\/tourtravelandmore.com\/fr\/#\/schema\/logo\/image\/","url":"https:\/\/tourtravelandmore.com\/wp-content\/uploads\/2022\/12\/cropped-logo-cabecera-new.png","contentUrl":"https:\/\/tourtravelandmore.com\/wp-content\/uploads\/2022\/12\/cropped-logo-cabecera-new.png","width":430,"height":61,"caption":"Tour Travel And More"},"image":{"@id":"https:\/\/tourtravelandmore.com\/fr\/#\/schema\/logo\/image\/"},"sameAs":["https:\/\/www.facebook.com\/tourtravelandmore\/","https:\/\/x.com\/TourTravel_More"]}]}},"_links":{"self":[{"href":"https:\/\/tourtravelandmore.com\/fr\/wp-json\/wp\/v2\/product\/102657","targetHints":{"allow":["GET"]}}],"collection":[{"href":"https:\/\/tourtravelandmore.com\/fr\/wp-json\/wp\/v2\/product"}],"about":[{"href":"https:\/\/tourtravelandmore.com\/fr\/wp-json\/wp\/v2\/types\/product"}],"replies":[{"embeddable":true,"href":"https:\/\/tourtravelandmore.com\/fr\/wp-json\/wp\/v2\/comments?post=102657"}],"wp:featuredmedia":[{"embeddable":true,"href":"https:\/\/tourtravelandmore.com\/fr\/wp-json\/wp\/v2\/media\/94277"}],"wp:attachment":[{"href":"https:\/\/tourtravelandmore.com\/fr\/wp-json\/wp\/v2\/media?parent=102657"}],"wp:term":[{"taxonomy":"product_brand","embeddable":true,"href":"https:\/\/tourtravelandmore.com\/fr\/wp-json\/wp\/v2\/product_brand?post=102657"},{"taxonomy":"product_cat","embeddable":true,"href":"https:\/\/tourtravelandmore.com\/fr\/wp-json\/wp\/v2\/product_cat?post=102657"},{"taxonomy":"product_tag","embeddable":true,"href":"https:\/\/tourtravelandmore.com\/fr\/wp-json\/wp\/v2\/product_tag?post=102657"}],"curies":[{"name":"wp","href":"https:\/\/api.w.org\/{rel}","templated":true}]}}