{"id":102652,"date":"2017-04-04T11:50:39","date_gmt":"2017-04-04T09:50:39","guid":{"rendered":"https:\/\/tourtravelandmore.com\/tours\/non%20class\u00e9\/excursion-privee-dune-journee-a-dresde\/"},"modified":"2021-03-11T21:07:37","modified_gmt":"2021-03-11T20:07:37","slug":"excursion-privee-dune-journee-a-dresde","status":"publish","type":"product","link":"https:\/\/tourtravelandmore.com\/fr\/tours\/allemagne-fr\/berlin-fr\/excursion-privee-dune-journee-a-dresde\/","title":{"rendered":"Excursion priv\u00e9e d&#8217;une journ\u00e9e \u00e0 Dresde"},"content":{"rendered":"<h2>Description<\/h2>\n<p>Visitez la magnifique ville de Dresde, connue sous le nom de Florence du Nord, lors d&#8217;une excursion d&#8217;une journ\u00e9e au d\u00e9part de Berlin. Dresde, comme Florence en Italie, est une ville qui a une grande offre d&#8217;art et de culture. Profitez de notre excursion priv\u00e9e d&#8217;une journ\u00e9e de Berlin \u00e0 Dresde et explorez cette ville merveilleuse avec un guide local agr\u00e9\u00e9.<\/p>\n<p>Votre chauffeur priv\u00e9 viendra vous chercher \u00e0 l&#8217;heure et au lieu de votre choix \u00e0 Berlin et vous conduira vers Dresde. Le trajet dure environ 2 heures et 15 minutes. Une fois arriv\u00e9 \u00e0 la Florence de l&#8217;Elbe, vous rencontrerez votre guide officiel priv\u00e9 et profiterez d&#8217;une visite des sites les plus embl\u00e9matiques de la ville. Apr\u00e8s cela, vous aurez du temps libre pour d\u00e9jeuner et vous promener dans le magnifique centre-ville. Enfin, apr\u00e8s avoir d\u00e9couvert Dresde, votre chauffeur vous ram\u00e8nera \u00e0 votre lieu de pr\u00e9dilection \u00e0 Berlin.<\/p>\n<p>Comme toutes nos visites, cette excursion priv\u00e9e d&#8217;une journ\u00e9e de Berlin \u00e0 Dresde est une exp\u00e9rience sur mesure. Contactez-nous, nous sommes en mesure de l&#8217;organiser en fonction de vos besoins et d\u00e9sirs personnels.<\/p>\n<h2>Sites d&#8217;int\u00e9r\u00eat et points de rep\u00e8re<\/h2>\n<p>Tout d&#8217;abord, votre chauffeur vous conduira de Berlin \u00e0 Dresde. Une fois dans la capitale de la r\u00e9gion de Saxe, vous rencontrerez votre guide priv\u00e9, un expert local de l&#8217;art, de la culture et de l&#8217;histoire de Dresde. La ville de Dresde \u00e9tait consid\u00e9r\u00e9e, avant la seconde guerre mondiale, comme l&#8217;une des villes les plus merveilleuses et les plus riches culturellement d&#8217;Europe. En 1945, la ville a subi un bombardement intense, plusieurs de ses superbes b\u00e2timents ont \u00e9t\u00e9 d\u00e9truits. Depuis, certains b\u00e2timents ont \u00e9t\u00e9 restaur\u00e9s et la ville a retrouv\u00e9 son charme.<\/p>\n<p>La visite guid\u00e9e d\u00e9butera dans la vieille ville de Dresde, plus exactement \u00e0 l&#8217;Altmarkt. Vous visiterez ensuite la Kreuzkirche, connue sous le nom d&#8217;\u00e9glise de la Croix Sacr\u00e9e. Deuxi\u00e8mement, vous visiterez le mus\u00e9e de la ville et la place Neumarkt, c\u00e9l\u00e8bre pour ses b\u00e2timents impressionnants, parfaits pour un portrait photo.<\/p>\n<p>Votre prochain arr\u00eat sera l&#8217;Albertium suivi du ch\u00e2teau de Dresde, une impressionnante \u00e9dification chr\u00e9tienne avec un m\u00e9lange de style roman \u00e0 Barroque. Les derni\u00e8res \u00e9tapes de l&#8217;itin\u00e9raire, mais non les moindres, sont l&#8217;\u00e9glise Notre-Dame de Zwinger, la Katolische hofkirche et la Br\u00fchl Terrance.<\/p>\n<p>Il existe de nombreux autres endroits o\u00f9 votre guide priv\u00e9 peut vous aider \u00e0 explorer, m\u00eame les endroits les plus embl\u00e9matiques et les plus impressionnants de Dresde.<\/p>\n<p>Entre autres sites que vous pouvez visiter \u00e0 travers cette visite priv\u00e9e:<\/p>\n<ul>\n<li>Place du Th\u00e9\u00e2tre avec l&#8217;Op\u00e9ra<\/li>\n<li>\u00c9glise catholique de la Cour<\/li>\n<li>Procession des princes<\/li>\n<\/ul>\n<p>Si vous souhaitez visiter un mus\u00e9e ou un monument \u00e0 Dresde, faites-le nous savoir \u00e0 l&#8217;avance, nous pouvons organiser des billets coupe-file. Profitez de la d\u00e9couverte de l&#8217;une des plus belles villes d&#8217;Allemagne avec un expert local.<\/p>\n","protected":false},"excerpt":{"rendered":"<p>Profitez au maximum de votre s\u00e9jour \u00e0 Berlin et profitez d&#8217;une excursion d&#8217;une journ\u00e9e dans l&#8217;une des plus belles villes d&#8217;Allemagne. Au cours de cette exp\u00e9rience priv\u00e9e, vous d\u00e9couvrirez et explorerez les plus beaux sites de Dresde, la Florence du Nord, avec un expert local.<\/p>\n","protected":false},"featured_media":94272,"comment_status":"open","ping_status":"closed","template":"","meta":{"_acf_changed":false},"product_brand":[],"product_cat":[3758],"product_tag":[],"class_list":{"0":"post-102652","1":"product","2":"type-product","3":"status-publish","4":"has-post-thumbnail","6":"product_cat-berlin-fr","8":"first","9":"instock","10":"shipping-taxable","11":"purchasable","12":"product-type-simple"},"acf":[],"yoast_head":"<!-- This site is optimized with the Yoast SEO Premium plugin v25.3.1 (Yoast SEO v25.3.1) - https:\/\/yoast.com\/wordpress\/plugins\/seo\/ -->\n<title>Excursion priv\u00e9e d&#039;une journ\u00e9e de Berlin \u00e0 Dresde avec chauffeur et guide agr\u00e9\u00e9<\/title>\n<meta name=\"description\" content=\"Visitez l&#039;une des plus belles villes d&#039;Allemagne avec notre excursion priv\u00e9e d&#039;une journ\u00e9e de Berlin \u00e0 Dresde. Explorez Dresde avec un expert local!\" \/>\n<meta name=\"robots\" content=\"index, follow, max-snippet:-1, max-image-preview:large, max-video-preview:-1\" \/>\n<link rel=\"canonical\" href=\"https:\/\/tourtravelandmore.com\/fr\/tours\/allemagne-fr\/berlin-fr\/excursion-privee-dune-journee-a-dresde\/\" \/>\n<meta property=\"og:locale\" content=\"fr_FR\" \/>\n<meta property=\"og:type\" content=\"article\" \/>\n<meta property=\"og:title\" content=\"Excursion priv\u00e9e d&#039;une journ\u00e9e \u00e0 Dresde\" \/>\n<meta property=\"og:description\" content=\"Visitez l&#039;une des plus belles villes d&#039;Allemagne avec notre excursion priv\u00e9e d&#039;une journ\u00e9e de Berlin \u00e0 Dresde. Explorez Dresde avec un expert local!\" \/>\n<meta property=\"og:url\" content=\"https:\/\/tourtravelandmore.com\/fr\/tours\/allemagne-fr\/berlin-fr\/excursion-privee-dune-journee-a-dresde\/\" \/>\n<meta property=\"og:site_name\" content=\"Tour Travel And More\" \/>\n<meta property=\"article:publisher\" content=\"https:\/\/www.facebook.com\/tourtravelandmore\/\" \/>\n<meta property=\"article:modified_time\" content=\"2021-03-11T20:07:37+00:00\" \/>\n<meta property=\"og:image\" content=\"https:\/\/tourtravelandmore.com\/wp-content\/uploads\/2017\/04\/dresden_final_cover.jpg\" \/>\n\t<meta property=\"og:image:width\" content=\"1200\" \/>\n\t<meta property=\"og:image:height\" content=\"500\" \/>\n\t<meta property=\"og:image:type\" content=\"image\/jpeg\" \/>\n<meta name=\"twitter:card\" content=\"summary_large_image\" \/>\n<meta name=\"twitter:site\" content=\"@TourTravel_More\" \/>\n<meta name=\"twitter:label1\" content=\"Dur\u00e9e de lecture estim\u00e9e\" \/>\n\t<meta name=\"twitter:data1\" content=\"2 minutes\" \/>\n<script type=\"application\/ld+json\" class=\"yoast-schema-graph\">{\"@context\":\"https:\/\/schema.org\",\"@graph\":[{\"@type\":\"WebPage\",\"@id\":\"https:\/\/tourtravelandmore.com\/fr\/tours\/allemagne-fr\/berlin-fr\/excursion-privee-dune-journee-a-dresde\/\",\"url\":\"https:\/\/tourtravelandmore.com\/fr\/tours\/allemagne-fr\/berlin-fr\/excursion-privee-dune-journee-a-dresde\/\",\"name\":\"Excursion priv\u00e9e d'une journ\u00e9e de Berlin \u00e0 Dresde avec chauffeur et guide agr\u00e9\u00e9\",\"isPartOf\":{\"@id\":\"https:\/\/tourtravelandmore.com\/fr\/#website\"},\"primaryImageOfPage\":{\"@id\":\"https:\/\/tourtravelandmore.com\/fr\/tours\/allemagne-fr\/berlin-fr\/excursion-privee-dune-journee-a-dresde\/#primaryimage\"},\"image\":{\"@id\":\"https:\/\/tourtravelandmore.com\/fr\/tours\/allemagne-fr\/berlin-fr\/excursion-privee-dune-journee-a-dresde\/#primaryimage\"},\"thumbnailUrl\":\"https:\/\/tourtravelandmore.com\/wp-content\/uploads\/2017\/04\/dresden_final_cover.jpg\",\"datePublished\":\"2017-04-04T09:50:39+00:00\",\"dateModified\":\"2021-03-11T20:07:37+00:00\",\"description\":\"Visitez l'une des plus belles villes d'Allemagne avec notre excursion priv\u00e9e d'une journ\u00e9e de Berlin \u00e0 Dresde. Explorez Dresde avec un expert local!\",\"breadcrumb\":{\"@id\":\"https:\/\/tourtravelandmore.com\/fr\/tours\/allemagne-fr\/berlin-fr\/excursion-privee-dune-journee-a-dresde\/#breadcrumb\"},\"inLanguage\":\"fr-FR\",\"potentialAction\":[{\"@type\":\"ReadAction\",\"target\":[\"https:\/\/tourtravelandmore.com\/fr\/tours\/allemagne-fr\/berlin-fr\/excursion-privee-dune-journee-a-dresde\/\"]}]},{\"@type\":\"ImageObject\",\"inLanguage\":\"fr-FR\",\"@id\":\"https:\/\/tourtravelandmore.com\/fr\/tours\/allemagne-fr\/berlin-fr\/excursion-privee-dune-journee-a-dresde\/#primaryimage\",\"url\":\"https:\/\/tourtravelandmore.com\/wp-content\/uploads\/2017\/04\/dresden_final_cover.jpg\",\"contentUrl\":\"https:\/\/tourtravelandmore.com\/wp-content\/uploads\/2017\/04\/dresden_final_cover.jpg\",\"width\":1200,\"height\":500},{\"@type\":\"BreadcrumbList\",\"@id\":\"https:\/\/tourtravelandmore.com\/fr\/tours\/allemagne-fr\/berlin-fr\/excursion-privee-dune-journee-a-dresde\/#breadcrumb\",\"itemListElement\":[{\"@type\":\"ListItem\",\"position\":1,\"name\":\"Home\",\"item\":\"https:\/\/tourtravelandmore.com\/fr\/\"},{\"@type\":\"ListItem\",\"position\":2,\"name\":\"Tours\",\"item\":\"https:\/\/tourtravelandmore.com\/fr\/tours\/\"},{\"@type\":\"ListItem\",\"position\":3,\"name\":\"Excursion priv\u00e9e d&rsquo;une journ\u00e9e \u00e0 Dresde\"}]},{\"@type\":\"WebSite\",\"@id\":\"https:\/\/tourtravelandmore.com\/fr\/#website\",\"url\":\"https:\/\/tourtravelandmore.com\/fr\/\",\"name\":\"Tour Travel And More\",\"description\":\"Private sightseeing tours and luxury transfers in Spain\",\"publisher\":{\"@id\":\"https:\/\/tourtravelandmore.com\/fr\/#organization\"},\"potentialAction\":[{\"@type\":\"SearchAction\",\"target\":{\"@type\":\"EntryPoint\",\"urlTemplate\":\"https:\/\/tourtravelandmore.com\/fr\/?s={search_term_string}\"},\"query-input\":{\"@type\":\"PropertyValueSpecification\",\"valueRequired\":true,\"valueName\":\"search_term_string\"}}],\"inLanguage\":\"fr-FR\"},{\"@type\":\"Organization\",\"@id\":\"https:\/\/tourtravelandmore.com\/fr\/#organization\",\"name\":\"Tour Travel And More\",\"url\":\"https:\/\/tourtravelandmore.com\/fr\/\",\"logo\":{\"@type\":\"ImageObject\",\"inLanguage\":\"fr-FR\",\"@id\":\"https:\/\/tourtravelandmore.com\/fr\/#\/schema\/logo\/image\/\",\"url\":\"https:\/\/tourtravelandmore.com\/wp-content\/uploads\/2022\/12\/cropped-logo-cabecera-new.png\",\"contentUrl\":\"https:\/\/tourtravelandmore.com\/wp-content\/uploads\/2022\/12\/cropped-logo-cabecera-new.png\",\"width\":430,\"height\":61,\"caption\":\"Tour Travel And More\"},\"image\":{\"@id\":\"https:\/\/tourtravelandmore.com\/fr\/#\/schema\/logo\/image\/\"},\"sameAs\":[\"https:\/\/www.facebook.com\/tourtravelandmore\/\",\"https:\/\/x.com\/TourTravel_More\"]}]}<\/script>\n<!-- \/ Yoast SEO Premium plugin. -->","yoast_head_json":{"title":"Excursion priv\u00e9e d'une journ\u00e9e de Berlin \u00e0 Dresde avec chauffeur et guide agr\u00e9\u00e9","description":"Visitez l'une des plus belles villes d'Allemagne avec notre excursion priv\u00e9e d'une journ\u00e9e de Berlin \u00e0 Dresde. Explorez Dresde avec un expert local!","robots":{"index":"index","follow":"follow","max-snippet":"max-snippet:-1","max-image-preview":"max-image-preview:large","max-video-preview":"max-video-preview:-1"},"canonical":"https:\/\/tourtravelandmore.com\/fr\/tours\/allemagne-fr\/berlin-fr\/excursion-privee-dune-journee-a-dresde\/","og_locale":"fr_FR","og_type":"article","og_title":"Excursion priv\u00e9e d'une journ\u00e9e \u00e0 Dresde","og_description":"Visitez l'une des plus belles villes d'Allemagne avec notre excursion priv\u00e9e d'une journ\u00e9e de Berlin \u00e0 Dresde. Explorez Dresde avec un expert local!","og_url":"https:\/\/tourtravelandmore.com\/fr\/tours\/allemagne-fr\/berlin-fr\/excursion-privee-dune-journee-a-dresde\/","og_site_name":"Tour Travel And More","article_publisher":"https:\/\/www.facebook.com\/tourtravelandmore\/","article_modified_time":"2021-03-11T20:07:37+00:00","og_image":[{"width":1200,"height":500,"url":"https:\/\/tourtravelandmore.com\/wp-content\/uploads\/2017\/04\/dresden_final_cover.jpg","type":"image\/jpeg"}],"twitter_card":"summary_large_image","twitter_site":"@TourTravel_More","twitter_misc":{"Dur\u00e9e de lecture estim\u00e9e":"2 minutes"},"schema":{"@context":"https:\/\/schema.org","@graph":[{"@type":"WebPage","@id":"https:\/\/tourtravelandmore.com\/fr\/tours\/allemagne-fr\/berlin-fr\/excursion-privee-dune-journee-a-dresde\/","url":"https:\/\/tourtravelandmore.com\/fr\/tours\/allemagne-fr\/berlin-fr\/excursion-privee-dune-journee-a-dresde\/","name":"Excursion priv\u00e9e d'une journ\u00e9e de Berlin \u00e0 Dresde avec chauffeur et guide agr\u00e9\u00e9","isPartOf":{"@id":"https:\/\/tourtravelandmore.com\/fr\/#website"},"primaryImageOfPage":{"@id":"https:\/\/tourtravelandmore.com\/fr\/tours\/allemagne-fr\/berlin-fr\/excursion-privee-dune-journee-a-dresde\/#primaryimage"},"image":{"@id":"https:\/\/tourtravelandmore.com\/fr\/tours\/allemagne-fr\/berlin-fr\/excursion-privee-dune-journee-a-dresde\/#primaryimage"},"thumbnailUrl":"https:\/\/tourtravelandmore.com\/wp-content\/uploads\/2017\/04\/dresden_final_cover.jpg","datePublished":"2017-04-04T09:50:39+00:00","dateModified":"2021-03-11T20:07:37+00:00","description":"Visitez l'une des plus belles villes d'Allemagne avec notre excursion priv\u00e9e d'une journ\u00e9e de Berlin \u00e0 Dresde. Explorez Dresde avec un expert local!","breadcrumb":{"@id":"https:\/\/tourtravelandmore.com\/fr\/tours\/allemagne-fr\/berlin-fr\/excursion-privee-dune-journee-a-dresde\/#breadcrumb"},"inLanguage":"fr-FR","potentialAction":[{"@type":"ReadAction","target":["https:\/\/tourtravelandmore.com\/fr\/tours\/allemagne-fr\/berlin-fr\/excursion-privee-dune-journee-a-dresde\/"]}]},{"@type":"ImageObject","inLanguage":"fr-FR","@id":"https:\/\/tourtravelandmore.com\/fr\/tours\/allemagne-fr\/berlin-fr\/excursion-privee-dune-journee-a-dresde\/#primaryimage","url":"https:\/\/tourtravelandmore.com\/wp-content\/uploads\/2017\/04\/dresden_final_cover.jpg","contentUrl":"https:\/\/tourtravelandmore.com\/wp-content\/uploads\/2017\/04\/dresden_final_cover.jpg","width":1200,"height":500},{"@type":"BreadcrumbList","@id":"https:\/\/tourtravelandmore.com\/fr\/tours\/allemagne-fr\/berlin-fr\/excursion-privee-dune-journee-a-dresde\/#breadcrumb","itemListElement":[{"@type":"ListItem","position":1,"name":"Home","item":"https:\/\/tourtravelandmore.com\/fr\/"},{"@type":"ListItem","position":2,"name":"Tours","item":"https:\/\/tourtravelandmore.com\/fr\/tours\/"},{"@type":"ListItem","position":3,"name":"Excursion priv\u00e9e d&rsquo;une journ\u00e9e \u00e0 Dresde"}]},{"@type":"WebSite","@id":"https:\/\/tourtravelandmore.com\/fr\/#website","url":"https:\/\/tourtravelandmore.com\/fr\/","name":"Tour Travel And More","description":"Private sightseeing tours and luxury transfers in Spain","publisher":{"@id":"https:\/\/tourtravelandmore.com\/fr\/#organization"},"potentialAction":[{"@type":"SearchAction","target":{"@type":"EntryPoint","urlTemplate":"https:\/\/tourtravelandmore.com\/fr\/?s={search_term_string}"},"query-input":{"@type":"PropertyValueSpecification","valueRequired":true,"valueName":"search_term_string"}}],"inLanguage":"fr-FR"},{"@type":"Organization","@id":"https:\/\/tourtravelandmore.com\/fr\/#organization","name":"Tour Travel And More","url":"https:\/\/tourtravelandmore.com\/fr\/","logo":{"@type":"ImageObject","inLanguage":"fr-FR","@id":"https:\/\/tourtravelandmore.com\/fr\/#\/schema\/logo\/image\/","url":"https:\/\/tourtravelandmore.com\/wp-content\/uploads\/2022\/12\/cropped-logo-cabecera-new.png","contentUrl":"https:\/\/tourtravelandmore.com\/wp-content\/uploads\/2022\/12\/cropped-logo-cabecera-new.png","width":430,"height":61,"caption":"Tour Travel And More"},"image":{"@id":"https:\/\/tourtravelandmore.com\/fr\/#\/schema\/logo\/image\/"},"sameAs":["https:\/\/www.facebook.com\/tourtravelandmore\/","https:\/\/x.com\/TourTravel_More"]}]}},"_links":{"self":[{"href":"https:\/\/tourtravelandmore.com\/fr\/wp-json\/wp\/v2\/product\/102652","targetHints":{"allow":["GET"]}}],"collection":[{"href":"https:\/\/tourtravelandmore.com\/fr\/wp-json\/wp\/v2\/product"}],"about":[{"href":"https:\/\/tourtravelandmore.com\/fr\/wp-json\/wp\/v2\/types\/product"}],"replies":[{"embeddable":true,"href":"https:\/\/tourtravelandmore.com\/fr\/wp-json\/wp\/v2\/comments?post=102652"}],"wp:featuredmedia":[{"embeddable":true,"href":"https:\/\/tourtravelandmore.com\/fr\/wp-json\/wp\/v2\/media\/94272"}],"wp:attachment":[{"href":"https:\/\/tourtravelandmore.com\/fr\/wp-json\/wp\/v2\/media?parent=102652"}],"wp:term":[{"taxonomy":"product_brand","embeddable":true,"href":"https:\/\/tourtravelandmore.com\/fr\/wp-json\/wp\/v2\/product_brand?post=102652"},{"taxonomy":"product_cat","embeddable":true,"href":"https:\/\/tourtravelandmore.com\/fr\/wp-json\/wp\/v2\/product_cat?post=102652"},{"taxonomy":"product_tag","embeddable":true,"href":"https:\/\/tourtravelandmore.com\/fr\/wp-json\/wp\/v2\/product_tag?post=102652"}],"curies":[{"name":"wp","href":"https:\/\/api.w.org\/{rel}","templated":true}]}}