{"id":102646,"date":"2017-04-04T11:39:37","date_gmt":"2017-04-04T09:39:37","guid":{"rendered":"https:\/\/tourtravelandmore.com\/tours\/non%20class\u00e9\/visite-privee-de-la-ville-de-berlin\/"},"modified":"2021-03-11T21:04:30","modified_gmt":"2021-03-11T20:04:30","slug":"visite-privee-de-la-ville-de-berlin","status":"publish","type":"product","link":"https:\/\/tourtravelandmore.com\/fr\/tours\/allemagne-fr\/berlin-fr\/visite-privee-de-la-ville-de-berlin\/","title":{"rendered":"Visite priv\u00e9e de la ville de Berlin"},"content":{"rendered":"<h2>Description<\/h2>\n<p>Profitez de la grande architecture de Berlin et des merveilleux sites historiques lors de cette visite priv\u00e9e de Berlin \u00e0 c\u00f4t\u00e9 de votre guide officiel priv\u00e9 et confortablement dans votre v\u00e9hicule de luxe priv\u00e9 avec chauffeur.<\/p>\n<p>Nous vous rencontrerons \u00e0 votre h\u00f4tel ou lieu de votre choix \u00e0 Berlin. Votre guide officiel vous attendra dans le hall de votre h\u00f4tel ou devant votre appartement pour rendre votre exp\u00e9rience plus facile et plus confortable.<\/p>\n<p>Comme toutes nos visites, cette visite priv\u00e9e de Berlin est une visite enti\u00e8rement personnalis\u00e9e et sur mesure. La visite et son itin\u00e9raire final sont adapt\u00e9s \u00e0 vos besoins et d\u00e9sirs personnels. Si vous avez quelque chose \u00e0 l&#8217;esprit, faites-le nous savoir et nous ferons de notre mieux pour l&#8217;organiser lors de votre visite priv\u00e9e.<\/p>\n<p>La dur\u00e9e exacte de la visite est totalement flexible. Vous trouverez ci-dessous notre visite priv\u00e9e de la ville de Berlin pendant 4 heures, mais nous pouvons organiser la dur\u00e9e de la visite exactement comme vous le souhaitez. Nous vous recommandons de profiter de cette visite avec un guide officiel s\u00e9par\u00e9 et un v\u00e9hicule priv\u00e9 avec chauffeur, mais nous pouvons \u00e9galement organiser une option chauffeur \/ guide.<\/p>\n<h2>Sites d&#8217;int\u00e9r\u00eat et points de rep\u00e8re<\/h2>\n<p>Tout d&#8217;abord, votre chauffeur et votre guide viendront vous chercher sur le site de votre choix \u00e0 Berlin. Apr\u00e8s cela, vous commencerez votre visite priv\u00e9e de Berlin.<br \/>\nIl y a tellement d&#8217;endroits que vous pouvez visiter \u00e0 Berlin! L&#8217;itin\u00e9raire final d\u00e9pend de vos int\u00e9r\u00eats personnels et de la dur\u00e9e de votre visite. Des sites d&#8217;int\u00e9r\u00eat personnel peuvent \u00eatre ajout\u00e9s ou omis pour r\u00e9pondre exactement \u00e0 vos propres besoins. Certains des principaux sites que vous pouvez visiter lors de votre visite priv\u00e9e sont:<\/p>\n<ul>\n<li>Kaiser-Wilhelm-Ged\u00e4chtniskirche &#8211; \u00c9glise comm\u00e9morative de l&#8217;empereur Guillaume<\/li>\n<li>Kurf\u00fcrstendamm<\/li>\n<li>Botschaften in der Tiergarten Stra\u00dfe &#8211; Ambassades dans la rue Tiergarten<\/li>\n<li>Forum culturel<\/li>\n<li>Potsdamer Platz<\/li>\n<li>Checkpoint Charlie &#8211; le c\u00e9l\u00e8bre poste fronti\u00e8re dans le centre de Berlins (court arr\u00eat possible)<\/li>\n<li>Friedrichstrasse<\/li>\n<li>Gendarmenmarkt<\/li>\n<li>Konzerthaus Berlin: l&#8217;une des plus anciennes salles de concert de Berlin<\/li>\n<li>Schlossplatz<\/li>\n<li>Alexander Platz: Place principale de Berlin<\/li>\n<li>Cath\u00e9drale de Berlin<\/li>\n<li>Museumsinsel: Ce lieu embl\u00e9matique accueille 5 mus\u00e9es diff\u00e9rents.<\/li>\n<li>Unter den Linden<\/li>\n<li>Reichstagsgeb\u00e4ude<\/li>\n<li>Regierungsviertel: nouveau district gouvernemental (arr\u00eat court possible)<\/li>\n<li>Colonne de la victoire<\/li>\n<li>Beaucoup plus!<\/li>\n<\/ul>\n<p>Vous appr\u00e9cierez cette visite priv\u00e9e de Berlin \u00e0 c\u00f4t\u00e9 de votre guide officiel. Comme indiqu\u00e9 pr\u00e9c\u00e9demment, nous pouvons organiser la dur\u00e9e exacte et l&#8217;itin\u00e9raire de la visite en fonction de vos besoins personnels. Nous pouvons offrir des heures suppl\u00e9mentaires ou m\u00eame en faire une exp\u00e9rience d&#8217;une journ\u00e9e compl\u00e8te. Veuillez nous indiquer la dur\u00e9e de la visite priv\u00e9e.<\/p>\n","protected":false},"excerpt":{"rendered":"<p>Profitez de cette visite priv\u00e9e enti\u00e8rement personnalis\u00e9e de Berlin et profitez des sites et monuments les plus embl\u00e9matiques avec un expert local. Ne manquez pas l&#8217;occasion de d\u00e9couvrir Berlin et tout ce qu&#8217;elle a \u00e0 offrir \u00e0 c\u00f4t\u00e9 de votre guide officiel priv\u00e9 et confortablement dans votre v\u00e9hicule de luxe priv\u00e9 avec un chauffeur s\u00e9par\u00e9. Ne manquez pas les monuments et sites tels que Checkpoint Charlie, la cath\u00e9drale de Berlin, le ch\u00e2teau de Bellevue et bien plus encore!<\/p>\n","protected":false},"featured_media":98343,"comment_status":"open","ping_status":"closed","template":"","meta":{"_acf_changed":false},"product_brand":[],"product_cat":[3758],"product_tag":[],"class_list":{"0":"post-102646","1":"product","2":"type-product","3":"status-publish","4":"has-post-thumbnail","6":"product_cat-berlin-fr","8":"first","9":"instock","10":"shipping-taxable","11":"purchasable","12":"product-type-simple"},"acf":[],"yoast_head":"<!-- This site is optimized with the Yoast SEO Premium plugin v25.3.1 (Yoast SEO v25.3.1) - https:\/\/yoast.com\/wordpress\/plugins\/seo\/ -->\n<title>Visite priv\u00e9e de Berlin avec chauffeur et guide - BERLIN PRIVATE TOUR<\/title>\n<meta name=\"description\" content=\"D\u00e9couvrez la grande architecture de Berlin et les merveilleux sites historiques lors de cette visite priv\u00e9e de Berlin avec un guide priv\u00e9 et un v\u00e9hicule de luxe priv\u00e9\" \/>\n<meta name=\"robots\" content=\"index, follow, max-snippet:-1, max-image-preview:large, max-video-preview:-1\" \/>\n<link rel=\"canonical\" href=\"https:\/\/tourtravelandmore.com\/fr\/tours\/allemagne-fr\/berlin-fr\/visite-privee-de-la-ville-de-berlin\/\" \/>\n<meta property=\"og:locale\" content=\"fr_FR\" \/>\n<meta property=\"og:type\" content=\"article\" \/>\n<meta property=\"og:title\" content=\"Visite priv\u00e9e de la ville de Berlin\" \/>\n<meta property=\"og:description\" content=\"D\u00e9couvrez la grande architecture de Berlin et les merveilleux sites historiques lors de cette visite priv\u00e9e de Berlin avec un guide priv\u00e9 et un v\u00e9hicule de luxe priv\u00e9\" \/>\n<meta property=\"og:url\" content=\"https:\/\/tourtravelandmore.com\/fr\/tours\/allemagne-fr\/berlin-fr\/visite-privee-de-la-ville-de-berlin\/\" \/>\n<meta property=\"og:site_name\" content=\"Tour Travel And More\" \/>\n<meta property=\"article:publisher\" content=\"https:\/\/www.facebook.com\/tourtravelandmore\/\" \/>\n<meta property=\"article:modified_time\" content=\"2021-03-11T20:04:30+00:00\" \/>\n<meta property=\"og:image\" content=\"https:\/\/tourtravelandmore.com\/wp-content\/uploads\/2017\/04\/berlin-dom-berlin-cathedral-building-capital-architecture-dome-historically-places-of-interest-min.jpg\" \/>\n\t<meta property=\"og:image:width\" content=\"880\" \/>\n\t<meta property=\"og:image:height\" content=\"583\" \/>\n\t<meta property=\"og:image:type\" content=\"image\/jpeg\" \/>\n<meta name=\"twitter:card\" content=\"summary_large_image\" \/>\n<meta name=\"twitter:site\" content=\"@TourTravel_More\" \/>\n<meta name=\"twitter:label1\" content=\"Dur\u00e9e de lecture estim\u00e9e\" \/>\n\t<meta name=\"twitter:data1\" content=\"2 minutes\" \/>\n<script type=\"application\/ld+json\" class=\"yoast-schema-graph\">{\"@context\":\"https:\/\/schema.org\",\"@graph\":[{\"@type\":\"WebPage\",\"@id\":\"https:\/\/tourtravelandmore.com\/fr\/tours\/allemagne-fr\/berlin-fr\/visite-privee-de-la-ville-de-berlin\/\",\"url\":\"https:\/\/tourtravelandmore.com\/fr\/tours\/allemagne-fr\/berlin-fr\/visite-privee-de-la-ville-de-berlin\/\",\"name\":\"Visite priv\u00e9e de Berlin avec chauffeur et guide - BERLIN PRIVATE TOUR\",\"isPartOf\":{\"@id\":\"https:\/\/tourtravelandmore.com\/fr\/#website\"},\"primaryImageOfPage\":{\"@id\":\"https:\/\/tourtravelandmore.com\/fr\/tours\/allemagne-fr\/berlin-fr\/visite-privee-de-la-ville-de-berlin\/#primaryimage\"},\"image\":{\"@id\":\"https:\/\/tourtravelandmore.com\/fr\/tours\/allemagne-fr\/berlin-fr\/visite-privee-de-la-ville-de-berlin\/#primaryimage\"},\"thumbnailUrl\":\"https:\/\/tourtravelandmore.com\/wp-content\/uploads\/2017\/04\/berlin-dom-berlin-cathedral-building-capital-architecture-dome-historically-places-of-interest-min.jpg\",\"datePublished\":\"2017-04-04T09:39:37+00:00\",\"dateModified\":\"2021-03-11T20:04:30+00:00\",\"description\":\"D\u00e9couvrez la grande architecture de Berlin et les merveilleux sites historiques lors de cette visite priv\u00e9e de Berlin avec un guide priv\u00e9 et un v\u00e9hicule de luxe priv\u00e9\",\"breadcrumb\":{\"@id\":\"https:\/\/tourtravelandmore.com\/fr\/tours\/allemagne-fr\/berlin-fr\/visite-privee-de-la-ville-de-berlin\/#breadcrumb\"},\"inLanguage\":\"fr-FR\",\"potentialAction\":[{\"@type\":\"ReadAction\",\"target\":[\"https:\/\/tourtravelandmore.com\/fr\/tours\/allemagne-fr\/berlin-fr\/visite-privee-de-la-ville-de-berlin\/\"]}]},{\"@type\":\"ImageObject\",\"inLanguage\":\"fr-FR\",\"@id\":\"https:\/\/tourtravelandmore.com\/fr\/tours\/allemagne-fr\/berlin-fr\/visite-privee-de-la-ville-de-berlin\/#primaryimage\",\"url\":\"https:\/\/tourtravelandmore.com\/wp-content\/uploads\/2017\/04\/berlin-dom-berlin-cathedral-building-capital-architecture-dome-historically-places-of-interest-min.jpg\",\"contentUrl\":\"https:\/\/tourtravelandmore.com\/wp-content\/uploads\/2017\/04\/berlin-dom-berlin-cathedral-building-capital-architecture-dome-historically-places-of-interest-min.jpg\",\"width\":880,\"height\":583},{\"@type\":\"BreadcrumbList\",\"@id\":\"https:\/\/tourtravelandmore.com\/fr\/tours\/allemagne-fr\/berlin-fr\/visite-privee-de-la-ville-de-berlin\/#breadcrumb\",\"itemListElement\":[{\"@type\":\"ListItem\",\"position\":1,\"name\":\"Home\",\"item\":\"https:\/\/tourtravelandmore.com\/fr\/\"},{\"@type\":\"ListItem\",\"position\":2,\"name\":\"Tours\",\"item\":\"https:\/\/tourtravelandmore.com\/fr\/tours\/\"},{\"@type\":\"ListItem\",\"position\":3,\"name\":\"Visite priv\u00e9e de la ville de Berlin\"}]},{\"@type\":\"WebSite\",\"@id\":\"https:\/\/tourtravelandmore.com\/fr\/#website\",\"url\":\"https:\/\/tourtravelandmore.com\/fr\/\",\"name\":\"Tour Travel And More\",\"description\":\"Private sightseeing tours and luxury transfers in Spain\",\"publisher\":{\"@id\":\"https:\/\/tourtravelandmore.com\/fr\/#organization\"},\"potentialAction\":[{\"@type\":\"SearchAction\",\"target\":{\"@type\":\"EntryPoint\",\"urlTemplate\":\"https:\/\/tourtravelandmore.com\/fr\/?s={search_term_string}\"},\"query-input\":{\"@type\":\"PropertyValueSpecification\",\"valueRequired\":true,\"valueName\":\"search_term_string\"}}],\"inLanguage\":\"fr-FR\"},{\"@type\":\"Organization\",\"@id\":\"https:\/\/tourtravelandmore.com\/fr\/#organization\",\"name\":\"Tour Travel And More\",\"url\":\"https:\/\/tourtravelandmore.com\/fr\/\",\"logo\":{\"@type\":\"ImageObject\",\"inLanguage\":\"fr-FR\",\"@id\":\"https:\/\/tourtravelandmore.com\/fr\/#\/schema\/logo\/image\/\",\"url\":\"https:\/\/tourtravelandmore.com\/wp-content\/uploads\/2022\/12\/cropped-logo-cabecera-new.png\",\"contentUrl\":\"https:\/\/tourtravelandmore.com\/wp-content\/uploads\/2022\/12\/cropped-logo-cabecera-new.png\",\"width\":430,\"height\":61,\"caption\":\"Tour Travel And More\"},\"image\":{\"@id\":\"https:\/\/tourtravelandmore.com\/fr\/#\/schema\/logo\/image\/\"},\"sameAs\":[\"https:\/\/www.facebook.com\/tourtravelandmore\/\",\"https:\/\/x.com\/TourTravel_More\"]}]}<\/script>\n<!-- \/ Yoast SEO Premium plugin. -->","yoast_head_json":{"title":"Visite priv\u00e9e de Berlin avec chauffeur et guide - BERLIN PRIVATE TOUR","description":"D\u00e9couvrez la grande architecture de Berlin et les merveilleux sites historiques lors de cette visite priv\u00e9e de Berlin avec un guide priv\u00e9 et un v\u00e9hicule de luxe priv\u00e9","robots":{"index":"index","follow":"follow","max-snippet":"max-snippet:-1","max-image-preview":"max-image-preview:large","max-video-preview":"max-video-preview:-1"},"canonical":"https:\/\/tourtravelandmore.com\/fr\/tours\/allemagne-fr\/berlin-fr\/visite-privee-de-la-ville-de-berlin\/","og_locale":"fr_FR","og_type":"article","og_title":"Visite priv\u00e9e de la ville de Berlin","og_description":"D\u00e9couvrez la grande architecture de Berlin et les merveilleux sites historiques lors de cette visite priv\u00e9e de Berlin avec un guide priv\u00e9 et un v\u00e9hicule de luxe priv\u00e9","og_url":"https:\/\/tourtravelandmore.com\/fr\/tours\/allemagne-fr\/berlin-fr\/visite-privee-de-la-ville-de-berlin\/","og_site_name":"Tour Travel And More","article_publisher":"https:\/\/www.facebook.com\/tourtravelandmore\/","article_modified_time":"2021-03-11T20:04:30+00:00","og_image":[{"width":880,"height":583,"url":"https:\/\/tourtravelandmore.com\/wp-content\/uploads\/2017\/04\/berlin-dom-berlin-cathedral-building-capital-architecture-dome-historically-places-of-interest-min.jpg","type":"image\/jpeg"}],"twitter_card":"summary_large_image","twitter_site":"@TourTravel_More","twitter_misc":{"Dur\u00e9e de lecture estim\u00e9e":"2 minutes"},"schema":{"@context":"https:\/\/schema.org","@graph":[{"@type":"WebPage","@id":"https:\/\/tourtravelandmore.com\/fr\/tours\/allemagne-fr\/berlin-fr\/visite-privee-de-la-ville-de-berlin\/","url":"https:\/\/tourtravelandmore.com\/fr\/tours\/allemagne-fr\/berlin-fr\/visite-privee-de-la-ville-de-berlin\/","name":"Visite priv\u00e9e de Berlin avec chauffeur et guide - BERLIN PRIVATE TOUR","isPartOf":{"@id":"https:\/\/tourtravelandmore.com\/fr\/#website"},"primaryImageOfPage":{"@id":"https:\/\/tourtravelandmore.com\/fr\/tours\/allemagne-fr\/berlin-fr\/visite-privee-de-la-ville-de-berlin\/#primaryimage"},"image":{"@id":"https:\/\/tourtravelandmore.com\/fr\/tours\/allemagne-fr\/berlin-fr\/visite-privee-de-la-ville-de-berlin\/#primaryimage"},"thumbnailUrl":"https:\/\/tourtravelandmore.com\/wp-content\/uploads\/2017\/04\/berlin-dom-berlin-cathedral-building-capital-architecture-dome-historically-places-of-interest-min.jpg","datePublished":"2017-04-04T09:39:37+00:00","dateModified":"2021-03-11T20:04:30+00:00","description":"D\u00e9couvrez la grande architecture de Berlin et les merveilleux sites historiques lors de cette visite priv\u00e9e de Berlin avec un guide priv\u00e9 et un v\u00e9hicule de luxe priv\u00e9","breadcrumb":{"@id":"https:\/\/tourtravelandmore.com\/fr\/tours\/allemagne-fr\/berlin-fr\/visite-privee-de-la-ville-de-berlin\/#breadcrumb"},"inLanguage":"fr-FR","potentialAction":[{"@type":"ReadAction","target":["https:\/\/tourtravelandmore.com\/fr\/tours\/allemagne-fr\/berlin-fr\/visite-privee-de-la-ville-de-berlin\/"]}]},{"@type":"ImageObject","inLanguage":"fr-FR","@id":"https:\/\/tourtravelandmore.com\/fr\/tours\/allemagne-fr\/berlin-fr\/visite-privee-de-la-ville-de-berlin\/#primaryimage","url":"https:\/\/tourtravelandmore.com\/wp-content\/uploads\/2017\/04\/berlin-dom-berlin-cathedral-building-capital-architecture-dome-historically-places-of-interest-min.jpg","contentUrl":"https:\/\/tourtravelandmore.com\/wp-content\/uploads\/2017\/04\/berlin-dom-berlin-cathedral-building-capital-architecture-dome-historically-places-of-interest-min.jpg","width":880,"height":583},{"@type":"BreadcrumbList","@id":"https:\/\/tourtravelandmore.com\/fr\/tours\/allemagne-fr\/berlin-fr\/visite-privee-de-la-ville-de-berlin\/#breadcrumb","itemListElement":[{"@type":"ListItem","position":1,"name":"Home","item":"https:\/\/tourtravelandmore.com\/fr\/"},{"@type":"ListItem","position":2,"name":"Tours","item":"https:\/\/tourtravelandmore.com\/fr\/tours\/"},{"@type":"ListItem","position":3,"name":"Visite priv\u00e9e de la ville de Berlin"}]},{"@type":"WebSite","@id":"https:\/\/tourtravelandmore.com\/fr\/#website","url":"https:\/\/tourtravelandmore.com\/fr\/","name":"Tour Travel And More","description":"Private sightseeing tours and luxury transfers in Spain","publisher":{"@id":"https:\/\/tourtravelandmore.com\/fr\/#organization"},"potentialAction":[{"@type":"SearchAction","target":{"@type":"EntryPoint","urlTemplate":"https:\/\/tourtravelandmore.com\/fr\/?s={search_term_string}"},"query-input":{"@type":"PropertyValueSpecification","valueRequired":true,"valueName":"search_term_string"}}],"inLanguage":"fr-FR"},{"@type":"Organization","@id":"https:\/\/tourtravelandmore.com\/fr\/#organization","name":"Tour Travel And More","url":"https:\/\/tourtravelandmore.com\/fr\/","logo":{"@type":"ImageObject","inLanguage":"fr-FR","@id":"https:\/\/tourtravelandmore.com\/fr\/#\/schema\/logo\/image\/","url":"https:\/\/tourtravelandmore.com\/wp-content\/uploads\/2022\/12\/cropped-logo-cabecera-new.png","contentUrl":"https:\/\/tourtravelandmore.com\/wp-content\/uploads\/2022\/12\/cropped-logo-cabecera-new.png","width":430,"height":61,"caption":"Tour Travel And More"},"image":{"@id":"https:\/\/tourtravelandmore.com\/fr\/#\/schema\/logo\/image\/"},"sameAs":["https:\/\/www.facebook.com\/tourtravelandmore\/","https:\/\/x.com\/TourTravel_More"]}]}},"_links":{"self":[{"href":"https:\/\/tourtravelandmore.com\/fr\/wp-json\/wp\/v2\/product\/102646","targetHints":{"allow":["GET"]}}],"collection":[{"href":"https:\/\/tourtravelandmore.com\/fr\/wp-json\/wp\/v2\/product"}],"about":[{"href":"https:\/\/tourtravelandmore.com\/fr\/wp-json\/wp\/v2\/types\/product"}],"replies":[{"embeddable":true,"href":"https:\/\/tourtravelandmore.com\/fr\/wp-json\/wp\/v2\/comments?post=102646"}],"wp:featuredmedia":[{"embeddable":true,"href":"https:\/\/tourtravelandmore.com\/fr\/wp-json\/wp\/v2\/media\/98343"}],"wp:attachment":[{"href":"https:\/\/tourtravelandmore.com\/fr\/wp-json\/wp\/v2\/media?parent=102646"}],"wp:term":[{"taxonomy":"product_brand","embeddable":true,"href":"https:\/\/tourtravelandmore.com\/fr\/wp-json\/wp\/v2\/product_brand?post=102646"},{"taxonomy":"product_cat","embeddable":true,"href":"https:\/\/tourtravelandmore.com\/fr\/wp-json\/wp\/v2\/product_cat?post=102646"},{"taxonomy":"product_tag","embeddable":true,"href":"https:\/\/tourtravelandmore.com\/fr\/wp-json\/wp\/v2\/product_tag?post=102646"}],"curies":[{"name":"wp","href":"https:\/\/api.w.org\/{rel}","templated":true}]}}