{"id":102630,"date":"2021-01-20T10:21:38","date_gmt":"2021-01-20T09:21:38","guid":{"rendered":"https:\/\/tourtravelandmore.com\/tours\/non%20class\u00e9\/visite-privee-de-malindi-et-watamu-au-depart-de-mombasa\/"},"modified":"2021-03-11T20:59:18","modified_gmt":"2021-03-11T19:59:18","slug":"visite-privee-de-malindi-et-watamu-au-depart-de-mombasa","status":"publish","type":"product","link":"https:\/\/tourtravelandmore.com\/fr\/tours\/etats-unis-fr\/visite-privee-de-malindi-et-watamu-au-depart-de-mombasa\/","title":{"rendered":"Visite priv\u00e9e de Malindi et Watamu au d\u00e9part de Mombasa"},"content":{"rendered":"<h2>Description<\/h2>\n<p>Prenez cette journ\u00e9e compl\u00e8te de visite priv\u00e9e de Malindi et Watamu au d\u00e9part de Mombasa et vivez une exp\u00e9rience formidable!<\/p>\n<p>Pour cette visite priv\u00e9e, nous commencerons par venir vous chercher \u00e0 votre h\u00f4tel ou complexe \u00e0 Mombasa. Pour cette visite priv\u00e9e, nous organiserons la prise en charge vers 6 heures du matin. Si vous pr\u00e9f\u00e9rez une autre heure, veuillez nous en informer.<\/p>\n<p>Une fois que nous sommes venus vous chercher, nous commencerons cette visite priv\u00e9e de Malindi et Watamu au d\u00e9part de Mombasa.<\/p>\n<p>Watamu est une ville situ\u00e9e non loin de Malindi, \u00e0 seulement 15-20 km et \u00e9galement \u00e0 environ 100 km de Mombasa. C&#8217;est tr\u00e8s important pour le tourisme ainsi que pour Malindi. Malindi se trouve sur la baie de Malindi. Les deux villes sont proches de l&#8217;oc\u00e9an Indien et sont connues pour \u00eatre deux beaux endroits au Kenya.<\/p>\n<p>Faites notre visite priv\u00e9e de Malindi et Watamu au d\u00e9part de Mombasa pour d\u00e9couvrir ces deux sites incroyables!<\/p>\n<h2>Sites d&#8217;int\u00e9r\u00eat et points de rep\u00e8re<\/h2>\n<p>Tout d&#8217;abord, comme toutes nos visites priv\u00e9es, nous organiserons une prise en charge confortable de votre complexe \u00e0 Mombasa.<\/p>\n<p>Deuxi\u00e8mement, nous vous emm\u00e8nerons visiter la for\u00eat d&#8217;Arabuko Sokoke. \u00c0 cet endroit, vous pourrez d\u00e9couvrir la for\u00eat c\u00f4ti\u00e8re la plus grande et la plus intacte d&#8217;Afrique de l&#8217;Est. Pouvez-vous croire que vous pouvez trouver les 20% des esp\u00e8ces d&#8217;oiseaux du Kenya! Vous pouvez \u00e9galement trouver 30% d&#8217;esp\u00e8ces de papillons ainsi que 24 esp\u00e8ces rares et end\u00e9miques d&#8217;oiseaux, de mammif\u00e8res et de papillons.<\/p>\n<p>Une fois que nous aurons visit\u00e9 la for\u00eat d&#8217;ARabuko Sokoke, nous nous dirigerons vers les ruines de Gede. Il s&#8217;agit d&#8217;un vaste complexe de vestiges d&#8217;une ville swahili. Les origines remontent au 12\u00e8me si\u00e8cle. Il a \u00e9t\u00e9 reconstruit avec de nouveaux murs de la ville au 15\u00e8me et 16\u00e8me si\u00e8cle.<\/p>\n<p>Profitez du mus\u00e9e qui s&#8217;y trouve. Vous pouvez rep\u00e9rer et explorer les ruines, les mosqu\u00e9es et les magnifiques palais et maisons. Ceci est situ\u00e9 dans la zone 45 de la for\u00eat tropicale.<\/p>\n<p>Juste \u00e0 c\u00f4t\u00e9, vous trouverez le projet Kipepeo Butterfly. Apr\u00e8s avoir vu tout cela, nous vous emm\u00e8nerons \u00e0 Malindi pour le d\u00e9jeuner.<\/p>\n<p>Apr\u00e8s une petite bouch\u00e9e, nous profiterons d&#8217;une visite de Malindi.<\/p>\n<p>Nous fl\u00e2nerons dans les belles rues et aurons \u00e9galement une vue sur des maisons centenaires. Nous irons visiter l&#8217;\u00e9glise St Fran\u00e7ois Xavier. Vous vous prom\u00e8nerez dans la ville et apprendrez l&#8217;histoire ainsi que visiter le Vasco de Gama Pilar.<\/p>\n<p>Apr\u00e8s cela, nous vous ram\u00e8nerons vers votre h\u00f4tel ou complexe \u00e0 Mombasa.<\/p>\n<p>D\u00e9couvrez toutes les autres visites priv\u00e9es que nous pouvons vous proposer au Kenya. Veuillez noter que nous pouvons organiser pour vous des visites priv\u00e9es dans n&#8217;importe quelle ville du monde!<\/p>\n","protected":false},"excerpt":{"rendered":"<p>Explorez deux des plus belles villes du Kenya. Offrez-vous cette exp\u00e9rience avec notre visite priv\u00e9e de Malindi et Watamu au d\u00e9part de Mombasa<\/p>\n","protected":false},"featured_media":91424,"comment_status":"open","ping_status":"closed","template":"","meta":{"_acf_changed":false},"product_brand":[],"product_cat":[3731,3547],"product_tag":[],"class_list":{"0":"post-102630","1":"product","2":"type-product","3":"status-publish","4":"has-post-thumbnail","6":"product_cat-kenya-fr","7":"product_cat-etats-unis-fr","9":"first","10":"instock","11":"shipping-taxable","12":"purchasable","13":"product-type-simple"},"acf":[],"yoast_head":"<!-- This site is optimized with the Yoast SEO Premium plugin v25.3.1 (Yoast SEO v25.3.1) - https:\/\/yoast.com\/wordpress\/plugins\/seo\/ -->\n<title>Visite priv\u00e9e de Malindi et Watamu au d\u00e9part de Mombasa avec chauffeur-guide!<\/title>\n<meta name=\"description\" content=\"Explorez deux des plus belles villes du Kenya. Offrez-vous cette exp\u00e9rience avec notre visite priv\u00e9e de Malindi et Watamu au d\u00e9part de Mombasa\" \/>\n<meta name=\"robots\" content=\"index, follow, max-snippet:-1, max-image-preview:large, max-video-preview:-1\" \/>\n<link rel=\"canonical\" href=\"https:\/\/tourtravelandmore.com\/fr\/tours\/etats-unis-fr\/visite-privee-de-malindi-et-watamu-au-depart-de-mombasa\/\" \/>\n<meta property=\"og:locale\" content=\"fr_FR\" \/>\n<meta property=\"og:type\" content=\"article\" \/>\n<meta property=\"og:title\" content=\"Visite priv\u00e9e de Malindi et Watamu au d\u00e9part de Mombasa\" \/>\n<meta property=\"og:description\" content=\"Explorez deux des plus belles villes du Kenya. Offrez-vous cette exp\u00e9rience avec notre visite priv\u00e9e de Malindi et Watamu au d\u00e9part de Mombasa\" \/>\n<meta property=\"og:url\" content=\"https:\/\/tourtravelandmore.com\/fr\/tours\/etats-unis-fr\/visite-privee-de-malindi-et-watamu-au-depart-de-mombasa\/\" \/>\n<meta property=\"og:site_name\" content=\"Tour Travel And More\" \/>\n<meta property=\"article:publisher\" content=\"https:\/\/www.facebook.com\/tourtravelandmore\/\" \/>\n<meta property=\"article:modified_time\" content=\"2021-03-11T19:59:18+00:00\" \/>\n<meta property=\"og:image\" content=\"https:\/\/tourtravelandmore.com\/wp-content\/uploads\/2021\/01\/Kenya-6-scaled.jpg\" \/>\n\t<meta property=\"og:image:width\" content=\"2560\" \/>\n\t<meta property=\"og:image:height\" content=\"1731\" \/>\n\t<meta property=\"og:image:type\" content=\"image\/jpeg\" \/>\n<meta name=\"twitter:card\" content=\"summary_large_image\" \/>\n<meta name=\"twitter:site\" content=\"@TourTravel_More\" \/>\n<meta name=\"twitter:label1\" content=\"Dur\u00e9e de lecture estim\u00e9e\" \/>\n\t<meta name=\"twitter:data1\" content=\"2 minutes\" \/>\n<script type=\"application\/ld+json\" class=\"yoast-schema-graph\">{\"@context\":\"https:\/\/schema.org\",\"@graph\":[{\"@type\":\"WebPage\",\"@id\":\"https:\/\/tourtravelandmore.com\/fr\/tours\/etats-unis-fr\/visite-privee-de-malindi-et-watamu-au-depart-de-mombasa\/\",\"url\":\"https:\/\/tourtravelandmore.com\/fr\/tours\/etats-unis-fr\/visite-privee-de-malindi-et-watamu-au-depart-de-mombasa\/\",\"name\":\"Visite priv\u00e9e de Malindi et Watamu au d\u00e9part de Mombasa avec chauffeur-guide!\",\"isPartOf\":{\"@id\":\"https:\/\/tourtravelandmore.com\/fr\/#website\"},\"primaryImageOfPage\":{\"@id\":\"https:\/\/tourtravelandmore.com\/fr\/tours\/etats-unis-fr\/visite-privee-de-malindi-et-watamu-au-depart-de-mombasa\/#primaryimage\"},\"image\":{\"@id\":\"https:\/\/tourtravelandmore.com\/fr\/tours\/etats-unis-fr\/visite-privee-de-malindi-et-watamu-au-depart-de-mombasa\/#primaryimage\"},\"thumbnailUrl\":\"https:\/\/tourtravelandmore.com\/wp-content\/uploads\/2021\/01\/Kenya-6-scaled.jpg\",\"datePublished\":\"2021-01-20T09:21:38+00:00\",\"dateModified\":\"2021-03-11T19:59:18+00:00\",\"description\":\"Explorez deux des plus belles villes du Kenya. Offrez-vous cette exp\u00e9rience avec notre visite priv\u00e9e de Malindi et Watamu au d\u00e9part de Mombasa\",\"breadcrumb\":{\"@id\":\"https:\/\/tourtravelandmore.com\/fr\/tours\/etats-unis-fr\/visite-privee-de-malindi-et-watamu-au-depart-de-mombasa\/#breadcrumb\"},\"inLanguage\":\"fr-FR\",\"potentialAction\":[{\"@type\":\"ReadAction\",\"target\":[\"https:\/\/tourtravelandmore.com\/fr\/tours\/etats-unis-fr\/visite-privee-de-malindi-et-watamu-au-depart-de-mombasa\/\"]}]},{\"@type\":\"ImageObject\",\"inLanguage\":\"fr-FR\",\"@id\":\"https:\/\/tourtravelandmore.com\/fr\/tours\/etats-unis-fr\/visite-privee-de-malindi-et-watamu-au-depart-de-mombasa\/#primaryimage\",\"url\":\"https:\/\/tourtravelandmore.com\/wp-content\/uploads\/2021\/01\/Kenya-6-scaled.jpg\",\"contentUrl\":\"https:\/\/tourtravelandmore.com\/wp-content\/uploads\/2021\/01\/Kenya-6-scaled.jpg\",\"width\":2560,\"height\":1731},{\"@type\":\"BreadcrumbList\",\"@id\":\"https:\/\/tourtravelandmore.com\/fr\/tours\/etats-unis-fr\/visite-privee-de-malindi-et-watamu-au-depart-de-mombasa\/#breadcrumb\",\"itemListElement\":[{\"@type\":\"ListItem\",\"position\":1,\"name\":\"Home\",\"item\":\"https:\/\/tourtravelandmore.com\/fr\/\"},{\"@type\":\"ListItem\",\"position\":2,\"name\":\"Tours\",\"item\":\"https:\/\/tourtravelandmore.com\/fr\/tours\/\"},{\"@type\":\"ListItem\",\"position\":3,\"name\":\"Visite priv\u00e9e de Malindi et Watamu au d\u00e9part de Mombasa\"}]},{\"@type\":\"WebSite\",\"@id\":\"https:\/\/tourtravelandmore.com\/fr\/#website\",\"url\":\"https:\/\/tourtravelandmore.com\/fr\/\",\"name\":\"Tour Travel And More\",\"description\":\"Private sightseeing tours and luxury transfers in Spain\",\"publisher\":{\"@id\":\"https:\/\/tourtravelandmore.com\/fr\/#organization\"},\"potentialAction\":[{\"@type\":\"SearchAction\",\"target\":{\"@type\":\"EntryPoint\",\"urlTemplate\":\"https:\/\/tourtravelandmore.com\/fr\/?s={search_term_string}\"},\"query-input\":{\"@type\":\"PropertyValueSpecification\",\"valueRequired\":true,\"valueName\":\"search_term_string\"}}],\"inLanguage\":\"fr-FR\"},{\"@type\":\"Organization\",\"@id\":\"https:\/\/tourtravelandmore.com\/fr\/#organization\",\"name\":\"Tour Travel And More\",\"url\":\"https:\/\/tourtravelandmore.com\/fr\/\",\"logo\":{\"@type\":\"ImageObject\",\"inLanguage\":\"fr-FR\",\"@id\":\"https:\/\/tourtravelandmore.com\/fr\/#\/schema\/logo\/image\/\",\"url\":\"https:\/\/tourtravelandmore.com\/wp-content\/uploads\/2022\/12\/cropped-logo-cabecera-new.png\",\"contentUrl\":\"https:\/\/tourtravelandmore.com\/wp-content\/uploads\/2022\/12\/cropped-logo-cabecera-new.png\",\"width\":430,\"height\":61,\"caption\":\"Tour Travel And More\"},\"image\":{\"@id\":\"https:\/\/tourtravelandmore.com\/fr\/#\/schema\/logo\/image\/\"},\"sameAs\":[\"https:\/\/www.facebook.com\/tourtravelandmore\/\",\"https:\/\/x.com\/TourTravel_More\"]}]}<\/script>\n<!-- \/ Yoast SEO Premium plugin. -->","yoast_head_json":{"title":"Visite priv\u00e9e de Malindi et Watamu au d\u00e9part de Mombasa avec chauffeur-guide!","description":"Explorez deux des plus belles villes du Kenya. Offrez-vous cette exp\u00e9rience avec notre visite priv\u00e9e de Malindi et Watamu au d\u00e9part de Mombasa","robots":{"index":"index","follow":"follow","max-snippet":"max-snippet:-1","max-image-preview":"max-image-preview:large","max-video-preview":"max-video-preview:-1"},"canonical":"https:\/\/tourtravelandmore.com\/fr\/tours\/etats-unis-fr\/visite-privee-de-malindi-et-watamu-au-depart-de-mombasa\/","og_locale":"fr_FR","og_type":"article","og_title":"Visite priv\u00e9e de Malindi et Watamu au d\u00e9part de Mombasa","og_description":"Explorez deux des plus belles villes du Kenya. Offrez-vous cette exp\u00e9rience avec notre visite priv\u00e9e de Malindi et Watamu au d\u00e9part de Mombasa","og_url":"https:\/\/tourtravelandmore.com\/fr\/tours\/etats-unis-fr\/visite-privee-de-malindi-et-watamu-au-depart-de-mombasa\/","og_site_name":"Tour Travel And More","article_publisher":"https:\/\/www.facebook.com\/tourtravelandmore\/","article_modified_time":"2021-03-11T19:59:18+00:00","og_image":[{"width":2560,"height":1731,"url":"https:\/\/tourtravelandmore.com\/wp-content\/uploads\/2021\/01\/Kenya-6-scaled.jpg","type":"image\/jpeg"}],"twitter_card":"summary_large_image","twitter_site":"@TourTravel_More","twitter_misc":{"Dur\u00e9e de lecture estim\u00e9e":"2 minutes"},"schema":{"@context":"https:\/\/schema.org","@graph":[{"@type":"WebPage","@id":"https:\/\/tourtravelandmore.com\/fr\/tours\/etats-unis-fr\/visite-privee-de-malindi-et-watamu-au-depart-de-mombasa\/","url":"https:\/\/tourtravelandmore.com\/fr\/tours\/etats-unis-fr\/visite-privee-de-malindi-et-watamu-au-depart-de-mombasa\/","name":"Visite priv\u00e9e de Malindi et Watamu au d\u00e9part de Mombasa avec chauffeur-guide!","isPartOf":{"@id":"https:\/\/tourtravelandmore.com\/fr\/#website"},"primaryImageOfPage":{"@id":"https:\/\/tourtravelandmore.com\/fr\/tours\/etats-unis-fr\/visite-privee-de-malindi-et-watamu-au-depart-de-mombasa\/#primaryimage"},"image":{"@id":"https:\/\/tourtravelandmore.com\/fr\/tours\/etats-unis-fr\/visite-privee-de-malindi-et-watamu-au-depart-de-mombasa\/#primaryimage"},"thumbnailUrl":"https:\/\/tourtravelandmore.com\/wp-content\/uploads\/2021\/01\/Kenya-6-scaled.jpg","datePublished":"2021-01-20T09:21:38+00:00","dateModified":"2021-03-11T19:59:18+00:00","description":"Explorez deux des plus belles villes du Kenya. Offrez-vous cette exp\u00e9rience avec notre visite priv\u00e9e de Malindi et Watamu au d\u00e9part de Mombasa","breadcrumb":{"@id":"https:\/\/tourtravelandmore.com\/fr\/tours\/etats-unis-fr\/visite-privee-de-malindi-et-watamu-au-depart-de-mombasa\/#breadcrumb"},"inLanguage":"fr-FR","potentialAction":[{"@type":"ReadAction","target":["https:\/\/tourtravelandmore.com\/fr\/tours\/etats-unis-fr\/visite-privee-de-malindi-et-watamu-au-depart-de-mombasa\/"]}]},{"@type":"ImageObject","inLanguage":"fr-FR","@id":"https:\/\/tourtravelandmore.com\/fr\/tours\/etats-unis-fr\/visite-privee-de-malindi-et-watamu-au-depart-de-mombasa\/#primaryimage","url":"https:\/\/tourtravelandmore.com\/wp-content\/uploads\/2021\/01\/Kenya-6-scaled.jpg","contentUrl":"https:\/\/tourtravelandmore.com\/wp-content\/uploads\/2021\/01\/Kenya-6-scaled.jpg","width":2560,"height":1731},{"@type":"BreadcrumbList","@id":"https:\/\/tourtravelandmore.com\/fr\/tours\/etats-unis-fr\/visite-privee-de-malindi-et-watamu-au-depart-de-mombasa\/#breadcrumb","itemListElement":[{"@type":"ListItem","position":1,"name":"Home","item":"https:\/\/tourtravelandmore.com\/fr\/"},{"@type":"ListItem","position":2,"name":"Tours","item":"https:\/\/tourtravelandmore.com\/fr\/tours\/"},{"@type":"ListItem","position":3,"name":"Visite priv\u00e9e de Malindi et Watamu au d\u00e9part de Mombasa"}]},{"@type":"WebSite","@id":"https:\/\/tourtravelandmore.com\/fr\/#website","url":"https:\/\/tourtravelandmore.com\/fr\/","name":"Tour Travel And More","description":"Private sightseeing tours and luxury transfers in Spain","publisher":{"@id":"https:\/\/tourtravelandmore.com\/fr\/#organization"},"potentialAction":[{"@type":"SearchAction","target":{"@type":"EntryPoint","urlTemplate":"https:\/\/tourtravelandmore.com\/fr\/?s={search_term_string}"},"query-input":{"@type":"PropertyValueSpecification","valueRequired":true,"valueName":"search_term_string"}}],"inLanguage":"fr-FR"},{"@type":"Organization","@id":"https:\/\/tourtravelandmore.com\/fr\/#organization","name":"Tour Travel And More","url":"https:\/\/tourtravelandmore.com\/fr\/","logo":{"@type":"ImageObject","inLanguage":"fr-FR","@id":"https:\/\/tourtravelandmore.com\/fr\/#\/schema\/logo\/image\/","url":"https:\/\/tourtravelandmore.com\/wp-content\/uploads\/2022\/12\/cropped-logo-cabecera-new.png","contentUrl":"https:\/\/tourtravelandmore.com\/wp-content\/uploads\/2022\/12\/cropped-logo-cabecera-new.png","width":430,"height":61,"caption":"Tour Travel And More"},"image":{"@id":"https:\/\/tourtravelandmore.com\/fr\/#\/schema\/logo\/image\/"},"sameAs":["https:\/\/www.facebook.com\/tourtravelandmore\/","https:\/\/x.com\/TourTravel_More"]}]}},"_links":{"self":[{"href":"https:\/\/tourtravelandmore.com\/fr\/wp-json\/wp\/v2\/product\/102630","targetHints":{"allow":["GET"]}}],"collection":[{"href":"https:\/\/tourtravelandmore.com\/fr\/wp-json\/wp\/v2\/product"}],"about":[{"href":"https:\/\/tourtravelandmore.com\/fr\/wp-json\/wp\/v2\/types\/product"}],"replies":[{"embeddable":true,"href":"https:\/\/tourtravelandmore.com\/fr\/wp-json\/wp\/v2\/comments?post=102630"}],"wp:featuredmedia":[{"embeddable":true,"href":"https:\/\/tourtravelandmore.com\/fr\/wp-json\/wp\/v2\/media\/91424"}],"wp:attachment":[{"href":"https:\/\/tourtravelandmore.com\/fr\/wp-json\/wp\/v2\/media?parent=102630"}],"wp:term":[{"taxonomy":"product_brand","embeddable":true,"href":"https:\/\/tourtravelandmore.com\/fr\/wp-json\/wp\/v2\/product_brand?post=102630"},{"taxonomy":"product_cat","embeddable":true,"href":"https:\/\/tourtravelandmore.com\/fr\/wp-json\/wp\/v2\/product_cat?post=102630"},{"taxonomy":"product_tag","embeddable":true,"href":"https:\/\/tourtravelandmore.com\/fr\/wp-json\/wp\/v2\/product_tag?post=102630"}],"curies":[{"name":"wp","href":"https:\/\/api.w.org\/{rel}","templated":true}]}}