{"id":102623,"date":"2021-01-20T09:52:52","date_gmt":"2021-01-20T08:52:52","guid":{"rendered":"https:\/\/tourtravelandmore.com\/tours\/non%20class\u00e9\/visite-privee-de-malindi\/"},"modified":"2021-03-11T20:56:22","modified_gmt":"2021-03-11T19:56:22","slug":"visite-privee-de-malindi","status":"publish","type":"product","link":"https:\/\/tourtravelandmore.com\/fr\/tours\/etats-unis-fr\/visite-privee-de-malindi\/","title":{"rendered":"Visite priv\u00e9e de Malindi"},"content":{"rendered":"<h2>Description<\/h2>\n<p>Profitez de notre visite priv\u00e9e de Malindi pour une exp\u00e9rience compl\u00e8te pour conna\u00eetre la ville de Malindi.<\/p>\n<p>Malindi est une ville situ\u00e9e sur la baie de Malindi. Cela peut \u00eatre trouv\u00e9 \u00e0 la rivi\u00e8re Galana sur l&#8217;oc\u00e9an Indien. Cette belle ville du Kenya n&#8217;est pas trop loin de Mombasa et une ville formidable \u00e0 visiter. Le tourisme est tr\u00e8s important \u00e0 Malindi. C&#8217;est l&#8217;une des principales industries ici! D\u00e9couvrez la culture et l&#8217;architecture swahili lors de notre visite priv\u00e9e de Malindi!<\/p>\n<p>Cette visite priv\u00e9e de Malindi commencera \u00e0 partir de votre h\u00f4tel ou du lieu de votre choix dans votre h\u00f4tel de Malindi. Votre guide priv\u00e9 vous attendra pour commencer une exp\u00e9rience unique pour d\u00e9couvrir cette belle ville.<\/p>\n<p>Malindi est une ville baln\u00e9aire idyllique qui a beaucoup \u00e0 offrir. Il est profond\u00e9ment enracin\u00e9 dans une histoire color\u00e9e qui a commenc\u00e9 en 1498. C&#8217;est \u00e0 ce moment que Vasco de Gama a visit\u00e9 la ville pour la premi\u00e8re fois!<\/p>\n<h2>Sites d&#8217;int\u00e9r\u00eat et points de rep\u00e8re<\/h2>\n<p>Tout d&#8217;abord, notre guide priv\u00e9 viendra vous chercher et nous commencerons cette visite priv\u00e9e de Malindi. Montez dans notre v\u00e9hicule confortable et vous profiterez d&#8217;une visite guid\u00e9e de 4 heures de la ville.<\/p>\n<p>Profitez de lieux avec de belles maisons centenaires et des rues sinueuses qui y m\u00e8nent. D\u00e9couvrez l&#8217;histoire de Malindi avec notre guide priv\u00e9.<\/p>\n<p>L&#8217;un des sites les plus importants que vous pourrez appr\u00e9cier lors de cette visite est l&#8217;\u00e9glise Saint-Fran\u00e7ois-Xavier. Cette \u00e9glise est l&#8217;une des plus anciennes d&#8217;Afrique de l&#8217;Est et elle est situ\u00e9e et se trouve pr\u00e8s du pilier Vasco de Gama.<\/p>\n<p>Nous trouverons \u00e9galement le temps de visiter la mosqu\u00e9e Juma et d&#8217;en apprendre davantage sur la traite des esclaves qui s&#8217;est poursuivie jusqu&#8217;au XIXe si\u00e8cle.<\/p>\n<p>Apr\u00e8s avoir profit\u00e9 des meilleurs quartiers de la ville, notre chauffeur vous ram\u00e8nera \u00e0 votre h\u00f4tel ou station baln\u00e9aire \u00e0 Malindi.<\/p>\n<p>D\u00e9couvrez les autres circuits priv\u00e9s que nous proposons au Kenya ici!<\/p>\n<div class=\"grid grid--center\">\n<div class=\"grid__item xlarge-7 large-6 medium-10 small-12 ut-align-center\">\n<h3 class=\"title-3\"><\/h3>\n<\/div>\n<\/div>\n","protected":false},"excerpt":{"rendered":"<p>Explorez l&#8217;une des plus belles villes du Kenya. Notre \u00e9quipe priv\u00e9e vous emm\u00e8ne dans cette exp\u00e9rience avec notre visite priv\u00e9e de Malindi!<\/p>\n","protected":false},"featured_media":91430,"comment_status":"open","ping_status":"closed","template":"","meta":{"_acf_changed":false},"product_brand":[],"product_cat":[3731,3547],"product_tag":[],"class_list":{"0":"post-102623","1":"product","2":"type-product","3":"status-publish","4":"has-post-thumbnail","6":"product_cat-kenya-fr","7":"product_cat-etats-unis-fr","9":"first","10":"instock","11":"shipping-taxable","12":"purchasable","13":"product-type-simple"},"acf":[],"yoast_head":"<!-- This site is optimized with the Yoast SEO Premium plugin v25.3.1 (Yoast SEO v25.3.1) - https:\/\/yoast.com\/wordpress\/plugins\/seo\/ -->\n<title>Visite priv\u00e9e de Malindi avec chauffeur-guide! Incroyable excursion d&#039;une journ\u00e9e!<\/title>\n<meta name=\"description\" content=\"Explorez l&#039;une des plus belles villes du Kenya. Notre \u00e9quipe priv\u00e9e vous emm\u00e8ne dans cette exp\u00e9rience avec notre visite priv\u00e9e de Malindi!\" \/>\n<meta name=\"robots\" content=\"index, follow, max-snippet:-1, max-image-preview:large, max-video-preview:-1\" \/>\n<link rel=\"canonical\" href=\"https:\/\/tourtravelandmore.com\/fr\/tours\/etats-unis-fr\/visite-privee-de-malindi\/\" \/>\n<meta property=\"og:locale\" content=\"fr_FR\" \/>\n<meta property=\"og:type\" content=\"article\" \/>\n<meta property=\"og:title\" content=\"Visite priv\u00e9e de Malindi\" \/>\n<meta property=\"og:description\" content=\"Explorez l&#039;une des plus belles villes du Kenya. Notre \u00e9quipe priv\u00e9e vous emm\u00e8ne dans cette exp\u00e9rience avec notre visite priv\u00e9e de Malindi!\" \/>\n<meta property=\"og:url\" content=\"https:\/\/tourtravelandmore.com\/fr\/tours\/etats-unis-fr\/visite-privee-de-malindi\/\" \/>\n<meta property=\"og:site_name\" content=\"Tour Travel And More\" \/>\n<meta property=\"article:publisher\" content=\"https:\/\/www.facebook.com\/tourtravelandmore\/\" \/>\n<meta property=\"article:modified_time\" content=\"2021-03-11T19:56:22+00:00\" \/>\n<meta property=\"og:image\" content=\"https:\/\/tourtravelandmore.com\/wp-content\/uploads\/2021\/01\/Kenya-8-scaled.jpg\" \/>\n\t<meta property=\"og:image:width\" content=\"2560\" \/>\n\t<meta property=\"og:image:height\" content=\"1592\" \/>\n\t<meta property=\"og:image:type\" content=\"image\/jpeg\" \/>\n<meta name=\"twitter:card\" content=\"summary_large_image\" \/>\n<meta name=\"twitter:site\" content=\"@TourTravel_More\" \/>\n<meta name=\"twitter:label1\" content=\"Dur\u00e9e de lecture estim\u00e9e\" \/>\n\t<meta name=\"twitter:data1\" content=\"2 minutes\" \/>\n<script type=\"application\/ld+json\" class=\"yoast-schema-graph\">{\"@context\":\"https:\/\/schema.org\",\"@graph\":[{\"@type\":\"WebPage\",\"@id\":\"https:\/\/tourtravelandmore.com\/fr\/tours\/etats-unis-fr\/visite-privee-de-malindi\/\",\"url\":\"https:\/\/tourtravelandmore.com\/fr\/tours\/etats-unis-fr\/visite-privee-de-malindi\/\",\"name\":\"Visite priv\u00e9e de Malindi avec chauffeur-guide! Incroyable excursion d'une journ\u00e9e!\",\"isPartOf\":{\"@id\":\"https:\/\/tourtravelandmore.com\/fr\/#website\"},\"primaryImageOfPage\":{\"@id\":\"https:\/\/tourtravelandmore.com\/fr\/tours\/etats-unis-fr\/visite-privee-de-malindi\/#primaryimage\"},\"image\":{\"@id\":\"https:\/\/tourtravelandmore.com\/fr\/tours\/etats-unis-fr\/visite-privee-de-malindi\/#primaryimage\"},\"thumbnailUrl\":\"https:\/\/tourtravelandmore.com\/wp-content\/uploads\/2021\/01\/Kenya-8-scaled.jpg\",\"datePublished\":\"2021-01-20T08:52:52+00:00\",\"dateModified\":\"2021-03-11T19:56:22+00:00\",\"description\":\"Explorez l'une des plus belles villes du Kenya. Notre \u00e9quipe priv\u00e9e vous emm\u00e8ne dans cette exp\u00e9rience avec notre visite priv\u00e9e de Malindi!\",\"breadcrumb\":{\"@id\":\"https:\/\/tourtravelandmore.com\/fr\/tours\/etats-unis-fr\/visite-privee-de-malindi\/#breadcrumb\"},\"inLanguage\":\"fr-FR\",\"potentialAction\":[{\"@type\":\"ReadAction\",\"target\":[\"https:\/\/tourtravelandmore.com\/fr\/tours\/etats-unis-fr\/visite-privee-de-malindi\/\"]}]},{\"@type\":\"ImageObject\",\"inLanguage\":\"fr-FR\",\"@id\":\"https:\/\/tourtravelandmore.com\/fr\/tours\/etats-unis-fr\/visite-privee-de-malindi\/#primaryimage\",\"url\":\"https:\/\/tourtravelandmore.com\/wp-content\/uploads\/2021\/01\/Kenya-8-scaled.jpg\",\"contentUrl\":\"https:\/\/tourtravelandmore.com\/wp-content\/uploads\/2021\/01\/Kenya-8-scaled.jpg\",\"width\":2560,\"height\":1592},{\"@type\":\"BreadcrumbList\",\"@id\":\"https:\/\/tourtravelandmore.com\/fr\/tours\/etats-unis-fr\/visite-privee-de-malindi\/#breadcrumb\",\"itemListElement\":[{\"@type\":\"ListItem\",\"position\":1,\"name\":\"Home\",\"item\":\"https:\/\/tourtravelandmore.com\/fr\/\"},{\"@type\":\"ListItem\",\"position\":2,\"name\":\"Tours\",\"item\":\"https:\/\/tourtravelandmore.com\/fr\/tours\/\"},{\"@type\":\"ListItem\",\"position\":3,\"name\":\"Visite priv\u00e9e de Malindi\"}]},{\"@type\":\"WebSite\",\"@id\":\"https:\/\/tourtravelandmore.com\/fr\/#website\",\"url\":\"https:\/\/tourtravelandmore.com\/fr\/\",\"name\":\"Tour Travel And More\",\"description\":\"Private sightseeing tours and luxury transfers in Spain\",\"publisher\":{\"@id\":\"https:\/\/tourtravelandmore.com\/fr\/#organization\"},\"potentialAction\":[{\"@type\":\"SearchAction\",\"target\":{\"@type\":\"EntryPoint\",\"urlTemplate\":\"https:\/\/tourtravelandmore.com\/fr\/?s={search_term_string}\"},\"query-input\":{\"@type\":\"PropertyValueSpecification\",\"valueRequired\":true,\"valueName\":\"search_term_string\"}}],\"inLanguage\":\"fr-FR\"},{\"@type\":\"Organization\",\"@id\":\"https:\/\/tourtravelandmore.com\/fr\/#organization\",\"name\":\"Tour Travel And More\",\"url\":\"https:\/\/tourtravelandmore.com\/fr\/\",\"logo\":{\"@type\":\"ImageObject\",\"inLanguage\":\"fr-FR\",\"@id\":\"https:\/\/tourtravelandmore.com\/fr\/#\/schema\/logo\/image\/\",\"url\":\"https:\/\/tourtravelandmore.com\/wp-content\/uploads\/2022\/12\/cropped-logo-cabecera-new.png\",\"contentUrl\":\"https:\/\/tourtravelandmore.com\/wp-content\/uploads\/2022\/12\/cropped-logo-cabecera-new.png\",\"width\":430,\"height\":61,\"caption\":\"Tour Travel And More\"},\"image\":{\"@id\":\"https:\/\/tourtravelandmore.com\/fr\/#\/schema\/logo\/image\/\"},\"sameAs\":[\"https:\/\/www.facebook.com\/tourtravelandmore\/\",\"https:\/\/x.com\/TourTravel_More\"]}]}<\/script>\n<!-- \/ Yoast SEO Premium plugin. -->","yoast_head_json":{"title":"Visite priv\u00e9e de Malindi avec chauffeur-guide! Incroyable excursion d'une journ\u00e9e!","description":"Explorez l'une des plus belles villes du Kenya. Notre \u00e9quipe priv\u00e9e vous emm\u00e8ne dans cette exp\u00e9rience avec notre visite priv\u00e9e de Malindi!","robots":{"index":"index","follow":"follow","max-snippet":"max-snippet:-1","max-image-preview":"max-image-preview:large","max-video-preview":"max-video-preview:-1"},"canonical":"https:\/\/tourtravelandmore.com\/fr\/tours\/etats-unis-fr\/visite-privee-de-malindi\/","og_locale":"fr_FR","og_type":"article","og_title":"Visite priv\u00e9e de Malindi","og_description":"Explorez l'une des plus belles villes du Kenya. Notre \u00e9quipe priv\u00e9e vous emm\u00e8ne dans cette exp\u00e9rience avec notre visite priv\u00e9e de Malindi!","og_url":"https:\/\/tourtravelandmore.com\/fr\/tours\/etats-unis-fr\/visite-privee-de-malindi\/","og_site_name":"Tour Travel And More","article_publisher":"https:\/\/www.facebook.com\/tourtravelandmore\/","article_modified_time":"2021-03-11T19:56:22+00:00","og_image":[{"width":2560,"height":1592,"url":"https:\/\/tourtravelandmore.com\/wp-content\/uploads\/2021\/01\/Kenya-8-scaled.jpg","type":"image\/jpeg"}],"twitter_card":"summary_large_image","twitter_site":"@TourTravel_More","twitter_misc":{"Dur\u00e9e de lecture estim\u00e9e":"2 minutes"},"schema":{"@context":"https:\/\/schema.org","@graph":[{"@type":"WebPage","@id":"https:\/\/tourtravelandmore.com\/fr\/tours\/etats-unis-fr\/visite-privee-de-malindi\/","url":"https:\/\/tourtravelandmore.com\/fr\/tours\/etats-unis-fr\/visite-privee-de-malindi\/","name":"Visite priv\u00e9e de Malindi avec chauffeur-guide! Incroyable excursion d'une journ\u00e9e!","isPartOf":{"@id":"https:\/\/tourtravelandmore.com\/fr\/#website"},"primaryImageOfPage":{"@id":"https:\/\/tourtravelandmore.com\/fr\/tours\/etats-unis-fr\/visite-privee-de-malindi\/#primaryimage"},"image":{"@id":"https:\/\/tourtravelandmore.com\/fr\/tours\/etats-unis-fr\/visite-privee-de-malindi\/#primaryimage"},"thumbnailUrl":"https:\/\/tourtravelandmore.com\/wp-content\/uploads\/2021\/01\/Kenya-8-scaled.jpg","datePublished":"2021-01-20T08:52:52+00:00","dateModified":"2021-03-11T19:56:22+00:00","description":"Explorez l'une des plus belles villes du Kenya. Notre \u00e9quipe priv\u00e9e vous emm\u00e8ne dans cette exp\u00e9rience avec notre visite priv\u00e9e de Malindi!","breadcrumb":{"@id":"https:\/\/tourtravelandmore.com\/fr\/tours\/etats-unis-fr\/visite-privee-de-malindi\/#breadcrumb"},"inLanguage":"fr-FR","potentialAction":[{"@type":"ReadAction","target":["https:\/\/tourtravelandmore.com\/fr\/tours\/etats-unis-fr\/visite-privee-de-malindi\/"]}]},{"@type":"ImageObject","inLanguage":"fr-FR","@id":"https:\/\/tourtravelandmore.com\/fr\/tours\/etats-unis-fr\/visite-privee-de-malindi\/#primaryimage","url":"https:\/\/tourtravelandmore.com\/wp-content\/uploads\/2021\/01\/Kenya-8-scaled.jpg","contentUrl":"https:\/\/tourtravelandmore.com\/wp-content\/uploads\/2021\/01\/Kenya-8-scaled.jpg","width":2560,"height":1592},{"@type":"BreadcrumbList","@id":"https:\/\/tourtravelandmore.com\/fr\/tours\/etats-unis-fr\/visite-privee-de-malindi\/#breadcrumb","itemListElement":[{"@type":"ListItem","position":1,"name":"Home","item":"https:\/\/tourtravelandmore.com\/fr\/"},{"@type":"ListItem","position":2,"name":"Tours","item":"https:\/\/tourtravelandmore.com\/fr\/tours\/"},{"@type":"ListItem","position":3,"name":"Visite priv\u00e9e de Malindi"}]},{"@type":"WebSite","@id":"https:\/\/tourtravelandmore.com\/fr\/#website","url":"https:\/\/tourtravelandmore.com\/fr\/","name":"Tour Travel And More","description":"Private sightseeing tours and luxury transfers in Spain","publisher":{"@id":"https:\/\/tourtravelandmore.com\/fr\/#organization"},"potentialAction":[{"@type":"SearchAction","target":{"@type":"EntryPoint","urlTemplate":"https:\/\/tourtravelandmore.com\/fr\/?s={search_term_string}"},"query-input":{"@type":"PropertyValueSpecification","valueRequired":true,"valueName":"search_term_string"}}],"inLanguage":"fr-FR"},{"@type":"Organization","@id":"https:\/\/tourtravelandmore.com\/fr\/#organization","name":"Tour Travel And More","url":"https:\/\/tourtravelandmore.com\/fr\/","logo":{"@type":"ImageObject","inLanguage":"fr-FR","@id":"https:\/\/tourtravelandmore.com\/fr\/#\/schema\/logo\/image\/","url":"https:\/\/tourtravelandmore.com\/wp-content\/uploads\/2022\/12\/cropped-logo-cabecera-new.png","contentUrl":"https:\/\/tourtravelandmore.com\/wp-content\/uploads\/2022\/12\/cropped-logo-cabecera-new.png","width":430,"height":61,"caption":"Tour Travel And More"},"image":{"@id":"https:\/\/tourtravelandmore.com\/fr\/#\/schema\/logo\/image\/"},"sameAs":["https:\/\/www.facebook.com\/tourtravelandmore\/","https:\/\/x.com\/TourTravel_More"]}]}},"_links":{"self":[{"href":"https:\/\/tourtravelandmore.com\/fr\/wp-json\/wp\/v2\/product\/102623","targetHints":{"allow":["GET"]}}],"collection":[{"href":"https:\/\/tourtravelandmore.com\/fr\/wp-json\/wp\/v2\/product"}],"about":[{"href":"https:\/\/tourtravelandmore.com\/fr\/wp-json\/wp\/v2\/types\/product"}],"replies":[{"embeddable":true,"href":"https:\/\/tourtravelandmore.com\/fr\/wp-json\/wp\/v2\/comments?post=102623"}],"wp:featuredmedia":[{"embeddable":true,"href":"https:\/\/tourtravelandmore.com\/fr\/wp-json\/wp\/v2\/media\/91430"}],"wp:attachment":[{"href":"https:\/\/tourtravelandmore.com\/fr\/wp-json\/wp\/v2\/media?parent=102623"}],"wp:term":[{"taxonomy":"product_brand","embeddable":true,"href":"https:\/\/tourtravelandmore.com\/fr\/wp-json\/wp\/v2\/product_brand?post=102623"},{"taxonomy":"product_cat","embeddable":true,"href":"https:\/\/tourtravelandmore.com\/fr\/wp-json\/wp\/v2\/product_cat?post=102623"},{"taxonomy":"product_tag","embeddable":true,"href":"https:\/\/tourtravelandmore.com\/fr\/wp-json\/wp\/v2\/product_tag?post=102623"}],"curies":[{"name":"wp","href":"https:\/\/api.w.org\/{rel}","templated":true}]}}