{"id":102616,"date":"2021-01-19T14:56:22","date_gmt":"2021-01-19T13:56:22","guid":{"rendered":"https:\/\/tourtravelandmore.com\/tours\/non%20class\u00e9\/safari-prive-dans-le-parc-national-de-nairobi\/"},"modified":"2021-03-11T20:51:04","modified_gmt":"2021-03-11T19:51:04","slug":"safari-prive-dans-le-parc-national-de-nairobi","status":"publish","type":"product","link":"https:\/\/tourtravelandmore.com\/fr\/tours\/etats-unis-fr\/safari-prive-dans-le-parc-national-de-nairobi\/","title":{"rendered":"Safari priv\u00e9 dans le parc national de Nairobi"},"content":{"rendered":"<h2>Description<\/h2>\n<p>Profitez de ce safari priv\u00e9 dans le parc national de Nairobi pour une exp\u00e9rience formidable non loin de la ville. Pour cette exp\u00e9rience Safari, profitez d&#8217;une journ\u00e9e hors de la ville de Nairobi. Cela peut \u00eatre fait avant votre d\u00e9part ou m\u00eame le premier jour de votre arriv\u00e9e au Kenya!<\/p>\n<p>Pour cette visite priv\u00e9e, nous commencerons \u00e0 votre h\u00f4tel ou lieu de votre choix \u00e0 Nairobi. Veuillez noter que ce sera une prise en charge t\u00f4t pour commencer la journ\u00e9e! Si vous pr\u00e9f\u00e9rez, nous pouvons \u00e9galement organiser une exp\u00e9rience de midi!<\/p>\n<p>Nous nous dirigerons vers le parc national de Nairobi. Pouvez-vous croire que ce n&#8217;est qu&#8217;\u00e0 10 kilom\u00e8tres de la ville de Nairobi.<\/p>\n<p>C&#8217;est fou d&#8217;imaginer que cela se trouve si pr\u00e8s de la ville. Vous pourrez apercevoir des lions, des rhinoc\u00e9ros, des girafes et bien plus encore!<\/p>\n<h2>Sites d&#8217;int\u00e9r\u00eat et points de rep\u00e8re<\/h2>\n<p>Tout d&#8217;abord, nous organiserons une prise en charge \u00e0 votre h\u00f4tel \u00e0 Nairobi. Nous commencerons cette visite par une promenade confortable vers le parc national de Nairobi!<\/p>\n<p>C&#8217;est un sanctuaire faunique unique. Nous mettrons environ 30 minutes pour atteindre le parc national.<\/p>\n<p>Une fois arriv\u00e9s au sanctuaire de la faune, vous appr\u00e9cierez de conduire dans le v\u00e9hicule 4&#215;4! Il y a tellement d&#8217;esp\u00e8ces localis\u00e9es ici! Admirez la vue et admirez les lions, les z\u00e8bres, les l\u00e9opards, les rhinoc\u00e9ros, les gnous, les buffles, les gu\u00e9pards, les hy\u00e8nes, les oiseaux et bien plus encore!<\/p>\n<p>C&#8217;est vraiment un incroyable safari priv\u00e9 dans le parc national de Nairobi. Nous vous recommandons d&#8217;emporter un appareil photo avec vous pour admirer tous les superbes sites et ramener des souvenirs incroyables chez vous.<\/p>\n<p>Nous proposons de nombreux types d&#8217;exp\u00e9riences de safari si vous souhaitez passer plus d&#8217;une journ\u00e9e dans un safari, mais c&#8217;est une excellente option pour une excursion d&#8217;une journ\u00e9e.<\/p>\n<p>D\u00e9couvrez toutes nos autres visites priv\u00e9es que nous proposons pour vous \u00e0 Nairobi et au Kenya! Nos experts en voyages sont \u00e0 votre disposition pour cr\u00e9er une exp\u00e9rience unique!<\/p>\n","protected":false},"excerpt":{"rendered":"<p>Explorez l&#8217;un des safaris les plus beaux et les plus \u00e9tonnants pr\u00e8s de la ville de Nairobi. Demandez \u00e0 notre \u00e9quipe priv\u00e9e de vous faire vivre une exp\u00e9rience incroyable \u00e0 Nairobi!<\/p>\n","protected":false},"featured_media":91304,"comment_status":"open","ping_status":"closed","template":"","meta":{"_acf_changed":false},"product_brand":[],"product_cat":[3731,3547],"product_tag":[],"class_list":{"0":"post-102616","1":"product","2":"type-product","3":"status-publish","4":"has-post-thumbnail","6":"product_cat-kenya-fr","7":"product_cat-etats-unis-fr","9":"first","10":"instock","11":"shipping-taxable","12":"purchasable","13":"product-type-simple"},"acf":[],"yoast_head":"<!-- This site is optimized with the Yoast SEO Premium plugin v25.3.1 (Yoast SEO v25.3.1) - https:\/\/yoast.com\/wordpress\/plugins\/seo\/ -->\n<title>Safari priv\u00e9 dans le parc national de Nairobi avec chauffeur-guide!<\/title>\n<meta name=\"description\" content=\"Explorez l&#039;un des plus beaux safaris. Notre \u00e9quipe priv\u00e9e vous emm\u00e8ne dans cette exp\u00e9rience avec notre safari priv\u00e9 dans le parc national de Nairobi!\" \/>\n<meta name=\"robots\" content=\"index, follow, max-snippet:-1, max-image-preview:large, max-video-preview:-1\" \/>\n<link rel=\"canonical\" href=\"https:\/\/tourtravelandmore.com\/fr\/tours\/etats-unis-fr\/safari-prive-dans-le-parc-national-de-nairobi\/\" \/>\n<meta property=\"og:locale\" content=\"fr_FR\" \/>\n<meta property=\"og:type\" content=\"article\" \/>\n<meta property=\"og:title\" content=\"Safari priv\u00e9 dans le parc national de Nairobi\" \/>\n<meta property=\"og:description\" content=\"Explorez l&#039;un des plus beaux safaris. Notre \u00e9quipe priv\u00e9e vous emm\u00e8ne dans cette exp\u00e9rience avec notre safari priv\u00e9 dans le parc national de Nairobi!\" \/>\n<meta property=\"og:url\" content=\"https:\/\/tourtravelandmore.com\/fr\/tours\/etats-unis-fr\/safari-prive-dans-le-parc-national-de-nairobi\/\" \/>\n<meta property=\"og:site_name\" content=\"Tour Travel And More\" \/>\n<meta property=\"article:publisher\" content=\"https:\/\/www.facebook.com\/tourtravelandmore\/\" \/>\n<meta property=\"article:modified_time\" content=\"2021-03-11T19:51:04+00:00\" \/>\n<meta property=\"og:image\" content=\"https:\/\/tourtravelandmore.com\/wp-content\/uploads\/2021\/01\/Kenya-4-scaled.jpg\" \/>\n\t<meta property=\"og:image:width\" content=\"2560\" \/>\n\t<meta property=\"og:image:height\" content=\"1703\" \/>\n\t<meta property=\"og:image:type\" content=\"image\/jpeg\" \/>\n<meta name=\"twitter:card\" content=\"summary_large_image\" \/>\n<meta name=\"twitter:site\" content=\"@TourTravel_More\" \/>\n<meta name=\"twitter:label1\" content=\"Dur\u00e9e de lecture estim\u00e9e\" \/>\n\t<meta name=\"twitter:data1\" content=\"2 minutes\" \/>\n<script type=\"application\/ld+json\" class=\"yoast-schema-graph\">{\"@context\":\"https:\/\/schema.org\",\"@graph\":[{\"@type\":\"WebPage\",\"@id\":\"https:\/\/tourtravelandmore.com\/fr\/tours\/etats-unis-fr\/safari-prive-dans-le-parc-national-de-nairobi\/\",\"url\":\"https:\/\/tourtravelandmore.com\/fr\/tours\/etats-unis-fr\/safari-prive-dans-le-parc-national-de-nairobi\/\",\"name\":\"Safari priv\u00e9 dans le parc national de Nairobi avec chauffeur-guide!\",\"isPartOf\":{\"@id\":\"https:\/\/tourtravelandmore.com\/fr\/#website\"},\"primaryImageOfPage\":{\"@id\":\"https:\/\/tourtravelandmore.com\/fr\/tours\/etats-unis-fr\/safari-prive-dans-le-parc-national-de-nairobi\/#primaryimage\"},\"image\":{\"@id\":\"https:\/\/tourtravelandmore.com\/fr\/tours\/etats-unis-fr\/safari-prive-dans-le-parc-national-de-nairobi\/#primaryimage\"},\"thumbnailUrl\":\"https:\/\/tourtravelandmore.com\/wp-content\/uploads\/2021\/01\/Kenya-4-scaled.jpg\",\"datePublished\":\"2021-01-19T13:56:22+00:00\",\"dateModified\":\"2021-03-11T19:51:04+00:00\",\"description\":\"Explorez l'un des plus beaux safaris. Notre \u00e9quipe priv\u00e9e vous emm\u00e8ne dans cette exp\u00e9rience avec notre safari priv\u00e9 dans le parc national de Nairobi!\",\"breadcrumb\":{\"@id\":\"https:\/\/tourtravelandmore.com\/fr\/tours\/etats-unis-fr\/safari-prive-dans-le-parc-national-de-nairobi\/#breadcrumb\"},\"inLanguage\":\"fr-FR\",\"potentialAction\":[{\"@type\":\"ReadAction\",\"target\":[\"https:\/\/tourtravelandmore.com\/fr\/tours\/etats-unis-fr\/safari-prive-dans-le-parc-national-de-nairobi\/\"]}]},{\"@type\":\"ImageObject\",\"inLanguage\":\"fr-FR\",\"@id\":\"https:\/\/tourtravelandmore.com\/fr\/tours\/etats-unis-fr\/safari-prive-dans-le-parc-national-de-nairobi\/#primaryimage\",\"url\":\"https:\/\/tourtravelandmore.com\/wp-content\/uploads\/2021\/01\/Kenya-4-scaled.jpg\",\"contentUrl\":\"https:\/\/tourtravelandmore.com\/wp-content\/uploads\/2021\/01\/Kenya-4-scaled.jpg\",\"width\":2560,\"height\":1703},{\"@type\":\"BreadcrumbList\",\"@id\":\"https:\/\/tourtravelandmore.com\/fr\/tours\/etats-unis-fr\/safari-prive-dans-le-parc-national-de-nairobi\/#breadcrumb\",\"itemListElement\":[{\"@type\":\"ListItem\",\"position\":1,\"name\":\"Home\",\"item\":\"https:\/\/tourtravelandmore.com\/fr\/\"},{\"@type\":\"ListItem\",\"position\":2,\"name\":\"Tours\",\"item\":\"https:\/\/tourtravelandmore.com\/fr\/tours\/\"},{\"@type\":\"ListItem\",\"position\":3,\"name\":\"Safari priv\u00e9 dans le parc national de Nairobi\"}]},{\"@type\":\"WebSite\",\"@id\":\"https:\/\/tourtravelandmore.com\/fr\/#website\",\"url\":\"https:\/\/tourtravelandmore.com\/fr\/\",\"name\":\"Tour Travel And More\",\"description\":\"Private sightseeing tours and luxury transfers in Spain\",\"publisher\":{\"@id\":\"https:\/\/tourtravelandmore.com\/fr\/#organization\"},\"potentialAction\":[{\"@type\":\"SearchAction\",\"target\":{\"@type\":\"EntryPoint\",\"urlTemplate\":\"https:\/\/tourtravelandmore.com\/fr\/?s={search_term_string}\"},\"query-input\":{\"@type\":\"PropertyValueSpecification\",\"valueRequired\":true,\"valueName\":\"search_term_string\"}}],\"inLanguage\":\"fr-FR\"},{\"@type\":\"Organization\",\"@id\":\"https:\/\/tourtravelandmore.com\/fr\/#organization\",\"name\":\"Tour Travel And More\",\"url\":\"https:\/\/tourtravelandmore.com\/fr\/\",\"logo\":{\"@type\":\"ImageObject\",\"inLanguage\":\"fr-FR\",\"@id\":\"https:\/\/tourtravelandmore.com\/fr\/#\/schema\/logo\/image\/\",\"url\":\"https:\/\/tourtravelandmore.com\/wp-content\/uploads\/2022\/12\/cropped-logo-cabecera-new.png\",\"contentUrl\":\"https:\/\/tourtravelandmore.com\/wp-content\/uploads\/2022\/12\/cropped-logo-cabecera-new.png\",\"width\":430,\"height\":61,\"caption\":\"Tour Travel And More\"},\"image\":{\"@id\":\"https:\/\/tourtravelandmore.com\/fr\/#\/schema\/logo\/image\/\"},\"sameAs\":[\"https:\/\/www.facebook.com\/tourtravelandmore\/\",\"https:\/\/x.com\/TourTravel_More\"]}]}<\/script>\n<!-- \/ Yoast SEO Premium plugin. -->","yoast_head_json":{"title":"Safari priv\u00e9 dans le parc national de Nairobi avec chauffeur-guide!","description":"Explorez l'un des plus beaux safaris. Notre \u00e9quipe priv\u00e9e vous emm\u00e8ne dans cette exp\u00e9rience avec notre safari priv\u00e9 dans le parc national de Nairobi!","robots":{"index":"index","follow":"follow","max-snippet":"max-snippet:-1","max-image-preview":"max-image-preview:large","max-video-preview":"max-video-preview:-1"},"canonical":"https:\/\/tourtravelandmore.com\/fr\/tours\/etats-unis-fr\/safari-prive-dans-le-parc-national-de-nairobi\/","og_locale":"fr_FR","og_type":"article","og_title":"Safari priv\u00e9 dans le parc national de Nairobi","og_description":"Explorez l'un des plus beaux safaris. Notre \u00e9quipe priv\u00e9e vous emm\u00e8ne dans cette exp\u00e9rience avec notre safari priv\u00e9 dans le parc national de Nairobi!","og_url":"https:\/\/tourtravelandmore.com\/fr\/tours\/etats-unis-fr\/safari-prive-dans-le-parc-national-de-nairobi\/","og_site_name":"Tour Travel And More","article_publisher":"https:\/\/www.facebook.com\/tourtravelandmore\/","article_modified_time":"2021-03-11T19:51:04+00:00","og_image":[{"width":2560,"height":1703,"url":"https:\/\/tourtravelandmore.com\/wp-content\/uploads\/2021\/01\/Kenya-4-scaled.jpg","type":"image\/jpeg"}],"twitter_card":"summary_large_image","twitter_site":"@TourTravel_More","twitter_misc":{"Dur\u00e9e de lecture estim\u00e9e":"2 minutes"},"schema":{"@context":"https:\/\/schema.org","@graph":[{"@type":"WebPage","@id":"https:\/\/tourtravelandmore.com\/fr\/tours\/etats-unis-fr\/safari-prive-dans-le-parc-national-de-nairobi\/","url":"https:\/\/tourtravelandmore.com\/fr\/tours\/etats-unis-fr\/safari-prive-dans-le-parc-national-de-nairobi\/","name":"Safari priv\u00e9 dans le parc national de Nairobi avec chauffeur-guide!","isPartOf":{"@id":"https:\/\/tourtravelandmore.com\/fr\/#website"},"primaryImageOfPage":{"@id":"https:\/\/tourtravelandmore.com\/fr\/tours\/etats-unis-fr\/safari-prive-dans-le-parc-national-de-nairobi\/#primaryimage"},"image":{"@id":"https:\/\/tourtravelandmore.com\/fr\/tours\/etats-unis-fr\/safari-prive-dans-le-parc-national-de-nairobi\/#primaryimage"},"thumbnailUrl":"https:\/\/tourtravelandmore.com\/wp-content\/uploads\/2021\/01\/Kenya-4-scaled.jpg","datePublished":"2021-01-19T13:56:22+00:00","dateModified":"2021-03-11T19:51:04+00:00","description":"Explorez l'un des plus beaux safaris. Notre \u00e9quipe priv\u00e9e vous emm\u00e8ne dans cette exp\u00e9rience avec notre safari priv\u00e9 dans le parc national de Nairobi!","breadcrumb":{"@id":"https:\/\/tourtravelandmore.com\/fr\/tours\/etats-unis-fr\/safari-prive-dans-le-parc-national-de-nairobi\/#breadcrumb"},"inLanguage":"fr-FR","potentialAction":[{"@type":"ReadAction","target":["https:\/\/tourtravelandmore.com\/fr\/tours\/etats-unis-fr\/safari-prive-dans-le-parc-national-de-nairobi\/"]}]},{"@type":"ImageObject","inLanguage":"fr-FR","@id":"https:\/\/tourtravelandmore.com\/fr\/tours\/etats-unis-fr\/safari-prive-dans-le-parc-national-de-nairobi\/#primaryimage","url":"https:\/\/tourtravelandmore.com\/wp-content\/uploads\/2021\/01\/Kenya-4-scaled.jpg","contentUrl":"https:\/\/tourtravelandmore.com\/wp-content\/uploads\/2021\/01\/Kenya-4-scaled.jpg","width":2560,"height":1703},{"@type":"BreadcrumbList","@id":"https:\/\/tourtravelandmore.com\/fr\/tours\/etats-unis-fr\/safari-prive-dans-le-parc-national-de-nairobi\/#breadcrumb","itemListElement":[{"@type":"ListItem","position":1,"name":"Home","item":"https:\/\/tourtravelandmore.com\/fr\/"},{"@type":"ListItem","position":2,"name":"Tours","item":"https:\/\/tourtravelandmore.com\/fr\/tours\/"},{"@type":"ListItem","position":3,"name":"Safari priv\u00e9 dans le parc national de Nairobi"}]},{"@type":"WebSite","@id":"https:\/\/tourtravelandmore.com\/fr\/#website","url":"https:\/\/tourtravelandmore.com\/fr\/","name":"Tour Travel And More","description":"Private sightseeing tours and luxury transfers in Spain","publisher":{"@id":"https:\/\/tourtravelandmore.com\/fr\/#organization"},"potentialAction":[{"@type":"SearchAction","target":{"@type":"EntryPoint","urlTemplate":"https:\/\/tourtravelandmore.com\/fr\/?s={search_term_string}"},"query-input":{"@type":"PropertyValueSpecification","valueRequired":true,"valueName":"search_term_string"}}],"inLanguage":"fr-FR"},{"@type":"Organization","@id":"https:\/\/tourtravelandmore.com\/fr\/#organization","name":"Tour Travel And More","url":"https:\/\/tourtravelandmore.com\/fr\/","logo":{"@type":"ImageObject","inLanguage":"fr-FR","@id":"https:\/\/tourtravelandmore.com\/fr\/#\/schema\/logo\/image\/","url":"https:\/\/tourtravelandmore.com\/wp-content\/uploads\/2022\/12\/cropped-logo-cabecera-new.png","contentUrl":"https:\/\/tourtravelandmore.com\/wp-content\/uploads\/2022\/12\/cropped-logo-cabecera-new.png","width":430,"height":61,"caption":"Tour Travel And More"},"image":{"@id":"https:\/\/tourtravelandmore.com\/fr\/#\/schema\/logo\/image\/"},"sameAs":["https:\/\/www.facebook.com\/tourtravelandmore\/","https:\/\/x.com\/TourTravel_More"]}]}},"_links":{"self":[{"href":"https:\/\/tourtravelandmore.com\/fr\/wp-json\/wp\/v2\/product\/102616","targetHints":{"allow":["GET"]}}],"collection":[{"href":"https:\/\/tourtravelandmore.com\/fr\/wp-json\/wp\/v2\/product"}],"about":[{"href":"https:\/\/tourtravelandmore.com\/fr\/wp-json\/wp\/v2\/types\/product"}],"replies":[{"embeddable":true,"href":"https:\/\/tourtravelandmore.com\/fr\/wp-json\/wp\/v2\/comments?post=102616"}],"wp:featuredmedia":[{"embeddable":true,"href":"https:\/\/tourtravelandmore.com\/fr\/wp-json\/wp\/v2\/media\/91304"}],"wp:attachment":[{"href":"https:\/\/tourtravelandmore.com\/fr\/wp-json\/wp\/v2\/media?parent=102616"}],"wp:term":[{"taxonomy":"product_brand","embeddable":true,"href":"https:\/\/tourtravelandmore.com\/fr\/wp-json\/wp\/v2\/product_brand?post=102616"},{"taxonomy":"product_cat","embeddable":true,"href":"https:\/\/tourtravelandmore.com\/fr\/wp-json\/wp\/v2\/product_cat?post=102616"},{"taxonomy":"product_tag","embeddable":true,"href":"https:\/\/tourtravelandmore.com\/fr\/wp-json\/wp\/v2\/product_tag?post=102616"}],"curies":[{"name":"wp","href":"https:\/\/api.w.org\/{rel}","templated":true}]}}