{"id":102608,"date":"2021-01-19T12:11:23","date_gmt":"2021-01-19T11:11:23","guid":{"rendered":"https:\/\/tourtravelandmore.com\/tours\/non%20class\u00e9\/visite-privee-a-pied-de-nairobi\/"},"modified":"2021-03-11T20:46:11","modified_gmt":"2021-03-11T19:46:11","slug":"visite-privee-a-pied-de-nairobi","status":"publish","type":"product","link":"https:\/\/tourtravelandmore.com\/fr\/tours\/etats-unis-fr\/visite-privee-a-pied-de-nairobi\/","title":{"rendered":"Visite priv\u00e9e \u00e0 pied de Nairobi"},"content":{"rendered":"<h2>Description<\/h2>\n<p>L&#8217;une des meilleures fa\u00e7ons de conna\u00eetre une ville est de faire une visite priv\u00e9e \u00e0 pied. Nairobi n&#8217;est pas diff\u00e9rent. M\u00eame si, quand vous pensez au Kenya, la premi\u00e8re chose qui vous vient \u00e0 l&#8217;esprit est un safari! Nairobi a beaucoup plus \u00e0 offrir.<\/p>\n<p>Le Kenya regorge de cultures diverses, cela peut \u00eatre vu dans la ville anim\u00e9e de Nairobi. Profitez \u00e9galement de la cuisine de la culture k\u00e9nyane!<\/p>\n<p>Profitez d&#8217;une promenade \u00e0 travers la ville. Cela comprendra le centre-ville, le mus\u00e9e du chemin de fer, le centre de conf\u00e9rence du Kenya et bien s\u00fbr le mus\u00e9e de Nairobi.<\/p>\n<p>Cette visite priv\u00e9e d\u00e9butera dans le centre-ville de Nairobi. Nous profiterons alors de la meilleure exp\u00e9rience de marche pour vous!<\/p>\n<h2>Sites d&#8217;int\u00e9r\u00eat et points de rep\u00e8re<\/h2>\n<p>Apr\u00e8s avoir rencontr\u00e9 notre guide priv\u00e9, nous commencerons cette incroyable visite priv\u00e9e \u00e0 pied de Nairobi. Nous aurons d&#8217;abord une vue sur le quartier des affaires. Nous irons au parc Uhuru avec votre guide et aurons une vue sur tout ce qu&#8217;il a \u00e0 offrir!<\/p>\n<p>Apr\u00e8s cela, nous profiterons d&#8217;une exp\u00e9rience de marche dans les b\u00e2timents du Parlement kenyan. Si le temps le permet, nous profiterons \u00e9galement d&#8217;une visite au mausol\u00e9e Mzee Jomo Kenyata.<\/p>\n<p>Il y aura un arr\u00eat ainsi que le parc comm\u00e9moratif du 7 ao\u00fbt. Il a \u00e9t\u00e9 construit en 1998 pour comm\u00e9morer l&#8217;attentat \u00e0 la bombe contre l&#8217;ambassade am\u00e9ricaine.<\/p>\n<p>Nous prendrons \u00e9galement le temps de profiter de la vue sur la tour KICC!<\/p>\n<p>S&#8217;il reste du temps, nous nous dirigerons vers le march\u00e9 Massai avec votre propre guide.<\/p>\n<p>Notre guide priv\u00e9 sera \u00e0 votre disposition pour organiser une grande visite priv\u00e9e \u00e0 pied de Nairobi pour vous.<\/p>\n<p>Jetez un \u0153il \u00e0 nos autres circuits priv\u00e9s que nous proposons \u00e9galement au Kenya et \u00e0 Nairobi. D\u00e9couvrez notre visite de la ville de Nairobi ici!<\/p>\n<div class=\"grid grid--center\">\n<div class=\"grid__item xlarge-7 large-6 medium-10 small-12 ut-align-center\">\n<h3 class=\"title-3\"><\/h3>\n<\/div>\n<\/div>\n","protected":false},"excerpt":{"rendered":"<p>Profitez de cette incroyable visite \u00e0 pied \u00e0 Nairobi. Explorez l&#8217;une des villes les plus belles et les plus \u00e9tonnantes de Nairobi. Demandez \u00e0 notre guide priv\u00e9 de vous emmener dans une exp\u00e9rience incroyable \u00e0 Nairobi!<\/p>\n","protected":false},"featured_media":91311,"comment_status":"open","ping_status":"closed","template":"","meta":{"_acf_changed":false},"product_brand":[],"product_cat":[3731,3547],"product_tag":[],"class_list":{"0":"post-102608","1":"product","2":"type-product","3":"status-publish","4":"has-post-thumbnail","6":"product_cat-kenya-fr","7":"product_cat-etats-unis-fr","9":"first","10":"instock","11":"shipping-taxable","12":"purchasable","13":"product-type-simple"},"acf":[],"yoast_head":"<!-- This site is optimized with the Yoast SEO Premium plugin v25.3.1 (Yoast SEO v25.3.1) - https:\/\/yoast.com\/wordpress\/plugins\/seo\/ -->\n<title>Visite priv\u00e9e \u00e0 pied de Nairobi avec guide pour une excursion unique!<\/title>\n<meta name=\"description\" content=\"Explorez cette ville incroyable de Nairobi. Notre guide priv\u00e9 vous emm\u00e8nera dans cette exp\u00e9rience lors de cette visite priv\u00e9e \u00e0 pied de Nairobi.\" \/>\n<meta name=\"robots\" content=\"index, follow, max-snippet:-1, max-image-preview:large, max-video-preview:-1\" \/>\n<link rel=\"canonical\" href=\"https:\/\/tourtravelandmore.com\/fr\/tours\/etats-unis-fr\/visite-privee-a-pied-de-nairobi\/\" \/>\n<meta property=\"og:locale\" content=\"fr_FR\" \/>\n<meta property=\"og:type\" content=\"article\" \/>\n<meta property=\"og:title\" content=\"Visite priv\u00e9e \u00e0 pied de Nairobi\" \/>\n<meta property=\"og:description\" content=\"Explorez cette ville incroyable de Nairobi. Notre guide priv\u00e9 vous emm\u00e8nera dans cette exp\u00e9rience lors de cette visite priv\u00e9e \u00e0 pied de Nairobi.\" \/>\n<meta property=\"og:url\" content=\"https:\/\/tourtravelandmore.com\/fr\/tours\/etats-unis-fr\/visite-privee-a-pied-de-nairobi\/\" \/>\n<meta property=\"og:site_name\" content=\"Tour Travel And More\" \/>\n<meta property=\"article:publisher\" content=\"https:\/\/www.facebook.com\/tourtravelandmore\/\" \/>\n<meta property=\"article:modified_time\" content=\"2021-03-11T19:46:11+00:00\" \/>\n<meta property=\"og:image\" content=\"https:\/\/tourtravelandmore.com\/wp-content\/uploads\/2021\/01\/Nairobi-2-scaled.jpg\" \/>\n\t<meta property=\"og:image:width\" content=\"1707\" \/>\n\t<meta property=\"og:image:height\" content=\"2560\" \/>\n\t<meta property=\"og:image:type\" content=\"image\/jpeg\" \/>\n<meta name=\"twitter:card\" content=\"summary_large_image\" \/>\n<meta name=\"twitter:site\" content=\"@TourTravel_More\" \/>\n<meta name=\"twitter:label1\" content=\"Dur\u00e9e de lecture estim\u00e9e\" \/>\n\t<meta name=\"twitter:data1\" content=\"2 minutes\" \/>\n<script type=\"application\/ld+json\" class=\"yoast-schema-graph\">{\"@context\":\"https:\/\/schema.org\",\"@graph\":[{\"@type\":\"WebPage\",\"@id\":\"https:\/\/tourtravelandmore.com\/fr\/tours\/etats-unis-fr\/visite-privee-a-pied-de-nairobi\/\",\"url\":\"https:\/\/tourtravelandmore.com\/fr\/tours\/etats-unis-fr\/visite-privee-a-pied-de-nairobi\/\",\"name\":\"Visite priv\u00e9e \u00e0 pied de Nairobi avec guide pour une excursion unique!\",\"isPartOf\":{\"@id\":\"https:\/\/tourtravelandmore.com\/fr\/#website\"},\"primaryImageOfPage\":{\"@id\":\"https:\/\/tourtravelandmore.com\/fr\/tours\/etats-unis-fr\/visite-privee-a-pied-de-nairobi\/#primaryimage\"},\"image\":{\"@id\":\"https:\/\/tourtravelandmore.com\/fr\/tours\/etats-unis-fr\/visite-privee-a-pied-de-nairobi\/#primaryimage\"},\"thumbnailUrl\":\"https:\/\/tourtravelandmore.com\/wp-content\/uploads\/2021\/01\/Nairobi-2-scaled.jpg\",\"datePublished\":\"2021-01-19T11:11:23+00:00\",\"dateModified\":\"2021-03-11T19:46:11+00:00\",\"description\":\"Explorez cette ville incroyable de Nairobi. Notre guide priv\u00e9 vous emm\u00e8nera dans cette exp\u00e9rience lors de cette visite priv\u00e9e \u00e0 pied de Nairobi.\",\"breadcrumb\":{\"@id\":\"https:\/\/tourtravelandmore.com\/fr\/tours\/etats-unis-fr\/visite-privee-a-pied-de-nairobi\/#breadcrumb\"},\"inLanguage\":\"fr-FR\",\"potentialAction\":[{\"@type\":\"ReadAction\",\"target\":[\"https:\/\/tourtravelandmore.com\/fr\/tours\/etats-unis-fr\/visite-privee-a-pied-de-nairobi\/\"]}]},{\"@type\":\"ImageObject\",\"inLanguage\":\"fr-FR\",\"@id\":\"https:\/\/tourtravelandmore.com\/fr\/tours\/etats-unis-fr\/visite-privee-a-pied-de-nairobi\/#primaryimage\",\"url\":\"https:\/\/tourtravelandmore.com\/wp-content\/uploads\/2021\/01\/Nairobi-2-scaled.jpg\",\"contentUrl\":\"https:\/\/tourtravelandmore.com\/wp-content\/uploads\/2021\/01\/Nairobi-2-scaled.jpg\",\"width\":1707,\"height\":2560},{\"@type\":\"BreadcrumbList\",\"@id\":\"https:\/\/tourtravelandmore.com\/fr\/tours\/etats-unis-fr\/visite-privee-a-pied-de-nairobi\/#breadcrumb\",\"itemListElement\":[{\"@type\":\"ListItem\",\"position\":1,\"name\":\"Home\",\"item\":\"https:\/\/tourtravelandmore.com\/fr\/\"},{\"@type\":\"ListItem\",\"position\":2,\"name\":\"Tours\",\"item\":\"https:\/\/tourtravelandmore.com\/fr\/tours\/\"},{\"@type\":\"ListItem\",\"position\":3,\"name\":\"Visite priv\u00e9e \u00e0 pied de Nairobi\"}]},{\"@type\":\"WebSite\",\"@id\":\"https:\/\/tourtravelandmore.com\/fr\/#website\",\"url\":\"https:\/\/tourtravelandmore.com\/fr\/\",\"name\":\"Tour Travel And More\",\"description\":\"Private sightseeing tours and luxury transfers in Spain\",\"publisher\":{\"@id\":\"https:\/\/tourtravelandmore.com\/fr\/#organization\"},\"potentialAction\":[{\"@type\":\"SearchAction\",\"target\":{\"@type\":\"EntryPoint\",\"urlTemplate\":\"https:\/\/tourtravelandmore.com\/fr\/?s={search_term_string}\"},\"query-input\":{\"@type\":\"PropertyValueSpecification\",\"valueRequired\":true,\"valueName\":\"search_term_string\"}}],\"inLanguage\":\"fr-FR\"},{\"@type\":\"Organization\",\"@id\":\"https:\/\/tourtravelandmore.com\/fr\/#organization\",\"name\":\"Tour Travel And More\",\"url\":\"https:\/\/tourtravelandmore.com\/fr\/\",\"logo\":{\"@type\":\"ImageObject\",\"inLanguage\":\"fr-FR\",\"@id\":\"https:\/\/tourtravelandmore.com\/fr\/#\/schema\/logo\/image\/\",\"url\":\"https:\/\/tourtravelandmore.com\/wp-content\/uploads\/2022\/12\/cropped-logo-cabecera-new.png\",\"contentUrl\":\"https:\/\/tourtravelandmore.com\/wp-content\/uploads\/2022\/12\/cropped-logo-cabecera-new.png\",\"width\":430,\"height\":61,\"caption\":\"Tour Travel And More\"},\"image\":{\"@id\":\"https:\/\/tourtravelandmore.com\/fr\/#\/schema\/logo\/image\/\"},\"sameAs\":[\"https:\/\/www.facebook.com\/tourtravelandmore\/\",\"https:\/\/x.com\/TourTravel_More\"]}]}<\/script>\n<!-- \/ Yoast SEO Premium plugin. -->","yoast_head_json":{"title":"Visite priv\u00e9e \u00e0 pied de Nairobi avec guide pour une excursion unique!","description":"Explorez cette ville incroyable de Nairobi. Notre guide priv\u00e9 vous emm\u00e8nera dans cette exp\u00e9rience lors de cette visite priv\u00e9e \u00e0 pied de Nairobi.","robots":{"index":"index","follow":"follow","max-snippet":"max-snippet:-1","max-image-preview":"max-image-preview:large","max-video-preview":"max-video-preview:-1"},"canonical":"https:\/\/tourtravelandmore.com\/fr\/tours\/etats-unis-fr\/visite-privee-a-pied-de-nairobi\/","og_locale":"fr_FR","og_type":"article","og_title":"Visite priv\u00e9e \u00e0 pied de Nairobi","og_description":"Explorez cette ville incroyable de Nairobi. Notre guide priv\u00e9 vous emm\u00e8nera dans cette exp\u00e9rience lors de cette visite priv\u00e9e \u00e0 pied de Nairobi.","og_url":"https:\/\/tourtravelandmore.com\/fr\/tours\/etats-unis-fr\/visite-privee-a-pied-de-nairobi\/","og_site_name":"Tour Travel And More","article_publisher":"https:\/\/www.facebook.com\/tourtravelandmore\/","article_modified_time":"2021-03-11T19:46:11+00:00","og_image":[{"width":1707,"height":2560,"url":"https:\/\/tourtravelandmore.com\/wp-content\/uploads\/2021\/01\/Nairobi-2-scaled.jpg","type":"image\/jpeg"}],"twitter_card":"summary_large_image","twitter_site":"@TourTravel_More","twitter_misc":{"Dur\u00e9e de lecture estim\u00e9e":"2 minutes"},"schema":{"@context":"https:\/\/schema.org","@graph":[{"@type":"WebPage","@id":"https:\/\/tourtravelandmore.com\/fr\/tours\/etats-unis-fr\/visite-privee-a-pied-de-nairobi\/","url":"https:\/\/tourtravelandmore.com\/fr\/tours\/etats-unis-fr\/visite-privee-a-pied-de-nairobi\/","name":"Visite priv\u00e9e \u00e0 pied de Nairobi avec guide pour une excursion unique!","isPartOf":{"@id":"https:\/\/tourtravelandmore.com\/fr\/#website"},"primaryImageOfPage":{"@id":"https:\/\/tourtravelandmore.com\/fr\/tours\/etats-unis-fr\/visite-privee-a-pied-de-nairobi\/#primaryimage"},"image":{"@id":"https:\/\/tourtravelandmore.com\/fr\/tours\/etats-unis-fr\/visite-privee-a-pied-de-nairobi\/#primaryimage"},"thumbnailUrl":"https:\/\/tourtravelandmore.com\/wp-content\/uploads\/2021\/01\/Nairobi-2-scaled.jpg","datePublished":"2021-01-19T11:11:23+00:00","dateModified":"2021-03-11T19:46:11+00:00","description":"Explorez cette ville incroyable de Nairobi. Notre guide priv\u00e9 vous emm\u00e8nera dans cette exp\u00e9rience lors de cette visite priv\u00e9e \u00e0 pied de Nairobi.","breadcrumb":{"@id":"https:\/\/tourtravelandmore.com\/fr\/tours\/etats-unis-fr\/visite-privee-a-pied-de-nairobi\/#breadcrumb"},"inLanguage":"fr-FR","potentialAction":[{"@type":"ReadAction","target":["https:\/\/tourtravelandmore.com\/fr\/tours\/etats-unis-fr\/visite-privee-a-pied-de-nairobi\/"]}]},{"@type":"ImageObject","inLanguage":"fr-FR","@id":"https:\/\/tourtravelandmore.com\/fr\/tours\/etats-unis-fr\/visite-privee-a-pied-de-nairobi\/#primaryimage","url":"https:\/\/tourtravelandmore.com\/wp-content\/uploads\/2021\/01\/Nairobi-2-scaled.jpg","contentUrl":"https:\/\/tourtravelandmore.com\/wp-content\/uploads\/2021\/01\/Nairobi-2-scaled.jpg","width":1707,"height":2560},{"@type":"BreadcrumbList","@id":"https:\/\/tourtravelandmore.com\/fr\/tours\/etats-unis-fr\/visite-privee-a-pied-de-nairobi\/#breadcrumb","itemListElement":[{"@type":"ListItem","position":1,"name":"Home","item":"https:\/\/tourtravelandmore.com\/fr\/"},{"@type":"ListItem","position":2,"name":"Tours","item":"https:\/\/tourtravelandmore.com\/fr\/tours\/"},{"@type":"ListItem","position":3,"name":"Visite priv\u00e9e \u00e0 pied de Nairobi"}]},{"@type":"WebSite","@id":"https:\/\/tourtravelandmore.com\/fr\/#website","url":"https:\/\/tourtravelandmore.com\/fr\/","name":"Tour Travel And More","description":"Private sightseeing tours and luxury transfers in Spain","publisher":{"@id":"https:\/\/tourtravelandmore.com\/fr\/#organization"},"potentialAction":[{"@type":"SearchAction","target":{"@type":"EntryPoint","urlTemplate":"https:\/\/tourtravelandmore.com\/fr\/?s={search_term_string}"},"query-input":{"@type":"PropertyValueSpecification","valueRequired":true,"valueName":"search_term_string"}}],"inLanguage":"fr-FR"},{"@type":"Organization","@id":"https:\/\/tourtravelandmore.com\/fr\/#organization","name":"Tour Travel And More","url":"https:\/\/tourtravelandmore.com\/fr\/","logo":{"@type":"ImageObject","inLanguage":"fr-FR","@id":"https:\/\/tourtravelandmore.com\/fr\/#\/schema\/logo\/image\/","url":"https:\/\/tourtravelandmore.com\/wp-content\/uploads\/2022\/12\/cropped-logo-cabecera-new.png","contentUrl":"https:\/\/tourtravelandmore.com\/wp-content\/uploads\/2022\/12\/cropped-logo-cabecera-new.png","width":430,"height":61,"caption":"Tour Travel And More"},"image":{"@id":"https:\/\/tourtravelandmore.com\/fr\/#\/schema\/logo\/image\/"},"sameAs":["https:\/\/www.facebook.com\/tourtravelandmore\/","https:\/\/x.com\/TourTravel_More"]}]}},"_links":{"self":[{"href":"https:\/\/tourtravelandmore.com\/fr\/wp-json\/wp\/v2\/product\/102608","targetHints":{"allow":["GET"]}}],"collection":[{"href":"https:\/\/tourtravelandmore.com\/fr\/wp-json\/wp\/v2\/product"}],"about":[{"href":"https:\/\/tourtravelandmore.com\/fr\/wp-json\/wp\/v2\/types\/product"}],"replies":[{"embeddable":true,"href":"https:\/\/tourtravelandmore.com\/fr\/wp-json\/wp\/v2\/comments?post=102608"}],"wp:featuredmedia":[{"embeddable":true,"href":"https:\/\/tourtravelandmore.com\/fr\/wp-json\/wp\/v2\/media\/91311"}],"wp:attachment":[{"href":"https:\/\/tourtravelandmore.com\/fr\/wp-json\/wp\/v2\/media?parent=102608"}],"wp:term":[{"taxonomy":"product_brand","embeddable":true,"href":"https:\/\/tourtravelandmore.com\/fr\/wp-json\/wp\/v2\/product_brand?post=102608"},{"taxonomy":"product_cat","embeddable":true,"href":"https:\/\/tourtravelandmore.com\/fr\/wp-json\/wp\/v2\/product_cat?post=102608"},{"taxonomy":"product_tag","embeddable":true,"href":"https:\/\/tourtravelandmore.com\/fr\/wp-json\/wp\/v2\/product_tag?post=102608"}],"curies":[{"name":"wp","href":"https:\/\/api.w.org\/{rel}","templated":true}]}}