{"id":102601,"date":"2021-01-19T11:33:16","date_gmt":"2021-01-19T10:33:16","guid":{"rendered":"https:\/\/tourtravelandmore.com\/tours\/non%20class\u00e9\/visite-privee-de-nairobi\/"},"modified":"2021-03-11T20:44:43","modified_gmt":"2021-03-11T19:44:43","slug":"visite-privee-de-nairobi","status":"publish","type":"product","link":"https:\/\/tourtravelandmore.com\/fr\/tours\/etats-unis-fr\/visite-privee-de-nairobi\/","title":{"rendered":"Visite priv\u00e9e de Nairobi"},"content":{"rendered":"<h2>Description<\/h2>\n<p>Pour cette visite priv\u00e9e, laissez notre \u00e9quipe venir vous chercher \u00e0 votre h\u00f4tel \u00e0 Nairobi et nous serons l\u00e0 pour rendre votre visite unique.<\/p>\n<p>Faites-nous savoir o\u00f9 se trouve votre h\u00f4tel \u00e0 Nairobi et nous nous dirigerons vers le centre Giraffe.<\/p>\n<p>Pour cette visite, nous avons deux options. Nous pouvons inclure la visite du centre-ville de Nairobi ou nous pouvons passer du temps \u00e0 avoir vue sur l&#8217;orphelinat des girafes et des \u00e9l\u00e9phants.<\/p>\n<p>Une visite \u00e0 pied du centre-ville est \u00e9galement une excellente option. Nairobi est une ville qui a beaucoup \u00e0 offrir! Lors de votre visite au Kenya, vous pouvez \u00e9galement inclure une visite de la ville et de la culture en plus de l&#8217;incroyable exp\u00e9rience de safari.<\/p>\n<h2>Sites d&#8217;int\u00e9r\u00eat et points de rep\u00e8re<\/h2>\n<p>Apr\u00e8s la prise en charge \u00e0 votre h\u00f4tel \u00e0 Nairobi, commen\u00e7ons cette visite priv\u00e9e!<\/p>\n<p>Nous organiserons une visite au Giraffe Center. Ici, vous pouvez nourrir \u00e0 la main les girafes de Rothschild en voie de disparition. Passez du temps ici \u00e0 profiter du centre Giraffe. Vous profiterez d&#8217;environ 10 minutes en voiture du centre de Nairobi. C&#8217;est un centre qui a \u00e9t\u00e9 cr\u00e9\u00e9 pour prot\u00e9ger la girafe en voie de disparition. Il existe une excellente \u00e9ducation \u00e0 la conservation de la faune pour les jeunes enfants et les voyageurs. C&#8217;est une attraction principale pour les \u00e9coliers et les visiteurs pour voir les girafes dans un environnement prot\u00e9g\u00e9.<\/p>\n<p>Apr\u00e8s cette exp\u00e9rience incroyable, demandez \u00e0 votre chauffeur-guide de vous emmener vers l&#8217;orphelinat des \u00e9l\u00e9phants David Sheldrick. Ici vous pouvez avoir une vue sur la protection des \u00e9l\u00e9phants. C&#8217;est un programme r\u00e9ussi de sauvetage et de r\u00e9habilitation d&#8217;\u00e9l\u00e9phants orphelins. Il existe de nombreux soins v\u00e9t\u00e9rinaires ainsi que plus de 200 orphelins d&#8217;\u00e9l\u00e9phants \u00e9lev\u00e9s.<\/p>\n<p>Lorsque tout cela sera fait, votre chauffeur-guide priv\u00e9 vous ram\u00e8nera \u00e0 votre h\u00f4tel \u00e0 Nairobi.<\/p>\n<p>Profitez de cette exp\u00e9rience incroyable \u00e0 Nairobi! Ayez \u00e9galement une superbe vue panoramique sur la ville de Nairobi.<\/p>\n<div class=\"grid grid--center\">\n<div class=\"grid__item xlarge-7 large-6 medium-10 small-12 ut-align-center\">\n<h3 class=\"title-3\"><\/h3>\n<\/div>\n<\/div>\n","protected":false},"excerpt":{"rendered":"<p>Explorez l&#8217;une des villes les plus belles et les plus \u00e9tonnantes de Nairobi. Demandez \u00e0 notre \u00e9quipe priv\u00e9e de vous faire vivre une exp\u00e9rience incroyable \u00e0 Nairobi!<\/p>\n","protected":false},"featured_media":91308,"comment_status":"open","ping_status":"closed","template":"","meta":{"_acf_changed":false},"product_brand":[],"product_cat":[3731,3547],"product_tag":[],"class_list":{"0":"post-102601","1":"product","2":"type-product","3":"status-publish","4":"has-post-thumbnail","6":"product_cat-kenya-fr","7":"product_cat-etats-unis-fr","9":"first","10":"instock","11":"shipping-taxable","12":"purchasable","13":"product-type-simple"},"acf":[],"yoast_head":"<!-- This site is optimized with the Yoast SEO Premium plugin v25.3.1 (Yoast SEO v25.3.1) - https:\/\/yoast.com\/wordpress\/plugins\/seo\/ -->\n<title>Visite priv\u00e9e de Nairobi avec chauffeur-guide pour une excursion unique!<\/title>\n<meta name=\"description\" content=\"Explorez l&#039;une des villes les plus belles et les plus \u00e9tonnantes de Nairobi. Notre \u00e9quipe priv\u00e9e vous emm\u00e8ne dans cette exp\u00e9rience avec notre visite priv\u00e9e de Nairobi!\" \/>\n<meta name=\"robots\" content=\"index, follow, max-snippet:-1, max-image-preview:large, max-video-preview:-1\" \/>\n<link rel=\"canonical\" href=\"https:\/\/tourtravelandmore.com\/fr\/tours\/etats-unis-fr\/visite-privee-de-nairobi\/\" \/>\n<meta property=\"og:locale\" content=\"fr_FR\" \/>\n<meta property=\"og:type\" content=\"article\" \/>\n<meta property=\"og:title\" content=\"Visite priv\u00e9e de Nairobi\" \/>\n<meta property=\"og:description\" content=\"Explorez l&#039;une des villes les plus belles et les plus \u00e9tonnantes de Nairobi. Notre \u00e9quipe priv\u00e9e vous emm\u00e8ne dans cette exp\u00e9rience avec notre visite priv\u00e9e de Nairobi!\" \/>\n<meta property=\"og:url\" content=\"https:\/\/tourtravelandmore.com\/fr\/tours\/etats-unis-fr\/visite-privee-de-nairobi\/\" \/>\n<meta property=\"og:site_name\" content=\"Tour Travel And More\" \/>\n<meta property=\"article:publisher\" content=\"https:\/\/www.facebook.com\/tourtravelandmore\/\" \/>\n<meta property=\"article:modified_time\" content=\"2021-03-11T19:44:43+00:00\" \/>\n<meta property=\"og:image\" content=\"https:\/\/tourtravelandmore.com\/wp-content\/uploads\/2021\/01\/Kenya-scaled.jpg\" \/>\n\t<meta property=\"og:image:width\" content=\"2560\" \/>\n\t<meta property=\"og:image:height\" content=\"1707\" \/>\n\t<meta property=\"og:image:type\" content=\"image\/jpeg\" \/>\n<meta name=\"twitter:card\" content=\"summary_large_image\" \/>\n<meta name=\"twitter:site\" content=\"@TourTravel_More\" \/>\n<meta name=\"twitter:label1\" content=\"Dur\u00e9e de lecture estim\u00e9e\" \/>\n\t<meta name=\"twitter:data1\" content=\"2 minutes\" \/>\n<script type=\"application\/ld+json\" class=\"yoast-schema-graph\">{\"@context\":\"https:\/\/schema.org\",\"@graph\":[{\"@type\":\"WebPage\",\"@id\":\"https:\/\/tourtravelandmore.com\/fr\/tours\/etats-unis-fr\/visite-privee-de-nairobi\/\",\"url\":\"https:\/\/tourtravelandmore.com\/fr\/tours\/etats-unis-fr\/visite-privee-de-nairobi\/\",\"name\":\"Visite priv\u00e9e de Nairobi avec chauffeur-guide pour une excursion unique!\",\"isPartOf\":{\"@id\":\"https:\/\/tourtravelandmore.com\/fr\/#website\"},\"primaryImageOfPage\":{\"@id\":\"https:\/\/tourtravelandmore.com\/fr\/tours\/etats-unis-fr\/visite-privee-de-nairobi\/#primaryimage\"},\"image\":{\"@id\":\"https:\/\/tourtravelandmore.com\/fr\/tours\/etats-unis-fr\/visite-privee-de-nairobi\/#primaryimage\"},\"thumbnailUrl\":\"https:\/\/tourtravelandmore.com\/wp-content\/uploads\/2021\/01\/Kenya-scaled.jpg\",\"datePublished\":\"2021-01-19T10:33:16+00:00\",\"dateModified\":\"2021-03-11T19:44:43+00:00\",\"description\":\"Explorez l'une des villes les plus belles et les plus \u00e9tonnantes de Nairobi. Notre \u00e9quipe priv\u00e9e vous emm\u00e8ne dans cette exp\u00e9rience avec notre visite priv\u00e9e de Nairobi!\",\"breadcrumb\":{\"@id\":\"https:\/\/tourtravelandmore.com\/fr\/tours\/etats-unis-fr\/visite-privee-de-nairobi\/#breadcrumb\"},\"inLanguage\":\"fr-FR\",\"potentialAction\":[{\"@type\":\"ReadAction\",\"target\":[\"https:\/\/tourtravelandmore.com\/fr\/tours\/etats-unis-fr\/visite-privee-de-nairobi\/\"]}]},{\"@type\":\"ImageObject\",\"inLanguage\":\"fr-FR\",\"@id\":\"https:\/\/tourtravelandmore.com\/fr\/tours\/etats-unis-fr\/visite-privee-de-nairobi\/#primaryimage\",\"url\":\"https:\/\/tourtravelandmore.com\/wp-content\/uploads\/2021\/01\/Kenya-scaled.jpg\",\"contentUrl\":\"https:\/\/tourtravelandmore.com\/wp-content\/uploads\/2021\/01\/Kenya-scaled.jpg\",\"width\":2560,\"height\":1707},{\"@type\":\"BreadcrumbList\",\"@id\":\"https:\/\/tourtravelandmore.com\/fr\/tours\/etats-unis-fr\/visite-privee-de-nairobi\/#breadcrumb\",\"itemListElement\":[{\"@type\":\"ListItem\",\"position\":1,\"name\":\"Home\",\"item\":\"https:\/\/tourtravelandmore.com\/fr\/\"},{\"@type\":\"ListItem\",\"position\":2,\"name\":\"Tours\",\"item\":\"https:\/\/tourtravelandmore.com\/fr\/tours\/\"},{\"@type\":\"ListItem\",\"position\":3,\"name\":\"Visite priv\u00e9e de Nairobi\"}]},{\"@type\":\"WebSite\",\"@id\":\"https:\/\/tourtravelandmore.com\/fr\/#website\",\"url\":\"https:\/\/tourtravelandmore.com\/fr\/\",\"name\":\"Tour Travel And More\",\"description\":\"Private sightseeing tours and luxury transfers in Spain\",\"publisher\":{\"@id\":\"https:\/\/tourtravelandmore.com\/fr\/#organization\"},\"potentialAction\":[{\"@type\":\"SearchAction\",\"target\":{\"@type\":\"EntryPoint\",\"urlTemplate\":\"https:\/\/tourtravelandmore.com\/fr\/?s={search_term_string}\"},\"query-input\":{\"@type\":\"PropertyValueSpecification\",\"valueRequired\":true,\"valueName\":\"search_term_string\"}}],\"inLanguage\":\"fr-FR\"},{\"@type\":\"Organization\",\"@id\":\"https:\/\/tourtravelandmore.com\/fr\/#organization\",\"name\":\"Tour Travel And More\",\"url\":\"https:\/\/tourtravelandmore.com\/fr\/\",\"logo\":{\"@type\":\"ImageObject\",\"inLanguage\":\"fr-FR\",\"@id\":\"https:\/\/tourtravelandmore.com\/fr\/#\/schema\/logo\/image\/\",\"url\":\"https:\/\/tourtravelandmore.com\/wp-content\/uploads\/2022\/12\/cropped-logo-cabecera-new.png\",\"contentUrl\":\"https:\/\/tourtravelandmore.com\/wp-content\/uploads\/2022\/12\/cropped-logo-cabecera-new.png\",\"width\":430,\"height\":61,\"caption\":\"Tour Travel And More\"},\"image\":{\"@id\":\"https:\/\/tourtravelandmore.com\/fr\/#\/schema\/logo\/image\/\"},\"sameAs\":[\"https:\/\/www.facebook.com\/tourtravelandmore\/\",\"https:\/\/x.com\/TourTravel_More\"]}]}<\/script>\n<!-- \/ Yoast SEO Premium plugin. -->","yoast_head_json":{"title":"Visite priv\u00e9e de Nairobi avec chauffeur-guide pour une excursion unique!","description":"Explorez l'une des villes les plus belles et les plus \u00e9tonnantes de Nairobi. Notre \u00e9quipe priv\u00e9e vous emm\u00e8ne dans cette exp\u00e9rience avec notre visite priv\u00e9e de Nairobi!","robots":{"index":"index","follow":"follow","max-snippet":"max-snippet:-1","max-image-preview":"max-image-preview:large","max-video-preview":"max-video-preview:-1"},"canonical":"https:\/\/tourtravelandmore.com\/fr\/tours\/etats-unis-fr\/visite-privee-de-nairobi\/","og_locale":"fr_FR","og_type":"article","og_title":"Visite priv\u00e9e de Nairobi","og_description":"Explorez l'une des villes les plus belles et les plus \u00e9tonnantes de Nairobi. Notre \u00e9quipe priv\u00e9e vous emm\u00e8ne dans cette exp\u00e9rience avec notre visite priv\u00e9e de Nairobi!","og_url":"https:\/\/tourtravelandmore.com\/fr\/tours\/etats-unis-fr\/visite-privee-de-nairobi\/","og_site_name":"Tour Travel And More","article_publisher":"https:\/\/www.facebook.com\/tourtravelandmore\/","article_modified_time":"2021-03-11T19:44:43+00:00","og_image":[{"width":2560,"height":1707,"url":"https:\/\/tourtravelandmore.com\/wp-content\/uploads\/2021\/01\/Kenya-scaled.jpg","type":"image\/jpeg"}],"twitter_card":"summary_large_image","twitter_site":"@TourTravel_More","twitter_misc":{"Dur\u00e9e de lecture estim\u00e9e":"2 minutes"},"schema":{"@context":"https:\/\/schema.org","@graph":[{"@type":"WebPage","@id":"https:\/\/tourtravelandmore.com\/fr\/tours\/etats-unis-fr\/visite-privee-de-nairobi\/","url":"https:\/\/tourtravelandmore.com\/fr\/tours\/etats-unis-fr\/visite-privee-de-nairobi\/","name":"Visite priv\u00e9e de Nairobi avec chauffeur-guide pour une excursion unique!","isPartOf":{"@id":"https:\/\/tourtravelandmore.com\/fr\/#website"},"primaryImageOfPage":{"@id":"https:\/\/tourtravelandmore.com\/fr\/tours\/etats-unis-fr\/visite-privee-de-nairobi\/#primaryimage"},"image":{"@id":"https:\/\/tourtravelandmore.com\/fr\/tours\/etats-unis-fr\/visite-privee-de-nairobi\/#primaryimage"},"thumbnailUrl":"https:\/\/tourtravelandmore.com\/wp-content\/uploads\/2021\/01\/Kenya-scaled.jpg","datePublished":"2021-01-19T10:33:16+00:00","dateModified":"2021-03-11T19:44:43+00:00","description":"Explorez l'une des villes les plus belles et les plus \u00e9tonnantes de Nairobi. Notre \u00e9quipe priv\u00e9e vous emm\u00e8ne dans cette exp\u00e9rience avec notre visite priv\u00e9e de Nairobi!","breadcrumb":{"@id":"https:\/\/tourtravelandmore.com\/fr\/tours\/etats-unis-fr\/visite-privee-de-nairobi\/#breadcrumb"},"inLanguage":"fr-FR","potentialAction":[{"@type":"ReadAction","target":["https:\/\/tourtravelandmore.com\/fr\/tours\/etats-unis-fr\/visite-privee-de-nairobi\/"]}]},{"@type":"ImageObject","inLanguage":"fr-FR","@id":"https:\/\/tourtravelandmore.com\/fr\/tours\/etats-unis-fr\/visite-privee-de-nairobi\/#primaryimage","url":"https:\/\/tourtravelandmore.com\/wp-content\/uploads\/2021\/01\/Kenya-scaled.jpg","contentUrl":"https:\/\/tourtravelandmore.com\/wp-content\/uploads\/2021\/01\/Kenya-scaled.jpg","width":2560,"height":1707},{"@type":"BreadcrumbList","@id":"https:\/\/tourtravelandmore.com\/fr\/tours\/etats-unis-fr\/visite-privee-de-nairobi\/#breadcrumb","itemListElement":[{"@type":"ListItem","position":1,"name":"Home","item":"https:\/\/tourtravelandmore.com\/fr\/"},{"@type":"ListItem","position":2,"name":"Tours","item":"https:\/\/tourtravelandmore.com\/fr\/tours\/"},{"@type":"ListItem","position":3,"name":"Visite priv\u00e9e de Nairobi"}]},{"@type":"WebSite","@id":"https:\/\/tourtravelandmore.com\/fr\/#website","url":"https:\/\/tourtravelandmore.com\/fr\/","name":"Tour Travel And More","description":"Private sightseeing tours and luxury transfers in Spain","publisher":{"@id":"https:\/\/tourtravelandmore.com\/fr\/#organization"},"potentialAction":[{"@type":"SearchAction","target":{"@type":"EntryPoint","urlTemplate":"https:\/\/tourtravelandmore.com\/fr\/?s={search_term_string}"},"query-input":{"@type":"PropertyValueSpecification","valueRequired":true,"valueName":"search_term_string"}}],"inLanguage":"fr-FR"},{"@type":"Organization","@id":"https:\/\/tourtravelandmore.com\/fr\/#organization","name":"Tour Travel And More","url":"https:\/\/tourtravelandmore.com\/fr\/","logo":{"@type":"ImageObject","inLanguage":"fr-FR","@id":"https:\/\/tourtravelandmore.com\/fr\/#\/schema\/logo\/image\/","url":"https:\/\/tourtravelandmore.com\/wp-content\/uploads\/2022\/12\/cropped-logo-cabecera-new.png","contentUrl":"https:\/\/tourtravelandmore.com\/wp-content\/uploads\/2022\/12\/cropped-logo-cabecera-new.png","width":430,"height":61,"caption":"Tour Travel And More"},"image":{"@id":"https:\/\/tourtravelandmore.com\/fr\/#\/schema\/logo\/image\/"},"sameAs":["https:\/\/www.facebook.com\/tourtravelandmore\/","https:\/\/x.com\/TourTravel_More"]}]}},"_links":{"self":[{"href":"https:\/\/tourtravelandmore.com\/fr\/wp-json\/wp\/v2\/product\/102601","targetHints":{"allow":["GET"]}}],"collection":[{"href":"https:\/\/tourtravelandmore.com\/fr\/wp-json\/wp\/v2\/product"}],"about":[{"href":"https:\/\/tourtravelandmore.com\/fr\/wp-json\/wp\/v2\/types\/product"}],"replies":[{"embeddable":true,"href":"https:\/\/tourtravelandmore.com\/fr\/wp-json\/wp\/v2\/comments?post=102601"}],"wp:featuredmedia":[{"embeddable":true,"href":"https:\/\/tourtravelandmore.com\/fr\/wp-json\/wp\/v2\/media\/91308"}],"wp:attachment":[{"href":"https:\/\/tourtravelandmore.com\/fr\/wp-json\/wp\/v2\/media?parent=102601"}],"wp:term":[{"taxonomy":"product_brand","embeddable":true,"href":"https:\/\/tourtravelandmore.com\/fr\/wp-json\/wp\/v2\/product_brand?post=102601"},{"taxonomy":"product_cat","embeddable":true,"href":"https:\/\/tourtravelandmore.com\/fr\/wp-json\/wp\/v2\/product_cat?post=102601"},{"taxonomy":"product_tag","embeddable":true,"href":"https:\/\/tourtravelandmore.com\/fr\/wp-json\/wp\/v2\/product_tag?post=102601"}],"curies":[{"name":"wp","href":"https:\/\/api.w.org\/{rel}","templated":true}]}}