{"id":102586,"date":"2021-01-20T11:14:02","date_gmt":"2021-01-20T10:14:02","guid":{"rendered":"https:\/\/tourtravelandmore.com\/tours\/non%20class\u00e9\/visite-privee-du-mont-kenya-au-depart-de-nairobi\/"},"modified":"2021-03-11T20:39:11","modified_gmt":"2021-03-11T19:39:11","slug":"visite-privee-du-mont-kenya-au-depart-de-nairobi","status":"publish","type":"product","link":"https:\/\/tourtravelandmore.com\/fr\/tours\/etats-unis-fr\/visite-privee-du-mont-kenya-au-depart-de-nairobi\/","title":{"rendered":"Visite priv\u00e9e du mont Kenya au d\u00e9part de Nairobi"},"content":{"rendered":"<h2>Description<\/h2>\n<p>Explorez le mont Kenya avec cette excursion d&#8217;une journ\u00e9e au d\u00e9part de Nairobi. Notre visite priv\u00e9e du mont Kenya au d\u00e9part de Nairobi est une exp\u00e9rience unique pour d\u00e9couvrir l&#8217;une des plus hautes montagnes du Kenya!<\/p>\n<p>Notre chauffeur-guide priv\u00e9 viendra vous chercher et nous commencerons cette visite priv\u00e9e du mont Kenya au d\u00e9part de Nairobi.<\/p>\n<p>Le mont Kenya est la deuxi\u00e8me plus haute montagne d&#8217;Afrique, bien s\u00fbr apr\u00e8s le Kilimandjaro. Au Kenya, c&#8217;est la plus haute montagne! Le plus haut sommet se trouve \u00e0 5199 m\u00e8tres. Les autres points sont \u00e9galement tr\u00e8s proches!<\/p>\n<p>Il est \u00e0 environ 150 km de Nairobi. C&#8217;est pourquoi nous pouvons g\u00e9rer cette exp\u00e9rience pour une excursion d&#8217;une journ\u00e9e au d\u00e9part de la capitale du Kenya.<\/p>\n<p>Le mont Kenya est un stratovolcan qui a \u00e9t\u00e9 cr\u00e9\u00e9 environ 3 millions d&#8217;ann\u00e9es apr\u00e8s l&#8217;ouverture du Rift est-africain. D\u00e9couvrez tous les d\u00e9tails que votre guide peut vous expliquer sur cet emplacement unique. Autour du centre de la montagne, il a \u00e9t\u00e9 d\u00e9sign\u00e9 parc national. Il est \u00e9galement inscrit au patrimoine mondial de l&#8217;UNESCO! C&#8217;est l&#8217;une des raisons pour lesquelles il re\u00e7oit autant de visites par an!<\/p>\n<p>Laissez notre chauffeur-guide vous chercher t\u00f4t \u00e0 votre h\u00f4tel \u00e0 Nairobi et commencez cette visite priv\u00e9e du mont Kenya au d\u00e9part de Nairobi.<\/p>\n<h2>Sites d&#8217;int\u00e9r\u00eat et points de rep\u00e8re<\/h2>\n<p>Apr\u00e8s la prise en charge le matin, nous nous dirigerons vers Naromoru. C&#8217;est l\u00e0 que la visite priv\u00e9e commencera vraiment. Nous passerons ensuite les portes du parc et dans quelques minutes, pr\u00e9parerons votre appareil photo pour voir certains des animaux les plus impressionnants.<\/p>\n<p>Certains des animaux sauvages que vous pourrez apercevoir seront des bushbucks, des waterbucks, des babouins et bien s\u00fbr des oiseaux.<\/p>\n<p>Nous monterons ensuite sur la route sur la piste NAro Moru. Ce trajet nous m\u00e8nera au Met Station Camp (3000m).<\/p>\n<p>C&#8217;est l\u00e0 que notre trekking relaxant commencera sur la montagne. Nous verrons tant de v\u00e9g\u00e9tations, de la for\u00eat de bambous, des hag\u00e9nias aux arbres des bruy\u00e8res.<\/p>\n<p>En cours de route, vous profiterez de la for\u00eat enrichie d&#8217;oiseaux et de fleurs en haute altitude. Ce trek vous prendra ensuite environ 3,4 heures jusqu&#8217;\u00e0 ce que nous atteignions la vall\u00e9e de Teleki. C&#8217;est ici que vous d\u00e9gusterez votre pique-nique. Profitez d&#8217;une vue incroyable sur la vall\u00e9e de Teleki avant de retourner vers la gare Met.<\/p>\n<p>Apr\u00e8s cette exp\u00e9rience et de superbes clich\u00e9s, nous vous ram\u00e8nerons ensuite vers votre h\u00f4tel \u00e0 Nairobi!<\/p>\n<p>D\u00e9couvrez nos autres visites priv\u00e9es dans la ville de Nairobi et bien s\u00fbr de tout le Kenya!<\/p>\n","protected":false},"excerpt":{"rendered":"<p>Explorez l&#8217;un des plus beaux endroits du Kenya: le mont Kenya. Laissez-vous emmener dans cette exp\u00e9rience avec notre visite priv\u00e9e du mont Kenya au d\u00e9part de Nairobi!<\/p>\n","protected":false},"featured_media":91314,"comment_status":"open","ping_status":"closed","template":"","meta":{"_acf_changed":false},"product_brand":[],"product_cat":[3731,3547],"product_tag":[],"class_list":{"0":"post-102586","1":"product","2":"type-product","3":"status-publish","4":"has-post-thumbnail","6":"product_cat-kenya-fr","7":"product_cat-etats-unis-fr","9":"first","10":"instock","11":"shipping-taxable","12":"purchasable","13":"product-type-simple"},"acf":[],"yoast_head":"<!-- This site is optimized with the Yoast SEO Premium plugin v25.3.1 (Yoast SEO v25.3.1) - https:\/\/yoast.com\/wordpress\/plugins\/seo\/ -->\n<title>Visite priv\u00e9e du mont Kenya au d\u00e9part de Nairobi avec chauffeur-guide pour une excursion unique!<\/title>\n<meta name=\"description\" content=\"Explorez l&#039;un des plus beaux endroits du Kenya: le mont Kenya. Laissez-vous emmener dans cette exp\u00e9rience avec notre visite priv\u00e9e du mont Kenya au d\u00e9part de Nairobi!\" \/>\n<meta name=\"robots\" content=\"index, follow, max-snippet:-1, max-image-preview:large, max-video-preview:-1\" \/>\n<link rel=\"canonical\" href=\"https:\/\/tourtravelandmore.com\/fr\/tours\/etats-unis-fr\/visite-privee-du-mont-kenya-au-depart-de-nairobi\/\" \/>\n<meta property=\"og:locale\" content=\"fr_FR\" \/>\n<meta property=\"og:type\" content=\"article\" \/>\n<meta property=\"og:title\" content=\"Visite priv\u00e9e du mont Kenya au d\u00e9part de Nairobi\" \/>\n<meta property=\"og:description\" content=\"Explorez l&#039;un des plus beaux endroits du Kenya: le mont Kenya. Laissez-vous emmener dans cette exp\u00e9rience avec notre visite priv\u00e9e du mont Kenya au d\u00e9part de Nairobi!\" \/>\n<meta property=\"og:url\" content=\"https:\/\/tourtravelandmore.com\/fr\/tours\/etats-unis-fr\/visite-privee-du-mont-kenya-au-depart-de-nairobi\/\" \/>\n<meta property=\"og:site_name\" content=\"Tour Travel And More\" \/>\n<meta property=\"article:publisher\" content=\"https:\/\/www.facebook.com\/tourtravelandmore\/\" \/>\n<meta property=\"article:modified_time\" content=\"2021-03-11T19:39:11+00:00\" \/>\n<meta property=\"og:image\" content=\"https:\/\/tourtravelandmore.com\/wp-content\/uploads\/2021\/01\/Nairobi-3-scaled.jpg\" \/>\n\t<meta property=\"og:image:width\" content=\"2560\" \/>\n\t<meta property=\"og:image:height\" content=\"1713\" \/>\n\t<meta property=\"og:image:type\" content=\"image\/jpeg\" \/>\n<meta name=\"twitter:card\" content=\"summary_large_image\" \/>\n<meta name=\"twitter:site\" content=\"@TourTravel_More\" \/>\n<meta name=\"twitter:label1\" content=\"Dur\u00e9e de lecture estim\u00e9e\" \/>\n\t<meta name=\"twitter:data1\" content=\"2 minutes\" \/>\n<script type=\"application\/ld+json\" class=\"yoast-schema-graph\">{\"@context\":\"https:\/\/schema.org\",\"@graph\":[{\"@type\":\"WebPage\",\"@id\":\"https:\/\/tourtravelandmore.com\/fr\/tours\/etats-unis-fr\/visite-privee-du-mont-kenya-au-depart-de-nairobi\/\",\"url\":\"https:\/\/tourtravelandmore.com\/fr\/tours\/etats-unis-fr\/visite-privee-du-mont-kenya-au-depart-de-nairobi\/\",\"name\":\"Visite priv\u00e9e du mont Kenya au d\u00e9part de Nairobi avec chauffeur-guide pour une excursion unique!\",\"isPartOf\":{\"@id\":\"https:\/\/tourtravelandmore.com\/fr\/#website\"},\"primaryImageOfPage\":{\"@id\":\"https:\/\/tourtravelandmore.com\/fr\/tours\/etats-unis-fr\/visite-privee-du-mont-kenya-au-depart-de-nairobi\/#primaryimage\"},\"image\":{\"@id\":\"https:\/\/tourtravelandmore.com\/fr\/tours\/etats-unis-fr\/visite-privee-du-mont-kenya-au-depart-de-nairobi\/#primaryimage\"},\"thumbnailUrl\":\"https:\/\/tourtravelandmore.com\/wp-content\/uploads\/2021\/01\/Nairobi-3-scaled.jpg\",\"datePublished\":\"2021-01-20T10:14:02+00:00\",\"dateModified\":\"2021-03-11T19:39:11+00:00\",\"description\":\"Explorez l'un des plus beaux endroits du Kenya: le mont Kenya. Laissez-vous emmener dans cette exp\u00e9rience avec notre visite priv\u00e9e du mont Kenya au d\u00e9part de Nairobi!\",\"breadcrumb\":{\"@id\":\"https:\/\/tourtravelandmore.com\/fr\/tours\/etats-unis-fr\/visite-privee-du-mont-kenya-au-depart-de-nairobi\/#breadcrumb\"},\"inLanguage\":\"fr-FR\",\"potentialAction\":[{\"@type\":\"ReadAction\",\"target\":[\"https:\/\/tourtravelandmore.com\/fr\/tours\/etats-unis-fr\/visite-privee-du-mont-kenya-au-depart-de-nairobi\/\"]}]},{\"@type\":\"ImageObject\",\"inLanguage\":\"fr-FR\",\"@id\":\"https:\/\/tourtravelandmore.com\/fr\/tours\/etats-unis-fr\/visite-privee-du-mont-kenya-au-depart-de-nairobi\/#primaryimage\",\"url\":\"https:\/\/tourtravelandmore.com\/wp-content\/uploads\/2021\/01\/Nairobi-3-scaled.jpg\",\"contentUrl\":\"https:\/\/tourtravelandmore.com\/wp-content\/uploads\/2021\/01\/Nairobi-3-scaled.jpg\",\"width\":2560,\"height\":1713},{\"@type\":\"BreadcrumbList\",\"@id\":\"https:\/\/tourtravelandmore.com\/fr\/tours\/etats-unis-fr\/visite-privee-du-mont-kenya-au-depart-de-nairobi\/#breadcrumb\",\"itemListElement\":[{\"@type\":\"ListItem\",\"position\":1,\"name\":\"Home\",\"item\":\"https:\/\/tourtravelandmore.com\/fr\/\"},{\"@type\":\"ListItem\",\"position\":2,\"name\":\"Tours\",\"item\":\"https:\/\/tourtravelandmore.com\/fr\/tours\/\"},{\"@type\":\"ListItem\",\"position\":3,\"name\":\"Visite priv\u00e9e du mont Kenya au d\u00e9part de Nairobi\"}]},{\"@type\":\"WebSite\",\"@id\":\"https:\/\/tourtravelandmore.com\/fr\/#website\",\"url\":\"https:\/\/tourtravelandmore.com\/fr\/\",\"name\":\"Tour Travel And More\",\"description\":\"Private sightseeing tours and luxury transfers in Spain\",\"publisher\":{\"@id\":\"https:\/\/tourtravelandmore.com\/fr\/#organization\"},\"potentialAction\":[{\"@type\":\"SearchAction\",\"target\":{\"@type\":\"EntryPoint\",\"urlTemplate\":\"https:\/\/tourtravelandmore.com\/fr\/?s={search_term_string}\"},\"query-input\":{\"@type\":\"PropertyValueSpecification\",\"valueRequired\":true,\"valueName\":\"search_term_string\"}}],\"inLanguage\":\"fr-FR\"},{\"@type\":\"Organization\",\"@id\":\"https:\/\/tourtravelandmore.com\/fr\/#organization\",\"name\":\"Tour Travel And More\",\"url\":\"https:\/\/tourtravelandmore.com\/fr\/\",\"logo\":{\"@type\":\"ImageObject\",\"inLanguage\":\"fr-FR\",\"@id\":\"https:\/\/tourtravelandmore.com\/fr\/#\/schema\/logo\/image\/\",\"url\":\"https:\/\/tourtravelandmore.com\/wp-content\/uploads\/2022\/12\/cropped-logo-cabecera-new.png\",\"contentUrl\":\"https:\/\/tourtravelandmore.com\/wp-content\/uploads\/2022\/12\/cropped-logo-cabecera-new.png\",\"width\":430,\"height\":61,\"caption\":\"Tour Travel And More\"},\"image\":{\"@id\":\"https:\/\/tourtravelandmore.com\/fr\/#\/schema\/logo\/image\/\"},\"sameAs\":[\"https:\/\/www.facebook.com\/tourtravelandmore\/\",\"https:\/\/x.com\/TourTravel_More\"]}]}<\/script>\n<!-- \/ Yoast SEO Premium plugin. -->","yoast_head_json":{"title":"Visite priv\u00e9e du mont Kenya au d\u00e9part de Nairobi avec chauffeur-guide pour une excursion unique!","description":"Explorez l'un des plus beaux endroits du Kenya: le mont Kenya. Laissez-vous emmener dans cette exp\u00e9rience avec notre visite priv\u00e9e du mont Kenya au d\u00e9part de Nairobi!","robots":{"index":"index","follow":"follow","max-snippet":"max-snippet:-1","max-image-preview":"max-image-preview:large","max-video-preview":"max-video-preview:-1"},"canonical":"https:\/\/tourtravelandmore.com\/fr\/tours\/etats-unis-fr\/visite-privee-du-mont-kenya-au-depart-de-nairobi\/","og_locale":"fr_FR","og_type":"article","og_title":"Visite priv\u00e9e du mont Kenya au d\u00e9part de Nairobi","og_description":"Explorez l'un des plus beaux endroits du Kenya: le mont Kenya. Laissez-vous emmener dans cette exp\u00e9rience avec notre visite priv\u00e9e du mont Kenya au d\u00e9part de Nairobi!","og_url":"https:\/\/tourtravelandmore.com\/fr\/tours\/etats-unis-fr\/visite-privee-du-mont-kenya-au-depart-de-nairobi\/","og_site_name":"Tour Travel And More","article_publisher":"https:\/\/www.facebook.com\/tourtravelandmore\/","article_modified_time":"2021-03-11T19:39:11+00:00","og_image":[{"width":2560,"height":1713,"url":"https:\/\/tourtravelandmore.com\/wp-content\/uploads\/2021\/01\/Nairobi-3-scaled.jpg","type":"image\/jpeg"}],"twitter_card":"summary_large_image","twitter_site":"@TourTravel_More","twitter_misc":{"Dur\u00e9e de lecture estim\u00e9e":"2 minutes"},"schema":{"@context":"https:\/\/schema.org","@graph":[{"@type":"WebPage","@id":"https:\/\/tourtravelandmore.com\/fr\/tours\/etats-unis-fr\/visite-privee-du-mont-kenya-au-depart-de-nairobi\/","url":"https:\/\/tourtravelandmore.com\/fr\/tours\/etats-unis-fr\/visite-privee-du-mont-kenya-au-depart-de-nairobi\/","name":"Visite priv\u00e9e du mont Kenya au d\u00e9part de Nairobi avec chauffeur-guide pour une excursion unique!","isPartOf":{"@id":"https:\/\/tourtravelandmore.com\/fr\/#website"},"primaryImageOfPage":{"@id":"https:\/\/tourtravelandmore.com\/fr\/tours\/etats-unis-fr\/visite-privee-du-mont-kenya-au-depart-de-nairobi\/#primaryimage"},"image":{"@id":"https:\/\/tourtravelandmore.com\/fr\/tours\/etats-unis-fr\/visite-privee-du-mont-kenya-au-depart-de-nairobi\/#primaryimage"},"thumbnailUrl":"https:\/\/tourtravelandmore.com\/wp-content\/uploads\/2021\/01\/Nairobi-3-scaled.jpg","datePublished":"2021-01-20T10:14:02+00:00","dateModified":"2021-03-11T19:39:11+00:00","description":"Explorez l'un des plus beaux endroits du Kenya: le mont Kenya. Laissez-vous emmener dans cette exp\u00e9rience avec notre visite priv\u00e9e du mont Kenya au d\u00e9part de Nairobi!","breadcrumb":{"@id":"https:\/\/tourtravelandmore.com\/fr\/tours\/etats-unis-fr\/visite-privee-du-mont-kenya-au-depart-de-nairobi\/#breadcrumb"},"inLanguage":"fr-FR","potentialAction":[{"@type":"ReadAction","target":["https:\/\/tourtravelandmore.com\/fr\/tours\/etats-unis-fr\/visite-privee-du-mont-kenya-au-depart-de-nairobi\/"]}]},{"@type":"ImageObject","inLanguage":"fr-FR","@id":"https:\/\/tourtravelandmore.com\/fr\/tours\/etats-unis-fr\/visite-privee-du-mont-kenya-au-depart-de-nairobi\/#primaryimage","url":"https:\/\/tourtravelandmore.com\/wp-content\/uploads\/2021\/01\/Nairobi-3-scaled.jpg","contentUrl":"https:\/\/tourtravelandmore.com\/wp-content\/uploads\/2021\/01\/Nairobi-3-scaled.jpg","width":2560,"height":1713},{"@type":"BreadcrumbList","@id":"https:\/\/tourtravelandmore.com\/fr\/tours\/etats-unis-fr\/visite-privee-du-mont-kenya-au-depart-de-nairobi\/#breadcrumb","itemListElement":[{"@type":"ListItem","position":1,"name":"Home","item":"https:\/\/tourtravelandmore.com\/fr\/"},{"@type":"ListItem","position":2,"name":"Tours","item":"https:\/\/tourtravelandmore.com\/fr\/tours\/"},{"@type":"ListItem","position":3,"name":"Visite priv\u00e9e du mont Kenya au d\u00e9part de Nairobi"}]},{"@type":"WebSite","@id":"https:\/\/tourtravelandmore.com\/fr\/#website","url":"https:\/\/tourtravelandmore.com\/fr\/","name":"Tour Travel And More","description":"Private sightseeing tours and luxury transfers in Spain","publisher":{"@id":"https:\/\/tourtravelandmore.com\/fr\/#organization"},"potentialAction":[{"@type":"SearchAction","target":{"@type":"EntryPoint","urlTemplate":"https:\/\/tourtravelandmore.com\/fr\/?s={search_term_string}"},"query-input":{"@type":"PropertyValueSpecification","valueRequired":true,"valueName":"search_term_string"}}],"inLanguage":"fr-FR"},{"@type":"Organization","@id":"https:\/\/tourtravelandmore.com\/fr\/#organization","name":"Tour Travel And More","url":"https:\/\/tourtravelandmore.com\/fr\/","logo":{"@type":"ImageObject","inLanguage":"fr-FR","@id":"https:\/\/tourtravelandmore.com\/fr\/#\/schema\/logo\/image\/","url":"https:\/\/tourtravelandmore.com\/wp-content\/uploads\/2022\/12\/cropped-logo-cabecera-new.png","contentUrl":"https:\/\/tourtravelandmore.com\/wp-content\/uploads\/2022\/12\/cropped-logo-cabecera-new.png","width":430,"height":61,"caption":"Tour Travel And More"},"image":{"@id":"https:\/\/tourtravelandmore.com\/fr\/#\/schema\/logo\/image\/"},"sameAs":["https:\/\/www.facebook.com\/tourtravelandmore\/","https:\/\/x.com\/TourTravel_More"]}]}},"_links":{"self":[{"href":"https:\/\/tourtravelandmore.com\/fr\/wp-json\/wp\/v2\/product\/102586","targetHints":{"allow":["GET"]}}],"collection":[{"href":"https:\/\/tourtravelandmore.com\/fr\/wp-json\/wp\/v2\/product"}],"about":[{"href":"https:\/\/tourtravelandmore.com\/fr\/wp-json\/wp\/v2\/types\/product"}],"replies":[{"embeddable":true,"href":"https:\/\/tourtravelandmore.com\/fr\/wp-json\/wp\/v2\/comments?post=102586"}],"wp:featuredmedia":[{"embeddable":true,"href":"https:\/\/tourtravelandmore.com\/fr\/wp-json\/wp\/v2\/media\/91314"}],"wp:attachment":[{"href":"https:\/\/tourtravelandmore.com\/fr\/wp-json\/wp\/v2\/media?parent=102586"}],"wp:term":[{"taxonomy":"product_brand","embeddable":true,"href":"https:\/\/tourtravelandmore.com\/fr\/wp-json\/wp\/v2\/product_brand?post=102586"},{"taxonomy":"product_cat","embeddable":true,"href":"https:\/\/tourtravelandmore.com\/fr\/wp-json\/wp\/v2\/product_cat?post=102586"},{"taxonomy":"product_tag","embeddable":true,"href":"https:\/\/tourtravelandmore.com\/fr\/wp-json\/wp\/v2\/product_tag?post=102586"}],"curies":[{"name":"wp","href":"https:\/\/api.w.org\/{rel}","templated":true}]}}