{"id":102579,"date":"2021-01-20T10:40:38","date_gmt":"2021-01-20T09:40:38","guid":{"rendered":"https:\/\/tourtravelandmore.com\/tours\/non%20class\u00e9\/visite-privee-de-mombasa\/"},"modified":"2021-03-11T20:36:39","modified_gmt":"2021-03-11T19:36:39","slug":"visite-privee-de-mombasa","status":"publish","type":"product","link":"https:\/\/tourtravelandmore.com\/fr\/tours\/etats-unis-fr\/visite-privee-de-mombasa\/","title":{"rendered":"Visite priv\u00e9e de Mombasa"},"content":{"rendered":"<h2>Description<\/h2>\n<p>Profitez de cette visite priv\u00e9e de Mombasa et explorez Mombasa en une journ\u00e9e compl\u00e8te! Notre guide priv\u00e9 sera \u00e0 votre disposition pendant toute la journ\u00e9e.<\/p>\n<p>Au sud-est du Kenya a trouv\u00e9 la ville de Mombasa. On le trouve au bord de l&#8217;oc\u00e9an Indien. La ville de Mombasa est connue comme la ville blanche et bleue du Kenya. C&#8217;est la deuxi\u00e8me plus grande ville du Kenya, bien s\u00fbr apr\u00e8s Nairobi. C&#8217;est aussi la ville la plus ancienne du pays. Mombasa est \u00e9galement une ville touristique. Il y a aussi un port et un a\u00e9roport international ici!<\/p>\n<p>Avec notre guide priv\u00e9, vous explorerez cette exp\u00e9rience d&#8217;une journ\u00e9e compl\u00e8te et profiterez du meilleur de Mombasa.<\/p>\n<p>Notre guide priv\u00e9 viendra vous chercher \u00e0 votre station baln\u00e9aire. Nous organiserons une prise en charge anticip\u00e9e vers 8 heures du matin pour commencer cette visite priv\u00e9e de Mombasa.<\/p>\n<h2>Sites d&#8217;int\u00e9r\u00eat et points de rep\u00e8re<\/h2>\n<p>Tout d&#8217;abord, et toujours apr\u00e8s une prise en charge confortable, nous commencerons cette exp\u00e9rience amusante d&#8217;une journ\u00e9e compl\u00e8te lors de cette visite priv\u00e9e de Mombasa.<\/p>\n<p>Nous nous dirigerons vers le Fort Jesus. Fort Jesus tire son nom de la flotte portugaise. Cette flotte naviguait sous le pavillon de l&#8217;Ordre du Christ. Dans cette ville, vous pouvez bien s\u00fbr trouver l&#8217;exemple de l&#8217;architecture typiquement swahili. Cette partie de la ville a une ambiance beaucoup plus paisible que le reste de la ville.<\/p>\n<p>Le centre du crabe Akamba est \u00e9galement situ\u00e9 ici. Vous pouvez voir les artisans au travail dans leurs boutiques. Ici, ils sculptent des objets d\u00e9coratifs et utiles en bois sculpt\u00e9. C&#8217;est vraiment une activit\u00e9 amusante \u00e0 faire pour tous. Vous pouvez \u00e9galement voir une salle d&#8217;exposition avec des expositions!<\/p>\n<p>Nous vous recommanderons o\u00f9 vous pouvez manger un morceau \u00e0 Mombasa jusqu&#8217;\u00e0 ce que nous continuions avec le reste de la visite!<\/p>\n<p>Apr\u00e8s le d\u00e9jeuner, direction le parc Haller. Il s&#8217;agit d&#8217;un jardin zoologique d&#8217;environ 75 hectares. Il a \u00e9t\u00e9 cr\u00e9\u00e9 en 1985 sur le site o\u00f9 se trouvait un r\u00e9cif de corail formel.<\/p>\n<p>Votre guide priv\u00e9 vous ram\u00e8nera ensuite \u00e0 votre h\u00f4tel ou complexe \u00e0 Mombasa.<\/p>\n<p>Nous avons de nombreuses autres excursions d&#8217;une journ\u00e9e et aussi des voyages de plusieurs jours au Kenya. De Mombasa, vous pouvez \u00e9galement profiter de visites priv\u00e9es \u00e0 Watamu et Malindi! D\u00e9couvrez les circuits au Kenya ici!<\/p>\n<div class=\"grid grid--center\">\n<div class=\"grid__item xlarge-7 large-6 medium-10 small-12 ut-align-center\">\n<h3 class=\"title-3\"><\/h3>\n<\/div>\n<\/div>\n","protected":false},"excerpt":{"rendered":"<p>Explorez une ville unique au Kenya: Mombasa. Profitez de notre visite priv\u00e9e de Mombasa et explorez cette ville aux c\u00f4t\u00e9s de votre guide.<\/p>\n","protected":false},"featured_media":91433,"comment_status":"open","ping_status":"closed","template":"","meta":{"_acf_changed":false},"product_brand":[],"product_cat":[3731,3547],"product_tag":[],"class_list":{"0":"post-102579","1":"product","2":"type-product","3":"status-publish","4":"has-post-thumbnail","6":"product_cat-kenya-fr","7":"product_cat-etats-unis-fr","9":"first","10":"instock","11":"shipping-taxable","12":"purchasable","13":"product-type-simple"},"acf":[],"yoast_head":"<!-- This site is optimized with the Yoast SEO Premium plugin v25.3.1 (Yoast SEO v25.3.1) - https:\/\/yoast.com\/wordpress\/plugins\/seo\/ -->\n<title>Visite priv\u00e9e de Mombasa avec chauffeur-guide! Excursion priv\u00e9e d&#039;une journ\u00e9e \u00e0 Mombasa<\/title>\n<meta name=\"description\" content=\"Explorez une ville unique au Kenya: Mombasa. Profitez de notre visite priv\u00e9e de Mombasa et explorez cette ville aux c\u00f4t\u00e9s de votre guide.\" \/>\n<meta name=\"robots\" content=\"index, follow, max-snippet:-1, max-image-preview:large, max-video-preview:-1\" \/>\n<link rel=\"canonical\" href=\"https:\/\/tourtravelandmore.com\/fr\/tours\/etats-unis-fr\/visite-privee-de-mombasa\/\" \/>\n<meta property=\"og:locale\" content=\"fr_FR\" \/>\n<meta property=\"og:type\" content=\"article\" \/>\n<meta property=\"og:title\" content=\"Visite priv\u00e9e de Mombasa\" \/>\n<meta property=\"og:description\" content=\"Explorez une ville unique au Kenya: Mombasa. Profitez de notre visite priv\u00e9e de Mombasa et explorez cette ville aux c\u00f4t\u00e9s de votre guide.\" \/>\n<meta property=\"og:url\" content=\"https:\/\/tourtravelandmore.com\/fr\/tours\/etats-unis-fr\/visite-privee-de-mombasa\/\" \/>\n<meta property=\"og:site_name\" content=\"Tour Travel And More\" \/>\n<meta property=\"article:publisher\" content=\"https:\/\/www.facebook.com\/tourtravelandmore\/\" \/>\n<meta property=\"article:modified_time\" content=\"2021-03-11T19:36:39+00:00\" \/>\n<meta property=\"og:image\" content=\"https:\/\/tourtravelandmore.com\/wp-content\/uploads\/2021\/01\/Kenya-9-scaled.jpg\" \/>\n\t<meta property=\"og:image:width\" content=\"1920\" \/>\n\t<meta property=\"og:image:height\" content=\"2560\" \/>\n\t<meta property=\"og:image:type\" content=\"image\/jpeg\" \/>\n<meta name=\"twitter:card\" content=\"summary_large_image\" \/>\n<meta name=\"twitter:site\" content=\"@TourTravel_More\" \/>\n<meta name=\"twitter:label1\" content=\"Dur\u00e9e de lecture estim\u00e9e\" \/>\n\t<meta name=\"twitter:data1\" content=\"2 minutes\" \/>\n<script type=\"application\/ld+json\" class=\"yoast-schema-graph\">{\"@context\":\"https:\/\/schema.org\",\"@graph\":[{\"@type\":\"WebPage\",\"@id\":\"https:\/\/tourtravelandmore.com\/fr\/tours\/etats-unis-fr\/visite-privee-de-mombasa\/\",\"url\":\"https:\/\/tourtravelandmore.com\/fr\/tours\/etats-unis-fr\/visite-privee-de-mombasa\/\",\"name\":\"Visite priv\u00e9e de Mombasa avec chauffeur-guide! Excursion priv\u00e9e d'une journ\u00e9e \u00e0 Mombasa\",\"isPartOf\":{\"@id\":\"https:\/\/tourtravelandmore.com\/fr\/#website\"},\"primaryImageOfPage\":{\"@id\":\"https:\/\/tourtravelandmore.com\/fr\/tours\/etats-unis-fr\/visite-privee-de-mombasa\/#primaryimage\"},\"image\":{\"@id\":\"https:\/\/tourtravelandmore.com\/fr\/tours\/etats-unis-fr\/visite-privee-de-mombasa\/#primaryimage\"},\"thumbnailUrl\":\"https:\/\/tourtravelandmore.com\/wp-content\/uploads\/2021\/01\/Kenya-9-scaled.jpg\",\"datePublished\":\"2021-01-20T09:40:38+00:00\",\"dateModified\":\"2021-03-11T19:36:39+00:00\",\"description\":\"Explorez une ville unique au Kenya: Mombasa. Profitez de notre visite priv\u00e9e de Mombasa et explorez cette ville aux c\u00f4t\u00e9s de votre guide.\",\"breadcrumb\":{\"@id\":\"https:\/\/tourtravelandmore.com\/fr\/tours\/etats-unis-fr\/visite-privee-de-mombasa\/#breadcrumb\"},\"inLanguage\":\"fr-FR\",\"potentialAction\":[{\"@type\":\"ReadAction\",\"target\":[\"https:\/\/tourtravelandmore.com\/fr\/tours\/etats-unis-fr\/visite-privee-de-mombasa\/\"]}]},{\"@type\":\"ImageObject\",\"inLanguage\":\"fr-FR\",\"@id\":\"https:\/\/tourtravelandmore.com\/fr\/tours\/etats-unis-fr\/visite-privee-de-mombasa\/#primaryimage\",\"url\":\"https:\/\/tourtravelandmore.com\/wp-content\/uploads\/2021\/01\/Kenya-9-scaled.jpg\",\"contentUrl\":\"https:\/\/tourtravelandmore.com\/wp-content\/uploads\/2021\/01\/Kenya-9-scaled.jpg\",\"width\":1920,\"height\":2560},{\"@type\":\"BreadcrumbList\",\"@id\":\"https:\/\/tourtravelandmore.com\/fr\/tours\/etats-unis-fr\/visite-privee-de-mombasa\/#breadcrumb\",\"itemListElement\":[{\"@type\":\"ListItem\",\"position\":1,\"name\":\"Home\",\"item\":\"https:\/\/tourtravelandmore.com\/fr\/\"},{\"@type\":\"ListItem\",\"position\":2,\"name\":\"Tours\",\"item\":\"https:\/\/tourtravelandmore.com\/fr\/tours\/\"},{\"@type\":\"ListItem\",\"position\":3,\"name\":\"Visite priv\u00e9e de Mombasa\"}]},{\"@type\":\"WebSite\",\"@id\":\"https:\/\/tourtravelandmore.com\/fr\/#website\",\"url\":\"https:\/\/tourtravelandmore.com\/fr\/\",\"name\":\"Tour Travel And More\",\"description\":\"Private sightseeing tours and luxury transfers in Spain\",\"publisher\":{\"@id\":\"https:\/\/tourtravelandmore.com\/fr\/#organization\"},\"potentialAction\":[{\"@type\":\"SearchAction\",\"target\":{\"@type\":\"EntryPoint\",\"urlTemplate\":\"https:\/\/tourtravelandmore.com\/fr\/?s={search_term_string}\"},\"query-input\":{\"@type\":\"PropertyValueSpecification\",\"valueRequired\":true,\"valueName\":\"search_term_string\"}}],\"inLanguage\":\"fr-FR\"},{\"@type\":\"Organization\",\"@id\":\"https:\/\/tourtravelandmore.com\/fr\/#organization\",\"name\":\"Tour Travel And More\",\"url\":\"https:\/\/tourtravelandmore.com\/fr\/\",\"logo\":{\"@type\":\"ImageObject\",\"inLanguage\":\"fr-FR\",\"@id\":\"https:\/\/tourtravelandmore.com\/fr\/#\/schema\/logo\/image\/\",\"url\":\"https:\/\/tourtravelandmore.com\/wp-content\/uploads\/2022\/12\/cropped-logo-cabecera-new.png\",\"contentUrl\":\"https:\/\/tourtravelandmore.com\/wp-content\/uploads\/2022\/12\/cropped-logo-cabecera-new.png\",\"width\":430,\"height\":61,\"caption\":\"Tour Travel And More\"},\"image\":{\"@id\":\"https:\/\/tourtravelandmore.com\/fr\/#\/schema\/logo\/image\/\"},\"sameAs\":[\"https:\/\/www.facebook.com\/tourtravelandmore\/\",\"https:\/\/x.com\/TourTravel_More\"]}]}<\/script>\n<!-- \/ Yoast SEO Premium plugin. -->","yoast_head_json":{"title":"Visite priv\u00e9e de Mombasa avec chauffeur-guide! Excursion priv\u00e9e d'une journ\u00e9e \u00e0 Mombasa","description":"Explorez une ville unique au Kenya: Mombasa. Profitez de notre visite priv\u00e9e de Mombasa et explorez cette ville aux c\u00f4t\u00e9s de votre guide.","robots":{"index":"index","follow":"follow","max-snippet":"max-snippet:-1","max-image-preview":"max-image-preview:large","max-video-preview":"max-video-preview:-1"},"canonical":"https:\/\/tourtravelandmore.com\/fr\/tours\/etats-unis-fr\/visite-privee-de-mombasa\/","og_locale":"fr_FR","og_type":"article","og_title":"Visite priv\u00e9e de Mombasa","og_description":"Explorez une ville unique au Kenya: Mombasa. Profitez de notre visite priv\u00e9e de Mombasa et explorez cette ville aux c\u00f4t\u00e9s de votre guide.","og_url":"https:\/\/tourtravelandmore.com\/fr\/tours\/etats-unis-fr\/visite-privee-de-mombasa\/","og_site_name":"Tour Travel And More","article_publisher":"https:\/\/www.facebook.com\/tourtravelandmore\/","article_modified_time":"2021-03-11T19:36:39+00:00","og_image":[{"width":1920,"height":2560,"url":"https:\/\/tourtravelandmore.com\/wp-content\/uploads\/2021\/01\/Kenya-9-scaled.jpg","type":"image\/jpeg"}],"twitter_card":"summary_large_image","twitter_site":"@TourTravel_More","twitter_misc":{"Dur\u00e9e de lecture estim\u00e9e":"2 minutes"},"schema":{"@context":"https:\/\/schema.org","@graph":[{"@type":"WebPage","@id":"https:\/\/tourtravelandmore.com\/fr\/tours\/etats-unis-fr\/visite-privee-de-mombasa\/","url":"https:\/\/tourtravelandmore.com\/fr\/tours\/etats-unis-fr\/visite-privee-de-mombasa\/","name":"Visite priv\u00e9e de Mombasa avec chauffeur-guide! Excursion priv\u00e9e d'une journ\u00e9e \u00e0 Mombasa","isPartOf":{"@id":"https:\/\/tourtravelandmore.com\/fr\/#website"},"primaryImageOfPage":{"@id":"https:\/\/tourtravelandmore.com\/fr\/tours\/etats-unis-fr\/visite-privee-de-mombasa\/#primaryimage"},"image":{"@id":"https:\/\/tourtravelandmore.com\/fr\/tours\/etats-unis-fr\/visite-privee-de-mombasa\/#primaryimage"},"thumbnailUrl":"https:\/\/tourtravelandmore.com\/wp-content\/uploads\/2021\/01\/Kenya-9-scaled.jpg","datePublished":"2021-01-20T09:40:38+00:00","dateModified":"2021-03-11T19:36:39+00:00","description":"Explorez une ville unique au Kenya: Mombasa. Profitez de notre visite priv\u00e9e de Mombasa et explorez cette ville aux c\u00f4t\u00e9s de votre guide.","breadcrumb":{"@id":"https:\/\/tourtravelandmore.com\/fr\/tours\/etats-unis-fr\/visite-privee-de-mombasa\/#breadcrumb"},"inLanguage":"fr-FR","potentialAction":[{"@type":"ReadAction","target":["https:\/\/tourtravelandmore.com\/fr\/tours\/etats-unis-fr\/visite-privee-de-mombasa\/"]}]},{"@type":"ImageObject","inLanguage":"fr-FR","@id":"https:\/\/tourtravelandmore.com\/fr\/tours\/etats-unis-fr\/visite-privee-de-mombasa\/#primaryimage","url":"https:\/\/tourtravelandmore.com\/wp-content\/uploads\/2021\/01\/Kenya-9-scaled.jpg","contentUrl":"https:\/\/tourtravelandmore.com\/wp-content\/uploads\/2021\/01\/Kenya-9-scaled.jpg","width":1920,"height":2560},{"@type":"BreadcrumbList","@id":"https:\/\/tourtravelandmore.com\/fr\/tours\/etats-unis-fr\/visite-privee-de-mombasa\/#breadcrumb","itemListElement":[{"@type":"ListItem","position":1,"name":"Home","item":"https:\/\/tourtravelandmore.com\/fr\/"},{"@type":"ListItem","position":2,"name":"Tours","item":"https:\/\/tourtravelandmore.com\/fr\/tours\/"},{"@type":"ListItem","position":3,"name":"Visite priv\u00e9e de Mombasa"}]},{"@type":"WebSite","@id":"https:\/\/tourtravelandmore.com\/fr\/#website","url":"https:\/\/tourtravelandmore.com\/fr\/","name":"Tour Travel And More","description":"Private sightseeing tours and luxury transfers in Spain","publisher":{"@id":"https:\/\/tourtravelandmore.com\/fr\/#organization"},"potentialAction":[{"@type":"SearchAction","target":{"@type":"EntryPoint","urlTemplate":"https:\/\/tourtravelandmore.com\/fr\/?s={search_term_string}"},"query-input":{"@type":"PropertyValueSpecification","valueRequired":true,"valueName":"search_term_string"}}],"inLanguage":"fr-FR"},{"@type":"Organization","@id":"https:\/\/tourtravelandmore.com\/fr\/#organization","name":"Tour Travel And More","url":"https:\/\/tourtravelandmore.com\/fr\/","logo":{"@type":"ImageObject","inLanguage":"fr-FR","@id":"https:\/\/tourtravelandmore.com\/fr\/#\/schema\/logo\/image\/","url":"https:\/\/tourtravelandmore.com\/wp-content\/uploads\/2022\/12\/cropped-logo-cabecera-new.png","contentUrl":"https:\/\/tourtravelandmore.com\/wp-content\/uploads\/2022\/12\/cropped-logo-cabecera-new.png","width":430,"height":61,"caption":"Tour Travel And More"},"image":{"@id":"https:\/\/tourtravelandmore.com\/fr\/#\/schema\/logo\/image\/"},"sameAs":["https:\/\/www.facebook.com\/tourtravelandmore\/","https:\/\/x.com\/TourTravel_More"]}]}},"_links":{"self":[{"href":"https:\/\/tourtravelandmore.com\/fr\/wp-json\/wp\/v2\/product\/102579","targetHints":{"allow":["GET"]}}],"collection":[{"href":"https:\/\/tourtravelandmore.com\/fr\/wp-json\/wp\/v2\/product"}],"about":[{"href":"https:\/\/tourtravelandmore.com\/fr\/wp-json\/wp\/v2\/types\/product"}],"replies":[{"embeddable":true,"href":"https:\/\/tourtravelandmore.com\/fr\/wp-json\/wp\/v2\/comments?post=102579"}],"wp:featuredmedia":[{"embeddable":true,"href":"https:\/\/tourtravelandmore.com\/fr\/wp-json\/wp\/v2\/media\/91433"}],"wp:attachment":[{"href":"https:\/\/tourtravelandmore.com\/fr\/wp-json\/wp\/v2\/media?parent=102579"}],"wp:term":[{"taxonomy":"product_brand","embeddable":true,"href":"https:\/\/tourtravelandmore.com\/fr\/wp-json\/wp\/v2\/product_brand?post=102579"},{"taxonomy":"product_cat","embeddable":true,"href":"https:\/\/tourtravelandmore.com\/fr\/wp-json\/wp\/v2\/product_cat?post=102579"},{"taxonomy":"product_tag","embeddable":true,"href":"https:\/\/tourtravelandmore.com\/fr\/wp-json\/wp\/v2\/product_tag?post=102579"}],"curies":[{"name":"wp","href":"https:\/\/api.w.org\/{rel}","templated":true}]}}