{"id":102572,"date":"2019-11-23T13:59:25","date_gmt":"2019-11-23T12:59:25","guid":{"rendered":"https:\/\/tourtravelandmore.com\/tours\/non%20class\u00e9\/visite-privee-de-porvoo\/"},"modified":"2021-03-11T13:37:23","modified_gmt":"2021-03-11T12:37:23","slug":"visite-privee-de-porvoo","status":"publish","type":"product","link":"https:\/\/tourtravelandmore.com\/fr\/tours\/finlande-fr\/helsinki-fr\/visite-privee-de-porvoo\/","title":{"rendered":"Visite priv\u00e9e de Porvoo"},"content":{"rendered":"<h2>Description<\/h2>\n<p>Profitez de cette visite priv\u00e9e de Porvoo de la ville m\u00e9di\u00e9vale de Porvoo au d\u00e9part d&#8217;Helsinki. Toute notre visite se fera avec notre guide officiel priv\u00e9 et apprenez \u00e0 conna\u00eetre le meilleur de ce que Porvoo a \u00e0 offrir lors de cette visite priv\u00e9e.<\/p>\n<p>Nous nous rencontrerons dans un point central \u00e0 Helsinki ou dans le lieu de votre choix. Ici, votre chauffeur priv\u00e9 viendra vous chercher et vous conduira \u00e0 votre premi\u00e8re destination \u00e0 Porvoo.<\/p>\n<p>Une fois \u00e0 Porvoo, vous rencontrerez votre guide officiel qui vous montrera le meilleur de la ville. Apprenez \u00e0 conna\u00eetre ses sites et ses principales attractions telles que les rues m\u00e9di\u00e9vales, le parc Runeberg, la vieille \u00e9glise de Porvoo et bien d&#8217;autres sites.<\/p>\n<p>Vous pouvez personnaliser chaque visite en nous contactant simplement. Voici un exemple de certains des sites les plus importants de Berchtesgaden, mais votre visite peut \u00eatre enti\u00e8rement personnalis\u00e9e pour r\u00e9pondre exactement \u00e0 vos besoins. Nous vous aiderons \u00e0 organiser votre exp\u00e9rience totalement personnalis\u00e9e et unique.<\/p>\n<p>Bellow est une visite de 5 heures. Nous pouvons toujours vous proposer des circuits plus longs si vous le souhaitez. Le nombre exact d&#8217;heures peut \u00eatre modifi\u00e9. Nous sommes l\u00e0 pour rendre votre exp\u00e9rience unique et m\u00e9morable.<\/p>\n<h2>Sites d&#8217;int\u00e9r\u00eat et monuments<\/h2>\n<p>Au cours de votre visite priv\u00e9e de Porvoo, vous d\u00e9couvrirez certains des endroits les plus reconnus de la ville. Vous serez t\u00e9moin de sa beaut\u00e9 architecturale unique. Parmi les sites que vous pouvez visiter \u00e0 travers cette visite priv\u00e9e, nous vous proposons:<\/p>\n<ul>\n<li>Parc de ville<\/li>\n<li>Cath\u00e9drale de Porvoo<\/li>\n<li>Parc Runeberg<\/li>\n<li>Ancienne \u00e9glise de Porvoo<\/li>\n<li>Rivi\u00e8re Porvoon<\/li>\n<li>Et bien d&#8217;autres endroits dans cette visite priv\u00e9e de Porvoo<\/li>\n<\/ul>\n<p>Cette visite est enti\u00e8rement personnalisable et priv\u00e9e. Veuillez contacter nos experts en voyages chez Tour Travel &amp; More et nous rendrons votre exp\u00e9rience unique et vous aiderons \u00e0 organiser votre visite priv\u00e9e.<\/p>\n<p>Ne manquez pas nos visites priv\u00e9es que nous proposons \u00e0 Helsinki. Nous pouvons organiser tout type d&#8217;exp\u00e9rience priv\u00e9e pour vous.<\/p>\n","protected":false},"excerpt":{"rendered":"<p>Venez avec nous dans cette visite priv\u00e9e enti\u00e8rement personnalis\u00e9e de 5 heures \u00e0 travers la ville de Porvoo au d\u00e9part d&#8217;Helsinki, o\u00f9 vous pourrez admirer la beaut\u00e9 urbaine de ses monuments naturels les plus importants, ses rues et b\u00e2timents m\u00e9di\u00e9vaux. En cours de route, votre chauffeur priv\u00e9 et votre guide officiel vous conduiront \u00e0 la d\u00e9couverte de l&#8217;histoire offerte par la ville de Porvoo.<\/p>\n<p>&nbsp;<\/p>\n","protected":false},"featured_media":96803,"comment_status":"open","ping_status":"closed","template":"","meta":{"_acf_changed":false},"product_brand":[],"product_cat":[3746,3761],"product_tag":[4220,4221,4043,4219],"class_list":{"0":"post-102572","1":"product","2":"type-product","3":"status-publish","4":"has-post-thumbnail","6":"product_cat-finlande-fr","7":"product_cat-helsinki-fr","8":"product_tag-city-tour-fr","9":"product_tag-excursion-fr","10":"product_tag-private-fr","11":"product_tag-private-tour-fr","13":"first","14":"instock","15":"shipping-taxable","16":"purchasable","17":"product-type-simple"},"acf":[],"yoast_head":"<!-- This site is optimized with the Yoast SEO Premium plugin v25.3.1 (Yoast SEO v25.3.1) - https:\/\/yoast.com\/wordpress\/plugins\/seo\/ -->\n<title>Visite priv\u00e9e de Porvoo au d\u00e9part d&#039;Helsinki - HELSINKI PRIVATE TOURS<\/title>\n<meta name=\"description\" content=\"Explorez et profitez de la ville de Porvoo depuis Helsinki avec cette visite priv\u00e9e de Porvoo et un guide local et d\u00e9couvrez le meilleur de la ville.\" \/>\n<meta name=\"robots\" content=\"index, follow, max-snippet:-1, max-image-preview:large, max-video-preview:-1\" \/>\n<link rel=\"canonical\" href=\"https:\/\/tourtravelandmore.com\/fr\/tours\/finlande-fr\/helsinki-fr\/visite-privee-de-porvoo\/\" \/>\n<meta property=\"og:locale\" content=\"fr_FR\" \/>\n<meta property=\"og:type\" content=\"article\" \/>\n<meta property=\"og:title\" content=\"Visite priv\u00e9e de Porvoo\" \/>\n<meta property=\"og:description\" content=\"Explorez et profitez de la ville de Porvoo depuis Helsinki avec cette visite priv\u00e9e de Porvoo et un guide local et d\u00e9couvrez le meilleur de la ville.\" \/>\n<meta property=\"og:url\" content=\"https:\/\/tourtravelandmore.com\/fr\/tours\/finlande-fr\/helsinki-fr\/visite-privee-de-porvoo\/\" \/>\n<meta property=\"og:site_name\" content=\"Tour Travel And More\" \/>\n<meta property=\"article:publisher\" content=\"https:\/\/www.facebook.com\/tourtravelandmore\/\" \/>\n<meta property=\"article:modified_time\" content=\"2021-03-11T12:37:23+00:00\" \/>\n<meta property=\"og:image\" content=\"https:\/\/tourtravelandmore.com\/wp-content\/uploads\/2019\/11\/800px-Porvoo_in_January.jpg\" \/>\n\t<meta property=\"og:image:width\" content=\"800\" \/>\n\t<meta property=\"og:image:height\" content=\"533\" \/>\n\t<meta property=\"og:image:type\" content=\"image\/jpeg\" \/>\n<meta name=\"twitter:card\" content=\"summary_large_image\" \/>\n<meta name=\"twitter:site\" content=\"@TourTravel_More\" \/>\n<meta name=\"twitter:label1\" content=\"Dur\u00e9e de lecture estim\u00e9e\" \/>\n\t<meta name=\"twitter:data1\" content=\"2 minutes\" \/>\n<script type=\"application\/ld+json\" class=\"yoast-schema-graph\">{\"@context\":\"https:\/\/schema.org\",\"@graph\":[{\"@type\":\"WebPage\",\"@id\":\"https:\/\/tourtravelandmore.com\/fr\/tours\/finlande-fr\/helsinki-fr\/visite-privee-de-porvoo\/\",\"url\":\"https:\/\/tourtravelandmore.com\/fr\/tours\/finlande-fr\/helsinki-fr\/visite-privee-de-porvoo\/\",\"name\":\"Visite priv\u00e9e de Porvoo au d\u00e9part d'Helsinki - HELSINKI PRIVATE TOURS\",\"isPartOf\":{\"@id\":\"https:\/\/tourtravelandmore.com\/fr\/#website\"},\"primaryImageOfPage\":{\"@id\":\"https:\/\/tourtravelandmore.com\/fr\/tours\/finlande-fr\/helsinki-fr\/visite-privee-de-porvoo\/#primaryimage\"},\"image\":{\"@id\":\"https:\/\/tourtravelandmore.com\/fr\/tours\/finlande-fr\/helsinki-fr\/visite-privee-de-porvoo\/#primaryimage\"},\"thumbnailUrl\":\"https:\/\/tourtravelandmore.com\/wp-content\/uploads\/2019\/11\/800px-Porvoo_in_January.jpg\",\"datePublished\":\"2019-11-23T12:59:25+00:00\",\"dateModified\":\"2021-03-11T12:37:23+00:00\",\"description\":\"Explorez et profitez de la ville de Porvoo depuis Helsinki avec cette visite priv\u00e9e de Porvoo et un guide local et d\u00e9couvrez le meilleur de la ville.\",\"breadcrumb\":{\"@id\":\"https:\/\/tourtravelandmore.com\/fr\/tours\/finlande-fr\/helsinki-fr\/visite-privee-de-porvoo\/#breadcrumb\"},\"inLanguage\":\"fr-FR\",\"potentialAction\":[{\"@type\":\"ReadAction\",\"target\":[\"https:\/\/tourtravelandmore.com\/fr\/tours\/finlande-fr\/helsinki-fr\/visite-privee-de-porvoo\/\"]}]},{\"@type\":\"ImageObject\",\"inLanguage\":\"fr-FR\",\"@id\":\"https:\/\/tourtravelandmore.com\/fr\/tours\/finlande-fr\/helsinki-fr\/visite-privee-de-porvoo\/#primaryimage\",\"url\":\"https:\/\/tourtravelandmore.com\/wp-content\/uploads\/2019\/11\/800px-Porvoo_in_January.jpg\",\"contentUrl\":\"https:\/\/tourtravelandmore.com\/wp-content\/uploads\/2019\/11\/800px-Porvoo_in_January.jpg\",\"width\":800,\"height\":533},{\"@type\":\"BreadcrumbList\",\"@id\":\"https:\/\/tourtravelandmore.com\/fr\/tours\/finlande-fr\/helsinki-fr\/visite-privee-de-porvoo\/#breadcrumb\",\"itemListElement\":[{\"@type\":\"ListItem\",\"position\":1,\"name\":\"Home\",\"item\":\"https:\/\/tourtravelandmore.com\/fr\/\"},{\"@type\":\"ListItem\",\"position\":2,\"name\":\"Tours\",\"item\":\"https:\/\/tourtravelandmore.com\/fr\/tours\/\"},{\"@type\":\"ListItem\",\"position\":3,\"name\":\"Visite priv\u00e9e de Porvoo\"}]},{\"@type\":\"WebSite\",\"@id\":\"https:\/\/tourtravelandmore.com\/fr\/#website\",\"url\":\"https:\/\/tourtravelandmore.com\/fr\/\",\"name\":\"Tour Travel And More\",\"description\":\"Private sightseeing tours and luxury transfers in Spain\",\"publisher\":{\"@id\":\"https:\/\/tourtravelandmore.com\/fr\/#organization\"},\"potentialAction\":[{\"@type\":\"SearchAction\",\"target\":{\"@type\":\"EntryPoint\",\"urlTemplate\":\"https:\/\/tourtravelandmore.com\/fr\/?s={search_term_string}\"},\"query-input\":{\"@type\":\"PropertyValueSpecification\",\"valueRequired\":true,\"valueName\":\"search_term_string\"}}],\"inLanguage\":\"fr-FR\"},{\"@type\":\"Organization\",\"@id\":\"https:\/\/tourtravelandmore.com\/fr\/#organization\",\"name\":\"Tour Travel And More\",\"url\":\"https:\/\/tourtravelandmore.com\/fr\/\",\"logo\":{\"@type\":\"ImageObject\",\"inLanguage\":\"fr-FR\",\"@id\":\"https:\/\/tourtravelandmore.com\/fr\/#\/schema\/logo\/image\/\",\"url\":\"https:\/\/tourtravelandmore.com\/wp-content\/uploads\/2022\/12\/cropped-logo-cabecera-new.png\",\"contentUrl\":\"https:\/\/tourtravelandmore.com\/wp-content\/uploads\/2022\/12\/cropped-logo-cabecera-new.png\",\"width\":430,\"height\":61,\"caption\":\"Tour Travel And More\"},\"image\":{\"@id\":\"https:\/\/tourtravelandmore.com\/fr\/#\/schema\/logo\/image\/\"},\"sameAs\":[\"https:\/\/www.facebook.com\/tourtravelandmore\/\",\"https:\/\/x.com\/TourTravel_More\"]}]}<\/script>\n<!-- \/ Yoast SEO Premium plugin. -->","yoast_head_json":{"title":"Visite priv\u00e9e de Porvoo au d\u00e9part d'Helsinki - HELSINKI PRIVATE TOURS","description":"Explorez et profitez de la ville de Porvoo depuis Helsinki avec cette visite priv\u00e9e de Porvoo et un guide local et d\u00e9couvrez le meilleur de la ville.","robots":{"index":"index","follow":"follow","max-snippet":"max-snippet:-1","max-image-preview":"max-image-preview:large","max-video-preview":"max-video-preview:-1"},"canonical":"https:\/\/tourtravelandmore.com\/fr\/tours\/finlande-fr\/helsinki-fr\/visite-privee-de-porvoo\/","og_locale":"fr_FR","og_type":"article","og_title":"Visite priv\u00e9e de Porvoo","og_description":"Explorez et profitez de la ville de Porvoo depuis Helsinki avec cette visite priv\u00e9e de Porvoo et un guide local et d\u00e9couvrez le meilleur de la ville.","og_url":"https:\/\/tourtravelandmore.com\/fr\/tours\/finlande-fr\/helsinki-fr\/visite-privee-de-porvoo\/","og_site_name":"Tour Travel And More","article_publisher":"https:\/\/www.facebook.com\/tourtravelandmore\/","article_modified_time":"2021-03-11T12:37:23+00:00","og_image":[{"width":800,"height":533,"url":"https:\/\/tourtravelandmore.com\/wp-content\/uploads\/2019\/11\/800px-Porvoo_in_January.jpg","type":"image\/jpeg"}],"twitter_card":"summary_large_image","twitter_site":"@TourTravel_More","twitter_misc":{"Dur\u00e9e de lecture estim\u00e9e":"2 minutes"},"schema":{"@context":"https:\/\/schema.org","@graph":[{"@type":"WebPage","@id":"https:\/\/tourtravelandmore.com\/fr\/tours\/finlande-fr\/helsinki-fr\/visite-privee-de-porvoo\/","url":"https:\/\/tourtravelandmore.com\/fr\/tours\/finlande-fr\/helsinki-fr\/visite-privee-de-porvoo\/","name":"Visite priv\u00e9e de Porvoo au d\u00e9part d'Helsinki - HELSINKI PRIVATE TOURS","isPartOf":{"@id":"https:\/\/tourtravelandmore.com\/fr\/#website"},"primaryImageOfPage":{"@id":"https:\/\/tourtravelandmore.com\/fr\/tours\/finlande-fr\/helsinki-fr\/visite-privee-de-porvoo\/#primaryimage"},"image":{"@id":"https:\/\/tourtravelandmore.com\/fr\/tours\/finlande-fr\/helsinki-fr\/visite-privee-de-porvoo\/#primaryimage"},"thumbnailUrl":"https:\/\/tourtravelandmore.com\/wp-content\/uploads\/2019\/11\/800px-Porvoo_in_January.jpg","datePublished":"2019-11-23T12:59:25+00:00","dateModified":"2021-03-11T12:37:23+00:00","description":"Explorez et profitez de la ville de Porvoo depuis Helsinki avec cette visite priv\u00e9e de Porvoo et un guide local et d\u00e9couvrez le meilleur de la ville.","breadcrumb":{"@id":"https:\/\/tourtravelandmore.com\/fr\/tours\/finlande-fr\/helsinki-fr\/visite-privee-de-porvoo\/#breadcrumb"},"inLanguage":"fr-FR","potentialAction":[{"@type":"ReadAction","target":["https:\/\/tourtravelandmore.com\/fr\/tours\/finlande-fr\/helsinki-fr\/visite-privee-de-porvoo\/"]}]},{"@type":"ImageObject","inLanguage":"fr-FR","@id":"https:\/\/tourtravelandmore.com\/fr\/tours\/finlande-fr\/helsinki-fr\/visite-privee-de-porvoo\/#primaryimage","url":"https:\/\/tourtravelandmore.com\/wp-content\/uploads\/2019\/11\/800px-Porvoo_in_January.jpg","contentUrl":"https:\/\/tourtravelandmore.com\/wp-content\/uploads\/2019\/11\/800px-Porvoo_in_January.jpg","width":800,"height":533},{"@type":"BreadcrumbList","@id":"https:\/\/tourtravelandmore.com\/fr\/tours\/finlande-fr\/helsinki-fr\/visite-privee-de-porvoo\/#breadcrumb","itemListElement":[{"@type":"ListItem","position":1,"name":"Home","item":"https:\/\/tourtravelandmore.com\/fr\/"},{"@type":"ListItem","position":2,"name":"Tours","item":"https:\/\/tourtravelandmore.com\/fr\/tours\/"},{"@type":"ListItem","position":3,"name":"Visite priv\u00e9e de Porvoo"}]},{"@type":"WebSite","@id":"https:\/\/tourtravelandmore.com\/fr\/#website","url":"https:\/\/tourtravelandmore.com\/fr\/","name":"Tour Travel And More","description":"Private sightseeing tours and luxury transfers in Spain","publisher":{"@id":"https:\/\/tourtravelandmore.com\/fr\/#organization"},"potentialAction":[{"@type":"SearchAction","target":{"@type":"EntryPoint","urlTemplate":"https:\/\/tourtravelandmore.com\/fr\/?s={search_term_string}"},"query-input":{"@type":"PropertyValueSpecification","valueRequired":true,"valueName":"search_term_string"}}],"inLanguage":"fr-FR"},{"@type":"Organization","@id":"https:\/\/tourtravelandmore.com\/fr\/#organization","name":"Tour Travel And More","url":"https:\/\/tourtravelandmore.com\/fr\/","logo":{"@type":"ImageObject","inLanguage":"fr-FR","@id":"https:\/\/tourtravelandmore.com\/fr\/#\/schema\/logo\/image\/","url":"https:\/\/tourtravelandmore.com\/wp-content\/uploads\/2022\/12\/cropped-logo-cabecera-new.png","contentUrl":"https:\/\/tourtravelandmore.com\/wp-content\/uploads\/2022\/12\/cropped-logo-cabecera-new.png","width":430,"height":61,"caption":"Tour Travel And More"},"image":{"@id":"https:\/\/tourtravelandmore.com\/fr\/#\/schema\/logo\/image\/"},"sameAs":["https:\/\/www.facebook.com\/tourtravelandmore\/","https:\/\/x.com\/TourTravel_More"]}]}},"_links":{"self":[{"href":"https:\/\/tourtravelandmore.com\/fr\/wp-json\/wp\/v2\/product\/102572","targetHints":{"allow":["GET"]}}],"collection":[{"href":"https:\/\/tourtravelandmore.com\/fr\/wp-json\/wp\/v2\/product"}],"about":[{"href":"https:\/\/tourtravelandmore.com\/fr\/wp-json\/wp\/v2\/types\/product"}],"replies":[{"embeddable":true,"href":"https:\/\/tourtravelandmore.com\/fr\/wp-json\/wp\/v2\/comments?post=102572"}],"wp:featuredmedia":[{"embeddable":true,"href":"https:\/\/tourtravelandmore.com\/fr\/wp-json\/wp\/v2\/media\/96803"}],"wp:attachment":[{"href":"https:\/\/tourtravelandmore.com\/fr\/wp-json\/wp\/v2\/media?parent=102572"}],"wp:term":[{"taxonomy":"product_brand","embeddable":true,"href":"https:\/\/tourtravelandmore.com\/fr\/wp-json\/wp\/v2\/product_brand?post=102572"},{"taxonomy":"product_cat","embeddable":true,"href":"https:\/\/tourtravelandmore.com\/fr\/wp-json\/wp\/v2\/product_cat?post=102572"},{"taxonomy":"product_tag","embeddable":true,"href":"https:\/\/tourtravelandmore.com\/fr\/wp-json\/wp\/v2\/product_tag?post=102572"}],"curies":[{"name":"wp","href":"https:\/\/api.w.org\/{rel}","templated":true}]}}