{"id":102558,"date":"2019-10-10T13:12:49","date_gmt":"2019-10-10T11:12:49","guid":{"rendered":"https:\/\/tourtravelandmore.com\/tours\/non%20class\u00e9\/visite-privee-a-pied-dhelsinki\/"},"modified":"2021-03-11T13:27:46","modified_gmt":"2021-03-11T12:27:46","slug":"visite-privee-a-pied-dhelsinki","status":"publish","type":"product","link":"https:\/\/tourtravelandmore.com\/fr\/tours\/finlande-fr\/helsinki-fr\/visite-privee-a-pied-dhelsinki\/","title":{"rendered":"Visite priv\u00e9e \u00e0 pied d&#8217;Helsinki"},"content":{"rendered":"<h2>Description<\/h2>\n<p>Profitez de cette visite priv\u00e9e \u00e0 pied d&#8217;Helsinki dans la ville d&#8217;Helsinki. Votre guide officiel priv\u00e9 et d\u00e9couvrez le meilleur de ce qu&#8217;Helsinki a \u00e0 offrir lors de cette visite priv\u00e9e. Cette visite se concentrera sur la partie centrale d&#8217;Helsinki.<\/p>\n<p>Tout d&#8217;abord, nous nous rencontrerons en un point central d&#8217;Helsinki, tr\u00e8s certainement le Kauppatori (place du march\u00e9). Au cours de cette visite, nous visiterons les monuments et sites les plus c\u00e9l\u00e8bres de la ville.<\/p>\n<p>Deuxi\u00e8mement, nous marcherons d&#8217;ici \u00e0 l&#8217;un des endroits les plus populaires d&#8217;Helsinki, la cath\u00e9drale d&#8217;Helsinki, une cath\u00e9drale \u00e9vang\u00e9lique luth\u00e9rienne du dioc\u00e8se d&#8217;Helsinki qui a \u00e9t\u00e9 construite \u00e0 l&#8217;origine entre 1830-1852 en hommage au Grand-Duc de Finlande. Faisant partie de l&#8217;\u00c9glise orthodoxe orientale, la cath\u00e9drale d&#8217;Upenski est le si\u00e8ge officiel de l&#8217;\u00e9v\u00eaque d&#8217;Helsinki pour cette tradition de foi. De l\u00e0, nous marcherons jusqu&#8217;\u00e0 la cath\u00e9drale d&#8217;Upenski, le si\u00e8ge officiel de l&#8217;\u00e9v\u00eaque de l&#8217;\u00e9glise orthodoxe orientale d&#8217;Helsinki, la place du march\u00e9, le mus\u00e9e de la ville d&#8217;Helsinki, l&#8217;Esplanadi et bien d&#8217;autres sites.<\/p>\n<p>Apr\u00e8s une petite pause dans l&#8217;un de ses restaurants, nous marcherons vers l&#8217;Ateneum, la gare centrale d&#8217;Helsinki, le Parlement, le mus\u00e9e national de Finlande et l&#8217;\u00e9glise Temppeliaukio, l&#8217;une des plus grandes et des plus importantes \u00e9glises luth\u00e9riennes de la ville de Helsinki.<\/p>\n<p>Nous ferons la connaissance du Narinkka ou Narinkkatori, une place du quartier Kamppi d&#8217;Helsinki.<\/p>\n<p>Il existe de nombreux autres endroits o\u00f9 votre guide priv\u00e9 peut vous aider \u00e0 explorer, m\u00eame les endroits les plus embl\u00e9matiques et les plus impressionnants d&#8217;Helsinki, o\u00f9 vous pouvez prendre les meilleures photos quand et o\u00f9 vous le souhaitez lors de votre visite priv\u00e9e. Les sites et le point de rencontre de cette visite sont enti\u00e8rement personnalisables. Veuillez nous contacter pour organiser la visite en fonction de vos besoins personnels.<\/p>\n<h2>Sites d&#8217;int\u00e9r\u00eat et monuments<\/h2>\n<p>Au cours de votre visite priv\u00e9e \u00e0 pied d&#8217;Helsinki, vous d\u00e9couvrirez certains des endroits les plus reconnus de la ville. Vous serez t\u00e9moin de sa beaut\u00e9 architecturale unique.<\/p>\n<p>Parmi les sites que vous pouvez visiter \u00e0 travers cette visite priv\u00e9e \u00e0 travers Helsinki, nous vous proposons:<\/p>\n<ul>\n<li>Parc Kaisaniemi<\/li>\n<li>Senaatintori<\/li>\n<li>Kulttuuritalo<\/li>\n<li>Th\u00e9\u00e2tre de la ville d&#8217;Helsinki<\/li>\n<li>Le mus\u00e9e de la ville d&#8217;Helsinki<\/li>\n<li>Esplanadi<\/li>\n<li>Th\u00e9\u00e2tre national finlandais<\/li>\n<li>Gare centrale<\/li>\n<li>Kiasma<\/li>\n<li>Parlement<\/li>\n<li>Mus\u00e9e national de Finlande<\/li>\n<li>\u00c9glise rocheuse de Temppeliaukio<\/li>\n<li>Mus\u00e9e d&#8217;histoire naturelle<\/li>\n<li>Narinkka<\/li>\n<li>Et bien d&#8217;autres endroits dans cette visite priv\u00e9e \u00e0 pied d&#8217;Helsinki<\/li>\n<\/ul>\n<p>Enfin, la visite se terminera dans un point central d&#8217;Helsinki.<\/p>\n<p>Jetez un \u0153il \u00e0 nos autres visites priv\u00e9es \u00e0 Helsinki.<\/p>\n","protected":false},"excerpt":{"rendered":"<p>Marcher dans les rues d&#8217;Helsinki est le meilleur moyen de conna\u00eetre la ville, c&#8217;est pourquoi vous aurez un guide officiel priv\u00e9 qui vous \u00e9clairera avec des faits tr\u00e8s int\u00e9ressants sur Helsinki lors de cette visite priv\u00e9e \u00e0 pied. Vous pourrez visiter quelques endroits comme: la Boutique Tintin, les Galeries Royales de Saint-Hubert, l&#8217;\u00c9difice de la Bourse et bien d&#8217;autres sites.<\/p>\n<p>&nbsp;<\/p>\n","protected":false},"featured_media":96533,"comment_status":"open","ping_status":"closed","template":"","meta":{"_acf_changed":false},"product_brand":[],"product_cat":[3746,3761],"product_tag":[],"class_list":{"0":"post-102558","1":"product","2":"type-product","3":"status-publish","4":"has-post-thumbnail","6":"product_cat-finlande-fr","7":"product_cat-helsinki-fr","9":"first","10":"instock","11":"shipping-taxable","12":"purchasable","13":"product-type-simple"},"acf":[],"yoast_head":"<!-- This site is optimized with the Yoast SEO Premium plugin v25.3.1 (Yoast SEO v25.3.1) - https:\/\/yoast.com\/wordpress\/plugins\/seo\/ -->\n<title>Visite priv\u00e9e \u00e0 pied d&#039;Helsinki avec guide - Visite priv\u00e9e \u00e0 pied d&#039;Helsinki<\/title>\n<meta name=\"description\" content=\"Explorez et profitez de la ville d&#039;Helsinki avec cette visite priv\u00e9e \u00e0 pied d&#039;Helsinki de 4 heures et d\u00e9couvrez certains de ses endroits les plus reconnus.\" \/>\n<meta name=\"robots\" content=\"index, follow, max-snippet:-1, max-image-preview:large, max-video-preview:-1\" \/>\n<link rel=\"canonical\" href=\"https:\/\/tourtravelandmore.com\/fr\/tours\/finlande-fr\/helsinki-fr\/visite-privee-a-pied-dhelsinki\/\" \/>\n<meta property=\"og:locale\" content=\"fr_FR\" \/>\n<meta property=\"og:type\" content=\"article\" \/>\n<meta property=\"og:title\" content=\"Visite priv\u00e9e \u00e0 pied d&#039;Helsinki\" \/>\n<meta property=\"og:description\" content=\"Explorez et profitez de la ville d&#039;Helsinki avec cette visite priv\u00e9e \u00e0 pied d&#039;Helsinki de 4 heures et d\u00e9couvrez certains de ses endroits les plus reconnus.\" \/>\n<meta property=\"og:url\" content=\"https:\/\/tourtravelandmore.com\/fr\/tours\/finlande-fr\/helsinki-fr\/visite-privee-a-pied-dhelsinki\/\" \/>\n<meta property=\"og:site_name\" content=\"Tour Travel And More\" \/>\n<meta property=\"article:publisher\" content=\"https:\/\/www.facebook.com\/tourtravelandmore\/\" \/>\n<meta property=\"article:modified_time\" content=\"2021-03-11T12:27:46+00:00\" \/>\n<meta property=\"og:image\" content=\"https:\/\/tourtravelandmore.com\/wp-content\/uploads\/2019\/10\/parliament-house-helsinki.jpg\" \/>\n\t<meta property=\"og:image:width\" content=\"742\" \/>\n\t<meta property=\"og:image:height\" content=\"525\" \/>\n\t<meta property=\"og:image:type\" content=\"image\/jpeg\" \/>\n<meta name=\"twitter:card\" content=\"summary_large_image\" \/>\n<meta name=\"twitter:site\" content=\"@TourTravel_More\" \/>\n<meta name=\"twitter:label1\" content=\"Dur\u00e9e de lecture estim\u00e9e\" \/>\n\t<meta name=\"twitter:data1\" content=\"2 minutes\" \/>\n<script type=\"application\/ld+json\" class=\"yoast-schema-graph\">{\"@context\":\"https:\/\/schema.org\",\"@graph\":[{\"@type\":\"WebPage\",\"@id\":\"https:\/\/tourtravelandmore.com\/fr\/tours\/finlande-fr\/helsinki-fr\/visite-privee-a-pied-dhelsinki\/\",\"url\":\"https:\/\/tourtravelandmore.com\/fr\/tours\/finlande-fr\/helsinki-fr\/visite-privee-a-pied-dhelsinki\/\",\"name\":\"Visite priv\u00e9e \u00e0 pied d'Helsinki avec guide - Visite priv\u00e9e \u00e0 pied d'Helsinki\",\"isPartOf\":{\"@id\":\"https:\/\/tourtravelandmore.com\/fr\/#website\"},\"primaryImageOfPage\":{\"@id\":\"https:\/\/tourtravelandmore.com\/fr\/tours\/finlande-fr\/helsinki-fr\/visite-privee-a-pied-dhelsinki\/#primaryimage\"},\"image\":{\"@id\":\"https:\/\/tourtravelandmore.com\/fr\/tours\/finlande-fr\/helsinki-fr\/visite-privee-a-pied-dhelsinki\/#primaryimage\"},\"thumbnailUrl\":\"https:\/\/tourtravelandmore.com\/wp-content\/uploads\/2019\/10\/parliament-house-helsinki.jpg\",\"datePublished\":\"2019-10-10T11:12:49+00:00\",\"dateModified\":\"2021-03-11T12:27:46+00:00\",\"description\":\"Explorez et profitez de la ville d'Helsinki avec cette visite priv\u00e9e \u00e0 pied d'Helsinki de 4 heures et d\u00e9couvrez certains de ses endroits les plus reconnus.\",\"breadcrumb\":{\"@id\":\"https:\/\/tourtravelandmore.com\/fr\/tours\/finlande-fr\/helsinki-fr\/visite-privee-a-pied-dhelsinki\/#breadcrumb\"},\"inLanguage\":\"fr-FR\",\"potentialAction\":[{\"@type\":\"ReadAction\",\"target\":[\"https:\/\/tourtravelandmore.com\/fr\/tours\/finlande-fr\/helsinki-fr\/visite-privee-a-pied-dhelsinki\/\"]}]},{\"@type\":\"ImageObject\",\"inLanguage\":\"fr-FR\",\"@id\":\"https:\/\/tourtravelandmore.com\/fr\/tours\/finlande-fr\/helsinki-fr\/visite-privee-a-pied-dhelsinki\/#primaryimage\",\"url\":\"https:\/\/tourtravelandmore.com\/wp-content\/uploads\/2019\/10\/parliament-house-helsinki.jpg\",\"contentUrl\":\"https:\/\/tourtravelandmore.com\/wp-content\/uploads\/2019\/10\/parliament-house-helsinki.jpg\",\"width\":742,\"height\":525},{\"@type\":\"BreadcrumbList\",\"@id\":\"https:\/\/tourtravelandmore.com\/fr\/tours\/finlande-fr\/helsinki-fr\/visite-privee-a-pied-dhelsinki\/#breadcrumb\",\"itemListElement\":[{\"@type\":\"ListItem\",\"position\":1,\"name\":\"Home\",\"item\":\"https:\/\/tourtravelandmore.com\/fr\/\"},{\"@type\":\"ListItem\",\"position\":2,\"name\":\"Tours\",\"item\":\"https:\/\/tourtravelandmore.com\/fr\/tours\/\"},{\"@type\":\"ListItem\",\"position\":3,\"name\":\"Visite priv\u00e9e \u00e0 pied d&rsquo;Helsinki\"}]},{\"@type\":\"WebSite\",\"@id\":\"https:\/\/tourtravelandmore.com\/fr\/#website\",\"url\":\"https:\/\/tourtravelandmore.com\/fr\/\",\"name\":\"Tour Travel And More\",\"description\":\"Private sightseeing tours and luxury transfers in Spain\",\"publisher\":{\"@id\":\"https:\/\/tourtravelandmore.com\/fr\/#organization\"},\"potentialAction\":[{\"@type\":\"SearchAction\",\"target\":{\"@type\":\"EntryPoint\",\"urlTemplate\":\"https:\/\/tourtravelandmore.com\/fr\/?s={search_term_string}\"},\"query-input\":{\"@type\":\"PropertyValueSpecification\",\"valueRequired\":true,\"valueName\":\"search_term_string\"}}],\"inLanguage\":\"fr-FR\"},{\"@type\":\"Organization\",\"@id\":\"https:\/\/tourtravelandmore.com\/fr\/#organization\",\"name\":\"Tour Travel And More\",\"url\":\"https:\/\/tourtravelandmore.com\/fr\/\",\"logo\":{\"@type\":\"ImageObject\",\"inLanguage\":\"fr-FR\",\"@id\":\"https:\/\/tourtravelandmore.com\/fr\/#\/schema\/logo\/image\/\",\"url\":\"https:\/\/tourtravelandmore.com\/wp-content\/uploads\/2022\/12\/cropped-logo-cabecera-new.png\",\"contentUrl\":\"https:\/\/tourtravelandmore.com\/wp-content\/uploads\/2022\/12\/cropped-logo-cabecera-new.png\",\"width\":430,\"height\":61,\"caption\":\"Tour Travel And More\"},\"image\":{\"@id\":\"https:\/\/tourtravelandmore.com\/fr\/#\/schema\/logo\/image\/\"},\"sameAs\":[\"https:\/\/www.facebook.com\/tourtravelandmore\/\",\"https:\/\/x.com\/TourTravel_More\"]}]}<\/script>\n<!-- \/ Yoast SEO Premium plugin. -->","yoast_head_json":{"title":"Visite priv\u00e9e \u00e0 pied d'Helsinki avec guide - Visite priv\u00e9e \u00e0 pied d'Helsinki","description":"Explorez et profitez de la ville d'Helsinki avec cette visite priv\u00e9e \u00e0 pied d'Helsinki de 4 heures et d\u00e9couvrez certains de ses endroits les plus reconnus.","robots":{"index":"index","follow":"follow","max-snippet":"max-snippet:-1","max-image-preview":"max-image-preview:large","max-video-preview":"max-video-preview:-1"},"canonical":"https:\/\/tourtravelandmore.com\/fr\/tours\/finlande-fr\/helsinki-fr\/visite-privee-a-pied-dhelsinki\/","og_locale":"fr_FR","og_type":"article","og_title":"Visite priv\u00e9e \u00e0 pied d'Helsinki","og_description":"Explorez et profitez de la ville d'Helsinki avec cette visite priv\u00e9e \u00e0 pied d'Helsinki de 4 heures et d\u00e9couvrez certains de ses endroits les plus reconnus.","og_url":"https:\/\/tourtravelandmore.com\/fr\/tours\/finlande-fr\/helsinki-fr\/visite-privee-a-pied-dhelsinki\/","og_site_name":"Tour Travel And More","article_publisher":"https:\/\/www.facebook.com\/tourtravelandmore\/","article_modified_time":"2021-03-11T12:27:46+00:00","og_image":[{"width":742,"height":525,"url":"https:\/\/tourtravelandmore.com\/wp-content\/uploads\/2019\/10\/parliament-house-helsinki.jpg","type":"image\/jpeg"}],"twitter_card":"summary_large_image","twitter_site":"@TourTravel_More","twitter_misc":{"Dur\u00e9e de lecture estim\u00e9e":"2 minutes"},"schema":{"@context":"https:\/\/schema.org","@graph":[{"@type":"WebPage","@id":"https:\/\/tourtravelandmore.com\/fr\/tours\/finlande-fr\/helsinki-fr\/visite-privee-a-pied-dhelsinki\/","url":"https:\/\/tourtravelandmore.com\/fr\/tours\/finlande-fr\/helsinki-fr\/visite-privee-a-pied-dhelsinki\/","name":"Visite priv\u00e9e \u00e0 pied d'Helsinki avec guide - Visite priv\u00e9e \u00e0 pied d'Helsinki","isPartOf":{"@id":"https:\/\/tourtravelandmore.com\/fr\/#website"},"primaryImageOfPage":{"@id":"https:\/\/tourtravelandmore.com\/fr\/tours\/finlande-fr\/helsinki-fr\/visite-privee-a-pied-dhelsinki\/#primaryimage"},"image":{"@id":"https:\/\/tourtravelandmore.com\/fr\/tours\/finlande-fr\/helsinki-fr\/visite-privee-a-pied-dhelsinki\/#primaryimage"},"thumbnailUrl":"https:\/\/tourtravelandmore.com\/wp-content\/uploads\/2019\/10\/parliament-house-helsinki.jpg","datePublished":"2019-10-10T11:12:49+00:00","dateModified":"2021-03-11T12:27:46+00:00","description":"Explorez et profitez de la ville d'Helsinki avec cette visite priv\u00e9e \u00e0 pied d'Helsinki de 4 heures et d\u00e9couvrez certains de ses endroits les plus reconnus.","breadcrumb":{"@id":"https:\/\/tourtravelandmore.com\/fr\/tours\/finlande-fr\/helsinki-fr\/visite-privee-a-pied-dhelsinki\/#breadcrumb"},"inLanguage":"fr-FR","potentialAction":[{"@type":"ReadAction","target":["https:\/\/tourtravelandmore.com\/fr\/tours\/finlande-fr\/helsinki-fr\/visite-privee-a-pied-dhelsinki\/"]}]},{"@type":"ImageObject","inLanguage":"fr-FR","@id":"https:\/\/tourtravelandmore.com\/fr\/tours\/finlande-fr\/helsinki-fr\/visite-privee-a-pied-dhelsinki\/#primaryimage","url":"https:\/\/tourtravelandmore.com\/wp-content\/uploads\/2019\/10\/parliament-house-helsinki.jpg","contentUrl":"https:\/\/tourtravelandmore.com\/wp-content\/uploads\/2019\/10\/parliament-house-helsinki.jpg","width":742,"height":525},{"@type":"BreadcrumbList","@id":"https:\/\/tourtravelandmore.com\/fr\/tours\/finlande-fr\/helsinki-fr\/visite-privee-a-pied-dhelsinki\/#breadcrumb","itemListElement":[{"@type":"ListItem","position":1,"name":"Home","item":"https:\/\/tourtravelandmore.com\/fr\/"},{"@type":"ListItem","position":2,"name":"Tours","item":"https:\/\/tourtravelandmore.com\/fr\/tours\/"},{"@type":"ListItem","position":3,"name":"Visite priv\u00e9e \u00e0 pied d&rsquo;Helsinki"}]},{"@type":"WebSite","@id":"https:\/\/tourtravelandmore.com\/fr\/#website","url":"https:\/\/tourtravelandmore.com\/fr\/","name":"Tour Travel And More","description":"Private sightseeing tours and luxury transfers in Spain","publisher":{"@id":"https:\/\/tourtravelandmore.com\/fr\/#organization"},"potentialAction":[{"@type":"SearchAction","target":{"@type":"EntryPoint","urlTemplate":"https:\/\/tourtravelandmore.com\/fr\/?s={search_term_string}"},"query-input":{"@type":"PropertyValueSpecification","valueRequired":true,"valueName":"search_term_string"}}],"inLanguage":"fr-FR"},{"@type":"Organization","@id":"https:\/\/tourtravelandmore.com\/fr\/#organization","name":"Tour Travel And More","url":"https:\/\/tourtravelandmore.com\/fr\/","logo":{"@type":"ImageObject","inLanguage":"fr-FR","@id":"https:\/\/tourtravelandmore.com\/fr\/#\/schema\/logo\/image\/","url":"https:\/\/tourtravelandmore.com\/wp-content\/uploads\/2022\/12\/cropped-logo-cabecera-new.png","contentUrl":"https:\/\/tourtravelandmore.com\/wp-content\/uploads\/2022\/12\/cropped-logo-cabecera-new.png","width":430,"height":61,"caption":"Tour Travel And More"},"image":{"@id":"https:\/\/tourtravelandmore.com\/fr\/#\/schema\/logo\/image\/"},"sameAs":["https:\/\/www.facebook.com\/tourtravelandmore\/","https:\/\/x.com\/TourTravel_More"]}]}},"_links":{"self":[{"href":"https:\/\/tourtravelandmore.com\/fr\/wp-json\/wp\/v2\/product\/102558","targetHints":{"allow":["GET"]}}],"collection":[{"href":"https:\/\/tourtravelandmore.com\/fr\/wp-json\/wp\/v2\/product"}],"about":[{"href":"https:\/\/tourtravelandmore.com\/fr\/wp-json\/wp\/v2\/types\/product"}],"replies":[{"embeddable":true,"href":"https:\/\/tourtravelandmore.com\/fr\/wp-json\/wp\/v2\/comments?post=102558"}],"wp:featuredmedia":[{"embeddable":true,"href":"https:\/\/tourtravelandmore.com\/fr\/wp-json\/wp\/v2\/media\/96533"}],"wp:attachment":[{"href":"https:\/\/tourtravelandmore.com\/fr\/wp-json\/wp\/v2\/media?parent=102558"}],"wp:term":[{"taxonomy":"product_brand","embeddable":true,"href":"https:\/\/tourtravelandmore.com\/fr\/wp-json\/wp\/v2\/product_brand?post=102558"},{"taxonomy":"product_cat","embeddable":true,"href":"https:\/\/tourtravelandmore.com\/fr\/wp-json\/wp\/v2\/product_cat?post=102558"},{"taxonomy":"product_tag","embeddable":true,"href":"https:\/\/tourtravelandmore.com\/fr\/wp-json\/wp\/v2\/product_tag?post=102558"}],"curies":[{"name":"wp","href":"https:\/\/api.w.org\/{rel}","templated":true}]}}