{"id":102550,"date":"2019-10-10T13:12:46","date_gmt":"2019-10-10T11:12:46","guid":{"rendered":"https:\/\/tourtravelandmore.com\/tours\/non%20class\u00e9\/visite-privee-de-tallinn-au-depart-dhelsinki\/"},"modified":"2021-03-11T13:23:33","modified_gmt":"2021-03-11T12:23:33","slug":"visite-privee-de-tallinn-au-depart-dhelsinki","status":"publish","type":"product","link":"https:\/\/tourtravelandmore.com\/fr\/tours\/finlande-fr\/helsinki-fr\/visite-privee-de-tallinn-au-depart-dhelsinki\/","title":{"rendered":"Visite priv\u00e9e de Tallinn au d\u00e9part d&#8217;Helsinki"},"content":{"rendered":"<h2>Description<\/h2>\n<p>Venez avec nous et profitez de cette excursion priv\u00e9e \u00e0 Tallinn au d\u00e9part d&#8217;Helsinki avec votre guide officiel et d\u00e9couvrez les sites les plus embl\u00e9matiques de Tallinn. Profitez de cette visite priv\u00e9e de Tallinn au d\u00e9part d&#8217;Helsinki avec nous \u00e0 Tour Travel &amp; More.<\/p>\n<p>Tout d&#8217;abord, un v\u00e9hicule priv\u00e9 avec chauffeur viendra vous chercher \u00e0 votre h\u00f4tel ou lieu de votre choix \u00e0 Helsinki. Cela peut bien s\u00fbr \u00eatre aussi le port de croisi\u00e8re. Votre chauffeur priv\u00e9 vous emm\u00e8nera dans cette visite priv\u00e9e pour d\u00e9couvrir le meilleur de Tallinn.<\/p>\n<p>Il s&#8217;agit d&#8217;une visite enti\u00e8rement personnalis\u00e9e juste pour votre famille ou votre groupe. Vous pouvez personnaliser chaque visite en nous contactant simplement. Voici un exemple de certains des sites les plus importants pour vous donner une id\u00e9e, mais votre visite sera enti\u00e8rement personnalis\u00e9e pour r\u00e9pondre exactement \u00e0 vos besoins.<\/p>\n<p>Nous avons \u00e0 votre disposition des v\u00e9hicules priv\u00e9s avec chauffeur qui peuvent venir vous chercher o\u00f9 que vous soyez pour vous offrir une exp\u00e9rience inoubliable et unique. Bellow est une visite de 10 heures. Nous pouvons toujours vous proposer des circuits plus longs si vous le souhaitez.<\/p>\n<h2>Sites d&#8217;int\u00e9r\u00eat et monuments<\/h2>\n<p>Parmi d&#8217;autres monuments et sites que vous pourrez d\u00e9couvrir lors de cette excursion priv\u00e9e:<\/p>\n<ul>\n<li>La vieille ville<\/li>\n<li>Place de la mairie<\/li>\n<li>\u00c9glise du Saint-Esprit<\/li>\n<li>Mus\u00e9e de la ville de Tallinn<\/li>\n<li>\u00c9glise orthodoxe Saint-Nicolas<\/li>\n<li>Tallinna Raekoja Platz<\/li>\n<li>Parc Kadriorg<\/li>\n<li>\u00c9glise Saint-Olav<\/li>\n<li>Cath\u00e9drale Alexandre Nevsky<\/li>\n<li>Place de la Libert\u00e9<\/li>\n<li>Kiek \u00e0 de K\u00f6k<\/li>\n<li>Et bien d&#8217;autres endroits dans cette visite priv\u00e9e d&#8217;Helsinki.<\/li>\n<\/ul>\n<p>Ne manquez pas les autres visites et exp\u00e9riences priv\u00e9es que nous proposons depuis Helsinki. Si vous souhaitez que nous organisions une exp\u00e9rience personnalis\u00e9e, veuillez nous en informer. Nos experts en voyages sont \u00e0 votre enti\u00e8re disposition.<\/p>\n","protected":false},"excerpt":{"rendered":"<p>Rejoignez-nous pour cette visite priv\u00e9e personnalis\u00e9e de 10 heures de Tallinn au d\u00e9part d&#8217;Helsinki. Profitez de cette occasion pour d\u00e9couvrir la ville de Tallinn lors de cette exp\u00e9rience avec votre propre guide officiel priv\u00e9 dans un v\u00e9hicule de luxe avec chauffeur. Personnalisez votre propre exp\u00e9rience.<\/p>\n","protected":false},"featured_media":91088,"comment_status":"open","ping_status":"closed","template":"","meta":{"_acf_changed":false},"product_brand":[],"product_cat":[3746,3761],"product_tag":[],"class_list":{"0":"post-102550","1":"product","2":"type-product","3":"status-publish","4":"has-post-thumbnail","6":"product_cat-finlande-fr","7":"product_cat-helsinki-fr","9":"first","10":"instock","11":"shipping-taxable","12":"purchasable","13":"product-type-simple"},"acf":[],"yoast_head":"<!-- This site is optimized with the Yoast SEO Premium plugin v25.3.1 (Yoast SEO v25.3.1) - https:\/\/yoast.com\/wordpress\/plugins\/seo\/ -->\n<title>Visite priv\u00e9e de Tallinn au d\u00e9part d&#039;Helsinki - Excursion facultative \u00e0 terre<\/title>\n<meta name=\"description\" content=\"Profitez de cette visite priv\u00e9e de Tallinn au d\u00e9part d&#039;Helsinki et profitez de leurs monuments et sites les plus importants avec nos circuits enti\u00e8rement personnalis\u00e9s.\" \/>\n<meta name=\"robots\" content=\"index, follow, max-snippet:-1, max-image-preview:large, max-video-preview:-1\" \/>\n<link rel=\"canonical\" href=\"https:\/\/tourtravelandmore.com\/fr\/tours\/finlande-fr\/helsinki-fr\/visite-privee-de-tallinn-au-depart-dhelsinki\/\" \/>\n<meta property=\"og:locale\" content=\"fr_FR\" \/>\n<meta property=\"og:type\" content=\"article\" \/>\n<meta property=\"og:title\" content=\"Visite priv\u00e9e de Tallinn au d\u00e9part d&#039;Helsinki\" \/>\n<meta property=\"og:description\" content=\"Profitez de cette visite priv\u00e9e de Tallinn au d\u00e9part d&#039;Helsinki et profitez de leurs monuments et sites les plus importants avec nos circuits enti\u00e8rement personnalis\u00e9s.\" \/>\n<meta property=\"og:url\" content=\"https:\/\/tourtravelandmore.com\/fr\/tours\/finlande-fr\/helsinki-fr\/visite-privee-de-tallinn-au-depart-dhelsinki\/\" \/>\n<meta property=\"og:site_name\" content=\"Tour Travel And More\" \/>\n<meta property=\"article:publisher\" content=\"https:\/\/www.facebook.com\/tourtravelandmore\/\" \/>\n<meta property=\"article:modified_time\" content=\"2021-03-11T12:23:33+00:00\" \/>\n<meta property=\"og:image\" content=\"https:\/\/tourtravelandmore.com\/wp-content\/uploads\/2019\/10\/tallin-2-scaled.jpg\" \/>\n\t<meta property=\"og:image:width\" content=\"2560\" \/>\n\t<meta property=\"og:image:height\" content=\"1707\" \/>\n\t<meta property=\"og:image:type\" content=\"image\/jpeg\" \/>\n<meta name=\"twitter:card\" content=\"summary_large_image\" \/>\n<meta name=\"twitter:site\" content=\"@TourTravel_More\" \/>\n<meta name=\"twitter:label1\" content=\"Dur\u00e9e de lecture estim\u00e9e\" \/>\n\t<meta name=\"twitter:data1\" content=\"2 minutes\" \/>\n<script type=\"application\/ld+json\" class=\"yoast-schema-graph\">{\"@context\":\"https:\/\/schema.org\",\"@graph\":[{\"@type\":\"WebPage\",\"@id\":\"https:\/\/tourtravelandmore.com\/fr\/tours\/finlande-fr\/helsinki-fr\/visite-privee-de-tallinn-au-depart-dhelsinki\/\",\"url\":\"https:\/\/tourtravelandmore.com\/fr\/tours\/finlande-fr\/helsinki-fr\/visite-privee-de-tallinn-au-depart-dhelsinki\/\",\"name\":\"Visite priv\u00e9e de Tallinn au d\u00e9part d'Helsinki - Excursion facultative \u00e0 terre\",\"isPartOf\":{\"@id\":\"https:\/\/tourtravelandmore.com\/fr\/#website\"},\"primaryImageOfPage\":{\"@id\":\"https:\/\/tourtravelandmore.com\/fr\/tours\/finlande-fr\/helsinki-fr\/visite-privee-de-tallinn-au-depart-dhelsinki\/#primaryimage\"},\"image\":{\"@id\":\"https:\/\/tourtravelandmore.com\/fr\/tours\/finlande-fr\/helsinki-fr\/visite-privee-de-tallinn-au-depart-dhelsinki\/#primaryimage\"},\"thumbnailUrl\":\"https:\/\/tourtravelandmore.com\/wp-content\/uploads\/2019\/10\/tallin-2-scaled.jpg\",\"datePublished\":\"2019-10-10T11:12:46+00:00\",\"dateModified\":\"2021-03-11T12:23:33+00:00\",\"description\":\"Profitez de cette visite priv\u00e9e de Tallinn au d\u00e9part d'Helsinki et profitez de leurs monuments et sites les plus importants avec nos circuits enti\u00e8rement personnalis\u00e9s.\",\"breadcrumb\":{\"@id\":\"https:\/\/tourtravelandmore.com\/fr\/tours\/finlande-fr\/helsinki-fr\/visite-privee-de-tallinn-au-depart-dhelsinki\/#breadcrumb\"},\"inLanguage\":\"fr-FR\",\"potentialAction\":[{\"@type\":\"ReadAction\",\"target\":[\"https:\/\/tourtravelandmore.com\/fr\/tours\/finlande-fr\/helsinki-fr\/visite-privee-de-tallinn-au-depart-dhelsinki\/\"]}]},{\"@type\":\"ImageObject\",\"inLanguage\":\"fr-FR\",\"@id\":\"https:\/\/tourtravelandmore.com\/fr\/tours\/finlande-fr\/helsinki-fr\/visite-privee-de-tallinn-au-depart-dhelsinki\/#primaryimage\",\"url\":\"https:\/\/tourtravelandmore.com\/wp-content\/uploads\/2019\/10\/tallin-2-scaled.jpg\",\"contentUrl\":\"https:\/\/tourtravelandmore.com\/wp-content\/uploads\/2019\/10\/tallin-2-scaled.jpg\",\"width\":2560,\"height\":1707},{\"@type\":\"BreadcrumbList\",\"@id\":\"https:\/\/tourtravelandmore.com\/fr\/tours\/finlande-fr\/helsinki-fr\/visite-privee-de-tallinn-au-depart-dhelsinki\/#breadcrumb\",\"itemListElement\":[{\"@type\":\"ListItem\",\"position\":1,\"name\":\"Home\",\"item\":\"https:\/\/tourtravelandmore.com\/fr\/\"},{\"@type\":\"ListItem\",\"position\":2,\"name\":\"Tours\",\"item\":\"https:\/\/tourtravelandmore.com\/fr\/tours\/\"},{\"@type\":\"ListItem\",\"position\":3,\"name\":\"Visite priv\u00e9e de Tallinn au d\u00e9part d&rsquo;Helsinki\"}]},{\"@type\":\"WebSite\",\"@id\":\"https:\/\/tourtravelandmore.com\/fr\/#website\",\"url\":\"https:\/\/tourtravelandmore.com\/fr\/\",\"name\":\"Tour Travel And More\",\"description\":\"Private sightseeing tours and luxury transfers in Spain\",\"publisher\":{\"@id\":\"https:\/\/tourtravelandmore.com\/fr\/#organization\"},\"potentialAction\":[{\"@type\":\"SearchAction\",\"target\":{\"@type\":\"EntryPoint\",\"urlTemplate\":\"https:\/\/tourtravelandmore.com\/fr\/?s={search_term_string}\"},\"query-input\":{\"@type\":\"PropertyValueSpecification\",\"valueRequired\":true,\"valueName\":\"search_term_string\"}}],\"inLanguage\":\"fr-FR\"},{\"@type\":\"Organization\",\"@id\":\"https:\/\/tourtravelandmore.com\/fr\/#organization\",\"name\":\"Tour Travel And More\",\"url\":\"https:\/\/tourtravelandmore.com\/fr\/\",\"logo\":{\"@type\":\"ImageObject\",\"inLanguage\":\"fr-FR\",\"@id\":\"https:\/\/tourtravelandmore.com\/fr\/#\/schema\/logo\/image\/\",\"url\":\"https:\/\/tourtravelandmore.com\/wp-content\/uploads\/2022\/12\/cropped-logo-cabecera-new.png\",\"contentUrl\":\"https:\/\/tourtravelandmore.com\/wp-content\/uploads\/2022\/12\/cropped-logo-cabecera-new.png\",\"width\":430,\"height\":61,\"caption\":\"Tour Travel And More\"},\"image\":{\"@id\":\"https:\/\/tourtravelandmore.com\/fr\/#\/schema\/logo\/image\/\"},\"sameAs\":[\"https:\/\/www.facebook.com\/tourtravelandmore\/\",\"https:\/\/x.com\/TourTravel_More\"]}]}<\/script>\n<!-- \/ Yoast SEO Premium plugin. -->","yoast_head_json":{"title":"Visite priv\u00e9e de Tallinn au d\u00e9part d'Helsinki - Excursion facultative \u00e0 terre","description":"Profitez de cette visite priv\u00e9e de Tallinn au d\u00e9part d'Helsinki et profitez de leurs monuments et sites les plus importants avec nos circuits enti\u00e8rement personnalis\u00e9s.","robots":{"index":"index","follow":"follow","max-snippet":"max-snippet:-1","max-image-preview":"max-image-preview:large","max-video-preview":"max-video-preview:-1"},"canonical":"https:\/\/tourtravelandmore.com\/fr\/tours\/finlande-fr\/helsinki-fr\/visite-privee-de-tallinn-au-depart-dhelsinki\/","og_locale":"fr_FR","og_type":"article","og_title":"Visite priv\u00e9e de Tallinn au d\u00e9part d'Helsinki","og_description":"Profitez de cette visite priv\u00e9e de Tallinn au d\u00e9part d'Helsinki et profitez de leurs monuments et sites les plus importants avec nos circuits enti\u00e8rement personnalis\u00e9s.","og_url":"https:\/\/tourtravelandmore.com\/fr\/tours\/finlande-fr\/helsinki-fr\/visite-privee-de-tallinn-au-depart-dhelsinki\/","og_site_name":"Tour Travel And More","article_publisher":"https:\/\/www.facebook.com\/tourtravelandmore\/","article_modified_time":"2021-03-11T12:23:33+00:00","og_image":[{"width":2560,"height":1707,"url":"https:\/\/tourtravelandmore.com\/wp-content\/uploads\/2019\/10\/tallin-2-scaled.jpg","type":"image\/jpeg"}],"twitter_card":"summary_large_image","twitter_site":"@TourTravel_More","twitter_misc":{"Dur\u00e9e de lecture estim\u00e9e":"2 minutes"},"schema":{"@context":"https:\/\/schema.org","@graph":[{"@type":"WebPage","@id":"https:\/\/tourtravelandmore.com\/fr\/tours\/finlande-fr\/helsinki-fr\/visite-privee-de-tallinn-au-depart-dhelsinki\/","url":"https:\/\/tourtravelandmore.com\/fr\/tours\/finlande-fr\/helsinki-fr\/visite-privee-de-tallinn-au-depart-dhelsinki\/","name":"Visite priv\u00e9e de Tallinn au d\u00e9part d'Helsinki - Excursion facultative \u00e0 terre","isPartOf":{"@id":"https:\/\/tourtravelandmore.com\/fr\/#website"},"primaryImageOfPage":{"@id":"https:\/\/tourtravelandmore.com\/fr\/tours\/finlande-fr\/helsinki-fr\/visite-privee-de-tallinn-au-depart-dhelsinki\/#primaryimage"},"image":{"@id":"https:\/\/tourtravelandmore.com\/fr\/tours\/finlande-fr\/helsinki-fr\/visite-privee-de-tallinn-au-depart-dhelsinki\/#primaryimage"},"thumbnailUrl":"https:\/\/tourtravelandmore.com\/wp-content\/uploads\/2019\/10\/tallin-2-scaled.jpg","datePublished":"2019-10-10T11:12:46+00:00","dateModified":"2021-03-11T12:23:33+00:00","description":"Profitez de cette visite priv\u00e9e de Tallinn au d\u00e9part d'Helsinki et profitez de leurs monuments et sites les plus importants avec nos circuits enti\u00e8rement personnalis\u00e9s.","breadcrumb":{"@id":"https:\/\/tourtravelandmore.com\/fr\/tours\/finlande-fr\/helsinki-fr\/visite-privee-de-tallinn-au-depart-dhelsinki\/#breadcrumb"},"inLanguage":"fr-FR","potentialAction":[{"@type":"ReadAction","target":["https:\/\/tourtravelandmore.com\/fr\/tours\/finlande-fr\/helsinki-fr\/visite-privee-de-tallinn-au-depart-dhelsinki\/"]}]},{"@type":"ImageObject","inLanguage":"fr-FR","@id":"https:\/\/tourtravelandmore.com\/fr\/tours\/finlande-fr\/helsinki-fr\/visite-privee-de-tallinn-au-depart-dhelsinki\/#primaryimage","url":"https:\/\/tourtravelandmore.com\/wp-content\/uploads\/2019\/10\/tallin-2-scaled.jpg","contentUrl":"https:\/\/tourtravelandmore.com\/wp-content\/uploads\/2019\/10\/tallin-2-scaled.jpg","width":2560,"height":1707},{"@type":"BreadcrumbList","@id":"https:\/\/tourtravelandmore.com\/fr\/tours\/finlande-fr\/helsinki-fr\/visite-privee-de-tallinn-au-depart-dhelsinki\/#breadcrumb","itemListElement":[{"@type":"ListItem","position":1,"name":"Home","item":"https:\/\/tourtravelandmore.com\/fr\/"},{"@type":"ListItem","position":2,"name":"Tours","item":"https:\/\/tourtravelandmore.com\/fr\/tours\/"},{"@type":"ListItem","position":3,"name":"Visite priv\u00e9e de Tallinn au d\u00e9part d&rsquo;Helsinki"}]},{"@type":"WebSite","@id":"https:\/\/tourtravelandmore.com\/fr\/#website","url":"https:\/\/tourtravelandmore.com\/fr\/","name":"Tour Travel And More","description":"Private sightseeing tours and luxury transfers in Spain","publisher":{"@id":"https:\/\/tourtravelandmore.com\/fr\/#organization"},"potentialAction":[{"@type":"SearchAction","target":{"@type":"EntryPoint","urlTemplate":"https:\/\/tourtravelandmore.com\/fr\/?s={search_term_string}"},"query-input":{"@type":"PropertyValueSpecification","valueRequired":true,"valueName":"search_term_string"}}],"inLanguage":"fr-FR"},{"@type":"Organization","@id":"https:\/\/tourtravelandmore.com\/fr\/#organization","name":"Tour Travel And More","url":"https:\/\/tourtravelandmore.com\/fr\/","logo":{"@type":"ImageObject","inLanguage":"fr-FR","@id":"https:\/\/tourtravelandmore.com\/fr\/#\/schema\/logo\/image\/","url":"https:\/\/tourtravelandmore.com\/wp-content\/uploads\/2022\/12\/cropped-logo-cabecera-new.png","contentUrl":"https:\/\/tourtravelandmore.com\/wp-content\/uploads\/2022\/12\/cropped-logo-cabecera-new.png","width":430,"height":61,"caption":"Tour Travel And More"},"image":{"@id":"https:\/\/tourtravelandmore.com\/fr\/#\/schema\/logo\/image\/"},"sameAs":["https:\/\/www.facebook.com\/tourtravelandmore\/","https:\/\/x.com\/TourTravel_More"]}]}},"_links":{"self":[{"href":"https:\/\/tourtravelandmore.com\/fr\/wp-json\/wp\/v2\/product\/102550","targetHints":{"allow":["GET"]}}],"collection":[{"href":"https:\/\/tourtravelandmore.com\/fr\/wp-json\/wp\/v2\/product"}],"about":[{"href":"https:\/\/tourtravelandmore.com\/fr\/wp-json\/wp\/v2\/types\/product"}],"replies":[{"embeddable":true,"href":"https:\/\/tourtravelandmore.com\/fr\/wp-json\/wp\/v2\/comments?post=102550"}],"wp:featuredmedia":[{"embeddable":true,"href":"https:\/\/tourtravelandmore.com\/fr\/wp-json\/wp\/v2\/media\/91088"}],"wp:attachment":[{"href":"https:\/\/tourtravelandmore.com\/fr\/wp-json\/wp\/v2\/media?parent=102550"}],"wp:term":[{"taxonomy":"product_brand","embeddable":true,"href":"https:\/\/tourtravelandmore.com\/fr\/wp-json\/wp\/v2\/product_brand?post=102550"},{"taxonomy":"product_cat","embeddable":true,"href":"https:\/\/tourtravelandmore.com\/fr\/wp-json\/wp\/v2\/product_cat?post=102550"},{"taxonomy":"product_tag","embeddable":true,"href":"https:\/\/tourtravelandmore.com\/fr\/wp-json\/wp\/v2\/product_tag?post=102550"}],"curies":[{"name":"wp","href":"https:\/\/api.w.org\/{rel}","templated":true}]}}